{"id":6542,"date":"2024-02-02T17:56:48","date_gmt":"2024-02-02T09:56:48","guid":{"rendered":"https:\/\/taizyagromachine.com\/?post_type=product&#038;p=6542"},"modified":"2025-01-08T10:31:10","modified_gmt":"2025-01-08T02:31:10","slug":"silage-spreader-feed-spreader-mixer","status":"publish","type":"product","link":"https:\/\/taizyagromachine.com\/es\/product\/silage-spreader-feed-spreader-mixer\/","title":{"rendered":"Esparcidor de ensilaje para mezcla de piensos para vacas, ganado vacuno y ovejas"},"content":{"rendered":"<p class=\"translation-block\">Nuestro **distribuidor de ensilaje** est\u00e1 dise\u00f1ado para lanzar los piensos mezclados terminados directamente en el \u00e1rea de alimentaci\u00f3n para completar la alimentaci\u00f3n de una sola vez, impulsado por el triciclo. Nuestro mezclador distribuidor de pienso para ensilaje tiene una capacidad com\u00fan de 3 cmb y 5 cmb, con funciones de mezcla y distribuci\u00f3n.<\/p>    <p class=\"translation-block\">Este distribuidor de pienso para ensilaje se utiliza ampliamente en \u00e1reas de cr\u00eda agr\u00edcola y ganadera, corrales de engorde grandes y medianos, y regula las operaciones de alimentaci\u00f3n de los corrales comunitarios. Se pueden mezclar y remover una variedad de **pastos, paja de cultivos, ensilaje** y otros **piensos fibrosos**, y luego usar este triciclo distribuidor de pienso para las operaciones de alimentaci\u00f3n.<\/p>    <p>Tenemos dos tipos: m\u00e1quinas mezcladoras con esparcidor de alimentaci\u00f3n vertical y horizontal y ambas pueden usar motor diesel y el\u00e9ctrico. Si est\u00e1 interesado, \u00a1venga y cont\u00e1ctenos para obtener m\u00e1s detalles de la m\u00e1quina!<\/p>    <figure class=\"wp-block-embed is-type-video is-provider-youtube wp-block-embed-youtube wp-embed-aspect-16-9 wp-has-aspect-ratio\"><div class=\"wp-block-embed__wrapper\"> <iframe loading=\"lazy\" title=\"Eficiencia alimentaria revelada: un d\u00eda en la vida de un cami\u00f3n esparcidor agr\u00edcola #silage #spreader\" width=\"500\" height=\"281\" src=\"https:\/\/www.youtube.com\/embed\/wXCLrlhUAWk?feature=oembed\" frameborder=\"0\" allow=\"accelerometer; autoplay; clipboard-write; encrypted-media; gyroscope; picture-in-picture; web-share\" referrerpolicy=\"strict-origin-when-cross-origin\" allowfullscreen><\/iframe> <\/div><figcaption class=\"wp-element-caption\">Video de trabajo de la m\u00e1quina mezcladora esparcidora agr\u00edcola<\/figcaption><\/figure>    <h2 class=\"wp-block-heading\"><strong>Tipos de m\u00e1quinas mezcladoras esparcidoras de forraje de ensilado a la venta<\/strong><\/h2>    <p class=\"translation-block\"><strong>Modelos de m\u00e1quinas distribuidoras agr\u00edcolas seg\u00fan la forma de la m\u00e1quina<\/strong><\/p>    <p>Seg\u00fan la forma de la m\u00e1quina, se puede dividir en vertical y horizontal, solo la forma del exterior es diferente y la funci\u00f3n es la misma. La forma del esparcidor de ensilaje es la siguiente: <\/p>    <figure class=\"wp-block-gallery aligncenter has-nested-images columns-default is-cropped wp-block-gallery-2 is-layout-flex wp-block-gallery-is-layout-flex\"> <figure class=\"wp-block-image size-large\"><img loading=\"lazy\" decoding=\"async\" width=\"720\" height=\"540\" data-id=\"6545\" src=\"https:\/\/taizyagromachine.com\/wp-content\/uploads\/2024\/02\/vertical-feed-spreader-mixer.webp\" alt=\"mezclador esparcidor de alimentaci\u00f3n vertical\" class=\"wp-image-6545\"\/><figcaption class=\"wp-element-caption\">mezclador esparcidor de alimentaci\u00f3n vertical<\/figcaption><\/figure>    <figure class=\"wp-block-image size-large\"><img loading=\"lazy\" decoding=\"async\" width=\"720\" height=\"540\" data-id=\"6544\" src=\"https:\/\/taizyagromachine.com\/wp-content\/uploads\/2024\/02\/horizontal-feeding-mixer-spreading-machine.webp\" alt=\"mezcladora de alimentaci\u00f3n horizontal esparcidora\" class=\"wp-image-6544\"\/><figcaption class=\"wp-element-caption\">mezcladora de alimentaci\u00f3n horizontal esparcidora<\/figcaption><\/figure> <\/figure>    <p class=\"translation-block\"><strong>Modelos de distribuidores de pienso para ganado y ovejas seg\u00fan el motor de la m\u00e1quina<\/strong><\/p>    <p>Dependiendo de la potencia con la que puede equiparse la ensiladora autom\u00e1tica, tenemos un modelo di\u00e9sel y un modelo con motor el\u00e9ctrico.<\/p>    <div class=\"wp-block-columns is-layout-flex wp-container-core-columns-is-layout-9d6595d7 wp-block-columns-is-layout-flex\"> <div class=\"wp-block-column is-layout-flow wp-block-column-is-layout-flow\"> <figure class=\"wp-block-image size-full\"><img loading=\"lazy\" decoding=\"async\" width=\"720\" height=\"540\" src=\"https:\/\/taizyagromachine.com\/wp-content\/uploads\/2024\/02\/diesel-engined-silage-spreader-mixer-machine.webp\" alt=\"M\u00e1quina mezcladora esparcidora de ensilado con motor di\u00e9sel\" class=\"wp-image-6546\"\/><figcaption class=\"wp-element-caption\">M\u00e1quina mezcladora esparcidora de ensilado con motor di\u00e9sel<\/figcaption><\/figure> <\/div>    <div class=\"wp-block-column is-vertically-aligned-center is-layout-flow wp-block-column-is-layout-flow\"> <p class=\"has-text-align-center translation-block\"><strong>Distribuidor de pienso para ganado con triciclo de potencia di\u00e9sel<\/strong><\/p>    <p>Este equipo para esparcir ensilaje puede tener funciones de mezcla y esparcimiento, y es muy conveniente conducir un triciclo para esparcir los materiales directamente en la granja.<\/p>    <p>El esparcidor de pienso triciclo tiene 3 metros c\u00fabicos y 5 metros c\u00fabicos. Normalmente, si eliges el modelo di\u00e9sel, estamos equipados con 5 metros c\u00fabicos.<\/p> <\/div> <\/div>    <div class=\"wp-block-columns is-layout-flex wp-container-core-columns-is-layout-9d6595d7 wp-block-columns-is-layout-flex\"> <div class=\"wp-block-column is-vertically-aligned-center is-layout-flow wp-block-column-is-layout-flow\"> <p class=\"has-text-align-center translation-block\"><strong>Distribuidor de pienso para triciclo el\u00e9ctrico especial para granjas<\/strong><\/p>    <p>Este esparcidor alimentador de ensilaje solo puede tener una funci\u00f3n de esparcido y generalmente se elige con una capacidad de 3 metros c\u00fabicos.<\/p>    <p>Debido \u00fanicamente a la funci\u00f3n de esparcir, generalmente se usa en combinaci\u00f3n con un mezclador de alimento.<\/p> <\/div>    <div class=\"wp-block-column is-layout-flow wp-block-column-is-layout-flow\"> <figure class=\"wp-block-image size-full\"><img loading=\"lazy\" decoding=\"async\" width=\"720\" height=\"540\" src=\"https:\/\/taizyagromachine.com\/wp-content\/uploads\/2024\/02\/electric-silage-spreader-for-sale.webp\" alt=\"Se vende esparcidor de ensilado el\u00e9ctrico.\" class=\"wp-image-6547\"\/><figcaption class=\"wp-element-caption\">Se vende esparcidor de ensilado el\u00e9ctrico.<\/figcaption><\/figure> <\/div> <\/div>    <figure class=\"wp-block-gallery aligncenter has-nested-images columns-default is-cropped wp-block-gallery-3 is-layout-flex wp-block-gallery-is-layout-flex\"> <figure class=\"wp-block-image size-full\"><img loading=\"lazy\" decoding=\"async\" width=\"720\" height=\"540\" data-id=\"6549\" src=\"https:\/\/taizyagromachine.com\/wp-content\/uploads\/2024\/02\/latest-silage-feed-spreader.webp\" alt=\"\u00faltimo esparcidor de alimentaci\u00f3n de ensilaje\" class=\"wp-image-6549\"\/><figcaption class=\"wp-element-caption\">\u00faltimo esparcidor de alimentaci\u00f3n de ensilaje<\/figcaption><\/figure>    <figure class=\"wp-block-image size-full\"><img loading=\"lazy\" decoding=\"async\" width=\"720\" height=\"540\" data-id=\"6548\" src=\"https:\/\/taizyagromachine.com\/wp-content\/uploads\/2024\/02\/feed-mixer-and-silage-feed-spreader.webp\" alt=\"Mezclador de piensos y esparcidor de piensos de ensilado.\" class=\"wp-image-6548\"\/><figcaption class=\"wp-element-caption\">Mezclador de piensos y esparcidor de piensos de ensilado.<\/figcaption><\/figure> <\/figure>    <h2 class=\"wp-block-heading\"><strong>Par\u00e1metros t\u00e9cnicos del mezclador esparcidor de ensilado autom\u00e1tico.<\/strong><\/h2>    <p>Debido a los dos sistemas de potencia de las m\u00e1quinas esparcidoras agr\u00edcolas, existen especificaciones diferentes. Lista para su referencia.<\/p>    <p class=\"translation-block\"><strong>Datos t\u00e9cnicos del mezclador distribuidor de ensilaje con motor di\u00e9sel<\/strong><\/p>    <figure class=\"wp-block-table\"><table><tbody><tr><td>Modelo<\/td><td>TZ-5<\/td><\/tr><tr><td>Tama\u00f1o global<\/td><td>4,7*1,7*2,2 m<\/td><\/tr><tr><td>Tama\u00f1o de extensi\u00f3n<\/td><td>600*470mm<\/td><\/tr><tr><td>Tama\u00f1o de alimentaci\u00f3n<\/td><td>2500*1400mm<\/td><\/tr><tr><td>N\u00famero de bater\u00edas<\/td><td>1<\/td><\/tr><tr><td>Voltaje<\/td><td>12V<\/td><\/tr><tr><td>Neum\u00e1tico750-16 600-14<\/td><td>3 piezas<\/td><\/tr><tr><td>Tama\u00f1o del contenedor<\/td><td>5m\u00b3<\/td><\/tr><tr><td>Cojinete <\/td><td>F210 (4)<\/td><\/tr><tr><td>M\u00e9todo de transporte<\/td><td>raspador<\/td><\/tr><tr><td>M\u00e9todo de difusi\u00f3n<\/td><td>bidireccionalidad<\/td><\/tr><tr><td>Freno<\/td><td>freno de aceite<\/td><\/tr><tr><td>Altura de esparcimiento<\/td><td>60cm<\/td><\/tr><tr><td>Transmisi\u00f3n<\/td><td>cadenas<\/td><\/tr><tr><td>M\u00e9todo de transmisi\u00f3n<\/td><td>hidr\u00e1ulico<\/td><\/tr><tr><td>Asiento<\/td><td>2 piezas<\/td><\/tr><\/tbody><\/table><figcaption class=\"wp-element-caption\">Datos del esparcidor de mezcla de alimentaci\u00f3n de ensilado di\u00e9sel.<\/figcaption><\/figure>    <p class=\"translation-block\"><strong>Especificaciones del distribuidor de pienso el\u00e9ctrico<\/strong><\/p>    <figure class=\"wp-block-table\"><table><tbody><tr><td>Modelo<\/td><td>TZ-3<\/td><\/tr><tr><td>Tama\u00f1o global<\/td><td>3,6*1,5*2,0 m<\/td><\/tr><tr><td>Tama\u00f1o del contenedor<\/td><td>2,0*1,2*1,4 m<\/td><\/tr><tr><td>Ancho del cintur\u00f3n<\/td><td>400 mm<\/td><\/tr><tr><td>N\u00famero de bater\u00edas<\/td><td>6<\/td><\/tr><tr><td>Voltaje de entrada<\/td><td>72V<\/td><\/tr><tr><td>Especificaci\u00f3n de la bater\u00eda<\/td><td>Bater\u00eda seca marca Chaowei o Camel.<\/td><\/tr><tr><td>Modelo de neum\u00e1tico<\/td><td>Ruedas traseras 3,50*12 (2) + 5,00*12 (1)<\/td><\/tr><tr><td>Tama\u00f1o del contenedor<\/td><td>3m\u00b3<\/td><\/tr><tr><td>Cojinete<\/td><td>F206 (4)<\/td><\/tr><tr><td>M\u00e9todo de transporte<\/td><td>delantal<\/td><\/tr><tr><td>M\u00e9todo de difusi\u00f3n<\/td><td>bidireccionalidad<\/td><\/tr><tr><td>Freno<\/td><td>freno de aceite<\/td><\/tr><tr><td>Altura de esparcimiento<\/td><td>60cm<\/td><\/tr><tr><td>Transmisi\u00f3n<\/td><td>cadenas<\/td><\/tr><tr><td>Volante<\/td><td>nudoso<\/td><\/tr><tr><td>Motor el\u00e9ctrico<\/td><td>1.5\/1.5\/2.2<\/td><\/tr><tr><td>Capacidad de la bater\u00eda<\/td><td>70A<\/td><\/tr><\/tbody><\/table><figcaption class=\"wp-element-caption\">Par\u00e1metros de la m\u00e1quina esparcidora de ensilado con motor el\u00e9ctrico<\/figcaption><\/figure>    <h2 class=\"wp-block-heading\"><strong>Ventajas de la m\u00e1quina esparcidora mezcladora de alimentaci\u00f3n<\/strong><\/h2>    <ul class=\"wp-block-list\"> <li>Simple y c\u00f3modo de usar, f\u00e1cil de operar.<\/li>    <li>Calidad de producto confiable, duradera.<\/li>    <li>El proceso de esparcimiento se puede ajustar seg\u00fan la densidad del material de alimentaci\u00f3n del alojamiento del ganado.<\/li>    <li>Alta eficiencia, ahorro de tiempo y espacio en la granja.<\/li> <\/ul>    <h2 class=\"wp-block-heading\"><strong>Fabricante y proveedor profesional de esparcidor alimentador de ensilaje<\/strong><\/h2>    <ul class=\"wp-block-list\"> <li><strong>Tecnolog\u00eda l\u00edder y rendimiento del producto.<\/strong>: Los camiones esparcidores de ensilado Taizy adoptan tecnolog\u00eda de dise\u00f1o y procesos de fabricaci\u00f3n avanzados para garantizar la alta eficiencia y estabilidad del equipo. Los veh\u00edculos pueden estar equipados con potentes sistemas de energ\u00eda, sistemas precisos de control de alimentaci\u00f3n y modos de operaci\u00f3n flexibles, que pueden adaptarse a las necesidades de granjas de diferentes escalas.<\/li>    <li><strong>Opciones de modelos diversificadas<\/strong>: Ofrecemos distribuidores de alimento para ganado en triciclo vertical y horizontal para satisfacer las necesidades de los clientes en cuanto a diferentes tipos de distribuci\u00f3n de alimento.<\/li>    <li><strong>Funci\u00f3n de extensi\u00f3n por ambos lados<\/strong>: Algunos esparcidores est\u00e1n equipados con una funci\u00f3n de esparcimiento de doble cara, lo que mejora en gran medida la eficiencia de la alimentaci\u00f3n, reduce el tiempo de esparcimiento, ayuda a los animales a alimentarse de manera uniforme y favorece la mejora de la eficiencia de reproducci\u00f3n.<\/li>    <li><strong>Garant\u00eda de servicio postventa<\/strong>: Como fabricante responsable, Taizy brinda un perfecto servicio posventa y soporte t\u00e9cnico para garantizar que los usuarios puedan obtener un servicio oportuno y eficaz despu\u00e9s de la compra, lo que mejora la confianza y la satisfacci\u00f3n de los usuarios con el producto.<\/li>    <li><strong>Soluciones personalizadas<\/strong>: Para las necesidades especiales de diferentes clientes, Taizy tambi\u00e9n puede proporcionar soluciones de dise\u00f1o de esparcidores personalizados para adaptarse a diferentes terrenos, diferentes escalas y diferentes modos de alimentaci\u00f3n del entorno de pasto.<\/li> <\/ul>    <figure class=\"wp-block-gallery aligncenter has-nested-images columns-default is-cropped wp-block-gallery-4 is-layout-flex wp-block-gallery-is-layout-flex\"> <figure class=\"wp-block-image size-large\"><img loading=\"lazy\" decoding=\"async\" width=\"720\" height=\"540\" data-id=\"6556\" src=\"https:\/\/taizyagromachine.com\/wp-content\/uploads\/2024\/02\/Automatic-Cattle-Sheep-Camels-Feeding-Mixer-Spreading-Machine.webp\" alt=\"M\u00e1quina esparcidora autom\u00e1tica para alimentaci\u00f3n de ganado ovino y camellos\" class=\"wp-image-6556\"\/><figcaption class=\"wp-element-caption\">M\u00e1quina esparcidora autom\u00e1tica para alimentaci\u00f3n de ganado ovino y camellos<\/figcaption><\/figure>    <figure class=\"wp-block-image size-large\"><img loading=\"lazy\" decoding=\"async\" width=\"720\" height=\"540\" data-id=\"6557\" src=\"https:\/\/taizyagromachine.com\/wp-content\/uploads\/2024\/02\/farm-special-electric-tricycle-feed-spreader.webp\" alt=\"Esparcidor de alimento de triciclo el\u00e9ctrico especial para granja\" class=\"wp-image-6557\"\/><figcaption class=\"wp-element-caption\">Esparcidor de alimento de triciclo el\u00e9ctrico especial para granja<\/figcaption><\/figure> <\/figure>    <h2 class=\"wp-block-heading\"><strong>\u00a1Cont\u00e1ctenos para conocer el precio del mezclador esparcidor de alimento!<\/strong><\/h2>    <p class=\"translation-block\">\u00bfQuieres ahorrar tiempo y esfuerzo en tu granja con <a href=\"https:\/\/en.wikipedia.org\/wiki\/Cattle\" target=\"_blank\" rel=\"noopener\">ganado<\/a> y alimentaci\u00f3n de ovejas? Si es as\u00ed, comun\u00edquese con nosotros, tambi\u00e9n tenemos la <a href=\"https:\/\/taizyagromachine.com\/es\/product\/silage-baler\/\">m\u00e1quina de embalaje de forraje<\/a>, cortadora de forraje, <a href=\"https:\/\/taizyagromachine.com\/es\/product\/straw-crushing-and-recycling-machine\/\">cosechadora de forraje<\/a>, etc. para tu elecci\u00f3n. Te recomendaremos la soluci\u00f3n \u00f3ptima para ti.<\/p>    <figure class=\"wp-block-embed is-type-video is-provider-youtube wp-block-embed-youtube wp-embed-aspect-16-9 wp-has-aspect-ratio\"><div class=\"wp-block-embed__wrapper\"> <iframe loading=\"lazy\" title=\"Esparcidor mezclador de forraje de ensilaje | M\u00e1quina mezcladora y esparcidora de forraje triciclo en granjas ganaderas\" width=\"500\" height=\"281\" src=\"https:\/\/www.youtube.com\/embed\/fw7LzAcXnpc?feature=oembed\" frameborder=\"0\" allow=\"accelerometer; autoplay; clipboard-write; encrypted-media; gyroscope; picture-in-picture; web-share\" referrerpolicy=\"strict-origin-when-cross-origin\" allowfullscreen><\/iframe> <\/div><figcaption class=\"wp-element-caption\">carro esparcidor mezclador de forraje de ensilaje<\/figcaption><\/figure>","protected":false},"excerpt":{"rendered":"<p>Our silage spreader is to throw the finished mixed feeds directly into the feeding area to complete the feeding at once, driven by the tricycle. Our silage feeder mixer spreader has a common capacity of 3 cmb and 5 cmb, with mixing and spreading functions. This silage feed spreader is widely used in agricultural and [&hellip;]<\/p>\n","protected":false},"author":1,"featured_media":6543,"parent":0,"template":"","tags":[],"product-type":[19],"class_list":["post-6542","product","type-product","status-publish","has-post-thumbnail","hentry","product-type-silage-machine"],"_links":{"self":[{"href":"https:\/\/taizyagromachine.com\/es\/wp-json\/wp\/v2\/product\/6542","targetHints":{"allow":["GET"]}}],"collection":[{"href":"https:\/\/taizyagromachine.com\/es\/wp-json\/wp\/v2\/product"}],"about":[{"href":"https:\/\/taizyagromachine.com\/es\/wp-json\/wp\/v2\/types\/product"}],"author":[{"embeddable":true,"href":"https:\/\/taizyagromachine.com\/es\/wp-json\/wp\/v2\/users\/1"}],"wp:featuredmedia":[{"embeddable":true,"href":"https:\/\/taizyagromachine.com\/es\/wp-json\/wp\/v2\/media\/6543"}],"wp:attachment":[{"href":"https:\/\/taizyagromachine.com\/es\/wp-json\/wp\/v2\/media?parent=6542"}],"wp:term":[{"taxonomy":"post_tag","embeddable":true,"href":"https:\/\/taizyagromachine.com\/es\/wp-json\/wp\/v2\/tags?post=6542"},{"taxonomy":"product-type","embeddable":true,"href":"https:\/\/taizyagromachine.com\/es\/wp-json\/wp\/v2\/product-type?post=6542"}],"curies":[{"name":"wp","href":"https:\/\/api.w.org\/{rel}","templated":true}]}}