{"id":6571,"date":"2024-02-22T17:50:35","date_gmt":"2024-02-22T09:50:35","guid":{"rendered":"https:\/\/taizyagromachine.com\/?post_type=product&#038;p=6571"},"modified":"2024-02-22T17:52:05","modified_gmt":"2024-02-22T09:52:05","slug":"tmr-feed-mixer-silage-mixer","status":"publish","type":"product","link":"https:\/\/taizyagromachine.com\/es\/product\/tmr-feed-mixer-silage-mixer\/","title":{"rendered":"Mezclador de pienso TMR para mezcla de piensos para animales | Mezclador de ensilaje"},"content":{"rendered":"<p class=\"translation-block\">El <strong>mezclador de piensos<\/strong> TMR, tambi\u00e9n llamado mezclador TMR, es un tipo de equipo de procesamiento de piensos que integra trituraci\u00f3n, mezcla y batido. Actualmente, se utiliza principalmente en granjas de ganado vacuno, ovino y otras explotaciones ganaderas. <\/p>    <p>Seg\u00fan los diferentes vol\u00famenes de las cabinas de mezcla, cada mezcladora de alimento puede alimentar entre 200 y 2000 vacas por d\u00eda, lo que puede reemplazar el trabajo de m\u00e1s de 20 trabajadores, reducir la intensidad laboral de los trabajadores, ahorrar en gran medida mano de obra y recursos financieros y mejorar la eficiencia alimentaria. .<\/p>    <p>Con base en la estructura de dise\u00f1o, clasificamos este mezclador de alimento para ganado en mezclador de alimento horizontal y mezclador de alimento vertical. Seg\u00fan los m\u00e9todos de uso, existen mezcladores de ensilado fijos y mezcladores TMR m\u00f3viles. \u00bfInteresado? \u00a1Bienvenido a contactarnos para obtener m\u00e1s detalles de la m\u00e1quina!<\/p>    <h2 class=\"wp-block-heading\"><strong>Tipos de mezcladores de pienso para ganado a la venta.<\/strong><\/h2>    <p class=\"translation-block\"><strong>Mezclador de piensos vertical a la venta<\/strong><\/p>    <p>Este tipo de m\u00e1quina se utiliza principalmente para mezclar y agitar polvo y material granular, utilizando una estructura de eje vertical, una cuchilla en espiral que levanta el material para una mezcla forzada, ocupa un \u00e1rea peque\u00f1a, es f\u00e1cil de alimentar y es adecuada para producci\u00f3n a peque\u00f1a y mediana escala.<\/p>    <figure class=\"wp-block-gallery aligncenter has-nested-images columns-default is-cropped wp-block-gallery-2 is-layout-flex wp-block-gallery-is-layout-flex\"> <figure class=\"wp-block-image size-large\"><img loading=\"lazy\" decoding=\"async\" width=\"720\" height=\"540\" data-id=\"6572\" src=\"https:\/\/taizyagromachine.com\/wp-content\/uploads\/2024\/02\/feed-mixing-equipment.webp\" alt=\"equipo de mezcla de piensos\" class=\"wp-image-6572\"\/><figcaption class=\"wp-element-caption\">equipo de mezcla de piensos<\/figcaption><\/figure>    <figure class=\"wp-block-image size-large\"><img loading=\"lazy\" decoding=\"async\" width=\"720\" height=\"540\" data-id=\"6573\" src=\"https:\/\/taizyagromachine.com\/wp-content\/uploads\/2024\/02\/internal-structure-of-vertical-TMR-mixer.webp\" alt=\"estructura interna del mezclador vertical TMR\" class=\"wp-image-6573\"\/><figcaption class=\"wp-element-caption\">estructura interna del mezclador vertical TMR<\/figcaption><\/figure> <\/figure>    <p class=\"translation-block\"><strong>Mezclador de piensos horizontal para ganado<\/strong><\/p>    <p>Es adecuado para la mezcla uniforme de diversos piensos, materias primas qu\u00edmicas, etc. Se caracteriza por el dise\u00f1o de correas o paletas en espiral de doble capa en el cilindro horizontal, lo que garantiza que los materiales est\u00e9n completamente mezclados y tengan menos residuos, y es adecuado para el funcionamiento continuo de grandes cantidades.<\/p>    <figure class=\"wp-block-gallery aligncenter has-nested-images columns-default is-cropped wp-block-gallery-3 is-layout-flex wp-block-gallery-is-layout-flex\"> <figure class=\"wp-block-image size-large\"><img loading=\"lazy\" decoding=\"async\" width=\"720\" height=\"540\" data-id=\"6579\" src=\"https:\/\/taizyagromachine.com\/wp-content\/uploads\/2024\/02\/animal-feed-mixer-for-sale.webp\" alt=\"Se vende mezcladora de alimentos para animales.\" class=\"wp-image-6579\"\/><figcaption class=\"wp-element-caption\">Se vende mezcladora de alimentos para animales.<\/figcaption><\/figure>    <figure class=\"wp-block-image size-large\"><img loading=\"lazy\" decoding=\"async\" width=\"720\" height=\"540\" data-id=\"6580\" src=\"https:\/\/taizyagromachine.com\/wp-content\/uploads\/2024\/02\/horizontal-TMR-mixer-for-cattle-feed.webp\" alt=\"mezclador TMR horizontal para alimentaci\u00f3n de ganado\" class=\"wp-image-6580\"\/><figcaption class=\"wp-element-caption\">mezclador TMR horizontal para alimentaci\u00f3n de ganado<\/figcaption><\/figure> <\/figure>    <p class=\"translation-block\"><strong>Mezclador de piensos personalizado con esparcidor<\/strong><\/p>    <p class=\"translation-block\">Al igual que la <a href=\"https:\/\/taizyagromachine.com\/es\/product\/silage-spreader-feed-spreader-mixer\/\">mezcladora esparcidora<\/a>, esta est\u00e1 dise\u00f1ada y fabricada seg\u00fan los requisitos especiales del cliente, combinando las funciones integradas de alimentaci\u00f3n, mezcla y esparcimiento, lo que puede lograr un proportionamiento preciso y una mezcla eficiente, ampliamente utilizada en l\u00edneas de producci\u00f3n personalizadas. <\/p>    <figure class=\"wp-block-gallery aligncenter has-nested-images columns-default is-cropped wp-block-gallery-4 is-layout-flex wp-block-gallery-is-layout-flex\"> <figure class=\"wp-block-image size-large\"><img loading=\"lazy\" decoding=\"async\" width=\"720\" height=\"540\" data-id=\"6583\" src=\"https:\/\/taizyagromachine.com\/wp-content\/uploads\/2024\/02\/customized-silage-feeder-mixer.webp\" alt=\"mezclador alimentador de ensilaje personalizado\" class=\"wp-image-6583\"\/><figcaption class=\"wp-element-caption\">mezclador alimentador de ensilaje personalizado<\/figcaption><\/figure>    <figure class=\"wp-block-image size-large\"><img loading=\"lazy\" decoding=\"async\" width=\"720\" height=\"540\" data-id=\"6584\" src=\"https:\/\/taizyagromachine.com\/wp-content\/uploads\/2024\/02\/machine-with-mixing-and-feeding-function.webp\" alt=\"m\u00e1quina con funci\u00f3n de mezcla y alimentaci\u00f3n\" class=\"wp-image-6584\"\/><figcaption class=\"wp-element-caption\">m\u00e1quina con funci\u00f3n de mezcla y alimentaci\u00f3n<\/figcaption><\/figure> <\/figure>    <h2 class=\"wp-block-heading\"><strong>Par\u00e1metros t\u00e9cnicos de la m\u00e1quina mezcladora de ensilado para ganado.<\/strong><\/h2>    <figure class=\"wp-block-table\"><table><tbody><tr><td>Modelo<\/td><td>TMR-5<\/td><td>TMR-9<\/td><td>TMR-12<\/td><\/tr><tr><td>Capacidad (m\u00b3)<\/td><td>5<\/td><td>9<\/td><td>12<\/td><\/tr><tr><td>Velocidad del sinf\u00edn (R\/min)<\/td><td>23.5<\/td><td>23.5<\/td><td>23.5<\/td><\/tr><tr><td>Peso (kg)<\/td><td>1600<\/td><td>3300<\/td><td>4500<\/td><\/tr><tr><td>Dimensi\u00f3n (mm)<\/td><td>3930*1850*2260<\/td><td>4820*2130*2480<\/td><td>5600*2400*2500<\/td><\/tr><tr><td>forma estructural<\/td><td>Fijado<\/td><td>Fijado<\/td><td>M\u00f3vil<\/td><\/tr><tr><td>Potencia adaptada (kW)<\/td><td>11-15<\/td><td>22-30<\/td><td>50-75<\/td><\/tr><tr><td>Cantidad de hojas (piezas)<\/td><td>Cuchillas fijas: 7<br>Palas m\u00f3viles: 34 <\/td><td>Cuchillas fijas: 9<br>Palas m\u00f3viles: 56<\/td><td>totalmente 192<\/td><\/tr><\/tbody><\/table><figcaption class=\"wp-element-caption\">Especificaciones del mezclador de ensilaje para ganado.<\/figcaption><\/figure>    <h2 class=\"wp-block-heading\"><strong>Principio de funcionamiento del carro mezclador.<\/strong><\/h2>    <p>El mezclador de ensilaje de raci\u00f3n completa TMR se compone principalmente de uno o dos sinfines. Los sinfines en espiral se dividen en izquierdos y derechos. Durante el mezclado, los materiales se rotan y se mezclan desde ambos extremos del carro mezclador hasta el centro del mezclador al mismo tiempo.<\/p>    <figure class=\"wp-block-gallery aligncenter has-nested-images columns-default is-cropped wp-block-gallery-5 is-layout-flex wp-block-gallery-is-layout-flex\"> <figure class=\"wp-block-image size-large\"><img loading=\"lazy\" decoding=\"async\" width=\"720\" height=\"540\" data-id=\"6581\" src=\"https:\/\/taizyagromachine.com\/wp-content\/uploads\/2024\/02\/internal-of-TMR-mixer-machine.webp\" alt=\"Interno de la m\u00e1quina mezcladora TMR.\" class=\"wp-image-6581\"\/><figcaption class=\"wp-element-caption\">Interno de la m\u00e1quina mezcladora TMR.<\/figcaption><\/figure>    <figure class=\"wp-block-image size-large\"><img loading=\"lazy\" decoding=\"async\" width=\"720\" height=\"540\" data-id=\"6582\" src=\"https:\/\/taizyagromachine.com\/wp-content\/uploads\/2024\/02\/working-core-of-cattle-feed-mixing-plant.webp\" alt=\"N\u00facleo de trabajo de la planta mezcladora de alimento para ganado.\" class=\"wp-image-6582\"\/><figcaption class=\"wp-element-caption\">N\u00facleo de trabajo de la planta mezcladora de alimento para ganado.<\/figcaption><\/figure> <\/figure>    <p>Cada cable espiral en el cuerpo espiral del sinf\u00edn est\u00e1 equipado con una cuchilla m\u00f3vil, que realiza el trabajo de corte con los dientes fijos en la l\u00ednea central del mezclador alimentador. Corta y mezcla los diversos forrajes fibrosos y pajas que pasan, para lograr una trituraci\u00f3n y mezcla uniforme con el efecto de una alimentaci\u00f3n con raci\u00f3n completamente mezclada.<\/p>    <h2 class=\"wp-block-heading\"><strong>Ventajas del mezclador TMR a la venta.<\/strong><\/h2>    <ul class=\"wp-block-list\"> <li>El dise\u00f1o avanzado y razonable y el fondo del silo alimentador est\u00e1n hechos de acero de aleaci\u00f3n de alta calidad, adecuado para operaci\u00f3n en cualquier entorno, trabajo seguro y confiable.<\/li>    <li>La hoja de corte est\u00e1 hecha de material altamente resistente al desgaste con excelente artesan\u00eda y acero de alta aleaci\u00f3n de alta calidad, lo que mejora en gran medida la vida \u00fatil y la eficiencia de trabajo del producto.<\/li>    <li>Flexible y conveniente, seguro y confiable.<\/li>    <li>Puede colocar directamente ensilaje y varios tipos de balas de paja, paja y otros alimentos fibrosos en la cabina de mezcla para cortarlos y mezclarlos, y la velocidad de mezcla es r\u00e1pida.<\/li>    <li><\/li> <\/ul>    <figure class=\"wp-block-gallery aligncenter has-nested-images columns-default is-cropped wp-block-gallery-6 is-layout-flex wp-block-gallery-is-layout-flex\"> <figure class=\"wp-block-image size-large\"><img loading=\"lazy\" decoding=\"async\" width=\"540\" height=\"720\" data-id=\"6578\" src=\"https:\/\/taizyagromachine.com\/wp-content\/uploads\/2024\/02\/strengths-of-feed-mixing-machine.webp\" alt=\"Puntos fuertes de la m\u00e1quina mezcladora de piensos.\" class=\"wp-image-6578\"\/><figcaption class=\"wp-element-caption\">Puntos fuertes de la m\u00e1quina mezcladora de piensos.<\/figcaption><\/figure>    <figure class=\"wp-block-image size-large\"><img loading=\"lazy\" decoding=\"async\" width=\"540\" height=\"720\" data-id=\"6577\" src=\"https:\/\/taizyagromachine.com\/wp-content\/uploads\/2024\/02\/internal-display-of-small-tmr-mixer.webp\" alt=\"Pantalla interna del peque\u00f1o mezclador tmr.\" class=\"wp-image-6577\"\/><figcaption class=\"wp-element-caption\">Pantalla interna del peque\u00f1o mezclador tmr.<\/figcaption><\/figure>    <figure class=\"wp-block-image size-large\"><img loading=\"lazy\" decoding=\"async\" width=\"540\" height=\"720\" data-id=\"6576\" src=\"https:\/\/taizyagromachine.com\/wp-content\/uploads\/2024\/02\/finer-silage-produced-by-cattle-feed-mixers.webp\" alt=\"Ensilaje m\u00e1s fino producido por mezcladores de alimento para ganado.\" class=\"wp-image-6576\"\/><figcaption class=\"wp-element-caption\">Ensilaje m\u00e1s fino producido por mezcladores de alimento para ganado.<\/figcaption><\/figure> <\/figure>    <h2 class=\"wp-block-heading\"><strong>Animales aplicables de la m\u00e1quina para fabricar alimentos para ganado lechero.<\/strong><\/h2>    <p>Nuestra mezcladora de forraje es adecuada para la alimentaci\u00f3n de ganado vacuno, vacuno, ovino, porcino, conejo, etc, especialmente para ganader\u00eda o ganader\u00eda. <\/p>   <div class=\"wp-block-image\"> <figure class=\"aligncenter size-full\"><img loading=\"lazy\" decoding=\"async\" width=\"540\" height=\"720\" src=\"https:\/\/taizyagromachine.com\/wp-content\/uploads\/2024\/02\/applications-of-silage-mixing-machine.webp\" alt=\"Aplicaciones de la m\u00e1quina mezcladora de ensilaje.\" class=\"wp-image-6575\"\/><figcaption class=\"wp-element-caption\">Aplicaciones de la m\u00e1quina mezcladora de ensilaje.<\/figcaption><\/figure> <\/div>   <h2 class=\"wp-block-heading\"><strong>\u00bfPor qu\u00e9 utilizar la licuadora de alimentos para animales TMR para mezclar ensilaje?<\/strong><\/h2>    <ul class=\"wp-block-list\"> <li>Capacidad de proporcionar suficientes nutrientes para satisfacer las necesidades nutricionales de las vacas y aumentar la producci\u00f3n de leche;<\/li>    <li>Aumentar el consumo de materia seca de las vacas, excluir la selecci\u00f3n selectiva de las vacas para un determinado tipo de alimento, lo que contribuye a minimizar el costo de la formulaci\u00f3n del alimento;<\/li>    <li>Reducir en gran medida la aparici\u00f3n ocasional de oligoelementos, deficiencia de vitaminas o intoxicaciones;<\/li>    <li>Reducir la incidencia de enfermedades de las vacas y aumentar la tasa de reproducci\u00f3n de las vacas lecheras;<\/li>    <li>Ahorrando mucho tiempo de mano de obra y mejorando la eficiencia econ\u00f3mica.<\/li> <\/ul>    <h2 class=\"wp-block-heading\"><strong>\u00bfQu\u00e9 tal el precio del mezclador de alimento para ensilaje?<\/strong><\/h2>    <p>El precio variar\u00e1 seg\u00fan factores como la especificaci\u00f3n del modelo, la capacidad de procesamiento, el grado de automatizaci\u00f3n y los requisitos de personalizaci\u00f3n. Puede comunicarse con nuestro equipo de ventas para obtener una cotizaci\u00f3n detallada del producto y un programa de servicio de soporte para asegurarse de invertir en un equipo de mezcla de ensilado satisfactorio a un precio razonable.<\/p>    <h2 class=\"wp-block-heading\"><strong>\u00a1Cont\u00e1ctenos para m\u00e1s detalles de la m\u00e1quina!<\/strong><\/h2>    <p class=\"translation-block\">\u00bfQuiere que su <a href=\"https:\/\/en.wikipedia.org\/wiki\/Animal_feed\" target=\"_blank\" rel=\"noopener\">pienso<\/a> sea m\u00e1s respetuoso con los animales? Cont\u00e1ctenos, nuestro mezclador de alimentaci\u00f3n puede ayudarle a lograr mejor este objetivo, cont\u00e1ctenos y le proporcionaremos la mejor oferta seg\u00fan sus necesidades.<\/p>","protected":false},"excerpt":{"rendered":"<p>TMR feed mixer, also called TMR mixer, is a kind of feed processing equipment integrating crushing, mixing and blending. At present, it is mostly used in cattle farms, sheep farms and other animal farms. According to the different volumes of mixing cabins, each feed mixer can feed 200-2000 cows per day, which can replace the [&hellip;]<\/p>\n","protected":false},"author":1,"featured_media":6574,"parent":0,"template":"","tags":[],"product-type":[19],"class_list":["post-6571","product","type-product","status-publish","has-post-thumbnail","hentry","product-type-silage-machine"],"_links":{"self":[{"href":"https:\/\/taizyagromachine.com\/es\/wp-json\/wp\/v2\/product\/6571","targetHints":{"allow":["GET"]}}],"collection":[{"href":"https:\/\/taizyagromachine.com\/es\/wp-json\/wp\/v2\/product"}],"about":[{"href":"https:\/\/taizyagromachine.com\/es\/wp-json\/wp\/v2\/types\/product"}],"author":[{"embeddable":true,"href":"https:\/\/taizyagromachine.com\/es\/wp-json\/wp\/v2\/users\/1"}],"wp:featuredmedia":[{"embeddable":true,"href":"https:\/\/taizyagromachine.com\/es\/wp-json\/wp\/v2\/media\/6574"}],"wp:attachment":[{"href":"https:\/\/taizyagromachine.com\/es\/wp-json\/wp\/v2\/media?parent=6571"}],"wp:term":[{"taxonomy":"post_tag","embeddable":true,"href":"https:\/\/taizyagromachine.com\/es\/wp-json\/wp\/v2\/tags?post=6571"},{"taxonomy":"product-type","embeddable":true,"href":"https:\/\/taizyagromachine.com\/es\/wp-json\/wp\/v2\/product-type?post=6571"}],"curies":[{"name":"wp","href":"https:\/\/api.w.org\/{rel}","templated":true}]}}