{"id":7010,"date":"2024-08-23T17:50:53","date_gmt":"2024-08-23T09:50:53","guid":{"rendered":"https:\/\/taizyagromachine.com\/?post_type=product&#038;p=7010"},"modified":"2025-04-02T16:54:55","modified_gmt":"2025-04-02T08:54:55","slug":"silage-cutting-machine","status":"publish","type":"product","link":"https:\/\/taizyagromachine.com\/es\/product\/silage-cutting-machine\/","title":{"rendered":"Cortadora de ensilaje para la elaboraci\u00f3n de forrajes."},"content":{"rendered":"<p class=\"translation-block\">Nuestro <strong>m\u00e1quina de corte de ensilaje<\/strong> se utiliza para cortar y triturar pajas secas y h\u00famedas, c\u00e9sped, tallos de ma\u00edz, pajas de sorgo, heno, etc. en trozos finos de c\u00e9sped (longitud de 10-180 mm y anchura de \u226410 mm) para alimentar a los animales. Su capacidad var\u00eda de 4t\/h a 15t\/h.<\/p>    <p>Esta m\u00e1quina cortadora de paja puede utilizar un motor el\u00e9ctrico o un motor di\u00e9sel como sistema de energ\u00eda. Por lo general, funciona con la m\u00e1quina empacadora de ensilaje de ma\u00edz para fabricar y envolver ensilaje. <\/p>    <p>La m\u00e1quina tiene la ventaja de una alta eficiencia, buena calidad y amplias aplicaciones. Por lo tanto, es muy utilizado en explotaciones ganaderas y ganaderas. <\/p>    <figure class=\"wp-block-embed is-type-video is-provider-youtube wp-block-embed-youtube wp-embed-aspect-16-9 wp-has-aspect-ratio\"><div class=\"wp-block-embed__wrapper\"> <iframe loading=\"lazy\" title=\"Procesamiento eficiente del ensilaje: cortadora de c\u00e9sped | Cortadora de paja para ensilaje #silage\" width=\"500\" height=\"281\" src=\"https:\/\/www.youtube.com\/embed\/6nuLWAJHJj8?feature=oembed\" frameborder=\"0\" allow=\"accelerometer; autoplay; clipboard-write; encrypted-media; gyroscope; picture-in-picture; web-share\" referrerpolicy=\"strict-origin-when-cross-origin\" allowfullscreen><\/iframe> <\/div><figcaption class=\"wp-element-caption\">v\u00eddeo de la m\u00e1quina cortadora de paja de ensilado<\/figcaption><\/figure>    <h2 class=\"wp-block-heading\"><strong>Ventajas de la m\u00e1quina cortadora de ensilaje.<\/strong><\/h2>    <ul class=\"wp-block-list\"> <li><strong>Producci\u00f3n de 4-15t\/h<\/strong>. Nuestra m\u00e1quina cortadora de ensilaje puede triturar materias primas de ensilaje de 4 a 15 t\/h, lo cual es eficiente.<\/li>    <li><strong>Cuchillas de acero aleado<\/strong>. Las cuchillas de la m\u00e1quina est\u00e1n hechas de materiales de alta calidad y duraderos. <\/li>    <li><strong>Picar tallos secos y h\u00famedos, pasto, heno, alfalfa, etc.<\/strong>. Esta cortadora de paja tiene una amplia gama de aplicaciones y puede cortar tallos, hierba, heno, paja, etc.<\/li>    <li><strong>F\u00e1cil de mover<\/strong>. La m\u00e1quina cortadora de forraje Taizy est\u00e1 equipada con ruedas peque\u00f1as, muy f\u00e1ciles de mover.<\/li> <\/ul>   <div class=\"wp-block-image\"> <figure class=\"aligncenter size-full\"><img loading=\"lazy\" decoding=\"async\" width=\"720\" height=\"540\" src=\"https:\/\/taizyagromachine.com\/wp-content\/uploads\/2024\/08\/silage-cutter-machine-for-sale.webp\" alt=\"M\u00e1quina cortadora de ensilaje a la venta\" class=\"wp-image-7017\" srcset=\"https:\/\/taizyagromachine.com\/wp-content\/uploads\/2024\/08\/silage-cutter-machine-for-sale.webp 720w, https:\/\/taizyagromachine.com\/wp-content\/uploads\/2024\/08\/silage-cutter-machine-for-sale-16x12.webp 16w\" sizes=\"auto, (max-width: 720px) 100vw, 720px\" \/><figcaption class=\"wp-element-caption\">M\u00e1quina cortadora de ensilaje a la venta<\/figcaption><\/figure> <\/div>   <h2 class=\"wp-block-heading\"><strong>Datos t\u00e9cnicos de la trituradora de ensilaje de ma\u00edz.<\/strong><\/h2>    <figure class=\"wp-block-table\"><table class=\"has-fixed-layout\"><tbody><tr><td>Modelo<\/td><td>9RSZ-4<\/td><td>9RSZ-6<\/td><td>9RSZ-10<\/td><td>9RSZ-15<\/td><\/tr><tr><td>Fuerza<\/td><td>7,5 kw<\/td><td>15+2,2 kw<\/td><td>22+3kw<\/td><td>30+5,5 kw<\/td><\/tr><tr><td>Velocidad del eje principal<\/td><td>2860 rpm<\/td><td>2860 rpm<\/td><td>2860 rpm<\/td><td>2100 rpm<\/td><\/tr><tr><td>Capacidad<\/td><td>4t\/h<\/td><td>6t\/h<\/td><td>10t\/h<\/td><td>15t\/h<\/td><\/tr><tr><td>Cantidad de cuchillas<\/td><td>32 piezas<\/td><td>40 piezas<\/td><td>48 piezas<\/td><td>64 piezas<\/td><\/tr><tr><td>Material de las cuchillas<\/td><td>Acero aleado<\/td><td>Acero aleado<\/td><td>Acero aleado<\/td><td>Acero aleado<\/td><\/tr><tr><td>Ancho de alimentaci\u00f3n<\/td><td>240 mm<\/td><td>300 mm<\/td><td>500 mm<\/td><td>800 mm<\/td><\/tr><tr><td>Longitud de la cadena de alimentaci\u00f3n<\/td><td>\u22652300mm<\/td><td>\u22652300mm<\/td><td>\u22652300mm<\/td><td>\u22652300mm<\/td><\/tr><tr><td>Dimensi\u00f3n (largo* ancho* alto)<\/td><td>2000*750*800mm<\/td><td>3000*900*1050mm<\/td><td>3600*930*1240mm<\/td><td>4200*1170*1250mm<\/td><\/tr><tr><td>Peso<\/td><td>300 kilos<\/td><td>980 kilos<\/td><td>1100kg<\/td><td>1400 kilos<\/td><\/tr><\/tbody><\/table><figcaption class=\"wp-element-caption\">Par\u00e1metros de la m\u00e1quina cortadora de paja de ensilado.<\/figcaption><\/figure>    <p>Como puede ver en la tabla anterior, tenemos cuatro tipos de amasadoras a la venta, 9RSZ-4, 9RSZ-6, 9RSZ-10 y 9RSZ-15. Tambi\u00e9n puede conocer la producci\u00f3n, la cantidad de palas, el material, etc. Si desea obtener m\u00e1s informaci\u00f3n, \u00a1bienvenido a contactarnos!<\/p>    <figure class=\"wp-block-gallery has-nested-images columns-default is-cropped wp-block-gallery-2 is-layout-flex wp-block-gallery-is-layout-flex\"> <figure class=\"wp-block-image size-large\"><img loading=\"lazy\" decoding=\"async\" width=\"720\" height=\"720\" data-id=\"7019\" src=\"https:\/\/taizyagromachine.com\/wp-content\/uploads\/2024\/08\/corn-silage-chopper-machine.webp\" alt=\"m\u00e1quina picadora de ensilaje de ma\u00edz\" class=\"wp-image-7019\" srcset=\"https:\/\/taizyagromachine.com\/wp-content\/uploads\/2024\/08\/corn-silage-chopper-machine.webp 720w, https:\/\/taizyagromachine.com\/wp-content\/uploads\/2024\/08\/corn-silage-chopper-machine-12x12.webp 12w\" sizes=\"auto, (max-width: 720px) 100vw, 720px\" \/><figcaption class=\"wp-element-caption\">m\u00e1quina picadora de ensilaje de ma\u00edz<\/figcaption><\/figure>    <figure class=\"wp-block-image size-large\"><img loading=\"lazy\" decoding=\"async\" width=\"720\" height=\"720\" data-id=\"7020\" src=\"https:\/\/taizyagromachine.com\/wp-content\/uploads\/2024\/08\/silage-chaff-cutting-machine.webp\" alt=\"cortadora de paja de ensilaje\" class=\"wp-image-7020\" srcset=\"https:\/\/taizyagromachine.com\/wp-content\/uploads\/2024\/08\/silage-chaff-cutting-machine.webp 720w, https:\/\/taizyagromachine.com\/wp-content\/uploads\/2024\/08\/silage-chaff-cutting-machine-12x12.webp 12w\" sizes=\"auto, (max-width: 720px) 100vw, 720px\" \/><figcaption class=\"wp-element-caption\">cortadora de paja de ensilaje<\/figcaption><\/figure> <\/figure>    <h2 class=\"wp-block-heading\"><strong>Estructura de la m\u00e1quina picadora de ensilaje Taizy<\/strong><\/h2>    <p>Nuestra m\u00e1quina cortadora de ensilaje consta de una entrada de alimento, un dispositivo de corte y amasado, una salida de descarga y un sistema de transmisi\u00f3n.<\/p>    <ul class=\"wp-block-list\"> <li>Esta m\u00e1quina adopta un dispositivo de alimentaci\u00f3n autom\u00e1tica de cadena, que es adecuado para forraje con di\u00e1metros largos. Puede alimentar el c\u00e9sped de manera uniforme y continua, ahorrando mano de obra y reduciendo la intensidad del trabajo del operador.<\/li>    <li>Nuestra m\u00e1quina picadora de forraje adopta un par doble de rodillos de presi\u00f3n para aspirar y cortar el pasto, lo que mejora el efecto de amasado. La alimentaci\u00f3n es suave y sin bloqueos, lo que mejora la eficiencia del trabajo.<\/li>    <li>La m\u00e1quina est\u00e1 equipada con ruedas m\u00f3viles extra\u00edbles para facilitar el movimiento.<\/li> <\/ul>    <figure class=\"wp-block-gallery has-nested-images columns-default is-cropped wp-block-gallery-3 is-layout-flex wp-block-gallery-is-layout-flex\"> <figure class=\"wp-block-image size-full\"><img loading=\"lazy\" decoding=\"async\" width=\"720\" height=\"720\" data-id=\"7024\" src=\"https:\/\/taizyagromachine.com\/wp-content\/uploads\/2024\/08\/machine-feeding-chain.webp\" alt=\"cadena de alimentaci\u00f3n de la m\u00e1quina\" class=\"wp-image-7024\" srcset=\"https:\/\/taizyagromachine.com\/wp-content\/uploads\/2024\/08\/machine-feeding-chain.webp 720w, https:\/\/taizyagromachine.com\/wp-content\/uploads\/2024\/08\/machine-feeding-chain-12x12.webp 12w\" sizes=\"auto, (max-width: 720px) 100vw, 720px\" \/><figcaption class=\"wp-element-caption\">cadena de alimentaci\u00f3n de la m\u00e1quina<\/figcaption><\/figure>    <figure class=\"wp-block-image size-full\"><img loading=\"lazy\" decoding=\"async\" width=\"720\" height=\"720\" data-id=\"7023\" src=\"https:\/\/taizyagromachine.com\/wp-content\/uploads\/2024\/08\/internal-parts-of-silage-making-machine.webp\" alt=\"Partes internas de la m\u00e1quina para fabricar ensilaje.\" class=\"wp-image-7023\" srcset=\"https:\/\/taizyagromachine.com\/wp-content\/uploads\/2024\/08\/internal-parts-of-silage-making-machine.webp 720w, https:\/\/taizyagromachine.com\/wp-content\/uploads\/2024\/08\/internal-parts-of-silage-making-machine-12x12.webp 12w\" sizes=\"auto, (max-width: 720px) 100vw, 720px\" \/><figcaption class=\"wp-element-caption\">Partes internas de la m\u00e1quina para fabricar ensilaje.<\/figcaption><\/figure> <\/figure>    <h2 class=\"wp-block-heading\"><strong>\u00bfC\u00f3mo funciona la cortadora de ensilaje de ma\u00edz?<\/strong><\/h2>    <p>Despu\u00e9s de comprender la estructura de la m\u00e1quina, veamos c\u00f3mo funciona.<\/p>    <ul class=\"wp-block-list\"> <li>En primer lugar, arranque el motor del rotor. Despu\u00e9s de que la m\u00e1quina funcione sin problemas, encienda el motor reductor del mecanismo de alimentaci\u00f3n autom\u00e1tica. El dispositivo de alimentaci\u00f3n autom\u00e1tica comienza a funcionar.<\/li>    <li>Luego, el operador distribuye uniformemente la paja sobre la placa de la cadena de alimentaci\u00f3n autom\u00e1tica.<\/li>    <li>A continuaci\u00f3n, el material se golpea, se rasga y se amasa hasta obtener formas de seda mediante martillos de alta velocidad y placas de amasado fijas.<\/li>    <li>Finalmente, los productos terminados son expulsados \u200b\u200bde la m\u00e1quina mediante fuerza centr\u00edfuga.<\/li> <\/ul>    <h2 class=\"wp-block-heading\"><strong>\u00bfCu\u00e1l es el precio de la m\u00e1quina picadora de ensilaje?<\/strong><\/h2>    <p>El precio de la m\u00e1quina cortadora de ensilaje se ve afectado por varios factores, incluido el modelo de la m\u00e1quina, la configuraci\u00f3n funcional, el tama\u00f1o de la capacidad y la marca. Al comprar, debe combinar sus necesidades espec\u00edficas y su presupuesto para elegir el producto m\u00e1s rentable.<\/p>    <p>Si desea una cotizaci\u00f3n detallada, bienvenido a contactarnos para obtener m\u00e1s informaci\u00f3n sobre la m\u00e1quina.<\/p>   <div class=\"wp-block-image\"> <figure class=\"aligncenter size-full\"><img loading=\"lazy\" decoding=\"async\" width=\"720\" height=\"540\" src=\"https:\/\/taizyagromachine.com\/wp-content\/uploads\/2024\/08\/grass-cutting-machine-for-silage-making.webp\" alt=\"cortadora de pasto para ensilaje\" class=\"wp-image-7021\" srcset=\"https:\/\/taizyagromachine.com\/wp-content\/uploads\/2024\/08\/grass-cutting-machine-for-silage-making.webp 720w, https:\/\/taizyagromachine.com\/wp-content\/uploads\/2024\/08\/grass-cutting-machine-for-silage-making-16x12.webp 16w\" sizes=\"auto, (max-width: 720px) 100vw, 720px\" \/><figcaption class=\"wp-element-caption\">cortadora de pasto para ensilaje<\/figcaption><\/figure> <\/div>   <h2 class=\"wp-block-heading\"><strong>Consejos para seleccionar una cortadora de heno adecuada<\/strong><\/h2>    <p>A la hora de elegir la m\u00e1quina cortadora de ensilado adecuada, es necesario tener en cuenta los siguientes puntos:<\/p>    <ul class=\"wp-block-list\"> <li>Necesidades operativas (por ejemplo, longitud de corte, capacidad)<\/li>    <li>Durabilidad y f\u00e1cil mantenimiento de la m\u00e1quina.<\/li>    <li>Si el servicio postventa es perfecto<\/li> <\/ul>    <p>Elija la mejor cortadora de c\u00e9sped teniendo en cuenta lo anterior.<\/p>    <h2 class=\"wp-block-heading\"><strong>Ensiladoras adaptadas<\/strong><\/h2>    <p class=\"translation-block\">Como fabricante y proveedor profesional de m\u00e1quinas de ensilaje, llevamos d\u00e9cadas en esta industria. Seg\u00fan nuestra experiencia, los clientes suelen comprarla junto con una <a href=\"https:\/\/taizyagromachine.com\/es\/product\/silage-baler\/\">m\u00e1quina de empacado yenvoltura de ensilaje<\/a> para la fabricaci\u00f3n y pendeado del ensilaje.<\/p>    <figure class=\"wp-block-embed is-type-video is-provider-youtube wp-block-embed-youtube wp-embed-aspect-16-9 wp-has-aspect-ratio\"><div class=\"wp-block-embed__wrapper\"> <iframe loading=\"lazy\" title=\"Corte, empacado y encintado eficientes con cortadora de granza y empacadora circular de ensilado | empacadora de ma\u00edz\" width=\"500\" height=\"281\" src=\"https:\/\/www.youtube.com\/embed\/l3m4bY3Ddr8?feature=oembed\" frameborder=\"0\" allow=\"accelerometer; autoplay; clipboard-write; encrypted-media; gyroscope; picture-in-picture; web-share\" referrerpolicy=\"strict-origin-when-cross-origin\" allowfullscreen><\/iframe> <\/div><figcaption class=\"wp-element-caption\">v\u00eddeo de cortadora de granza y rotoempacadora de ensilado<\/figcaption><\/figure>    <p class=\"translation-block\">Adem\u00e1s de esta m\u00e1quina de corte de ensilaje, tambi\u00e9n tenemos otras m\u00e1quinas para la fabricaci\u00f3n de ensilaje, como <a href=\"https:\/\/taizyagromachine.com\/es\/product\/straw-crushing-and-recycling-machine\/\">cosechadora de forraje<\/a>, picadora de paja y trituradora de grano, etc. Si quieres hacer <a href=\"https:\/\/en.wikipedia.org\/wiki\/Silage\" target=\"_blank\" rel=\"noopener\">ensilaje<\/a>, ponte en contacto con nosotros ahora para m\u00e1s detalles!<\/p>    <figure class=\"wp-block-embed is-type-video is-provider-youtube wp-block-embed-youtube wp-embed-aspect-16-9 wp-has-aspect-ratio\"><div class=\"wp-block-embed__wrapper\"> <iframe loading=\"lazy\" title=\"Cortador de chaff para forrajes de 6t\/h para la fabricaci\u00f3n de ensilaje | Comentarios de los helic\u00f3pteros de ensilaje de la granja nigeriana para ensilaje\" width=\"500\" height=\"281\" src=\"https:\/\/www.youtube.com\/embed\/p5lQdpx-SSk?feature=oembed\" frameborder=\"0\" allow=\"accelerometer; autoplay; clipboard-write; encrypted-media; gyroscope; picture-in-picture; web-share\" referrerpolicy=\"strict-origin-when-cross-origin\" allowfullscreen><\/iframe> <\/div><figcaption class=\"wp-element-caption\">m\u00e1quina de corte de heno forraje<\/figcaption><\/figure>","protected":false},"excerpt":{"rendered":"<p>Nuestra m\u00e1quina cortadora de ensilaje se utiliza para cortar y triturar paja seca y h\u00fameda, pasto, tallos de ma\u00edz, paja de sorgo, heno, etc. para obtener pasto fino (de 10 a 180 mm de largo y \u226410 mm de ancho) para alimentar a los animales. Su capacidad oscila entre 4t\/h y 15t\/h.<\/p>","protected":false},"author":1,"featured_media":7012,"parent":0,"template":"","tags":[116],"product-type":[19],"class_list":["post-7010","product","type-product","status-publish","has-post-thumbnail","hentry","tag-silage","product-type-silage-machine"],"_links":{"self":[{"href":"https:\/\/taizyagromachine.com\/es\/wp-json\/wp\/v2\/product\/7010","targetHints":{"allow":["GET"]}}],"collection":[{"href":"https:\/\/taizyagromachine.com\/es\/wp-json\/wp\/v2\/product"}],"about":[{"href":"https:\/\/taizyagromachine.com\/es\/wp-json\/wp\/v2\/types\/product"}],"author":[{"embeddable":true,"href":"https:\/\/taizyagromachine.com\/es\/wp-json\/wp\/v2\/users\/1"}],"wp:featuredmedia":[{"embeddable":true,"href":"https:\/\/taizyagromachine.com\/es\/wp-json\/wp\/v2\/media\/7012"}],"wp:attachment":[{"href":"https:\/\/taizyagromachine.com\/es\/wp-json\/wp\/v2\/media?parent=7010"}],"wp:term":[{"taxonomy":"post_tag","embeddable":true,"href":"https:\/\/taizyagromachine.com\/es\/wp-json\/wp\/v2\/tags?post=7010"},{"taxonomy":"product-type","embeddable":true,"href":"https:\/\/taizyagromachine.com\/es\/wp-json\/wp\/v2\/product-type?post=7010"}],"curies":[{"name":"wp","href":"https:\/\/api.w.org\/{rel}","templated":true}]}}