{"id":7059,"date":"2024-09-25T18:30:15","date_gmt":"2024-09-25T10:30:15","guid":{"rendered":"https:\/\/taizyagromachine.com\/?post_type=product&#038;p=7059"},"modified":"2024-10-15T09:44:10","modified_gmt":"2024-10-15T01:44:10","slug":"maize-grit-plant","status":"publish","type":"product","link":"https:\/\/taizyagromachine.com\/es\/product\/maize-grit-plant\/","title":{"rendered":"Planta de arena de ma\u00edz completamente autom\u00e1tica"},"content":{"rendered":"<p class=\"translation-block\">Taizy <strong>maize grit plant<\/strong> est\u00e1 completamente autom\u00e1tico para el procesamiento de ma\u00edz para hacer s\u00e9mola de ma\u00edz grande y peque\u00f1a y harina de ma\u00edz mediante el m\u00e9todo h\u00famedo. El tama\u00f1o de los productos finales var\u00eda de 0.8-8mm (harina de ma\u00edz o s\u00e9mola de ma\u00edz).<\/p>    <p>Esta planta de s\u00e9mola de ma\u00edz adopta un m\u00e9todo de doble pelado para que el producto final sea de mayor calidad. Adem\u00e1s, en toda la planta de desgerminaci\u00f3n y molienda de ma\u00edz, la producci\u00f3n de una m\u00e1quina productora de s\u00e9mola de ma\u00edz es de 200-400 kg\/h. Si quieres un mayor rendimiento, puedes equipar m\u00e1s. Tambi\u00e9n puedes consultarnos para obtener informaci\u00f3n m\u00e1s precisa.<\/p>    <figure class=\"wp-block-embed is-type-video is-provider-youtube wp-block-embed-youtube wp-embed-aspect-16-9 wp-has-aspect-ratio\"><div class=\"wp-block-embed__wrapper\"> <iframe loading=\"lazy\" title=\"Procesamiento completo de s\u00e9mola de ma\u00edz y harina de ma\u00edz: limpieza, pelado y molienda con m\u00e1quina de s\u00e9mola de ma\u00edz\" width=\"500\" height=\"281\" src=\"https:\/\/www.youtube.com\/embed\/re0Wd3-MQH4?feature=oembed\" frameborder=\"0\" allow=\"accelerometer; autoplay; clipboard-write; encrypted-media; gyroscope; picture-in-picture; web-share\" referrerpolicy=\"strict-origin-when-cross-origin\" allowfullscreen><\/iframe> <\/div><figcaption class=\"wp-element-caption\">Planta de m\u00e1quina para fabricar s\u00e9mola de ma\u00edz h\u00fameda<\/figcaption><\/figure>    <h2 class=\"wp-block-heading\"><strong>\u00bfC\u00f3mo hacer s\u00e9mola de ma\u00edz y harina de ma\u00edz paso a paso?<\/strong><\/h2>    <p class=\"translation-block\">Los pasos de esta planta de s\u00e9mola de ma\u00edz son <strong>limpieza del ma\u00edz\u2192remojo\u2192pelado\u2192molienda de ma\u00edz y fabricaci\u00f3n de s\u00e9mola<\/strong>. Tenemos equipos adecuados para llevar a cabo estas actividades. Ver los detalles a continuaci\u00f3n.<\/p>   <div class=\"wp-block-image\"> <figure class=\"aligncenter size-full\"><img loading=\"lazy\" decoding=\"async\" width=\"842\" height=\"363\" src=\"https:\/\/taizyagromachine.com\/wp-content\/uploads\/2024\/09\/flow-chart-of-maize-grits-processing-plant.webp\" alt=\"diagrama de flujo de la planta procesadora de s\u00e9mola de ma\u00edz\" class=\"wp-image-7073\" srcset=\"https:\/\/taizyagromachine.com\/wp-content\/uploads\/2024\/09\/flow-chart-of-maize-grits-processing-plant.webp 842w, https:\/\/taizyagromachine.com\/wp-content\/uploads\/2024\/09\/flow-chart-of-maize-grits-processing-plant-18x8.webp 18w\" sizes=\"auto, (max-width: 842px) 100vw, 842px\" \/><figcaption class=\"wp-element-caption\">diagrama de flujo de la planta procesadora de s\u00e9mola de ma\u00edz<\/figcaption><\/figure> <\/div>   <ol class=\"wp-block-list\"> <li><strong>Limpieza de ma\u00edz<\/strong>: este paso es para quitar impurezas, piedras, etc. del ma\u00edz.<\/li>    <li><strong>Remojo<\/strong>: despu\u00e9s de limpiar, remoje el ma\u00edz en agua para ablandarlo.<\/li>    <li><strong>Peladura<\/strong>: luego, las pieles del ma\u00edz. Es bueno para la posterior molienda de s\u00e9mola de ma\u00edz y harina de ma\u00edz.<\/li>    <li><strong>Molienda<\/strong>: este paso consiste en descascarar las c\u00e1scaras de ma\u00edz nuevamente y luego moler y moler el ma\u00edz pelado hasta obtener la s\u00e9mola y la harina necesarias.<\/li> <\/ol>    <p class=\"translation-block\"><strong>Equipos en cada paso<\/strong><\/p>    <ul class=\"wp-block-list\"> <li><a href=\"https:\/\/taizyagromachine.com\/es\/product\/corn-cleaning-machine\/\"><strong>limpiador de maiz<\/strong><\/a>: elimina las impurezas del ma\u00edz.<\/li>    <li><strong>Silo<\/strong>: Retiene y remoja principalmente el ma\u00edz.<\/li>    <li><a href=\"https:\/\/taizyagromachine.com\/es\/product\/corn-peeling-machine-maize-skin-remove\/\"><strong>peladora de maiz<\/strong><\/a>: se retiran las hojas del ma\u00edz.<\/li>    <li><a href=\"https:\/\/taizyagromachine.com\/es\/product\/maize-grits-milling-machine\/\"><strong>m\u00e1quina de arena de ma\u00edz<\/strong><\/a>: esta m\u00e1quina muele el ma\u00edz procesado para convertirlo en harina de ma\u00edz y s\u00e9mola de ma\u00edz.<\/li> <\/ul>    <p class=\"translation-block\"><strong>Par\u00e1metros de configuraci\u00f3n de la m\u00e1quina de la planta de procesamiento de s\u00e9mola de ma\u00edz<\/strong><\/p>    <figure class=\"wp-block-table\"><table class=\"has-fixed-layout\"><tbody><tr><td>S\/N<\/td><td>Nombre<\/td><td>Fuerza<\/td><\/tr><tr><td>1<\/td><td>maquina limpiadora de maiz<\/td><td>4kW<\/td><\/tr><tr><td>2<\/td><td>Silo<\/td><td>1,5 kw<\/td><\/tr><tr><td>3<\/td><td>maquina peladora de maiz<\/td><td>11kw<\/td><\/tr><tr><td>4<\/td><td>M\u00e1quina para hacer s\u00e9mola de ma\u00edz<\/td><td>7,5+5,5 kw<\/td><\/tr><\/tbody><\/table><figcaption class=\"wp-element-caption\">Lista de configuraci\u00f3n para planta de producci\u00f3n de s\u00e9mola y germen de ma\u00edz.<\/figcaption><\/figure>    <p>Adem\u00e1s del equipo mencionado anteriormente, nuestra planta de arena de ma\u00edz a\u00fan necesita cumplir con:<\/p>    <ul class=\"wp-block-list\"> <li>Transportador<\/li>    <li>Ascensor<\/li>    <li>Ascensor doble<\/li>    <li>Tolva<\/li>    <li>Caja de distribuci\u00f3n<\/li> <\/ul>    <p>Si desea obtener m\u00e1s informaci\u00f3n, no dude en contactarnos. Le proporcionaremos los detalles de la m\u00e1quina para su referencia. <\/p>   <div class=\"wp-block-image\"> <figure class=\"aligncenter size-full\"><img loading=\"lazy\" decoding=\"async\" width=\"1020\" height=\"540\" src=\"https:\/\/taizyagromachine.com\/wp-content\/uploads\/2024\/09\/corn-grits-and-flour-milling-plant-in-the-factory.webp\" alt=\"Planta de molienda de harina y s\u00e9mola de ma\u00edz en la f\u00e1brica.\" class=\"wp-image-7077\" srcset=\"https:\/\/taizyagromachine.com\/wp-content\/uploads\/2024\/09\/corn-grits-and-flour-milling-plant-in-the-factory.webp 1020w, https:\/\/taizyagromachine.com\/wp-content\/uploads\/2024\/09\/corn-grits-and-flour-milling-plant-in-the-factory-18x10.webp 18w\" sizes=\"auto, (max-width: 1020px) 100vw, 1020px\" \/><figcaption class=\"wp-element-caption\">Planta de molienda de harina y s\u00e9mola de ma\u00edz en la f\u00e1brica.<\/figcaption><\/figure> <\/div>   <h2 class=\"wp-block-heading\"><strong>Ventajas de la planta de arena de ma\u00edz.<\/strong><\/h2>    <p>La planta de s\u00e9mola de ma\u00edz ofrece una variedad de ventajas, entre ellas:<\/p>    <ul class=\"wp-block-list\"> <li>La planta de desgerminaci\u00f3n y molienda de ma\u00edz puede <strong>hacer s\u00e9mola de ma\u00edz y harina de ma\u00edz de 0,8 a 8 mm<\/strong> para satisfacer las diferentes necesidades de los clientes.<\/li>    <li><strong>1 persona puede operar toda la planta<\/strong>, que tiene un alto grado de automatizaci\u00f3n.<\/li>    <li>Nuestra planta de m\u00e1quinas de s\u00e9mola de ma\u00edz est\u00e1 <strong>ahorro de energ\u00eda y respetuoso con el medio ambiente<\/strong>. Adopta tecnolog\u00eda y equipos avanzados para reducir el consumo de energ\u00eda.<\/li>    <li>Esta planta es<strong> clasificado para alimentos<\/strong>, higi\u00e9nico y seguro.<\/li>    <li>Podemos <strong>configurar de forma flexible el equipo<\/strong> para satisfacer sus necesidades.<\/li>    <li>es un <strong>r\u00e1pido retorno de la inversi\u00f3n<\/strong>. Tiene un ciclo de producci\u00f3n corto y un r\u00e1pido retorno de la inversi\u00f3n.<\/li> <\/ul>   <div class=\"wp-block-image\"> <figure class=\"aligncenter size-full\"><img loading=\"lazy\" decoding=\"async\" width=\"720\" height=\"540\" src=\"https:\/\/taizyagromachine.com\/wp-content\/uploads\/2024\/09\/maize-grit-plant-for-corn-processing.webp\" alt=\"Planta de arena de ma\u00edz para procesamiento de ma\u00edz.\" class=\"wp-image-7079\" srcset=\"https:\/\/taizyagromachine.com\/wp-content\/uploads\/2024\/09\/maize-grit-plant-for-corn-processing.webp 720w, https:\/\/taizyagromachine.com\/wp-content\/uploads\/2024\/09\/maize-grit-plant-for-corn-processing-16x12.webp 16w\" sizes=\"auto, (max-width: 720px) 100vw, 720px\" \/><figcaption class=\"wp-element-caption\">Planta de arena de ma\u00edz para procesamiento de ma\u00edz.<\/figcaption><\/figure> <\/div>   <h2 class=\"wp-block-heading\"><strong>Aplicaciones de la planta de molienda de s\u00e9mola de ma\u00edz.<\/strong><\/h2>    <p>Los productos finales de la planta procesadora de s\u00e9mola de ma\u00edz son s\u00e9mola de ma\u00edz y harina de ma\u00edz. La s\u00e9mola de ma\u00edz y la harina de ma\u00edz se utilizan ampliamente en el procesamiento de alimentos, el procesamiento de piensos y otras industrias.<\/p>    <ul class=\"wp-block-list\"> <li><strong>Consumo dom\u00e9stico<\/strong>: pan al vapor, gachas, etc.<\/li>    <li><strong>Procesamiento de alimentos<\/strong>: como materia prima para reposter\u00eda, pastas, desayunos, etc.<\/li>    <li><strong>Procesamiento de piensos<\/strong>: utilizados como materia prima para la alimentaci\u00f3n del ganado y las aves.<\/li>    <li><strong>producci\u00f3n de almid\u00f3n<\/strong>: utilizados como materia prima para la producci\u00f3n de almid\u00f3n.<\/li> <\/ul>    <h2 class=\"wp-block-heading\"><strong>\u00bfCu\u00e1l es el precio de la planta trituradora de ma\u00edz?<\/strong><\/h2>    <p>El precio de la planta de arena de ma\u00edz Taizy var\u00eda seg\u00fan la capacidad, la configuraci\u00f3n y la marca. En t\u00e9rminos generales, el precio de una peque\u00f1a planta de procesamiento ser\u00e1 relativamente bajo, mientras que la inversi\u00f3n en grandes equipos totalmente automatizados ser\u00e1 mayor.<\/p>    <p>Si desea solicitar informaci\u00f3n sobre cotizaciones espec\u00edficas, le recomendamos que se comunique con nosotros directamente. Cu\u00e9ntanos tus necesidades espec\u00edficas y tu presupuesto, y te proporcionaremos la mejor cotizaci\u00f3n acorde a ellas.<\/p>   <div class=\"wp-block-image\"> <figure class=\"aligncenter size-full\"><img loading=\"lazy\" decoding=\"async\" width=\"720\" height=\"540\" src=\"https:\/\/taizyagromachine.com\/wp-content\/uploads\/2024\/09\/corn-grit-machine-plant-display.webp\" alt=\"Exhibici\u00f3n de la planta de la m\u00e1quina de arena de ma\u00edz\" class=\"wp-image-7081\" srcset=\"https:\/\/taizyagromachine.com\/wp-content\/uploads\/2024\/09\/corn-grit-machine-plant-display.webp 720w, https:\/\/taizyagromachine.com\/wp-content\/uploads\/2024\/09\/corn-grit-machine-plant-display-16x12.webp 16w\" sizes=\"auto, (max-width: 720px) 100vw, 720px\" \/><figcaption class=\"wp-element-caption\">Exhibici\u00f3n de la planta de la m\u00e1quina de arena de ma\u00edz<\/figcaption><\/figure> <\/div>   <h2 class=\"wp-block-heading\"><strong>\u00bfPor qu\u00e9 elegir la planta de s\u00e9mola de ma\u00edz Taizy?<\/strong><\/h2>    <p class=\"translation-block\">La raz\u00f3n por la que elegir Taizy entre muchos <a href=\"https:\/\/taizyagromachine.com\/es\/product\/maize-grits-milling-machine\/\">proveedores de m\u00e1quinas para hacer s\u00e9mola de ma\u00edz<\/a> en el mercado es:<\/p>    <ul class=\"wp-block-list\"> <li><strong>Tecnolog\u00eda avanzada<\/strong>. Taizy tiene muchos a\u00f1os de experiencia en el desarrollo y fabricaci\u00f3n de equipos de procesamiento de ma\u00edz. <\/li>    <li><strong>Calidad confiable<\/strong>. Nuestros productos est\u00e1n fabricados con materiales de alta calidad y son duraderos. Por ejemplo, la estructura interna de nuestra m\u00e1quina para fabricar s\u00e9mola de ma\u00edz es de acero.<\/li>    <li><strong>Servicio personalizado<\/strong>. Ofrecemos soluciones personalizadas seg\u00fan sus necesidades.<\/li>    <li><strong>Servicio postventa confiable<\/strong>. Prueba de m\u00e1quina, puesta en marcha, manual de operaci\u00f3n, gu\u00eda en l\u00ednea, etc.<\/li> <\/ul>   <div class=\"wp-block-image\"> <figure class=\"aligncenter size-full\"><img loading=\"lazy\" decoding=\"async\" width=\"720\" height=\"500\" src=\"https:\/\/taizyagromachine.com\/wp-content\/uploads\/2024\/09\/maize-corn-grits-flour-milling-processing-plant.webp\" alt=\"planta de procesamiento de molienda de harina de s\u00e9mola de ma\u00edz\" class=\"wp-image-7083\" srcset=\"https:\/\/taizyagromachine.com\/wp-content\/uploads\/2024\/09\/maize-corn-grits-flour-milling-processing-plant.webp 720w, https:\/\/taizyagromachine.com\/wp-content\/uploads\/2024\/09\/maize-corn-grits-flour-milling-processing-plant-18x12.webp 18w\" sizes=\"auto, (max-width: 720px) 100vw, 720px\" \/><figcaption class=\"wp-element-caption\">planta de procesamiento de molienda de harina de s\u00e9mola de ma\u00edz<\/figcaption><\/figure> <\/div>   <h2 class=\"wp-block-heading\"><strong>\u00a1Cont\u00e1ctenos ahora para m\u00e1s detalles!<\/strong><\/h2>    <p class=\"translation-block\">Si est\u00e1 interesado en la planta de procesamiento de s\u00e9mola de ma\u00edz Taizy o tiene alguna pregunta, no dude en contactarnos. Estaremos encantados de proporcionar informaci\u00f3n detallada y sugerencias para ayudarle a elegir el equipo m\u00e1s adecuado para satisfacer sus necesidades de <a href=\"https:\/\/en.wikipedia.org\/wiki\/Grits\" target=\"_blank\" rel=\"noopener\">s\u00e9mola de ma\u00edz<\/a>.<\/p>","protected":false},"excerpt":{"rendered":"<p>La planta de s\u00e9mola de ma\u00edz Taizy sirve para procesar ma\u00edz y producir s\u00e9mola de ma\u00edz grande y peque\u00f1a y harina de ma\u00edz mediante el m\u00e9todo h\u00famedo. El tama\u00f1o del producto final es de 0,8 a 8 mm. <\/p>","protected":false},"author":1,"featured_media":7072,"parent":0,"template":"","tags":[228,226,227],"product-type":[27],"class_list":["post-7059","product","type-product","status-publish","has-post-thumbnail","hentry","tag-corn-flour","tag-corn-grits","tag-maize-grits","product-type-solutions"],"_links":{"self":[{"href":"https:\/\/taizyagromachine.com\/es\/wp-json\/wp\/v2\/product\/7059","targetHints":{"allow":["GET"]}}],"collection":[{"href":"https:\/\/taizyagromachine.com\/es\/wp-json\/wp\/v2\/product"}],"about":[{"href":"https:\/\/taizyagromachine.com\/es\/wp-json\/wp\/v2\/types\/product"}],"author":[{"embeddable":true,"href":"https:\/\/taizyagromachine.com\/es\/wp-json\/wp\/v2\/users\/1"}],"wp:featuredmedia":[{"embeddable":true,"href":"https:\/\/taizyagromachine.com\/es\/wp-json\/wp\/v2\/media\/7072"}],"wp:attachment":[{"href":"https:\/\/taizyagromachine.com\/es\/wp-json\/wp\/v2\/media?parent=7059"}],"wp:term":[{"taxonomy":"post_tag","embeddable":true,"href":"https:\/\/taizyagromachine.com\/es\/wp-json\/wp\/v2\/tags?post=7059"},{"taxonomy":"product-type","embeddable":true,"href":"https:\/\/taizyagromachine.com\/es\/wp-json\/wp\/v2\/product-type?post=7059"}],"curies":[{"name":"wp","href":"https:\/\/api.w.org\/{rel}","templated":true}]}}