{"id":7334,"date":"2024-11-27T17:40:53","date_gmt":"2024-11-27T09:40:53","guid":{"rendered":"https:\/\/taizyagromachine.com\/?post_type=product&#038;p=7334"},"modified":"2024-11-28T10:50:08","modified_gmt":"2024-11-28T02:50:08","slug":"no-till-corn-planter-machine","status":"publish","type":"product","link":"https:\/\/taizyagromachine.com\/es\/product\/no-till-corn-planter-machine\/","title":{"rendered":"Sembradora de ma\u00edz sin labranza para tractor"},"content":{"rendered":"<p class=\"translation-block\">Esta <strong>sembradora de ma\u00edz<\/strong> es de la serie 2BYSF y puede fertilizar y sembrar semillas de ma\u00edz, soja o sorgo en llanuras y zonas monta\u00f1osas. Est\u00e1 dise\u00f1ada para trabajar con tractores de 4 ruedas (12-100 CV), para siembra agr\u00edcola a gran escala.<\/p>    <p>La sembradora de ma\u00edz Taizy tiene un espacio entre hileras de 428-570 mm, un espacio entre plantas de 140-280 mm y una profundidad de zanjeo de 60-80 mm. Son ajustables para satisfacer sus demandas de siembra de ma\u00edz. <\/p>    <p>Con su alta eficiencia, precisi\u00f3n y versatilidad, se ha convertido en una herramienta importante para la plantaci\u00f3n agr\u00edcola modernizada. Si est\u00e1 buscando una m\u00e1quina sembradora de ma\u00edz, \u00a1p\u00f3ngase en contacto con nosotros para obtener m\u00e1s detalles!<\/p>    <figure class=\"wp-block-embed is-type-video is-provider-youtube wp-block-embed-youtube wp-embed-aspect-16-9 wp-has-aspect-ratio\"><div class=\"wp-block-embed__wrapper\"> <iframe loading=\"lazy\" title=\"M\u00e1quina sembradora de ma\u00edz eficiente para tractor | Siembra de ma\u00edz de alta precisi\u00f3n | Sembradora de ma\u00edz sin labranza\" width=\"500\" height=\"281\" src=\"https:\/\/www.youtube.com\/embed\/RaK92i2FgL4?feature=oembed\" frameborder=\"0\" allow=\"accelerometer; autoplay; clipboard-write; encrypted-media; gyroscope; picture-in-picture; web-share\" referrerpolicy=\"strict-origin-when-cross-origin\" allowfullscreen><\/iframe> <\/div><figcaption class=\"wp-element-caption\">video de sembradora en hileras a la venta<\/figcaption><\/figure>    <h2 class=\"wp-block-heading\"><strong>Ventajas de la m\u00e1quina sembradora de semillas de ma\u00edz.<\/strong><\/h2>    <ul class=\"wp-block-list\"> <li><strong>Siembra en varias hileras<\/strong>: normalmente puede sembrar 2, 3, 4, 5 o incluso m\u00e1s hileras y puede completar la siembra de grandes superficies en una sola operaci\u00f3n.<\/li>    <li><strong>Control preciso<\/strong>: la profundidad de siembra de semillas, el espaciado y el espaciado entre hileras se pueden ajustar para garantizar la limpieza de la siembra y la tasa de germinaci\u00f3n de las semillas.<\/li>    <li><strong>Operaci\u00f3n eficiente<\/strong>: Al depender de la tracci\u00f3n del tractor, es adecuado para la siembra de grandes superficies agr\u00edcolas y cubre una amplia superficie en una sola operaci\u00f3n, lo que mejora en gran medida la eficiencia de la siembra.<\/li>    <li><strong>Multifuncionalidad<\/strong>: esta sembradora admite la operaci\u00f3n simult\u00e1nea de aplicaci\u00f3n de fertilizante, logrando la integraci\u00f3n de la siembra y la aplicaci\u00f3n de fertilizante.<\/li>    <li><strong>F\u00e1cil mantenimiento<\/strong>: estructura simple del equipo, gran durabilidad, adecuada para m\u00faltiples operaciones de alta intensidad.<\/li> <\/ul>   <div class=\"wp-block-image\"> <figure class=\"aligncenter size-full\"><img loading=\"lazy\" decoding=\"async\" width=\"720\" height=\"540\" src=\"https:\/\/taizyagromachine.com\/wp-content\/uploads\/2024\/11\/Taizy-corn-and-soybean-planter.webp\" alt=\"Sembradora Taizy de ma\u00edz y soja\" class=\"wp-image-7351\" srcset=\"https:\/\/taizyagromachine.com\/wp-content\/uploads\/2024\/11\/Taizy-corn-and-soybean-planter.webp 720w, https:\/\/taizyagromachine.com\/wp-content\/uploads\/2024\/11\/Taizy-corn-and-soybean-planter-16x12.webp 16w\" sizes=\"auto, (max-width: 720px) 100vw, 720px\" \/><figcaption class=\"wp-element-caption\">Sembradora Taizy de ma\u00edz y soja<\/figcaption><\/figure> <\/div>   <h2 class=\"wp-block-heading\"><strong>Par\u00e1metros t\u00e9cnicos de la m\u00e1quina sembradora de ma\u00edz.<\/strong><\/h2>    <p>Como fabricante y productor profesional de equipos agr\u00edcolas, contamos con sembradoras de ma\u00edz en una variedad de tama\u00f1os de hileras. Nuestras jardineras tienen espacio ajustable entre plantas y entre hileras. Consulte la siguiente tabla para obtener detalles de par\u00e1metros espec\u00edficos.<\/p>    <figure class=\"wp-block-table\"><table class=\"has-fixed-layout\"><tbody><tr><td>Modelo<\/td><td>2BYSF-2<\/td><td>2BYSF-3<\/td><td>2BYSF-4<\/td><td>2BYSF-5<\/td><td>2BYSF-6<\/td><td>2BYSF-8<\/td><\/tr><tr><td>Tama\u00f1o<\/td><td>1,57*1,3*1,2 m<\/td><td>1,57*1,7*1,2 m<\/td><td>1,62*2,35*1,2 m<\/td><td>1,62*2,75*1,2 m<\/td><td>1,62*3,35*1,2 m<\/td><td>1,64*4,6*1,2 m<\/td><\/tr><tr><td>Fila<\/td><td>2<\/td><td>3<\/td><td>4<\/td><td>5<\/td><td>6<\/td><td>8<\/td><\/tr><tr><td>Distancia entre filas<\/td><td>428-570 mm<\/td><td>428-570 mm<\/td><td>428-570 mm<\/td><td>428-570 mm<\/td><td>428-570 mm<\/td><td>428-570 mm<\/td><\/tr><tr><td>Espaciado de plantas<\/td><td>140-280 mm<\/td><td>140-280 mm<\/td><td>140-280 mm<\/td><td>140-280 mm<\/td><td>140-280 mm<\/td><td>140-280 mm<\/td><\/tr><tr><td>Profundidad de zanjeo<\/td><td>60-80 mm<\/td><td>60-80 mm<\/td><td>60-80 mm<\/td><td>60-80 mm<\/td><td>60-80 mm<\/td><td>60-80 mm<\/td><\/tr><tr><td>Profundidad de fertilizaci\u00f3n<\/td><td>60-80 mm<\/td><td>60-80 mm<\/td><td>60-80 mm<\/td><td>60-80 mm<\/td><td>60-80 mm<\/td><td>60-80 mm<\/td><\/tr><tr><td>Profundidad de siembra<\/td><td>30-50 mm<\/td><td>30-50 mm<\/td><td>30-50 mm<\/td><td>30-50 mm<\/td><td>30-50 mm<\/td><td>30-50 mm<\/td><\/tr><tr><td>Capacidad del tanque de fertilizante<\/td><td>18.75Lx2<\/td><td>18.75Lx3<\/td><td>18.75Lx4<\/td><td>18.75Lx5<\/td><td>18.75Lx6<\/td><td>18.75Lx8<\/td><\/tr><tr><td>Capacidad de la caja de semillas<\/td><td>8.5Lx2<\/td><td>8.5Lx3<\/td><td>8.5Lx4<\/td><td>8.5Lx5<\/td><td>8.5Lx6<\/td><td>8,5L x 8<\/td><\/tr><tr><td>Peso<\/td><td>150 kilos<\/td><td>200 kilos<\/td><td>295 kilos<\/td><td>360 kilos<\/td><td>425 kilos<\/td><td>650 kilos<\/td><\/tr><tr><td>Poder igualado<\/td><td>&nbsp;12-18 caballos de fuerza<\/td><td>15-25 CV<\/td><td>25-40 caballos de fuerza<\/td><td>40-60 caballos de fuerza<\/td><td>50-80 caballos de fuerza<\/td><td>75-100 caballos de fuerza<\/td><\/tr><tr><td>Enlace<\/td><td>&nbsp;3 puntas<\/td><td>&nbsp;3 puntas<\/td><td>&nbsp;3 puntas<\/td><td>&nbsp;3 puntas<\/td><td>&nbsp;3 puntas<\/td><td>&nbsp;3 puntas<\/td><\/tr><\/tbody><\/table><figcaption class=\"wp-element-caption\">Datos t\u00e9cnicos de la sembradora de ma\u00edz de 3 puntos a la venta.<\/figcaption><\/figure>    <h2 class=\"wp-block-heading\"><strong>Estructura de la sembradora de ma\u00edz en hilera Taizy<\/strong><\/h2>    <p>Esta sembradora de ma\u00edz y frijol consta de caja para semillas de ma\u00edz, caja para fertilizante, regulador de espacio entre hileras, regulador de distancia de semillas de ma\u00edz, abridor de zanjas, dispositivo para cubrir el suelo, etc.<\/p>    <ul class=\"wp-block-list\"> <li><strong>Caja de semillas:<\/strong> Gran capacidad, puede satisfacer la demanda de funcionamiento continuo durante mucho tiempo.<\/li>    <li><strong>Abridor de surcos<\/strong>: profundidad uniforme de apertura del surco, adecuada para una variedad de condiciones de suelo.<\/li>    <li><strong>Dispositivo de trituraci\u00f3n<\/strong>: puede completar r\u00e1pidamente la operaci\u00f3n de cobertura despu\u00e9s de la siembra y proteger el entorno de crecimiento de las semillas.<\/li>    <li><strong>Sistema de ajuste del espacio entre hileras.<\/strong>: ajuste flexible del espaciamiento entre hileras de siembra, adapt\u00e1ndose a las necesidades de los diferentes cultivos.<\/li> <\/ul>   <div class=\"wp-block-image\"> <figure class=\"aligncenter size-full\"><img loading=\"lazy\" decoding=\"async\" width=\"720\" height=\"540\" src=\"https:\/\/taizyagromachine.com\/wp-content\/uploads\/2024\/11\/structure-of-maize-planting-machine.webp\" alt=\"Estructura de la m\u00e1quina sembradora de ma\u00edz.\" class=\"wp-image-7338\" srcset=\"https:\/\/taizyagromachine.com\/wp-content\/uploads\/2024\/11\/structure-of-maize-planting-machine.webp 720w, https:\/\/taizyagromachine.com\/wp-content\/uploads\/2024\/11\/structure-of-maize-planting-machine-16x12.webp 16w\" sizes=\"auto, (max-width: 720px) 100vw, 720px\" \/><figcaption class=\"wp-element-caption\">Estructura de la m\u00e1quina sembradora de ma\u00edz.<\/figcaption><\/figure> <\/div>   <h2 class=\"wp-block-heading\"><strong>\u00bfC\u00f3mo funciona la sembradora de ma\u00edz de 3 puntos?<\/strong><\/h2>    <p>A trav\u00e9s del sistema de transmisi\u00f3n de potencia, este tipo de sembradora de ma\u00edz utiliza la tracci\u00f3n del tractor para completar las operaciones de apertura de surcos, siembra, abono y supresi\u00f3n.<\/p>    <p> En primer lugar, el abridor de surcos de la m\u00e1quina crea un surco de la profundidad adecuada en el suelo. El sistema de distribuci\u00f3n de semillas coloca las semillas de ma\u00edz de manera uniforme en el surco, seguido de un dispositivo de abono que completa la cobertura de las semillas. Al mismo tiempo, el dispositivo de supresi\u00f3n compacta el suelo para garantizar que las semillas est\u00e9n en pleno contacto con el suelo y promover la germinaci\u00f3n. <\/p>    <p class=\"translation-block\">Todo el proceso es automatizado y eficiente, reduciendo la necesidad de mano de obra. Tambi\u00e9n es posible sembrar sorgo o <a href=\"https:\/\/es.wikipedia.org\/wiki\/Soja\" target=\"_blank\" rel=\"noopener\">soja<\/a> cambiando los discos sembradores.<\/p>   <div class=\"wp-block-image\"> <figure class=\"aligncenter size-full\"><img loading=\"lazy\" decoding=\"async\" width=\"800\" height=\"800\" src=\"https:\/\/taizyagromachine.com\/wp-content\/uploads\/2024\/11\/three-point-hitch-corn-planter-machine.webp\" alt=\"M\u00e1quina sembradora de ma\u00edz con enganche de tres puntos\" class=\"wp-image-7353\" srcset=\"https:\/\/taizyagromachine.com\/wp-content\/uploads\/2024\/11\/three-point-hitch-corn-planter-machine.webp 800w, https:\/\/taizyagromachine.com\/wp-content\/uploads\/2024\/11\/three-point-hitch-corn-planter-machine-12x12.webp 12w\" sizes=\"auto, (max-width: 800px) 100vw, 800px\" \/><figcaption class=\"wp-element-caption\">M\u00e1quina sembradora de ma\u00edz con enganche de tres puntos<\/figcaption><\/figure> <\/div>   <h2 class=\"wp-block-heading\"><strong>\u00bfCu\u00e1l es el precio de la sembradora de ma\u00edz?<\/strong><\/h2>    <p>El precio de una sembradora de ma\u00edz con labranza cero var\u00eda seg\u00fan el modelo, accesorios, tiempo de env\u00edo, marca y rendimiento. En general, cuantas m\u00e1s filas, mayor ser\u00e1 el precio de la m\u00e1quina. Por ejemplo, una sembradora de ma\u00edz de 4 hileras es m\u00e1s cara que una sembradora de ma\u00edz de 2 hileras.<\/p>    <p>La sembradora de semillas de ma\u00edz montada en tractor Taizy no solo garantiza la calidad, sino que tambi\u00e9n ofrece precios competitivos en el mercado para satisfacer los presupuestos y necesidades de los clientes. Si desea precios espec\u00edficos, cont\u00e1ctenos y le proporcionaremos un presupuesto detallado de acuerdo con sus requisitos.<\/p>    <figure class=\"wp-block-gallery has-nested-images columns-default is-cropped wp-block-gallery-2 is-layout-flex wp-block-gallery-is-layout-flex\"> <figure class=\"wp-block-image size-large\"><img loading=\"lazy\" decoding=\"async\" width=\"800\" height=\"800\" data-id=\"7350\" src=\"https:\/\/taizyagromachine.com\/wp-content\/uploads\/2024\/11\/no-till-2-row-corn-planter-with-fertilizer.webp\" alt=\"sembradora de ma\u00edz de 2 hileras sin labranza con fertilizante\" class=\"wp-image-7350\" srcset=\"https:\/\/taizyagromachine.com\/wp-content\/uploads\/2024\/11\/no-till-2-row-corn-planter-with-fertilizer.webp 800w, https:\/\/taizyagromachine.com\/wp-content\/uploads\/2024\/11\/no-till-2-row-corn-planter-with-fertilizer-12x12.webp 12w\" sizes=\"auto, (max-width: 800px) 100vw, 800px\" \/><figcaption class=\"wp-element-caption\">sembradora de ma\u00edz de 2 hileras sin labranza con fertilizante<\/figcaption><\/figure>    <figure class=\"wp-block-image size-large\"><img loading=\"lazy\" decoding=\"async\" width=\"800\" height=\"800\" data-id=\"7348\" src=\"https:\/\/taizyagromachine.com\/wp-content\/uploads\/2024\/11\/3-row-planter-for-sale.webp\" alt=\"Se vende macetero de 3 hileras\" class=\"wp-image-7348\" srcset=\"https:\/\/taizyagromachine.com\/wp-content\/uploads\/2024\/11\/3-row-planter-for-sale.webp 800w, https:\/\/taizyagromachine.com\/wp-content\/uploads\/2024\/11\/3-row-planter-for-sale-12x12.webp 12w\" sizes=\"auto, (max-width: 800px) 100vw, 800px\" \/><figcaption class=\"wp-element-caption\">Se vende macetero de 3 hileras<\/figcaption><\/figure>    <figure class=\"wp-block-image size-large\"><img loading=\"lazy\" decoding=\"async\" width=\"800\" height=\"800\" data-id=\"7349\" src=\"https:\/\/taizyagromachine.com\/wp-content\/uploads\/2024\/11\/4-row-corn-planter-machine-with-tractor.webp\" alt=\"Sembradora de ma\u00edz de 4 hileras con tractor.\" class=\"wp-image-7349\" srcset=\"https:\/\/taizyagromachine.com\/wp-content\/uploads\/2024\/11\/4-row-corn-planter-machine-with-tractor.webp 800w, https:\/\/taizyagromachine.com\/wp-content\/uploads\/2024\/11\/4-row-corn-planter-machine-with-tractor-12x12.webp 12w\" sizes=\"auto, (max-width: 800px) 100vw, 800px\" \/><figcaption class=\"wp-element-caption\">Sembradora de ma\u00edz de 4 hileras con tractor.<\/figcaption><\/figure> <\/figure>    <h2 class=\"wp-block-heading\"><strong>\u00bfPor qu\u00e9 elegir la sembradora de semillas de ma\u00edz Taizy como su primera opci\u00f3n?<\/strong><\/h2>    <p>Nuestra sembradora de ma\u00edz tiene las siguientes ventajas para atraer clientes en el mercado internacional:<\/p>    <ul class=\"wp-block-list\"> <li><strong>Garant\u00eda de alta calidad<\/strong>: Taizy produce y vende sus propios productos para garantizar un rendimiento estable y una larga vida \u00fatil del equipo.<\/li>    <li><strong>Servicio integral<\/strong>: no s\u00f3lo tenemos varios tipos de m\u00e1quinas sembradoras de ma\u00edz, sino tambi\u00e9n <a href=\"https:\/\/taizyagromachine.com\/es\/product\/single-row-corn-harvester\/\">cosechadora de maiz<\/a>, trilladora, trituradora de ma\u00edz, etc. Puedes comprar las m\u00e1quinas de ma\u00edz que necesitas de una sola vez en Taizy.<\/li>    <li><strong>Servicio postventa<\/strong>: Brindamos soporte t\u00e9cnico integral y servicios de mantenimiento para garantizar que no tenga preocupaciones.<\/li>    <li><strong>Reconocimiento del cliente<\/strong>: La m\u00e1quina sembradora de ma\u00edz es muy popular en el mercado internacional y con una alta satisfacci\u00f3n del cliente.<\/li> <\/ul>    <h2 class=\"wp-block-heading\"><strong>Caso de \u00e9xito: exportar 16 juegos de sembradoras de ma\u00edz al Reino Unido<\/strong><\/h2>    <p>Un cliente del Reino Unido, que opera una empresa de venta de maquinaria agr\u00edcola, eligi\u00f3 la sembradora de ma\u00edz Taizy despu\u00e9s de comparar varias marcas. El cliente compr\u00f3 16 juegos de sembradoras de ma\u00edz de 3, 4 y 5 hileras a la vez, que se exportan principalmente al mercado africano.<\/p>    <p>El cliente est\u00e1 satisfecho con el rendimiento eficiente de las m\u00e1quinas y la capacidad de plantaci\u00f3n precisa, y tambi\u00e9n elogi\u00f3 la soluci\u00f3n de carga profesional y el servicio de transporte de Taizy. Este caso de cooperaci\u00f3n destaca la alta calidad y la amplia aplicaci\u00f3n de los equipos de siembra de Taize.<\/p>    <figure class=\"wp-block-gallery has-nested-images columns-default is-cropped wp-block-gallery-3 is-layout-flex wp-block-gallery-is-layout-flex\"> <figure class=\"wp-block-image size-large\"><img loading=\"lazy\" decoding=\"async\" width=\"720\" height=\"540\" data-id=\"7343\" src=\"https:\/\/taizyagromachine.com\/wp-content\/uploads\/2024\/11\/seed-drill-in-the-factory.webp\" alt=\"sembradora en la f\u00e1brica\" class=\"wp-image-7343\" srcset=\"https:\/\/taizyagromachine.com\/wp-content\/uploads\/2024\/11\/seed-drill-in-the-factory.webp 720w, https:\/\/taizyagromachine.com\/wp-content\/uploads\/2024\/11\/seed-drill-in-the-factory-16x12.webp 16w\" sizes=\"auto, (max-width: 720px) 100vw, 720px\" \/><figcaption class=\"wp-element-caption\">sembradora en la f\u00e1brica<\/figcaption><\/figure>    <figure class=\"wp-block-image size-large\"><img loading=\"lazy\" decoding=\"async\" width=\"720\" height=\"540\" data-id=\"7342\" src=\"https:\/\/taizyagromachine.com\/wp-content\/uploads\/2024\/11\/maize-seed-planter-package.webp\" alt=\"paquete de sembradora de semillas de ma\u00edz\" class=\"wp-image-7342\" srcset=\"https:\/\/taizyagromachine.com\/wp-content\/uploads\/2024\/11\/maize-seed-planter-package.webp 720w, https:\/\/taizyagromachine.com\/wp-content\/uploads\/2024\/11\/maize-seed-planter-package-16x12.webp 16w\" sizes=\"auto, (max-width: 720px) 100vw, 720px\" \/><figcaption class=\"wp-element-caption\">paquete de sembradora de semillas de ma\u00edz<\/figcaption><\/figure> <\/figure>    <figure class=\"wp-block-gallery has-nested-images columns-default is-cropped wp-block-gallery-4 is-layout-flex wp-block-gallery-is-layout-flex\"> <figure class=\"wp-block-image size-large\"><img loading=\"lazy\" decoding=\"async\" width=\"720\" height=\"720\" data-id=\"7345\" src=\"https:\/\/taizyagromachine.com\/wp-content\/uploads\/2024\/11\/4-row-corn-planter-machine-in-the-container.webp\" alt=\"Sembradora de ma\u00edz de 4 hileras en el contenedor.\" class=\"wp-image-7345\" srcset=\"https:\/\/taizyagromachine.com\/wp-content\/uploads\/2024\/11\/4-row-corn-planter-machine-in-the-container.webp 720w, https:\/\/taizyagromachine.com\/wp-content\/uploads\/2024\/11\/4-row-corn-planter-machine-in-the-container-12x12.webp 12w\" sizes=\"auto, (max-width: 720px) 100vw, 720px\" \/><figcaption class=\"wp-element-caption\">Sembradora de ma\u00edz de 4 hileras en el contenedor.<\/figcaption><\/figure>    <figure class=\"wp-block-image size-large\"><img loading=\"lazy\" decoding=\"async\" width=\"720\" height=\"720\" data-id=\"7346\" src=\"https:\/\/taizyagromachine.com\/wp-content\/uploads\/2024\/11\/machine-delivery-1.webp\" alt=\"entrega de la m\u00e1quina\" class=\"wp-image-7346\" srcset=\"https:\/\/taizyagromachine.com\/wp-content\/uploads\/2024\/11\/machine-delivery-1.webp 720w, https:\/\/taizyagromachine.com\/wp-content\/uploads\/2024\/11\/machine-delivery-1-12x12.webp 12w\" sizes=\"auto, (max-width: 720px) 100vw, 720px\" \/><figcaption class=\"wp-element-caption\">entrega de la m\u00e1quina<\/figcaption><\/figure> <\/figure>    <h2 class=\"wp-block-heading\"><strong>\u00a1Cont\u00e1ctenos ahora para una cotizaci\u00f3n gratuita!<\/strong><\/h2>    <p>\u00bfQuieres saber m\u00e1s sobre la sembradora de ma\u00edz Taizy? Ya sea que se trate de configuraci\u00f3n de productos, detalles de precios o servicios de log\u00edstica, estamos listos para brindar respuestas profesionales. \u00a1Cont\u00e1ctenos ahora para soluciones especializadas y precios favorables!<\/p>","protected":false},"excerpt":{"rendered":"<p>Esta m\u00e1quina sembradora de ma\u00edz es de la serie 2BYSF y puede fertilizar y sembrar semillas de ma\u00edz en llanuras y zonas monta\u00f1osas. Funciona con el tractor de 4 ruedas (12-100 CV).<\/p>","protected":false},"author":1,"featured_media":7337,"parent":0,"template":"","tags":[235,234],"product-type":[17],"class_list":["post-7334","product","type-product","status-publish","has-post-thumbnail","hentry","tag-corn","tag-corn-planting","product-type-corn-machine"],"_links":{"self":[{"href":"https:\/\/taizyagromachine.com\/es\/wp-json\/wp\/v2\/product\/7334","targetHints":{"allow":["GET"]}}],"collection":[{"href":"https:\/\/taizyagromachine.com\/es\/wp-json\/wp\/v2\/product"}],"about":[{"href":"https:\/\/taizyagromachine.com\/es\/wp-json\/wp\/v2\/types\/product"}],"author":[{"embeddable":true,"href":"https:\/\/taizyagromachine.com\/es\/wp-json\/wp\/v2\/users\/1"}],"wp:featuredmedia":[{"embeddable":true,"href":"https:\/\/taizyagromachine.com\/es\/wp-json\/wp\/v2\/media\/7337"}],"wp:attachment":[{"href":"https:\/\/taizyagromachine.com\/es\/wp-json\/wp\/v2\/media?parent=7334"}],"wp:term":[{"taxonomy":"post_tag","embeddable":true,"href":"https:\/\/taizyagromachine.com\/es\/wp-json\/wp\/v2\/tags?post=7334"},{"taxonomy":"product-type","embeddable":true,"href":"https:\/\/taizyagromachine.com\/es\/wp-json\/wp\/v2\/product-type?post=7334"}],"curies":[{"name":"wp","href":"https:\/\/api.w.org\/{rel}","templated":true}]}}