{"id":7370,"date":"2024-12-04T14:37:28","date_gmt":"2024-12-04T06:37:28","guid":{"rendered":"https:\/\/taizyagromachine.com\/?post_type=product&#038;p=7370"},"modified":"2024-12-11T11:44:56","modified_gmt":"2024-12-11T03:44:56","slug":"wholesale-maize-shelling-machine","status":"publish","type":"product","link":"https:\/\/taizyagromachine.com\/es\/product\/wholesale-maize-shelling-machine\/","title":{"rendered":"M\u00e1quina descascaradora de ma\u00edz al por mayor"},"content":{"rendered":"<p class=\"translation-block\">Taizy <strong>maize shelling machine<\/strong> es un dise\u00f1o nuevo para el descascarillado de ma\u00edz con una capacidad de 4000-6000kg\/h. Pertenece a la serie 5TYM, con una tasa de rotura de \u22641.5% y una tasa de despunte de \u226598%. Este desgranador de ma\u00edz puede usar el motor el\u00e9ctrico, el motor de gasolina o el motor di\u00e9sel como potencia de la m\u00e1quina.<\/p>    <p>Adem\u00e1s, la m\u00e1quina puede utilizar neum\u00e1ticos y bastidores grandes, que son los preferidos por los clientes africanos. Es el nuevo modelo m\u00e1s ideal para \u00e1reas, granjas y profesionales productores de ma\u00edz. Nuestras m\u00e1quinas a menudo se venden al por mayor a clientes en diferentes pa\u00edses, como Nicaragua. Si desea saber m\u00e1s, bienvenido a contactarnos en cualquier momento.<\/p>    <figure class=\"wp-block-embed is-type-video is-provider-youtube wp-block-embed-youtube wp-embed-aspect-16-9 wp-has-aspect-ratio\"><div class=\"wp-block-embed__wrapper\"> <iframe loading=\"lazy\" title=\"\u00bfPor qu\u00e9 comprar esta desgranadora de ma\u00edz con ruedas grandes y soporte? Desgranadora de ma\u00edz #cornsheller\" width=\"500\" height=\"281\" src=\"https:\/\/www.youtube.com\/embed\/kxEESK82j0A?feature=oembed\" frameborder=\"0\" allow=\"accelerometer; autoplay; clipboard-write; encrypted-media; gyroscope; picture-in-picture; web-share\" referrerpolicy=\"strict-origin-when-cross-origin\" allowfullscreen><\/iframe> <\/div><figcaption class=\"wp-element-caption\">v\u00eddeo de la m\u00e1quina desgranadora de ma\u00edz<\/figcaption><\/figure>    <h2 class=\"wp-block-heading\"><strong>Ventajas de la nueva m\u00e1quina descascaradora de ma\u00edz<\/strong><\/h2>    <ul class=\"wp-block-list\"> <li>Puede procesar de 4 a 6 toneladas de ma\u00edz por hora para satisfacer la demanda de producci\u00f3n a gran escala, con alta eficiencia.<\/li>    <li>La m\u00e1quina adopta el dise\u00f1o de trilla cient\u00edfica, lo que reduce la tasa de rotura de los granos de ma\u00edz (tasa de rotura de \u22641,5%).<\/li>    <li>Esta m\u00e1quina puede equiparse con ruedas grandes y bastidor de tracci\u00f3n, adecuados para desplazarse entre campos y sitios.<\/li>    <li>Nuestra m\u00e1quina desgranadora de ma\u00edz tiene un volumen peque\u00f1o, estructura compacta, operaci\u00f3n y mantenimiento convenientes.<\/li> <\/ul>    <figure class=\"wp-block-gallery has-nested-images columns-default is-cropped wp-block-gallery-2 is-layout-flex wp-block-gallery-is-layout-flex\"> <figure class=\"wp-block-image size-large\"><img loading=\"lazy\" decoding=\"async\" width=\"720\" height=\"540\" data-id=\"7375\" src=\"https:\/\/taizyagromachine.com\/wp-content\/uploads\/2024\/12\/cost-effective-corn-shelling-machine.webp\" alt=\"m\u00e1quina descascaradora de ma\u00edz rentable\" class=\"wp-image-7375\" srcset=\"https:\/\/taizyagromachine.com\/wp-content\/uploads\/2024\/12\/cost-effective-corn-shelling-machine.webp 720w, https:\/\/taizyagromachine.com\/wp-content\/uploads\/2024\/12\/cost-effective-corn-shelling-machine-16x12.webp 16w\" sizes=\"auto, (max-width: 720px) 100vw, 720px\" \/><figcaption class=\"wp-element-caption\">m\u00e1quina descascaradora de ma\u00edz rentable<\/figcaption><\/figure>    <figure class=\"wp-block-image size-large\"><img loading=\"lazy\" decoding=\"async\" width=\"720\" height=\"540\" data-id=\"7376\" src=\"https:\/\/taizyagromachine.com\/wp-content\/uploads\/2024\/12\/maize-sheller-with-big-tyres-and-frame.webp\" alt=\"Desgranadora de ma\u00edz con neum\u00e1ticos grandes y bastidor.\" class=\"wp-image-7376\" srcset=\"https:\/\/taizyagromachine.com\/wp-content\/uploads\/2024\/12\/maize-sheller-with-big-tyres-and-frame.webp 720w, https:\/\/taizyagromachine.com\/wp-content\/uploads\/2024\/12\/maize-sheller-with-big-tyres-and-frame-16x12.webp 16w\" sizes=\"auto, (max-width: 720px) 100vw, 720px\" \/><figcaption class=\"wp-element-caption\">Desgranadora de ma\u00edz con neum\u00e1ticos grandes y bastidor.<\/figcaption><\/figure> <\/figure>    <h2 class=\"wp-block-heading\"><strong>Datos t\u00e9cnicos de la m\u00e1quina descascaradora de ma\u00edz comercial.<\/strong><\/h2>    <figure class=\"wp-block-table\"><table><tbody><tr><td>Modelo<\/td><td>5TYM-850<\/td><\/tr><tr><td>Capacidad<\/td><td>4000-6000kg\/h<\/td><\/tr><tr><td>tasa de ruptura<\/td><td>\u22641.5%<\/td><\/tr><tr><td>Tasa de trilla<\/td><td>\u226598%<\/td><\/tr><tr><td>Poder igualado<\/td><td>\u22655.5-7.5kw<\/td><\/tr><tr><td>Peso<\/td><td>340 kilos<\/td><\/tr><\/tbody><\/table><figcaption class=\"wp-element-caption\">Par\u00e1metros de la m\u00e1quina desgranadora de ma\u00edz.<\/figcaption><\/figure>    <p>Nota: la humedad del grano es 15%-20% y la relaci\u00f3n entre grano y pasto es 0,4%-1,0%.<\/p>    <h2 class=\"wp-block-heading\"><strong>Estructura de la m\u00e1quina desgranadora de ma\u00edz.<\/strong><\/h2>    <p>Su estructura es muy f\u00e1cil de entender y consta de ventilador, entrada, salida de granos de ma\u00edz, salida de mazorcas de ma\u00edz, alimentaci\u00f3n, etc.<\/p>   <div class=\"wp-block-image\"> <figure class=\"aligncenter size-full\"><img loading=\"lazy\" decoding=\"async\" width=\"720\" height=\"540\" src=\"https:\/\/taizyagromachine.com\/wp-content\/uploads\/2024\/12\/structure-of-maize-sheller-machine.webp\" alt=\"Estructura de la m\u00e1quina desgranadora de ma\u00edz.\" class=\"wp-image-7372\" srcset=\"https:\/\/taizyagromachine.com\/wp-content\/uploads\/2024\/12\/structure-of-maize-sheller-machine.webp 720w, https:\/\/taizyagromachine.com\/wp-content\/uploads\/2024\/12\/structure-of-maize-sheller-machine-16x12.webp 16w\" sizes=\"auto, (max-width: 720px) 100vw, 720px\" \/><figcaption class=\"wp-element-caption\">Estructura de la m\u00e1quina desgranadora de ma\u00edz.<\/figcaption><\/figure> <\/div>   <h2 class=\"wp-block-heading\"><strong>\u00bfC\u00f3mo funciona la m\u00e1quina desgranadora de ma\u00edz?<\/strong><\/h2>    <p>Al trillar, las mazorcas de ma\u00edz ingresan a la c\u00e1mara de separaci\u00f3n desde el puerto de alimentaci\u00f3n. La trilla se realiza mediante el golpe de los dientes y el frotamiento de los callos. Los granos de ma\u00edz trillados caen sobre la criba vibratoria a trav\u00e9s de la placa de grano deslizante. <\/p>    <p>Al agitar el tamiz, los granos caen debajo de la criba vibratoria y las mazorcas rotas se sacuden fuera de la m\u00e1quina en la superficie de la criba. El salvado y los desechos son aspirados por el soplador y descargados fuera de la m\u00e1quina en el proceso de ca\u00edda desde la abertura de succi\u00f3n. Las mazorcas de ma\u00edz se descargan por la salida bajo el empuje de un tambor.<\/p>   <div class=\"wp-block-image\"> <figure class=\"aligncenter size-full\"><img loading=\"lazy\" decoding=\"async\" width=\"720\" height=\"540\" src=\"https:\/\/taizyagromachine.com\/wp-content\/uploads\/2024\/12\/small-maize-sheller-machine-for-corn-threshing.webp\" alt=\"Peque\u00f1a m\u00e1quina desgranadora de ma\u00edz para trillar ma\u00edz.\" class=\"wp-image-7373\" srcset=\"https:\/\/taizyagromachine.com\/wp-content\/uploads\/2024\/12\/small-maize-sheller-machine-for-corn-threshing.webp 720w, https:\/\/taizyagromachine.com\/wp-content\/uploads\/2024\/12\/small-maize-sheller-machine-for-corn-threshing-16x12.webp 16w\" sizes=\"auto, (max-width: 720px) 100vw, 720px\" \/><figcaption class=\"wp-element-caption\">Peque\u00f1a m\u00e1quina desgranadora de ma\u00edz para trillar ma\u00edz.<\/figcaption><\/figure> <\/div>   <h2 class=\"wp-block-heading\"><strong>\u00bfCu\u00e1l es el precio de la m\u00e1quina desgranadora de ma\u00edz?<\/strong><\/h2>    <p>El precio de la m\u00e1quina desgranadora de ma\u00edz Taizy var\u00eda seg\u00fan las caracter\u00edsticas, la capacidad, la eficiencia de trilla de la m\u00e1quina y caracter\u00edsticas adicionales como la movilidad y la separaci\u00f3n de impurezas. Cuantas m\u00e1s caracter\u00edsticas y capacidad tenga la m\u00e1quina, mayor ser\u00e1 el precio de la misma.<\/p>    <p>Si desea conocer el precio espec\u00edfico de la m\u00e1quina, puede contactarnos directamente Taizy. Elegiremos el modelo adecuado para usted seg\u00fan sus necesidades y presupuesto y le recomendaremos el mejor programa.<\/p>    <h2 class=\"wp-block-heading\"><strong>Caso de \u00e9xito: Desgranadora de ma\u00edz al por mayor para Nicaragua<\/strong><\/h2>    <p>Un cliente en Nicaragua orden\u00f3 recientemente un lote de trilladoras de ma\u00edz, por un total de 5 unidades, principalmente para las necesidades de venta de agricultores y procesadores de granos locales. Este cliente estaba preocupado por el rendimiento de la m\u00e1quina, el precio y el embalaje para el transporte, y pidi\u00f3 garant\u00edas de calidad de la m\u00e1quina y seguridad del transporte.<\/p>    <p>Seg\u00fan sus necesidades, recomendamos desgranadoras de ma\u00edz grandes con rendimiento estable, equipadas con ruedas grandes y bastidores de tracci\u00f3n para facilitar el movimiento entre granjas. Al mismo tiempo, proporcionamos embalaje en cajas de madera para cada m\u00e1quina para protegerla de da\u00f1os durante el transporte mar\u00edtimo.<\/p>    <p>Despu\u00e9s de que el cliente recibi\u00f3 la m\u00e1quina y la puso en uso, la eficiencia de trilla fue alta y cumpli\u00f3 con la demanda del mercado local, el cliente expres\u00f3 una gran satisfacci\u00f3n con ella y plane\u00f3 una mayor cooperaci\u00f3n.<\/p>    <figure class=\"wp-block-gallery has-nested-images columns-default is-cropped wp-block-gallery-3 is-layout-flex wp-block-gallery-is-layout-flex\"> <figure class=\"wp-block-image size-full\"><img loading=\"lazy\" decoding=\"async\" width=\"720\" height=\"540\" data-id=\"7374\" src=\"https:\/\/taizyagromachine.com\/wp-content\/uploads\/2024\/12\/maize-shelling-machine-manufacturer.webp\" alt=\"fabricante de m\u00e1quinas descascaradoras de ma\u00edz\" class=\"wp-image-7374\" srcset=\"https:\/\/taizyagromachine.com\/wp-content\/uploads\/2024\/12\/maize-shelling-machine-manufacturer.webp 720w, https:\/\/taizyagromachine.com\/wp-content\/uploads\/2024\/12\/maize-shelling-machine-manufacturer-16x12.webp 16w\" sizes=\"auto, (max-width: 720px) 100vw, 720px\" \/><figcaption class=\"wp-element-caption\">fabricante de m\u00e1quinas descascaradoras de ma\u00edz<\/figcaption><\/figure>    <figure class=\"wp-block-image size-full\"><img loading=\"lazy\" decoding=\"async\" width=\"720\" height=\"540\" data-id=\"7036\" src=\"https:\/\/taizyagromachine.com\/wp-content\/uploads\/2024\/09\/machine-package-ready-for-delivery.webp\" alt=\"Paquete de m\u00e1quina listo para su entrega.\" class=\"wp-image-7036\" srcset=\"https:\/\/taizyagromachine.com\/wp-content\/uploads\/2024\/09\/machine-package-ready-for-delivery.webp 720w, https:\/\/taizyagromachine.com\/wp-content\/uploads\/2024\/09\/machine-package-ready-for-delivery-16x12.webp 16w\" sizes=\"auto, (max-width: 720px) 100vw, 720px\" \/><figcaption class=\"wp-element-caption\">Paquete de m\u00e1quina listo para su entrega.<\/figcaption><\/figure> <\/figure>    <h2 class=\"wp-block-heading\"><strong>\u00a1Cont\u00e1ctenos ahora para una cotizaci\u00f3n gratuita!<\/strong><\/h2>    <p class=\"translation-block\">Como proveedor experimentado de maquinaria agr\u00edcola, vendemos varias m\u00e1quinas para ma\u00edz, como <a href=\"https:\/\/taizyagromachine.com\/es\/product\/fresh-corn-sheller\/\">desgranadora de ma\u00edz dulce<\/a>, molinillo de martillos, <a href=\"https:\/\/taizyagromachine.com\/es\/product\/no-till-corn-planter-machine\/\">pl\u00e1ntadora de ma\u00edz<\/a>, etc. <\/p>    <p class=\"translation-block\">\u00bfEst\u00e1 buscando equipos desgranadores de ma\u00edz rentables? Si es as\u00ed, venga y cont\u00e1ctenos ahora. Le proporcionaremos la mejor soluci\u00f3n de trillado de <a href=\"https:\/\/es.wikipedia.org\/wiki\/Maz\" target=\"_blank\" rel=\"noopener\">ma\u00edz<\/a> y una cotizaci\u00f3n gratuita como referencia.<\/p>    <figure class=\"wp-block-embed is-type-video is-provider-youtube wp-block-embed-youtube wp-embed-aspect-16-9 wp-has-aspect-ratio\"><div class=\"wp-block-embed__wrapper\"> <iframe loading=\"lazy\" title=\"M\u00e1quina desgranadora de ma\u00edz eficiente para desgranado de ma\u00edz de alta velocidad #cornsheller #maize #thresher\" width=\"500\" height=\"281\" src=\"https:\/\/www.youtube.com\/embed\/qpD6OqSDwFk?feature=oembed\" frameborder=\"0\" allow=\"accelerometer; autoplay; clipboard-write; encrypted-media; gyroscope; picture-in-picture; web-share\" referrerpolicy=\"strict-origin-when-cross-origin\" allowfullscreen><\/iframe> <\/div><figcaption class=\"wp-element-caption\">v\u00eddeo de desgranadora de ma\u00edz<\/figcaption><\/figure>","protected":false},"excerpt":{"rendered":"<p>La m\u00e1quina desgranadora de ma\u00edz Taizy est\u00e1 recientemente dise\u00f1ada para trillar ma\u00edz con una capacidad de 4000-6000 kg\/h y a menudo se vende al por mayor a diferentes pa\u00edses.<\/p>","protected":false},"author":1,"featured_media":7371,"parent":0,"template":"","tags":[235,237,236],"product-type":[17],"class_list":["post-7370","product","type-product","status-publish","has-post-thumbnail","hentry","tag-corn","tag-shelling","tag-threshing","product-type-corn-machine"],"_links":{"self":[{"href":"https:\/\/taizyagromachine.com\/es\/wp-json\/wp\/v2\/product\/7370","targetHints":{"allow":["GET"]}}],"collection":[{"href":"https:\/\/taizyagromachine.com\/es\/wp-json\/wp\/v2\/product"}],"about":[{"href":"https:\/\/taizyagromachine.com\/es\/wp-json\/wp\/v2\/types\/product"}],"author":[{"embeddable":true,"href":"https:\/\/taizyagromachine.com\/es\/wp-json\/wp\/v2\/users\/1"}],"wp:featuredmedia":[{"embeddable":true,"href":"https:\/\/taizyagromachine.com\/es\/wp-json\/wp\/v2\/media\/7371"}],"wp:attachment":[{"href":"https:\/\/taizyagromachine.com\/es\/wp-json\/wp\/v2\/media?parent=7370"}],"wp:term":[{"taxonomy":"post_tag","embeddable":true,"href":"https:\/\/taizyagromachine.com\/es\/wp-json\/wp\/v2\/tags?post=7370"},{"taxonomy":"product-type","embeddable":true,"href":"https:\/\/taizyagromachine.com\/es\/wp-json\/wp\/v2\/product-type?post=7370"}],"curies":[{"name":"wp","href":"https:\/\/api.w.org\/{rel}","templated":true}]}}