{"id":7386,"date":"2024-12-12T17:43:44","date_gmt":"2024-12-12T09:43:44","guid":{"rendered":"https:\/\/taizyagromachine.com\/?post_type=product&#038;p=7386"},"modified":"2024-12-13T09:58:37","modified_gmt":"2024-12-13T01:58:37","slug":"mini-crawler-rotary-tiller","status":"publish","type":"product","link":"https:\/\/taizyagromachine.com\/es\/product\/mini-crawler-rotary-tiller\/","title":{"rendered":"Mini cultivador rotativo sobre orugas multifuncional"},"content":{"rendered":"<p class=\"translation-block\">El motocultor rotativo de orugas Taizy es el cultivador multifuncional m\u00e1s reciente, utilizado para surcar y fertilizar uvas, \u00e1rboles frutales, bayas de goji y otros cultivos comerciales.<\/p>    <p>Esta micro cultivadora de orugas tiene funciones de excavaci\u00f3n de zanjas, fertilizaci\u00f3n, relleno autom\u00e1tico, finalizaci\u00f3n \u00fanica (fertilizante qu\u00edmico+fertilizante org\u00e1nico), separaci\u00f3n de tierra surcada y fertilizante, labranza rotativa y desmalezado.<\/p>    <p>Adopta una estructura de desplazamiento sobre orugas con excelente agarre y estabilidad, que es muy adecuada para trabajar en terrenos fangosos, resbaladizos o irregulares. Si est\u00e1s interesado, \u00a1ponte en contacto con nosotros para obtener m\u00e1s detalles!<\/p>    <figure class=\"wp-block-embed is-type-video is-provider-youtube wp-block-embed-youtube wp-embed-aspect-16-9 wp-has-aspect-ratio\"><div class=\"wp-block-embed__wrapper\"> <iframe loading=\"lazy\" title=\"Potente minicultor sobre orugas | Soluci\u00f3n agr\u00edcola eficiente: microcultivador agr\u00edcola con orugas\" width=\"500\" height=\"281\" src=\"https:\/\/www.youtube.com\/embed\/VOv-FUahp0s?feature=oembed\" frameborder=\"0\" allow=\"accelerometer; autoplay; clipboard-write; encrypted-media; gyroscope; picture-in-picture; web-share\" referrerpolicy=\"strict-origin-when-cross-origin\" allowfullscreen><\/iframe> <\/div><figcaption class=\"wp-element-caption\">V\u00eddeo de un tractor de orugas ligero con cultivador giratorio<\/figcaption><\/figure>    <h2 class=\"wp-block-heading\"><strong>Ventajas de la cultivadora rotativa sobre orugas con motor di\u00e9sel<\/strong><\/h2>    <ul class=\"wp-block-list\"> <li>Nuestra cultivadora rotativa para tractor de orugas es un equipo agr\u00edcola eficiente con m\u00faltiples ventajas significativas:<\/li>    <li>La m\u00e1quina adopta el <strong>Dise\u00f1o de oruga de goma con un fuerte rendimiento de agarre.<\/strong>, adapt\u00e1ndose a terrenos complejos.<\/li>    <li>tiene un <strong>Tama\u00f1o peque\u00f1o y direcci\u00f3n flexible.<\/strong>, apto para monta\u00f1as, cerros, huertos, invernaderos, etc.<\/li>    <li>Nuestro microcultor sobre orugas se puede utilizar para <strong>arado rotativo, surcado, relleno<\/strong> y otras operaciones agr\u00edcolas con alta eficiencia operativa.<\/li>    <li>En comparaci\u00f3n con los tractores grandes, el minicultivador de orugas es <strong>m\u00e1s econ\u00f3mico y pr\u00e1ctico<\/strong>, especialmente indicado para peque\u00f1as explotaciones o agricultores individuales.<\/li> <\/ul>   <div class=\"wp-block-image\"> <figure class=\"aligncenter size-full\"><img loading=\"lazy\" decoding=\"async\" width=\"720\" height=\"540\" src=\"https:\/\/taizyagromachine.com\/wp-content\/uploads\/2024\/12\/light-weighed-crawler-tractor-with-rotary-tiller.webp\" alt=\"Tractor de orugas ligero con motocultor\" class=\"wp-image-7392\" srcset=\"https:\/\/taizyagromachine.com\/wp-content\/uploads\/2024\/12\/light-weighed-crawler-tractor-with-rotary-tiller.webp 720w, https:\/\/taizyagromachine.com\/wp-content\/uploads\/2024\/12\/light-weighed-crawler-tractor-with-rotary-tiller-16x12.webp 16w\" sizes=\"auto, (max-width: 720px) 100vw, 720px\" \/><figcaption class=\"wp-element-caption\">Tractor de orugas ligero con motocultor<\/figcaption><\/figure> <\/div>   <h2 class=\"wp-block-heading\"><strong>Par\u00e1metros t\u00e9cnicos del minicultor del tractor de orugas. <\/strong><\/h2>    <figure class=\"wp-block-table\"><table class=\"has-fixed-layout\"><tbody><tr><td><strong>Peso<\/strong><strong><\/strong><\/td><td>650 kilos<\/td><td><strong>Tama\u00f1o<\/strong><strong><\/strong><\/td><td>2500*900*950mm<\/td><\/tr><tr><td><strong>Altura del suelo<\/strong><strong><\/strong><\/td><td>200 mm<\/td><td><strong>Ancho de labranza rotativa<\/strong><strong><\/strong><\/td><td>1000 mm<\/td><\/tr><tr><td><strong>Elevar<\/strong><strong><\/strong><\/td><td>Control hidr\u00e1ulico<\/td><td><strong>Velocidad de trabajo<\/strong><strong><\/strong><\/td><td>0,17-0,2 hect\u00e1reas\/h<\/td><\/tr><tr><td><strong>Engranaje<\/strong><strong><\/strong><\/td><td>3 marchas adelante, 1 marcha atr\u00e1s<\/td><td><strong>Trabajo en pendiente<\/strong><strong><\/strong><\/td><td>45\u00b0<\/td><\/tr><tr><td><strong>M\u00e9todo de inicio<\/strong><strong><\/strong><\/td><td>Arranque electrico<\/td><td><strong>Gobierno<\/strong><strong><\/strong><\/td><td>Palanca de operaci\u00f3n izquierda y derecha<\/td><\/tr><tr><td><strong>Funci\u00f3n<\/strong><strong><\/strong><\/td><td colspan=\"3\"><a href=\"https:\/\/en.wikipedia.org\/wiki\/Bulldozer\" target=\"_blank\" rel=\"noopener\">Bulldozer<\/a>, labranza rotativa, zanjas, deshierbe, relleno<\/td><\/tr><\/tbody><\/table><figcaption class=\"wp-element-caption\">especificaciones de la cultivadora rotativa sobre orugas<\/figcaption><\/figure>    <p>Este cultivador de orugas tiene una capacidad de 0,17-0,2 hect\u00e1reas\/h, utiliza un arranque el\u00e9ctrico y pesa 650 kg. Adem\u00e1s, en la tabla anterior, puede conocer su tama\u00f1o, velocidad de trabajo, etc. Si desea m\u00e1s detalles, \u00a1p\u00f3ngase en contacto con nosotros!<\/p>    <h2 class=\"wp-block-heading\"><strong>Estructura del cultivador rotativo de micro orugas<\/strong><\/h2>    <p>Nuestra motoazada para tractor de orugas tiene una estructura compacta y razonable, que consta de una canasta, un motor di\u00e9sel, una palanca de direcci\u00f3n, un asiento, una motoazada (u otras herramientas agr\u00edcolas), una oruga, etc.<\/p>   <div class=\"wp-block-image\"> <figure class=\"aligncenter size-full\"><img loading=\"lazy\" decoding=\"async\" width=\"720\" height=\"540\" src=\"https:\/\/taizyagromachine.com\/wp-content\/uploads\/2024\/12\/structure-of-mini-crawler-power-tiller.webp\" alt=\"Estructura del mini cultivador sobre orugas\" class=\"wp-image-7388\" srcset=\"https:\/\/taizyagromachine.com\/wp-content\/uploads\/2024\/12\/structure-of-mini-crawler-power-tiller.webp 720w, https:\/\/taizyagromachine.com\/wp-content\/uploads\/2024\/12\/structure-of-mini-crawler-power-tiller-16x12.webp 16w\" sizes=\"auto, (max-width: 720px) 100vw, 720px\" \/><figcaption class=\"wp-element-caption\">Estructura del mini cultivador sobre orugas<\/figcaption><\/figure> <\/div>   <h2 class=\"wp-block-heading\"><strong>\u00bfCu\u00e1l es el precio del microcultor sobre orugas?<\/strong><\/h2>    <p>El precio de un mini tractor de orugas con orugas var\u00eda seg\u00fan el modelo, caracter\u00edsticas, configuraci\u00f3n y lugar de origen. En t\u00e9rminos generales, los modelos est\u00e1ndar tienen un precio moderado y son adecuados para la mayor\u00eda de las necesidades de los agricultores. Los modelos con m\u00e1s prestaciones o m\u00e1s funciones ser\u00e1n un poco m\u00e1s caros. Si necesita personalizar una configuraci\u00f3n especial, el precio se ajustar\u00e1 en consecuencia. <\/p>    <p>Al comprar una cultivadora rotativa para mini tractor de orugas con motor di\u00e9sel, podemos recomendarle una cultivadora rotativa para tractor de orugas di\u00e9sel adecuada que se ajuste a sus necesidades y presupuesto.<\/p>   <div class=\"wp-block-image\"> <figure class=\"aligncenter size-full\"><img loading=\"lazy\" decoding=\"async\" width=\"720\" height=\"540\" src=\"https:\/\/taizyagromachine.com\/wp-content\/uploads\/2024\/12\/small-crawler-tiller-micro-cultivator-for-orchard.webp\" alt=\"Microcultivador peque\u00f1o sobre orugas para huerto\" class=\"wp-image-7393\" srcset=\"https:\/\/taizyagromachine.com\/wp-content\/uploads\/2024\/12\/small-crawler-tiller-micro-cultivator-for-orchard.webp 720w, https:\/\/taizyagromachine.com\/wp-content\/uploads\/2024\/12\/small-crawler-tiller-micro-cultivator-for-orchard-16x12.webp 16w\" sizes=\"auto, (max-width: 720px) 100vw, 720px\" \/><figcaption class=\"wp-element-caption\">Microcultivador peque\u00f1o sobre orugas para huerto<\/figcaption><\/figure> <\/div>   <h2 class=\"wp-block-heading\"><strong>\u00bfPor qu\u00e9 elegir Taizy como proveedor de cultivadores rotativos de micro orugas?<\/strong><\/h2>    <p>En el mercado agr\u00edcola, Taizy es un nombre de confianza, con los siguientes puntos fuertes:<\/p>    <ul class=\"wp-block-list\"> <li><strong>Servicio integral<\/strong>: la parte trasera del microcultivador de orugas se puede reemplazar con otros implementos agr\u00edcolas, como equipos de surcado, topadoras, etc. Puede comprarlos de una sola vez sin perder tiempo.<\/li>    <li><strong>Precio razonable<\/strong>: en comparaci\u00f3n con productos similares en el mercado, el microcultivador rotativo sobre orugas Taizy tiene un precio m\u00e1s razonable y la misma calidad y rendimiento. Al mismo tiempo, a menudo ofrecemos pol\u00edticas preferenciales a los clientes para ayudar a los agricultores a reducir el costo de compra.<\/li>    <li><strong>Servicio postventa perfecto<\/strong>: Taizy ofrece un servicio posventa integral, que incluye puesta en servicio de equipos, capacitaci\u00f3n operativa y soporte de mantenimiento. No importa los problemas que encuentre, nuestro equipo profesional le brindar\u00e1 ayuda oportuna. Puedes comprar con confianza y utilizarlo con tranquilidad.<\/li>    <li><strong>Marca reconocida internacionalmente<\/strong>: Como marca reconocida de maquinaria agr\u00edcola, los productos de Taizy se han vendido en muchos pa\u00edses y son ampliamente elogiados por usuarios de todo el mundo. No s\u00f3lo motocultor sobre orugas, sino tambi\u00e9n <a href=\"https:\/\/taizyagromachine.com\/es\/product\/reaper-machine\/\">maquina segadora<\/a>, <a href=\"https:\/\/taizyagromachine.com\/es\/product\/two-wheel-drive-walking-type-tractor\/\">tractor de empuje<\/a> y m\u00e1s.<\/li> <\/ul>    <figure class=\"wp-block-gallery has-nested-images columns-default is-cropped wp-block-gallery-2 is-layout-flex wp-block-gallery-is-layout-flex\"> <figure class=\"wp-block-image size-large\"><img loading=\"lazy\" decoding=\"async\" width=\"720\" height=\"540\" data-id=\"7395\" src=\"https:\/\/taizyagromachine.com\/wp-content\/uploads\/2024\/12\/micro-crawler-rotary-cultivator-manufacturer.webp\" alt=\"fabricante de cultivadores rotativos de micro orugas\" class=\"wp-image-7395\" srcset=\"https:\/\/taizyagromachine.com\/wp-content\/uploads\/2024\/12\/micro-crawler-rotary-cultivator-manufacturer.webp 720w, https:\/\/taizyagromachine.com\/wp-content\/uploads\/2024\/12\/micro-crawler-rotary-cultivator-manufacturer-16x12.webp 16w\" sizes=\"auto, (max-width: 720px) 100vw, 720px\" \/><figcaption class=\"wp-element-caption\">fabricante de cultivadores rotativos de micro orugas<\/figcaption><\/figure>    <figure class=\"wp-block-image size-large\"><img loading=\"lazy\" decoding=\"async\" width=\"720\" height=\"540\" data-id=\"7394\" src=\"https:\/\/taizyagromachine.com\/wp-content\/uploads\/2024\/12\/crawler-type-rotary-tiller-factory.webp\" alt=\"F\u00e1brica de cultivadores rotativos tipo oruga\" class=\"wp-image-7394\" srcset=\"https:\/\/taizyagromachine.com\/wp-content\/uploads\/2024\/12\/crawler-type-rotary-tiller-factory.webp 720w, https:\/\/taizyagromachine.com\/wp-content\/uploads\/2024\/12\/crawler-type-rotary-tiller-factory-16x12.webp 16w\" sizes=\"auto, (max-width: 720px) 100vw, 720px\" \/><figcaption class=\"wp-element-caption\">F\u00e1brica de cultivadores rotativos tipo oruga<\/figcaption><\/figure> <\/figure>    <h2 class=\"wp-block-heading\"><strong>\u00a1Contactenos para mas detalles!<\/strong><\/h2>    <p>\u00bfBusca un minicultivador de orugas de alto rendimiento? \u00a1P\u00f3ngase en contacto con Taizy hoy! Nuestro equipo est\u00e1 listo para brindar informaci\u00f3n detallada sobre el producto, soporte t\u00e9cnico y soluciones personalizadas para satisfacer sus necesidades. \u00a1P\u00f3ngase en contacto ahora y descubra c\u00f3mo Taizy puede ayudarle a mejorar la eficiencia de su agricultura!<\/p>","protected":false},"excerpt":{"rendered":"<p>La cultivadora rotativa sobre orugas Taizy es el \u00faltimo cultivador multifuncional, que se utiliza para surcar y fertilizar uvas, \u00e1rboles frutales, bayas de goji y otros cultivos comerciales.<\/p>","protected":false},"author":1,"featured_media":7387,"parent":0,"template":"","tags":[239,238],"product-type":[22],"class_list":["post-7386","product","type-product","status-publish","has-post-thumbnail","hentry","tag-farming","tag-tiller","product-type-others"],"_links":{"self":[{"href":"https:\/\/taizyagromachine.com\/es\/wp-json\/wp\/v2\/product\/7386","targetHints":{"allow":["GET"]}}],"collection":[{"href":"https:\/\/taizyagromachine.com\/es\/wp-json\/wp\/v2\/product"}],"about":[{"href":"https:\/\/taizyagromachine.com\/es\/wp-json\/wp\/v2\/types\/product"}],"author":[{"embeddable":true,"href":"https:\/\/taizyagromachine.com\/es\/wp-json\/wp\/v2\/users\/1"}],"wp:featuredmedia":[{"embeddable":true,"href":"https:\/\/taizyagromachine.com\/es\/wp-json\/wp\/v2\/media\/7387"}],"wp:attachment":[{"href":"https:\/\/taizyagromachine.com\/es\/wp-json\/wp\/v2\/media?parent=7386"}],"wp:term":[{"taxonomy":"post_tag","embeddable":true,"href":"https:\/\/taizyagromachine.com\/es\/wp-json\/wp\/v2\/tags?post=7386"},{"taxonomy":"product-type","embeddable":true,"href":"https:\/\/taizyagromachine.com\/es\/wp-json\/wp\/v2\/product-type?post=7386"}],"curies":[{"name":"wp","href":"https:\/\/api.w.org\/{rel}","templated":true}]}}