{"id":7410,"date":"2024-12-18T16:53:21","date_gmt":"2024-12-18T08:53:21","guid":{"rendered":"https:\/\/taizyagromachine.com\/?post_type=product&#038;p=7410"},"modified":"2024-12-18T17:01:22","modified_gmt":"2024-12-18T09:01:22","slug":"small-corn-harvesting-machine","status":"publish","type":"product","link":"https:\/\/taizyagromachine.com\/es\/product\/small-corn-harvesting-machine\/","title":{"rendered":"Peque\u00f1a cosechadora de ma\u00edz con asiento."},"content":{"rendered":"<p class=\"translation-block\">La cosechadora de ma\u00edz Taizy combina las funciones de recolecci\u00f3n de ma\u00edz, pelado, trituraci\u00f3n de paja y recolecci\u00f3n de ma\u00edz, completando la tarea de cosecha de ma\u00edz de manera eficiente y r\u00e1pida. Puede cosechar ma\u00edz de 0.05-0.12 hect\u00e1reas por hora.<\/p>    <p>Esta m\u00e1quina cosechadora Mazie tiene un dise\u00f1o de asientos, neum\u00e1ticos grandes y una potencia de 25 CV. Con su alta eficiencia, ahorro de mano de obra, econom\u00eda y practicidad, es adecuado para una amplia gama de terrenos y requisitos de trabajo. La m\u00e1quina es ideal para operaciones continuas de recolecci\u00f3n de ma\u00edz.<\/p>    <p>Si est\u00e1 interesado en este equipo, \u00a1p\u00f3ngase en contacto con nosotros para obtener m\u00e1s informaci\u00f3n!<\/p>    <figure class=\"wp-block-embed is-type-video is-provider-youtube wp-block-embed-youtube wp-embed-aspect-16-9 wp-has-aspect-ratio\"><div class=\"wp-block-embed__wrapper\"> <iframe loading=\"lazy\" title=\"Cosecha eficiente de ma\u00edz con cosechadora de ma\u00edz Taizy | recolector de ma\u00edz\" width=\"500\" height=\"281\" src=\"https:\/\/www.youtube.com\/embed\/RQLRhR-9diU?feature=oembed\" frameborder=\"0\" allow=\"accelerometer; autoplay; clipboard-write; encrypted-media; gyroscope; picture-in-picture; web-share\" referrerpolicy=\"strict-origin-when-cross-origin\" allowfullscreen><\/iframe> <\/div><figcaption class=\"wp-element-caption\">Video de trabajo de la m\u00e1quina recolectora de ma\u00edz.<\/figcaption><\/figure>    <h2 class=\"wp-block-heading\"><strong>Ventajas de la peque\u00f1a m\u00e1quina cosechadora de ma\u00edz.<\/strong><\/h2>    <ul class=\"wp-block-list\"> <li><strong>Dise\u00f1o con asiento<\/strong>: la m\u00e1quina est\u00e1 equipada con un asiento c\u00f3modo, el operador puede sentarse y trabajar, lo que reduce en gran medida la intensidad del trabajo y mejora la comodidad en el trabajo.<\/li>    <li><strong>Operaci\u00f3n de una sola fila<\/strong>: Dise\u00f1ada para plantaciones a peque\u00f1a escala, la cosechadora de ma\u00edz es adecuada para tierras de cultivo con espacios reducidos entre hileras y terrenos complicados.<\/li>    <li><strong>Cosecha de alta eficiencia<\/strong>: completa el trabajo de recoger, separar y recolectar al mismo tiempo, ahorrando mucho trabajo y tiempo.<\/li>    <li><strong>Flexible y conveniente<\/strong>: esta m\u00e1quina tiene un tama\u00f1o compacto y un radio de giro peque\u00f1o, adecuada para llanuras, colinas y otros terrenos.<\/li>    <li>Es asequible, f\u00e1cil de operar y c\u00f3modo de mantener.<\/li> <\/ul>   <div class=\"wp-block-image\"> <figure class=\"aligncenter size-full\"><img loading=\"lazy\" decoding=\"async\" width=\"720\" height=\"540\" src=\"https:\/\/taizyagromachine.com\/wp-content\/uploads\/2024\/12\/mini-corn-harvester-machine.webp\" alt=\"mini cosechadora de ma\u00edz\" class=\"wp-image-7418\" srcset=\"https:\/\/taizyagromachine.com\/wp-content\/uploads\/2024\/12\/mini-corn-harvester-machine.webp 720w, https:\/\/taizyagromachine.com\/wp-content\/uploads\/2024\/12\/mini-corn-harvester-machine-16x12.webp 16w\" sizes=\"auto, (max-width: 720px) 100vw, 720px\" \/><figcaption class=\"wp-element-caption\">mini cosechadora de ma\u00edz<\/figcaption><\/figure> <\/div>   <h2 class=\"wp-block-heading\"><strong>Datos t\u00e9cnicos de la cosechadora de ma\u00edz.<\/strong><\/h2>    <figure class=\"wp-block-table\"><table><tbody><tr><td>Modelo<\/td><td>CM4YZP-1<\/td><\/tr><tr><td>Fuerza&nbsp;<\/td><td>25 CV<\/td><\/tr><tr><td>Producticidad<\/td><td>0,05-0,12 h\u33a1\/h<\/td><\/tr><tr><td>Rango de trabajo<\/td><td>650 mm<\/td><\/tr><tr><td>Distancia m\u00ednima al suelo<\/td><td>200 mm<\/td><\/tr><tr><td>velocidad nominal<\/td><td>2200 rpm<\/td><\/tr><tr><td>Tama\u00f1o<\/td><td>3650*1000*1270mm<\/td><\/tr><tr><td>Peso<\/td><td>980 kilos<\/td><\/tr><\/tbody><\/table><figcaption class=\"wp-element-caption\">Especificaciones de la mini m\u00e1quina cosechadora de ma\u00edz.<\/figcaption><\/figure>    <h2 class=\"wp-block-heading\"><strong>Estructura<\/strong> <strong>de la m\u00e1quina cosechadora de ma\u00edz<\/strong><\/h2>    <p>La m\u00e1quina est\u00e1 dise\u00f1ada para ser compacta y eficiente y se compone principalmente de una mesa de corte, un dispositivo de transporte, un dispositivo de pelado, un sistema de recolecci\u00f3n, un sistema de energ\u00eda, un asiento, etc.<\/p>    <ul class=\"wp-block-list\"> <li>Mesa de corte: se utiliza para cortar las pencas del ma\u00edz y separar las mazorcas del ma\u00edz.<\/li>    <li>Transportador: transfiere las mazorcas desde la mesa de corte al dispositivo de pelado.<\/li>    <li>Decapante: quita eficientemente las cubiertas de los callos para asegurar la limpieza del producto terminado.<\/li>    <li>Caja recolectora: destinada a recoger los callos pelados.<\/li>    <li>Sistema de energ\u00eda: ofrece energ\u00eda para impulsar la m\u00e1quina cosechadora de ma\u00edz.<\/li> <\/ul>   <div class=\"wp-block-image\"> <figure class=\"aligncenter size-full\"><img loading=\"lazy\" decoding=\"async\" width=\"720\" height=\"540\" src=\"https:\/\/taizyagromachine.com\/wp-content\/uploads\/2024\/12\/small-corn-harvesting-machine-for-sale.webp\" alt=\"Se vende peque\u00f1a m\u00e1quina cosechadora de ma\u00edz.\" class=\"wp-image-7416\" srcset=\"https:\/\/taizyagromachine.com\/wp-content\/uploads\/2024\/12\/small-corn-harvesting-machine-for-sale.webp 720w, https:\/\/taizyagromachine.com\/wp-content\/uploads\/2024\/12\/small-corn-harvesting-machine-for-sale-16x12.webp 16w\" sizes=\"auto, (max-width: 720px) 100vw, 720px\" \/><figcaption class=\"wp-element-caption\">Se vende peque\u00f1a m\u00e1quina cosechadora de ma\u00edz.<\/figcaption><\/figure> <\/div>   <h2 class=\"wp-block-heading\"><strong>\u00bfC\u00f3mo funciona la cosechadora de ma\u00edz?<\/strong><\/h2>    <p>Cuando la m\u00e1quina cosechadora de ma\u00edz est\u00e1 en funcionamiento, la mesa de corte es impulsada por el sistema el\u00e9ctrico, que corta los tallos de ma\u00edz y luego transfiere las mazorcas a trav\u00e9s del transportador hasta el dispositivo pelador para su procesamiento. El dispositivo pelador retira las cubiertas externas del ma\u00edz y finalmente almacena el ma\u00edz procesado en una caja recolectora. Todo el proceso es eficiente y continuo, lo que ahorra sustancialmente tiempo y mano de obra.<\/p>    <h2 class=\"wp-block-heading\"><strong>\u00bfCu\u00e1l es el precio de la m\u00e1quina cosechadora de ma\u00edz Taizy?<\/strong><\/h2>    <p>La m\u00e1quina cosechadora de ma\u00edz que ofrece Taizy es conocida por su alto costo y sus precios var\u00edan seg\u00fan los modelos, configuraciones y funciones. La m\u00e1quina cosechadora de ma\u00edz a la venta de Taizy generalmente tiene una sola fila, pero tambi\u00e9n hay una cosechadora de ma\u00edz de 2 filas con diferentes configuraciones. Este \u00faltimo es m\u00e1s caro.<\/p>    <p>Tambi\u00e9n apoyamos soluciones personalizadas para garantizar que cada cliente obtenga el producto adecuado para sus necesidades. Si desea precios de m\u00e1quinas espec\u00edficos, p\u00f3ngase en contacto con nosotros. \u00a1Cu\u00e9ntanos tus necesidades y te proporcionaremos la soluci\u00f3n m\u00e1s adecuada y el mejor precio!<\/p>   <div class=\"wp-block-image\"> <figure class=\"aligncenter size-full\"><img loading=\"lazy\" decoding=\"async\" width=\"720\" height=\"540\" src=\"https:\/\/taizyagromachine.com\/wp-content\/uploads\/2024\/12\/corn-picker-machine-with-seat.webp\" alt=\"m\u00e1quina recolectora de ma\u00edz con asiento\" class=\"wp-image-7417\" srcset=\"https:\/\/taizyagromachine.com\/wp-content\/uploads\/2024\/12\/corn-picker-machine-with-seat.webp 720w, https:\/\/taizyagromachine.com\/wp-content\/uploads\/2024\/12\/corn-picker-machine-with-seat-16x12.webp 16w\" sizes=\"auto, (max-width: 720px) 100vw, 720px\" \/><figcaption class=\"wp-element-caption\">m\u00e1quina recolectora de ma\u00edz con asiento<\/figcaption><\/figure> <\/div>   <h2 class=\"wp-block-heading\"><strong>Cosechadora de ma\u00edz con asiento VS. Recolector de ma\u00edz autopropulsado de una hilera<\/strong><\/h2>    <p class=\"translation-block\"><strong>Cosechadora de ma\u00edz con asiento<\/strong>: esta cosechadora de ma\u00edz es adecuada para largas horas de operaci\u00f3n, proporcionando comodidad al operador y mayor eficiencia. Se recomienda para granjas medianas a grandes o en escenarios con alta demanda de operaci\u00f3n continua.<\/p>    <p class=\"translation-block\"><strong>Cosechadora de ma\u00edz autopropulsada de una sola fila<\/strong>: este <a href=\"https:\/\/taizyagromachine.com\/es\/product\/single-row-corn-harvester\/\">recolector de ma\u00edz de 1 fila<\/a> es m\u00e1s compacto y flexible, ideal para parcelas individuales, peque\u00f1as o granjas peque\u00f1as. Este tipo suele ser mayorista, favorecido por distribuidores de todo el mundo.<\/p>    <p>Ambos modelos tienen sus propias ventajas. El modelo con asiento es adecuado para usuarios que buscan eficiencia y comodidad, mientras que el modelo autopropulsado es m\u00e1s adecuado para la demanda de operaci\u00f3n flexible. Dependiendo del entorno operativo y el presupuesto, los clientes son libres de elegir el modelo correcto.<\/p>    <figure class=\"wp-block-gallery has-nested-images columns-default is-cropped wp-block-gallery-2 is-layout-flex wp-block-gallery-is-layout-flex\"> <figure class=\"wp-block-image size-full\"><img loading=\"lazy\" decoding=\"async\" width=\"720\" height=\"540\" data-id=\"7420\" src=\"https:\/\/taizyagromachine.com\/wp-content\/uploads\/2024\/12\/new-type-corn-harvesting-machine.webp\" alt=\"M\u00e1quina cosechadora de ma\u00edz de nuevo tipo\" class=\"wp-image-7420\" srcset=\"https:\/\/taizyagromachine.com\/wp-content\/uploads\/2024\/12\/new-type-corn-harvesting-machine.webp 720w, https:\/\/taizyagromachine.com\/wp-content\/uploads\/2024\/12\/new-type-corn-harvesting-machine-16x12.webp 16w\" sizes=\"auto, (max-width: 720px) 100vw, 720px\" \/><figcaption class=\"wp-element-caption\">M\u00e1quina cosechadora de ma\u00edz de nuevo tipo<\/figcaption><\/figure>    <figure class=\"wp-block-image size-full\"><img loading=\"lazy\" decoding=\"async\" width=\"720\" height=\"540\" data-id=\"7364\" src=\"https:\/\/taizyagromachine.com\/wp-content\/uploads\/2024\/12\/1-row-corn-picker.webp\" alt=\"Recolector de ma\u00edz de 1 hilera\" class=\"wp-image-7364\" srcset=\"https:\/\/taizyagromachine.com\/wp-content\/uploads\/2024\/12\/1-row-corn-picker.webp 720w, https:\/\/taizyagromachine.com\/wp-content\/uploads\/2024\/12\/1-row-corn-picker-16x12.webp 16w\" sizes=\"auto, (max-width: 720px) 100vw, 720px\" \/><figcaption class=\"wp-element-caption\">Recolector de ma\u00edz de 1 hilera<\/figcaption><\/figure> <\/figure>    <h2 class=\"wp-block-heading\"><strong>Servicio postventa que podr\u00e1s disfrutar desde Taizy<\/strong><\/h2>    <p>Despu\u00e9s de comprar la m\u00e1quina cosechadora de ma\u00edz Taize, disfrutar\u00e1 de un completo servicio posventa, que incluye:<\/p>    <ul class=\"wp-block-list\"> <li>Orientaci\u00f3n t\u00e9cnica<\/li>    <li>Suministro suficiente de repuestos.<\/li>    <li>Asesoramiento en mantenimiento de equipos.<\/li>    <li>Preguntas frecuentes sobre preguntas y respuestas en l\u00ednea<\/li> <\/ul>    <p>Los servicios anteriores son para que usted los eche un vistazo. Nuestro servicio posventa garantiza que su m\u00e1quina recolectora de ma\u00edz pueda funcionar de manera estable durante mucho tiempo.<\/p>    <h2 class=\"wp-block-heading\"><strong>\u00a1Contactenos para mas detalles!<\/strong><\/h2>    <p class=\"translation-block\">Si est\u00e1 interesado en la cosechadora de ma\u00edz Taizy, no dude en contactarnos. \u00a1Le proporcionaremos informaci\u00f3n detallada y soluciones de cosecha de <a href=\"https:\/\/en.wikipedia.org\/wiki\/Maize\" target=\"_blank\" rel=\"noopener\">ma\u00edz<\/a>!<\/p>","protected":false},"excerpt":{"rendered":"<p>La m\u00e1quina cosechadora de ma\u00edz Taizy combina las funciones de recolecci\u00f3n, pelado, trituraci\u00f3n de paja y recolecci\u00f3n de ma\u00edz, con una capacidad de 0,05-0,12 h\u33a1\/h.<\/p>","protected":false},"author":1,"featured_media":7412,"parent":0,"template":"","tags":[79,240],"product-type":[17],"class_list":["post-7410","product","type-product","status-publish","has-post-thumbnail","hentry","tag-corn-machine","tag-harvester","product-type-corn-machine"],"_links":{"self":[{"href":"https:\/\/taizyagromachine.com\/es\/wp-json\/wp\/v2\/product\/7410","targetHints":{"allow":["GET"]}}],"collection":[{"href":"https:\/\/taizyagromachine.com\/es\/wp-json\/wp\/v2\/product"}],"about":[{"href":"https:\/\/taizyagromachine.com\/es\/wp-json\/wp\/v2\/types\/product"}],"author":[{"embeddable":true,"href":"https:\/\/taizyagromachine.com\/es\/wp-json\/wp\/v2\/users\/1"}],"wp:featuredmedia":[{"embeddable":true,"href":"https:\/\/taizyagromachine.com\/es\/wp-json\/wp\/v2\/media\/7412"}],"wp:attachment":[{"href":"https:\/\/taizyagromachine.com\/es\/wp-json\/wp\/v2\/media?parent=7410"}],"wp:term":[{"taxonomy":"post_tag","embeddable":true,"href":"https:\/\/taizyagromachine.com\/es\/wp-json\/wp\/v2\/tags?post=7410"},{"taxonomy":"product-type","embeddable":true,"href":"https:\/\/taizyagromachine.com\/es\/wp-json\/wp\/v2\/product-type?post=7410"}],"curies":[{"name":"wp","href":"https:\/\/api.w.org\/{rel}","templated":true}]}}