{"id":7488,"date":"2025-01-08T16:59:19","date_gmt":"2025-01-08T08:59:19","guid":{"rendered":"https:\/\/taizyagromachine.com\/?post_type=product&#038;p=7488"},"modified":"2025-01-08T17:53:44","modified_gmt":"2025-01-08T09:53:44","slug":"automatic-soybean-thresher-machine","status":"publish","type":"product","link":"https:\/\/taizyagromachine.com\/es\/product\/automatic-soybean-thresher-machine\/","title":{"rendered":"Trilladora autom\u00e1tica de soja para uso agr\u00edcola."},"content":{"rendered":"<p class=\"translation-block\">Esta <strong>m\u00e1quina trilladora de soja<\/strong> extrae semillas y vainas de soja, habas, jud\u00edas y otros cultivos de legumbres. Tiene una capacidad de 500-700 kg\/h. La tasa de desgranado es \u226599%, la tasa de rotura es \u22640.5% y la tasa de p\u00e9rdida total es \u22641.0%. <\/p>    <p>La m\u00e1quina de trilla de frijoles puede utilizar un motor el\u00e9ctrico, un motor di\u00e9sel o un toma de fuerza (PTO) para su funcionamiento. Con su f\u00e1cil operaci\u00f3n, amplias aplicaciones y alta eficiencia, es popular en las plantas de procesamiento de frijoles. Si est\u00e1 interesado, \u00a1no dude en contactarnos ahora para m\u00e1s detalles!<\/p>    <figure class=\"wp-block-embed is-type-video is-provider-youtube wp-block-embed-youtube wp-embed-aspect-16-9 wp-has-aspect-ratio\"><div class=\"wp-block-embed__wrapper\"> <iframe loading=\"lazy\" title=\"Trilladora de soja de alta eficiencia | Peque\u00f1a trilladora de frijoles multicultivo para la cosecha de soja.\" width=\"500\" height=\"281\" src=\"https:\/\/www.youtube.com\/embed\/O0HaKNz8GKQ?feature=oembed\" frameborder=\"0\" allow=\"accelerometer; autoplay; clipboard-write; encrypted-media; gyroscope; picture-in-picture; web-share\" referrerpolicy=\"strict-origin-when-cross-origin\" allowfullscreen><\/iframe> <\/div><figcaption class=\"wp-element-caption\">trilladora de frijoles multiusos<\/figcaption><\/figure>    <h2 class=\"wp-block-heading\"><strong>Ventajas de la trilladora de soja.<\/strong><\/h2>    <ul class=\"wp-block-list\"> <li>Puede <strong>trillar 500-700 kg de frijoles por hora<\/strong>, mejorando la eficiencia laboral y reduciendo el trabajo manual.<\/li>    <li>Esta m\u00e1quina trilladora de soja es <strong>Adecuado para todo tipo de cultivos de frijol, como haba, frijol, frijol mungo.<\/strong>, etc.<\/li>    <li>A trav\u00e9s del dise\u00f1o de precisi\u00f3n, el <strong>la p\u00e9rdida durante la trilla es \u22641.0%<\/strong>, muy bajo, lo que garantiza que se recojan intactos m\u00e1s granos de frijol.<\/li>    <li>La m\u00e1quina tiene un <strong>estructura simple, f\u00e1cil de usar<\/strong>, adecuado para diferentes niveles de usuarios.<\/li>    <li>Podemos <strong>Personalice el voltaje, la potencia, la configuraci\u00f3n, el color de la m\u00e1quina.<\/strong> etc. para satisfacer sus demandas.<\/li> <\/ul>   <div class=\"wp-block-image\"> <figure class=\"aligncenter size-full\"><img loading=\"lazy\" decoding=\"async\" width=\"720\" height=\"540\" src=\"https:\/\/taizyagromachine.com\/wp-content\/uploads\/2025\/01\/small-scale-bean-thresher.webp\" alt=\"trilladora de frijoles a peque\u00f1a escala\" class=\"wp-image-7497\" srcset=\"https:\/\/taizyagromachine.com\/wp-content\/uploads\/2025\/01\/small-scale-bean-thresher.webp 720w, https:\/\/taizyagromachine.com\/wp-content\/uploads\/2025\/01\/small-scale-bean-thresher-16x12.webp 16w\" sizes=\"auto, (max-width: 720px) 100vw, 720px\" \/><figcaption class=\"wp-element-caption\">trilladora de frijoles a peque\u00f1a escala<\/figcaption><\/figure> <\/div>   <h2 class=\"wp-block-heading\"><strong>Par\u00e1metros t\u00e9cnicos de la m\u00e1quina trilladora de soja.<\/strong><\/h2>    <figure class=\"wp-block-table\"><table class=\"has-fixed-layout\"><tbody><tr><td>Modelo<\/td><td>5TD-900<\/td><\/tr><tr><td>Capacidad<\/td><td>500-700kg\/hora<\/td><\/tr><tr><td>Poder coincidente<\/td><td>Motor \u22657.5kw o motor diesel de 12-15 caballos de fuerza o toma de fuerza del tractor <\/td><\/tr><tr><td>Tasa de rotura<\/td><td>\u22640,5%<\/td><\/tr><tr><td>Tarifa no eliminada<\/td><td>\u22641.0%<\/td><\/tr><tr><td>Tasa de p\u00e9rdida total<\/td><td>\u22641.0%<\/td><\/tr><tr><td>Velocidad del ventilador<\/td><td>1000-1100 rpm<\/td><\/tr><tr><td>Di\u00e1metro del ventilador del ventilador de succi\u00f3n (ventilador de limpieza)<\/td><td>Profundidad=600 mm<\/td><\/tr><tr><td>Di\u00e1metro\/longitud del tambor<\/td><td>Profundidad=520 mm (o 500), L=900 mm<\/td><\/tr><tr><td>Amplitud de la criba vibratoria<\/td><td>30mm<\/td><\/tr><tr><td>Dimensi\u00f3n (incluidos neum\u00e1ticos y marco de tracci\u00f3n)<\/td><td>340*170*140(o 156)cm<\/td><\/tr><tr><td>Peso<\/td><td>400 kilos<\/td><\/tr><tr><td>Tama\u00f1o de embalaje<\/td><td>M\u00e1quina individual en caja de madera (incluido motor di\u00e9sel) 226*96*124cm<\/td><\/tr><\/tbody><\/table><figcaption class=\"wp-element-caption\">datos de la m\u00e1quina trilladora de frijoles<\/figcaption><\/figure>    <h2 class=\"wp-block-heading\"><strong>Aplicaciones de la trilladora de soja.<\/strong><\/h2>    <p class=\"translation-block\">Esta m\u00e1quina trilladora de granos no solo es para <strong>soja<\/strong>, sino tambi\u00e9n para <strong>habas<\/strong>, <strong>jud\u00edas<\/strong>, <strong>frijoles mungo<\/strong>, <strong>sorgo<\/strong>, <strong>ma\u00edz<\/strong>, <strong>girasol<\/strong>, etc.<\/p>    <p>Los principales escenarios de aplicaci\u00f3n incluyen:<\/p>    <ul class=\"wp-block-list\"> <li><strong>Uso agr\u00edcola<\/strong>: ayuda a los agricultores a mejorar la eficiencia del trabajo y la trilla r\u00e1pida<\/li>    <li><strong>Planta de procesamiento a peque\u00f1a escala<\/strong>: en las plantas de procesamiento de productos de soja, la trilladora se utiliza para procesar r\u00e1pidamente la soja para su posterior procesamiento en leche de soja, tofu, etc.<\/li>    <li><strong>Taller familiar<\/strong>: adecuado para producci\u00f3n a peque\u00f1a escala y reducci\u00f3n de mano de obra.<\/li> <\/ul>    <figure class=\"wp-block-gallery has-nested-images columns-4 is-cropped wp-block-gallery-2 is-layout-flex wp-block-gallery-is-layout-flex\"> <figure class=\"wp-block-image size-full\"><img loading=\"lazy\" decoding=\"async\" width=\"1320\" height=\"1342\" data-id=\"7496\" src=\"https:\/\/taizyagromachine.com\/wp-content\/uploads\/2025\/01\/soybeans.webp\" alt=\"soja\" class=\"wp-image-7496\" srcset=\"https:\/\/taizyagromachine.com\/wp-content\/uploads\/2025\/01\/soybeans.webp 1320w, https:\/\/taizyagromachine.com\/wp-content\/uploads\/2025\/01\/soybeans-12x12.webp 12w\" sizes=\"auto, (max-width: 1320px) 100vw, 1320px\" \/><figcaption class=\"wp-element-caption\">soja<\/figcaption><\/figure>    <figure class=\"wp-block-image size-full\"><img loading=\"lazy\" decoding=\"async\" width=\"889\" height=\"500\" data-id=\"7493\" src=\"https:\/\/taizyagromachine.com\/wp-content\/uploads\/2025\/01\/fava-beans.webp\" alt=\"habas\" class=\"wp-image-7493\" srcset=\"https:\/\/taizyagromachine.com\/wp-content\/uploads\/2025\/01\/fava-beans.webp 889w, https:\/\/taizyagromachine.com\/wp-content\/uploads\/2025\/01\/fava-beans-18x10.webp 18w\" sizes=\"auto, (max-width: 889px) 100vw, 889px\" \/><figcaption class=\"wp-element-caption\">habas<\/figcaption><\/figure>    <figure class=\"wp-block-image size-full\"><img loading=\"lazy\" decoding=\"async\" width=\"640\" height=\"500\" data-id=\"7494\" src=\"https:\/\/taizyagromachine.com\/wp-content\/uploads\/2025\/01\/kidney-beans.webp\" alt=\"frijoles\" class=\"wp-image-7494\" srcset=\"https:\/\/taizyagromachine.com\/wp-content\/uploads\/2025\/01\/kidney-beans.webp 640w, https:\/\/taizyagromachine.com\/wp-content\/uploads\/2025\/01\/kidney-beans-15x12.webp 15w\" sizes=\"auto, (max-width: 640px) 100vw, 640px\" \/><figcaption class=\"wp-element-caption\">frijoles<\/figcaption><\/figure>    <figure class=\"wp-block-image size-full\"><img loading=\"lazy\" decoding=\"async\" width=\"500\" height=\"334\" data-id=\"7495\" src=\"https:\/\/taizyagromachine.com\/wp-content\/uploads\/2025\/01\/mung-beans.webp\" alt=\"frijol mungo\" class=\"wp-image-7495\" srcset=\"https:\/\/taizyagromachine.com\/wp-content\/uploads\/2025\/01\/mung-beans.webp 500w, https:\/\/taizyagromachine.com\/wp-content\/uploads\/2025\/01\/mung-beans-18x12.webp 18w\" sizes=\"auto, (max-width: 500px) 100vw, 500px\" \/><figcaption class=\"wp-element-caption\">frijol mungo<\/figcaption><\/figure> <\/figure>    <h2 class=\"wp-block-heading\"><strong>Estructura de la m\u00e1quina trilladora de soja.<\/strong><\/h2>    <p>La estructura de la m\u00e1quina trilladora de frijoles secos multiusos a la venta incluye varias partes importantes, y la funci\u00f3n de cada parte es la siguiente:<\/p>    <ul class=\"wp-block-list\"> <li><strong>Entrada<\/strong>: introduce la soja a trillar en la m\u00e1quina.<\/li>    <li><strong>tambor de trilla<\/strong>: la parte central de la trilla, que separa la soja de las vainas mediante rotaci\u00f3n.<\/li>    <li><strong>Dispositivo de detecci\u00f3n<\/strong>: filtra las impurezas y separa la soja de la c\u00e1scara.<\/li>    <li><strong>Puerto de descarga<\/strong>: los granos trillados se descargan a trav\u00e9s del puerto de descarga para garantizar limpieza y eficiencia.<\/li>    <li><strong>Sistema de poder<\/strong>: accionado por motor el\u00e9ctrico o motor di\u00e9sel para garantizar un funcionamiento estable de la m\u00e1quina.<\/li> <\/ul>   <div class=\"wp-block-image\"> <figure class=\"aligncenter size-full\"><img loading=\"lazy\" decoding=\"async\" width=\"720\" height=\"540\" src=\"https:\/\/taizyagromachine.com\/wp-content\/uploads\/2025\/01\/bean-thresher-machine-for-sale.webp\" alt=\"Vendo maquina trilladora de frijoles\" class=\"wp-image-7489\" srcset=\"https:\/\/taizyagromachine.com\/wp-content\/uploads\/2025\/01\/bean-thresher-machine-for-sale.webp 720w, https:\/\/taizyagromachine.com\/wp-content\/uploads\/2025\/01\/bean-thresher-machine-for-sale-16x12.webp 16w\" sizes=\"auto, (max-width: 720px) 100vw, 720px\" \/><figcaption class=\"wp-element-caption\">Vendo maquina trilladora de frijoles<\/figcaption><\/figure> <\/div>   <h2 class=\"wp-block-heading\"><strong>\u00bfC\u00f3mo funciona la trilladora de soja?<\/strong><\/h2>    <p>La trilladora de soja separa la soja de las vainas mediante rotaci\u00f3n mec\u00e1nica. En primer lugar, los granos secos ingresan a la trilladora a trav\u00e9s de la entrada y los granos se separan de las vainas mediante la acci\u00f3n giratoria del tambor de trilla. Luego, el dispositivo de cribado dentro de la m\u00e1quina separa los granos de frijol de las impurezas. Finalmente, los granos de frijol limpios se descargan por el puerto de descarga para completar el proceso de trilla.<\/p>    <p>Todo el proceso es limpio y r\u00e1pido, y es bueno garantizar la integridad de los granos.<\/p>    <h2 class=\"wp-block-heading\"><strong>\u00bfCu\u00e1l es el precio de la m\u00e1quina desgranadora de soja?<\/strong><\/h2>    <p>El precio de la trilladora de soja var\u00eda seg\u00fan el sistema de energ\u00eda, la configuraci\u00f3n de la m\u00e1quina, la marca y otros factores.<\/p>    <p>Tres tipos de potencia pueden igualar a la trilladora y el precio de cada una es diferente. Adem\u00e1s, la configuraci\u00f3n interna de la m\u00e1quina es ligeramente diferente seg\u00fan la materia prima a trillar, y el precio tambi\u00e9n es diferente. Sumado a esto, los equipos de marcas reconocidas cuentan con un buen servicio postventa, y el precio ser\u00e1 un poco m\u00e1s elevado que los dem\u00e1s.<\/p>    <p>Nuestra m\u00e1quina trilladora de soja Taizy tiene un precio razonable y es rentable, adecuada para granjas y procesadores de diferentes tama\u00f1os. Si desea conocer el precio espec\u00edfico de la m\u00e1quina, \u00a1p\u00f3ngase en contacto con nosotros para obtener una cotizaci\u00f3n detallada!<\/p>   <div class=\"wp-block-image\"> <figure class=\"aligncenter size-full\"><img loading=\"lazy\" decoding=\"async\" width=\"720\" height=\"540\" src=\"https:\/\/taizyagromachine.com\/wp-content\/uploads\/2025\/01\/soybean-thresher-machine-in-the-factory.webp\" alt=\"M\u00e1quina trilladora de soja en la f\u00e1brica.\" class=\"wp-image-7492\" srcset=\"https:\/\/taizyagromachine.com\/wp-content\/uploads\/2025\/01\/soybean-thresher-machine-in-the-factory.webp 720w, https:\/\/taizyagromachine.com\/wp-content\/uploads\/2025\/01\/soybean-thresher-machine-in-the-factory-16x12.webp 16w\" sizes=\"auto, (max-width: 720px) 100vw, 720px\" \/><figcaption class=\"wp-element-caption\">M\u00e1quina trilladora de soja en la f\u00e1brica.<\/figcaption><\/figure> <\/div>   <h2 class=\"wp-block-heading\"><strong>\u00bfPor qu\u00e9 elegir Taizy como proveedor de m\u00e1quinas trilladoras de soja?<\/strong><\/h2>    <p class=\"translation-block\">\u00bfPor qu\u00e9 elegir Taizy como proveedor de m\u00e1quinas trilladoras de soja cuando hay tantos proveedores de <a href=\"https:\/\/taizyagromachine.com\/es\/product\/multifunctional-thresher\/\">m\u00e1quinas trilladoras multifuncionales<\/a> en el mercado? Hay principalmente los siguientes puntos:<\/p>    <ul class=\"wp-block-list\"> <li><strong>Seguro de calidad<\/strong>La m\u00e1quina de trilla de Taize est\u00e1 integrada con la industria y el comercio. Nuestra f\u00e1brica fabrica el equipo con materiales de alta calidad y estructuras robustas para garantizar un funcionamiento estable a largo plazo.<\/li>    <li><strong>Servicio postventa perfecto<\/strong>: brindamos una serie de servicios como instalaci\u00f3n y puesta en servicio de equipos, capacitaci\u00f3n operativa, soporte t\u00e9cnico, etc. para garantizar que los clientes no tengan preocupaciones.<\/li>    <li><strong>Soluciones personalizadas<\/strong>: De acuerdo con las necesidades del cliente, brindamos configuraciones de equipos personalizadas para satisfacer las necesidades de producci\u00f3n de diferentes escalas.<\/li> <\/ul>    <figure class=\"wp-block-gallery has-nested-images columns-default is-cropped wp-block-gallery-3 is-layout-flex wp-block-gallery-is-layout-flex\"> <figure class=\"wp-block-image size-large\"><img loading=\"lazy\" decoding=\"async\" width=\"720\" height=\"540\" data-id=\"7490\" src=\"https:\/\/taizyagromachine.com\/wp-content\/uploads\/2025\/01\/soya-beans-thresher-machine-manufacturer.webp\" alt=\"fabricante de m\u00e1quinas trilladoras de soja\" class=\"wp-image-7490\" srcset=\"https:\/\/taizyagromachine.com\/wp-content\/uploads\/2025\/01\/soya-beans-thresher-machine-manufacturer.webp 720w, https:\/\/taizyagromachine.com\/wp-content\/uploads\/2025\/01\/soya-beans-thresher-machine-manufacturer-16x12.webp 16w\" sizes=\"auto, (max-width: 720px) 100vw, 720px\" \/><figcaption class=\"wp-element-caption\">fabricante de m\u00e1quinas trilladoras de soja<\/figcaption><\/figure>    <figure class=\"wp-block-image size-large\"><img loading=\"lazy\" decoding=\"async\" width=\"720\" height=\"540\" data-id=\"7491\" src=\"https:\/\/taizyagromachine.com\/wp-content\/uploads\/2025\/01\/soybeans-thresher-in-stock.webp\" alt=\"trilladora de soja en stock\" class=\"wp-image-7491\" srcset=\"https:\/\/taizyagromachine.com\/wp-content\/uploads\/2025\/01\/soybeans-thresher-in-stock.webp 720w, https:\/\/taizyagromachine.com\/wp-content\/uploads\/2025\/01\/soybeans-thresher-in-stock-16x12.webp 16w\" sizes=\"auto, (max-width: 720px) 100vw, 720px\" \/><figcaption class=\"wp-element-caption\">trilladora de soja en stock<\/figcaption><\/figure> <\/figure>    <h2 class=\"wp-block-heading\"><strong>\u00a1Contactenos para mas detalles!<\/strong><\/h2>    <p>Si necesita comprar una m\u00e1quina trilladora de soja o est\u00e1 interesado en nuestro equipo, cont\u00e1ctenos de inmediato. Le proporcionaremos informaci\u00f3n detallada del producto y cotizaciones para ayudarlo a elegir la trilladora m\u00e1s adecuada y ayudar a que su negocio agr\u00edcola se desarrolle con \u00e9xito.<\/p>","protected":false},"excerpt":{"rendered":"<p>Esta m\u00e1quina desgranadora de soja elimina semillas y vainas de soja, frijoles anchos, frijoles rojos y otros cultivos de legumbres. Tiene una capacidad de 500-700 kg\/h.<\/p>","protected":false},"author":1,"featured_media":7498,"parent":0,"template":"","tags":[241],"product-type":[22],"class_list":["post-7488","product","type-product","status-publish","has-post-thumbnail","hentry","tag-soybean","product-type-others"],"_links":{"self":[{"href":"https:\/\/taizyagromachine.com\/es\/wp-json\/wp\/v2\/product\/7488","targetHints":{"allow":["GET"]}}],"collection":[{"href":"https:\/\/taizyagromachine.com\/es\/wp-json\/wp\/v2\/product"}],"about":[{"href":"https:\/\/taizyagromachine.com\/es\/wp-json\/wp\/v2\/types\/product"}],"author":[{"embeddable":true,"href":"https:\/\/taizyagromachine.com\/es\/wp-json\/wp\/v2\/users\/1"}],"wp:featuredmedia":[{"embeddable":true,"href":"https:\/\/taizyagromachine.com\/es\/wp-json\/wp\/v2\/media\/7498"}],"wp:attachment":[{"href":"https:\/\/taizyagromachine.com\/es\/wp-json\/wp\/v2\/media?parent=7488"}],"wp:term":[{"taxonomy":"post_tag","embeddable":true,"href":"https:\/\/taizyagromachine.com\/es\/wp-json\/wp\/v2\/tags?post=7488"},{"taxonomy":"product-type","embeddable":true,"href":"https:\/\/taizyagromachine.com\/es\/wp-json\/wp\/v2\/product-type?post=7488"}],"curies":[{"name":"wp","href":"https:\/\/api.w.org\/{rel}","templated":true}]}}