{"id":7875,"date":"2025-04-17T17:29:23","date_gmt":"2025-04-17T09:29:23","guid":{"rendered":"https:\/\/taizyagromachine.com\/?post_type=product&#038;p=7875"},"modified":"2025-04-17T17:29:24","modified_gmt":"2025-04-17T09:29:24","slug":"combine-potato-harvester","status":"publish","type":"product","link":"https:\/\/taizyagromachine.com\/es\/product\/combine-potato-harvester\/","title":{"rendered":"Combine la cosechadora de papa con tractor"},"content":{"rendered":"<p class=\"translation-block\">La <strong>cosechadora de patatas<\/strong> Taizy se puede utilizar con un tractor de cuatro ruedas para completar la excavaci\u00f3n, el transporte, la recolecci\u00f3n, la carga y otras operaciones de patatas a la vez. La potencia del tractor acoplado es \u2265 40 CV (dependiendo del modelo de la m\u00e1quina), con un c\u00f3modo enganche y una gran maniobrabilidad.<\/p>    <p>Esta excavadora de papa de 3 puntos puede cosechar 5-8 mu de papas o batatas por hora, y la velocidad de la papa Ming es \u226596%, y la velocidad de rotura de la piel es \u22642%. Tiene las ventajas de la carga autom\u00e1tica, la alta eficiencia de cosecha, la baja velocidad de rotura, la luz sin vibraci\u00f3n, sin taponamiento de hierba, fugas r\u00e1pidas del suelo y una larga vida \u00fatil. Por lo tanto, esta m\u00e1quina es ideal para cosechar equipos agr\u00edcolas. \u00bfEst\u00e1s interesado? \u00a1P\u00f3ngase en contacto con nosotros ahora para comprar uno!<\/p>    <figure class=\"wp-block-embed is-type-video is-provider-youtube wp-block-embed-youtube wp-embed-aspect-16-9 wp-has-aspect-ratio\"><div class=\"wp-block-embed__wrapper\"> <iframe loading=\"lazy\" title=\"Patata Combine la cosechadora con tractor | Equipo de recolecci\u00f3n de papas para cavar papas #harvester\" width=\"500\" height=\"281\" src=\"https:\/\/www.youtube.com\/embed\/B5UAHV-4Zjw?feature=oembed\" frameborder=\"0\" allow=\"accelerometer; autoplay; clipboard-write; encrypted-media; gyroscope; picture-in-picture; web-share\" referrerpolicy=\"strict-origin-when-cross-origin\" allowfullscreen><\/iframe> <\/div><figcaption class=\"wp-element-caption\">Video de la m\u00e1quina de recolecci\u00f3n de papas<\/figcaption><\/figure>    <h2 class=\"wp-block-heading\"><strong>Ventajas de la cosechadora de papa en venta<\/strong><\/h2>    <ul class=\"wp-block-list\"> <li>A trav\u00e9s de la operaci\u00f3n autom\u00e1tica, el \u00e1rea de operaci\u00f3n puede llegar <strong>5-8 mu por hora<\/strong>, que ahorra enormemente los costos de mano de obra y tiempo.<\/li>    <li>Adopta un <strong>Tamiz vibrante + dise\u00f1o de estructura de transmisi\u00f3n de goma suave<\/strong>, minimizando el da\u00f1o a los cultivos en el proceso de cosecha, manteniendo intacta la apariencia de papas.<\/li>    <li>Si es <strong>Suelo arenoso, suelo arcilloso o arcilla<\/strong>, el excavador de papa para tractor puede mantener una operaci\u00f3n estable, adecuada para varias parcelas de tierra.<\/li>    <li>La m\u00e1quina tiene un <strong>dise\u00f1o estructural razonable<\/strong>, y los agricultores comunes tambi\u00e9n pueden comenzar r\u00e1pidamente, reduciendo el umbral operativo.<\/li> <\/ul>    <figure class=\"wp-block-gallery has-nested-images columns-default is-cropped wp-block-gallery-2 is-layout-flex wp-block-gallery-is-layout-flex\"> <figure class=\"wp-block-image size-large\"><img loading=\"lazy\" decoding=\"async\" width=\"720\" height=\"540\" data-id=\"7879\" src=\"https:\/\/taizyagromachine.com\/wp-content\/uploads\/2025\/04\/potato-harvester-machine.webp\" alt=\"m\u00e1quina de cosechador de papas\" class=\"wp-image-7879\" srcset=\"https:\/\/taizyagromachine.com\/wp-content\/uploads\/2025\/04\/potato-harvester-machine.webp 720w, https:\/\/taizyagromachine.com\/wp-content\/uploads\/2025\/04\/potato-harvester-machine-16x12.webp 16w\" sizes=\"auto, (max-width: 720px) 100vw, 720px\" \/><figcaption class=\"wp-element-caption\">m\u00e1quina de cosechador de papas<\/figcaption><\/figure>    <figure class=\"wp-block-image size-full\"><img loading=\"lazy\" decoding=\"async\" width=\"720\" height=\"540\" data-id=\"7881\" src=\"https:\/\/taizyagromachine.com\/wp-content\/uploads\/2025\/04\/unique-peanut-digger-design.webp\" alt=\"Dise\u00f1o \u00fanico de excavadores de man\u00ed\" class=\"wp-image-7881\" srcset=\"https:\/\/taizyagromachine.com\/wp-content\/uploads\/2025\/04\/unique-peanut-digger-design.webp 720w, https:\/\/taizyagromachine.com\/wp-content\/uploads\/2025\/04\/unique-peanut-digger-design-16x12.webp 16w\" sizes=\"auto, (max-width: 720px) 100vw, 720px\" \/><figcaption class=\"wp-element-caption\">Dise\u00f1o \u00fanico de excavadores de man\u00ed<\/figcaption><\/figure> <\/figure>    <h2 class=\"wp-block-heading\"><strong>Par\u00e1metros t\u00e9cnicos de cosechadora de papas<\/strong><\/h2>    <figure class=\"wp-block-table\"><table class=\"has-fixed-layout\"><tbody><tr><td>Modelo<\/td><td>4UQL-1300<\/td><td>4UQL-1600<\/td><\/tr><tr><td>Productividad<\/td><td>5-8mu\/h<\/td><td>5-8mu\/h<\/td><\/tr><tr><td>Profundidad de trabajo<\/td><td>250 mm<\/td><td>250 mm<\/td><\/tr><tr><td>Anchura de trabajo<\/td><td>1300 mm<\/td><td>1600 mm<\/td><\/tr><tr><td>Tasa de papa ming<\/td><td>\u226596%<\/td><td>\u226596%<\/td><\/tr><tr><td>Tasa de rotura de la piel<\/td><td>\u22642%<\/td><td>\u22642%<\/td><\/tr><tr><td>Velocidad de la PTO<\/td><td>560 rpm<\/td><td>560 rpm<\/td><\/tr><tr><td>Poder igualado<\/td><td>\u226540hp<\/td><td>\u226560hp<\/td><\/tr><tr><td>Peso bruto de la m\u00e1quina total<\/td><td>1700 kg<\/td><td>1800 kg<\/td><\/tr><tr><td>Peso neto de la m\u00e1quina total<\/td><td>1560 kg<\/td><td>1660 kg<\/td><\/tr><tr><td>Dimensi\u00f3n global<\/td><td>4500*4000*2700 mm<\/td><td>4500*4000*2700 mm<\/td><\/tr><tr><td>Tama\u00f1o de embalaje<\/td><td>3200*1800*1850 mm<\/td><td>3250*2000*1950 mm<\/td><\/tr><\/tbody><\/table><figcaption class=\"wp-element-caption\">Especificaciones del cosechador de combinaci\u00f3n de papa<\/figcaption><\/figure>    <h2 class=\"wp-block-heading\"><strong>Aplicaciones de la m\u00e1quina de recolecci\u00f3n de papas<\/strong><\/h2>    <p>Esta m\u00e1quina cosechadora de patatas se utiliza principalmente para cosechar plantas de tallo subterr\u00e1neo como patatas, batatas, ajo y zanahorias. Es adecuada para granjas peque\u00f1as y medianas, cooperativas de cultivadores de patatas, grandes bases de cultivo, concesionarios de maquinaria agr\u00edcola, solicitantes de programas de subsidios para maquinaria agr\u00edcola, etc.<\/p>    <figure class=\"wp-block-gallery has-nested-images columns-default is-cropped wp-block-gallery-3 is-layout-flex wp-block-gallery-is-layout-flex\"> <figure class=\"wp-block-image size-large\"><img loading=\"lazy\" decoding=\"async\" width=\"750\" height=\"600\" data-id=\"7882\" src=\"https:\/\/taizyagromachine.com\/wp-content\/uploads\/2025\/04\/applications-of-sweet-potato-harvesting-machine.webp\" alt=\"Aplicaciones de la m\u00e1quina de recolecci\u00f3n de camote\" class=\"wp-image-7882\" srcset=\"https:\/\/taizyagromachine.com\/wp-content\/uploads\/2025\/04\/applications-of-sweet-potato-harvesting-machine.webp 750w, https:\/\/taizyagromachine.com\/wp-content\/uploads\/2025\/04\/applications-of-sweet-potato-harvesting-machine-15x12.webp 15w\" sizes=\"auto, (max-width: 750px) 100vw, 750px\" \/><figcaption class=\"wp-element-caption\">Aplicaciones de la m\u00e1quina de recolecci\u00f3n de camote<\/figcaption><\/figure>    <figure class=\"wp-block-image size-large\"><img loading=\"lazy\" decoding=\"async\" width=\"750\" height=\"600\" data-id=\"7883\" src=\"https:\/\/taizyagromachine.com\/wp-content\/uploads\/2025\/04\/working-scenes-of-3-point-hitch-peanut-digger-machine.webp\" alt=\"Escenas de trabajo de la m\u00e1quina de excavadores de man\u00ed de enganche de 3 puntos\" class=\"wp-image-7883\" srcset=\"https:\/\/taizyagromachine.com\/wp-content\/uploads\/2025\/04\/working-scenes-of-3-point-hitch-peanut-digger-machine.webp 750w, https:\/\/taizyagromachine.com\/wp-content\/uploads\/2025\/04\/working-scenes-of-3-point-hitch-peanut-digger-machine-15x12.webp 15w\" sizes=\"auto, (max-width: 750px) 100vw, 750px\" \/><figcaption class=\"wp-element-caption\">Escenas de trabajo de la m\u00e1quina de excavadores de man\u00ed de enganche de 3 puntos<\/figcaption><\/figure> <\/figure>    <h2 class=\"wp-block-heading\"><strong>\u00bfCu\u00e1l es el precio de la cosechadora de patatas?<\/strong><\/h2>    <p>El precio de una excavadora de papa de 3 puntos depende del modelo de la m\u00e1quina, la configuraci\u00f3n de caracter\u00edsticas y los requisitos de personalizaci\u00f3n. El precio general var\u00eda de unos pocos miles a decenas de miles de d\u00f3lares. Por ejemplo, el precio de una cosechadora de combinaci\u00f3n b\u00e1sica es bajo, mientras que el precio de un tipo combinado multifuncional con un transportador es relativamente alto. Para obtener una tabla de comparaci\u00f3n de cotizaci\u00f3n y par\u00e1metros espec\u00edficos, no dude en contactarnos con la informaci\u00f3n de su requisito.<\/p>   <div class=\"wp-block-image\"> <figure class=\"aligncenter size-full\"><img loading=\"lazy\" decoding=\"async\" width=\"720\" height=\"540\" src=\"https:\/\/taizyagromachine.com\/wp-content\/uploads\/2025\/04\/single-row-potato-digger-for-tractor.webp\" alt=\"excavador de papa de una sola fila para tractor\" class=\"wp-image-7880\" srcset=\"https:\/\/taizyagromachine.com\/wp-content\/uploads\/2025\/04\/single-row-potato-digger-for-tractor.webp 720w, https:\/\/taizyagromachine.com\/wp-content\/uploads\/2025\/04\/single-row-potato-digger-for-tractor-16x12.webp 16w\" sizes=\"auto, (max-width: 720px) 100vw, 720px\" \/><figcaption class=\"wp-element-caption\">excavador de papa de una sola fila para tractor<\/figcaption><\/figure> <\/div>   <h2 class=\"wp-block-heading\"><strong>\u00bfPor qu\u00e9 elegir Taizy entre muchos fabricantes de m\u00e1quinas de recolecci\u00f3n de papas?<\/strong><\/h2>    <p>Taizy tiene muchos a\u00f1os de experiencia en fabricaci\u00f3n de maquinaria agr\u00edcola, y nuestros productos se exportan a m\u00e1s de 80 pa\u00edses en todo el mundo y los usuarios conf\u00edan en el mundo. Nuestras ventajas incluyen:<\/p>    <ul class=\"wp-block-list\"> <li>Equipo t\u00e9cnico profesional, admitir servicio personalizado<\/li>    <li>Control de calidad estricto y envasado y transporte confiables<\/li>    <li>Proceso completo de soporte postventa y gu\u00eda de video<\/li>    <li>Rendimiento estable y rentable, adecuado para usuarios de diferentes escalas<\/li> <\/ul>    <p>Si est\u00e1 interesado en la m\u00e1quina de la cosechadora de papas, elegir Taizy es elegir calidad, servicio y garant\u00eda.<\/p>   <div class=\"wp-block-image\"> <figure class=\"aligncenter size-full\"><img loading=\"lazy\" decoding=\"async\" width=\"720\" height=\"540\" src=\"https:\/\/taizyagromachine.com\/wp-content\/uploads\/2025\/04\/commercial-potato-combine-harvester.webp\" alt=\"cosechadora de papa comercial\" class=\"wp-image-7885\" srcset=\"https:\/\/taizyagromachine.com\/wp-content\/uploads\/2025\/04\/commercial-potato-combine-harvester.webp 720w, https:\/\/taizyagromachine.com\/wp-content\/uploads\/2025\/04\/commercial-potato-combine-harvester-16x12.webp 16w\" sizes=\"auto, (max-width: 720px) 100vw, 720px\" \/><figcaption class=\"wp-element-caption\">cosechadora de papa comercial<\/figcaption><\/figure> <\/div>   <h2 class=\"wp-block-heading\"><strong>Otro tipo: m\u00e1quina de cosechadora de papa peque\u00f1a<\/strong><\/h2>    <p class=\"translation-block\">Para peque\u00f1os agricultores o usuarios con parcelas de tierra peque\u00f1as, tambi\u00e9n ofrecemos equipos de cosecha de patatas peque\u00f1os de mano. La m\u00e1quina es de tama\u00f1o peque\u00f1o, peso ligero, operaci\u00f3n simple, adecuada para acoplar con un <strong>tractor de tim\u00f3n<\/strong> de 15-20 CV, que es la opci\u00f3n ideal para plantaciones familiares, granjas peque\u00f1as y usuarios de \u00e1reas monta\u00f1osas.<\/p>   <div class=\"wp-block-image\"> <figure class=\"aligncenter size-full\"><img loading=\"lazy\" decoding=\"async\" width=\"720\" height=\"540\" src=\"https:\/\/taizyagromachine.com\/wp-content\/uploads\/2025\/04\/small-potato-harvesting-machine-with-two-wheel-tractor.webp\" alt=\"m\u00e1quina de recolecci\u00f3n de papa peque\u00f1a con tractor de dos ruedas\" class=\"wp-image-7886\" srcset=\"https:\/\/taizyagromachine.com\/wp-content\/uploads\/2025\/04\/small-potato-harvesting-machine-with-two-wheel-tractor.webp 720w, https:\/\/taizyagromachine.com\/wp-content\/uploads\/2025\/04\/small-potato-harvesting-machine-with-two-wheel-tractor-16x12.webp 16w\" sizes=\"auto, (max-width: 720px) 100vw, 720px\" \/><figcaption class=\"wp-element-caption\">m\u00e1quina de recolecci\u00f3n de papa peque\u00f1a con tractor de dos ruedas<\/figcaption><\/figure> <\/div>   <h2 class=\"wp-block-heading\"><strong>\u00a1Cont\u00e1ctenos ahora para m\u00e1s detalles!<\/strong><\/h2>    <p class=\"translation-block\">\u00bfQuiere saber m\u00e1s sobre el modelo, precio o informaci\u00f3n de video de la cosechadora de patatas? \u00a1No dude en contactarnos! Taizy ofrece consulta gratuita, recomendaci\u00f3n de programas, demostraciones en l\u00ednea para ayudarle a elegir la soluci\u00f3n de cosecha de <strong>patatas<\/strong> adecuada.<\/p>   <div class=\"wp-block-image\"> <figure class=\"aligncenter size-full\"><img loading=\"lazy\" decoding=\"async\" width=\"720\" height=\"540\" src=\"https:\/\/taizyagromachine.com\/wp-content\/uploads\/2025\/04\/potato-harvesting.webp\" alt=\"cosecha de papas\" class=\"wp-image-7884\" srcset=\"https:\/\/taizyagromachine.com\/wp-content\/uploads\/2025\/04\/potato-harvesting.webp 720w, https:\/\/taizyagromachine.com\/wp-content\/uploads\/2025\/04\/potato-harvesting-16x12.webp 16w\" sizes=\"auto, (max-width: 720px) 100vw, 720px\" \/><figcaption class=\"wp-element-caption\">cosecha de papas<\/figcaption><\/figure> <\/div>","protected":false},"excerpt":{"rendered":"<p>El cosechador de patatas Taizy puede completar la excavaci\u00f3n, el transporte, la recolecci\u00f3n, la carga y otras operaciones a la vez, trabajando con un tractor de 4 ruedas. Tiene una capacidad de 5-8 Mu\/h.<\/p>","protected":false},"author":1,"featured_media":7878,"parent":0,"template":"","tags":[242],"product-type":[22],"class_list":["post-7875","product","type-product","status-publish","has-post-thumbnail","hentry","tag-potato","product-type-others"],"_links":{"self":[{"href":"https:\/\/taizyagromachine.com\/es\/wp-json\/wp\/v2\/product\/7875","targetHints":{"allow":["GET"]}}],"collection":[{"href":"https:\/\/taizyagromachine.com\/es\/wp-json\/wp\/v2\/product"}],"about":[{"href":"https:\/\/taizyagromachine.com\/es\/wp-json\/wp\/v2\/types\/product"}],"author":[{"embeddable":true,"href":"https:\/\/taizyagromachine.com\/es\/wp-json\/wp\/v2\/users\/1"}],"wp:featuredmedia":[{"embeddable":true,"href":"https:\/\/taizyagromachine.com\/es\/wp-json\/wp\/v2\/media\/7878"}],"wp:attachment":[{"href":"https:\/\/taizyagromachine.com\/es\/wp-json\/wp\/v2\/media?parent=7875"}],"wp:term":[{"taxonomy":"post_tag","embeddable":true,"href":"https:\/\/taizyagromachine.com\/es\/wp-json\/wp\/v2\/tags?post=7875"},{"taxonomy":"product-type","embeddable":true,"href":"https:\/\/taizyagromachine.com\/es\/wp-json\/wp\/v2\/product-type?post=7875"}],"curies":[{"name":"wp","href":"https:\/\/api.w.org\/{rel}","templated":true}]}}