{"id":7953,"date":"2025-04-30T18:25:49","date_gmt":"2025-04-30T10:25:49","guid":{"rendered":"https:\/\/taizyagromachine.com\/?post_type=product&#038;p=7953"},"modified":"2025-05-06T14:43:41","modified_gmt":"2025-05-06T06:43:41","slug":"manure-and-fertilizer-spreader-truck","status":"publish","type":"product","link":"https:\/\/taizyagromachine.com\/es\/product\/manure-and-fertilizer-spreader-truck\/","title":{"rendered":"Cami\u00f3n esparcidor de esti\u00e9rcol y fertilizante"},"content":{"rendered":"<p class=\"translation-block\">El <strong>cami\u00f3n esparcidor de fertilizantes<\/strong> de Taizy est\u00e1 dise\u00f1ado para esparcir diversos esti\u00e9rcoles secos y h\u00famedos, fertilizantes granulados, fertilizantes org\u00e1nicos, fertilizantes qu\u00edmicos, etc., en los campos agr\u00edcolas. Es adecuado para cooperativas de cr\u00eda y grandes bases de plantaci\u00f3n.<\/p>    <p>Este esparcidor de esti\u00e9rcol para tractor es del tipo PTO, con un tractor de \u226550HP, tiene un volumen de 3m\u00b3, 6m\u00b3, 8m\u00b3, 10m\u00b3 y 12m\u00b3, y una distancia de esparcimiento de 4-16m. La m\u00e1quina esparcidora puede lanzar el esti\u00e9rcol de un cami\u00f3n en 5-10 minutos, con una capacidad de alrededor de 500 Mu por d\u00eda.<\/p>    <p>Toda la m\u00e1quina est\u00e1 controlada hidr\u00e1ulicamente, moldeada de forma integral, no soldada, y es m\u00e1s duradera y resistente a la corrosi\u00f3n. Puede esparcir de manera eficiente y uniforme todo tipo de fertilizantes granulares, fertilizantes org\u00e1nicos y fertilizantes de esti\u00e9rcol seco, lo que la convierte en una herramienta ideal para mejorar la efectividad de los fertilizantes agr\u00edcolas y ahorrar mano de obra. \u00bfInteresado? Cont\u00e1ctenos para obtener m\u00e1s informaci\u00f3n.<\/p>    <figure class=\"wp-block-embed is-type-video is-provider-youtube wp-block-embed-youtube wp-embed-aspect-16-9 wp-has-aspect-ratio\"><div class=\"wp-block-embed__wrapper\"> <iframe loading=\"lazy\" title=\"Esparcidor de esti\u00e9rcol de suministro de tractor | \u00bfC\u00f3mo funciona el cami\u00f3n esparcidor de fertilizante? Esti\u00e9rcol de caballo y aves de corral\" width=\"500\" height=\"281\" src=\"https:\/\/www.youtube.com\/embed\/JDF1syW7Qso?feature=oembed\" frameborder=\"0\" allow=\"accelerometer; autoplay; clipboard-write; encrypted-media; gyroscope; picture-in-picture; web-share\" referrerpolicy=\"strict-origin-when-cross-origin\" allowfullscreen><\/iframe> <\/div><figcaption class=\"wp-element-caption\">video de cami\u00f3n esparcidor de esti\u00e9rcol<\/figcaption><\/figure>    <h2 class=\"wp-block-heading\"><strong>Ventajas del cami\u00f3n esparcidor de fertilizante de 3 puntos<\/strong><\/h2>    <ul class=\"wp-block-list\"> <li>El marco de tracci\u00f3n del esparcidor de esti\u00e9rcol es un <strong>tubo cuadrado de 20*20cm<\/strong>, m\u00e1s s\u00f3lido y duradero.<\/li>    <li>La cadena de alimentaci\u00f3n de fertilizante adopta un <strong>tubo cuadrado de 4*6cm con una pared de 5mm de grosor.<\/strong>l, y el c<strong>el hebilla de la cadena adopta grado de miner\u00eda<\/strong>, que no es f\u00e1cil de deformar y romper durante un largo tiempo de alimentaci\u00f3n y esparcimiento de fertilizantes.<\/li>    <li>El tanque de aceite hidr\u00e1ulico de gran capacidad est\u00e1 equipado con un <strong>dispositivo de refrigeraci\u00f3n por aire<\/strong>, que asegura la refrigeraci\u00f3n del aceite hidr\u00e1ulico.<\/li>    <li>Nuestro cami\u00f3n esparcidor de fertilizante de tipo tirado est\u00e1 equipado con un <strong>v\u00e1lvula de control de flujo (10 marchas)<\/strong>, ajustable. Cuanto mayor sea la engranaje, m\u00e1s r\u00e1pida ser\u00e1 la velocidad.<\/li>    <li>Tomando como ejemplo un cami\u00f3n esparcidor de esti\u00e9rcol de 6m\u00b3, est\u00e1 equipado con <strong>un disco doble de 68 cm de di\u00e1metro, una distancia de lanzamiento de 4-15m<\/strong>que se puede ajustar libremente.<\/li> <\/ul>    <figure class=\"wp-block-gallery has-nested-images columns-default is-cropped wp-block-gallery-2 is-layout-flex wp-block-gallery-is-layout-flex\"> <figure class=\"wp-block-image size-large\"><img loading=\"lazy\" decoding=\"async\" width=\"720\" height=\"540\" data-id=\"7961\" src=\"https:\/\/taizyagromachine.com\/wp-content\/uploads\/2025\/04\/3-point-fertilizer-spreader-truck-1.webp\" alt=\"Cami\u00f3n esparcidor de fertilizante de 3 puntos\" class=\"wp-image-7961\" srcset=\"https:\/\/taizyagromachine.com\/wp-content\/uploads\/2025\/04\/3-point-fertilizer-spreader-truck-1.webp 720w, https:\/\/taizyagromachine.com\/wp-content\/uploads\/2025\/04\/3-point-fertilizer-spreader-truck-1-16x12.webp 16w\" sizes=\"auto, (max-width: 720px) 100vw, 720px\" \/><figcaption class=\"wp-element-caption\">Cami\u00f3n esparcidor de fertilizante de 3 puntos<\/figcaption><\/figure>    <figure class=\"wp-block-image size-large\"><img loading=\"lazy\" decoding=\"async\" width=\"720\" height=\"540\" data-id=\"7962\" src=\"https:\/\/taizyagromachine.com\/wp-content\/uploads\/2025\/04\/3-point-hitch-fertilizer-spreader.webp\" alt=\"Esparcidor de fertilizante de enganche de 3 puntos\" class=\"wp-image-7962\" srcset=\"https:\/\/taizyagromachine.com\/wp-content\/uploads\/2025\/04\/3-point-hitch-fertilizer-spreader.webp 720w, https:\/\/taizyagromachine.com\/wp-content\/uploads\/2025\/04\/3-point-hitch-fertilizer-spreader-16x12.webp 16w\" sizes=\"auto, (max-width: 720px) 100vw, 720px\" \/><figcaption class=\"wp-element-caption\">Esparcidor de fertilizante de enganche de 3 puntos<\/figcaption><\/figure> <\/figure>    <h2 class=\"wp-block-heading\"><strong>Par\u00e1metros t\u00e9cnicos del cami\u00f3n esparcidor de fertilizante seco<\/strong><\/h2>    <p>Nuestro esparcidor de esti\u00e9rcol seco y l\u00edquido ofrece varias opciones de capacidad, incluyendo 3m\u00b3, 6m\u00b3, 8m\u00b3, 10m\u00b3 y 12m\u00b3, que se pueden seleccionar libremente seg\u00fan el \u00e1rea de trabajo y el tipo de esti\u00e9rcol. Aqu\u00ed est\u00e1n los par\u00e1metros de los tres modelos com\u00fanmente vendidos para su referencia.<\/p>    <figure class=\"wp-block-table\"><table class=\"has-fixed-layout\"><tbody><tr><td><strong>Art\u00edculo <\/strong><strong><\/strong><\/td><td><strong>2FGH-3<\/strong><strong><\/strong><\/td><td><strong>2FGH-6<\/strong><\/td><td><strong>2FGH-8<\/strong><\/td><\/tr><tr><td>Volumen del silo &nbsp;<\/td><td>3m\u00b3<\/td><td>6m\u00b3<\/td><td>8m\u00b3<\/td><\/tr><tr><td>Tama\u00f1o global<\/td><td>4850*1800*2050mm<\/td><td>5750*2050*2430mm<\/td><td>6350*2200*2430mm<\/td><\/tr><tr><td>Forma estructural<\/td><td>Tipo de caja<\/td><td>Tipo de caja<\/td><td>Tipo de caja<\/td><\/tr><tr><td>Forma de trabajo<\/td><td>Lanzamiento hacia atr\u00e1s<\/td><td>Lanzamiento hacia atr\u00e1s<\/td><td>Lanzamiento hacia atr\u00e1s<\/td><\/tr><tr><td>M\u00e9todo de entrega de fertilizante org\u00e1nico<\/td><td>Empuje hidr\u00e1ulico de cadena<\/td><td>Empuje hidr\u00e1ulico de cadena<\/td><td>Empuje hidr\u00e1ulico de cadena<\/td><\/tr><tr><td>Tipo de dispositivo de esparcimiento<\/td><td>Doble disco trasero<\/td><td>Doble disco trasero<\/td><td>Doble disco trasero<\/td><\/tr><tr><td>Ancho de esparcimiento<\/td><td>&gt;=5m<\/td><td>&gt;=5m<\/td><td>&gt;=5m<\/td><\/tr><tr><td>Cantidad de discos<\/td><td>2 piezas<\/td><td>2 piezas<\/td><td>2 piezas<\/td><\/tr><tr><td>Neum\u00e1tico<\/td><td>2 piezas<\/td><td>2 piezas<\/td><td>2 piezas<\/td><\/tr><tr><td>N\u00famero de neum\u00e1tico<\/td><td>20.5\/70-16<\/td><td>298\/60R22.5<\/td><td>295\/60R22.5<\/td><\/tr><tr><td>Poder igualado<\/td><td>\u226550CV<\/td><td>\u226560.3kw<\/td><td>\u226570kw<\/td><\/tr><tr><td>Capacidad m\u00e1xima de carga<\/td><td>2400kg<\/td><td>4800kg<\/td><td>6000kg<\/td><\/tr><tr><td>Eficiencia de trabajo<\/td><td>Aproximadamente 5-10 min\/cami\u00f3n (el tiempo de esparcimiento depende de los diferentes fertilizantes)<\/td><td>Aproximadamente 5-10 min\/cami\u00f3n (el tiempo de esparcimiento depende de los diferentes fertilizantes)<\/td><td>Aproximadamente 5-10 min\/cami\u00f3n (el tiempo de esparcimiento depende de los diferentes fertilizantes)<\/td><\/tr><\/tbody><\/table><figcaption class=\"wp-element-caption\">par\u00e1metros del cami\u00f3n esparcidor de fertilizante seco y l\u00edquido<\/figcaption><\/figure>    <figure class=\"wp-block-gallery has-nested-images columns-default is-cropped wp-block-gallery-3 is-layout-flex wp-block-gallery-is-layout-flex\"> <figure class=\"wp-block-image size-large\"><img loading=\"lazy\" decoding=\"async\" width=\"720\" height=\"540\" data-id=\"7956\" src=\"https:\/\/taizyagromachine.com\/wp-content\/uploads\/2025\/04\/pto-driven-manure-spreader-truck.webp\" alt=\"cami\u00f3n esparcidor de esti\u00e9rcol accionado por toma de fuerza\" class=\"wp-image-7956\" srcset=\"https:\/\/taizyagromachine.com\/wp-content\/uploads\/2025\/04\/pto-driven-manure-spreader-truck.webp 720w, https:\/\/taizyagromachine.com\/wp-content\/uploads\/2025\/04\/pto-driven-manure-spreader-truck-16x12.webp 16w\" sizes=\"auto, (max-width: 720px) 100vw, 720px\" \/><figcaption class=\"wp-element-caption\">cami\u00f3n esparcidor de esti\u00e9rcol accionado por toma de fuerza<\/figcaption><\/figure>    <figure class=\"wp-block-image size-large\"><img loading=\"lazy\" decoding=\"async\" width=\"720\" height=\"540\" data-id=\"7957\" src=\"https:\/\/taizyagromachine.com\/wp-content\/uploads\/2025\/04\/tractor-manure-spreader.webp\" alt=\"esparcidor de esti\u00e9rcol para tractor\" class=\"wp-image-7957\" srcset=\"https:\/\/taizyagromachine.com\/wp-content\/uploads\/2025\/04\/tractor-manure-spreader.webp 720w, https:\/\/taizyagromachine.com\/wp-content\/uploads\/2025\/04\/tractor-manure-spreader-16x12.webp 16w\" sizes=\"auto, (max-width: 720px) 100vw, 720px\" \/><figcaption class=\"wp-element-caption\">esparcidor de esti\u00e9rcol para tractor<\/figcaption><\/figure> <\/figure>    <h2 class=\"wp-block-heading\"><strong>Aplicaciones del cami\u00f3n esparcidor de esti\u00e9rcol<\/strong><\/h2>    <p>El cami\u00f3n esparcidor de fertilizante montado en tractor Taizy es adecuado para todo tipo de esti\u00e9rcol seco y h\u00famedo, fertilizante org\u00e1nico, fertilizante granular y operaci\u00f3n de esparcimiento de fertilizante qu\u00edmico, ampliamente utilizado en:<\/p>    <ul class=\"wp-block-list\"> <li>Operaci\u00f3n de retorno de esti\u00e9rcol de granjas<\/li>    <li>Esparcimiento de fertilizante org\u00e1nico en bases de cultivo<\/li>    <li>Proyecto de aplicaci\u00f3n de fertilizantes a gran escala de cooperativas agr\u00edcolas<\/li> <\/ul>    <h2 class=\"wp-block-heading\"><strong>\u00bfCu\u00e1l es el precio del esparcidor de esti\u00e9rcol montado en cami\u00f3n?<\/strong><\/h2>    <p>Los precios de los camiones esparcidores de fertilizante var\u00edan seg\u00fan diferentes capacidades, configuraciones y si est\u00e1n personalizados o no. Por ejemplo, el precio de un esparcidor de esti\u00e9rcol de 6m\u00b3 para tractor con sistema de tornillo vertical ser\u00e1 m\u00e1s alto que el de la m\u00e1quina con control hidr\u00e1ulico y sistema de doble disco.<\/p>    <p>Apoyamos soluciones personalizadas de acuerdo con los presupuestos y necesidades operativas de los clientes. No dude en contactarnos para obtener la \u00faltima cotizaci\u00f3n y soluciones de transporte.<\/p>    <figure class=\"wp-block-gallery has-nested-images columns-default is-cropped wp-block-gallery-4 is-layout-flex wp-block-gallery-is-layout-flex\"> <figure class=\"wp-block-image size-large\"><img loading=\"lazy\" decoding=\"async\" width=\"720\" height=\"540\" data-id=\"7959\" src=\"https:\/\/taizyagromachine.com\/wp-content\/uploads\/2025\/04\/3-point-fertilizer-spreader-truck.webp\" alt=\"Cami\u00f3n esparcidor de fertilizante de 3 puntos\" class=\"wp-image-7959\" srcset=\"https:\/\/taizyagromachine.com\/wp-content\/uploads\/2025\/04\/3-point-fertilizer-spreader-truck.webp 720w, https:\/\/taizyagromachine.com\/wp-content\/uploads\/2025\/04\/3-point-fertilizer-spreader-truck-16x12.webp 16w\" sizes=\"auto, (max-width: 720px) 100vw, 720px\" \/><figcaption class=\"wp-element-caption\">Cami\u00f3n esparcidor de fertilizante de 3 puntos<\/figcaption><\/figure>    <figure class=\"wp-block-image size-large\"><img loading=\"lazy\" decoding=\"async\" width=\"720\" height=\"540\" data-id=\"7960\" src=\"https:\/\/taizyagromachine.com\/wp-content\/uploads\/2025\/04\/compact-manure-spreader-truck.webp\" alt=\"cami\u00f3n esparcidor de esti\u00e9rcol compacto\" class=\"wp-image-7960\" srcset=\"https:\/\/taizyagromachine.com\/wp-content\/uploads\/2025\/04\/compact-manure-spreader-truck.webp 720w, https:\/\/taizyagromachine.com\/wp-content\/uploads\/2025\/04\/compact-manure-spreader-truck-16x12.webp 16w\" sizes=\"auto, (max-width: 720px) 100vw, 720px\" \/><figcaption class=\"wp-element-caption\">cami\u00f3n esparcidor de esti\u00e9rcol compacto<\/figcaption><\/figure> <\/figure>    <h2 class=\"wp-block-heading\"><strong>Consejos para elegir un cami\u00f3n esparcidor de fertilizante agr\u00edcola adecuado<\/strong><\/h2>    <p>Seg\u00fan nuestra experiencia, las siguientes son las sugerencias de compra para un cami\u00f3n esparcidor de esti\u00e9rcol, que incluyen principalmente:<\/p>    <ul class=\"wp-block-list\"> <li>Definir la escena de uso y el tipo de fertilizante<\/li>    <li>Elecci\u00f3n razonable de capacidad<\/li>    <li>Prestar atenci\u00f3n al ancho de esparcimiento de fertilizantes y la eficiencia<\/li>    <li>Potencia de coincidencia del tractor<\/li>    <li>Prestar atenci\u00f3n al sistema hidr\u00e1ulico y la conveniencia de operaci\u00f3n<\/li>    <li>Elegir proveedores confiables<\/li> <\/ul>    <p>Lo anterior son algunas sugerencias que se dan al momento de comprar. Si necesita m\u00e1s detalles, \u00a1no dude en contactarnos!<\/p>    <h2 class=\"wp-block-heading\"><strong>\u00bfPor qu\u00e9 elegir a Taizy como proveedor de camiones esparcidores de fertilizante de esti\u00e9rcol?<\/strong><\/h2>    <p>Elegir Taizy entre muchos proveedores de esparcidores de esti\u00e9rcol en venta se debe a que:<\/p>    <ul class=\"wp-block-list\"> <li><strong>Rica experiencia<\/strong>tiene muchos a\u00f1os de experiencia en exportaci\u00f3n de maquinaria agr\u00edcola, los productos se exportan a Asia, \u00c1frica, Europa y otros pa\u00edses.<\/li>    <li><strong>Tecnolog\u00eda confiable<\/strong>Al adoptar componentes de marca de primera clase, todo el cami\u00f3n esparcidor de esti\u00e9rcol est\u00e1 moldeado en una sola pieza, lo que le proporciona una vida \u00fatil m\u00e1s larga.<\/li>    <li><strong>Apoyo a la personalizaci\u00f3n<\/strong>: Proporcionamos soluciones exclusivas seg\u00fan el terreno, cultivo y requisitos de potencia del cliente.<\/li>    <li><strong>Garant\u00eda postventa<\/strong>Accesorios completos, gu\u00eda de video remota y un servicio m\u00e1s confiable para el cami\u00f3n esparcidor de fertilizante Taizy.<\/li> <\/ul>    <figure class=\"wp-block-gallery has-nested-images columns-default is-cropped wp-block-gallery-5 is-layout-flex wp-block-gallery-is-layout-flex\"> <figure class=\"wp-block-image size-large\"><img loading=\"lazy\" decoding=\"async\" width=\"720\" height=\"540\" data-id=\"7963\" src=\"https:\/\/taizyagromachine.com\/wp-content\/uploads\/2025\/04\/three-point-hitch-fertilizer-spreader-truck.webp\" alt=\"cami\u00f3n esparcidor de fertilizante de enganche de tres puntos\" class=\"wp-image-7963\" srcset=\"https:\/\/taizyagromachine.com\/wp-content\/uploads\/2025\/04\/three-point-hitch-fertilizer-spreader-truck.webp 720w, https:\/\/taizyagromachine.com\/wp-content\/uploads\/2025\/04\/three-point-hitch-fertilizer-spreader-truck-16x12.webp 16w\" sizes=\"auto, (max-width: 720px) 100vw, 720px\" \/><figcaption class=\"wp-element-caption\">cami\u00f3n esparcidor de fertilizante de enganche de tres puntos<\/figcaption><\/figure>    <figure class=\"wp-block-image size-large\"><img loading=\"lazy\" decoding=\"async\" width=\"720\" height=\"540\" data-id=\"7964\" src=\"https:\/\/taizyagromachine.com\/wp-content\/uploads\/2025\/04\/truck-mounted-manure-spreader.webp\" alt=\"cami\u00f3n esparcidor de esti\u00e9rcol montado\" class=\"wp-image-7964\" srcset=\"https:\/\/taizyagromachine.com\/wp-content\/uploads\/2025\/04\/truck-mounted-manure-spreader.webp 720w, https:\/\/taizyagromachine.com\/wp-content\/uploads\/2025\/04\/truck-mounted-manure-spreader-16x12.webp 16w\" sizes=\"auto, (max-width: 720px) 100vw, 720px\" \/><figcaption class=\"wp-element-caption\">cami\u00f3n esparcidor de esti\u00e9rcol montado<\/figcaption><\/figure> <\/figure>    <h2 class=\"wp-block-heading\"><strong>\u00a1Cont\u00e1ctenos para obtener una cotizaci\u00f3n gratuita y informaci\u00f3n en video!<\/strong><\/h2>    <p class=\"translation-block\">Ya sea una cooperativa agr\u00edcola, un rancho o un sitio de cultivo, Taizy tiene una soluci\u00f3n de esparcimiento de fertilizantes eficiente y duradera.<\/p>    <ul class=\"wp-block-list\"> <li>Comunicaci\u00f3n r\u00e1pida a trav\u00e9s de WhatsApp, WeChat y correo electr\u00f3nico.<\/li>    <li>Video de trabajo del equipo gratuito, lista de piezas de repuesto y plan de transporte.<\/li>    <li>Servicio uno a uno por consultores de ventas profesionales para garantizar una compra sin preocupaciones.<\/li> <\/ul>    <p class=\"translation-block\">Tambi\u00e9n tenemos otras m\u00e1quinas de ensilaje a la venta, como la empacadora de ensilaje, la cosechadora de ensilaje para su vida agr\u00edcola. \u00a1P\u00f3ngase en contacto con nosotros para m\u00e1s detalles!<\/p>","protected":false},"excerpt":{"rendered":"<p>El cami\u00f3n esparcidor de fertilizante Taizy es para esparcir diversos esti\u00e9rcoles secos y h\u00famedos, fertilizantes granulares, fertilizantes org\u00e1nicos, fertilizantes qu\u00edmicos, etc., en los campos agr\u00edcolas, con un volumen de 3m\u00b3, 6m\u00b3, 8m\u00b3, 10m\u00b3 y 12m\u00b3.<\/p>","protected":false},"author":1,"featured_media":7955,"parent":0,"template":"","tags":[116],"product-type":[19],"class_list":["post-7953","product","type-product","status-publish","has-post-thumbnail","hentry","tag-silage","product-type-silage-machine"],"_links":{"self":[{"href":"https:\/\/taizyagromachine.com\/es\/wp-json\/wp\/v2\/product\/7953","targetHints":{"allow":["GET"]}}],"collection":[{"href":"https:\/\/taizyagromachine.com\/es\/wp-json\/wp\/v2\/product"}],"about":[{"href":"https:\/\/taizyagromachine.com\/es\/wp-json\/wp\/v2\/types\/product"}],"author":[{"embeddable":true,"href":"https:\/\/taizyagromachine.com\/es\/wp-json\/wp\/v2\/users\/1"}],"wp:featuredmedia":[{"embeddable":true,"href":"https:\/\/taizyagromachine.com\/es\/wp-json\/wp\/v2\/media\/7955"}],"wp:attachment":[{"href":"https:\/\/taizyagromachine.com\/es\/wp-json\/wp\/v2\/media?parent=7953"}],"wp:term":[{"taxonomy":"post_tag","embeddable":true,"href":"https:\/\/taizyagromachine.com\/es\/wp-json\/wp\/v2\/tags?post=7953"},{"taxonomy":"product-type","embeddable":true,"href":"https:\/\/taizyagromachine.com\/es\/wp-json\/wp\/v2\/product-type?post=7953"}],"curies":[{"name":"wp","href":"https:\/\/api.w.org\/{rel}","templated":true}]}}