{"id":8326,"date":"2025-10-13T15:06:47","date_gmt":"2025-10-13T07:06:47","guid":{"rendered":"https:\/\/taizyagromachine.com\/?post_type=product&#038;p=8326"},"modified":"2025-10-13T16:49:26","modified_gmt":"2025-10-13T08:49:26","slug":"small-scale-grain-thresher-machine","status":"publish","type":"product","link":"https:\/\/taizyagromachine.com\/es\/product\/small-scale-grain-thresher-machine\/","title":{"rendered":"Trilladora de granos a peque\u00f1a escala"},"content":{"rendered":"<p class=\"translation-block\">La Taizy MT-1500 multimodular <strong>trilladora de granos<\/strong> combina alta eficiencia con versatilidad, ampliamente utilizada para trillado de ma\u00edz (con tapas), mijo, sorgo, soja, arroz, trigo y otros granos y cereales. Satisface las necesidades de procesamiento durante todo el a\u00f1o para m\u00faltiples cultivos en una granja con una \u00fanica m\u00e1quina. Su capacidad var\u00eda de 2-5 t por hora, preferida por el Proyecto de Licitaci\u00f3n Agr\u00edcola.<\/p>    <p>Esta trilladora de cosecha puede usar motor di\u00e9sel (con arranque el\u00e9ctrico) o motor el\u00e9ctrico como fuente de energ\u00eda, equipada con ruedas grandes y un marco, muy apreciada por los clientes africanos. Ya sea para granjas familiares, cooperativas o instalaciones de procesamiento de granos, nuestra trilladora de granos ofrece trillado eficiente, reduce los costos laborales y aumenta la producci\u00f3n.<\/p>    <figure class=\"wp-block-embed is-type-video is-provider-youtube wp-block-embed-youtube wp-embed-aspect-16-9 wp-has-aspect-ratio\"><div class=\"wp-block-embed__wrapper\"> <iframe loading=\"lazy\" title=\"Desgranadora multifuncional MT-1500 para ma\u00edz, mijo, sorgo | M\u00e1quina desgranadora de m\u00faltiples granos\" width=\"500\" height=\"281\" src=\"https:\/\/www.youtube.com\/embed\/q6hb9pE17o4?feature=oembed\" frameborder=\"0\" allow=\"accelerometer; autoplay; clipboard-write; encrypted-media; gyroscope; picture-in-picture; web-share\" referrerpolicy=\"strict-origin-when-cross-origin\" allowfullscreen><\/iframe> <\/div><figcaption class=\"wp-element-caption\">v\u00eddeo de trabajo de desgranadora de m\u00faltiples granos<\/figcaption><\/figure>    <h2 class=\"wp-block-heading\"><strong>Ventajas de la trilladora multifunci\u00f3n de granos<\/strong><\/h2>    <p>Alta compatibilidad multigrano: satisface demandas de trillado para diversos cultivos (ma\u00edz, trigo, arroz, mijo, sorgo, frijol, etc.) a lo largo de diferentes temporadas.<\/p>    <ul class=\"wp-block-list\"> <li>Dise\u00f1o de doble c\u00e1mara: permite trillado secundario para granos m\u00e1s limpios y menores p\u00e9rdidas.<\/li>    <li>Sistema de doble ventilador: elimina las impurezas con mayor eficiencia de limpieza.<\/li>    <li>Construcci\u00f3n robusta: chasis estable con ruedas grandes para zonas rurales o terreno irregular.<\/li>    <li>Operaci\u00f3n y mantenimiento f\u00e1ciles de usar: ideal para uso diario por agricultores, cooperativas y sitios de procesamiento agr\u00edcola.<\/li> <\/ul>    <figure class=\"wp-block-gallery has-nested-images columns-default is-cropped wp-block-gallery-2 is-layout-flex wp-block-gallery-is-layout-flex\"> <figure class=\"wp-block-image size-large\"><img loading=\"lazy\" decoding=\"async\" width=\"720\" height=\"540\" data-id=\"8332\" src=\"https:\/\/taizyagromachine.com\/wp-content\/uploads\/2025\/10\/multi-crop-threshing-machine.webp\" alt=\"trilladora multicultivo\" class=\"wp-image-8332\" srcset=\"https:\/\/taizyagromachine.com\/wp-content\/uploads\/2025\/10\/multi-crop-threshing-machine.webp 720w, https:\/\/taizyagromachine.com\/wp-content\/uploads\/2025\/10\/multi-crop-threshing-machine-16x12.webp 16w\" sizes=\"auto, (max-width: 720px) 100vw, 720px\" \/><figcaption class=\"wp-element-caption\">trilladora multicultivo<\/figcaption><\/figure>    <figure class=\"wp-block-image size-large\"><img loading=\"lazy\" decoding=\"async\" width=\"720\" height=\"540\" data-id=\"8333\" src=\"https:\/\/taizyagromachine.com\/wp-content\/uploads\/2025\/10\/multifunctional-grain-thresher-machine-for-sale.webp\" alt=\"trilladora multifunci\u00f3n de granos a la venta\" class=\"wp-image-8333\" srcset=\"https:\/\/taizyagromachine.com\/wp-content\/uploads\/2025\/10\/multifunctional-grain-thresher-machine-for-sale.webp 720w, https:\/\/taizyagromachine.com\/wp-content\/uploads\/2025\/10\/multifunctional-grain-thresher-machine-for-sale-16x12.webp 16w\" sizes=\"auto, (max-width: 720px) 100vw, 720px\" \/><figcaption class=\"wp-element-caption\">trilladora multifunci\u00f3n de granos a la venta<\/figcaption><\/figure> <\/figure>    <figure class=\"wp-block-gallery has-nested-images columns-default is-cropped wp-block-gallery-3 is-layout-flex wp-block-gallery-is-layout-flex\"> <figure class=\"wp-block-image size-large\"><img loading=\"lazy\" decoding=\"async\" width=\"720\" height=\"540\" data-id=\"8336\" src=\"https:\/\/taizyagromachine.com\/wp-content\/uploads\/2025\/10\/new-type-multipurpose-threshing-machine.webp\" alt=\"nueva trilladora multifunci\u00f3n de granos\" class=\"wp-image-8336\" srcset=\"https:\/\/taizyagromachine.com\/wp-content\/uploads\/2025\/10\/new-type-multipurpose-threshing-machine.webp 720w, https:\/\/taizyagromachine.com\/wp-content\/uploads\/2025\/10\/new-type-multipurpose-threshing-machine-16x12.webp 16w\" sizes=\"auto, (max-width: 720px) 100vw, 720px\" \/><figcaption class=\"wp-element-caption\">nueva trilladora multifunci\u00f3n de granos<\/figcaption><\/figure>    <figure class=\"wp-block-image size-large\"><img loading=\"lazy\" decoding=\"async\" width=\"720\" height=\"540\" data-id=\"8334\" src=\"https:\/\/taizyagromachine.com\/wp-content\/uploads\/2025\/10\/multifunctional-thresher-machine-for-grains.webp\" alt=\"trilladora multifunci\u00f3n para granos\" class=\"wp-image-8334\" srcset=\"https:\/\/taizyagromachine.com\/wp-content\/uploads\/2025\/10\/multifunctional-thresher-machine-for-grains.webp 720w, https:\/\/taizyagromachine.com\/wp-content\/uploads\/2025\/10\/multifunctional-thresher-machine-for-grains-16x12.webp 16w\" sizes=\"auto, (max-width: 720px) 100vw, 720px\" \/><figcaption class=\"wp-element-caption\">trilladora multifunci\u00f3n para granos<\/figcaption><\/figure> <\/figure>    <h2 class=\"wp-block-heading\"><strong>Par\u00e1metros de la trilladora de granos<\/strong><\/h2>    <figure class=\"wp-block-table\"><table class=\"has-fixed-layout\"><tbody><tr><td>Modelo<\/td><td>MT-1500<\/td><\/tr><tr><td>Configuraci\u00f3n de energ\u00eda<\/td><td>Motor di\u00e9sel: 15\u201318 hp, arranque el\u00e9ctrico<br>Motor el\u00e9ctrico: Tres fases 7.5 kW<\/td><\/tr><tr><td>Capacidad<\/td><td>Mijo: 3 t\/h<br>Ma\u00edz: 5t\/h<br>Arroz\/Trigo: 2t\/h<\/td><\/tr><tr><td>Aplicaciones<\/td><td>Ma\u00edz, mijo, sorgo, soja, arroz, trigo, etc.<\/td><\/tr><\/tbody><\/table><figcaption class=\"wp-element-caption\">especificaciones de trilladora multifunci\u00f3n de granos<\/figcaption><\/figure>    <h2 class=\"wp-block-heading\"><strong>Estructura de la trilladora Taizy<\/strong><\/h2>    <p>Como fabricante y proveedor profesional de equipos agr\u00edcolas, actualizamos la m\u00e1quina para atender mejor a los clientes africanos y a proyectos de licitaci\u00f3n. Su estructura incluye entrada, salida, alimentaci\u00f3n, marco, c\u00e1mara de trillado, etc. Consulte el diagrama a continuaci\u00f3n para m\u00e1s detalles.<\/p>    <div class=\"wp-block-columns is-layout-flex wp-container-core-columns-is-layout-9d6595d7 wp-block-columns-is-layout-flex\"> <div class=\"wp-block-column is-layout-flow wp-block-column-is-layout-flow\"> <figure class=\"wp-block-image size-full\"><img loading=\"lazy\" decoding=\"async\" width=\"720\" height=\"540\" src=\"https:\/\/taizyagromachine.com\/wp-content\/uploads\/2025\/10\/components-of-multi-grain-thresher.webp\" alt=\"componentes de trilladora de m\u00faltiples granos\" class=\"wp-image-8327\" srcset=\"https:\/\/taizyagromachine.com\/wp-content\/uploads\/2025\/10\/components-of-multi-grain-thresher.webp 720w, https:\/\/taizyagromachine.com\/wp-content\/uploads\/2025\/10\/components-of-multi-grain-thresher-16x12.webp 16w\" sizes=\"auto, (max-width: 720px) 100vw, 720px\" \/><figcaption class=\"wp-element-caption\">componentes de trilladora de m\u00faltiples granos<\/figcaption><\/figure> <\/div>    <div class=\"wp-block-column is-layout-flow wp-block-column-is-layout-flow\"> <figure class=\"wp-block-image size-full\"><img loading=\"lazy\" decoding=\"async\" width=\"720\" height=\"540\" src=\"https:\/\/taizyagromachine.com\/wp-content\/uploads\/2025\/10\/structure-of-grain-threshing-machine.webp\" alt=\"estructura de la trilladora de granos\" class=\"wp-image-8328\" srcset=\"https:\/\/taizyagromachine.com\/wp-content\/uploads\/2025\/10\/structure-of-grain-threshing-machine.webp 720w, https:\/\/taizyagromachine.com\/wp-content\/uploads\/2025\/10\/structure-of-grain-threshing-machine-16x12.webp 16w\" sizes=\"auto, (max-width: 720px) 100vw, 720px\" \/><figcaption class=\"wp-element-caption\">estructura de la trilladora de granos<\/figcaption><\/figure> <\/div> <\/div>    <h2 class=\"wp-block-heading\"><strong>\u00bfPor qu\u00e9 la trilladora Taizy es adecuada para proyectos de licitaci\u00f3n?<\/strong><\/h2>    <p>La trilladora multifuncional Taizy MT-1500 no solo ofrece un rendimiento destacado, sino tambi\u00e9n varias ventajas adecuadas para licitaciones internacionales y adquisiciones de proyectos agr\u00edcolas:<\/p>    <ol class=\"wp-block-list\"> <li>Tecnol\u00f3gicamente maduro con rendimiento estable <ul class=\"wp-block-list\"> <li>Ampliamente desplegada en \u00c1frica, el sur de Asia y otras regiones, esta m\u00e1quina funciona de manera fiable con mantenimiento simple y alta intercambiabilidad de componentes.<\/li> <\/ul> <\/li>    <li>Alto costo-efectividad <ul class=\"wp-block-list\"> <li>Cada unidad cuesta solo unos pocos cientos de d\u00f3lares (sin contar la energ\u00eda), lo que la hace m\u00e1s asequible que equipos importados similares. Su rendimiento es comparable a los modelos licitados en \u00c1frica.<\/li> <\/ul> <\/li>    <li>Opciones de energ\u00eda flexibles <ul class=\"wp-block-list\"> <li>Los clientes pueden elegir tracci\u00f3n di\u00e9sel o el\u00e9ctrica seg\u00fan las condiciones locales, cubriendo las necesidades de \u00e1reas sin electricidad o grandes granjas.<\/li> <\/ul> <\/li>    <li>Cumple con m\u00faltiples normas agr\u00edcolas <ul class=\"wp-block-list\"> <li>La estructura del producto cumple con requisitos de exportaci\u00f3n con embalaje estandarizado y ofrece certificaciones CE, ISO y otras, adecuada para proyectos de ayuda y compras gubernamentales.<\/li> <\/ul> <\/li> <\/ol>    <figure class=\"wp-block-gallery has-nested-images columns-default is-cropped wp-block-gallery-4 is-layout-flex wp-block-gallery-is-layout-flex\"> <figure class=\"wp-block-image size-large\"><img loading=\"lazy\" decoding=\"async\" width=\"720\" height=\"540\" data-id=\"8337\" src=\"https:\/\/taizyagromachine.com\/wp-content\/uploads\/2025\/10\/grain-thresher-with-traction.webp\" alt=\"trilladora con tracci\u00f3n\" class=\"wp-image-8337\" srcset=\"https:\/\/taizyagromachine.com\/wp-content\/uploads\/2025\/10\/grain-thresher-with-traction.webp 720w, https:\/\/taizyagromachine.com\/wp-content\/uploads\/2025\/10\/grain-thresher-with-traction-16x12.webp 16w\" sizes=\"auto, (max-width: 720px) 100vw, 720px\" \/><figcaption class=\"wp-element-caption\">trilladora con tracci\u00f3n<\/figcaption><\/figure>    <figure class=\"wp-block-image size-large\"><img loading=\"lazy\" decoding=\"async\" width=\"720\" height=\"540\" data-id=\"8338\" src=\"https:\/\/taizyagromachine.com\/wp-content\/uploads\/2025\/10\/multi-grain-threshing-machine-from-Taizy.webp\" alt=\"trilladora multigrano de Taizy\" class=\"wp-image-8338\" srcset=\"https:\/\/taizyagromachine.com\/wp-content\/uploads\/2025\/10\/multi-grain-threshing-machine-from-Taizy.webp 720w, https:\/\/taizyagromachine.com\/wp-content\/uploads\/2025\/10\/multi-grain-threshing-machine-from-Taizy-16x12.webp 16w\" sizes=\"auto, (max-width: 720px) 100vw, 720px\" \/><figcaption class=\"wp-element-caption\">trilladora multigrano de Taizy<\/figcaption><\/figure> <\/figure>    <figure class=\"wp-block-gallery has-nested-images columns-default is-cropped wp-block-gallery-5 is-layout-flex wp-block-gallery-is-layout-flex\"> <figure class=\"wp-block-image size-large\"><img loading=\"lazy\" decoding=\"async\" width=\"720\" height=\"540\" data-id=\"8341\" src=\"https:\/\/taizyagromachine.com\/wp-content\/uploads\/2025\/10\/multi-grain-thresher-for-corn.webp\" alt=\"trilladora multigrano para ma\u00edz\" class=\"wp-image-8341\" srcset=\"https:\/\/taizyagromachine.com\/wp-content\/uploads\/2025\/10\/multi-grain-thresher-for-corn.webp 720w, https:\/\/taizyagromachine.com\/wp-content\/uploads\/2025\/10\/multi-grain-thresher-for-corn-16x12.webp 16w\" sizes=\"auto, (max-width: 720px) 100vw, 720px\" \/><figcaption class=\"wp-element-caption\">trilladora multigrano para ma\u00edz<\/figcaption><\/figure>    <figure class=\"wp-block-image size-large\"><img loading=\"lazy\" decoding=\"async\" width=\"719\" height=\"540\" data-id=\"8340\" src=\"https:\/\/taizyagromachine.com\/wp-content\/uploads\/2025\/10\/grain-threshing-machine-for-millet.webp\" alt=\"trilladora de granos para mijo\" class=\"wp-image-8340\" srcset=\"https:\/\/taizyagromachine.com\/wp-content\/uploads\/2025\/10\/grain-threshing-machine-for-millet.webp 719w, https:\/\/taizyagromachine.com\/wp-content\/uploads\/2025\/10\/grain-threshing-machine-for-millet-16x12.webp 16w\" sizes=\"auto, (max-width: 719px) 100vw, 719px\" \/><figcaption class=\"wp-element-caption\">trilladora de granos para mijo<\/figcaption><\/figure>    <figure class=\"wp-block-image size-large\"><img loading=\"lazy\" decoding=\"async\" width=\"720\" height=\"540\" data-id=\"8339\" src=\"https:\/\/taizyagromachine.com\/wp-content\/uploads\/2025\/10\/crop-thresher-for-sorghum.webp\" alt=\"trilladora para sorgo\" class=\"wp-image-8339\" srcset=\"https:\/\/taizyagromachine.com\/wp-content\/uploads\/2025\/10\/crop-thresher-for-sorghum.webp 720w, https:\/\/taizyagromachine.com\/wp-content\/uploads\/2025\/10\/crop-thresher-for-sorghum-16x12.webp 16w\" sizes=\"auto, (max-width: 720px) 100vw, 720px\" \/><figcaption class=\"wp-element-caption\">trilladora para sorgo<\/figcaption><\/figure> <\/figure>    <h2 class=\"wp-block-heading\"><strong>\u00bfC\u00f3mo pedir esta trilladora multiusos de Taizy?<\/strong><\/h2>    <p>Pedir la trilladora Taizy MT-1500 es sencillo:<\/p>    <ol class=\"wp-block-list\"> <li>Cont\u00e1ctenos <ul class=\"wp-block-list\"> <li>Puede contactar a Taizy v\u00eda correo electr\u00f3nico, WhatsApp o formulario en nuestro sitio oficial.<\/li> <\/ul> <\/li>    <li>Confirme los requisitos <ul class=\"wp-block-list\"> <li>Especifique cultivos objetivo (p. ej., ma\u00edz, mijo, arroz), fuente de energ\u00eda (motor el\u00e9ctrico\/ motor di\u00e9sel) y producci\u00f3n prevista. Recomendaremos la configuraci\u00f3n \u00f3ptima de la m\u00e1quina.<\/li> <\/ul> <\/li>    <li>Cotizaci\u00f3n y contrato <ul class=\"wp-block-list\"> <li>Proporcionaremos especificaciones t\u00e9cnicas detalladas, precios, plazos de entrega y arreglos de env\u00edo.<\/li> <\/ul> <\/li>    <li>Dep\u00f3sito y producci\u00f3n O pago completo <ul class=\"wp-block-list\"> <li>Paga el dep\u00f3sito y comenzamos la producci\u00f3n. Despu\u00e9s de la producci\u00f3n, enviaremos v\u00eddeos y fotos de la m\u00e1quina para tu confirmaci\u00f3n.<\/li>    <li>Cuando la m\u00e1quina est\u00e9 en stock, empacaremos los productos al recibir su pago completo.<\/li> <\/ul> <\/li>    <li>Env\u00edo y servicio postventa <ul class=\"wp-block-list\"> <li>Taizy mantiene un proceso de exportaci\u00f3n probado y una red de soporte para garantizar entrega oportuna, orientaci\u00f3n t\u00e9cnica y capacitaci\u00f3n operativa.<\/li> <\/ul> <\/li> <\/ol>    <p>Nuestra trilladora de granos integra alta eficiencia, gran adaptabilidad y bajo mantenimiento, adecuada para granjas, cooperativas y empresas de procesamiento agr\u00edcola de todos los tama\u00f1os. Ya sea para producci\u00f3n nacional o proyectos de exportaci\u00f3n, gana preferencia en el mercado por su rendimiento destacado y precio razonable.<\/p>    <p>Adem\u00e1s, disponemos de otros equipos de procesamiento de ma\u00edz, como:<\/p>    <ul class=\"wp-block-list\"> <li><a href=\"https:\/\/taizyagromachine.com\/es\/product\/no-till-corn-planter-machine\/\">maquina sembradora de maiz<\/a><\/li>    <li><a href=\"https:\/\/taizyagromachine.com\/es\/product\/single-row-corn-harvester\/\">Recolectora de ma\u00edz de una fila<\/a><\/li>    <li><a href=\"https:\/\/taizyagromachine.com\/es\/product\/fresh-corn-sheller\/\">Rebajadora de ma\u00edz fresco<\/a><\/li>    <li><a href=\"https:\/\/taizyagromachine.com\/es\/product\/maize-grits-milling-machine\/\">M\u00e1quina de s\u00e9mola de ma\u00edz<\/a><\/li> <\/ul>    <p>Si est\u00e1 interesado, \u00a1bienvenido a contactarnos en cualquier momento!<\/p>","protected":false},"excerpt":{"rendered":"<p>La nueva trilladora multiusos Taizy MT-1500 procesa eficientemente ma\u00edz, mijo, sorgo, soja y otros cultivos. Su dise\u00f1o de c\u00e1mara dual y doble flujo de aire garantiza alta limpieza y eliminaci\u00f3n completa de impurezas. Con opciones de potencia flexibles y precios competitivos, es especialmente adecuada para granjas y proyectos de adquisiciones gubernamentales en los mercados africanos y del sur de Asia.<\/p>","protected":false},"author":1,"featured_media":8346,"parent":0,"template":"","tags":[235],"product-type":[17],"class_list":["post-8326","product","type-product","status-publish","has-post-thumbnail","hentry","tag-corn","product-type-corn-machine"],"_links":{"self":[{"href":"https:\/\/taizyagromachine.com\/es\/wp-json\/wp\/v2\/product\/8326","targetHints":{"allow":["GET"]}}],"collection":[{"href":"https:\/\/taizyagromachine.com\/es\/wp-json\/wp\/v2\/product"}],"about":[{"href":"https:\/\/taizyagromachine.com\/es\/wp-json\/wp\/v2\/types\/product"}],"author":[{"embeddable":true,"href":"https:\/\/taizyagromachine.com\/es\/wp-json\/wp\/v2\/users\/1"}],"wp:featuredmedia":[{"embeddable":true,"href":"https:\/\/taizyagromachine.com\/es\/wp-json\/wp\/v2\/media\/8346"}],"wp:attachment":[{"href":"https:\/\/taizyagromachine.com\/es\/wp-json\/wp\/v2\/media?parent=8326"}],"wp:term":[{"taxonomy":"post_tag","embeddable":true,"href":"https:\/\/taizyagromachine.com\/es\/wp-json\/wp\/v2\/tags?post=8326"},{"taxonomy":"product-type","embeddable":true,"href":"https:\/\/taizyagromachine.com\/es\/wp-json\/wp\/v2\/product-type?post=8326"}],"curies":[{"name":"wp","href":"https:\/\/api.w.org\/{rel}","templated":true}]}}