{"id":8359,"date":"2025-10-22T14:52:26","date_gmt":"2025-10-22T06:52:26","guid":{"rendered":"https:\/\/taizyagromachine.com\/?post_type=product&#038;p=8359"},"modified":"2025-10-22T15:16:22","modified_gmt":"2025-10-22T07:16:22","slug":"multi-rice-and-wheat-thresher-machine","status":"publish","type":"product","link":"https:\/\/taizyagromachine.com\/es\/product\/multi-rice-and-wheat-thresher-machine\/","title":{"rendered":"M\u00e1quina trilladora autopropulsada para arroz y trigo"},"content":{"rendered":"<p class=\"translation-block\">La trilladora de arroz y trigo Taizy <strong>puede procesar no solo arroz y trigo, sino tambi\u00e9n una variedad de cultivos de grano, incluyendo sorgo, mijo, quinoa, soja y colza. Para diferentes granos, puede cambiar los tamices correspondientes.<\/strong> <\/p>    <p>Esta trilladora multifunci\u00f3n de arroz y trigo puede usar motor de gasolina, motor di\u00e9sel o motor el\u00e9ctrico como fuente de energ\u00eda, y puede elegirse seg\u00fan sus demandas. Tiene una capacidad de 600-800 kg\/h, neum\u00e1ticos grandes, f\u00e1cil de mover. \u00a1Para m\u00e1s detalles, cont\u00e1ctenos inmediatamente!<\/p>    <figure class=\"wp-block-embed is-type-video is-provider-youtube wp-block-embed-youtube wp-embed-aspect-16-9 wp-has-aspect-ratio\"><div class=\"wp-block-embed__wrapper\"> <iframe loading=\"lazy\" title=\"Video de funcionamiento de la trilladora de arroz y trigo multifunci\u00f3n | M\u00e1quina de trilla de grano de alta eficiencia\" width=\"500\" height=\"281\" src=\"https:\/\/www.youtube.com\/embed\/xAsettSXftw?feature=oembed\" frameborder=\"0\" allow=\"accelerometer; autoplay; clipboard-write; encrypted-media; gyroscope; picture-in-picture; web-share\" referrerpolicy=\"strict-origin-when-cross-origin\" allowfullscreen><\/iframe> <\/div><figcaption class=\"wp-element-caption\">video de la m\u00e1quina de trillar arroz y trigo<\/figcaption><\/figure>    <h2 class=\"wp-block-heading\"><strong>Ventajas de la trilladora de arroz y trigo Taizy<\/strong><\/h2>    <ul class=\"wp-block-list\"> <li>Puede procesar <strong>600-800 kg por hora<\/strong>, que es altamente eficiente para granjas peque\u00f1as y medianas.<\/li>    <li>Esta trilladora multifuncional <strong>separa r\u00e1pidamente arroz, trigo, ma\u00edz, sorgo, quinoa, soja, mijo, s\u00e9samo,<\/strong> y otros cultivos, ofreciendo una verdadera funcionalidad multiprop\u00f3sito.<\/li>    <li>Con un <strong>tasa de trilla superior al 98%<\/strong> y un <strong>tasa de rotura por debajo del 2%<\/strong>, preserva eficazmente la calidad del grano.<\/li>    <li>La trilladora de arroz y trigo Taizy tiene <strong>neum\u00e1ticos grandes<\/strong> y una estructura compacta, <strong>f\u00e1cil de mover<\/strong>, lo que la hace ideal para agricultores individuales, cooperativas y peque\u00f1as granjas.<\/li> <\/ul>    <figure class=\"wp-block-gallery has-nested-images columns-default is-cropped wp-block-gallery-2 is-layout-flex wp-block-gallery-is-layout-flex\"> <figure class=\"wp-block-image size-large\"><img loading=\"lazy\" decoding=\"async\" width=\"720\" height=\"540\" data-id=\"8366\" src=\"https:\/\/taizyagromachine.com\/wp-content\/uploads\/2025\/10\/grain-threshing-machine-for-rice-wheat.webp\" alt=\"m\u00e1quina de trillar grano para arroz y trigo\" class=\"wp-image-8366\" srcset=\"https:\/\/taizyagromachine.com\/wp-content\/uploads\/2025\/10\/grain-threshing-machine-for-rice-wheat.webp 720w, https:\/\/taizyagromachine.com\/wp-content\/uploads\/2025\/10\/grain-threshing-machine-for-rice-wheat-16x12.webp 16w\" sizes=\"auto, (max-width: 720px) 100vw, 720px\" \/><figcaption class=\"wp-element-caption\">m\u00e1quina de trillar grano para arroz y trigo<\/figcaption><\/figure>    <figure class=\"wp-block-image size-large\"><img loading=\"lazy\" decoding=\"async\" width=\"720\" height=\"540\" data-id=\"8367\" src=\"https:\/\/taizyagromachine.com\/wp-content\/uploads\/2025\/10\/rice-and-wheat-threshing-machine-for-sale.webp\" alt=\"m\u00e1quina trilladora de arroz y trigo en venta\" class=\"wp-image-8367\" srcset=\"https:\/\/taizyagromachine.com\/wp-content\/uploads\/2025\/10\/rice-and-wheat-threshing-machine-for-sale.webp 720w, https:\/\/taizyagromachine.com\/wp-content\/uploads\/2025\/10\/rice-and-wheat-threshing-machine-for-sale-16x12.webp 16w\" sizes=\"auto, (max-width: 720px) 100vw, 720px\" \/><figcaption class=\"wp-element-caption\">m\u00e1quina trilladora de arroz y trigo en venta<\/figcaption><\/figure> <\/figure>    <figure class=\"wp-block-gallery has-nested-images columns-default is-cropped wp-block-gallery-3 is-layout-flex wp-block-gallery-is-layout-flex\"> <figure class=\"wp-block-image size-large\"><img loading=\"lazy\" decoding=\"async\" width=\"405\" height=\"540\" data-id=\"8364\" src=\"https:\/\/taizyagromachine.com\/wp-content\/uploads\/2025\/10\/multifunctional-thresher-for-rice-and-millet.webp\" alt=\"trilladora multifuncional para arroz y mijo\" class=\"wp-image-8364\" srcset=\"https:\/\/taizyagromachine.com\/wp-content\/uploads\/2025\/10\/multifunctional-thresher-for-rice-and-millet.webp 405w, https:\/\/taizyagromachine.com\/wp-content\/uploads\/2025\/10\/multifunctional-thresher-for-rice-and-millet-9x12.webp 9w\" sizes=\"auto, (max-width: 405px) 100vw, 405px\" \/><figcaption class=\"wp-element-caption\">trilladora multifuncional para arroz y mijo<\/figcaption><\/figure>    <figure class=\"wp-block-image size-large\"><img loading=\"lazy\" decoding=\"async\" width=\"473\" height=\"540\" data-id=\"8365\" src=\"https:\/\/taizyagromachine.com\/wp-content\/uploads\/2025\/10\/rice-wheat-thresher-for-beans-and-wheat.webp\" alt=\"trilladora de arroz y trigo para frijoles y trigo\" class=\"wp-image-8365\" srcset=\"https:\/\/taizyagromachine.com\/wp-content\/uploads\/2025\/10\/rice-wheat-thresher-for-beans-and-wheat.webp 473w, https:\/\/taizyagromachine.com\/wp-content\/uploads\/2025\/10\/rice-wheat-thresher-for-beans-and-wheat-11x12.webp 11w\" sizes=\"auto, (max-width: 473px) 100vw, 473px\" \/><figcaption class=\"wp-element-caption\">trilladora de arroz y trigo para frijoles y trigo<\/figcaption><\/figure>    <figure class=\"wp-block-image size-large\"><img loading=\"lazy\" decoding=\"async\" width=\"562\" height=\"540\" data-id=\"8363\" src=\"https:\/\/taizyagromachine.com\/wp-content\/uploads\/2025\/10\/multi-crop-thresher-for-sorghum-and-rapeseed.webp\" alt=\"trilladora multifunci\u00f3n para sorgo y colza\" class=\"wp-image-8363\" srcset=\"https:\/\/taizyagromachine.com\/wp-content\/uploads\/2025\/10\/multi-crop-thresher-for-sorghum-and-rapeseed.webp 562w, https:\/\/taizyagromachine.com\/wp-content\/uploads\/2025\/10\/multi-crop-thresher-for-sorghum-and-rapeseed-12x12.webp 12w\" sizes=\"auto, (max-width: 562px) 100vw, 562px\" \/><figcaption class=\"wp-element-caption\">trilladora multifunci\u00f3n para sorgo y colza<\/figcaption><\/figure> <\/figure>    <h2 class=\"wp-block-heading\"><strong>Par\u00e1metros de la trilladora multifunci\u00f3n de arroz y trigo<\/strong><\/h2>    <p>La trilladora multifunci\u00f3n de arroz y trigo Taizy pertenece a la serie 5TYC, con una producci\u00f3n por hora que oscila entre 600 kg y 800 kg. La m\u00e1quina puede estar equipada con motores di\u00e9sel, el\u00e9ctricos o de gasolina para adaptarse a diferentes condiciones energ\u00e9ticas en distintos pa\u00edses y regiones. Tiene una estructura bien dise\u00f1ada con potencia suficiente. Consulte la tabla a continuaci\u00f3n para m\u00e1s detalles.<\/p>    <figure class=\"wp-block-table\"><table class=\"has-fixed-layout\"><tbody><tr><td>Modelo<\/td><td>5TYC1-90<\/td><\/tr><tr><td>Fuerza<\/td><td>Montado con motor di\u00e9sel de \u22659hp, tipo de arranque por retroceso<br>Motor de gasolina 170F<\/td><\/tr><tr><td>Capacidad<\/td><td>600-800kg\/hora<\/td><\/tr><tr><td>velocidad nominal<\/td><td>3600 rpm<\/td><\/tr><tr><td>Cilindro de trilla<\/td><td>Di\u00e1metro 360 * Longitud 900 mm<\/td><\/tr><tr><td>Tama\u00f1o del tamiz<\/td><td>870*610 mm<\/td><\/tr><tr><td>Peso<\/td><td>90kg sin motor<\/td><\/tr><tr><td>Tama\u00f1o total (L*An*Al)<\/td><td>1640*1640*1280mm<\/td><\/tr><tr><td>Tasa de trilla<\/td><td>\u226598%<\/td><\/tr><tr><td>Tasa de trituraci\u00f3n<\/td><td>\u22642%<\/td><\/tr><tr><td>Con diferentes tamices<\/td><td>Tamiz de colza de 4 mm, sorgo de 6 mm, trigo de 8 mm, arroz de 8 mm o 10 mm, frijoles de 10 mm<\/td><\/tr><tr><td>CANTIDAD\/20GP<\/td><td>24 piezas <\/td><\/tr><tr><td>CANTIDAD\/40GP<\/td><td>66 piezas<\/td><\/tr><\/tbody><\/table><figcaption class=\"wp-element-caption\">Especificaciones de 5TYC1-90<\/figcaption><\/figure>    <h2 class=\"wp-block-heading\"><strong>Dise\u00f1o de estructura de la trilladora de arroz y trigo<\/strong><\/h2>    <p>La estructura de esta trilladora multifunci\u00f3n de cultivos es muy sencilla, incluyendo entrada, salida (paja y semillas), motor, neum\u00e1ticos grandes, cilindro de trilla y reposabrazos.<\/p>   <div class=\"wp-block-image\"> <figure class=\"aligncenter size-full\"><img loading=\"lazy\" decoding=\"async\" width=\"504\" height=\"540\" src=\"https:\/\/taizyagromachine.com\/wp-content\/uploads\/2025\/10\/structure-of-rice-and-wheat-thresher-machine.webp\" alt=\"estructura de la trilladora de arroz y trigo\" class=\"wp-image-8360\" srcset=\"https:\/\/taizyagromachine.com\/wp-content\/uploads\/2025\/10\/structure-of-rice-and-wheat-thresher-machine.webp 504w, https:\/\/taizyagromachine.com\/wp-content\/uploads\/2025\/10\/structure-of-rice-and-wheat-thresher-machine-11x12.webp 11w\" sizes=\"auto, (max-width: 504px) 100vw, 504px\" \/><figcaption class=\"wp-element-caption\">estructura de la trilladora de arroz y trigo<\/figcaption><\/figure> <\/div>   <ul class=\"wp-block-list\"> <li>La m\u00e1quina emplea un sistema de trilla de tambor, integrado con un soplador potente y un conjunto de pantalla vibratoria, permitiendo una separaci\u00f3n eficiente de los granos de las impurezas. <\/li>    <li>Una salida de grano en la parte inferior permite la recolecci\u00f3n directa en bolsas, agilizando significativamente el proceso de operaci\u00f3n. <\/li>    <li>Construido con acero de alta resistencia, el cuerpo ofrece resistencia al desgaste y protecci\u00f3n contra la corrosi\u00f3n para una vida \u00fatil prolongada. <\/li>    <li>Equipada con neum\u00e1ticos anchos, se adapta a diferentes terrenos para una movilidad mejorada.<\/li> <\/ul>    <figure class=\"wp-block-gallery has-nested-images columns-default is-cropped wp-block-gallery-4 is-layout-flex wp-block-gallery-is-layout-flex\"> <figure class=\"wp-block-image size-large\"><img loading=\"lazy\" decoding=\"async\" width=\"540\" height=\"540\" data-id=\"8368\" src=\"https:\/\/taizyagromachine.com\/wp-content\/uploads\/2025\/10\/inner-design-of-rice-wheat-thresher.webp\" alt=\"dise\u00f1o interno de la trilladora de arroz y trigo\" class=\"wp-image-8368\" srcset=\"https:\/\/taizyagromachine.com\/wp-content\/uploads\/2025\/10\/inner-design-of-rice-wheat-thresher.webp 540w, https:\/\/taizyagromachine.com\/wp-content\/uploads\/2025\/10\/inner-design-of-rice-wheat-thresher-12x12.webp 12w\" sizes=\"auto, (max-width: 540px) 100vw, 540px\" \/><figcaption class=\"wp-element-caption\">dise\u00f1o interno de la trilladora de arroz y trigo<\/figcaption><\/figure>    <figure class=\"wp-block-image size-large\"><img loading=\"lazy\" decoding=\"async\" width=\"540\" height=\"540\" data-id=\"8369\" src=\"https:\/\/taizyagromachine.com\/wp-content\/uploads\/2025\/10\/working-scene-of-Taizy-rice-and-wheat-thresher-machine.webp\" alt=\"escena de trabajo de la m\u00e1quina de trillar arroz y trigo Taizy\" class=\"wp-image-8369\" srcset=\"https:\/\/taizyagromachine.com\/wp-content\/uploads\/2025\/10\/working-scene-of-Taizy-rice-and-wheat-thresher-machine.webp 540w, https:\/\/taizyagromachine.com\/wp-content\/uploads\/2025\/10\/working-scene-of-Taizy-rice-and-wheat-thresher-machine-12x12.webp 12w\" sizes=\"auto, (max-width: 540px) 100vw, 540px\" \/><figcaption class=\"wp-element-caption\">escena de trabajo de la m\u00e1quina de trillar arroz y trigo Taizy<\/figcaption><\/figure> <\/figure>    <h2 class=\"wp-block-heading\"><strong>What&#8217;s the rice and wheat thresher machine price?<\/strong><\/h2>    <p>Las trilladoras multifunci\u00f3n de arroz y trigo Taizy son conocidas por su alta relaci\u00f3n coste-beneficio. Los precios var\u00edan seg\u00fan el modelo, la capacidad de producci\u00f3n y la configuraci\u00f3n. Este equipo de trilla es adecuado para hogares, cooperativas o proyectos de licitaci\u00f3n a un precio asequible. Taizy ofrece precios directos de f\u00e1brica junto con servicios de personalizaci\u00f3n y asesoramiento t\u00e9cnico, garantizando que los clientes compren con confianza y operen con tranquilidad.<\/p>    <h2 class=\"wp-block-heading\"><strong>Taizy: un fabricante acreditado de segadoras multifunci\u00f3n de arroz y trigo<\/strong><\/h2>    <ul class=\"wp-block-list\"> <li>Taizy Machinery tiene m\u00e1s de una d\u00e9cada de experiencia en el sector de maquinaria agr\u00edcola, con productos exportados a m\u00e1s de 60 pa\u00edses en \u00c1frica, Sudeste Asi\u00e1tico, Oriente Medio y Am\u00e9rica del Sur. <\/li>    <li>La empresa no solo entrega equipos de alta calidad, sino que tambi\u00e9n proporciona servicios de instalaci\u00f3n y puesta en marcha, soporte postventa y suministro de repuestos. <\/li>    <li>Con su rendimiento estable y experiencia excepcional del cliente, Taizy se ha convertido en un socio de confianza para agricultores en todo el mundo.<\/li>    <li>Ofrecemos una soluci\u00f3n integral para el cultivo de arroz y trigo, como <a href=\"https:\/\/taizyagromachine.com\/es\/product\/wheat-planter\/\">m\u00e1quina de siembra de trigo<\/a>, <a href=\"https:\/\/taizyagromachine.com\/es\/product\/rice-combine-harvester\/\">cosechadora de arroz y trigo<\/a>, m\u00e1quina trilladora de arroz y trigo, molino de harina de trigo, etc. <\/li> <\/ul>    <figure class=\"wp-block-gallery has-nested-images columns-2 is-cropped wp-block-gallery-5 is-layout-flex wp-block-gallery-is-layout-flex\"> <figure class=\"wp-block-image size-large\"><img loading=\"lazy\" decoding=\"async\" width=\"540\" height=\"540\" data-id=\"8373\" src=\"https:\/\/taizyagromachine.com\/wp-content\/uploads\/2025\/10\/rice-and-wheat-threshing-machine-factory-visit.webp\" alt=\"Visita a la f\u00e1brica de trilladoras de arroz y trigo\" class=\"wp-image-8373\" srcset=\"https:\/\/taizyagromachine.com\/wp-content\/uploads\/2025\/10\/rice-and-wheat-threshing-machine-factory-visit.webp 540w, https:\/\/taizyagromachine.com\/wp-content\/uploads\/2025\/10\/rice-and-wheat-threshing-machine-factory-visit-12x12.webp 12w\" sizes=\"auto, (max-width: 540px) 100vw, 540px\" \/><figcaption class=\"wp-element-caption\">Visita a la f\u00e1brica de trilladoras de arroz y trigo<\/figcaption><\/figure>    <figure class=\"wp-block-image size-large\"><img loading=\"lazy\" decoding=\"async\" width=\"540\" height=\"540\" data-id=\"8370\" src=\"https:\/\/taizyagromachine.com\/wp-content\/uploads\/2025\/10\/batch-of-thresher-machines-for-export.webp\" alt=\"lote de m\u00e1quinas trilladoras para exportaci\u00f3n\" class=\"wp-image-8370\" srcset=\"https:\/\/taizyagromachine.com\/wp-content\/uploads\/2025\/10\/batch-of-thresher-machines-for-export.webp 540w, https:\/\/taizyagromachine.com\/wp-content\/uploads\/2025\/10\/batch-of-thresher-machines-for-export-12x12.webp 12w\" sizes=\"auto, (max-width: 540px) 100vw, 540px\" \/><figcaption class=\"wp-element-caption\">lote de m\u00e1quinas trilladoras para exportaci\u00f3n<\/figcaption><\/figure>    <figure class=\"wp-block-image size-large\"><img loading=\"lazy\" decoding=\"async\" width=\"540\" height=\"540\" data-id=\"8371\" src=\"https:\/\/taizyagromachine.com\/wp-content\/uploads\/2025\/10\/dozens-of-threshers-ready-to-ship.webp\" alt=\"docenas de trilladoras listas para enviar\" class=\"wp-image-8371\" srcset=\"https:\/\/taizyagromachine.com\/wp-content\/uploads\/2025\/10\/dozens-of-threshers-ready-to-ship.webp 540w, https:\/\/taizyagromachine.com\/wp-content\/uploads\/2025\/10\/dozens-of-threshers-ready-to-ship-12x12.webp 12w\" sizes=\"auto, (max-width: 540px) 100vw, 540px\" \/><figcaption class=\"wp-element-caption\">docenas de trilladoras listas para enviar<\/figcaption><\/figure>    <figure class=\"wp-block-image size-large\"><img loading=\"lazy\" decoding=\"async\" width=\"540\" height=\"540\" data-id=\"8372\" src=\"https:\/\/taizyagromachine.com\/wp-content\/uploads\/2025\/10\/one-container-of-grain-rice-wheat-thresher.webp\" alt=\"un contenedor de grano de arroz y trigo\" class=\"wp-image-8372\" srcset=\"https:\/\/taizyagromachine.com\/wp-content\/uploads\/2025\/10\/one-container-of-grain-rice-wheat-thresher.webp 540w, https:\/\/taizyagromachine.com\/wp-content\/uploads\/2025\/10\/one-container-of-grain-rice-wheat-thresher-12x12.webp 12w\" sizes=\"auto, (max-width: 540px) 100vw, 540px\" \/><figcaption class=\"wp-element-caption\">un contenedor de grano de arroz y trigo<\/figcaption><\/figure> <\/figure>    <h2 class=\"wp-block-heading\"><strong>\u00bfC\u00f3mo pedir esta trilladora r\u00e1pidamente?<\/strong><\/h2>    <p>Pedir una trilladora de arroz y trigo Taizy es sencillo:<\/p>    <ol class=\"wp-block-list\"> <li>Cont\u00e1ctenos v\u00eda WhatsApp\/WeChat, nuestra p\u00e1gina web o correo electr\u00f3nico, especificando el modelo y el tipo de cultivo requeridos.<\/li>    <li>Proporcionaremos una cotizaci\u00f3n detallada, especificaciones de la m\u00e1quina y opciones de env\u00edo.<\/li>    <li>Tras la confirmaci\u00f3n del pedido, se organiza la producci\u00f3n y el env\u00edo, soportando transporte mar\u00edtimo, a\u00e9reo y otros m\u00e9todos.<\/li>    <li>La gu\u00eda de instalaci\u00f3n y operaci\u00f3n post-entrega garantiza un uso sin problemas para el cliente.<\/li> <\/ol>    <p>Lo anterior describe un proceso simplificado. Para instrucciones detalladas de pedido, cont\u00e1ctenos inmediatamente.<\/p>    <figure class=\"wp-block-gallery has-nested-images columns-default is-cropped wp-block-gallery-6 is-layout-flex wp-block-gallery-is-layout-flex\"> <figure class=\"wp-block-image size-large\"><img loading=\"lazy\" decoding=\"async\" width=\"540\" height=\"540\" data-id=\"8374\" src=\"https:\/\/taizyagromachine.com\/wp-content\/uploads\/2025\/10\/grain-threshing-machine-for-sale.webp\" alt=\"m\u00e1quina trilladora en venta\" class=\"wp-image-8374\" srcset=\"https:\/\/taizyagromachine.com\/wp-content\/uploads\/2025\/10\/grain-threshing-machine-for-sale.webp 540w, https:\/\/taizyagromachine.com\/wp-content\/uploads\/2025\/10\/grain-threshing-machine-for-sale-12x12.webp 12w\" sizes=\"auto, (max-width: 540px) 100vw, 540px\" \/><figcaption class=\"wp-element-caption\">m\u00e1quina trilladora en venta<\/figcaption><\/figure>    <figure class=\"wp-block-image size-large\"><img loading=\"lazy\" decoding=\"async\" width=\"540\" height=\"540\" data-id=\"8375\" src=\"https:\/\/taizyagromachine.com\/wp-content\/uploads\/2025\/10\/multi-crop-rice-and-wheat-thresher-machine.webp\" alt=\"m\u00e1quina trilladora multifunci\u00f3n de arroz y trigo\" class=\"wp-image-8375\" srcset=\"https:\/\/taizyagromachine.com\/wp-content\/uploads\/2025\/10\/multi-crop-rice-and-wheat-thresher-machine.webp 540w, https:\/\/taizyagromachine.com\/wp-content\/uploads\/2025\/10\/multi-crop-rice-and-wheat-thresher-machine-12x12.webp 12w\" sizes=\"auto, (max-width: 540px) 100vw, 540px\" \/><figcaption class=\"wp-element-caption\">m\u00e1quina trilladora multifunci\u00f3n de arroz y trigo<\/figcaption><\/figure> <\/figure>","protected":false},"excerpt":{"rendered":"<p>La m\u00e1quina trilladora de arroz y trigo Taizy es adecuada para trillado de arroz, trigo, sorgo, mijo, soja, quinoa, colza y otros cultivos. Logra una capacidad de procesamiento de 600-800 kg\/h, con una tasa de trillado de \u226598% y una tasa de granos rotos de \u22642%.<\/p>","protected":false},"author":1,"featured_media":8362,"parent":0,"template":"","tags":[218,219],"product-type":[20],"class_list":["post-8359","product","type-product","status-publish","has-post-thumbnail","hentry","tag-rice","tag-wheat","product-type-rice-and-wheat-machine"],"_links":{"self":[{"href":"https:\/\/taizyagromachine.com\/es\/wp-json\/wp\/v2\/product\/8359","targetHints":{"allow":["GET"]}}],"collection":[{"href":"https:\/\/taizyagromachine.com\/es\/wp-json\/wp\/v2\/product"}],"about":[{"href":"https:\/\/taizyagromachine.com\/es\/wp-json\/wp\/v2\/types\/product"}],"author":[{"embeddable":true,"href":"https:\/\/taizyagromachine.com\/es\/wp-json\/wp\/v2\/users\/1"}],"wp:featuredmedia":[{"embeddable":true,"href":"https:\/\/taizyagromachine.com\/es\/wp-json\/wp\/v2\/media\/8362"}],"wp:attachment":[{"href":"https:\/\/taizyagromachine.com\/es\/wp-json\/wp\/v2\/media?parent=8359"}],"wp:term":[{"taxonomy":"post_tag","embeddable":true,"href":"https:\/\/taizyagromachine.com\/es\/wp-json\/wp\/v2\/tags?post=8359"},{"taxonomy":"product-type","embeddable":true,"href":"https:\/\/taizyagromachine.com\/es\/wp-json\/wp\/v2\/product-type?post=8359"}],"curies":[{"name":"wp","href":"https:\/\/api.w.org\/{rel}","templated":true}]}}