{"id":8405,"date":"2025-10-31T15:27:26","date_gmt":"2025-10-31T07:27:26","guid":{"rendered":"https:\/\/taizyagromachine.com\/?post_type=product&#038;p=8405"},"modified":"2025-11-03T17:14:15","modified_gmt":"2025-11-03T09:14:15","slug":"self-propelled-forage-harvester-machine","status":"publish","type":"product","link":"https:\/\/taizyagromachine.com\/es\/product\/self-propelled-forage-harvester-machine\/","title":{"rendered":"M\u00e1quina cosechadora de forraje autopropulsada\u00a0"},"content":{"rendered":"<p class=\"translation-block\">La<strong>m\u00e1quina cosechadora de forraje<\/strong>de Taizy est\u00e1 dise\u00f1ada espec\u00edficamente para cortar, picar y cargar cultivos de ensilaje como tallos de ma\u00edz, hierba de elefante, hierba de naiper y hierba de Sud\u00e1n. Completa el corte, picado, transporte y carga en una sola operaci\u00f3n, aumentando significativamente la eficiencia en la recolecci\u00f3n de ensilaje y reduciendo el trabajo manual. La longitud del ensilaje picado es aproximadamente 15 mm, ajustable entre 10-40 mm. En Taizy, hay dos tipos de cosechadoras de ensilaje de ma\u00edz disponibles: tipo oruga y tipo con ruedas. \u00a1Si est\u00e1 interesado, contin\u00fae leyendo para m\u00e1s informaci\u00f3n!<\/p>    <figure class=\"wp-block-embed is-type-video is-provider-youtube wp-block-embed-youtube wp-embed-aspect-16-9 wp-has-aspect-ratio\"><div class=\"wp-block-embed__wrapper\"> <iframe loading=\"lazy\" title=\"Cosechadora eficiente en el campo | M\u00e1quina de corte de ensilaje de ma\u00edz y hierba para ganado\" width=\"500\" height=\"281\" src=\"https:\/\/www.youtube.com\/embed\/oQGKm1c9ynQ?feature=oembed\" frameborder=\"0\" allow=\"accelerometer; autoplay; clipboard-write; encrypted-media; gyroscope; picture-in-picture; web-share\" referrerpolicy=\"strict-origin-when-cross-origin\" allowfullscreen><\/iframe> <\/div><figcaption class=\"wp-element-caption\">Video de la cosechadora de ensilaje autopropulsada<\/figcaption><\/figure>    <h2 class=\"wp-block-heading\"><strong>Tipos de m\u00e1quinas cosechadoras de forraje en venta<\/strong><\/h2>    <p>Como fabricante y proveedor profesional de equipos agr\u00edcolas, los cosechadores de forraje autopropulsados Taizy se clasifican principalmente en dos tipos: <\/p>    <ul class=\"wp-block-list\"> <li>Cosechadora de ensilaje con orugas (con sombrero de sol o cabina cerrada)<\/li>    <li>Cosechadora de ensilaje con ruedas (con sombrero de sol o cabina cerrada)<\/li> <\/ul>    <p>Anotado: En la cabina del conductor cerrada, se puede equipar el aire acondicionado.<\/p>    <figure class=\"wp-block-gallery has-nested-images columns-default is-cropped wp-block-gallery-2 is-layout-flex wp-block-gallery-is-layout-flex\"> <figure class=\"wp-block-image size-large\"><img loading=\"lazy\" decoding=\"async\" width=\"540\" height=\"670\" data-id=\"8419\" src=\"https:\/\/taizyagromachine.com\/wp-content\/uploads\/2025\/10\/silage-harvester-with-sunshed.webp\" alt=\"cosechadora de ensilaje con sombrilla\" class=\"wp-image-8419\" srcset=\"https:\/\/taizyagromachine.com\/wp-content\/uploads\/2025\/10\/silage-harvester-with-sunshed.webp 540w, https:\/\/taizyagromachine.com\/wp-content\/uploads\/2025\/10\/silage-harvester-with-sunshed-10x12.webp 10w\" sizes=\"auto, (max-width: 540px) 100vw, 540px\" \/><figcaption class=\"wp-element-caption\">cosechadora de ensilaje con sombrilla<\/figcaption><\/figure>    <figure class=\"wp-block-image size-large\"><img loading=\"lazy\" decoding=\"async\" width=\"540\" height=\"720\" data-id=\"8420\" src=\"https:\/\/taizyagromachine.com\/wp-content\/uploads\/2025\/10\/self-propelled-forage-harvester-with-enclosed-cab.webp\" alt=\"Cosechadora de forraje autopropulsada con cabina cerrada\" class=\"wp-image-8420\" srcset=\"https:\/\/taizyagromachine.com\/wp-content\/uploads\/2025\/10\/self-propelled-forage-harvester-with-enclosed-cab.webp 540w, https:\/\/taizyagromachine.com\/wp-content\/uploads\/2025\/10\/self-propelled-forage-harvester-with-enclosed-cab-9x12.webp 9w\" sizes=\"auto, (max-width: 540px) 100vw, 540px\" \/><figcaption class=\"wp-element-caption\">Cosechadora de forraje autopropulsada con cabina cerrada<\/figcaption><\/figure> <\/figure>    <p>Estos dos modelos son adecuados para diferentes entornos operativos y requisitos agr\u00edcolas, capaces de manejar diversas condiciones de trabajo desde llanuras hasta colinas, y desde terrenos secos hasta fangosos. Contin\u00fae leyendo para m\u00e1s detalles.<\/p>    <h3 class=\"wp-block-heading\"><strong>Tipo 1: M\u00e1quina cosechadora de ensilaje con orugas<\/strong><\/h3>    <p>La cosechadora de ensilaje de ma\u00edz tipo oruga es ideal para terrenos complejos como \u00e1reas fangosas, resbaladizas y monta\u00f1osas en el sudeste asi\u00e1tico, \u00c1frica Central y partes de Sudam\u00e9rica. Con tracci\u00f3n fuerte y alta capacidad de recuperaci\u00f3n, este modelo es la soluci\u00f3n perfecta para temporadas lluviosas y ambientes de alta humedad.<\/p>    <figure class=\"wp-block-gallery aligncenter has-nested-images columns-default is-cropped wp-block-gallery-3 is-layout-flex wp-block-gallery-is-layout-flex\"> <figure class=\"wp-block-image size-full\"><img loading=\"lazy\" decoding=\"async\" width=\"720\" height=\"540\" data-id=\"8417\" src=\"https:\/\/taizyagromachine.com\/wp-content\/uploads\/2025\/10\/tracked-forage-harvester-machine-for-grass-cutting.webp\" alt=\"M\u00e1quina cosechadora de ensilaje de ma\u00edz con orugas para corte de hierba\" class=\"wp-image-8417\" srcset=\"https:\/\/taizyagromachine.com\/wp-content\/uploads\/2025\/10\/tracked-forage-harvester-machine-for-grass-cutting.webp 720w, https:\/\/taizyagromachine.com\/wp-content\/uploads\/2025\/10\/tracked-forage-harvester-machine-for-grass-cutting-16x12.webp 16w\" sizes=\"auto, (max-width: 720px) 100vw, 720px\" \/><figcaption class=\"wp-element-caption\">M\u00e1quina cosechadora de ensilaje de ma\u00edz con orugas para corte de hierba<\/figcaption><\/figure>    <figure class=\"wp-block-image size-full\"><img loading=\"lazy\" decoding=\"async\" width=\"720\" height=\"540\" data-id=\"8425\" src=\"https:\/\/taizyagromachine.com\/wp-content\/uploads\/2025\/10\/crawler-type-corn-silage-forage-harvesting-machine.webp\" alt=\"M\u00e1quina cosechadora de ensilaje de ma\u00edz con orugas\" class=\"wp-image-8425\" srcset=\"https:\/\/taizyagromachine.com\/wp-content\/uploads\/2025\/10\/crawler-type-corn-silage-forage-harvesting-machine.webp 720w, https:\/\/taizyagromachine.com\/wp-content\/uploads\/2025\/10\/crawler-type-corn-silage-forage-harvesting-machine-16x12.webp 16w\" sizes=\"auto, (max-width: 720px) 100vw, 720px\" \/><figcaption class=\"wp-element-caption\">M\u00e1quina cosechadora de ensilaje de ma\u00edz con orugas<\/figcaption><\/figure> <\/figure>    <h4 class=\"wp-block-heading\"><strong>Caracter\u00edsticas de la cosechadora de forraje con orugas<\/strong><\/h4>    <ul class=\"wp-block-list\"> <li>Rendimiento potente: equipado con motores de 100HP-160HP con transmisi\u00f3n longitudinal sin p\u00e9rdida de cintur\u00f3n.<\/li>    <li>Adaptabilidad excepcional al terreno: neum\u00e1ticos de 350 mm de ancho que permiten operar en superficies fangosas, inclinadas y arenosas.<\/li>    <li>Alta eficiencia operativa: funciones integradas de corte, picado y carga.<\/li>    <li>Longitud de picado ajustable: de 10 a 40 mm, garantiza una segmentaci\u00f3n uniforme del alimento.<\/li>    <li>Sistema de control hidr\u00e1ulico: ajuste totalmente hidr\u00e1ulico de la altura del cabezal, desplazamiento y descarga.<\/li>    <li>Estable y confiable: bajo centro de gravedad y fuerte resistencia a golpes que permiten una operaci\u00f3n continua prolongada.<\/li> <\/ul>    <h4 class=\"wp-block-heading\"><strong>Par\u00e1metros t\u00e9cnicos de esta cosechadora de ensilaje de ma\u00edz<\/strong><\/h4>    <p>Este modelo es 4QZL-1600 con una cabina cerrada para el conductor. Los cultivos adecuados incluyen ma\u00edz, hierba elefante, hierba de Sud\u00e1n, sorgo y pastos forrajeros. Consulte la tabla a continuaci\u00f3n para los par\u00e1metros de la m\u00e1quina.<\/p>    <figure class=\"wp-block-table\"><table class=\"has-fixed-layout\"><tbody><tr><td>Modelo<\/td><td>4QZL-1600<\/td><\/tr><tr><td>Tipo<\/td><td>Autopropulsado<\/td><\/tr><tr><td>Fuerza<\/td><td>110,3 kW(150 hp)<\/td><\/tr><tr><td>Velocidad nominal del motor<\/td><td>2400 r\/min<\/td><\/tr><tr><td>Ancho de corte<\/td><td>1550 mm<\/td><\/tr><tr><td>Tipo de corte de cabecera<\/td><td>Cortador de disco<\/td><\/tr><tr><td>Tipo de mecanismo de picado de paja<\/td><td>Tipo de disco<\/td><\/tr><tr><td>Tipo de cabina<\/td><td>Cabina est\u00e1ndar<\/td><\/tr><tr><td>M\u00e9todo de transmisi\u00f3n<\/td><td>Transmisi\u00f3n manual<\/td><\/tr><tr><td>M\u00e9todo de accionamiento<\/td><td>Accionamiento hidr\u00e1ulico<\/td><\/tr><tr><td>Ancho de las orugas<\/td><td>350 mm<\/td><\/tr><tr><td>Longitud de contacto con el suelo de las orugas<\/td><td>1400 mm<\/td><\/tr><tr><td>Ancho de v\u00eda<\/td><td>1240 mm<\/td><\/tr><tr><td>Rango de velocidad de operaci\u00f3n<\/td><td>1-3 km\/h<\/td><\/tr><tr><td>Longitud de corte dise\u00f1ada<\/td><td>15 mm<\/td><\/tr><tr><td>Contenedor de almacenamiento<\/td><td>3,1 m\u00b3<\/td><\/tr><tr><td>Tama\u00f1o cuando la m\u00e1quina est\u00e1 en funcionamiento<\/td><td>5200\u00d71680\u00d74200 mm<\/td><\/tr><\/tbody><\/table><figcaption class=\"wp-element-caption\">Especificaciones de la cosechadora de forraje con orugas<\/figcaption><\/figure>    <figure class=\"wp-block-gallery has-nested-images columns-default is-cropped wp-block-gallery-4 is-layout-flex wp-block-gallery-is-layout-flex\"> <figure class=\"wp-block-image size-large\"><img loading=\"lazy\" decoding=\"async\" width=\"720\" height=\"540\" data-id=\"8423\" src=\"https:\/\/taizyagromachine.com\/wp-content\/uploads\/2025\/10\/corn-silage-harvester-for-forage.webp\" alt=\"cosechadora de silo de ma\u00edz para forraje\" class=\"wp-image-8423\" srcset=\"https:\/\/taizyagromachine.com\/wp-content\/uploads\/2025\/10\/corn-silage-harvester-for-forage.webp 720w, https:\/\/taizyagromachine.com\/wp-content\/uploads\/2025\/10\/corn-silage-harvester-for-forage-16x12.webp 16w\" sizes=\"auto, (max-width: 720px) 100vw, 720px\" \/><figcaption class=\"wp-element-caption\">cosechadora de silo de ma\u00edz para forraje<\/figcaption><\/figure>    <figure class=\"wp-block-image size-large\"><img loading=\"lazy\" decoding=\"async\" width=\"720\" height=\"540\" data-id=\"8424\" src=\"https:\/\/taizyagromachine.com\/wp-content\/uploads\/2025\/10\/maize-forage-harvester-machine-for-silage-making.webp\" alt=\"M\u00e1quina de ensilaje de ma\u00edz\" class=\"wp-image-8424\" srcset=\"https:\/\/taizyagromachine.com\/wp-content\/uploads\/2025\/10\/maize-forage-harvester-machine-for-silage-making.webp 720w, https:\/\/taizyagromachine.com\/wp-content\/uploads\/2025\/10\/maize-forage-harvester-machine-for-silage-making-16x12.webp 16w\" sizes=\"auto, (max-width: 720px) 100vw, 720px\" \/><figcaption class=\"wp-element-caption\">M\u00e1quina de ensilaje de ma\u00edz<\/figcaption><\/figure> <\/figure>    <h3 class=\"wp-block-heading\"><strong>Tipo 2: Cosechadora de forraje de ma\u00edz con ruedas<\/strong><\/h3>    <p>La cosechadora de ensilaje de ma\u00edz montada en tractor Taizy ofrece alta movilidad y reubicaci\u00f3n flexible, ideal para terrenos planos o granjas con parcelas dispersas, como en \u00c1frica, Sudam\u00e9rica y Oriente Medio. Ofrece alta eficiencia con mantenimiento simplificado y menores costos operativos.<\/p>    <h4 class=\"wp-block-heading\"> <strong>Caracter\u00edsticas de la cosechadora de forraje de ma\u00edz<\/strong><\/h4>    <ul class=\"wp-block-list\"> <li>F\u00e1cil reubicaci\u00f3n: La velocidad m\u00e1xima de 20 km\/h permite un movimiento r\u00e1pido entre campos.<\/li>    <li>Operaci\u00f3n sencilla: sistema de control automatizado que garantiza una conducci\u00f3n sin esfuerzo.<\/li>    <li>Costos de mantenimiento bajos: estructura compacta con alta intercambiabilidad de componentes.<\/li>    <li>Picado uniforme: dise\u00f1o de cuchillas de alta velocidad que garantiza la calidad del ensilaje.<\/li>    <li>Alta fiabilidad: sistema hidr\u00e1ulico estable que garantiza operaci\u00f3n continua.<\/li> <\/ul>   <div class=\"wp-block-image\"> <figure class=\"aligncenter size-full\"><img loading=\"lazy\" decoding=\"async\" width=\"720\" height=\"540\" src=\"https:\/\/taizyagromachine.com\/wp-content\/uploads\/2025\/10\/commercial-corn-silage-harvester-machine-for-sale.webp\" alt=\"Cosechadora de ensilaje de ma\u00edz en venta\" class=\"wp-image-8413\" srcset=\"https:\/\/taizyagromachine.com\/wp-content\/uploads\/2025\/10\/commercial-corn-silage-harvester-machine-for-sale.webp 720w, https:\/\/taizyagromachine.com\/wp-content\/uploads\/2025\/10\/commercial-corn-silage-harvester-machine-for-sale-16x12.webp 16w\" sizes=\"auto, (max-width: 720px) 100vw, 720px\" \/><figcaption class=\"wp-element-caption\">Cosechadora de ensilaje de ma\u00edz en venta<\/figcaption><\/figure> <\/div>   <h4 class=\"wp-block-heading\"><strong>Datos t\u00e9cnicos de la m\u00e1quina cosechadora de forraje con ruedas<\/strong><\/h4>    <p>Es una cosechadora de paja de ma\u00edz 4QZ-1800 con cabina cerrada, y puede cosechar hierba de Napier, ma\u00edz, etc. A continuaci\u00f3n, se detallan los par\u00e1metros de esta cosechadora de ensilaje autopropulsada. <\/p>    <figure class=\"wp-block-table\"><table class=\"has-fixed-layout\"><tbody><tr><td>Modelo<\/td><td>4QZ-1800<\/td><\/tr><tr><td>Tipo<\/td><td>Autopropulsado<\/td><\/tr><tr><td>Fuerza<\/td><td>150 hp<\/td><\/tr><tr><td>Velocidad nominal del motor<\/td><td>2400 r\/min<\/td><\/tr><tr><td>Ancho de corte<\/td><td>1800 mm<\/td><\/tr><tr><td>Tipo de corte de cabecera<\/td><td>Cortador de disco<\/td><\/tr><tr><td>Tipo de mecanismo de picado de paja<\/td><td>Tipo de disco<\/td><\/tr><tr><td>Tipo de cabina<\/td><td>Cabina est\u00e1ndar<\/td><\/tr><tr><td>M\u00e9todo de transmisi\u00f3n<\/td><td>Transmisi\u00f3n manual<\/td><\/tr><tr><td>M\u00e9todo de accionamiento<\/td><td>Accionamiento hidr\u00e1ulico<\/td><\/tr><tr><td>Ancho de pista de la rueda gu\u00eda<\/td><td>1290 mm<\/td><\/tr><tr><td>Especificaci\u00f3n de neum\u00e1tico de la rueda gu\u00eda<\/td><td>27\u00d78.5-15<\/td><\/tr><tr><td>Ancho de pista de la rueda motriz<\/td><td>1290 mm<\/td><\/tr><tr><td>Especificaci\u00f3n de neum\u00e1tico de la rueda motriz<\/td><td>12-16.5<\/td><\/tr><tr><td>Distancia entre ejes<\/td><td>2200 mm<\/td><\/tr><tr><td>Rango de velocidad de operaci\u00f3n<\/td><td>2-5 km\/h<\/td><\/tr><tr><td>Longitud de corte dise\u00f1ada<\/td><td>15 mm<\/td><\/tr><tr><td>Contenedor de almacenamiento<\/td><td>3,1 m\u00b3<\/td><\/tr><tr><td>Tama\u00f1o cuando la m\u00e1quina est\u00e1 en funcionamiento<\/td><td>5400\u00d71900\u00d73800 mm<\/td><\/tr><\/tbody><\/table><figcaption class=\"wp-element-caption\">Especificaciones de la cosechadora de forraje con ruedas<\/figcaption><\/figure>    <figure class=\"wp-block-gallery has-nested-images columns-default is-cropped wp-block-gallery-5 is-layout-flex wp-block-gallery-is-layout-flex\"> <figure class=\"wp-block-image size-large\"><img loading=\"lazy\" decoding=\"async\" width=\"720\" height=\"540\" data-id=\"8415\" src=\"https:\/\/taizyagromachine.com\/wp-content\/uploads\/2025\/10\/maize-forage-harvester-for-silage-chopping.webp\" alt=\"Cosechadora de forraje de ma\u00edz para picado de ensilaje\" class=\"wp-image-8415\" srcset=\"https:\/\/taizyagromachine.com\/wp-content\/uploads\/2025\/10\/maize-forage-harvester-for-silage-chopping.webp 720w, https:\/\/taizyagromachine.com\/wp-content\/uploads\/2025\/10\/maize-forage-harvester-for-silage-chopping-16x12.webp 16w\" sizes=\"auto, (max-width: 720px) 100vw, 720px\" \/><figcaption class=\"wp-element-caption\">Cosechadora de forraje de ma\u00edz para picado de ensilaje<\/figcaption><\/figure>    <figure class=\"wp-block-image size-large\"><img loading=\"lazy\" decoding=\"async\" width=\"720\" height=\"540\" data-id=\"8414\" src=\"https:\/\/taizyagromachine.com\/wp-content\/uploads\/2025\/10\/corn-forage-harvester-for-silage-cutting.webp\" alt=\"cosechadora de forraje de ma\u00edz para corte de ensilaje\" class=\"wp-image-8414\" srcset=\"https:\/\/taizyagromachine.com\/wp-content\/uploads\/2025\/10\/corn-forage-harvester-for-silage-cutting.webp 720w, https:\/\/taizyagromachine.com\/wp-content\/uploads\/2025\/10\/corn-forage-harvester-for-silage-cutting-16x12.webp 16w\" sizes=\"auto, (max-width: 720px) 100vw, 720px\" \/><figcaption class=\"wp-element-caption\">cosechadora de forraje de ma\u00edz para corte de ensilaje<\/figcaption><\/figure> <\/figure>    <h2 class=\"wp-block-heading\"><strong>Estructura de la m\u00e1quina cosechadora de ensilaje de ma\u00edz<\/strong><\/h2>    <p>De hecho, su estructura es clara y sencilla, incluyendo sistema de corte, parte operativa, sistema de recolecci\u00f3n y modo de marcha. Tomemos como ejemplo la m\u00e1quina cosechadora de forraje con orugas:<\/p>    <figure class=\"wp-block-table\"><table class=\"has-fixed-layout\"><tbody><tr><td>Nombre de la pieza de la m\u00e1quina<\/td><td>Funci\u00f3n<\/td><\/tr><tr><td>Sistema de corte<\/td><td>Corte eficiente y uniforme de ma\u00edz, hierba de Napier o sorgo con el cortador de disco.<\/td><\/tr><tr><td>Parte operativa<\/td><td>Asiento c\u00f3modo con panel de control hidr\u00e1ulico, que permite ajustar f\u00e1cilmente la altura de corte, la velocidad de alimentaci\u00f3n y la direcci\u00f3n de descarga.<\/td><\/tr><tr><td>Sistema de recolecci\u00f3n<\/td><td>Recoja y transfiera el forraje picado suavemente al contenedor de almacenamiento a trav\u00e9s de un t\u00fanel de rociado.<\/td><\/tr><tr><td>Modo de marcha<\/td><td>Una banda de goma de 350 mm de ancho que garantiza excelente estabilidad y agarre incluso en campos fangosos o irregulares.<\/td><\/tr><\/tbody><\/table><figcaption class=\"wp-element-caption\">Lista de estructura de la cosechadora de forraje autopropulsada <\/figcaption><\/figure>   <div class=\"wp-block-image\"> <figure class=\"aligncenter size-full\"><img loading=\"lazy\" decoding=\"async\" width=\"720\" height=\"540\" src=\"https:\/\/taizyagromachine.com\/wp-content\/uploads\/2025\/10\/structure-of-self-propelled-forage-harvester-machine.webp\" alt=\"Lista de estructura de la cosechadora de forraje autopropulsada\" class=\"wp-image-8408\" srcset=\"https:\/\/taizyagromachine.com\/wp-content\/uploads\/2025\/10\/structure-of-self-propelled-forage-harvester-machine.webp 720w, https:\/\/taizyagromachine.com\/wp-content\/uploads\/2025\/10\/structure-of-self-propelled-forage-harvester-machine-16x12.webp 16w\" sizes=\"auto, (max-width: 720px) 100vw, 720px\" \/><figcaption class=\"wp-element-caption\">Lista de estructura de la cosechadora de forraje autopropulsada<\/figcaption><\/figure> <\/div>   <h2 class=\"wp-block-heading\"><strong>Aplicaciones de <strong>autopropulsado<\/strong> m\u00e1quina cosechadora de forraje<\/strong><\/h2>    <p>Esta m\u00e1quina de cosecha de ensilaje de ma\u00edz se usa ampliamente en:<\/p>    <ul class=\"wp-block-list\"> <li>Granjas de ganader\u00eda a gran escala <ul class=\"wp-block-list\"> <li>Como granjas lecheras, de ganado bovino, ovejas, etc., para cosechar y almacenar ensilaje.<\/li> <\/ul> <\/li>    <li>Plantas de procesamiento de alimento <ul class=\"wp-block-list\"> <li>Producci\u00f3n directa de alimento de ensilaje mediante trituraci\u00f3n de forraje.<\/li> <\/ul> <\/li>    <li>Cooperativas agr\u00edcolas <ul class=\"wp-block-list\"> <li>Proporcionar servicios de cosecha de ensilaje a las granjas cercanas.<\/li> <\/ul> <\/li>    <li>Proyectos agr\u00edcolas gubernamentales <ul class=\"wp-block-list\"> <li>Para programas de promoci\u00f3n de subsidios agr\u00edcolas y demostraciones de mecanizaci\u00f3n.<\/li> <\/ul> <\/li> <\/ul>    <p>Cultivos adecuados: tallos de ma\u00edz, hierba de elefante, hierba de Sud\u00e1n, sorgo, forrajes, avena, hierba de naiper, etc.<\/p>    <figure class=\"wp-block-gallery has-nested-images columns-default is-cropped wp-block-gallery-6 is-layout-flex wp-block-gallery-is-layout-flex\"> <figure class=\"wp-block-image size-large\"><img loading=\"lazy\" decoding=\"async\" width=\"720\" height=\"540\" data-id=\"8429\" src=\"https:\/\/taizyagromachine.com\/wp-content\/uploads\/2025\/10\/chopped-silage.webp\" alt=\"ensilaje picado\" class=\"wp-image-8429\" srcset=\"https:\/\/taizyagromachine.com\/wp-content\/uploads\/2025\/10\/chopped-silage.webp 720w, https:\/\/taizyagromachine.com\/wp-content\/uploads\/2025\/10\/chopped-silage-16x12.webp 16w\" sizes=\"auto, (max-width: 720px) 100vw, 720px\" \/><figcaption class=\"wp-element-caption\">ensilaje picado<\/figcaption><\/figure>    <figure class=\"wp-block-image size-large\"><img loading=\"lazy\" decoding=\"async\" width=\"720\" height=\"540\" data-id=\"8430\" src=\"https:\/\/taizyagromachine.com\/wp-content\/uploads\/2025\/10\/silage-cutting-effect.webp\" alt=\"efecto de corte de ensilado\" class=\"wp-image-8430\" srcset=\"https:\/\/taizyagromachine.com\/wp-content\/uploads\/2025\/10\/silage-cutting-effect.webp 720w, https:\/\/taizyagromachine.com\/wp-content\/uploads\/2025\/10\/silage-cutting-effect-16x12.webp 16w\" sizes=\"auto, (max-width: 720px) 100vw, 720px\" \/><figcaption class=\"wp-element-caption\">efecto de corte de ensilado<\/figcaption><\/figure> <\/figure>    <h2 class=\"wp-block-heading\"><strong>\u00bfCu\u00e1l es el precio de la cosechadora de ensilaje Taizy?<\/strong><\/h2>    <p>Los precios de las m\u00e1quinas cosechadoras de forraje var\u00edan seg\u00fan el modelo, la configuraci\u00f3n y la potencia del motor. En general, los modelos m\u00e1s grandes y con mayores especificaciones tienen precios m\u00e1s altos.<\/p>    <p>Por ejemplo, para m\u00e1quinas cosechadoras de ensilaje autopropulsadas con orugas, la versi\u00f3n con cabina completamente cerrada es m\u00e1s cara que la que tiene sombrilla. Adem\u00e1s, los clientes pueden seleccionar diferentes configuraciones seg\u00fan sus necesidades (por ejemplo, n\u00famero de cuchillas, potencia del motor, capacidad del tolva).<\/p>    <p>Taizy ofrece consistentemente precios directos de f\u00e1brica, garant\u00edas completas de las m\u00e1quinas y suministro de piezas de repuesto. Tambi\u00e9n proporcionamos toda la documentaci\u00f3n de exportaci\u00f3n requerida (por ejemplo, Certificados de Libre Comercio, Certificados de Origen).<\/p>   <div class=\"wp-block-image\"> <figure class=\"aligncenter size-full\"><img loading=\"lazy\" decoding=\"async\" width=\"720\" height=\"540\" src=\"https:\/\/taizyagromachine.com\/wp-content\/uploads\/2025\/10\/Taizy-self-propelled-silage-forage-harvester-machine-for-sale.webp\" alt=\"M\u00e1quina cosechadora de ensilaje de ma\u00edz autopropulsada Taizy en venta\" class=\"wp-image-8427\" srcset=\"https:\/\/taizyagromachine.com\/wp-content\/uploads\/2025\/10\/Taizy-self-propelled-silage-forage-harvester-machine-for-sale.webp 720w, https:\/\/taizyagromachine.com\/wp-content\/uploads\/2025\/10\/Taizy-self-propelled-silage-forage-harvester-machine-for-sale-16x12.webp 16w\" sizes=\"auto, (max-width: 720px) 100vw, 720px\" \/><figcaption class=\"wp-element-caption\">M\u00e1quina cosechadora de ensilaje de ma\u00edz autopropulsada Taizy en venta<\/figcaption><\/figure> <\/div>   <h2 class=\"wp-block-heading\"><strong>\u00bfC\u00f3mo obtener una cosechadora de forraje de ma\u00edz adecuada?<\/strong><\/h2>    <p>Al elegir una cosechadora de forraje de ma\u00edz para ensilaje, considere los siguientes factores:<\/p>    <ul class=\"wp-block-list\"> <li>Condiciones del terreno: Recomendar modelos con ruedas para llanuras; elegir modelos con orugas para \u00e1reas monta\u00f1osas o fangosas.<\/li>    <li>Tipo de cultivo y rendimiento: seleccione diferentes caballos de fuerza seg\u00fan el rendimiento de ma\u00edz o forraje.<\/li>    <li>Presupuesto y frecuencia de uso: opte por modelos de potencia media para uso diario; recomiende modelos de alta especificaci\u00f3n para aplicaciones comerciales.<\/li>    <li>Servicio postventa: Seleccione fabricantes como Taizy con amplia experiencia, suministro de piezas a largo plazo y soporte t\u00e9cnico.<\/li> <\/ul>    <p class=\"translation-block\">Taizy Machinery cuenta con 22 a\u00f1os de experiencia en fabricaci\u00f3n de equipos agr\u00edcolas. Nuestros productos se exportan a m\u00e1s de 40 pa\u00edses en \u00c1frica, Sudeste Asi\u00e1tico, Sudam\u00e9rica y m\u00e1s, ganando la confianza de los clientes. Adem\u00e1s, tenemos una soluci\u00f3n integral para el ensilaje: picado, enrollado y envoltura con la<a href=\"https:\/\/taizyagromachine.com\/es\/product\/silage-baler\/\">m\u00e1quina de envoltura de fardos de ensilaje<\/a>.<\/p>    <p>\u00a1Si est\u00e1 interesado, no dude en contactarnos de inmediato!<\/p>","protected":false},"excerpt":{"rendered":"<p>Taizy ofrece m\u00e1quinas profesionales de cosechadoras de ensilaje para granjas y f\u00e1bricas de pienso. Elija entre tipos de rueda o de orugas para una recolecci\u00f3n de forraje eficiente y confiable. Dise\u00f1ada para alta eficiencia, durabilidad y producci\u00f3n de forraje de calidad.<\/p>","protected":false},"author":1,"featured_media":8406,"parent":0,"template":"","tags":[235,116],"product-type":[19],"class_list":["post-8405","product","type-product","status-publish","has-post-thumbnail","hentry","tag-corn","tag-silage","product-type-silage-machine"],"_links":{"self":[{"href":"https:\/\/taizyagromachine.com\/es\/wp-json\/wp\/v2\/product\/8405","targetHints":{"allow":["GET"]}}],"collection":[{"href":"https:\/\/taizyagromachine.com\/es\/wp-json\/wp\/v2\/product"}],"about":[{"href":"https:\/\/taizyagromachine.com\/es\/wp-json\/wp\/v2\/types\/product"}],"author":[{"embeddable":true,"href":"https:\/\/taizyagromachine.com\/es\/wp-json\/wp\/v2\/users\/1"}],"wp:featuredmedia":[{"embeddable":true,"href":"https:\/\/taizyagromachine.com\/es\/wp-json\/wp\/v2\/media\/8406"}],"wp:attachment":[{"href":"https:\/\/taizyagromachine.com\/es\/wp-json\/wp\/v2\/media?parent=8405"}],"wp:term":[{"taxonomy":"post_tag","embeddable":true,"href":"https:\/\/taizyagromachine.com\/es\/wp-json\/wp\/v2\/tags?post=8405"},{"taxonomy":"product-type","embeddable":true,"href":"https:\/\/taizyagromachine.com\/es\/wp-json\/wp\/v2\/product-type?post=8405"}],"curies":[{"name":"wp","href":"https:\/\/api.w.org\/{rel}","templated":true}]}}