{"id":8541,"date":"2025-11-10T14:54:24","date_gmt":"2025-11-10T06:54:24","guid":{"rendered":"https:\/\/taizyagromachine.com\/?post_type=product&#038;p=8541"},"modified":"2025-11-10T16:01:01","modified_gmt":"2025-11-10T08:01:01","slug":"grain-and-grass-grinder-machine","status":"publish","type":"product","link":"https:\/\/taizyagromachine.com\/es\/product\/grain-and-grass-grinder-machine\/","title":{"rendered":"M\u00e1quina combinada de molienda de granos y hierba"},"content":{"rendered":"<p class=\"translation-block\">La m\u00e1quina de hierba Taizy <strong>combina pulpa de ensilaje y molienda de granos<\/strong>, capaz de picar hierba mientras muele ma\u00edz, trigo y soja. La hierba alcanza una textura uniforme y fina con un tama\u00f1o de part\u00edcula de 2-3mm, ideal para alimentar cerdos, vacas, ovejas, pollos, patos, gansos y otros animales de granja.<\/p>    <p>La m\u00e1quina de pulpa de ensilaje tiene una capacidad de 300-1500kg por hora, y presenta una estructura compacta y operaci\u00f3n sencilla, soportando opciones de potencia tanto el\u00e9ctrica como de motor di\u00e9sel para una selecci\u00f3n flexible seg\u00fan las necesidades del cliente. Esta m\u00e1quina es una soluci\u00f3n eficiente para triturar granos y forraje. \u00a1Cont\u00e1ctenos para m\u00e1s detalles!<\/p>    <figure class=\"wp-block-embed is-type-video is-provider-youtube wp-block-embed-youtube wp-embed-aspect-16-9 wp-has-aspect-ratio\"><div class=\"wp-block-embed__wrapper\"> <iframe loading=\"lazy\" title=\"M\u00e1quina eficiente de molienda de granos y hierba | Trituradora de ensilaje y ma\u00edz para producci\u00f3n de alimento animal\" width=\"500\" height=\"281\" src=\"https:\/\/www.youtube.com\/embed\/_2AgSC_yXXE?feature=oembed\" frameborder=\"0\" allow=\"accelerometer; autoplay; clipboard-write; encrypted-media; gyroscope; picture-in-picture; web-share\" referrerpolicy=\"strict-origin-when-cross-origin\" allowfullscreen><\/iframe> <\/div><figcaption class=\"wp-element-caption\">video de la m\u00e1quina de molienda de hierba<\/figcaption><\/figure>    <h2 class=\"wp-block-heading\"><strong>Ventajas de la m\u00e1quina de molienda de granos y hierba<\/strong><\/h2>    <ul class=\"wp-block-list\"> <li>Nuestra m\u00e1quina de pulpa de heno puede procesar <strong>300-1500kg\/h<\/strong>, que es muy eficiente.<\/li>    <li>El <strong>finura<\/strong> de hierba triturada es <strong>2-3mm<\/strong>, una mezcla de polvo muy fino, adecuada para alimentar aves de corral, cerdos, etc.<\/li>    <li> Una m\u00e1quina de picar hierba todo en uno <strong>combina el picado de hierba y la molienda de granos<\/strong>.<\/li>    <li>Podemos <strong>equipar el cicl\u00f3n y el marco de tracci\u00f3n<\/strong>, y <strong>personalizar la tensi\u00f3n, color, de la m\u00e1quina <\/strong>etc., to meet customers&#8217; demands.<\/li> <\/ul>    <figure class=\"wp-block-gallery has-nested-images columns-default is-cropped wp-block-gallery-2 is-layout-flex wp-block-gallery-is-layout-flex\"> <figure class=\"wp-block-image size-large\"><img loading=\"lazy\" decoding=\"async\" width=\"720\" height=\"540\" data-id=\"8548\" src=\"https:\/\/taizyagromachine.com\/wp-content\/uploads\/2025\/11\/combined-grain-milling-and-silage-grinder.webp\" alt=\"triturador combinado de molienda de granos y ensilaje\" class=\"wp-image-8548\" srcset=\"https:\/\/taizyagromachine.com\/wp-content\/uploads\/2025\/11\/combined-grain-milling-and-silage-grinder.webp 720w, https:\/\/taizyagromachine.com\/wp-content\/uploads\/2025\/11\/combined-grain-milling-and-silage-grinder-16x12.webp 16w\" sizes=\"auto, (max-width: 720px) 100vw, 720px\" \/><figcaption class=\"wp-element-caption\">triturador combinado de molienda de granos y ensilaje<\/figcaption><\/figure>    <figure class=\"wp-block-image size-large\"><img loading=\"lazy\" decoding=\"async\" width=\"720\" height=\"540\" data-id=\"8550\" src=\"https:\/\/taizyagromachine.com\/wp-content\/uploads\/2025\/11\/silage-pulping-machine-with-tractor.webp\" alt=\"m\u00e1quina de pulpa de ensilaje con tractor\" class=\"wp-image-8550\" srcset=\"https:\/\/taizyagromachine.com\/wp-content\/uploads\/2025\/11\/silage-pulping-machine-with-tractor.webp 720w, https:\/\/taizyagromachine.com\/wp-content\/uploads\/2025\/11\/silage-pulping-machine-with-tractor-16x12.webp 16w\" sizes=\"auto, (max-width: 720px) 100vw, 720px\" \/><figcaption class=\"wp-element-caption\">m\u00e1quina de pulpa de ensilaje con tractor<\/figcaption><\/figure> <\/figure>    <figure class=\"wp-block-gallery has-nested-images columns-default is-cropped wp-block-gallery-3 is-layout-flex wp-block-gallery-is-layout-flex\"> <figure class=\"wp-block-image size-large\"><img loading=\"lazy\" decoding=\"async\" width=\"328\" height=\"720\" data-id=\"8553\" src=\"https:\/\/taizyagromachine.com\/wp-content\/uploads\/2025\/11\/small-Napier-grass-grinder-machine.webp\" alt=\"m\u00e1quina peque\u00f1a de molienda de hierba Napier\" class=\"wp-image-8553\" srcset=\"https:\/\/taizyagromachine.com\/wp-content\/uploads\/2025\/11\/small-Napier-grass-grinder-machine.webp 328w, https:\/\/taizyagromachine.com\/wp-content\/uploads\/2025\/11\/small-Napier-grass-grinder-machine-5x12.webp 5w\" sizes=\"auto, (max-width: 328px) 100vw, 328px\" \/><figcaption class=\"wp-element-caption\">m\u00e1quina peque\u00f1a de molienda de hierba Napier<\/figcaption><\/figure>    <figure class=\"wp-block-image size-large\"><img loading=\"lazy\" decoding=\"async\" width=\"540\" height=\"720\" data-id=\"8552\" src=\"https:\/\/taizyagromachine.com\/wp-content\/uploads\/2025\/11\/grass-grinder-machine-with-cyclone.webp\" alt=\"m\u00e1quina de molienda de hierba con cicl\u00f3n\" class=\"wp-image-8552\" srcset=\"https:\/\/taizyagromachine.com\/wp-content\/uploads\/2025\/11\/grass-grinder-machine-with-cyclone.webp 540w, https:\/\/taizyagromachine.com\/wp-content\/uploads\/2025\/11\/grass-grinder-machine-with-cyclone-9x12.webp 9w\" sizes=\"auto, (max-width: 540px) 100vw, 540px\" \/><figcaption class=\"wp-element-caption\">m\u00e1quina de molienda de hierba con cicl\u00f3n<\/figcaption><\/figure>    <figure class=\"wp-block-image size-large\"><img loading=\"lazy\" decoding=\"async\" width=\"479\" height=\"720\" data-id=\"8551\" src=\"https:\/\/taizyagromachine.com\/wp-content\/uploads\/2025\/11\/crushed-grass.webp\" alt=\"hierba triturada\" class=\"wp-image-8551\" srcset=\"https:\/\/taizyagromachine.com\/wp-content\/uploads\/2025\/11\/crushed-grass.webp 479w, https:\/\/taizyagromachine.com\/wp-content\/uploads\/2025\/11\/crushed-grass-8x12.webp 8w\" sizes=\"auto, (max-width: 479px) 100vw, 479px\" \/><figcaption class=\"wp-element-caption\">hierba triturada<\/figcaption><\/figure> <\/figure>    <h2 class=\"wp-block-heading\"><strong>Datos t\u00e9cnicos del triturador combinado de ensilaje y ma\u00edz<\/strong><\/h2>    <figure class=\"wp-block-table\"><table class=\"has-fixed-layout\"><tbody><tr><td>Modelo<\/td><td>9RS-1000<\/td><td>9RS-1500<\/td><\/tr><tr><td>Fuerza<\/td><td>Motor de 3-4kw<\/td><td>Motor de 7.5kw o motor di\u00e9sel de 15hp<\/td><\/tr><tr><td>Capacidad<\/td><td>300-1000kg\/h<\/td><td>1000-1500kg\/hora<\/td><\/tr><tr><td>Tama\u00f1o<\/td><td>1200*600*1000mm<\/td><td>1800*1600*1150mm<\/td><\/tr><tr><td>Peso neto<\/td><td>90kg<\/td><td>310kg<\/td><\/tr><\/tbody><\/table><figcaption class=\"wp-element-caption\">par\u00e1metros de la m\u00e1quina de pulpa de ensilaje de heno<\/figcaption><\/figure>    <figure class=\"wp-block-gallery has-nested-images columns-default is-cropped wp-block-gallery-4 is-layout-flex wp-block-gallery-is-layout-flex\"> <figure class=\"wp-block-image size-large\"><img loading=\"lazy\" decoding=\"async\" width=\"540\" height=\"540\" data-id=\"8545\" src=\"https:\/\/taizyagromachine.com\/wp-content\/uploads\/2025\/11\/9RS-1000-grain-and-grass-grinding-machine.webp\" alt=\"9RS-1000 m\u00e1quina de molienda de granos y hierba\" class=\"wp-image-8545\" srcset=\"https:\/\/taizyagromachine.com\/wp-content\/uploads\/2025\/11\/9RS-1000-grain-and-grass-grinding-machine.webp 540w, https:\/\/taizyagromachine.com\/wp-content\/uploads\/2025\/11\/9RS-1000-grain-and-grass-grinding-machine-12x12.webp 12w\" sizes=\"auto, (max-width: 540px) 100vw, 540px\" \/><figcaption class=\"wp-element-caption\">9RS-1000 m\u00e1quina de molienda de granos y hierba<\/figcaption><\/figure>    <figure class=\"wp-block-image size-large\"><img loading=\"lazy\" decoding=\"async\" width=\"540\" height=\"540\" data-id=\"8546\" src=\"https:\/\/taizyagromachine.com\/wp-content\/uploads\/2025\/11\/9RS-1500-grass-cutting-and-grinding-machine.webp\" alt=\"9RS-1500 m\u00e1quina de corte y molienda de hierba\" class=\"wp-image-8546\" srcset=\"https:\/\/taizyagromachine.com\/wp-content\/uploads\/2025\/11\/9RS-1500-grass-cutting-and-grinding-machine.webp 540w, https:\/\/taizyagromachine.com\/wp-content\/uploads\/2025\/11\/9RS-1500-grass-cutting-and-grinding-machine-12x12.webp 12w\" sizes=\"auto, (max-width: 540px) 100vw, 540px\" \/><figcaption class=\"wp-element-caption\">9RS-1500 m\u00e1quina de corte y molienda de hierba<\/figcaption><\/figure> <\/figure>    <h2 class=\"wp-block-heading\"><strong>Aplicaciones de la m\u00e1quina de molienda de granos y hierba en venta<\/strong><\/h2>    <p>Este equipo se usa ampliamente en granjas de ganado, plantas de procesamiento de alimentos, cooperativas agr\u00edcolas y bases de producci\u00f3n de ensilaje.<\/p>    <p>Los materiales adecuados son diversos ensilajes y granos, como heno, tallos de ma\u00edz, hierba Napier, ma\u00edz, ma\u00edz, soja, pajas de trigo, pajas de arroz, etc.<\/p>    <p>La pulverizadora de hierba muele y mezcla eficazmente forraje de fibra gruesa con granos, mejorando la palatabilidad del alimento y las tasas de absorci\u00f3n de nutrientes. Es un equipo indispensable en el procesamiento moderno de alimentos. Ya sea manejando materiales secos o h\u00famedos, esta m\u00e1quina opera eficientemente, ayudando a los agricultores a lograr la autosuficiencia en alimentaci\u00f3n.<\/p>   <div class=\"wp-block-image\"> <figure class=\"aligncenter size-full\"><img loading=\"lazy\" decoding=\"async\" width=\"720\" height=\"540\" src=\"https:\/\/taizyagromachine.com\/wp-content\/uploads\/2025\/11\/grass-cutting-grinder-machine.webp\" alt=\"m\u00e1quina trituradora de corte de hierba\" class=\"wp-image-8557\" srcset=\"https:\/\/taizyagromachine.com\/wp-content\/uploads\/2025\/11\/grass-cutting-grinder-machine.webp 720w, https:\/\/taizyagromachine.com\/wp-content\/uploads\/2025\/11\/grass-cutting-grinder-machine-16x12.webp 16w\" sizes=\"auto, (max-width: 720px) 100vw, 720px\" \/><figcaption class=\"wp-element-caption\">m\u00e1quina trituradora de corte de hierba<\/figcaption><\/figure> <\/div>   <h2 class=\"wp-block-heading\"><strong>\u00bfC\u00f3mo funciona la m\u00e1quina de pulpa de ensilaje?<\/strong><\/h2>    <p>La m\u00e1quina trituradora de hierba Napier emplea ensamblajes de cuchillas de alta velocidad para cortar y pulverizar forraje y granos. Los materiales ingresan en la c\u00e1mara de molienda a trav\u00e9s de la entrada de alimentaci\u00f3n, donde son procesados en pulpa o polvo por cuchillas que giran r\u00e1pidamente antes de ser descargados por la salida. La m\u00e1quina presenta operaci\u00f3n sencilla y bajos costos de mantenimiento, siendo adecuada para operaciones agr\u00edcolas de diferentes escalas.<\/p>    <figure class=\"wp-block-gallery has-nested-images columns-default is-cropped wp-block-gallery-5 is-layout-flex wp-block-gallery-is-layout-flex\"> <figure class=\"wp-block-image size-large\"><img loading=\"lazy\" decoding=\"async\" width=\"438\" height=\"540\" data-id=\"8554\" src=\"https:\/\/taizyagromachine.com\/wp-content\/uploads\/2025\/11\/grain-and-forage-pulping-machine.webp\" alt=\"m\u00e1quina de pulpa de granos y forraje\" class=\"wp-image-8554\" srcset=\"https:\/\/taizyagromachine.com\/wp-content\/uploads\/2025\/11\/grain-and-forage-pulping-machine.webp 438w, https:\/\/taizyagromachine.com\/wp-content\/uploads\/2025\/11\/grain-and-forage-pulping-machine-10x12.webp 10w\" sizes=\"auto, (max-width: 438px) 100vw, 438px\" \/><figcaption class=\"wp-element-caption\">m\u00e1quina de pulpa de granos y forraje<\/figcaption><\/figure>    <figure class=\"wp-block-image size-large\"><img loading=\"lazy\" decoding=\"async\" width=\"540\" height=\"540\" data-id=\"8555\" src=\"https:\/\/taizyagromachine.com\/wp-content\/uploads\/2025\/11\/internal-structure-of-grinder.webp\" alt=\"estructura interna de la trituradora\" class=\"wp-image-8555\" srcset=\"https:\/\/taizyagromachine.com\/wp-content\/uploads\/2025\/11\/internal-structure-of-grinder.webp 540w, https:\/\/taizyagromachine.com\/wp-content\/uploads\/2025\/11\/internal-structure-of-grinder-12x12.webp 12w\" sizes=\"auto, (max-width: 540px) 100vw, 540px\" \/><figcaption class=\"wp-element-caption\">estructura interna de la trituradora<\/figcaption><\/figure> <\/figure>    <h2 class=\"wp-block-heading\"><strong>What&#8217;s the price of Taizy grain and grass grinder machine<\/strong><\/h2>    <p>El precio de la m\u00e1quina de pulpa de forraje depende principalmente del modelo de la m\u00e1quina, la fuente de energ\u00eda (motor el\u00e9ctrico o motor di\u00e9sel), la configuraci\u00f3n de salida y si incluye un cicl\u00f3n o marco de tracci\u00f3n. Los modelos m\u00e1s peque\u00f1os suelen ser m\u00e1s rentables, mientras que los modelos m\u00e1s grandes soportan una alta producci\u00f3n y un funcionamiento continuo extendido. El modelo de ventas directo de la f\u00e1brica de Taizy ofrece precios competitivos a los clientes, con env\u00edo global y suministro de piezas de repuesto disponibles.<\/p>    <h2 class=\"wp-block-heading\"><strong>\u00bfC\u00f3mo hacer un pedido en Taizy?<\/strong><\/h2>    <p>Los clientes pueden contactarnos directamente por correo electr\u00f3nico, WhatsApp\/WeChat, o a trav\u00e9s de nuestro sitio web oficial para proporcionar la salida requerida, potencia, aplicaci\u00f3n y necesidades de personalizaci\u00f3n. Recomendaremos el modelo m\u00e1s adecuado y ofreceremos cotizaciones detalladas y soluciones de env\u00edo. <\/p>    <p>Taizy Machinery ofrece asesoramiento profesional previo a la venta, orientaci\u00f3n t\u00e9cnica y servicio postventa a clientes globales, garantizando una adquisici\u00f3n y uso sin preocupaciones.<\/p>    <p>Adem\u00e1s, disponemos de otros equipos de proceso de ensilaje en venta, como<\/p>    <ul class=\"wp-block-list\"> <li><a href=\"https:\/\/taizyagromachine.com\/es\/product\/forage-chopper-machine\/\">cortador de paja<\/a><\/li>    <li><a href=\"https:\/\/taizyagromachine.com\/es\/product\/straw-cutting-machine\/\">M\u00e1quina de picar y amasar hierba<\/a><\/li>    <li><a href=\"https:\/\/taizyagromachine.com\/es\/product\/silage-baler\/\">M\u00e1quina de envolver pacas de ensilaje<\/a><\/li> <\/ul>    <p>Si buscas maquinaria para el procesamiento de ensilado, ponte en contacto con nosotros de inmediato. Ofreceremos la mejor soluci\u00f3n para beneficiar tus negocios de forraje.<\/p>","protected":false},"excerpt":{"rendered":"<p>El Pulper de Forraje Taizy es una m\u00e1quina vers\u00e1til de procesamiento de alimentaci\u00f3n capaz de moler forraje y granos en part\u00edculas uniformemente finas y altamente palatables. Con m\u00faltiples configuraciones personalizables, sirve como una soluci\u00f3n ideal para el procesamiento de alimentaci\u00f3n en la granja.<\/p>","protected":false},"author":1,"featured_media":8543,"parent":0,"template":"","tags":[116],"product-type":[19],"class_list":["post-8541","product","type-product","status-publish","has-post-thumbnail","hentry","tag-silage","product-type-silage-machine"],"_links":{"self":[{"href":"https:\/\/taizyagromachine.com\/es\/wp-json\/wp\/v2\/product\/8541","targetHints":{"allow":["GET"]}}],"collection":[{"href":"https:\/\/taizyagromachine.com\/es\/wp-json\/wp\/v2\/product"}],"about":[{"href":"https:\/\/taizyagromachine.com\/es\/wp-json\/wp\/v2\/types\/product"}],"author":[{"embeddable":true,"href":"https:\/\/taizyagromachine.com\/es\/wp-json\/wp\/v2\/users\/1"}],"wp:featuredmedia":[{"embeddable":true,"href":"https:\/\/taizyagromachine.com\/es\/wp-json\/wp\/v2\/media\/8543"}],"wp:attachment":[{"href":"https:\/\/taizyagromachine.com\/es\/wp-json\/wp\/v2\/media?parent=8541"}],"wp:term":[{"taxonomy":"post_tag","embeddable":true,"href":"https:\/\/taizyagromachine.com\/es\/wp-json\/wp\/v2\/tags?post=8541"},{"taxonomy":"product-type","embeddable":true,"href":"https:\/\/taizyagromachine.com\/es\/wp-json\/wp\/v2\/product-type?post=8541"}],"curies":[{"name":"wp","href":"https:\/\/api.w.org\/{rel}","templated":true}]}}