{"id":8567,"date":"2025-11-19T16:53:20","date_gmt":"2025-11-19T08:53:20","guid":{"rendered":"https:\/\/taizyagromachine.com\/?post_type=product&#038;p=8567"},"modified":"2025-11-19T17:25:01","modified_gmt":"2025-11-19T09:25:01","slug":"hay-bale-shredder","status":"publish","type":"product","link":"https:\/\/taizyagromachine.com\/es\/product\/hay-bale-shredder\/","title":{"rendered":"Trituradora de fardos de heno"},"content":{"rendered":"<p class=\"translation-block\">Taizy <strong>hay bale shredder<\/strong> can crush and grind hay bale, straw bale, or straw into small pieces of 3-10cm. It&#8217;s used on big livestock farms to process hay and straw with a capacity of 2-18t per hour. This hay bale grinder commonly uses an electric motor as power, and has two discharging ways(top or bottom discharge). Also, the machine has a traction frame and tyres, easy to move. For livetsock farming, it&#8217;s ideal for bales processing.<\/p>    <figure class=\"wp-block-embed is-type-video is-provider-youtube wp-block-embed-youtube wp-embed-aspect-16-9 wp-has-aspect-ratio\"><div class=\"wp-block-embed__wrapper\"> <iframe loading=\"lazy\" title=\"Hay bale crusher | Grass bale shredder working test: complete straw &amp; hay bale crusher solution\" width=\"500\" height=\"281\" src=\"https:\/\/www.youtube.com\/embed\/22SeCz3fZuo?feature=oembed\" frameborder=\"0\" allow=\"accelerometer; autoplay; clipboard-write; encrypted-media; gyroscope; picture-in-picture; web-share\" referrerpolicy=\"strict-origin-when-cross-origin\" allowfullscreen><\/iframe> <\/div><figcaption class=\"wp-element-caption\">Video de trabajo del triturador de fardos de heno<\/figcaption><\/figure>    <h2 class=\"wp-block-heading\"><strong>Aplicaciones del triturador el\u00e9ctrico de fardos de heno Taizy<\/strong><\/h2>    <p>El triturador de paja se usa principalmente para desmantelar y triturar r\u00e1pidamente fardos redondos o cuadrados de forraje en una alimentaci\u00f3n uniforme. Es adecuado para:<\/p>    <ul class=\"wp-block-list\"> <li>Alimentar rumiantes como ganado, ovejas, caballos y camellos<\/li>    <li>Preprocesamiento para ensilaje, heno, alfalfa, paja y otros materiales<\/li>    <li>Pre-tratamiento antes de mezcladoras TMR<\/li>    <li>Procesamiento de polvo de hierba y trituraci\u00f3n de materia prima para molinos de pienso<\/li> <\/ul>    <p>El peque\u00f1o triturador de fardos de heno Taizy puede procesar de 2000 a 18000kg de fardos a la vez, tritur\u00e1ndolos en piezas de 3-10cm, sin da\u00f1ar las fibras del heno, resultando en mejor palatabilidad.<\/p>   <div class=\"wp-block-image\"> <figure class=\"aligncenter size-full\"><img loading=\"lazy\" decoding=\"async\" width=\"720\" height=\"540\" src=\"https:\/\/taizyagromachine.com\/wp-content\/uploads\/2025\/11\/applications-of-straw-hay-bale-grinder.webp\" alt=\"aplicaciones del triturador de fardos de heno de paja\" class=\"wp-image-8571\" srcset=\"https:\/\/taizyagromachine.com\/wp-content\/uploads\/2025\/11\/applications-of-straw-hay-bale-grinder.webp 720w, https:\/\/taizyagromachine.com\/wp-content\/uploads\/2025\/11\/applications-of-straw-hay-bale-grinder-16x12.webp 16w\" sizes=\"auto, (max-width: 720px) 100vw, 720px\" \/><figcaption class=\"wp-element-caption\">aplicaciones del triturador de fardos de heno de paja<\/figcaption><\/figure> <\/div>   <p>Adem\u00e1s, este triturador de discos se usa ampliamente en:<\/p>    <ul class=\"wp-block-list\"> <li>Granjas a gran escala (ganado, ovejas, camellos) <ul class=\"wp-block-list\"> <li>El procesamiento diario de grandes cantidades de forraje requiere velocidad y ahorro de mano de obra.<\/li> <\/ul> <\/li>    <li>Plantas de procesamiento de alimento <ul class=\"wp-block-list\"> <li>Como paso preliminar para moler forraje y mezclar alimentos.<\/li> <\/ul> <\/li>    <li>Cooperativas agr\u00edcolas <ul class=\"wp-block-list\"> <li>Proporcionar servicios de molienda de fardos a los agricultores locales.<\/li> <\/ul> <\/li>    <li>Integraci\u00f3n con mezcladoras TMR <ul class=\"wp-block-list\"> <li>Incorporar forraje triturado en mezclas TMR mejora la eficacia nutricional.<\/li> <\/ul> <\/li> <\/ul>    <h2 class=\"wp-block-heading\"><strong>Ventajas del triturador de discos para hierba y fardos de heno<\/strong><\/h2>    <ul class=\"wp-block-list\"> <li>Puede <strong>Manejar fardos redondos y cuadrados, pajas, tallos, etc.<\/strong>, y admite todo tipo de fardos con gran adaptabilidad, satisfaciendo todas las necesidades de procesamiento de forraje en la granja con una sola m\u00e1quina.<\/li>    <li>Las martillos dentro de la m\u00e1quina son <strong>hecho de 65Mn<\/strong>, de alta dureza y resistente al desgaste, que entrega <strong>m\u00e1s del 30% m\u00e1s r\u00e1pido en triturado<\/strong> que supera a las m\u00e1quinas tradicionales.<\/li>    <li>Nuestro triturador de fardos de heno cuenta con un <strong>Entrada de alimentaci\u00f3n de barril<\/strong>, y su <strong>Transportador de cadena pesado<\/strong> rompe f\u00e1cilmente fardos densos.<\/li>    <li>La unidad completa cuenta con <strong>Placas de acero reforzado (5mm)<\/strong> y cuchillas reemplazables, lo que lo hace adecuado para uso a largo plazo y de alta intensidad.<\/li>    <li>El producto final mide <strong>3-10cm<\/strong>, ajustable seg\u00fan el tipo de animal. Por ejemplo, 2\u20133cm (ovejas), 3\u20135cm (ganado), 5\u20138cm (caballos), etc.<\/li>    <li>Su <strong>la producci\u00f3n var\u00eda de 2 a 18 toneladas por hora<\/strong>, y puedes elegir seg\u00fan tus necesidades.<\/li> <\/ul>    <figure class=\"wp-block-gallery has-nested-images columns-default is-cropped wp-block-gallery-2 is-layout-flex wp-block-gallery-is-layout-flex\"> <figure class=\"wp-block-image size-large\"><img loading=\"lazy\" decoding=\"async\" width=\"720\" height=\"540\" data-id=\"8578\" src=\"https:\/\/taizyagromachine.com\/wp-content\/uploads\/2025\/11\/quality-hay-bale-chopper-for-sale.webp\" alt=\"Triturador de fardos de heno de calidad en venta\" class=\"wp-image-8578\" srcset=\"https:\/\/taizyagromachine.com\/wp-content\/uploads\/2025\/11\/quality-hay-bale-chopper-for-sale.webp 720w, https:\/\/taizyagromachine.com\/wp-content\/uploads\/2025\/11\/quality-hay-bale-chopper-for-sale-16x12.webp 16w\" sizes=\"auto, (max-width: 720px) 100vw, 720px\" \/><figcaption class=\"wp-element-caption\">Triturador de fardos de heno de calidad en venta<\/figcaption><\/figure>    <figure class=\"wp-block-image size-large\"><img loading=\"lazy\" decoding=\"async\" width=\"720\" height=\"540\" data-id=\"8579\" src=\"https:\/\/taizyagromachine.com\/wp-content\/uploads\/2025\/11\/straw-bale-shredder-from-Taizy.webp\" alt=\"Triturador de paja de Taizy\" class=\"wp-image-8579\" srcset=\"https:\/\/taizyagromachine.com\/wp-content\/uploads\/2025\/11\/straw-bale-shredder-from-Taizy.webp 720w, https:\/\/taizyagromachine.com\/wp-content\/uploads\/2025\/11\/straw-bale-shredder-from-Taizy-16x12.webp 16w\" sizes=\"auto, (max-width: 720px) 100vw, 720px\" \/><figcaption class=\"wp-element-caption\">Triturador de paja de Taizy<\/figcaption><\/figure> <\/figure>    <h2 class=\"wp-block-heading\"><strong>Par\u00e1metros t\u00e9cnicos del triturador de paja redonda<\/strong><\/h2>    <figure class=\"wp-block-table\"><table class=\"has-fixed-layout\"><tbody><tr><td>Modelo<\/td><td>Poder igualado<\/td><td>Capacidad<\/td><td>Tama\u00f1o de trituraci\u00f3n<\/td><td>Peso<\/td><\/tr><tr><td>9FL-200<\/td><td>22KW<\/td><td>2-3t\/h<\/td><td>3-10cm<\/td><td>1.1T<\/td><\/tr><tr><td>9FL-240<\/td><td>37KW<\/td><td>5-8t\/h<\/td><td>3-10cm<\/td><td>2T<\/td><\/tr><tr><td>9FL-260<\/td><td>75KW<\/td><td>6-10t\/h<\/td><td>3-10cm<\/td><td>3T<\/td><\/tr><tr><td>9FL-300<\/td><td>90-110KW<\/td><td>8-12t\/h<\/td><td>3-10cm<\/td><td>6T<\/td><\/tr><tr><td>9FL-350<\/td><td>55KW (doble)<\/td><td>12-18t\/h<\/td><td>3-10cm<\/td><td>8T<\/td><\/tr><\/tbody><\/table><figcaption class=\"wp-element-caption\">Especificaciones del triturador de fardos de heno<\/figcaption><\/figure>    <h2 class=\"wp-block-heading\"><strong>Diferentes tipos de trituradores de paja y fardos de heno<\/strong><\/h2>    <p>Seg\u00fan diferentes configuraciones, puede dividirse en varios tipos:<\/p>    <ul class=\"wp-block-list\"> <li>Triturador de paja de heno con descarga superior<\/li>    <li>Triturador de fardos de heno con descarga inferior<\/li>    <li>Triturador de fardos de heno con cicl\u00f3n<\/li>    <li>Triturador de fardos de heno con marco de tracci\u00f3n y neum\u00e1ticos<\/li> <\/ul>    <div class=\"wp-block-columns is-layout-flex wp-container-core-columns-is-layout-9d6595d7 wp-block-columns-is-layout-flex\"> <div class=\"wp-block-column is-layout-flow wp-block-column-is-layout-flow\"> <figure class=\"wp-block-image size-full\"><img loading=\"lazy\" decoding=\"async\" width=\"720\" height=\"540\" src=\"https:\/\/taizyagromachine.com\/wp-content\/uploads\/2025\/11\/hay-bale-crusher-with-upper-discharge.webp\" alt=\"Triturador de fardos de heno con descarga superior\" class=\"wp-image-8573\" srcset=\"https:\/\/taizyagromachine.com\/wp-content\/uploads\/2025\/11\/hay-bale-crusher-with-upper-discharge.webp 720w, https:\/\/taizyagromachine.com\/wp-content\/uploads\/2025\/11\/hay-bale-crusher-with-upper-discharge-16x12.webp 16w\" sizes=\"auto, (max-width: 720px) 100vw, 720px\" \/><figcaption class=\"wp-element-caption\">Triturador de fardos de heno con descarga superior<\/figcaption><\/figure> <\/div>    <div class=\"wp-block-column is-layout-flow wp-block-column-is-layout-flow\"> <figure class=\"wp-block-image size-full\"><img loading=\"lazy\" decoding=\"async\" width=\"720\" height=\"540\" src=\"https:\/\/taizyagromachine.com\/wp-content\/uploads\/2025\/11\/hay-bale-shredder-with-bottom-discharge.webp\" alt=\"Triturador de fardos de heno con descarga inferior\" class=\"wp-image-8574\" srcset=\"https:\/\/taizyagromachine.com\/wp-content\/uploads\/2025\/11\/hay-bale-shredder-with-bottom-discharge.webp 720w, https:\/\/taizyagromachine.com\/wp-content\/uploads\/2025\/11\/hay-bale-shredder-with-bottom-discharge-16x12.webp 16w\" sizes=\"auto, (max-width: 720px) 100vw, 720px\" \/><figcaption class=\"wp-element-caption\">Triturador de fardos de heno con descarga inferior<\/figcaption><\/figure> <\/div> <\/div>    <div class=\"wp-block-columns is-layout-flex wp-container-core-columns-is-layout-9d6595d7 wp-block-columns-is-layout-flex\"> <div class=\"wp-block-column is-layout-flow wp-block-column-is-layout-flow\"> <figure class=\"wp-block-image size-full\"><img loading=\"lazy\" decoding=\"async\" width=\"720\" height=\"540\" src=\"https:\/\/taizyagromachine.com\/wp-content\/uploads\/2025\/11\/hay-bale-grinder-with-cyclone.webp\" alt=\"Triturador de fardos de heno con cicl\u00f3n\" class=\"wp-image-8576\" srcset=\"https:\/\/taizyagromachine.com\/wp-content\/uploads\/2025\/11\/hay-bale-grinder-with-cyclone.webp 720w, https:\/\/taizyagromachine.com\/wp-content\/uploads\/2025\/11\/hay-bale-grinder-with-cyclone-16x12.webp 16w\" sizes=\"auto, (max-width: 720px) 100vw, 720px\" \/><figcaption class=\"wp-element-caption\">Triturador de fardos de heno con cicl\u00f3n<\/figcaption><\/figure> <\/div>    <div class=\"wp-block-column is-layout-flow wp-block-column-is-layout-flow\"> <figure class=\"wp-block-image size-full\"><img loading=\"lazy\" decoding=\"async\" width=\"720\" height=\"540\" src=\"https:\/\/taizyagromachine.com\/wp-content\/uploads\/2025\/11\/straw-bale-crusher-with-traction-and-tires.webp\" alt=\"Triturador de paja con tracci\u00f3n y neum\u00e1ticos\" class=\"wp-image-8577\" srcset=\"https:\/\/taizyagromachine.com\/wp-content\/uploads\/2025\/11\/straw-bale-crusher-with-traction-and-tires.webp 720w, https:\/\/taizyagromachine.com\/wp-content\/uploads\/2025\/11\/straw-bale-crusher-with-traction-and-tires-16x12.webp 16w\" sizes=\"auto, (max-width: 720px) 100vw, 720px\" \/><figcaption class=\"wp-element-caption\">Triturador de paja con tracci\u00f3n y neum\u00e1ticos<\/figcaption><\/figure> <\/div> <\/div>    <h2 class=\"wp-block-heading\"><strong>\u00bfC\u00f3mo funciona el triturador de fardos de paja redonda Taizy?<\/strong><\/h2>    <p>El triturador de fardos de heno redondo de Taizy emplea un sistema de desgarro y trituraci\u00f3n de alta eficiencia para descomponer r\u00e1pidamente fardos densos en alimentaci\u00f3n uniforme. El flujo de trabajo general es el siguiente:<\/p>    <ol class=\"wp-block-list\"> <li>Introduce los fardos o paja en la entrada de alimentaci\u00f3n.<\/li>    <li>Triturar y amasar fardos\/pajas con martillos.<\/li>    <li>Descarga peque\u00f1os trozos desde la salida.<\/li> <\/ol>    <h2 class=\"wp-block-heading\"><strong>What&#8217;s the hay bale crusher price?<\/strong><\/h2>    <p>El precio de un triturador de fardos de heno est\u00e1 influenciado por los siguientes factores:<\/p>    <ul class=\"wp-block-list\"> <li>Capacidad de tama\u00f1o de fardo de heno<\/li>    <li>Tipo de fuente de energ\u00eda (motor el\u00e9ctrico\/motor di\u00e9sel)<\/li>    <li>Requisito para marco de remolque, cinta transportadora, color personalizado o voltaje<\/li>    <li>Integraci\u00f3n con TMR u otros equipos<\/li> <\/ul>    <p>Even a single difference in specifications will affect the machine&#8217;s price. For detailed pricing information, please feel free to contact us. We will provide you with a detailed quotation based on your specific requirements.<\/p>    <h2 class=\"wp-block-heading\"><strong>Visita del cliente: tour por la f\u00e1brica de trituradores de fardos de heno Taizy<\/strong><\/h2>    <p>Recently, overseas clients visited the Taizy factory, focusing their tour on our hay bale shredder production line. On-site, they examined key details such as equipment structure, blade materials, and power configurations, and observed live shredding demonstrations. They expressed high satisfaction with the machine&#8217;s efficiency and the fineness of the finished product. This visit further solidified the clients&#8217; recognition of Taize&#8217;s manufacturing capabilities, laying a strong foundation for future collaboration.<\/p>    <figure class=\"wp-block-gallery has-nested-images columns-default is-cropped wp-block-gallery-3 is-layout-flex wp-block-gallery-is-layout-flex\"> <figure class=\"wp-block-image size-large\"><img loading=\"lazy\" decoding=\"async\" width=\"720\" height=\"540\" data-id=\"8582\" src=\"https:\/\/taizyagromachine.com\/wp-content\/uploads\/2025\/11\/hay-bale-tub-grinder-customer-visit.webp\" alt=\"Visita de cliente a la f\u00e1brica de trituradores de fardos de heno\" class=\"wp-image-8582\" srcset=\"https:\/\/taizyagromachine.com\/wp-content\/uploads\/2025\/11\/hay-bale-tub-grinder-customer-visit.webp 720w, https:\/\/taizyagromachine.com\/wp-content\/uploads\/2025\/11\/hay-bale-tub-grinder-customer-visit-16x12.webp 16w\" sizes=\"auto, (max-width: 720px) 100vw, 720px\" \/><figcaption class=\"wp-element-caption\">Visita de cliente a la f\u00e1brica de trituradores de fardos de heno<\/figcaption><\/figure>    <figure class=\"wp-block-image size-large\"><img loading=\"lazy\" decoding=\"async\" width=\"720\" height=\"540\" data-id=\"8583\" src=\"https:\/\/taizyagromachine.com\/wp-content\/uploads\/2025\/11\/straw-hay-bale-shredder-factory-visit.webp\" alt=\"Visita a la f\u00e1brica de trituradores de paja de heno\" class=\"wp-image-8583\" srcset=\"https:\/\/taizyagromachine.com\/wp-content\/uploads\/2025\/11\/straw-hay-bale-shredder-factory-visit.webp 720w, https:\/\/taizyagromachine.com\/wp-content\/uploads\/2025\/11\/straw-hay-bale-shredder-factory-visit-16x12.webp 16w\" sizes=\"auto, (max-width: 720px) 100vw, 720px\" \/><figcaption class=\"wp-element-caption\">Visita a la f\u00e1brica de trituradores de paja de heno<\/figcaption><\/figure> <\/figure>    <h2 class=\"wp-block-heading\"><strong>Configuraci\u00f3n del equipo para peque\u00f1o triturador de fardos de heno<\/strong><\/h2>    <p>Como fabricante y proveedor profesional de maquinaria agr\u00edcola, podemos ofrecer diferentes configuraciones para facilitar el procesamiento de fardos, como<\/p>    <ul class=\"wp-block-list\"> <li>Triturador de fardos de heno\u2192empacadora<\/li>    <li>Triturador de fardos de heno\u2192<a href=\"https:\/\/taizyagromachine.com\/es\/product\/silage-spreader-feed-spreader-mixer\/\">esparcidor de forraje de ensilaje<\/a><\/li>    <li>Triturador de fardos de heno\u2192extractor de polvo<\/li> <\/ul>   <div class=\"wp-block-image\"> <figure class=\"aligncenter size-full\"><img loading=\"lazy\" decoding=\"async\" width=\"720\" height=\"290\" src=\"https:\/\/taizyagromachine.com\/wp-content\/uploads\/2025\/11\/hay-bale-shredder-and-hydraulic-bagging-machine.webp\" alt=\"Triturador de fardos de heno y m\u00e1quina de envasado hidr\u00e1ulico\" class=\"wp-image-8572\" srcset=\"https:\/\/taizyagromachine.com\/wp-content\/uploads\/2025\/11\/hay-bale-shredder-and-hydraulic-bagging-machine.webp 720w, https:\/\/taizyagromachine.com\/wp-content\/uploads\/2025\/11\/hay-bale-shredder-and-hydraulic-bagging-machine-18x7.webp 18w\" sizes=\"auto, (max-width: 720px) 100vw, 720px\" \/><figcaption class=\"wp-element-caption\">Triturador de fardos de heno y m\u00e1quina de envasado hidr\u00e1ulico<\/figcaption><\/figure> <\/div>  <div class=\"wp-block-image\"> <figure class=\"aligncenter size-full\"><img loading=\"lazy\" decoding=\"async\" width=\"720\" height=\"290\" src=\"https:\/\/taizyagromachine.com\/wp-content\/uploads\/2025\/11\/straw-bale-chopper-with-dust-collector.webp\" alt=\"Triturador de paja con colector de polvo\" class=\"wp-image-8581\" srcset=\"https:\/\/taizyagromachine.com\/wp-content\/uploads\/2025\/11\/straw-bale-chopper-with-dust-collector.webp 720w, https:\/\/taizyagromachine.com\/wp-content\/uploads\/2025\/11\/straw-bale-chopper-with-dust-collector-18x7.webp 18w\" sizes=\"auto, (max-width: 720px) 100vw, 720px\" \/><figcaption class=\"wp-element-caption\">Triturador de paja con colector de polvo<\/figcaption><\/figure> <\/div>   <h2 class=\"wp-block-heading\"><strong>\u00bfPor qu\u00e9 elegir nuestro triturador de fardos de heno?<\/strong><\/h2>    <ul class=\"wp-block-list\"> <li>\u2714 22 a\u00f1os de experiencia en maquinaria, exportada a m\u00e1s de 80 pa\u00edses en todo el mundo<\/li>    <li>\u2714 Personalizaci\u00f3n disponible (color, voltaje, fuente de energ\u00eda, estructura de descarga)<\/li>    <li>\u2714 Proporciona videos de prueba de funcionamiento   informes de prueba de f\u00e1brica<\/li>    <li>\u2714 Amplia disponibilidad de repuestos y r\u00e1pida respuesta postventa<\/li>    <li>\u2714 Puede combinarse con conjuntos completos de equipos de ensilado (empacadora, esparcidor de alimento, etc.)<\/li> <\/ul>    <figure class=\"wp-block-gallery aligncenter has-nested-images columns-default is-cropped wp-block-gallery-4 is-layout-flex wp-block-gallery-is-layout-flex\"> <figure class=\"wp-block-image size-full\"><img loading=\"lazy\" decoding=\"async\" width=\"720\" height=\"540\" data-id=\"8587\" src=\"https:\/\/taizyagromachine.com\/wp-content\/uploads\/2025\/11\/round-hay-bale-crusher-manufacturer.webp\" alt=\"Fabricante de trituradores de fardos de heno redondo\" class=\"wp-image-8587\" srcset=\"https:\/\/taizyagromachine.com\/wp-content\/uploads\/2025\/11\/round-hay-bale-crusher-manufacturer.webp 720w, https:\/\/taizyagromachine.com\/wp-content\/uploads\/2025\/11\/round-hay-bale-crusher-manufacturer-16x12.webp 16w\" sizes=\"auto, (max-width: 720px) 100vw, 720px\" \/><figcaption class=\"wp-element-caption\">Fabricante de trituradores de fardos de heno redondo<\/figcaption><\/figure>    <figure class=\"wp-block-image size-full\"><img loading=\"lazy\" decoding=\"async\" width=\"720\" height=\"540\" data-id=\"8585\" src=\"https:\/\/taizyagromachine.com\/wp-content\/uploads\/2025\/11\/hay-grass-straw-bale-shredder-delivery.webp\" alt=\"Entrega de triturador de fardos de heno de hierba y paja\" class=\"wp-image-8585\" srcset=\"https:\/\/taizyagromachine.com\/wp-content\/uploads\/2025\/11\/hay-grass-straw-bale-shredder-delivery.webp 720w, https:\/\/taizyagromachine.com\/wp-content\/uploads\/2025\/11\/hay-grass-straw-bale-shredder-delivery-16x12.webp 16w\" sizes=\"auto, (max-width: 720px) 100vw, 720px\" \/><figcaption class=\"wp-element-caption\">Entrega de triturador de fardos de heno de hierba y paja<\/figcaption><\/figure> <\/figure>    <h2 class=\"wp-block-heading\"><strong>\u00bfC\u00f3mo comprar el triturador de fardos de heno cuadrados y redondos Taizy?<\/strong><\/h2>    <p>Para precios, especificaciones, costos de env\u00edo o videos, cont\u00e1ctenos:<\/p>    <ul class=\"wp-block-list\"> <li>\ud83d\udce9 Correo electr\u00f3nico: info@taizyagromachine.com<\/li>    <li>\ud83d\udcde WhatsApp: <a href=\"https:\/\/wa.me\/+8613673689272\" target=\"_blank\" rel=\"noopener\">+86 136 7368 9272<\/a><\/li>    <li>\ud83c\udf10 Sitio web: <a href=\"https:\/\/taizyagromachine.com\/es\/\">www.taizyagromachine.com<\/a><\/li> <\/ul>    <p>Responderemos con una cotizaci\u00f3n y propuesta t\u00e9cnica en 1 hora.<\/p>","protected":false},"excerpt":{"rendered":"<p>El triturador de fardos de heno Taizy tritura y muele fardos de heno, paja o paja en peque\u00f1os trozos de 3-10cm, con una capacidad de 2-18t por hora, utilizado en grandes granjas de ganado.<\/p>","protected":false},"author":1,"featured_media":8570,"parent":0,"template":"","tags":[116],"product-type":[19],"class_list":["post-8567","product","type-product","status-publish","has-post-thumbnail","hentry","tag-silage","product-type-silage-machine"],"_links":{"self":[{"href":"https:\/\/taizyagromachine.com\/es\/wp-json\/wp\/v2\/product\/8567","targetHints":{"allow":["GET"]}}],"collection":[{"href":"https:\/\/taizyagromachine.com\/es\/wp-json\/wp\/v2\/product"}],"about":[{"href":"https:\/\/taizyagromachine.com\/es\/wp-json\/wp\/v2\/types\/product"}],"author":[{"embeddable":true,"href":"https:\/\/taizyagromachine.com\/es\/wp-json\/wp\/v2\/users\/1"}],"wp:featuredmedia":[{"embeddable":true,"href":"https:\/\/taizyagromachine.com\/es\/wp-json\/wp\/v2\/media\/8570"}],"wp:attachment":[{"href":"https:\/\/taizyagromachine.com\/es\/wp-json\/wp\/v2\/media?parent=8567"}],"wp:term":[{"taxonomy":"post_tag","embeddable":true,"href":"https:\/\/taizyagromachine.com\/es\/wp-json\/wp\/v2\/tags?post=8567"},{"taxonomy":"product-type","embeddable":true,"href":"https:\/\/taizyagromachine.com\/es\/wp-json\/wp\/v2\/product-type?post=8567"}],"curies":[{"name":"wp","href":"https:\/\/api.w.org\/{rel}","templated":true}]}}