{"id":8608,"date":"2025-11-27T16:29:30","date_gmt":"2025-11-27T08:29:30","guid":{"rendered":"https:\/\/taizyagromachine.com\/?post_type=product&#038;p=8608"},"modified":"2025-11-28T16:51:55","modified_gmt":"2025-11-28T08:51:55","slug":"rice-wheat-thresher","status":"publish","type":"product","link":"https:\/\/taizyagromachine.com\/es\/product\/rice-wheat-thresher\/","title":{"rendered":"Mini trilladora de arroz y trigo"},"content":{"rendered":"<p class=\"translation-block\">Esta trilladora de arroz y trigo 5TD-100  separa r\u00e1pidamente y de manera eficiente el grano de las c\u00e1scaras, como arroz, trigo y soja. Puede completar la trilla, separaci\u00f3n y cribado en una sola pasada, con una capacidad de 800-1500kg\/h, lo que aumenta significativamente la eficiencia del procesamiento durante las temporadas de mayor actividad agr\u00edcola.<\/p>    <p>La trilladora Taizy para arroz y trigo puede usar el motor di\u00e9sel o el\u00e9ctrico como fuente de energ\u00eda, y puede estar equipada con neum\u00e1ticos grandes y un marco de tracci\u00f3n para satisfacer diferentes demandas. Si est\u00e1s interesado en esta m\u00e1quina, \u00a1no dudes en contactarnos en cualquier momento para m\u00e1s detalles!<\/p>    <figure class=\"wp-block-embed is-type-video is-provider-youtube wp-block-embed-youtube wp-embed-aspect-16-9 wp-has-aspect-ratio\"><div class=\"wp-block-embed__wrapper\"> <iframe loading=\"lazy\" title=\"M\u00e1quina eficiente de trilladora de arroz y trigo | Demostraci\u00f3n de trilla de grano a alta velocidad 5TD-100\" width=\"500\" height=\"281\" src=\"https:\/\/www.youtube.com\/embed\/5-jE9pHMT_s?feature=oembed\" frameborder=\"0\" allow=\"accelerometer; autoplay; clipboard-write; encrypted-media; gyroscope; picture-in-picture; web-share\" referrerpolicy=\"strict-origin-when-cross-origin\" allowfullscreen><\/iframe> <\/div><figcaption class=\"wp-element-caption\">v\u00eddeo de trilladora de arroz y trigo<\/figcaption><\/figure>    <h2 class=\"wp-block-heading\"><strong>Ventajas de la trilladora de arroz y trigo Taizy<\/strong><\/h2>    <ul class=\"wp-block-list\"> <li>Alta producci\u00f3n y alta eficiencia para granjas familiares, peque\u00f1as plantas de procesamiento y mayoristas <ul class=\"wp-block-list\"> <li>Producci\u00f3n de arroz\/trigo: 800\u20131500 kg\/h<\/li>    <li>Producci\u00f3n de soja: 400\u2013500 kg\/h<\/li> <\/ul> <\/li>    <li>Opciones de doble potencia para mayor flexibilidad, adaptable para \u00e1reas sin red y operaciones en campo, mejorando la practicidad <ul class=\"wp-block-list\"> <li>\u226512\u201315 HP motor di\u00e9sel<\/li>    <li>o \u22657.5 kW motor el\u00e9ctrico<\/li> <\/ul> <\/li>    <li>Trilla limpia, sin p\u00e9rdida de grano para cultivos m\u00e1s limpios <ul class=\"wp-block-list\"> <li>Velocidad del eje principal de 1100 r\/min para una trilla m\u00e1s completa<\/li>    <li>El dise\u00f1o de doble ventilador proporciona un alto flujo de aire y una separaci\u00f3n m\u00e1s limpia<\/li>    <li>Pantalla vibratoria: 300 vibraciones\/min, 30mm de amplitud<\/li> <\/ul> <\/li>    <li>Dise\u00f1o de estructura racional, f\u00e1cil movilidad para transporte e instalaci\u00f3n <ul class=\"wp-block-list\"> <li>Chasis desmontable para transporte conveniente<\/li>    <li>Neum\u00e1ticos grandes y tracci\u00f3n para facilitar el movimiento <\/li> <\/ul> <\/li>    <li>Una trilladora multigrano adecuada para varios cereales <ul class=\"wp-block-list\"> <li>arroz con c\u00e1scara<\/li>    <li>Trigo<\/li>    <li>Haba de soja<\/li>    <li>Mijo<\/li>    <li>Colza, etc.<\/li> <\/ul> <\/li>    <li>Reducir costos y tiempo de mano de obra <ul class=\"wp-block-list\"> <li>Trilla mec\u00e1nica: 800\u20131500 kg\/h, eficiencia aumentada en 10\u201315 veces o m\u00e1s<\/li> <\/ul> <\/li> <\/ul>    <figure class=\"wp-block-gallery has-nested-images columns-default is-cropped wp-block-gallery-2 is-layout-flex wp-block-gallery-is-layout-flex\"> <figure class=\"wp-block-image size-large\"><img loading=\"lazy\" decoding=\"async\" width=\"720\" height=\"540\" data-id=\"8622\" src=\"https:\/\/taizyagromachine.com\/wp-content\/uploads\/2025\/11\/small-rice-wheat-thresher-for-sale-from-Taizy.webp\" alt=\"Trilladora peque\u00f1a de arroz y trigo en venta de Taizy\" class=\"wp-image-8622\" srcset=\"https:\/\/taizyagromachine.com\/wp-content\/uploads\/2025\/11\/small-rice-wheat-thresher-for-sale-from-Taizy.webp 720w, https:\/\/taizyagromachine.com\/wp-content\/uploads\/2025\/11\/small-rice-wheat-thresher-for-sale-from-Taizy-16x12.webp 16w\" sizes=\"auto, (max-width: 720px) 100vw, 720px\" \/><figcaption class=\"wp-element-caption\">Trilladora peque\u00f1a de arroz y trigo en venta de Taizy<\/figcaption><\/figure>    <figure class=\"wp-block-image size-large\"><img loading=\"lazy\" decoding=\"async\" width=\"720\" height=\"540\" data-id=\"8621\" src=\"https:\/\/taizyagromachine.com\/wp-content\/uploads\/2025\/11\/affordable-paddy-rice-wheat-threshing-machinery.webp\" alt=\"Maquinaria de trilla de arroz y trigo asequible\" class=\"wp-image-8621\" srcset=\"https:\/\/taizyagromachine.com\/wp-content\/uploads\/2025\/11\/affordable-paddy-rice-wheat-threshing-machinery.webp 720w, https:\/\/taizyagromachine.com\/wp-content\/uploads\/2025\/11\/affordable-paddy-rice-wheat-threshing-machinery-16x12.webp 16w\" sizes=\"auto, (max-width: 720px) 100vw, 720px\" \/><figcaption class=\"wp-element-caption\">Maquinaria de trilla de arroz y trigo asequible<\/figcaption><\/figure> <\/figure>    <figure class=\"wp-block-gallery has-nested-images columns-default is-cropped wp-block-gallery-3 is-layout-flex wp-block-gallery-is-layout-flex\"> <figure class=\"wp-block-image size-large\"><img loading=\"lazy\" decoding=\"async\" width=\"720\" height=\"540\" data-id=\"8616\" src=\"https:\/\/taizyagromachine.com\/wp-content\/uploads\/2025\/11\/mini-rice-wheat-threshing-machine-with-diesel-engine.webp\" alt=\"Mini trilladora de arroz y trigo con motor di\u00e9sel\" class=\"wp-image-8616\" srcset=\"https:\/\/taizyagromachine.com\/wp-content\/uploads\/2025\/11\/mini-rice-wheat-threshing-machine-with-diesel-engine.webp 720w, https:\/\/taizyagromachine.com\/wp-content\/uploads\/2025\/11\/mini-rice-wheat-threshing-machine-with-diesel-engine-16x12.webp 16w\" sizes=\"auto, (max-width: 720px) 100vw, 720px\" \/><figcaption class=\"wp-element-caption\">Mini trilladora de arroz y trigo con motor di\u00e9sel<\/figcaption><\/figure>    <figure class=\"wp-block-image size-large\"><img loading=\"lazy\" decoding=\"async\" width=\"720\" height=\"540\" data-id=\"8617\" src=\"https:\/\/taizyagromachine.com\/wp-content\/uploads\/2025\/11\/small-thresher-for-rice-wheat.webp\" alt=\"Trilladora peque\u00f1a para arroz y trigo\" class=\"wp-image-8617\" srcset=\"https:\/\/taizyagromachine.com\/wp-content\/uploads\/2025\/11\/small-thresher-for-rice-wheat.webp 720w, https:\/\/taizyagromachine.com\/wp-content\/uploads\/2025\/11\/small-thresher-for-rice-wheat-16x12.webp 16w\" sizes=\"auto, (max-width: 720px) 100vw, 720px\" \/><figcaption class=\"wp-element-caption\">Trilladora peque\u00f1a para arroz y trigo<\/figcaption><\/figure> <\/figure>    <h2 class=\"wp-block-heading\"><strong>Par\u00e1metros t\u00e9cnicos de la trilladora de arroz y trigo<\/strong><\/h2>    <figure class=\"wp-block-table\"><table class=\"has-fixed-layout\"><tbody><tr><td>Modelo<\/td><td>5TD-100<\/td><\/tr><tr><td>Capacidad<\/td><td>Arroz, trigo: 800\u20131500 kg\/h<br>Soja: 400\u2013500 kg\/h<\/td><\/tr><tr><td>Requisito de potencia<\/td><td>\u226512-15 hp motor di\u00e9sel o \u22657.5 kW motor el\u00e9ctrico<\/td><\/tr><tr><td>Velocidad del eje principal<\/td><td>1100 r\/min<\/td><\/tr><tr><td>Velocidad del ventilador<\/td><td>2500 r\/min (Doble ventilador)<\/td><\/tr><tr><td>Peso<\/td><td>300 kg (sin incluir las ruedas del chasis)<\/td><\/tr><tr><td>Dimensiones totales<\/td><td>2300*1570*1170 mm (sin incluir las dimensiones del motor di\u00e9sel del chasis)<\/td><\/tr><tr><td>Dimensiones de embalaje<\/td><td>1400*850*1200 mm (sin incluir las dimensiones del motor di\u00e9sel del chasis)<\/td><\/tr><\/tbody><\/table><figcaption class=\"wp-element-caption\">Especificaciones de la trilladora de arroz y trigo<\/figcaption><\/figure>    <h2 class=\"wp-block-heading\"><strong>\u00bfC\u00f3mo funciona esta trilladora m\u00faltiple de arroz y trigo?<\/strong><\/h2>    <p>Esta trilladora para arroz y trigo tiene cuatro pasos: alimentaci\u00f3n, trilla, separaci\u00f3n y limpieza, logrando una trilla r\u00e1pida y limpia con baja rotura de grano. El proceso de trabajo detallado de la m\u00e1quina es el siguiente:<\/p>    <ol class=\"wp-block-list\"> <li>Material de alimentaci\u00f3n <ul class=\"wp-block-list\"> <li>Los materiales de cultivo como arroz, trigo, mijo y soja se introducen en la entrada. La m\u00e1quina transporta autom\u00e1ticamente la paja hacia la c\u00e1mara de trilla.<\/li> <\/ul> <\/li>    <li>Trilla en tambor <ul class=\"wp-block-list\"> <li>Los cultivos ingresan en el tambor de trilla de alta velocidad. A trav\u00e9s del impacto, la fricci\u00f3n y la compresi\u00f3n, los granos se separan de los tallos y cabezas.<\/li> <\/ul> <\/li>    <li>Separaci\u00f3n de impurezas <ul class=\"wp-block-list\"> <li>El dispositivo de separaci\u00f3n separa preliminarmente la paja de los granos, mientras que las impurezas grandes son expulsadas por el ventilador o la pantalla.<\/li> <\/ul> <\/li>    <li>Limpieza con ventilador <ul class=\"wp-block-list\"> <li>Dos ventiladores de alta velocidad soplan las impurezas ligeras (c\u00e1scaras, hojas, fragmentos finos de paja), mientras que los granos pesados caen en la tolva de recolecci\u00f3n.<\/li> <\/ul> <\/li>    <li>Producci\u00f3n terminada <ul class=\"wp-block-list\"> <li>El resultado es un grano limpio, completamente separado, con alta eficiencia de trilla y bajas tasas de rotura.<\/li> <\/ul> <\/li> <\/ol>    <figure class=\"wp-block-gallery has-nested-images columns-default is-cropped wp-block-gallery-4 is-layout-flex wp-block-gallery-is-layout-flex\"> <figure class=\"wp-block-image size-large\"><img loading=\"lazy\" decoding=\"async\" width=\"720\" height=\"540\" data-id=\"8614\" src=\"https:\/\/taizyagromachine.com\/wp-content\/uploads\/2025\/11\/screen-and-inner-structure-of-multi-crop-thresher.webp\" alt=\"Pantalla y estructura interna de la trilladora multigrano\" class=\"wp-image-8614\" srcset=\"https:\/\/taizyagromachine.com\/wp-content\/uploads\/2025\/11\/screen-and-inner-structure-of-multi-crop-thresher.webp 720w, https:\/\/taizyagromachine.com\/wp-content\/uploads\/2025\/11\/screen-and-inner-structure-of-multi-crop-thresher-16x12.webp 16w\" sizes=\"auto, (max-width: 720px) 100vw, 720px\" \/><figcaption class=\"wp-element-caption\">Pantalla y estructura interna de la trilladora multigrano<\/figcaption><\/figure>    <figure class=\"wp-block-image size-large\"><img loading=\"lazy\" decoding=\"async\" width=\"720\" height=\"540\" data-id=\"8613\" src=\"https:\/\/taizyagromachine.com\/wp-content\/uploads\/2025\/11\/double-fans-of-rice-wheat-thresher-machine.webp\" alt=\"Doble ventilador de la trilladora de arroz y trigo\" class=\"wp-image-8613\" srcset=\"https:\/\/taizyagromachine.com\/wp-content\/uploads\/2025\/11\/double-fans-of-rice-wheat-thresher-machine.webp 720w, https:\/\/taizyagromachine.com\/wp-content\/uploads\/2025\/11\/double-fans-of-rice-wheat-thresher-machine-16x12.webp 16w\" sizes=\"auto, (max-width: 720px) 100vw, 720px\" \/><figcaption class=\"wp-element-caption\">Doble ventilador de la trilladora de arroz y trigo<\/figcaption><\/figure> <\/figure>    <figure class=\"wp-block-gallery has-nested-images columns-default is-cropped wp-block-gallery-5 is-layout-flex wp-block-gallery-is-layout-flex\"> <figure class=\"wp-block-image size-large\"><img loading=\"lazy\" decoding=\"async\" width=\"720\" height=\"540\" data-id=\"8624\" src=\"https:\/\/taizyagromachine.com\/wp-content\/uploads\/2025\/11\/multifunctional-rice-and-wheat-thresher.webp\" alt=\"Trilladora multifuncional de arroz y trigo\" class=\"wp-image-8624\" srcset=\"https:\/\/taizyagromachine.com\/wp-content\/uploads\/2025\/11\/multifunctional-rice-and-wheat-thresher.webp 720w, https:\/\/taizyagromachine.com\/wp-content\/uploads\/2025\/11\/multifunctional-rice-and-wheat-thresher-16x12.webp 16w\" sizes=\"auto, (max-width: 720px) 100vw, 720px\" \/><figcaption class=\"wp-element-caption\">Trilladora multifuncional de arroz y trigo<\/figcaption><\/figure>    <figure class=\"wp-block-image size-large\"><img loading=\"lazy\" decoding=\"async\" width=\"720\" height=\"540\" data-id=\"8625\" src=\"https:\/\/taizyagromachine.com\/wp-content\/uploads\/2025\/11\/paddy-rice-and-wheat-thresher.webp\" alt=\"Trilladora de arroz y trigo para arroz paddy\" class=\"wp-image-8625\" srcset=\"https:\/\/taizyagromachine.com\/wp-content\/uploads\/2025\/11\/paddy-rice-and-wheat-thresher.webp 720w, https:\/\/taizyagromachine.com\/wp-content\/uploads\/2025\/11\/paddy-rice-and-wheat-thresher-16x12.webp 16w\" sizes=\"auto, (max-width: 720px) 100vw, 720px\" \/><figcaption class=\"wp-element-caption\">Trilladora de arroz y trigo para arroz paddy<\/figcaption><\/figure> <\/figure>    <h2 class=\"wp-block-heading\"><strong>\u00bfCu\u00e1l es el precio de la trilladora de arroz y trigo?<\/strong><\/h2>    <p>Esta es una de las preguntas m\u00e1s frecuentes y m\u00e1s importantes para los clientes. Los factores que afectan el precio de esta trilladora multigrano incluyen:<\/p>    <ul class=\"wp-block-list\"> <li>Selecci\u00f3n del motor: di\u00e9sel o el\u00e9ctrico<\/li>    <li>\u00bfSe requiere un chasis?<\/li>    <li>Requisitos de embalaje y distancia de env\u00edo<\/li>    <li>Necesidades de accesorios (pantallas, kits de herramientas, cubiertas protectoras, etc.)<\/li> <\/ul>    <p>Por lo general, los precios oscilan entre varios cientos y m\u00e1s de mil USD. Recomendamos contactarnos para proporcionar detalles sobre tu cultivo y requisitos para una cotizaci\u00f3n precisa.<\/p>    <h2 class=\"wp-block-heading\"><strong>\u00bfC\u00f3mo elegir una trilladora adecuada para arroz y trigo?<\/strong><\/h2>    <p>Para evitar comprar la m\u00e1quina equivocada, los clientes suelen considerar los siguientes puntos:<\/p>    <ol class=\"wp-block-list\"> <li>Si la producci\u00f3n por hora cumple con sus requisitos<\/li>    <li>\u00bfEs adecuada la trilladora de arroz y trigo para su tipo de cultivo?<\/li>    <li>Si la fuente de energ\u00eda coincide con las condiciones locales<\/li>    <li>Si es f\u00e1cil de mover y operar<\/li>    <li>Disponibilidad de piezas de repuesto<\/li> <\/ol>    <p>Nuestro equipo Taizy puede ofrecer soluciones profesionales basadas en las fotos de tu cultivo, requisitos de rendimiento y presupuesto.<\/p>    <h2 class=\"wp-block-heading\"><strong>\u00bfPor qu\u00e9 elegir Taizy como proveedor de trilladoras de arroz y trigo?<\/strong><\/h2>    <p>\u2714 M\u00e1s de 15 a\u00f1os de experiencia en la producci\u00f3n de trilladoras multigrano<\/p>    <p>\u2714 Exportado a m\u00e1s de 80 pa\u00edses en todo el mundo, confiado por agricultores y distribuidores<\/p>    <p>\u2714 Soporte para placas de tamiz OEM \/ Personalizadas<\/p>    <p>\u2714 Proporcionar videos de instalaci\u00f3n, manuales de operaci\u00f3n y servicio postventa<\/p>    <p>\u2714 Calidad consistente y larga vida \u00fatil de la m\u00e1quina<\/p>    <p>Seguimos comprometidos en ofrecer soluciones de maquinaria agr\u00edcola eficientes y confiables para usuarios en todo el mundo.<\/p>    <figure class=\"wp-block-gallery has-nested-images columns-default is-cropped wp-block-gallery-6 is-layout-flex wp-block-gallery-is-layout-flex\"> <figure class=\"wp-block-image size-large\"><img loading=\"lazy\" decoding=\"async\" width=\"720\" height=\"540\" data-id=\"8619\" src=\"https:\/\/taizyagromachine.com\/wp-content\/uploads\/2025\/11\/rice-wheat-thresher-for-sale-in-packing-process.webp\" alt=\"Trilladora de arroz y trigo en proceso de embalaje a la venta\" class=\"wp-image-8619\" srcset=\"https:\/\/taizyagromachine.com\/wp-content\/uploads\/2025\/11\/rice-wheat-thresher-for-sale-in-packing-process.webp 720w, https:\/\/taizyagromachine.com\/wp-content\/uploads\/2025\/11\/rice-wheat-thresher-for-sale-in-packing-process-16x12.webp 16w\" sizes=\"auto, (max-width: 720px) 100vw, 720px\" \/><figcaption class=\"wp-element-caption\">Trilladora de arroz y trigo en proceso de embalaje a la venta<\/figcaption><\/figure>    <figure class=\"wp-block-image size-large\"><img loading=\"lazy\" decoding=\"async\" width=\"720\" height=\"540\" data-id=\"8618\" src=\"https:\/\/taizyagromachine.com\/wp-content\/uploads\/2025\/11\/multi-grain-threshing-machine-in-wooden-crate.webp\" alt=\"Trilladora multigrano en caja de madera\" class=\"wp-image-8618\" srcset=\"https:\/\/taizyagromachine.com\/wp-content\/uploads\/2025\/11\/multi-grain-threshing-machine-in-wooden-crate.webp 720w, https:\/\/taizyagromachine.com\/wp-content\/uploads\/2025\/11\/multi-grain-threshing-machine-in-wooden-crate-16x12.webp 16w\" sizes=\"auto, (max-width: 720px) 100vw, 720px\" \/><figcaption class=\"wp-element-caption\">Trilladora multigrano en caja de madera<\/figcaption><\/figure> <\/figure>    <h2 class=\"wp-block-heading\"><strong>\u00bfQuieres obtener una cotizaci\u00f3n r\u00e1pidamente? \u00a1Cont\u00e1ctanos ahora!<\/strong><\/h2>    <p>Si necesitas saber:<\/p>    <ul class=\"wp-block-list\"> <li>Precio m\u00e1s reciente<\/li>    <li>Costes de env\u00edo<\/li>    <li>Fuente de energ\u00eda recomendada<\/li>    <li>Whether it&#8217;s suitable for your crops<\/li>    <li>Demostraciones en video<\/li> <\/ul>    <p class=\"translation-block\">Feel free to contact us anytime. We&#8217;ll provide a professional quotation as soon as possible. Besides, we have <a href=\"https:\/\/taizyagromachine.com\/es\/product\/rice-combine-harvester\/\">combine harvester<\/a>, <a href=\"https:\/\/taizyagromachine.com\/es\/product\/wheat-planter\/\">wheat planter machine<\/a>, etc. for sale to provide the one-stop solution!<\/p>","protected":false},"excerpt":{"rendered":"<p>Un trillador de arroz y trigo ayuda a los agricultores a separar r\u00e1pidamente los granos de los tallos de los cultivos, reduciendo el trabajo y mejorando la eficiencia. Esta gu\u00eda explica sus ventajas, estructura, precio y por qu\u00e9 Taizy es un proveedor confiable de m\u00e1quinas de trilla de gran rendimiento.<\/p>","protected":false},"author":1,"featured_media":8610,"parent":0,"template":"","tags":[218,219],"product-type":[20],"class_list":["post-8608","product","type-product","status-publish","has-post-thumbnail","hentry","tag-rice","tag-wheat","product-type-rice-and-wheat-machine"],"_links":{"self":[{"href":"https:\/\/taizyagromachine.com\/es\/wp-json\/wp\/v2\/product\/8608","targetHints":{"allow":["GET"]}}],"collection":[{"href":"https:\/\/taizyagromachine.com\/es\/wp-json\/wp\/v2\/product"}],"about":[{"href":"https:\/\/taizyagromachine.com\/es\/wp-json\/wp\/v2\/types\/product"}],"author":[{"embeddable":true,"href":"https:\/\/taizyagromachine.com\/es\/wp-json\/wp\/v2\/users\/1"}],"wp:featuredmedia":[{"embeddable":true,"href":"https:\/\/taizyagromachine.com\/es\/wp-json\/wp\/v2\/media\/8610"}],"wp:attachment":[{"href":"https:\/\/taizyagromachine.com\/es\/wp-json\/wp\/v2\/media?parent=8608"}],"wp:term":[{"taxonomy":"post_tag","embeddable":true,"href":"https:\/\/taizyagromachine.com\/es\/wp-json\/wp\/v2\/tags?post=8608"},{"taxonomy":"product-type","embeddable":true,"href":"https:\/\/taizyagromachine.com\/es\/wp-json\/wp\/v2\/product-type?post=8608"}],"curies":[{"name":"wp","href":"https:\/\/api.w.org\/{rel}","templated":true}]}}