{"id":8928,"date":"2026-03-02T16:42:42","date_gmt":"2026-03-02T08:42:42","guid":{"rendered":"https:\/\/taizyagromachine.com\/product\/\/"},"modified":"2026-03-02T17:39:37","modified_gmt":"2026-03-02T09:39:37","slug":"cattle-farm-manure-cleaning-machine-manure-collector","status":"publish","type":"product","link":"https:\/\/taizyagromachine.com\/es\/product\/cattle-farm-manure-cleaning-machine-manure-collector\/","title":{"rendered":"M\u00e1quina de limpieza de esti\u00e9rcol para granjas de ganado"},"content":{"rendered":"<p class=\"translation-block\">Taizy <strong>m\u00e1quina de limpieza de esti\u00e9rcol<\/strong> est\u00e1 dise\u00f1ada con funciones de remoci\u00f3n, transporte y descarga autom\u00e1tica para operaciones ganaderas a gran escala, como granjas de vacas, lecher\u00edas y ovejas. Funciona con camiones de tres o cuatro ruedas mediante energ\u00eda di\u00e9sel, manejando eficientemente esti\u00e9rcol animal con una capacidad de 3-5 min o 5-8 min por veh\u00edculo, dependiendo del grosor del esti\u00e9rcol.<\/p>    <p>Su volumen com\u00fan es de 3m\u00b3, 5m\u00b3, etc. En comparaci\u00f3n con los m\u00e9todos tradicionales de limpieza manual, el recolector de esti\u00e9rcol de paddock mejora significativamente la eficiencia de limpieza, reduce los costos laborales, mejora la sanidad de la granja y minimiza el crecimiento de amon\u00edaco y bacterias. Esto conduce a una mejor salud animal y a una gesti\u00f3n m\u00e1s estandarizada del rancho. <\/p>    <p>Como equipo esencial para granjas modernas que buscan gesti\u00f3n mecanizada y automatizada, esta m\u00e1quina de limpieza de establos de vacas se ha convertido en una opci\u00f3n clave para aumentar la eficiencia de producci\u00f3n y optimizar los costos operativos.<\/p>    <figure class=\"wp-block-embed is-type-video is-provider-youtube wp-block-embed-youtube wp-embed-aspect-16-9 wp-has-aspect-ratio\"><div class=\"wp-block-embed__wrapper\"> <iframe loading=\"lazy\" title=\"Video de funcionamiento de la m\u00e1quina de limpieza de esti\u00e9rcol di\u00e9sel | Recolector autom\u00e1tico de esti\u00e9rcol para granja de ganado #esti\u00e9rcol\" width=\"500\" height=\"281\" src=\"https:\/\/www.youtube.com\/embed\/5JxMkd7zD5o?feature=oembed\" frameborder=\"0\" allow=\"accelerometer; autoplay; clipboard-write; encrypted-media; gyroscope; picture-in-picture; web-share\" referrerpolicy=\"strict-origin-when-cross-origin\" allowfullscreen><\/iframe> <\/div><figcaption class=\"wp-element-caption\">video de la m\u00e1quina recolectora de esti\u00e9rcol<\/figcaption><\/figure>    <h2 class=\"wp-block-heading\"><strong>\u00bfQu\u00e9 es una m\u00e1quina de limpieza de esti\u00e9rcol?<\/strong><\/h2>    <p>La m\u00e1quina de limpieza de esti\u00e9rcol es un dispositivo automatizado dise\u00f1ado espec\u00edficamente para limpiar esti\u00e9rcol y residuos en instalaciones ganaderas como establos de vacas y corrales de ovejas. Su funci\u00f3n principal es eliminar los excrementos animales de forma peri\u00f3dica o continua, manteniendo los suelos de los establos limpios y secos, mejorando los est\u00e1ndares de higiene en el entorno agr\u00edcola.<\/p>    <p>El esti\u00e9rcol se recoge mediante un tornillo sin fin frontal y se transporta a trav\u00e9s de un sistema de rastrillo de cadena hacia un contenedor de recolecci\u00f3n para su procesamiento centralizado. Por ello, tambi\u00e9n se le llama com\u00fanmente rastrillo de esti\u00e9rcol autom\u00e1tico o m\u00e1quina de remoci\u00f3n de esti\u00e9rcol en establos.<\/p>   <div class=\"wp-block-image\"> <figure class=\"aligncenter size-full\"><img loading=\"lazy\" decoding=\"async\" width=\"720\" height=\"540\" src=\"https:\/\/taizyagromachine.com\/wp-content\/uploads\/2026\/03\/cow-manure-cleaning-machine.jpg\" alt=\"m\u00e1quina de limpieza de esti\u00e9rcol de vaca\" class=\"wp-image-8939\" srcset=\"https:\/\/taizyagromachine.com\/wp-content\/uploads\/2026\/03\/cow-manure-cleaning-machine.jpg 720w, https:\/\/taizyagromachine.com\/wp-content\/uploads\/2026\/03\/cow-manure-cleaning-machine-16x12.jpg 16w\" sizes=\"auto, (max-width: 720px) 100vw, 720px\" \/><figcaption class=\"wp-element-caption\">m\u00e1quina de limpieza de esti\u00e9rcol de vaca<\/figcaption><\/figure> <\/div>   <h2 class=\"wp-block-heading\"><strong>Ventajas principales de la m\u00e1quina de limpieza de esti\u00e9rcol de vaca<\/strong><\/h2>    <ul class=\"wp-block-list\"> <li>Operaci\u00f3n totalmente autom\u00e1tica con una persona<\/li>    <li>Remoci\u00f3n eficiente de residuos ganaderos en 3-5 min o 5-8 min por cami\u00f3n<\/li>    <li>Tasa de limpieza de \u226599% para mejorar la higiene del establo y la salud animal<\/li>    <li>Opciones de cami\u00f3n: disponible cami\u00f3n de 3 o 4 ruedas<\/li>    <li>Estructura duradera con estructura de acero reforzado y un dise\u00f1o de rastrillo resistente al desgaste para uso a largo plazo<\/li>    <li>Adecuado para granjas de tama\u00f1o medio y grande<\/li> <\/ul>    <h2 class=\"wp-block-heading\"><strong>Especificaciones t\u00e9cnicas de la m\u00e1quina de limpieza de esti\u00e9rcol<\/strong><\/h2>    <div class=\"wp-block-columns is-layout-flex wp-container-core-columns-is-layout-9d6595d7 wp-block-columns-is-layout-flex\"> <div class=\"wp-block-column is-layout-flow wp-block-column-is-layout-flow\"><div class=\"wp-block-image\"> <figure class=\"aligncenter size-full\"><img loading=\"lazy\" decoding=\"async\" width=\"720\" height=\"540\" src=\"https:\/\/taizyagromachine.com\/wp-content\/uploads\/2026\/03\/three-wheel-paddock-manure-collector.jpg\" alt=\"recolector de esti\u00e9rcol de paddock de tres ruedas\" class=\"wp-image-8933\" srcset=\"https:\/\/taizyagromachine.com\/wp-content\/uploads\/2026\/03\/three-wheel-paddock-manure-collector.jpg 720w, https:\/\/taizyagromachine.com\/wp-content\/uploads\/2026\/03\/three-wheel-paddock-manure-collector-16x12.jpg 16w\" sizes=\"auto, (max-width: 720px) 100vw, 720px\" \/><figcaption class=\"wp-element-caption\">recolector de esti\u00e9rcol de paddock de tres ruedas<\/figcaption><\/figure> <\/div><\/div>    <div class=\"wp-block-column is-vertically-aligned-center is-layout-flow wp-block-column-is-layout-flow\"> <p class=\"has-text-align-center translation-block\"><strong>Par\u00e1metros del recolector de ensilaje de esti\u00e9rcol de 3cbm<\/strong><\/p>    <ul class=\"wp-block-list\"> <li>Modelo: QF-3<\/li>    <li>Dimensiones: 4500*1450*2450mm<\/li>    <li>Potencia: motor di\u00e9sel de 25hp<\/li>    <li>Potencia de marcha: Triciclo<\/li>    <li>Capacidad de producci\u00f3n: 3-5 minutos por veh\u00edculo<\/li>    <li>Volumen del carrito: 3m\u00b3<\/li>    <li>Triciclo: Futian Cinco Estrellas<\/li> <\/ul> <\/div> <\/div>    <div class=\"wp-block-columns is-layout-flex wp-container-core-columns-is-layout-9d6595d7 wp-block-columns-is-layout-flex\"> <div class=\"wp-block-column is-layout-flow wp-block-column-is-layout-flow\"><div class=\"wp-block-image\"> <figure class=\"aligncenter size-full\"><img loading=\"lazy\" decoding=\"async\" width=\"720\" height=\"540\" src=\"https:\/\/taizyagromachine.com\/wp-content\/uploads\/2026\/03\/four-wheel-cattle-farm-cleaning-machine.jpg\" alt=\"m\u00e1quina de limpieza de ganado de cuatro ruedas\" class=\"wp-image-8936\" srcset=\"https:\/\/taizyagromachine.com\/wp-content\/uploads\/2026\/03\/four-wheel-cattle-farm-cleaning-machine.jpg 720w, https:\/\/taizyagromachine.com\/wp-content\/uploads\/2026\/03\/four-wheel-cattle-farm-cleaning-machine-16x12.jpg 16w\" sizes=\"auto, (max-width: 720px) 100vw, 720px\" \/><figcaption class=\"wp-element-caption\">m\u00e1quina de limpieza de ganado de cuatro ruedas<\/figcaption><\/figure> <\/div><\/div>    <div class=\"wp-block-column is-vertically-aligned-center is-layout-flow wp-block-column-is-layout-flow\"> <p class=\"has-text-align-center translation-block\"><strong>Par\u00e1metros del recolector de esti\u00e9rcol de 5cbm para pastizales<\/strong><\/p>    <ul class=\"wp-block-list\"> <li>Modelo: QF-5<\/li>    <li>Volumen del carrito: 5m\u00b3<\/li>    <li>Dimensiones: 5200*2200*2600mm<\/li>    <li>Ancho de limpieza de esti\u00e9rcol: 2000mm<\/li>    <li>Capacidad de producci\u00f3n: 5-8 minutos por veh\u00edculo (dependiendo del grosor de la capa de heces)<\/li>    <li>Peso: 3500kg<\/li>    <li>Velocidad de conducci\u00f3n: \u226430km\/h<\/li>    <li>N\u00famero de neum\u00e1ticos: 4pcs<\/li>    <li>Sistema de recolecci\u00f3n de esti\u00e9rcol: Agitador frontal, transportador de rastrillo de cadena<\/li>    <li>M\u00e9todo de descarga de esti\u00e9rcol en carrito trasero: Cami\u00f3n volquete hidr\u00e1ulico<\/li> <\/ul> <\/div> <\/div>    <h2 class=\"wp-block-heading\"><strong>\u00bfC\u00f3mo funciona la rastra de esti\u00e9rcol de la lecher\u00eda?<\/strong><\/h2>    <p>La m\u00e1quina autom\u00e1tica de limpieza de esti\u00e9rcol funciona principalmente mediante recolecci\u00f3n con tornillo sin fin, rastrillo de cadena, recolecci\u00f3n con veh\u00edculo y descarga por vuelco hidr\u00e1ulico. El flujo de trabajo principal es el siguiente:<\/p>    <ol class=\"wp-block-list\"> <li>Una persona inicia el recolector de esti\u00e9rcol para la granja lechera.<\/li>    <li>Cuando la persona conduce hacia adelante el equipo de limpieza, el tornillo frontal recoge los residuos.<\/li>    <li>Luego, los residuos recolectados se transportan al carrito mediante el rastrillo de cadena.<\/li>    <li>El tornillo sin fin y el rastrillo de cadena operan continuamente a medida que la m\u00e1quina avanza, recolectando el esti\u00e9rcol animal en el carrito hasta que est\u00e1 lleno.<\/li>    <li>Finalmente, el mecanismo de vuelco hidr\u00e1ulico descarga autom\u00e1ticamente el contenido, completando el ciclo de limpieza de esti\u00e9rcol. Luego, la m\u00e1quina pasa a la siguiente operaci\u00f3n.<\/li> <\/ol>    <figure class=\"wp-block-gallery has-nested-images columns-default is-cropped wp-block-gallery-2 is-layout-flex wp-block-gallery-is-layout-flex\"> <figure class=\"wp-block-image size-large\"><img loading=\"lazy\" decoding=\"async\" width=\"720\" height=\"540\" data-id=\"8941\" src=\"https:\/\/taizyagromachine.com\/wp-content\/uploads\/2026\/03\/efficient-barn-cleaning-equipment-for-manure-removal.jpg\" alt=\"equipo eficiente para limpiar establos y eliminar esti\u00e9rcol\" class=\"wp-image-8941\" srcset=\"https:\/\/taizyagromachine.com\/wp-content\/uploads\/2026\/03\/efficient-barn-cleaning-equipment-for-manure-removal.jpg 720w, https:\/\/taizyagromachine.com\/wp-content\/uploads\/2026\/03\/efficient-barn-cleaning-equipment-for-manure-removal-16x12.jpg 16w\" sizes=\"auto, (max-width: 720px) 100vw, 720px\" \/><figcaption class=\"wp-element-caption\">equipo eficiente para limpiar establos y eliminar esti\u00e9rcol<\/figcaption><\/figure>    <figure class=\"wp-block-image size-large\"><img loading=\"lazy\" decoding=\"async\" width=\"720\" height=\"540\" data-id=\"8942\" src=\"https:\/\/taizyagromachine.com\/wp-content\/uploads\/2026\/03\/Hydraulic-tipper-truck.jpg\" alt=\"Cami\u00f3n volquete hidr\u00e1ulico\" class=\"wp-image-8942\" srcset=\"https:\/\/taizyagromachine.com\/wp-content\/uploads\/2026\/03\/Hydraulic-tipper-truck.jpg 720w, https:\/\/taizyagromachine.com\/wp-content\/uploads\/2026\/03\/Hydraulic-tipper-truck-16x12.jpg 16w\" sizes=\"auto, (max-width: 720px) 100vw, 720px\" \/><figcaption class=\"wp-element-caption\">Cami\u00f3n volquete hidr\u00e1ulico<\/figcaption><\/figure> <\/figure>    <h2 class=\"wp-block-heading\"><strong>Escenarios de aplicaci\u00f3n de la m\u00e1quina recolectora de esti\u00e9rcol Taizy<\/strong><\/h2>    <p>Con el desarrollo de la agricultura a gran escala, los equipos autom\u00e1ticos de remoci\u00f3n de esti\u00e9rcol se han adoptado ampliamente en diversos entornos ganaderos. Como m\u00e1quina eficiente de remoci\u00f3n de esti\u00e9rcol, desempe\u00f1a un papel vital en numerosos escenarios agr\u00edcolas. <\/p>    <ul class=\"wp-block-list\"> <li>Granjas lecheras<\/li>    <li>Establos de vacas<\/li>    <li>Granjas ganaderas<\/li>    <li>Instalaciones agr\u00edcolas intensivas modernas<\/li> <\/ul>    <h2 class=\"wp-block-heading\"><strong>\u00bfCu\u00e1l es el precio de la m\u00e1quina de limpieza de esti\u00e9rcol de vaca Taizy?<\/strong><\/h2>    <p>Al seleccionar equipos de limpieza de esti\u00e9rcol, los clientes suelen centrarse en cuestiones clave: precio y personalizaci\u00f3n.<\/p>    <p class=\"translation-block\"><strong>Precio de la recolectora de esti\u00e9rcol Taizy en venta<\/strong><\/p>    <p>Los factores clave que influyen en el precio de la m\u00e1quina de limpieza de esti\u00e9rcol incluyen:<\/p>    <ul class=\"wp-block-list\"> <li>Volumen del carrito de la m\u00e1quina<\/li>    <li>Cantidad de neum\u00e1ticos del veh\u00edculo<\/li>    <li>Configuraci\u00f3n de potencia di\u00e9sel de la m\u00e1quina<\/li>    <li>Suministro de repuestos<\/li>    <li>Distancia de transporte<\/li> <\/ul>    <p>En general, las configuraciones m\u00e1s altas y los pasajes m\u00e1s largos aumentan los costos totales del equipo de limpieza de granjas lecheras. Por lo tanto, se recomienda seleccionar soluciones seg\u00fan las necesidades reales en lugar de buscar solo precios bajos.<\/p>   <div class=\"wp-block-image\"> <figure class=\"aligncenter size-full\"><img loading=\"lazy\" decoding=\"async\" width=\"720\" height=\"540\" src=\"https:\/\/taizyagromachine.com\/wp-content\/uploads\/2026\/03\/cattle-farm-manure-cleaning-equipment.jpg\" alt=\"Equipo de limpieza de esti\u00e9rcol para granjas de ganado\" class=\"wp-image-8943\" srcset=\"https:\/\/taizyagromachine.com\/wp-content\/uploads\/2026\/03\/cattle-farm-manure-cleaning-equipment.jpg 720w, https:\/\/taizyagromachine.com\/wp-content\/uploads\/2026\/03\/cattle-farm-manure-cleaning-equipment-16x12.jpg 16w\" sizes=\"auto, (max-width: 720px) 100vw, 720px\" \/><figcaption class=\"wp-element-caption\">Equipo de limpieza de esti\u00e9rcol para granjas de ganado<\/figcaption><\/figure> <\/div>   <h2 class=\"wp-block-heading\"><strong>\u00bfPor qu\u00e9 elegir nuestra rastra autom\u00e1tica de esti\u00e9rcol?<\/strong><\/h2>    <p>Nuestras soluciones de remoci\u00f3n de esti\u00e9rcol para establos de vacas est\u00e1n dise\u00f1adas espec\u00edficamente para granjas modernas, equilibrando eficiencia, costo y operaci\u00f3n estable a largo plazo. Son equipos confiables de manejo de residuos ganaderos modernos.<\/p>    <p>\u2714 Soluci\u00f3n rentable para la gesti\u00f3n de esti\u00e9rcol<\/p>    <p>\u2714 Reduce la mano de obra hasta en un 40-60%<\/p>    <p>\u2714 Mejora la eficiencia de la granja<\/p>    <p>\u2714 Equipamiento moderno para manejo de residuos ganaderos<\/p>    <h2 class=\"wp-block-heading\"><strong>Preguntas frecuentes (FAQ) de la limpiadora de esti\u00e9rcol de pastoreo Taizy<\/strong><\/h2>   <div id=\"rank-math-faq\" class=\"rank-math-block\"> <div class=\"rank-math-list\"> <div id=\"faq-question-1772440719924\" class=\"rank-math-list-item\"> <h3 class=\"rank-math-question\">\u00bfCu\u00e1l es la diferencia entre un esparcidor de esti\u00e9rcol y una m\u00e1quina de limpieza de esti\u00e9rcol?<\/h3> <div class=\"rank-math-answer\">  <p class=\"translation-block\">The two serve entirely different functions:<br \/><strong><a href=\"https:\/\/taizyagromachine.com\/es\/product\/manure-and-fertilizer-spreader-truck\/\">Manure spreader<\/a><\/strong>: Primarily used to evenly distribute fermented manure across farmland for fertilization purposes.<br \/><strong>Manure cleaning machine<\/strong>: Employed inside cattle or sheep barns to collect and remove fecal waste from the floor.<\/p>  <\/div> <\/div> <div id=\"faq-question-1772440837790\" class=\"rank-math-list-item\"> <h3 class=\"rank-math-question\">\u00bfEs adecuada la rastra autom\u00e1tica de esti\u00e9rcol para granjas peque\u00f1as?<\/h3> <div class=\"rank-math-answer\">  <p>S\u00ed, tambi\u00e9n se aplica a ranchos de tama\u00f1o medio y grande.<\/p>  <\/div> <\/div> <div id=\"faq-question-1772440877524\" class=\"rank-math-list-item\"> <h3 class=\"rank-math-question\">\u00bfCon qu\u00e9 frecuencia debe operar la m\u00e1quina de remoci\u00f3n de esti\u00e9rcol del establo?<\/h3> <div class=\"rank-math-answer\">  <p>La frecuencia de operaci\u00f3n depende de la densidad de animales y las condiciones ambientales estacionales.<\/p>  <\/div> <\/div> <div id=\"faq-question-1772440918053\" class=\"rank-math-list-item\"> <h3 class=\"rank-math-question\">\u00bfPuede funcionar en condiciones de esti\u00e9rcol h\u00famedo?<\/h3> <div class=\"rank-math-answer\">  <p>S\u00ed. La limpiadora de esti\u00e9rcol de pastoreo Taizy est\u00e1 dise\u00f1ada para manejar ambientes de esti\u00e9rcol h\u00famedo.<\/p>  <\/div> <\/div> <\/div> <\/div>","protected":false},"excerpt":{"rendered":"<p>La m\u00e1quina de limpieza de esti\u00e9rcol Taizy est\u00e1 dise\u00f1ada con funciones de eliminaci\u00f3n, transporte y descarga autom\u00e1tica de esti\u00e9rcol, con 3-5 minutos o 5-8 minutos por veh\u00edculo para granjas de ganado bovino.<\/p>","protected":false},"author":1,"featured_media":8929,"parent":0,"template":"","tags":[116],"product-type":[19],"class_list":["post-8928","product","type-product","status-publish","has-post-thumbnail","hentry","tag-silage","product-type-silage-machine"],"_links":{"self":[{"href":"https:\/\/taizyagromachine.com\/es\/wp-json\/wp\/v2\/product\/8928","targetHints":{"allow":["GET"]}}],"collection":[{"href":"https:\/\/taizyagromachine.com\/es\/wp-json\/wp\/v2\/product"}],"about":[{"href":"https:\/\/taizyagromachine.com\/es\/wp-json\/wp\/v2\/types\/product"}],"author":[{"embeddable":true,"href":"https:\/\/taizyagromachine.com\/es\/wp-json\/wp\/v2\/users\/1"}],"wp:featuredmedia":[{"embeddable":true,"href":"https:\/\/taizyagromachine.com\/es\/wp-json\/wp\/v2\/media\/8929"}],"wp:attachment":[{"href":"https:\/\/taizyagromachine.com\/es\/wp-json\/wp\/v2\/media?parent=8928"}],"wp:term":[{"taxonomy":"post_tag","embeddable":true,"href":"https:\/\/taizyagromachine.com\/es\/wp-json\/wp\/v2\/tags?post=8928"},{"taxonomy":"product-type","embeddable":true,"href":"https:\/\/taizyagromachine.com\/es\/wp-json\/wp\/v2\/product-type?post=8928"}],"curies":[{"name":"wp","href":"https:\/\/api.w.org\/{rel}","templated":true}]}}