{"id":11,"date":"2022-01-11T03:21:20","date_gmt":"2022-01-11T03:21:20","guid":{"rendered":"http:\/\/taizyagromachine.local\/?page_id=11"},"modified":"2022-01-24T06:09:57","modified_gmt":"2022-01-24T06:09:57","slug":"about-us","status":"publish","type":"page","link":"https:\/\/taizyagromachine.com\/fr\/about-us\/","title":{"rendered":"\u00c0 propos de nous"},"content":{"rendered":"<div class=\"wp-block-media-text alignwide is-stacked-on-mobile\"><figure class=\"wp-block-media-text__media\"><img loading=\"lazy\" decoding=\"async\" width=\"720\" height=\"540\" src=\"https:\/\/taizyagromachine.com\/wp-content\/uploads\/2022\/01\/cooperation-with-government.jpg\" alt=\"coop\u00e9ration\" class=\"wp-image-1801 size-full\"\/><\/figure><div class=\"wp-block-media-text__content\"> <p class=\"translation-block\">En tant que fabricant et fournisseur leaders et professionnels de machines agricoles, Taizy Agro Machine Co., Ltd, nous consid\u00e9rons \u00ab<strong><em>Pour les agriculteurs<\/em>, <em>Pour l\u2019agriculture, Pour une meilleure vie<\/em><\/strong>\u00bb comme notre slogan pour servir nos clients. De plus, nous avons une riche exp\u00e9rience dans l\u2019exportation de machines agricoles depuis plus de 15 ans. Nos principaux produits incluent <strong><em>Riz moulin, machine \u00e0 ma\u00efs, machine pour riz et bl\u00e9, machine \u00e0 arachide, machine \u00e0 ensilage, coupe-chaume, machine \u00e0 jeunes plants, planteur de l\u00e9gumes, machine \u00e0 pellets pour alimentation des poissons, machine \u00e0 pellets pour alimentation animale<\/em><\/strong>, etc. De plus, nous sommes experts dans la r\u00e9alisation de projets d\u2019appel d\u2019offres issus de <strong><em>ONG, FAO, UNDP et achats gouvernementaux<\/em><\/strong>. <\/p>    <p class=\"translation-block\">Bienvenue \u00e0 nous contacter via WhatsApp\/Wechat\/Tel : <strong><em>+86 13673689272<\/em><\/strong> pour plus d\u2019informations.<\/p> <\/div><\/div>    <h2 class=\"has-huge-font-size wp-block-heading\">Pourquoi nous choisir<\/h2>    <div class=\"wp-block-columns is-layout-flex wp-container-core-columns-is-layout-9d6595d7 wp-block-columns-is-layout-flex\"> <div class=\"wp-block-column is-layout-flow wp-block-column-is-layout-flow\"> <ul class=\"wp-block-list\"><li>Forte force d'usine pour fabriquer des machines<\/li><li>Riches exp\u00e9riences dans l'exportation \u00e0 l'\u00e9tranger<\/li><li>Excellents services de pr\u00e9vente, de vente et d'apr\u00e8s-vente offerts aux clients<\/li><li>Une marque fiable qui vaut la peine d'\u00eatre achet\u00e9e<\/li><li>Qualit\u00e9 garantie pour les performances et les propri\u00e9t\u00e9s de la machine d'usure<\/li><li>Diverses machines agricoles pour r\u00e9pondre aux demandes des diff\u00e9rents clients<\/li><li>Prix \u200b\u200bcomp\u00e9titif au profit des clients<\/li><\/ul> <\/div>    <div class=\"wp-block-column is-layout-flow wp-block-column-is-layout-flow\"> <figure class=\"wp-block-gallery aligncenter columns-2 is-cropped wp-block-gallery-2 is-layout-flex wp-block-gallery-is-layout-flex\"><ul class=\"blocks-gallery-grid\"><li class=\"blocks-gallery-item\"><figure><img loading=\"lazy\" decoding=\"async\" width=\"720\" height=\"540\" src=\"https:\/\/taizyagromachine.com\/wp-content\/uploads\/2022\/01\/factory-display-why-choose-us.jpg\" alt=\"affichage d&#039;usine\" data-id=\"1809\" data-full-url=\"https:\/\/taizyagromachine.com\/wp-content\/uploads\/2022\/01\/factory-display-why-choose-us.jpg\" data-link=\"https:\/\/taizyagromachine.com\/about\/factory-display-why-choose-us\/\" class=\"wp-image-1809\"\/><figcaption class=\"blocks-gallery-item__caption\">affichage d'usine<\/figcaption><\/figure><\/li><li class=\"blocks-gallery-item\"><figure><img loading=\"lazy\" decoding=\"async\" width=\"720\" height=\"540\" src=\"https:\/\/taizyagromachine.com\/wp-content\/uploads\/2022\/01\/150pcs-corn-sheller-to-Zimbabwe.jpg\" alt=\"D\u00e9cortiqueuse de ma\u00efs 150 pi\u00e8ces au Zimbabwe\" data-id=\"1810\" data-full-url=\"https:\/\/taizyagromachine.com\/wp-content\/uploads\/2022\/01\/150pcs-corn-sheller-to-Zimbabwe.jpg\" data-link=\"https:\/\/taizyagromachine.com\/about\/150pcs-corn-sheller-to-zimbabwe\/\" class=\"wp-image-1810\"\/><figcaption class=\"blocks-gallery-item__caption\">d\u00e9cortiqueuse de ma\u00efs au Zimbabwe<\/figcaption><\/figure><\/li><\/ul><\/figure> <\/div> <\/div>    <h2 class=\"wp-block-heading\">\u00c9v\u00e9nements<\/h2>    <p>En tant que l'un des fournisseurs de machines agricoles les plus professionnels de la province du Henan, nous \u00e9tudions en profondeur le march\u00e9 des pays en d\u00e9veloppement et choisissons les machines agricoles les plus adapt\u00e9es pour r\u00e9pondre \u00e0 la demande locale. Nous sommes \u00e9galement invit\u00e9s \u00e0 participer \u00e0 de nombreux \u00e9v\u00e9nements c\u00e9l\u00e8bres en Chine et \u00e0 l'\u00e9tranger. Par exemple, 2018 au Nigeria, 2018 \u00e0 Yiwu, 2019 au Nigeria, 2019 au Vietnam, etc.<\/p>    <div class=\"wp-block-image\"><figure class=\"aligncenter size-full\"><img loading=\"lazy\" decoding=\"async\" width=\"1200\" height=\"600\" src=\"https:\/\/taizyagromachine.com\/wp-content\/uploads\/2022\/01\/events.jpg\" alt=\"\u00e9v\u00e9nements\" class=\"wp-image-1820\"\/><figcaption>\u00e9v\u00e9nements<\/figcaption><\/figure><\/div>    <h2 class=\"wp-block-heading\">Empreinte<\/h2>    <p>Nous avons une exp\u00e9rience dans l'exportation de plus de 15 ans. Nos produits jouissent d'une grande popularit\u00e9 en Afrique, en Asie du Sud-Est et en Am\u00e9rique du Sud, comme au Nigeria, au Ghana, au P\u00e9rou, en Indon\u00e9sie, au Congo, en \u00c9thiopie, en Namibie, au Maroc, au Botswana, etc. <\/p>    <div class=\"wp-block-image\"><figure class=\"aligncenter size-full\"><img loading=\"lazy\" decoding=\"async\" width=\"1024\" height=\"486\" src=\"https:\/\/taizyagromachine.com\/wp-content\/uploads\/2022\/01\/footprints-Taizy-Agro.jpg\" alt=\"empreintes\" class=\"wp-image-1805\"\/><figcaption>empreintes<\/figcaption><\/figure><\/div>    <h2 class=\"wp-block-heading\">Certificat<\/h2>    <p>Notre soci\u00e9t\u00e9 a obtenu le certificat ISO 9001 et la plupart des produits ont un certificat CE. Nous pouvons \u00e9galement obtenir des PVOC, SONCAP, SABRE et Preferential C\/O pour aider les clients \u00e0 effectuer facilement le d\u00e9douanement des importations. Nous nous engageons \u00e0 fournir des produits appropri\u00e9s et un service complet \u00e0 chaque client national et \u00e9tranger.<\/p>    <div class=\"wp-block-columns is-layout-flex wp-container-core-columns-is-layout-9d6595d7 wp-block-columns-is-layout-flex\"> <div class=\"wp-block-column is-layout-flow wp-block-column-is-layout-flow\"> <div class=\"wp-block-image\"><figure class=\"aligncenter size-full\"><img loading=\"lazy\" decoding=\"async\" width=\"2468\" height=\"3425\" src=\"https:\/\/taizyagromachine.com\/wp-content\/uploads\/2022\/01\/PVOC-.jpg\" alt=\"PVOC\" class=\"wp-image-1832\"\/><figcaption>PVOC<\/figcaption><\/figure><\/div> <\/div>    <div class=\"wp-block-column is-layout-flow wp-block-column-is-layout-flow\"> <div class=\"wp-block-image\"><figure class=\"aligncenter size-full\"><img loading=\"lazy\" decoding=\"async\" width=\"2468\" height=\"3425\" src=\"https:\/\/taizyagromachine.com\/wp-content\/uploads\/2022\/01\/SONCAP-.jpg\" alt=\"SONCAP\" class=\"wp-image-1833\"\/><figcaption>SONCAP<\/figcaption><\/figure><\/div> <\/div>    <div class=\"wp-block-column is-layout-flow wp-block-column-is-layout-flow\"> <div class=\"wp-block-image\"><figure class=\"aligncenter size-full\"><img loading=\"lazy\" decoding=\"async\" width=\"2468\" height=\"3425\" src=\"https:\/\/taizyagromachine.com\/wp-content\/uploads\/2022\/01\/ISO9001-.jpg\" alt=\"ISO 9001\" class=\"wp-image-1834\"\/><figcaption>ISO 9001<\/figcaption><\/figure><\/div> <\/div> <\/div>    <p><\/p>","protected":false},"excerpt":{"rendered":"<p>As a leading and professional agricultural machines manufacturer and provider, Taizy Agro Machine Co., Ltd, we consider &#8220;For Farmers, For Agriculture, For Better Life&#8221; as our slogan to serve our customers. Besides, we have rich experience in exporting agricultural machines for more than 15 years. Our main products include Rice Mill, Corn Machine, Rice and [&hellip;]<\/p>\n","protected":false},"author":1,"featured_media":0,"parent":0,"menu_order":0,"comment_status":"closed","ping_status":"closed","template":"","meta":{"footnotes":""},"class_list":["post-11","page","type-page","status-publish","hentry"],"_links":{"self":[{"href":"https:\/\/taizyagromachine.com\/fr\/wp-json\/wp\/v2\/pages\/11","targetHints":{"allow":["GET"]}}],"collection":[{"href":"https:\/\/taizyagromachine.com\/fr\/wp-json\/wp\/v2\/pages"}],"about":[{"href":"https:\/\/taizyagromachine.com\/fr\/wp-json\/wp\/v2\/types\/page"}],"author":[{"embeddable":true,"href":"https:\/\/taizyagromachine.com\/fr\/wp-json\/wp\/v2\/users\/1"}],"replies":[{"embeddable":true,"href":"https:\/\/taizyagromachine.com\/fr\/wp-json\/wp\/v2\/comments?post=11"}],"version-history":[{"count":0,"href":"https:\/\/taizyagromachine.com\/fr\/wp-json\/wp\/v2\/pages\/11\/revisions"}],"wp:attachment":[{"href":"https:\/\/taizyagromachine.com\/fr\/wp-json\/wp\/v2\/media?parent=11"}],"curies":[{"name":"wp","href":"https:\/\/api.w.org\/{rel}","templated":true}]}}