{"id":1131,"date":"2021-12-01T09:41:24","date_gmt":"2021-12-01T09:41:24","guid":{"rendered":"https:\/\/taizyagromachine.com\/?p=1131"},"modified":"2022-09-29T11:31:03","modified_gmt":"2022-09-29T03:31:03","slug":"18tpd-automatic-rice-mill-production-line","status":"publish","type":"product","link":"https:\/\/taizyagromachine.com\/fr\/product\/18tpd-automatic-rice-mill-production-line\/","title":{"rendered":"Ligne de production automatique de rizerie 18TPD"},"content":{"rendered":"<p class=\"translation-block\">La <strong>ligne de production de rizerie automatique 18TPD<\/strong> est une ligne de production pratique pour transformer le riz paddy en riz blanc. Sa production est de 700 \u00e0 800 kg par heure. C'est une rizerie compl\u00e8te, enti\u00e8rement automatis\u00e9e. Le riz paddy de forme ronde et de forme longue peuvent \u00eatre trait\u00e9s, il suffit de choisir les d\u00e9cortiqueuses de riz appropri\u00e9es. Elle peut nettoyer, d\u00e9sablier, d\u00e9cortiquer, s\u00e9parer, blanchir, polir, trier, calibrer, stocker et emballer, le tout en une seule unit\u00e9. \u00cates-vous int\u00e9ress\u00e9 ? Contactez-nous. Nous vous proposerons des solutions adapt\u00e9es \u00e0 vos besoins r\u00e9els.<\/p>   <div class=\"wp-block-image\"> <figure class=\"aligncenter size-full\"><img loading=\"lazy\" decoding=\"async\" width=\"720\" height=\"540\" src=\"https:\/\/taizyagromachine.com\/wp-content\/uploads\/2022\/01\/18t-rice-mill-production-line.jpg\" alt=\"Ligne de production de moulin \u00e0 riz 18tpj\" class=\"wp-image-1780\"\/><figcaption>Ligne de production de moulin \u00e0 riz 18tpj<\/figcaption><\/figure> <\/div>   <h2 class=\"wp-block-heading\" id=\"overview-of-modern-18tpd-rice-mill-production-line\"><strong>Aper\u00e7u de la ligne de production moderne de rizerie 18TPD<\/strong><\/h2>   <div class=\"wp-block-image\"> <figure class=\"aligncenter size-full\"><img loading=\"lazy\" decoding=\"async\" width=\"720\" height=\"400\" src=\"https:\/\/taizyagromachine.com\/wp-content\/uploads\/2022\/01\/18t-display.jpg\" alt=\"Ligne de production compl\u00e8te 18tpd \" class=\"wp-image-1781\"\/><figcaption>Ligne de production compl\u00e8te 18tpd <\/figcaption><\/figure> <\/div>   <h2 class=\"wp-block-heading\" id=\"structure-of-18tpd-fully-automatic-rice-mill-production-line\"><strong>Structure de la ligne de production de rizerie enti\u00e8rement automatique 18TPD<\/strong><\/h2>    <p class=\"translation-block\">Cette ligne de production de rizerie comprend un nettoyeur et d\u00e9sableur combin\u00e9, une d\u00e9cortiqueuse de riz, un s\u00e9parateur par gravit\u00e9, une premi\u00e8re d\u00e9cortiqueuse de riz, un s\u00e9parateur magn\u00e9tique, une seconde d\u00e9cortiqueuse de riz, un polissoir \u00e0 riz avec eau, un <a href=\"https:\/\/en.wikipedia.org\/wiki\/Colour_sorter\" target=\"_blank\" rel=\"noreferrer noopener\">trieur optique de couleur<\/a>, un calibreur de riz, un silo de stockage, une peseuse et une ensacheuse.<\/p>   <div class=\"wp-block-image\"> <figure class=\"aligncenter size-full\"><img loading=\"lazy\" decoding=\"async\" width=\"720\" height=\"300\" src=\"https:\/\/taizyagromachine.com\/wp-content\/uploads\/2022\/01\/18t-drawing.jpg\" alt=\"usine de rizerie automatique structure-18tpd\" class=\"wp-image-1783\"\/><figcaption>usine de rizerie automatique structure-18tpd<\/figcaption><\/figure> <\/div>   <h2 class=\"wp-block-heading\" id=\"why-choose-rice-mill-machine-twice\"><strong>Pourquoi choisir une machine \u00e0 riz deux fois\u00a0?<\/strong><\/h2>    <p>\u00c0 partir de la ligne de production compl\u00e8te de moulins \u00e0 riz automatiques 18T\/D, nous constatons qu'elle dispose d'un premier broyage de riz et d'un deuxi\u00e8me broyage de riz. Les raisons sont les suivantes:<\/p>    <ol class=\"wp-block-list\" type=\"1\"><li>Faible casse. En adoptant une mouture de riz deux fois, cela r\u00e9duit consid\u00e9rablement le taux de riz cass\u00e9 et vous pouvez obtenir du riz blanc de haute qualit\u00e9.<\/li><li>Grand rendement. Deux moulins \u00e0 riz peuvent moudre le riz sans interruption.<\/li><\/ol>    <h2 class=\"wp-block-heading\" id=\"spare-parts-list-necessary-parts-for-1-production-line-in-one-year\"><strong>Liste des pi\u00e8ces de rechange (pi\u00e8ces n\u00e9cessaires pour 1 ligne de production de moulin \u00e0 riz automatique en un an)<\/strong><\/h2>    <figure class=\"wp-block-table is-style-stripes\"><table><tbody><tr><td>S\/N<\/td><td>Machine<\/td><td>Nom<\/td><td>QT\u00c9<\/td><\/tr><tr><td>1<\/td><td>Pi\u00e8ces de rechange pour d\u00e9cortiqueuse de riz paddy<\/td><td>Rouleau en caoutchouc<\/td><td>4 pi\u00e8ces<\/td><\/tr><tr><td>2<\/td><td>Pi\u00e8ces de rechange pour moulin \u00e0 riz First<\/td><td>Tamis<\/td><td>8\u00a0pi\u00e8ces<\/td><\/tr><tr><td>3<\/td><td>Pi\u00e8ces de rechange pour moulin \u00e0 riz First<\/td><td>Barre de presse<\/td><td>16\u00a0pi\u00e8ces<\/td><\/tr><tr><td>4<\/td><td>Pi\u00e8ces de rechange pour moulin \u00e0 riz First<\/td><td>Rouleau \u00e9meri<\/td><td>1 pc<\/td><\/tr><tr><td>5<\/td><td>Pi\u00e8ces de rechange pour moulin \u00e0 riz First<\/td><td>Vis<\/td><td>2\u00a0pi\u00e8ces<\/td><\/tr><tr><td>6<\/td><td>Pi\u00e8ces de rechange pour deuxi\u00e8me moulin \u00e0 riz<\/td><td>Tamis<\/td><td>12 pi\u00e8ces<\/td><\/tr><tr><td>7<\/td><td>Pi\u00e8ces de rechange pour deuxi\u00e8me moulin \u00e0 riz<\/td><td>Barre de presse<\/td><td>6\u00a0pi\u00e8ces<\/td><\/tr><tr><td>8<\/td><td>Pi\u00e8ces de rechange pour deuxi\u00e8me moulin \u00e0 riz<\/td><td>Rouleau \u00e9meri<\/td><td>1 pc<\/td><\/tr><tr><td>9<\/td><td>Pi\u00e8ces de rechange pour deuxi\u00e8me moulin \u00e0 riz<\/td><td>Vis<\/td><td>2\u00a0pi\u00e8ces<\/td><\/tr><\/tbody><\/table><\/figure>    <h2 class=\"wp-block-heading\" id=\"features-of-18t-rice-mill-plant-production-line\"><strong>Caract\u00e9ristiques de la ligne de production d'usine de rizerie de 18 tonnes<\/strong><\/h2>    <ul class=\"wp-block-list\" type=\"1\"><li>Performances stables, structure compacte et super qualit\u00e9.<\/li><li>Moins de riz cass\u00e9. Parce que cette ligne de production automatique de rizerie adopte deux fraiseuses \u00e0 riz.<\/li><li>Op\u00e9ration facile, haute pr\u00e9cision du riz et entretien pratique.<\/li><li>Toutes les pi\u00e8ces de rechange sont fabriqu\u00e9es avec des mat\u00e9riaux de haute qualit\u00e9, durables et fiables.<\/li><li>\u00c9conomisez du travail et am\u00e9liorez l'efficacit\u00e9 du travail. Gr\u00e2ce au bac de stockage, les travailleurs n\u2019ont pas besoin d\u2019attendre longtemps pour emballer. Apr\u00e8s avoir stock\u00e9 une certaine quantit\u00e9, le travail d\u2019emballage peut d\u00e9marrer de mani\u00e8re efficace.<\/li><\/ul>    <h2 class=\"wp-block-heading\" id=\"differences-between-15t-and-18t-rice-mill-production-line\"><strong>Diff\u00e9rences entre la ligne de production de moulin \u00e0 riz automatique de 15 t et 18 t<\/strong><\/h2>    <ol class=\"wp-block-list\" type=\"1\"><li>Sortir. \u00c9videmment, le r\u00e9sultat diff\u00e8re. L\u2019un co\u00fbte 15 tonnes par jour tandis qu\u2019un autre co\u00fbte 18 tonnes par jour.<\/li><li>Polisseuse de riz avec de l'eau. Par rapport \u00e0 <a href=\"https:\/\/taizyagromachine.com\/fr\/product\/15tpd-complete-rice-mill-production-line\/\" target=\"_blank\" rel=\"noreferrer noopener\">Ligne de production d'usine de rizerie 15t<\/a>, La ligne de production compl\u00e8te de 18 tonnes comprend le polisseur de riz avec de l'eau. Il polit le riz blanc avec de l'eau pulv\u00e9ris\u00e9e, le rendant plus blanc et plus l\u00e9ger.<\/li><\/ol>    <h2 class=\"wp-block-heading\" id=\"why-choose-us\"><strong>Pourquoi nous choisir?<\/strong><strong><\/strong><\/h2>    <p class=\"translation-block\">Nous, <a href=\"https:\/\/taizyagromachine.com\/fr\/\" target=\"_blank\" rel=\"noreferrer noopener\">Taizy Company<\/a>, sommes un fabricant et fournisseur exp\u00e9riment\u00e9 de machines agricoles. Nous proposons non seulement une s\u00e9rie de rizeries, mais aussi des presses \u00e0 balles, des semoirs \u00e0 ma\u00efs, des <a href=\"https:\/\/taizyagromachine.com\/fr\/product\/nursery-transplanter\/\" target=\"_blank\" rel=\"noreferrer noopener\">transplanteurs de l\u00e9gumes<\/a>, etc. Cela est d\u00fb \u00e0 nos avantages :<\/p>    <ol class=\"wp-block-list\" type=\"1\"><li>Effet de marque.<\/li><li>Service apr\u00e8s-vente.<\/li><li>Officiers professionnels et comp\u00e9tents.<\/li><\/ol>   <div class=\"wp-block-image\"> <figure class=\"aligncenter size-full\"><img loading=\"lazy\" decoding=\"async\" width=\"720\" height=\"400\" src=\"https:\/\/taizyagromachine.com\/wp-content\/uploads\/2022\/01\/18t-company-factory-strength.jpg\" alt=\"force de l&#039;usine de l&#039;entreprise\" class=\"wp-image-1784\"\/><figcaption>force de l'usine de l'entreprise<\/figcaption><\/figure> <\/div>   <h2 class=\"wp-block-heading\" id=\"successful-case-4-sets-18tpd-rice-mill-plants-to-burkina-faso\"><strong>Cas r\u00e9ussi\u00a0: 4 ensembles d'usines de rizerie 18TPD au Burkina Faso<\/strong><\/h2>    <p>Cette ann\u00e9e, un client du Burkina Faso a pos\u00e9 des questions sur la ligne de production automatique de rizerie. Il dirige une usine \u00e0 grande \u00e9chelle et la production requise \u00e9tait de 700 \u00e0 800 kg par heure. En outre, il voulait vendre du riz blanc de haute qualit\u00e9. Ainsi, notre responsable commerciale Emily a recommand\u00e9 la ligne de production de moulin \u00e0 riz 18TPD pour satisfaire son entreprise. Il a pass\u00e9 en revue la cha\u00eene de production et a \u00e9t\u00e9 tr\u00e8s satisfait. Il a command\u00e9 4 sets une fois. Et en septembre, nous avons export\u00e9 avec succ\u00e8s vers son pays, le Burkina Faso. Il a re\u00e7u les machines et de bons retours nous sont parvenus.<\/p>   <div class=\"wp-block-image\"> <figure class=\"aligncenter size-full\"><img loading=\"lazy\" decoding=\"async\" width=\"720\" height=\"540\" src=\"https:\/\/taizyagromachine.com\/wp-content\/uploads\/2022\/01\/loading-into-container-18t.jpg\" alt=\"chargement\" class=\"wp-image-1786\"\/><figcaption>chargement<\/figcaption><\/figure> <\/div>","protected":false},"excerpt":{"rendered":"<p>18TPD automatic rice mill production line\u00a0is a practical production line to process the paddy rice into white rice. Its output is 700-800kg per hour. It\u2019s a complete rice mill plant, realizing full automation. Both round-shaped and long-shaped paddy rice can use, just choosing different rice millers. It can clean, de-stone, hull, separate, mill, polish, sort, [&hellip;]<\/p>\n","protected":false},"author":1,"featured_media":2077,"parent":0,"template":"","tags":[54,58,53,49,35,56,37,57,48],"product-type":[27],"class_list":["post-1131","product","type-product","status-publish","has-post-thumbnail","hentry","tag-18tpd","tag-18tpd-rice-mill-production-line","tag-automatic-rice-mill-production-line","tag-complete-rice-milling-plant","tag-rice-mill","tag-rice-mill-machine","tag-rice-mill-plant","tag-rice-milling-machine","tag-rice-milling-plant-for-sale","product-type-solutions"],"_links":{"self":[{"href":"https:\/\/taizyagromachine.com\/fr\/wp-json\/wp\/v2\/product\/1131","targetHints":{"allow":["GET"]}}],"collection":[{"href":"https:\/\/taizyagromachine.com\/fr\/wp-json\/wp\/v2\/product"}],"about":[{"href":"https:\/\/taizyagromachine.com\/fr\/wp-json\/wp\/v2\/types\/product"}],"author":[{"embeddable":true,"href":"https:\/\/taizyagromachine.com\/fr\/wp-json\/wp\/v2\/users\/1"}],"wp:featuredmedia":[{"embeddable":true,"href":"https:\/\/taizyagromachine.com\/fr\/wp-json\/wp\/v2\/media\/2077"}],"wp:attachment":[{"href":"https:\/\/taizyagromachine.com\/fr\/wp-json\/wp\/v2\/media?parent=1131"}],"wp:term":[{"taxonomy":"post_tag","embeddable":true,"href":"https:\/\/taizyagromachine.com\/fr\/wp-json\/wp\/v2\/tags?post=1131"},{"taxonomy":"product-type","embeddable":true,"href":"https:\/\/taizyagromachine.com\/fr\/wp-json\/wp\/v2\/product-type?post=1131"}],"curies":[{"name":"wp","href":"https:\/\/api.w.org\/{rel}","templated":true}]}}