{"id":1133,"date":"2021-12-01T09:41:58","date_gmt":"2021-12-01T09:41:58","guid":{"rendered":"https:\/\/taizyagromachine.com\/?p=1133"},"modified":"2022-09-29T13:55:04","modified_gmt":"2022-09-29T05:55:04","slug":"20tpd-rice-mill-plant","status":"publish","type":"product","link":"https:\/\/taizyagromachine.com\/fr\/product\/20tpd-rice-mill-plant\/","title":{"rendered":"Usine de broyage du riz 20TPD"},"content":{"rendered":"<p class=\"translation-block\"><strong>L'usine de riz de 20 tonnes par jour<\/strong> transforme le riz paddy en riz blanc, avec une production de 20 tonnes par jour. C'est le type de base, comprenant la tr\u00e9mie d'alimentation, l'\u00e9l\u00e9vateur, le d\u00e9sileur, le d\u00e9cortiqueur de riz, le s\u00e9parateur par gravit\u00e9 et le<strong> <\/strong>moulin \u00e0 riz. C'est une usine de riz enti\u00e8rement automatique, produisant du riz blanc comestible satisfaisant. C'est une ligne de production de base pour le traitement du riz blanc, particuli\u00e8rement bien re\u00e7ue au Nigeria. Les agriculteurs, les entreprises ou les usines peuvent acheter cette usine de riz combin\u00e9e pour b\u00e9n\u00e9ficier \u00e0 leurs activit\u00e9s. \u00cates-vous int\u00e9ress\u00e9 par ce type de machine ? Dans l'attente de votre demande !<\/p>    <h2 class=\"wp-block-heading\" id=\"h-working-flow\"><strong>Flux de travail<\/strong><strong><\/strong><\/h2>    <ol class=\"wp-block-list\" type=\"1\"><li>Introduisez le riz paddy dans la tr\u00e9mie. Et puis, gr\u00e2ce au nettoyant, \u00e9liminez les impuret\u00e9s. Le riz paddy arrive \u00e0 l'\u00e9pierreuse par ascenseur.<\/li><li>L\u2019\u00e9pieur va \u00e9liminer le noyau et les impuret\u00e9s pr\u00e9sentes dans le riz paddy. Ensuite, le riz paddy passe par le double \u00e9l\u00e9vateur jusqu'au <a href=\"https:\/\/en.wikipedia.org\/wiki\/Rice_huller\" target=\"_blank\" rel=\"noreferrer noopener\">d\u00e9cortiqueuse de riz<\/a>.<\/li><li>La d\u00e9cortiqueuse de riz enl\u00e8vera la coque du riz paddy. L'\u00e9tape suivante consiste \u00e0 passer au s\u00e9parateur par gravit\u00e9, s\u00e9parant le riz paddy et le riz brun. Le riz brun viendra \u00e0 la fraiseuse \u00e0 riz tandis que le riz paddy reviendra \u00e0 la d\u00e9cortiqueuse de riz.<\/li><li>La fraiseuse \u00e0 riz sert \u00e0 broyer le riz brun en riz blanc. Et puis venez \u00e0 l\u2019\u00e9cran de notation. Enfin, procurez-vous le riz blanc qualifi\u00e9.<\/li><\/ol>    <figure class=\"wp-block-embed is-type-video is-provider-youtube wp-block-embed-youtube wp-embed-aspect-16-9 wp-has-aspect-ratio\"><div class=\"wp-block-embed__wrapper\"> <iframe loading=\"lazy\" title=\"Usine de moulin \u00e0 riz 20 T\/D machine de traitement de riz enti\u00e8rement automatique usine de moulin \u00e0 riz int\u00e9gr\u00e9e \u00e0 vendre\" width=\"500\" height=\"281\" src=\"https:\/\/www.youtube.com\/embed\/mmUFiYX-sAg?feature=oembed\" frameborder=\"0\" allow=\"accelerometer; autoplay; clipboard-write; encrypted-media; gyroscope; picture-in-picture; web-share\" referrerpolicy=\"strict-origin-when-cross-origin\" allowfullscreen><\/iframe> <\/div><\/figure>    <h2 class=\"wp-block-heading\" id=\"h-structure-of-20tpd-rice-mill-plant-for-sale\"><strong>Structure de l'usine de rizerie 20TPD \u00e0 vendre<\/strong><\/h2>    <p>Cet \u00e9quipement de broyage de riz de 20 tonnes comprend plusieurs pi\u00e8ces, r\u00e9pertori\u00e9es ci-dessous\u00a0:<\/p>   <div class=\"wp-block-image\"> <figure class=\"aligncenter size-full\"><img loading=\"lazy\" decoding=\"async\" width=\"720\" height=\"540\" src=\"https:\/\/taizyagromachine.com\/wp-content\/uploads\/2022\/02\/structure-of-20tpd-rice-mill-plant.jpg\" alt=\"structure d&#039;une usine de rizerie de 20 tpj\" class=\"wp-image-2167\" srcset=\"https:\/\/taizyagromachine.com\/wp-content\/uploads\/2022\/02\/structure-of-20tpd-rice-mill-plant.jpg 720w, https:\/\/taizyagromachine.com\/wp-content\/uploads\/2022\/02\/structure-of-20tpd-rice-mill-plant-300x225.jpg 300w\" sizes=\"auto, (max-width: 720px) 100vw, 720px\" \/><figcaption>structure d'une usine de rizerie de 20 tpj<\/figcaption><\/figure> <\/div>   <h2 class=\"wp-block-heading\" id=\"h-machine-details\"><strong>D\u00e9tails de la machine de <\/strong><\/h2>    <figure class=\"wp-block-gallery aligncenter has-nested-images columns-default is-cropped wp-block-gallery-2 is-layout-flex wp-block-gallery-is-layout-flex\"> <figure class=\"wp-block-image size-large\"><img loading=\"lazy\" decoding=\"async\" width=\"720\" height=\"540\" data-id=\"1751\" src=\"https:\/\/taizyagromachine.com\/wp-content\/uploads\/2022\/01\/destoner-screen.jpg\" alt=\"\u00e9cran d&#039;\u00e9pierrage\" class=\"wp-image-1751\"\/><figcaption>\u00e9cran d'\u00e9pierrage<\/figcaption><\/figure>    <figure class=\"wp-block-image size-large\"><img loading=\"lazy\" decoding=\"async\" width=\"720\" height=\"540\" data-id=\"1752\" src=\"https:\/\/taizyagromachine.com\/wp-content\/uploads\/2022\/01\/control-cabinet.jpg\" alt=\"Chambre de contr\u00f4le\" class=\"wp-image-1752\"\/><figcaption>Chambre de contr\u00f4le<\/figcaption><\/figure> <\/figure>    <h2 class=\"wp-block-heading\" id=\"h-features-of-20tpd-modern-rice-milling-plant\"><strong>Caract\u00e9ristiques de l'usine de rizerie moderne 20TPD<\/strong><\/h2>    <ul class=\"wp-block-list\" type=\"1\"><li>La partie de l'\u00e9cran de nettoyage adopte le fonctionnement rotatif, un itin\u00e9raire de nettoyage en douceur et un effet de nettoyage long.<\/li><li>L'\u00e9pieur adopte un mode de transmission unique et une longue dur\u00e9e de vie de la machine.<\/li><li>Le d\u00e9cortiqueur de riz est entra\u00een\u00e9 par courroie, la surface des dents obliques est invers\u00e9e, \u00e0 faible bruit et performances stables.<\/li><li>La fraiseuse \u00e0 riz est entra\u00een\u00e9e par un fort tirage, la teneur en poudre de son de riz est faible et la temp\u00e9rature est basse.<\/li><li>Un ensemble complet d'\u00e9quipements de broyage du riz, compos\u00e9 de machines simples, telles qu'une d\u00e9cortiqueuse de riz, un broyeur \u00e0 riz, etc.<\/li><\/ul>    <h2 class=\"wp-block-heading\" id=\"h-finished-products-effect-of-automatic-rice-processing-plant\"><strong>Effet des produits finis du R automatique<\/strong><strong>glace <\/strong><strong>P.<\/strong><strong>traitement <\/strong><strong>P.<\/strong><strong>lant<\/strong><strong><\/strong><\/h2>    <p>D\u2019apr\u00e8s les images ci-dessous, on voit \u00e9videmment que le riz paddy devient du riz blanc apr\u00e8s une s\u00e9rie de proc\u00e9dures de traitement.<\/p>   <div class=\"wp-block-image\"> <figure class=\"aligncenter size-full\"><img loading=\"lazy\" decoding=\"async\" width=\"720\" height=\"540\" src=\"https:\/\/taizyagromachine.com\/wp-content\/uploads\/2022\/01\/finished-products.jpg\" alt=\"produits finis\" class=\"wp-image-1753\"\/><figcaption>produits finis<\/figcaption><\/figure> <\/div>   <h2 class=\"wp-block-heading\" id=\"h-rice-mill-plant-applications\"><strong>Applications des usines de rizerie<\/strong><strong><\/strong><\/h2>    <ol class=\"wp-block-list\" type=\"1\"><li>Terres agricoles.<\/li><li>Les villes.<\/li><li>Magasin de c\u00e9r\u00e9ales.<\/li><li>M\u00e9nages sp\u00e9cialis\u00e9s.<\/li><\/ol>    <h2 class=\"wp-block-heading\" id=\"h-differences-between-15t-rice-mill-plant-and-20t-rice-mill-plant\"><strong>Diff\u00e9rences entre l'usine de rizerie 15TPD et l'usine de rizerie 20TPD<\/strong><\/h2>    <p class=\"translation-block\">Chez <a href=\"https:\/\/taizyagromachine.com\/fr\/\" target=\"_blank\" rel=\"noreferrer noopener\">Taizy Machinery Company<\/a>, en termes de type de base, l'usine de riz de 15 tonnes est diff\u00e9rente de l'\u00e9quipement de riz de 20 tonnes.<\/p>    <ol class=\"wp-block-list\" type=\"1\"><li>Sortir. Il est tr\u00e8s clair que ces deux usines pr\u00e9sentent des diff\u00e9rences de production. L'usine de rizerie compl\u00e8te de 15 tonnes produit entre 600 et 700 kg par heure, tandis que l'usine de rizerie automatique de 20 tonnes produit entre 800 et 1 000 kg par heure.<\/li><li>Configuration. Par rapport \u00e0 la ligne de production de rizerie int\u00e9gr\u00e9e de 15 tonnes, l'usine de rizerie de 20 tonnes est \u00e9quip\u00e9e d'un nettoyeur et d'une armoire.<\/li><li>Taille. L'ensemble complet d'\u00e9quipement de broyage du riz de 20 tonnes a une plus grande dimension.<\/li><\/ol>    <h2 class=\"wp-block-heading\" id=\"h-related-machines\"><strong>Machines associ\u00e9es<\/strong><strong><\/strong><\/h2>    <figure class=\"wp-block-gallery aligncenter has-nested-images columns-default is-cropped wp-block-gallery-3 is-layout-flex wp-block-gallery-is-layout-flex\"> <figure class=\"wp-block-image size-large\"><img loading=\"lazy\" decoding=\"async\" width=\"720\" height=\"540\" data-id=\"1756\" src=\"https:\/\/taizyagromachine.com\/wp-content\/uploads\/2022\/01\/15tpd-rice-milling.jpg\" alt=\"Usine de rizerie 15tpj\" class=\"wp-image-1756\"\/><figcaption>Usine de rizerie 15tpj<\/figcaption><\/figure>    <figure class=\"wp-block-image size-large\"><img loading=\"lazy\" decoding=\"async\" width=\"720\" height=\"540\" data-id=\"1758\" src=\"https:\/\/taizyagromachine.com\/wp-content\/uploads\/2022\/01\/30tpd-rice-milling.jpg\" alt=\"Usine de rizerie 30tpj\" class=\"wp-image-1758\"\/><figcaption>Usine de rizerie 30tpj<\/figcaption><\/figure> <\/figure>","protected":false},"excerpt":{"rendered":"<p>20TPD rice milling plant\u00a0is processing the paddy rice into white rice, production of 20t per day. This is the basic type, including the feed hopper, elevator, destoner, rice huller, gravity separator, and rice miller. It\u2019s fully automatic rice milling plant, producing satisfied edible white rice. It\u2019s a basic production line for processing white rice, especially [&hellip;]<\/p>\n","protected":false},"author":1,"featured_media":2165,"parent":0,"template":"","tags":[49,35,56,37,57,48],"product-type":[18],"class_list":["post-1133","product","type-product","status-publish","has-post-thumbnail","hentry","tag-complete-rice-milling-plant","tag-rice-mill","tag-rice-mill-machine","tag-rice-mill-plant","tag-rice-milling-machine","tag-rice-milling-plant-for-sale","product-type-rice-mill"],"_links":{"self":[{"href":"https:\/\/taizyagromachine.com\/fr\/wp-json\/wp\/v2\/product\/1133","targetHints":{"allow":["GET"]}}],"collection":[{"href":"https:\/\/taizyagromachine.com\/fr\/wp-json\/wp\/v2\/product"}],"about":[{"href":"https:\/\/taizyagromachine.com\/fr\/wp-json\/wp\/v2\/types\/product"}],"author":[{"embeddable":true,"href":"https:\/\/taizyagromachine.com\/fr\/wp-json\/wp\/v2\/users\/1"}],"wp:featuredmedia":[{"embeddable":true,"href":"https:\/\/taizyagromachine.com\/fr\/wp-json\/wp\/v2\/media\/2165"}],"wp:attachment":[{"href":"https:\/\/taizyagromachine.com\/fr\/wp-json\/wp\/v2\/media?parent=1133"}],"wp:term":[{"taxonomy":"post_tag","embeddable":true,"href":"https:\/\/taizyagromachine.com\/fr\/wp-json\/wp\/v2\/tags?post=1133"},{"taxonomy":"product-type","embeddable":true,"href":"https:\/\/taizyagromachine.com\/fr\/wp-json\/wp\/v2\/product-type?post=1133"}],"curies":[{"name":"wp","href":"https:\/\/api.w.org\/{rel}","templated":true}]}}