{"id":1135,"date":"2021-12-02T03:26:04","date_gmt":"2021-12-02T03:26:04","guid":{"rendered":"https:\/\/taizyagromachine.com\/?p=1135"},"modified":"2022-11-22T10:32:14","modified_gmt":"2022-11-22T02:32:14","slug":"vegetable-seed-planter","status":"publish","type":"product","link":"https:\/\/taizyagromachine.com\/fr\/product\/vegetable-seed-planter\/","title":{"rendered":"Planteur de graines de l\u00e9gumes"},"content":{"rendered":"<p class=\"translation-block\">Le <strong>semoir de l\u00e9gumes<\/strong> est con\u00e7u pour semer diverses graines de l\u00e9gumes. Ses applications couvrent presque toutes sortes de graines de l\u00e9gumes, telles que les graines de betteraves, de choux fris\u00e9s, de brocolis, de moutarde, etc. Ce semoir de l\u00e9gumes a une structure tr\u00e8s simple, une utilisation facile et une longue dur\u00e9e de vie. De plus, c'est une machine de semis tr\u00e8s automatique. Mais une personne doit tenir la direction. Selon vos besoins, vous pouvez choisir les rangs que vous souhaitez. Nous pouvons \u00e9galement adapter les rangs de la machine en fonction de votre situation r\u00e9elle. Les rangs vont de 1 \u00e0 12. De plus, si vous achetez une machine de semis de l\u00e9gumes, vous pouvez choisir de mani\u00e8re flexible les rangs pour semer des graines de l\u00e9gumes. Ainsi, vous pouvez obtenir l'espacement que vous souhaitez. Contactez-nous pour plus de d\u00e9tails !<\/p>    <h2 class=\"wp-block-heading\" id=\"working-video-of-vegetable-seeder-machine\"><strong>Vid\u00e9o de travail de la planteuse de graines de l\u00e9gumes<\/strong>  <\/h2>    <figure class=\"wp-block-embed aligncenter is-type-video is-provider-youtube wp-block-embed-youtube\"><div class=\"wp-block-embed__wrapper\"> <iframe loading=\"lazy\" title=\"Planteuse de graines de l\u00e9gumes\" width=\"500\" height=\"281\" src=\"https:\/\/www.youtube.com\/embed\/PG3LXZ-K9Bw?feature=oembed\" frameborder=\"0\" allow=\"accelerometer; autoplay; clipboard-write; encrypted-media; gyroscope; picture-in-picture; web-share\" referrerpolicy=\"strict-origin-when-cross-origin\" allowfullscreen><\/iframe> <\/div><\/figure>    <h2 class=\"wp-block-heading\" id=\"structure-of-vegetable-seeder-for-sale\"><strong>Structure du planteur de semences de l\u00e9gumes \u00e0 vendre<\/strong><\/h2>    <p>Cette conception de machine de plantation de graines de l\u00e9gumes est tr\u00e8s conviviale pour les cultivateurs. Premi\u00e8rement, le moteur \u00e0 essence est disponible, fournissant l\u2019\u00e9nergie n\u00e9cessaire pour planter des graines de l\u00e9gumes. De plus, il suffit aux personnes de tenir l\u2019accoudoir pour contr\u00f4ler la direction. Et puis, la bo\u00eete \u00e0 outils est fix\u00e9e \u00e0 la machine. Le rouleau a pour fonction de niveler le sol.<\/p>   <div class=\"wp-block-image\"> <figure class=\"aligncenter size-full\"><img loading=\"lazy\" decoding=\"async\" width=\"720\" height=\"540\" src=\"https:\/\/taizyagromachine.com\/wp-content\/uploads\/2022\/01\/structure-of-vegetable-seed-planter.jpg\" alt=\"structure du semoir de graines de l\u00e9gumes\" class=\"wp-image-1711\"\/><figcaption class=\"wp-element-caption\">structure du semoir de l\u00e9gumes<\/figcaption><\/figure> <\/div>   <h2 class=\"wp-block-heading\" id=\"advantages-of-vegetable-seeding-machine\"><strong>Avantages du planteur de graines de l\u00e9gumes \u00e0 vendre<\/strong><\/h2>    <ul class=\"wp-block-list\" type=\"1\"> <li>Diff\u00e9rentes rang\u00e9es pour planter des graines de l\u00e9gumes. Les rang\u00e9es varient entre 1 et 12. Vous pouvez semer des graines en fonction de la situation de votre terrain.<\/li>    <li>Moteur \u00e0 essence. Ce moteur \u00e0 essence fournit l\u2019\u00e9nergie dont a besoin le planteur de semences de l\u00e9gumes.<\/li>    <li>Applications larges. Le semoir de l\u00e9gumes a une vari\u00e9t\u00e9 d'applications, telles que le c\u00e9leri, l'amarante, le bok choi, la roquette, le Yu choi, etc.<\/li>    <li>Un jeu de disques de semis pour toutes sortes de graines de l\u00e9gumes. Cet ensemble peut r\u00e9soudre tous vos probl\u00e8mes de semis de graines de l\u00e9gumes.<\/li>    <li>Op\u00e9ration simple. Une seule personne est en charge de la direction, et la machine peut alors tr\u00e8s bien tourner.<\/li>    <li>Semis flexible. Vous pouvez choisir les caisses de semis adapt\u00e9es dans l'espacement requis pour adapter vos besoins en terrain.<\/li> <\/ul>    <figure class=\"wp-block-gallery has-nested-images columns-default is-cropped wp-block-gallery-2 is-layout-flex wp-block-gallery-is-layout-flex\"> <figure class=\"wp-block-image size-large\"><img loading=\"lazy\" decoding=\"async\" width=\"1685\" height=\"1263\" data-id=\"1715\" src=\"https:\/\/taizyagromachine.com\/wp-content\/uploads\/2022\/01\/equipped-gasoline.jpg\" alt=\"essence \u00e9quip\u00e9e pour semoir de semences de l\u00e9gumes\" class=\"wp-image-1715\"\/><figcaption class=\"wp-element-caption\">essence \u00e9quip\u00e9e<\/figcaption><\/figure>    <figure class=\"wp-block-image size-large\"><img loading=\"lazy\" decoding=\"async\" width=\"720\" height=\"540\" data-id=\"1716\" src=\"https:\/\/taizyagromachine.com\/wp-content\/uploads\/2022\/01\/seeding-disc.jpg\" alt=\"disque de semis de semoir de graines de l\u00e9gumes\" class=\"wp-image-1716\"\/><figcaption class=\"wp-element-caption\">disque de semis<\/figcaption><\/figure> <\/figure>    <h2 class=\"wp-block-heading\" id=\"wide-applications\"><strong>Applications larges des planteurs de graines de l\u00e9gumes manuels<\/strong><\/h2>    <p class=\"translation-block\">Le semoir de l\u00e9gumes de <a href=\"https:\/\/taizyagromachine.com\/fr\/\" target=\"_blank\" rel=\"noreferrer noopener\">Taizy Company<\/a> a une immense gamme d'applications. Les graines de l\u00e9gumes sont, par exemple, les betteraves, le chou fris\u00e9, le brocoli, la moutarde, le c\u00e9leri, l'amarante, le Bok choi, la roquette, le Yu Choi, le chou de Taiwan, les \u00e9pinards, les blettes, les oignons nouveaux, les poireaux, la coriandre, le Kan Kong (ong Choi)(\u00e9pinard d'eau), le chou Napa, les carottes, les radis (types Daikin et asiatiques), le navet, etc. Tous les types de graines de l\u00e9gumes sont applicables \u00e0 cette machine de semis de l\u00e9gumes. Si vous n'\u00eates pas s\u00fbr, contactez-nous tr\u00e8s rapidement, nous pouvons vous proposer des solutions professionnelles.<\/p>   <div class=\"wp-block-image\"> <figure class=\"aligncenter size-full\"><img loading=\"lazy\" decoding=\"async\" width=\"2100\" height=\"500\" src=\"https:\/\/taizyagromachine.com\/wp-content\/uploads\/2022\/01\/wide-applications-of-vegetable-seeder.jpg\" alt=\"applications larges du semoir de l\u00e9gumes\" class=\"wp-image-1717\"\/><figcaption class=\"wp-element-caption\">applications larges du semoir de l\u00e9gumes<\/figcaption><\/figure> <\/div>   <h2 class=\"wp-block-heading\" id=\"differences-between-standard-configuration-and-high-configuration\"><strong>Diff\u00e9rences entre la configuration standard et la configuration \u00e9lev\u00e9e \u2013 Planteuse de semences de l\u00e9gumes \u00e0 pousser<\/strong><\/h2>    <p>La diff\u00e9rence fondamentale r\u00e9side dans la structure du planteur de graines de l\u00e9gumes portatif.<\/p>    <p class=\"translation-block\"><strong>Configuration standard<\/strong> : conception \u00e0 un arbre. Toutes les bo\u00eetes \u00e0 graines sont filet\u00e9es ensemble par un arbre.<\/p>    <p class=\"translation-block\"><strong>Configuration \u00e9lev\u00e9e<\/strong> : la bo\u00eete \u00e0 graines est install\u00e9e dans la position fixe, pratique \u00e0 d\u00e9monter.<\/p>    <p>Lorsque vous souhaitez remplacer le disque de semis pour planter diff\u00e9rentes graines, pour la configuration standard, vous devez retirer tout l'arbre, ce qui est plus g\u00eanant.<\/p>    <figure class=\"wp-block-gallery has-nested-images columns-default is-cropped wp-block-gallery-3 is-layout-flex wp-block-gallery-is-layout-flex\"> <figure class=\"wp-block-image size-large\"><img loading=\"lazy\" decoding=\"async\" width=\"720\" height=\"540\" data-id=\"1718\" src=\"https:\/\/taizyagromachine.com\/wp-content\/uploads\/2022\/01\/standard-configuration.jpg\" alt=\"configuration standard\" class=\"wp-image-1718\"\/><figcaption class=\"wp-element-caption\">configuration standard<\/figcaption><\/figure>    <figure class=\"wp-block-image size-large\"><img loading=\"lazy\" decoding=\"async\" width=\"720\" height=\"540\" data-id=\"1719\" src=\"https:\/\/taizyagromachine.com\/wp-content\/uploads\/2022\/01\/high-configuration.jpg\" alt=\"haute configuration\" class=\"wp-image-1719\"\/><figcaption class=\"wp-element-caption\">haute configuration<\/figcaption><\/figure> <\/figure>    <h2 class=\"wp-block-heading\" id=\"package-and-shipping\"><strong>Emballage et exp\u00e9dition de petits planteurs de semences de l\u00e9gumes commerciaux<\/strong><\/h2>    <p class=\"translation-block\">Cette machine de semis de l\u00e9gumes est \u00e9galement export\u00e9e vers des pays et r\u00e9gions \u00e9trangers. Non seulement cette machine, nous exportons \u00e9galement le <a href=\"https:\/\/cornmachines.com\/corn-planter-machine\/\" target=\"_blank\" rel=\"noreferrer noopener\">semoir de ma\u00efs<\/a>, le <a href=\"https:\/\/taizyagromachine.com\/fr\/wheat-planter\/\" target=\"_blank\" rel=\"noreferrer noopener\">semoir de bl\u00e9<\/a>, etc. Avant l'exportation, nous emballons la machine dans des caisses en bois. Pendant l'exp\u00e9dition, la machine peut \u00eatre prot\u00e9g\u00e9e, \u00e9vitant les chocs causant des dommages. &nbsp;<\/p>   <div class=\"wp-block-image\"> <figure class=\"aligncenter size-full\"><img loading=\"lazy\" decoding=\"async\" width=\"720\" height=\"540\" src=\"https:\/\/taizyagromachine.com\/wp-content\/uploads\/2022\/01\/packing-and-shipping-vegetable-seeder.jpg\" alt=\"emballage et exp\u00e9dition-semoir de l\u00e9gumes\" class=\"wp-image-1721\"\/><figcaption class=\"wp-element-caption\">emballage et exp\u00e9dition-semoir de l\u00e9gumes<\/figcaption><\/figure> <\/div>   <h2 class=\"wp-block-heading\"><strong>Param\u00e8tres techniques du semoir en rang\u00e9e de semences de l\u00e9gumes<\/strong><\/h2>    <figure class=\"wp-block-table\"><table><tbody><tr><td>Mod\u00e8le<\/td><td>SC-9<\/td><\/tr><tr><td>Lignes<\/td><td>1-14<\/td><\/tr><tr><td>Graines<\/td><td>\u00e9pinards, carottes, c\u00e9leri, etc.<\/td><\/tr><tr><td>Pouvoir<\/td><td>Moteur \u00e0 essence<\/td><\/tr><tr><td>Taille d'emballage<\/td><td>116*126*87cm<\/td><\/tr><tr><td>Poids<\/td><td>160 kg<\/td><\/tr><\/tbody><\/table><\/figure>","protected":false},"excerpt":{"rendered":"<p>Vegetable seed planter&nbsp;is designed for&nbsp;sowing various vegetable seeds. Its applications cover almost all kinds of vegetable seeds, such as beets seeds, kale seeds, broccoli seeds, mustard seeds, etc. This vegetable seed planter has very simple structure, easy operation, and long service life. Besides, it\u2019s a highly automatic sowing machine. But one person should hold the [&hellip;]<\/p>\n","protected":false},"author":1,"featured_media":2162,"parent":0,"template":"","tags":[],"product-type":[22],"class_list":["post-1135","product","type-product","status-publish","has-post-thumbnail","hentry","product-type-others"],"_links":{"self":[{"href":"https:\/\/taizyagromachine.com\/fr\/wp-json\/wp\/v2\/product\/1135","targetHints":{"allow":["GET"]}}],"collection":[{"href":"https:\/\/taizyagromachine.com\/fr\/wp-json\/wp\/v2\/product"}],"about":[{"href":"https:\/\/taizyagromachine.com\/fr\/wp-json\/wp\/v2\/types\/product"}],"author":[{"embeddable":true,"href":"https:\/\/taizyagromachine.com\/fr\/wp-json\/wp\/v2\/users\/1"}],"wp:featuredmedia":[{"embeddable":true,"href":"https:\/\/taizyagromachine.com\/fr\/wp-json\/wp\/v2\/media\/2162"}],"wp:attachment":[{"href":"https:\/\/taizyagromachine.com\/fr\/wp-json\/wp\/v2\/media?parent=1135"}],"wp:term":[{"taxonomy":"post_tag","embeddable":true,"href":"https:\/\/taizyagromachine.com\/fr\/wp-json\/wp\/v2\/tags?post=1135"},{"taxonomy":"product-type","embeddable":true,"href":"https:\/\/taizyagromachine.com\/fr\/wp-json\/wp\/v2\/product-type?post=1135"}],"curies":[{"name":"wp","href":"https:\/\/api.w.org\/{rel}","templated":true}]}}