{"id":1137,"date":"2021-12-02T01:28:02","date_gmt":"2021-12-02T01:28:02","guid":{"rendered":"https:\/\/taizyagromachine.com\/?p=1137"},"modified":"2025-01-02T13:56:04","modified_gmt":"2025-01-02T05:56:04","slug":"wheat-planter","status":"publish","type":"product","link":"https:\/\/taizyagromachine.com\/fr\/product\/wheat-planter\/","title":{"rendered":"Planteur de bl\u00e9"},"content":{"rendered":"<p class=\"translation-block\">Le <strong>semoir \u00e0 bl\u00e9<\/strong> est un semoir sp\u00e9cialement con\u00e7u pour le semis du <a href=\"https:\/\/en.wikipedia.org\/wiki\/Wheat\" target=\"_blank\" rel=\"noreferrer noopener\">bl\u00e9<\/a>. Ce semoir \u00e0 bl\u00e9 peut semer et fertiliser simultan\u00e9ment. Bien s\u00fbr, vous pouvez choisir uniquement le semis. Cela d\u00e9pend de vous. De plus, il convient pour semer du bl\u00e9, de la luzerne, des c\u00e9r\u00e9ales, de l'orge, du riz sec, du s\u00e9same, etc. La taille de la machine varie en fonction de la machine de semis de bl\u00e9 de diff\u00e9rentes rang\u00e9es. Elle doit fonctionner avec le tracteur pour accomplir automatiquement le travail de plantation du bl\u00e9. Mais comme chacun sait, cette machine est utilis\u00e9e dans un champ pr\u00e9par\u00e9. Si vous avez des doutes, veuillez nous contacter d\u00e8s que possible pour plus de d\u00e9tails !<\/p>    <h2 class=\"wp-block-heading\" id=\"h-wheat-planter-for-sale\"><strong>Planteur de bl\u00e9 \u00e0 vendre<\/strong><strong><\/strong><\/h2>    <p class=\"translation-block\">Chez <a href=\"https:\/\/taizyagromachine.com\/fr\/\" target=\"_blank\" rel=\"noreferrer noopener\">Taizy Machine Company<\/a>, nous fournissons divers types de semoirs \u00e0 bl\u00e9 \u00e0 vendre. Cette s\u00e9rie de machines 2BXF sont de nouveaux mod\u00e8les, installant une bo\u00eete de vitesses pour ajuster la quantit\u00e9 de d\u00e9charge. Les principaux types sont d\u00e9crits ci-dessous :<\/p>    <h3 class=\"wp-block-heading\" id=\"h-type-a\"><strong>Planteuse de bl\u00e9 2BFX-9 (9 rang\u00e9es) \u00e0 vendre<\/strong><\/h3>    <p>Ce type de semoir comporte 9 rangs pour semer le bl\u00e9. Il adapte l'attelage 3 points et est assorti au petit tracteur. Pendant l'op\u00e9ration, il peut niveler le champ, sillonner et couvrir le sol, etc.<\/p>   <div class=\"wp-block-image\"> <figure class=\"aligncenter size-full\"><img loading=\"lazy\" decoding=\"async\" width=\"720\" height=\"540\" src=\"https:\/\/taizyagromachine.com\/wp-content\/uploads\/2021\/12\/9-row-wheat-planting-machine.jpg\" alt=\"Semoir \u00e0 bl\u00e9 9 rangs\" class=\"wp-image-1731\"\/><figcaption class=\"wp-element-caption\">Semoir \u00e0 bl\u00e9 9 rangs<\/figcaption><\/figure> <\/div>   <h3 class=\"wp-block-heading\" id=\"h-type-b\"><strong> Planteuse de bl\u00e9 2BFX-12 (12 rang\u00e9es) \u00e0 vendre<\/strong><\/h3>    <p>La planteuse de bl\u00e9 dispose de 12 rangs pour travailler. Toutes les t\u00e2ches peuvent \u00eatre accomplies, y compris le nivellement, l'ouverture du sol, la fertilisation, l'ensemencement, le recouvrement et le pressage. Compar\u00e9 au 2BXF-9, celui-ci a une efficacit\u00e9 de travail plus \u00e9lev\u00e9e.<\/p>   <div class=\"wp-block-image\"> <figure class=\"aligncenter size-full\"><img loading=\"lazy\" decoding=\"async\" width=\"720\" height=\"540\" src=\"https:\/\/taizyagromachine.com\/wp-content\/uploads\/2022\/01\/12-row-wheat-seeder.jpg\" alt=\"Semoir de bl\u00e9 \u00e0 12 rangs\" class=\"wp-image-1732\"\/><figcaption class=\"wp-element-caption\">Semoir \u00e0 bl\u00e9 12 rangs<\/figcaption><\/figure> <\/div>   <h3 class=\"wp-block-heading\" id=\"h-type-c\"><strong>Planteuse de bl\u00e9 2BFX-20 (20 rang\u00e9es) \u00e0 vendre<\/strong><\/h3>    <p>Ce semoir \u00e0 bl\u00e9 dispose de 20 rangs pour r\u00e9aliser les travaux de semis. Il peut collaborer avec le tracteur correspondant, am\u00e9liorant consid\u00e9rablement l'efficacit\u00e9 de la culture.<\/p>   <div class=\"wp-block-image\"> <figure class=\"aligncenter size-full\"><img loading=\"lazy\" decoding=\"async\" width=\"720\" height=\"540\" src=\"https:\/\/taizyagromachine.com\/wp-content\/uploads\/2022\/01\/20-row-wheat-seeder.jpg\" alt=\"Planteuse de bl\u00e9 \u00e0 20 rangs\" class=\"wp-image-1734\"\/><figcaption class=\"wp-element-caption\">Semoir \u00e0 bl\u00e9 20 rangs<\/figcaption><\/figure> <\/div>   <h2 class=\"wp-block-heading\" id=\"h-advantages-of-wheat-planter-machine\"><strong>Avantages de la planteuse de bl\u00e9<\/strong><strong><\/strong><\/h2>    <ul class=\"wp-block-list\" type=\"1\"> <li>Plus pr\u00e9cis dans le taux de semis. Gr\u00e2ce au nouveau mod\u00e8le appliqu\u00e9, la machine peut semer le bl\u00e9 avec plus de pr\u00e9cision.<\/li>    <li>La nouvelle tr\u00e9mie d'engrais est en acier inoxydable. Son utilisation est donc plus durable et plus fiable.<\/li>    <li>Le semoir de bl\u00e9 est appliqu\u00e9 aux petits produits granulaires, tels que le bl\u00e9, le riz, la luzerne, l'orge, l'herbe, le riz sec, l'herbe, etc.<\/li>    <li>Cette machine peut \u00eatre fabriqu\u00e9e avec des rang\u00e9es de 6, 9, 12, 14, 16, 20.<\/li>    <li>Il adopte une connexion de suspension avec le tracteur, un attelage \u00e0 3 points.<\/li>    <li>Cette machine s\u00e8me et fertilise dans le m\u00eame sillon.<\/li> <\/ul>    <h2 class=\"wp-block-heading\" id=\"h-machine-details\"><strong>D\u00e9tails de la machine de semoir de bl\u00e9 Taizy<\/strong><\/h2>    <p>Comme le montre la photo ci-dessous, la premi\u00e8re partie montre que le sol est recouvert apr\u00e8s le semis. Un autre montre que l\u2019on peut voir clairement en semant.<\/p>   <div class=\"wp-block-image\"> <figure class=\"aligncenter size-full\"><img loading=\"lazy\" decoding=\"async\" width=\"720\" height=\"720\" src=\"https:\/\/taizyagromachine.com\/wp-content\/uploads\/2022\/01\/wheat-machine-details.jpg\" alt=\"d\u00e9tails de la machine \u00e0 bl\u00e9\" class=\"wp-image-1736\"\/><figcaption class=\"wp-element-caption\">d\u00e9tails de la machine \u00e0 bl\u00e9<\/figcaption><\/figure> <\/div>   <h2 class=\"wp-block-heading\" id=\"h-questions-you-will-ask\"><strong>Questions que vous vous poserez lors du choix d\u2019un semoir de bl\u00e9 <\/strong><\/h2>    <h3 class=\"wp-block-heading\" id=\"h-tractor-horsepower\"><strong>Puissance du tracteur<\/strong><\/h3>    <p>En raison des diff\u00e9rents semoirs de bl\u00e9, il doit correspondre au tracteur correspondant. Par exemple, un semoir de bl\u00e9 \u00e0 9 rangs travaille avec le petit tracteur, tandis que celui \u00e0 20 rangs a besoin d'un tracteur plus puissant.<\/p>    <h3 class=\"wp-block-heading\" id=\"h-planting-rows\"><strong>Planter des rang\u00e9es<\/strong><\/h3>    <p>Lorsque vous d\u00e9terminez les rang\u00e9es de plantation, vous pouvez alors d\u00e9cider des types de semoir de bl\u00e9. Des rang\u00e9es de 6, 9, 12, 14, 16 et 20 sont disponibles.<\/p>    <h3 class=\"wp-block-heading\" id=\"h-fertilizing-and-sowing-quantity\"><strong>Quantit\u00e9 de fertilisation et de semis<\/strong><\/h3>    <p>Ceci est \u00e9troitement li\u00e9 \u00e0 la machine \u00e9quip\u00e9e d\u2019engrais et de tr\u00e9mies \u00e0 semences. Lorsque vous utilisez cette machine, veillez \u00e0 ce que la quantit\u00e9 d'engrais corresponde \u00e0 la quantit\u00e9 de semis. Ils ont une certaine proportion. Si vous \u00eates confus, veuillez nous contacter pour obtenir de l'aide\u00a0!<\/p>    <h2 class=\"wp-block-heading\" id=\"h-maintenance-of-wheat-seed-drill\"><strong>Entretien du semoir de bl\u00e9<\/strong><strong><\/strong><\/h2>    <ol class=\"wp-block-list\" type=\"1\"> <li>Lorsque la machine roule sur route \u00e0 grande vitesse, le releveur du tracteur doit \u00eatre verrouill\u00e9 et il est strictement interdit de tirer la machine pour la conduire.<\/li>    <li>V\u00e9rifiez les attaches et les connecteurs avant de planter et serrez-les \u00e0 temps s'ils sont desserr\u00e9s.<\/li>    <li>Pendant l'op\u00e9ration, l'op\u00e9rateur doit suivre strictement les r\u00e8gles de s\u00e9curit\u00e9 pour r\u00e9duire l'usure inutile des machines-outils.<\/li>    <li>Apr\u00e8s chaque quart de travail, enlevez la terre de toutes les pi\u00e8ces de la machine.<\/li>    <li>Apr\u00e8s une utilisation trimestrielle, nettoyer et entretenir dans le temps. Nettoyez l'engrais, v\u00e9rifiez chaque pi\u00e8ce, puis ajoutez de l'huile anti-corrosion, enfin stockez-la dans l'entrep\u00f4t. &nbsp;<\/li> <\/ol>    <h2 class=\"wp-block-heading\" id=\"h-related-machines\"><strong>Machines associ\u00e9es<\/strong><strong><\/strong><\/h2>    <p class=\"translation-block\">En tant que soci\u00e9t\u00e9 professionnelle de machines agricoles, nous fournissons non seulement des machines de plantation de bl\u00e9 \u00e0 plusieurs rangs, mais aussi des semoirs \u00e0 ma\u00efs et des <a href=\"https:\/\/taizyagromachine.com\/fr\/others\/vegetable-seed-planter\/\" target=\"_blank\" rel=\"noreferrer noopener\">semoirs de l\u00e9gumes<\/a>. Si cela vous int\u00e9resse, bienvenue \u00e0 nous contacter \u00e0 tout moment.<\/p>    <figure class=\"wp-block-gallery aligncenter has-nested-images columns-default is-cropped wp-block-gallery-2 is-layout-flex wp-block-gallery-is-layout-flex\"> <figure class=\"wp-block-image size-large\"><img loading=\"lazy\" decoding=\"async\" width=\"720\" height=\"540\" data-id=\"1739\" src=\"https:\/\/taizyagromachine.com\/wp-content\/uploads\/2021\/12\/6-row-wheat-seeding-machine.jpg\" alt=\"Semoir de bl\u00e9 \u00e0 6 rangs\" class=\"wp-image-1739\"\/><figcaption class=\"wp-element-caption\">Semoir de bl\u00e9 \u00e0 6 rangs<\/figcaption><\/figure>    <figure class=\"wp-block-image size-large\"><img loading=\"lazy\" decoding=\"async\" width=\"720\" height=\"540\" data-id=\"1740\" src=\"https:\/\/taizyagromachine.com\/wp-content\/uploads\/2022\/01\/16-row-wheat-seeding-machine.jpg\" alt=\"Semoir de bl\u00e9 16 rangs\" class=\"wp-image-1740\"\/><figcaption class=\"wp-element-caption\">Semoir de bl\u00e9 16 rangs<\/figcaption><\/figure> <\/figure>","protected":false},"excerpt":{"rendered":"<p>Wheat planter&nbsp;is a seed drill specially for wheat sowing. This wheat seed drill can simultaneously seed and fertilize. Of course, you can choose only seeding. It depends on you. Besides, it is suitable for sowing wheat, alfalfa, grain, barley, dry-rice, sesame, etc. The machine size varies along with the wheat sowing machine of different rows. [&hellip;]<\/p>\n","protected":false},"author":1,"featured_media":2145,"parent":0,"template":"","tags":[],"product-type":[20],"class_list":["post-1137","product","type-product","status-publish","has-post-thumbnail","hentry","product-type-rice-and-wheat-machine"],"_links":{"self":[{"href":"https:\/\/taizyagromachine.com\/fr\/wp-json\/wp\/v2\/product\/1137","targetHints":{"allow":["GET"]}}],"collection":[{"href":"https:\/\/taizyagromachine.com\/fr\/wp-json\/wp\/v2\/product"}],"about":[{"href":"https:\/\/taizyagromachine.com\/fr\/wp-json\/wp\/v2\/types\/product"}],"author":[{"embeddable":true,"href":"https:\/\/taizyagromachine.com\/fr\/wp-json\/wp\/v2\/users\/1"}],"wp:featuredmedia":[{"embeddable":true,"href":"https:\/\/taizyagromachine.com\/fr\/wp-json\/wp\/v2\/media\/2145"}],"wp:attachment":[{"href":"https:\/\/taizyagromachine.com\/fr\/wp-json\/wp\/v2\/media?parent=1137"}],"wp:term":[{"taxonomy":"post_tag","embeddable":true,"href":"https:\/\/taizyagromachine.com\/fr\/wp-json\/wp\/v2\/tags?post=1137"},{"taxonomy":"product-type","embeddable":true,"href":"https:\/\/taizyagromachine.com\/fr\/wp-json\/wp\/v2\/product-type?post=1137"}],"curies":[{"name":"wp","href":"https:\/\/api.w.org\/{rel}","templated":true}]}}