{"id":1217,"date":"2021-12-04T01:18:15","date_gmt":"2021-12-04T01:18:15","guid":{"rendered":"https:\/\/taizyagromachine.com\/?p=1217"},"modified":"2022-09-29T13:59:15","modified_gmt":"2022-09-29T05:59:15","slug":"15tpd-rice-mill-plant-with-package","status":"publish","type":"product","link":"https:\/\/taizyagromachine.com\/fr\/product\/15tpd-rice-mill-plant-with-package\/","title":{"rendered":"Usine de rizerie 15TPD avec emballage"},"content":{"rendered":"<p class=\"translation-block\"><strong>Usine de moulin \u00e0 riz 15TPD avec package<\/strong> int\u00e8gre le d\u00e9noyautage, le d\u00e9corticage du riz, la s\u00e9paration du riz paddy, le premier broyage du riz, le deuxi\u00e8me broyage du riz, le tri du riz blanc et l'emballage. \u00c0 partir de ce processus, il est clairement constat\u00e9 que le riz paddy est broy\u00e9 deux fois. Ainsi, vous pouvez obtenir du riz de haute qualit\u00e9. De plus, c'est une ligne de production de moulin \u00e0 riz compl\u00e8te, \u00e9conomisant du travail et du temps. En outre, elle pr\u00e9sente une efficacit\u00e9 de travail \u00e9lev\u00e9e. Pour cette usine de moulin \u00e0 riz, sa capacit\u00e9 est de 15 tonnes par jour, 600-700 kg par heure. Elle peut satisfaire vos exigences commerciales. N'h\u00e9sitez pas \u00e0 nous contacter, nous vous r\u00e9pondrons tr\u00e8s bient\u00f4t !<\/p>    <h2 class=\"wp-block-heading\" id=\"h-structure-of-automatic-rice-mill-machine-for-sale\"><strong>Structure de l'usine de rizerie automatique avec emballage<\/strong><\/h2>    <p class=\"translation-block\"><a href=\"https:\/\/taizyagromachine.com\/fr\/product\/15tpd-rice-mill-plant\/\" target=\"_blank\" rel=\"noreferrer noopener\">L'usine de moulin \u00e0 riz 15TPD<\/a> se compose d'un d\u00e9noyeur, d'un <a href=\"https:\/\/en.wikipedia.org\/wiki\/Rice_huller\" target=\"_blank\" rel=\"noreferrer noopener\">d\u00e9cortiqueur de riz<\/a>, d'un s\u00e9parateur de riz paddy, d'un premier broyeur de riz, d'un deuxi\u00e8me broyeur de riz, d'un grade de riz blanc, et d'une machine d'emballage.<\/p>   <div class=\"wp-block-image\"> <figure class=\"aligncenter size-full\"><img loading=\"lazy\" decoding=\"async\" width=\"720\" height=\"540\" src=\"https:\/\/taizyagromachine.com\/wp-content\/uploads\/2022\/01\/structure-15tpd-with-package.jpg\" alt=\"structure\" class=\"wp-image-1775\"\/><figcaption>structure<\/figcaption><\/figure> <\/div>   <h2 class=\"wp-block-heading\" id=\"h-which-place-is-applicable\"><strong>Quel endroit est applicable pour l\u2019usine de rizerie avec emballage\u00a0?<\/strong><\/h2>    <ol class=\"wp-block-list\" type=\"1\"><li>Station de distribution de riz<\/li><li>Fermes<\/li><li>Usine de riz<\/li><li>Travailleurs ind\u00e9pendants<\/li><\/ol>    <h2 class=\"wp-block-heading\" id=\"h-advantages-of-15t-integrated-rice-mill-plant\"><strong>Avantages de l'usine de rizerie int\u00e9gr\u00e9e de 15 tonnes avec emballage<\/strong><\/h2>    <ul class=\"wp-block-list\" type=\"1\"><li>Structure compacte, aspect attrayant, taille appropri\u00e9e.<\/li><li>Super qualit\u00e9, performances stables, faible entretien.<\/li><li>Op\u00e9ration facile, haut degr\u00e9 d\u2019automatisation.<\/li><li>Rendement \u00e9lev\u00e9, pas de pollution.<\/li><li>Vitesse \u00e9lev\u00e9e de rupture des coquilles, faibles vibrations de l'ensemble de la machine, production de riz rapide.<\/li><\/ul>    <h2 class=\"wp-block-heading\" id=\"h-work-flow\"><strong>Flux de travail de l'usine de rizerie avec package <\/strong><\/h2>    <p>Cette usine de rizerie 15TPD avec package fonctionne comme suit\u00a0:<\/p>    <ol class=\"wp-block-list\" type=\"1\"><li>Introduisez le riz paddy dans la tr\u00e9mie\u00a0;<\/li><li>Ensuite, le riz paddy arrive \u00e0 l\u2019\u00e9pierreuse. Le souffleur chasse les impuret\u00e9s l\u00e9g\u00e8res. \u00c0 travers le grillage, les pierres parmi le riz paddy sortent.<\/li><li>Et puis, le riz paddy arrive \u00e0 la d\u00e9cortiqueuse de riz via le double \u00e9l\u00e9vateur. La d\u00e9cortiqueuse de riz a pour fonction d'enlever la coque du riz paddy.<\/li><li>Le riz paddy d\u00e9cortiqu\u00e9 atteint le s\u00e9parateur de riz paddy. Divisez-le en trois sortes\u00a0: le riz brun, le riz brun et le riz paddy et le riz paddy. Le riz brun arrive directement \u00e0 la machine \u00e0 riz. Tandis que le riz brun et le riz paddy reviennent au s\u00e9parateur par le double \u00e9l\u00e9vateur. Enfin, le riz paddy va directement \u00e0 la d\u00e9cortiqueuse de riz.<\/li><li>La machine \u00e0 riz broie le riz brun en riz blanc. C\u2019est aussi le premier moulin \u00e0 riz.<\/li><li>Ensuite, le deuxi\u00e8me moulin \u00e0 riz d\u00e9marre, pour le polissage du riz et l'obtention d'un riz blanc de haute qualit\u00e9.<\/li><li>La calibreuse de riz blanc sert \u00e0 classer le riz blanc entier et le riz blanc cass\u00e9.<\/li><li>Enfin, le riz blanc entier est conditionn\u00e9 en sacs par la machine de conditionnement, allant de 5kg \u00e0 50kg.<\/li><\/ol>   <div class=\"wp-block-image\"> <figure class=\"aligncenter size-full\"><img loading=\"lazy\" decoding=\"async\" width=\"720\" height=\"320\" src=\"https:\/\/taizyagromachine.com\/wp-content\/uploads\/2022\/01\/working-scene-15tpd.jpg\" alt=\"sc\u00e8ne de travail\" class=\"wp-image-1777\"\/><figcaption>sc\u00e8ne de travail<\/figcaption><\/figure> <\/div>   <h2 class=\"wp-block-heading\" id=\"h-services-you-will-enjoy\"><strong>Des services que vous appr\u00e9cierez<\/strong><strong><\/strong><\/h2>    <ol class=\"wp-block-list\" type=\"1\"><li>Accompagnement des connaissances professionnelles.<\/li><li>Support technique en temps opportun.<\/li><li>Service apr\u00e8s-vente.<\/li><li>Vid\u00e9o et conseils en ligne.<\/li><li>Personnalisation. Selon vos m\u00e9tiers, nous vous proposons les solutions les plus adapt\u00e9es.<\/li><\/ol>    <h2 class=\"wp-block-heading\" id=\"h-why-choose-us\"><strong>Pourquoi nous choisir?<\/strong><strong><\/strong><\/h2>    <p class=\"translation-block\">Dans <a href=\"https:\/\/taizyagromachine.com\/fr\/\" target=\"_blank\" rel=\"noreferrer noopener\">la soci\u00e9t\u00e9 Taizy<\/a>, nous fournissons non seulement l'usine de moulin \u00e0 riz 15tpd avec le package, mais aussi d'autres types d'usines de moulin \u00e0 riz. Comme l'usine de moulin \u00e0 riz 20TPD, la ligne de production de l'usine de moulin \u00e0 riz 18t, etc. Compar\u00e9 \u00e0 d'autres fabricants et fournisseurs, nous avons des forces uniques par rapport \u00e0 d'autres fabricants et fournisseurs.<\/p>    <ol class=\"wp-block-list\" type=\"1\"><li>Une exp\u00e9rience riche. Nous sommes profond\u00e9ment impliqu\u00e9s dans la machine agricole depuis plus de plusieurs d\u00e9cennies.<\/li><li>Diff\u00e9rents types de moulin \u00e0 riz. Nous disposons \u00e9galement de rizeries de diff\u00e9rentes capacit\u00e9s.<\/li><li>Export\u00e9 vers plus de 80 pays et r\u00e9gions. Nos machines sont arriv\u00e9es au Nigeria, au Burkina Faso, au Vietnam, en Malaisie, au Kenya, au Br\u00e9sil, \u00e0 Madagascar, au P\u00e9rou, etc.<\/li><\/ol>   <div class=\"wp-block-image\"> <figure class=\"aligncenter size-full\"><img loading=\"lazy\" decoding=\"async\" width=\"720\" height=\"400\" src=\"https:\/\/taizyagromachine.com\/wp-content\/uploads\/2022\/01\/factory-display.jpg\" alt=\"affichage d&#039;usine\" class=\"wp-image-1778\"\/><figcaption>affichage d'usine<\/figcaption><\/figure> <\/div>","protected":false},"excerpt":{"rendered":"<p>15TPD rice mill plant with package\u00a0integrates destoning, rice hulling, paddy rice separating, first rice milling, second rice milling, white rice grading, and packaging. From this process, it\u2019s clearly found that the paddy rice is milled twice. So, you can get high-quality rice. Besides, it\u2019s a complete rice milling production line, saving labor and time. Moreover, [&hellip;]<\/p>\n","protected":false},"author":1,"featured_media":1774,"parent":0,"template":"","tags":[51,50,52,35,37,38],"product-type":[18],"class_list":["post-1217","product","type-product","status-publish","has-post-thumbnail","hentry","tag-automatic-rice-mill-machine-for-sale","tag-integrated-rice-mill-plant","tag-package-machine","tag-rice-mill","tag-rice-mill-plant","tag-rice-mill-production-line","product-type-rice-mill"],"_links":{"self":[{"href":"https:\/\/taizyagromachine.com\/fr\/wp-json\/wp\/v2\/product\/1217","targetHints":{"allow":["GET"]}}],"collection":[{"href":"https:\/\/taizyagromachine.com\/fr\/wp-json\/wp\/v2\/product"}],"about":[{"href":"https:\/\/taizyagromachine.com\/fr\/wp-json\/wp\/v2\/types\/product"}],"author":[{"embeddable":true,"href":"https:\/\/taizyagromachine.com\/fr\/wp-json\/wp\/v2\/users\/1"}],"wp:featuredmedia":[{"embeddable":true,"href":"https:\/\/taizyagromachine.com\/fr\/wp-json\/wp\/v2\/media\/1774"}],"wp:attachment":[{"href":"https:\/\/taizyagromachine.com\/fr\/wp-json\/wp\/v2\/media?parent=1217"}],"wp:term":[{"taxonomy":"post_tag","embeddable":true,"href":"https:\/\/taizyagromachine.com\/fr\/wp-json\/wp\/v2\/tags?post=1217"},{"taxonomy":"product-type","embeddable":true,"href":"https:\/\/taizyagromachine.com\/fr\/wp-json\/wp\/v2\/product-type?post=1217"}],"curies":[{"name":"wp","href":"https:\/\/api.w.org\/{rel}","templated":true}]}}