{"id":1274,"date":"2021-12-04T07:34:00","date_gmt":"2021-12-04T07:34:00","guid":{"rendered":"https:\/\/taizyagromachine.com\/?p=1274"},"modified":"2022-12-16T18:00:22","modified_gmt":"2022-12-16T10:00:22","slug":"3-cylinder-hydraulic-silage-baler","status":"publish","type":"product","link":"https:\/\/taizyagromachine.com\/fr\/product\/3-cylinder-hydraulic-silage-baler\/","title":{"rendered":"Presse \u00e0 balles d'ensilage hydraulique \u00e0 3 cylindres"},"content":{"rendered":"<p class=\"translation-block\"><strong>Presse \u00e0 balles hydraulique \u00e0 3 cylindres pour ensilage<\/strong>\u00a0fonctionne pour compacter, regrouper et emballer le foin en paille sous forme carr\u00e9e. D'apr\u00e8s son nom, elle poss\u00e8de 3 cylindres hydrauliques pour effectuer les travaux de mise en balle. Mais pour l'alimentation \u00e9lectrique, cette presse hydraulique n'utilise qu'un moteur \u00e9lectrique. De plus, la puissance du moteur \u00e9lectrique est de 22 kW. De m\u00eame, la taille de la balle est identique \u00e0 celle de la <a href=\"https:\/\/silagebaler.com\/double-cylinder-hydraulic-silage-baler\/\" target=\"_blank\" rel=\"noreferrer noopener\">presse hydraulique \u00e0 double cylindre pour ensilage<\/a>, 700*400*300 mm. <\/p>    <p class=\"translation-block\">De plus, les clients utilisent toujours des sacs PE et PP pour emballer les pailles mises en balle. C'est pourquoi elles se conservent plus longtemps. Cette <a href=\"https:\/\/taizyagromachine.com\/fr\/silage-machine\/silage-baler-50-type\/\" target=\"_blank\" rel=\"noreferrer noopener\">presse \u00e0 balles pour ensilage<\/a> est un bon partenaire pour ceux qui g\u00e8rent des fermes, des usines d'aliments du b\u00e9tail, ainsi que des p\u00e2turages, etc. Au plaisir de recevoir votre demande !<\/p>    <h2 class=\"wp-block-heading\" id=\"h-structure-of-3-cylinder-hydraulic-baler-for-sale\"><strong>Structure de la presse hydraulique \u00e0 3 cylindres \u00e0 vendre<\/strong><\/h2>    <p>En tant que fabricant et fournisseur professionnel de machines d'ensilage, nous fabriquons la machine \u00e0 balles de foin \u00e0 3 cylindres avec un superbe design et une apparence attrayante. Il comprend le moteur, l'armoire de commande, le r\u00e9servoir d'huile, l'entr\u00e9e et la sortie. En fait, la structure est tr\u00e8s facile \u00e0 comprendre, le point cl\u00e9 est d'\u00eatre clair avec chaque fonction des pi\u00e8ces lors de l'utilisation de la presse \u00e0 ensilage hydraulique.<\/p>   <div class=\"wp-block-image\"> <figure class=\"aligncenter size-full\"><img loading=\"lazy\" decoding=\"async\" width=\"720\" height=\"540\" src=\"https:\/\/taizyagromachine.com\/wp-content\/uploads\/2022\/01\/structure-3-cylinder-hydraulic-baler.jpg\" alt=\"presse-hydraulique-\u00e0-structure-3-cylindres\" class=\"wp-image-1697\"\/><figcaption class=\"wp-element-caption\">presse hydraulique \u00e0 structure 3 cylindres<\/figcaption><\/figure> <\/div>  <div class=\"wp-block-image\"> <figure class=\"aligncenter size-full\"><img loading=\"lazy\" decoding=\"async\" width=\"720\" height=\"540\" src=\"https:\/\/taizyagromachine.com\/wp-content\/uploads\/2022\/01\/structure-3-cylinder-hydraulic-baling-machine.jpg\" alt=\"structure-3-cylindres-presse-hydraulique-machine\" class=\"wp-image-1698\"\/><figcaption class=\"wp-element-caption\">Presse \u00e0 balles hydraulique \u00e0 structure 3 cylindres<\/figcaption><\/figure> <\/div>   <h2 class=\"wp-block-heading\" id=\"h-advantages-of-hydraulic-hay-baler\"><strong>Avantages de la presse \u00e0 foin hydraulique<\/strong><strong><\/strong><\/h2>    <ul class=\"wp-block-list\" type=\"1\"> <li>Applications larges. Cette presse \u00e0 ensilage hydraulique \u00e0 3 cylindres peut presser presque tous les types de paille, comme la paille de ma\u00efs, l'ensilage, les tiges de ma\u00efs, le foin, l'herbe, le sorgho, la paille de bl\u00e9, etc.\u00a0<\/li>    <li>Haute efficacit\u00e9 de travail. Parce qu'il peut mettre en balles 120 \u00e0 180 paquets par heure.<\/li>    <li>Enti\u00e8rement automatique. Cette presse \u00e0 balles hydraulique effectue automatiquement le compactage, le regroupement et la mise en balles en un seul processus.<\/li>    <li>Mat\u00e9riau r\u00e9sistant. Il adopte de l'acier au carbone, r\u00e9sistant \u00e0 l'usure.<\/li>    <li>Longue p\u00e9riode de stockage. Naturellement, cela peut durer 3 ans.<\/li> <\/ul>    <h2 class=\"wp-block-heading\" id=\"h-materials-to-be-baled\"><strong>Mat\u00e9riaux \u00e0 mettre en balles par la presse \u00e0 ensilage<\/strong><\/h2>    <p>G\u00e9n\u00e9ralement, cette presse \u00e0 ensilage hydraulique \u00e0 3 cylindres peut traiter de la paille, du foin, des tiges de ma\u00efs, du sorgho, ainsi que de la paille de bl\u00e9, etc. Bien entendu, ce qui pr\u00e9c\u00e8de est inclus, mais sans s'y limiter. Si vous avez des doutes sur certains mat\u00e9riaux que vous n\u2019aviez pas rencontr\u00e9s auparavant, vous pouvez nous contacter pour les classifications !<\/p>   <div class=\"wp-block-image\"> <figure class=\"aligncenter size-full\"><img loading=\"lazy\" decoding=\"async\" width=\"720\" height=\"540\" src=\"https:\/\/taizyagromachine.com\/wp-content\/uploads\/2022\/01\/materials.jpg\" alt=\"mat\u00e9riaux en balles\" class=\"wp-image-1700\"\/><figcaption class=\"wp-element-caption\">mat\u00e9riaux en balles<\/figcaption><\/figure> <\/div>   <h2 class=\"wp-block-heading\" id=\"h-applicable-animals\"><strong>Race d'animaux applicables par ensilage <\/strong><\/h2>    <p>Cette presse \u00e0 ensilage hydraulique \u00e0 3 cylindres est principalement utilis\u00e9e pour le stockage d'ensilage dont le but est de nourrir divers animaux et peut aider les grands \u00e9levages. De mani\u00e8re g\u00e9n\u00e9rale, ces ensilages peuvent \u00eatre utilis\u00e9s pour nourrir des bovins, des chevaux, des moutons, des lapins, etc. L'ensilage peut \u00eatre utilis\u00e9 \u00e0 condition que les animaux soient herbivores.<\/p>   <div class=\"wp-block-image\"> <figure class=\"aligncenter size-full\"><img loading=\"lazy\" decoding=\"async\" width=\"720\" height=\"540\" src=\"https:\/\/taizyagromachine.com\/wp-content\/uploads\/2022\/01\/application-range.jpg\" alt=\"animaux applicables\" class=\"wp-image-1702\"\/><figcaption class=\"wp-element-caption\">animaux applicables<\/figcaption><\/figure> <\/div>   <h2 class=\"wp-block-heading\" id=\"h-finished-products\"><strong>Produits finis par presse \u00e0 ensilage hydraulique \u00e0 3 cylindres<\/strong><\/h2>    <p>Cette presse \u00e0 balles d'ensilage hydraulique \u00e0 3 cylindres est capable de mettre l'ensilage en balles dans des formes carr\u00e9es. Les produits finis sont g\u00e9n\u00e9ralement stock\u00e9s dans des sacs PE\/PP. L\u2019objectif principal de l\u2019utilisation de ces sacs pour le conditionnement de l\u2019ensilage est de prot\u00e9ger l\u2019ensilage de l\u2019humidit\u00e9 et des moisissures. De plus, ces types de balles permettent un stockage \u00e0 long terme de l'ensilage, conform\u00e9ment \u00e0 l'intention initiale de l'agriculteur de le stocker.<\/p>   <div class=\"wp-block-image\"> <figure class=\"aligncenter size-full\"><img loading=\"lazy\" decoding=\"async\" width=\"638\" height=\"478\" src=\"https:\/\/taizyagromachine.com\/wp-content\/uploads\/2022\/01\/finished-products-3-cylinder.jpg\" alt=\"produits finis\" class=\"wp-image-1703\"\/><figcaption class=\"wp-element-caption\">produits finis<\/figcaption><\/figure> <\/div>   <h2 class=\"wp-block-heading\" id=\"h-necessary-equipment\"><strong>\u00c9quipement n\u00e9cessaire pour la presse \u00e0 ensilage hydraulique \u00e0 3 cylindres <\/strong><\/h2>    <p class=\"translation-block\">Si vous achetez la presse hydraulique aupr\u00e8s de la <a href=\"https:\/\/taizyagromachine.com\/fr\/\" target=\"_blank\" rel=\"noreferrer noopener\">soci\u00e9t\u00e9 Taizy<\/a>, de notre point de vue professionnel, nous vous recommandons d'acheter \u00e9galement le broyeur et le convoyeur. En effet :<\/p>    <ol class=\"wp-block-list\" type=\"1\"> <li>Cette presse \u00e0 balles hydraulique \u00e0 3 cylindres est si haute qu\u2019il est tr\u00e8s difficile pour les ouvriers de mettre l\u2019herbe.<\/li>    <li>La presse hydraulique a \u00e9galement un rendement tr\u00e8s \u00e9lev\u00e9. Ainsi, seule l\u2019alimentation manuelle permet difficilement de r\u00e9pondre \u00e0 ses besoins.<\/li> <\/ol>   <div class=\"wp-block-image\"> <figure class=\"aligncenter size-full\"><img loading=\"lazy\" decoding=\"async\" width=\"720\" height=\"540\" src=\"https:\/\/taizyagromachine.com\/wp-content\/uploads\/2022\/01\/crusher-and-conveyor.jpg\" alt=\"concasseur et convoyeur\" class=\"wp-image-1705\"\/><figcaption class=\"wp-element-caption\">concasseur et convoyeur<\/figcaption><\/figure> <\/div>   <h2 class=\"wp-block-heading\" id=\"h-similarities-differences-of-hydraulic-press-baler\"><strong>Similitudes et diff\u00e9rences entre les presses \u00e0 ensilage hydrauliques<\/strong><\/h2>    <p>D'une mani\u00e8re g\u00e9n\u00e9rale, dans notre soci\u00e9t\u00e9 Taizy, la presse \u00e0 balles d'ensilage hydraulique est \u00e9quip\u00e9e de 2 cylindres et de 3 cylindres. En comparaison, il existe certaines similitudes et diff\u00e9rences. Passons \u00e0 cela pour \u00eatre clair.<\/p>    <h3 class=\"wp-block-heading\" id=\"h-similarities\"><strong>Similitudes de la presse \u00e0 foin hydraulique<\/strong><\/h3>    <ol class=\"wp-block-list\" type=\"1\"> <li>Forme de balle. Les deux balles forment des formes carr\u00e9es.<\/li>    <li>Taille des balles. La taille est \u00e9galement la m\u00eame, 700*400*300 mm.<\/li> <\/ol>    <h3 class=\"wp-block-heading\" id=\"h-differences\"><strong>Diff\u00e9rences de 2\/3 cylindres hydrauliques <strong>Ensilage<\/strong> Presse \u00e0 balles<\/strong><\/h3>    <ol class=\"wp-block-list\" type=\"1\"> <li>Pouvoir. La presse hydraulique \u00e0 ensilage \u00e0 double cylindre a une alternative au moteur diesel et au moteur \u00e9lectrique, mais le 3 cylindres n'a qu'un moteur \u00e9lectrique disponible.<\/li>    <li>Sortir. Le double cylindre peut produire 100 \u00e0 120 sacs par heure tandis que 3 cylindres peuvent mettre en balles 120 \u00e0 180 sacs par heure.<\/li> <\/ol>    <h2 class=\"wp-block-heading\"><strong>Vid\u00e9o de travail de la presse \u00e0 balles d'ensilage hydraulique<\/strong><\/h2>    <figure class=\"wp-block-embed is-type-video is-provider-youtube wp-block-embed-youtube wp-embed-aspect-16-9 wp-has-aspect-ratio\"><div class=\"wp-block-embed__wrapper\"> <iframe loading=\"lazy\" title=\"Presse \u00e0 balles d&#039;ensilage hydraulique pour mise en balles d&#039;ensilage carr\u00e9es - Machines d&#039;emballage d&#039;ensilage #silage\" width=\"500\" height=\"281\" src=\"https:\/\/www.youtube.com\/embed\/hkYSZuUMRCA?feature=oembed\" frameborder=\"0\" allow=\"accelerometer; autoplay; clipboard-write; encrypted-media; gyroscope; picture-in-picture; web-share\" referrerpolicy=\"strict-origin-when-cross-origin\" allowfullscreen><\/iframe> <\/div><\/figure>","protected":false},"excerpt":{"rendered":"<p>3 cylinder hydraulic silage baler\u00a0functions to compact, bundle, and pack hay straw into square shapes. From its name, it has 3 hydraulic cylinders to carry out the baling works. But for the power supply, this hydraulic press baler only utilizes the electric motor. Besides, the power of the electric motor is 22kW. Also, the bale [&hellip;]<\/p>\n","protected":false},"author":1,"featured_media":2146,"parent":0,"template":"","tags":[76,78,77,75],"product-type":[19],"class_list":["post-1274","product","type-product","status-publish","has-post-thumbnail","hentry","tag-hydraulic-silage-baler","tag-silage-baler-machine","tag-silage-baling-machine","tag-silage-machine","product-type-silage-machine"],"_links":{"self":[{"href":"https:\/\/taizyagromachine.com\/fr\/wp-json\/wp\/v2\/product\/1274","targetHints":{"allow":["GET"]}}],"collection":[{"href":"https:\/\/taizyagromachine.com\/fr\/wp-json\/wp\/v2\/product"}],"about":[{"href":"https:\/\/taizyagromachine.com\/fr\/wp-json\/wp\/v2\/types\/product"}],"author":[{"embeddable":true,"href":"https:\/\/taizyagromachine.com\/fr\/wp-json\/wp\/v2\/users\/1"}],"wp:featuredmedia":[{"embeddable":true,"href":"https:\/\/taizyagromachine.com\/fr\/wp-json\/wp\/v2\/media\/2146"}],"wp:attachment":[{"href":"https:\/\/taizyagromachine.com\/fr\/wp-json\/wp\/v2\/media?parent=1274"}],"wp:term":[{"taxonomy":"post_tag","embeddable":true,"href":"https:\/\/taizyagromachine.com\/fr\/wp-json\/wp\/v2\/tags?post=1274"},{"taxonomy":"product-type","embeddable":true,"href":"https:\/\/taizyagromachine.com\/fr\/wp-json\/wp\/v2\/product-type?post=1274"}],"curies":[{"name":"wp","href":"https:\/\/api.w.org\/{rel}","templated":true}]}}