{"id":1447,"date":"2021-12-07T07:35:01","date_gmt":"2021-12-07T07:35:01","guid":{"rendered":"https:\/\/taizyagromachine.com\/?p=1447"},"modified":"2022-09-29T09:26:12","modified_gmt":"2022-09-29T01:26:12","slug":"30tpd-rice-mill-production-line","status":"publish","type":"product","link":"https:\/\/taizyagromachine.com\/fr\/product\/30tpd-rice-mill-production-line\/","title":{"rendered":"Ligne de production de rizerie 30TPD"},"content":{"rendered":"<p class=\"translation-block\"><strong>La ligne de production de moulin \u00e0 riz 30TPD<\/strong> est une ligne de production \u00e0 grande capacit\u00e9 pour le broyage du riz. Cette usine de moulin \u00e0 riz a une capacit\u00e9 de 30t par jour. De plus, c'est une <a href=\"https:\/\/taizyagromachine.com\/fr\/product\/solutions\/\" target=\"_blank\" rel=\"noreferrer noopener\">ligne de production enti\u00e8rement automatique<\/a>, \u00e9conomisant main-d'\u0153uvre et temps. Elle dispose \u00e9galement de deux niveaux de plateformes : le sup\u00e9rieur est destin\u00e9 \u00e0 la v\u00e9rification et \u00e0 l'entretien, le inf\u00e9rieur est destin\u00e9 au travail. En m\u00eame temps, elle a une haute efficacit\u00e9 de travail, ce qui peut satisfaire vos diverses exigences commerciales. Mais vous devez faire attention au fait que cette ligne de production compl\u00e8te de moulin \u00e0 riz 30tdp a deux ou trois machines \u00e0 riz. Cela d\u00e9pend de vos besoins. Selon l'\u00e9chelle de votre usine de riz, vous pouvez choisir de mani\u00e8re flexible. Cette usine de moulin \u00e0 riz peut b\u00e9n\u00e9ficier \u00e0 votre entreprise car elle vous aide \u00e0 obtenir du riz plus blanc et de meilleure qualit\u00e9 \u00e0 vendre. Avez-vous besoin d'une pour faciliter votre entreprise ? Veuillez nous contacter pour plus d'informations !<\/p>   <div class=\"wp-block-image\"> <figure class=\"aligncenter size-full\"><img loading=\"lazy\" decoding=\"async\" width=\"720\" height=\"540\" src=\"https:\/\/taizyagromachine.com\/wp-content\/uploads\/2022\/02\/30tpd-rice-mill-production-line.jpg\" alt=\"Ligne de production de moulin \u00e0 riz 30tpj\" class=\"wp-image-1936\" srcset=\"https:\/\/taizyagromachine.com\/wp-content\/uploads\/2022\/02\/30tpd-rice-mill-production-line.jpg 720w, https:\/\/taizyagromachine.com\/wp-content\/uploads\/2022\/02\/30tpd-rice-mill-production-line-300x225.jpg 300w\" sizes=\"auto, (max-width: 720px) 100vw, 720px\" \/><figcaption>Ligne de production de moulin \u00e0 riz 30tpj<\/figcaption><\/figure> <\/div>   <h2 class=\"wp-block-heading\" id=\"structure-of-30t-rice-mill-plant-for-sale\"><strong>Structure d'une usine de rizerie de 30 tonnes \u00e0 vendre<\/strong><strong><\/strong><\/h2>    <p class=\"translation-block\">Nettoyeur combin\u00e9, d\u00e9stoneur, d\u00e9cortiqueuse \u00e0 riz, <a href=\"https:\/\/taizyagromachine.com\/fr\/product\/gravity-paddy-separator\/\" target=\"_blank\" rel=\"noreferrer noopener\">s\u00e9parateur de riz paddy<\/a>, premi\u00e8re machine \u00e0 riz, deuxi\u00e8me machine \u00e0 riz, troisi\u00e8me machine \u00e0 riz, classeur de riz blanc, polisseur de riz, <a href=\"https:\/\/en.wikipedia.org\/wiki\/Colour_sorter\" target=\"_blank\" rel=\"noreferrer noopener\">trieur de couleur<\/a>, machine d'emballage<\/p>   <div class=\"wp-block-image\"> <figure class=\"aligncenter size-full\"><img loading=\"lazy\" decoding=\"async\" width=\"720\" height=\"450\" src=\"https:\/\/taizyagromachine.com\/wp-content\/uploads\/2022\/02\/structure-30tpd-production-line.jpg\" alt=\"structure-30tpd-ligne-de-production\" class=\"wp-image-1937\" srcset=\"https:\/\/taizyagromachine.com\/wp-content\/uploads\/2022\/02\/structure-30tpd-production-line.jpg 720w, https:\/\/taizyagromachine.com\/wp-content\/uploads\/2022\/02\/structure-30tpd-production-line-300x188.jpg 300w\" sizes=\"auto, (max-width: 720px) 100vw, 720px\" \/><figcaption>structure<\/figcaption><\/figure> <\/div>   <h2 class=\"wp-block-heading\" id=\"features-of-complete-30t-rice-mill-machine-plant\"><strong>Caract\u00e9ristiques de l'usine compl\u00e8te de machines de moulin \u00e0 riz de 30 t<\/strong><strong><\/strong><\/h2>    <ul class=\"wp-block-list\" type=\"1\"><li>Ligne de production de moulin \u00e0 riz automatique compl\u00e8te de 30\u00a0tpj, sortie \u00e0 haut rendement.<\/li><li>Superbe conception de moulin \u00e0 riz moderne, facile \u00e0 entretenir et \u00e0 utiliser.<\/li><li>Structure compacte, performances stables, riz blanc de haute qualit\u00e9.<\/li><li>Le taux de production de riz est d'environ 70% et le taux de brisures de riz est de 2%.<\/li><li>Basse consommation \u00e9nerg\u00e9tique.<\/li><li>L'usine de rizerie peut \u00eatre personnalis\u00e9e en fonction des besoins des clients.<\/li><\/ul>    <h2 class=\"wp-block-heading\" id=\"what-functions-of-combined-cleaner\"><strong>Quelles fonctions du nettoyeur combin\u00e9\u00a0?<\/strong><strong><\/strong><\/h2>    <p>Compar\u00e9e \u00e0 d'autres lignes de production, comme la ligne de production de rizerie de 15 tdp, cette usine de transformation de riz automatique de 30 t dispose du nettoyeur combin\u00e9. En tant que fabricant et fournisseur professionnel, nous recommandons le nettoyant combin\u00e9 pour la grande ligne de production de moulins \u00e0 riz. Il fonctionne principalement pour \u00e9liminer les grosses et petites impuret\u00e9s. Parce que certaines impuret\u00e9s p\u00e9n\u00e8trent dans le riz paddy lors de la r\u00e9colte.<\/p>    <p>Le principe de fonctionnement repose sur le tamis. Le nettoyant combin\u00e9 consiste \u00e0 \u00e9liminer les impuret\u00e9s en fonction de la taille du trou du tamis. &nbsp;<\/p>    <h2 class=\"wp-block-heading\" id=\"choose-multiple-rice-milling\"><strong>Choisissez plusieurs moutures de riz<\/strong><strong><\/strong><\/h2>    <p>Pour la grande ligne de production de rizerie, l\u2019usine de rizerie adopte toujours plusieurs mouture de riz. Il y a deux raisons :<\/p>    <ol class=\"wp-block-list\" type=\"1\"><li>La mouture multiple du riz peut r\u00e9duire efficacement le taux de bris de riz, garantissant ainsi la qualit\u00e9 du riz blanc entier.<\/li><li>En outre, cela peut garantir un rendement important.<\/li><\/ol>    <p>Sur la base des raisons ci-dessus, la grande ligne de production de rizerie, et pas seulement la ligne de production de 30 t\/j, peut utiliser la mouture multi-riz pour atteindre l'objectif requis.<\/p>   <div class=\"wp-block-image\"> <figure class=\"aligncenter size-full\"><img loading=\"lazy\" decoding=\"async\" width=\"720\" height=\"400\" src=\"https:\/\/taizyagromachine.com\/wp-content\/uploads\/2022\/02\/multiple-rice-milling-30tpd.jpg\" alt=\"mouture multiple du riz\" class=\"wp-image-1939\" srcset=\"https:\/\/taizyagromachine.com\/wp-content\/uploads\/2022\/02\/multiple-rice-milling-30tpd.jpg 720w, https:\/\/taizyagromachine.com\/wp-content\/uploads\/2022\/02\/multiple-rice-milling-30tpd-300x167.jpg 300w\" sizes=\"auto, (max-width: 720px) 100vw, 720px\" \/><figcaption>mouture multiple du riz<\/figcaption><\/figure> <\/div>   <h2 class=\"wp-block-heading\" id=\"why-use-air-compressor\"><strong>Pourquoi utiliser un compresseur d'air ?<\/strong><strong><\/strong><\/h2>    <p>Lorsque vous achetez la ligne compl\u00e8te de production d'une usine de rizerie de 30 tpj, le compresseur d'air est n\u00e9cessaire. Dans cette ligne de production, la trieuse de couleurs, la polisseuse d'eau de riz et la machine d'emballage doivent utiliser le compresseur d'air. Les raisons sont les suivantes\u00a0:<\/p>    <ol class=\"wp-block-list\" type=\"1\"><li>Apr\u00e8s le tri par couleur, le compresseur d'air souffle le riz non qualifi\u00e9.<\/li><li>Pour le polisseur d'eau de riz, le compresseur d'air fonctionne pour former un brouillard d'eau, refroidir et souffler la poussi\u00e8re.<\/li><li>Concernant la machine d'emballage, deux fonctions du compresseur d'air sont de contr\u00f4ler la quantit\u00e9 de d\u00e9coupage et de clipser les sacs.<\/li><\/ol>   <div class=\"wp-block-image\"> <figure class=\"aligncenter size-full\"><img loading=\"lazy\" decoding=\"async\" width=\"720\" height=\"400\" src=\"https:\/\/taizyagromachine.com\/wp-content\/uploads\/2022\/02\/air-compressor-30tpd.jpg\" alt=\"compresseur d&#039;air-30tpd\" class=\"wp-image-1941\" srcset=\"https:\/\/taizyagromachine.com\/wp-content\/uploads\/2022\/02\/air-compressor-30tpd.jpg 720w, https:\/\/taizyagromachine.com\/wp-content\/uploads\/2022\/02\/air-compressor-30tpd-300x167.jpg 300w\" sizes=\"auto, (max-width: 720px) 100vw, 720px\" \/><figcaption>compresseur d'air<\/figcaption><\/figure> <\/div>   <h2 class=\"wp-block-heading\" id=\"which-places-are-applicable\"><strong>Quels sont les lieux applicables\u00a0?<\/strong><strong><\/strong><\/h2>    <ol class=\"wp-block-list\" type=\"1\"><li>Usines de riz.<\/li><li>Propri\u00e9taires de terres agricoles.<\/li><li>Distributeurs\/agents.<\/li><\/ol>    <h2 class=\"wp-block-heading\" id=\"related-production-line\"><strong>Ligne de production associ\u00e9e<\/strong><strong><\/strong><\/h2>    <p class=\"translation-block\">Dans notre <a href=\"https:\/\/taizyagromachine.com\/fr\/\" target=\"_blank\" rel=\"noreferrer noopener\">soci\u00e9t\u00e9 Taizy Machine<\/a>, nous ne fournissons pas seulement la ligne de production de moulin \u00e0 riz 30tdp, mais aussi la ligne de production 15tpd, la ligne de production 20tpd, etc.<\/p>","protected":false},"excerpt":{"rendered":"<p>30TPD rice mill production line&nbsp;is a large output production line for rice milling. This rice mill plant has the capacity of 30t per day. Besides, it\u2019s fully automatic production line, saving labor and time. It also has two layers of platforms: the upper is for check and maintenance, the lower is for work. At the [&hellip;]<\/p>\n","protected":false},"author":1,"featured_media":2082,"parent":0,"template":"","tags":[38],"product-type":[27],"class_list":["post-1447","product","type-product","status-publish","has-post-thumbnail","hentry","tag-rice-mill-production-line","product-type-solutions"],"_links":{"self":[{"href":"https:\/\/taizyagromachine.com\/fr\/wp-json\/wp\/v2\/product\/1447","targetHints":{"allow":["GET"]}}],"collection":[{"href":"https:\/\/taizyagromachine.com\/fr\/wp-json\/wp\/v2\/product"}],"about":[{"href":"https:\/\/taizyagromachine.com\/fr\/wp-json\/wp\/v2\/types\/product"}],"author":[{"embeddable":true,"href":"https:\/\/taizyagromachine.com\/fr\/wp-json\/wp\/v2\/users\/1"}],"wp:featuredmedia":[{"embeddable":true,"href":"https:\/\/taizyagromachine.com\/fr\/wp-json\/wp\/v2\/media\/2082"}],"wp:attachment":[{"href":"https:\/\/taizyagromachine.com\/fr\/wp-json\/wp\/v2\/media?parent=1447"}],"wp:term":[{"taxonomy":"post_tag","embeddable":true,"href":"https:\/\/taizyagromachine.com\/fr\/wp-json\/wp\/v2\/tags?post=1447"},{"taxonomy":"product-type","embeddable":true,"href":"https:\/\/taizyagromachine.com\/fr\/wp-json\/wp\/v2\/product-type?post=1447"}],"curies":[{"name":"wp","href":"https:\/\/api.w.org\/{rel}","templated":true}]}}