{"id":1496,"date":"2021-12-10T03:12:00","date_gmt":"2021-12-10T03:12:00","guid":{"rendered":"https:\/\/taizyagromachine.com\/?p=1496"},"modified":"2022-09-29T14:04:15","modified_gmt":"2022-09-29T06:04:15","slug":"38tpd-rice-mill-plant","status":"publish","type":"product","link":"https:\/\/taizyagromachine.com\/fr\/product\/38tpd-rice-mill-plant\/","title":{"rendered":"Usine de transformation du riz 38TPD"},"content":{"rendered":"<p class=\"translation-block\"><strong>L'usine de traitement de riz de 38 T\/jour<\/strong> est une usine id\u00e9ale pour une production importante de riz. Parce qu'elle peut produire 38 tonnes de riz blanc par jour, elle est tr\u00e8s efficace. Elle convient parfaitement aux rizeries, aux propri\u00e9taires de fermes, etc. Elle est con\u00e7ue pour \u00eatre une ligne de production compl\u00e8te et enti\u00e8rement automatique. Bien s\u00fbr, nous pouvons recommander une installation de rizerie adapt\u00e9e \u00e0 vos besoins. Cette rizerie de 38 tonnes a une apparence attrayante, des performances stables, ainsi qu'une qualit\u00e9 sup\u00e9rieure. De plus, elle dispose de plateformes. La plateforme sup\u00e9rieure est pour la v\u00e9rification et la maintenance, tandis que la plateforme inf\u00e9rieure est pour le travail. Si vous avez des besoins, n'h\u00e9sitez pas \u00e0 nous contacter pour plus de d\u00e9tails !<\/p>    <h2 class=\"wp-block-heading\" id=\"working-flow-of-38t-production-line\"><strong>Flux de travail de la ligne de production de 38 tonnes<\/strong><\/h2>    <p>\u00c0 partir du flux de processus ci-dessous, nous pouvons clairement voir comment fonctionne l'ensemble de l'usine de rizerie. La proc\u00e9dure et la s\u00e9quence sont clairement indiqu\u00e9es.<\/p>   <div class=\"wp-block-image\"> <figure class=\"aligncenter size-full\"><img loading=\"lazy\" decoding=\"async\" width=\"720\" height=\"540\" src=\"https:\/\/taizyagromachine.com\/wp-content\/uploads\/2022\/02\/work-flow-38tpd.jpg\" alt=\"flux de travail\" class=\"wp-image-1983\" srcset=\"https:\/\/taizyagromachine.com\/wp-content\/uploads\/2022\/02\/work-flow-38tpd.jpg 720w, https:\/\/taizyagromachine.com\/wp-content\/uploads\/2022\/02\/work-flow-38tpd-300x225.jpg 300w\" sizes=\"auto, (max-width: 720px) 100vw, 720px\" \/><figcaption>flux de travail<\/figcaption><\/figure> <\/div>   <h2 class=\"wp-block-heading\" id=\"structure-of-integrated-38tpd-rice-milling-plant-for-sale\"><strong>Structure de l'usine int\u00e9gr\u00e9e de transformation du riz de 38 tpj \u00e0 vendre<\/strong><\/h2>    <p>Cette structure est compacte et raisonnable car la s\u00e9quence de travail est en ordre. Bien s\u00fbr, plusieurs machines peuvent \u00eatre ajout\u00e9es \u00e0 cette proc\u00e9dure pour produire du riz blanc de haute qualit\u00e9 et mieux comestible.<\/p>   <div class=\"wp-block-image\"> <figure class=\"aligncenter size-full\"><img loading=\"lazy\" decoding=\"async\" width=\"720\" height=\"540\" src=\"https:\/\/taizyagromachine.com\/wp-content\/uploads\/2022\/02\/structure-38t-rice-milling-plant.jpg\" alt=\"structure d&#039;une usine de transformation de riz de 38 t\/j\" class=\"wp-image-1984\" srcset=\"https:\/\/taizyagromachine.com\/wp-content\/uploads\/2022\/02\/structure-38t-rice-milling-plant.jpg 720w, https:\/\/taizyagromachine.com\/wp-content\/uploads\/2022\/02\/structure-38t-rice-milling-plant-300x225.jpg 300w\" sizes=\"auto, (max-width: 720px) 100vw, 720px\" \/><figcaption>structure d'une usine de transformation de riz de 38 t\/j<\/figcaption><\/figure> <\/div>   <h2 class=\"wp-block-heading\" id=\"features-of-complete-38tpd-rice-mill-plant\"><strong>Caract\u00e9ristiques de l'usine compl\u00e8te de rizerie 38tpj<\/strong><\/h2>    <ul class=\"wp-block-list\" type=\"1\"><li>Installation pratique, car celle-ci est organis\u00e9e selon un processus ordonn\u00e9.<\/li><li>Apparence attractive. L'apparence est soign\u00e9e et belle, attrayante pour les personnes et cr\u00e9ant des sentiments de confort.<\/li><li>Op\u00e9ration simple. Nous fournissons le manuel d'utilisation. De plus, il y a une description en anglais sur la machine.<\/li><li>Faible exigence pour l'atelier. C'est un \u00e9quipement de traitement du riz id\u00e9al pour les stations c\u00e9r\u00e9ali\u00e8res, les usines de riz et les fermes.<\/li><li>Personnalisation. La niveleuse de riz blanc peut \u00eatre personnalis\u00e9e pour satisfaire vos besoins.<\/li><\/ul>    <h2 class=\"wp-block-heading\" id=\"optional-equipment\"><strong>\u00c9quipement optionnel pour usine de transformation du riz<\/strong><\/h2>    <p class=\"translation-block\">En tant que <a href=\"https:\/\/taizyagromachine.com\/fr\/\" target=\"_blank\" rel=\"noreferrer noopener\">fabricant et fournisseur exp\u00e9riment\u00e9<\/a>, nous pouvons offrir une installation de rizerie adapt\u00e9e pour stimuler votre entreprise. Par exemple, la ligne de production compl\u00e8te de rizerie de 38 T\/jour comprend des machines telles qu'un d\u00e9cortiqueur, un <a href=\"https:\/\/en.wikipedia.org\/wiki\/Rice_huller\" target=\"_blank\" rel=\"noreferrer noopener\">d\u00e9cortiqueur de riz<\/a>, un s\u00e9parateur de paddy de riz par gravit\u00e9, une rizerie et un calibreur de riz blanc.<\/p>   <div class=\"wp-block-image\"> <figure class=\"aligncenter size-full\"><img loading=\"lazy\" decoding=\"async\" width=\"720\" height=\"540\" src=\"https:\/\/taizyagromachine.com\/wp-content\/uploads\/2022\/02\/complete-rice-mill-plant-38t.jpg\" alt=\"usine compl\u00e8te de rizerie\" class=\"wp-image-1987\" srcset=\"https:\/\/taizyagromachine.com\/wp-content\/uploads\/2022\/02\/complete-rice-mill-plant-38t.jpg 720w, https:\/\/taizyagromachine.com\/wp-content\/uploads\/2022\/02\/complete-rice-mill-plant-38t-300x225.jpg 300w\" sizes=\"auto, (max-width: 720px) 100vw, 720px\" \/><figcaption>usine compl\u00e8te de rizerie<\/figcaption><\/figure> <\/div>   <p>De plus, il existe d\u2019autres \u00e9quipements disponibles pour coop\u00e9rer afin d\u2019atteindre les objectifs requis. Tels qu'une trieuse de couleurs, une polisseuse de riz, une machine d'emballage, un bac de stockage, etc. Tant que vous nous indiquez vos besoins de production, nous vous fournirons la solution parfaite. &nbsp;&nbsp;<\/p>    <p>En outre, vous pouvez choisir le s\u00e9choir \u00e0 placer sur la cha\u00eene de production.<\/p>    <h2 class=\"wp-block-heading\" id=\"why-choose-us\"><strong>Pourquoi nous choisir?<\/strong><strong><\/strong><\/h2>    <p>Nous sommes un fabricant et fournisseur professionnel de machines agricoles. Taizy Machine Company jouit d\u2019une grande r\u00e9putation dans les m\u00e9tiers agricoles internationaux. En dehors de cela, nous travaillons profond\u00e9ment dans ce domaine depuis plus de d\u00e9cennies. Nous avons donc des exp\u00e9riences riches. Et nous sommes convaincus de pouvoir recommander les machines agricoles appropri\u00e9es \u00e0 nos clients.<\/p>   <div class=\"wp-block-image\"> <figure class=\"aligncenter size-full\"><img loading=\"lazy\" decoding=\"async\" width=\"720\" height=\"540\" src=\"https:\/\/taizyagromachine.com\/wp-content\/uploads\/2022\/02\/stregth-display-38t.jpg\" alt=\"force d&#039;usine\" class=\"wp-image-1986\" srcset=\"https:\/\/taizyagromachine.com\/wp-content\/uploads\/2022\/02\/stregth-display-38t.jpg 720w, https:\/\/taizyagromachine.com\/wp-content\/uploads\/2022\/02\/stregth-display-38t-300x225.jpg 300w\" sizes=\"auto, (max-width: 720px) 100vw, 720px\" \/><figcaption>force d'usine<\/figcaption><\/figure> <\/div>   <p>En prenant comme exemple une usine de transformation de riz de 38 t\/j, une ligne de production totalement compl\u00e8te comprend une tr\u00e9mie d'alimentation, un s\u00e9choir, un nettoyeur combin\u00e9, un \u00e9pierreur, une d\u00e9cortiqueuse de riz, un s\u00e9parateur par gravit\u00e9, une machine \u00e0 riz (trois ensembles), une polisseuse \u00e0 riz, une niveleuse de riz blanc, une trieuse de couleurs, bac de stockage, machine d'emballage. Parmi ces machines, nous pouvons combiner le pantalon de moulin \u00e0 riz selon vos besoins.<\/p>    <h2 class=\"wp-block-heading\" id=\"related-machines\"><strong>Machines associ\u00e9es<\/strong><strong><\/strong><\/h2>    <div class=\"wp-block-columns is-layout-flex wp-container-core-columns-is-layout-9d6595d7 wp-block-columns-is-layout-flex\"> <div class=\"wp-block-column is-layout-flow wp-block-column-is-layout-flow\"><div class=\"wp-block-image\"> <figure class=\"aligncenter size-full\"><img loading=\"lazy\" decoding=\"async\" width=\"720\" height=\"540\" src=\"https:\/\/taizyagromachine.com\/wp-content\/uploads\/2022\/01\/30tpd-rice-milling.jpg\" alt=\"Usine de rizerie 30tpj\" class=\"wp-image-1758\"\/><figcaption>Usine de rizerie 30tpj<\/figcaption><\/figure> <\/div><\/div>    <div class=\"wp-block-column is-layout-flow wp-block-column-is-layout-flow\"><div class=\"wp-block-image\"> <figure class=\"aligncenter size-full\"><a href=\"https:\/\/taizyagromachine.com\/fr\/product\/20tpd-rice-mill-plant\/\"><img loading=\"lazy\" decoding=\"async\" width=\"720\" height=\"540\" src=\"https:\/\/taizyagromachine.com\/wp-content\/uploads\/2022\/01\/20t-rice-milling-standard-1.jpg\" alt=\"Usine de rizerie 20tpj\" class=\"wp-image-1768\"\/><\/a><figcaption>Usine de rizerie 20tpj<\/figcaption><\/figure> <\/div><\/div> <\/div>","protected":false},"excerpt":{"rendered":"<p>38TPD rice processing plant\u00a0is an ideal plant for the large output of rice milling. Because it can produce white rice for 38t per day, it has high efficiency. It\u2019s very suitable for rice factories, farm owners, etc. It\u2019s designed to be a fully automatic and complete production line. Of course, we can recommend a suitable [&hellip;]<\/p>\n","protected":false},"author":1,"featured_media":1981,"parent":0,"template":"","tags":[156,155,35,56,37,38,57,55],"product-type":[18],"class_list":["post-1496","product","type-product","status-publish","has-post-thumbnail","hentry","tag-38tpd-rice-mill-plant","tag-auto-rice-mill-plant","tag-rice-mill","tag-rice-mill-machine","tag-rice-mill-plant","tag-rice-mill-production-line","tag-rice-milling-machine","tag-rice-milling-plant","product-type-rice-mill"],"_links":{"self":[{"href":"https:\/\/taizyagromachine.com\/fr\/wp-json\/wp\/v2\/product\/1496","targetHints":{"allow":["GET"]}}],"collection":[{"href":"https:\/\/taizyagromachine.com\/fr\/wp-json\/wp\/v2\/product"}],"about":[{"href":"https:\/\/taizyagromachine.com\/fr\/wp-json\/wp\/v2\/types\/product"}],"author":[{"embeddable":true,"href":"https:\/\/taizyagromachine.com\/fr\/wp-json\/wp\/v2\/users\/1"}],"wp:featuredmedia":[{"embeddable":true,"href":"https:\/\/taizyagromachine.com\/fr\/wp-json\/wp\/v2\/media\/1981"}],"wp:attachment":[{"href":"https:\/\/taizyagromachine.com\/fr\/wp-json\/wp\/v2\/media?parent=1496"}],"wp:term":[{"taxonomy":"post_tag","embeddable":true,"href":"https:\/\/taizyagromachine.com\/fr\/wp-json\/wp\/v2\/tags?post=1496"},{"taxonomy":"product-type","embeddable":true,"href":"https:\/\/taizyagromachine.com\/fr\/wp-json\/wp\/v2\/product-type?post=1496"}],"curies":[{"name":"wp","href":"https:\/\/api.w.org\/{rel}","templated":true}]}}