{"id":1498,"date":"2021-12-10T03:12:22","date_gmt":"2021-12-10T03:12:22","guid":{"rendered":"https:\/\/taizyagromachine.com\/?p=1498"},"modified":"2023-02-09T10:40:33","modified_gmt":"2023-02-09T02:40:33","slug":"rice-milling-production-line","status":"publish","type":"product","link":"https:\/\/taizyagromachine.com\/fr\/product\/rice-milling-production-line\/","title":{"rendered":"Ligne de production int\u00e9gr\u00e9e de mouture de riz 25TPD"},"content":{"rendered":"<p class=\"translation-block\"><strong>Ligne de production int\u00e9gr\u00e9e de riz de 25 tonnes\/jour<\/strong> est un \u00e9quipement sp\u00e9cial de traitement du riz pour la production de 25 tonnes par jour. Il fonctionne pour transformer le riz paddy en riz blanc. Cette installation de rizerie dispose de la plateforme pour travailler, une seule couche. De plus, elle a une structure compacte, une faible consommation, une utilisation facile. Nous, en tant que fabricant et fournisseur fiable de machines agricoles, avons diverses rizeries de diff\u00e9rentes capacit\u00e9s \u00e0 vendre. Diff\u00e9rentes capacit\u00e9s peuvent satisfaire vos diverses exigences. C\u2019est un choix id\u00e9al pour les rizeries de petite et moyenne taille. Bienvenue \u00e0 nous contacter pour plus d\u2019informations !<\/p>   <div class=\"wp-block-image\"> <figure class=\"aligncenter size-full\"><img loading=\"lazy\" decoding=\"async\" width=\"720\" height=\"540\" src=\"https:\/\/taizyagromachine.com\/wp-content\/uploads\/2022\/02\/25TPD-rice-mill-production-line.jpg\" alt=\"Ligne de production de moulin \u00e0 riz 25TPD\" class=\"wp-image-1923\" srcset=\"https:\/\/taizyagromachine.com\/wp-content\/uploads\/2022\/02\/25TPD-rice-mill-production-line.jpg 720w, https:\/\/taizyagromachine.com\/wp-content\/uploads\/2022\/02\/25TPD-rice-mill-production-line-300x225.jpg 300w\" sizes=\"auto, (max-width: 720px) 100vw, 720px\" \/><figcaption class=\"wp-element-caption\">Ligne de production de moulin \u00e0 riz 25TPD<\/figcaption><\/figure> <\/div>   <h2 class=\"wp-block-heading\" id=\"structure-of-25tpd-rice-mill-plant-for-sale\"><strong>Structure de l'usine de rizerie de 25 tpj \u00e0 vendre<\/strong><strong><\/strong><\/h2>    <p class=\"translation-block\">Cette ligne de production int\u00e9gr\u00e9e de riz comprend 7 \u00e9l\u00e9vateurs, ainsi que la machine d'emballage. Des machines individuelles composent cette ligne de production compl\u00e8te de rizerie, impliquant le d\u00e9cortiqueur, le <a href=\"https:\/\/en.wikipedia.org\/wiki\/Rice_huller\" target=\"_blank\" rel=\"noreferrer noopener\">d\u00e9cortiqueur de riz<\/a>, le d\u00e9cortiqueur de riz deux fois, le trieur de couleur, le polissoir de riz, le <a href=\"https:\/\/taizyagromachine.com\/fr\/product\/rice-grader\/\" target=\"_blank\" rel=\"noreferrer noopener\">trieur de riz blanc<\/a>, et la machine d'emballage. Nous pouvons faire diff\u00e9rentes configurations pour r\u00e9pondre \u00e0 vos exigences.<\/p>   <div class=\"wp-block-image\"> <figure class=\"aligncenter size-full\"><img loading=\"lazy\" decoding=\"async\" width=\"720\" height=\"450\" src=\"https:\/\/taizyagromachine.com\/wp-content\/uploads\/2022\/02\/structure-25TPD-production-line.jpg\" alt=\"structure\" class=\"wp-image-1927\" srcset=\"https:\/\/taizyagromachine.com\/wp-content\/uploads\/2022\/02\/structure-25TPD-production-line.jpg 720w, https:\/\/taizyagromachine.com\/wp-content\/uploads\/2022\/02\/structure-25TPD-production-line-300x188.jpg 300w\" sizes=\"auto, (max-width: 720px) 100vw, 720px\" \/><figcaption class=\"wp-element-caption\">structure<\/figcaption><\/figure> <\/div>   <h2 class=\"wp-block-heading\" id=\"work-process-for-rice-milling-production-line\"><strong>Processus de travail<\/strong> <strong>pour la ligne de production de mouture du riz<\/strong><\/h2>    <p>Tr\u00e9mie d'alimentation \u2192 d\u00e9tonateur \u2192 d\u00e9cortiqueur de riz \u2192 s\u00e9parateur par gravit\u00e9 \u2192 machine de moulin \u00e0 riz \u2192 machine de moulin \u00e0 riz \u2192 trieur de couleurs \u2192 polisseuse de riz \u2192 niveleuse de riz blanc \u2192 machine d'emballage<\/p>   <div class=\"wp-block-image\"> <figure class=\"aligncenter size-full\"><img loading=\"lazy\" decoding=\"async\" width=\"720\" height=\"540\" src=\"https:\/\/taizyagromachine.com\/wp-content\/uploads\/2022\/02\/work-process-25TPD-production-line.jpg\" alt=\"processus de travail\" class=\"wp-image-1928\" srcset=\"https:\/\/taizyagromachine.com\/wp-content\/uploads\/2022\/02\/work-process-25TPD-production-line.jpg 720w, https:\/\/taizyagromachine.com\/wp-content\/uploads\/2022\/02\/work-process-25TPD-production-line-300x225.jpg 300w\" sizes=\"auto, (max-width: 720px) 100vw, 720px\" \/><figcaption class=\"wp-element-caption\">processus de travail<\/figcaption><\/figure> <\/div>   <h2 class=\"wp-block-heading\" id=\"features\"><strong>Caract\u00e9ristiques de la ligne de production de mouture de riz 25TPD<\/strong><\/h2>    <ul class=\"wp-block-list\" type=\"1\"> <li>Bon effet d'\u00e9limination des pierres, vitesse de rupture rapide de la coque et bon effet de s\u00e9paration des grains.<\/li>    <li>\u00c9l\u00e9vation automatique du riz, normes internationales avanc\u00e9es.<\/li>    <li>Vibration de petite machine, op\u00e9ration simple, production de riz rapide.<\/li>    <li>Usine de rizerie compl\u00e8te enti\u00e8rement automatique, faible consommation.<\/li>    <li>Personnalisation. Nous pouvons combiner diff\u00e9rentes usines de rizerie en fonction de vos demandes r\u00e9elles.<\/li> <\/ul>    <h2 class=\"wp-block-heading\" id=\"services-you-ll-enjoy\"><strong>Services que vous appr\u00e9cierez \u00e0 propos de l'usine de rizerie \u00e0 vendre<\/strong><\/h2>    <p class=\"translation-block\"><a href=\"https:\/\/taizyagromachine.com\/fr\/\" target=\"_blank\" rel=\"noreferrer noopener\">En tant qu'entreprise professionnelle<\/a>, nous fournissons de nombreux services pour vous satisfaire. Maintenant, nous pr\u00e9sentons principalement le service de pr\u00e9-vente, le service de vente et le service apr\u00e8s-vente.<\/p>    <h3 class=\"wp-block-heading\" id=\"pre-sale-service\"><strong>Service de pr\u00e9-vente<\/strong><strong><\/strong><\/h3>    <p>Par exemple, vous voulez une ligne de production de moulin \u00e0 riz de 25 tpj. Ensuite, dans ce processus, nous vous aidons \u00e0 comprendre l\u2019usine de rizerie \u00e0 vendre. De plus, nous fournissons un support technique.<\/p>    <h3 class=\"wp-block-heading\" id=\"on-sale-service\"><strong>Service de vente<\/strong><strong><\/strong><\/h3>    <p>Nous donnerons des images du processus et vous ferons conna\u00eetre le processus d'usinage. De plus, nous nous engageons \u00e0 ce que la machine soit de super qualit\u00e9 et en bon \u00e9tat avant la livraison.<\/p>    <h3 class=\"wp-block-heading\" id=\"after-sale-service\"><strong>Service apr\u00e8s-vente<\/strong><strong><\/strong><\/h3>    <p>Les conseils en ligne et l\u2019assistance vid\u00e9o sont les bases. Nous pr\u00e9parons \u00e9galement le manuel et la maintenance avec la machine.<\/p>    <h2 class=\"wp-block-heading\" id=\"packing-and-shipping\"><strong>Emballage et exp\u00e9dition de la ligne de production de rizerie<\/strong><\/h2>    <p>Lors de la livraison de la machine appartenant \u00e0 la ligne de production de rizerie de 25 tpj, afin d'\u00e9viter les accidents pendant l'exp\u00e9dition, nous emballons toujours les machines dans des caisses en bois. Parce qu'il pr\u00e9sente de nombreux avantages tels qu'une production facile, un poids l\u00e9ger, une haute r\u00e9sistance, une bonne durabilit\u00e9 et un prix relativement bon march\u00e9.<\/p>   <div class=\"wp-block-image\"> <figure class=\"aligncenter size-full\"><img loading=\"lazy\" decoding=\"async\" width=\"720\" height=\"540\" src=\"https:\/\/taizyagromachine.com\/wp-content\/uploads\/2022\/01\/package.jpg\" alt=\"emballer\" class=\"wp-image-1765\"\/><figcaption class=\"wp-element-caption\">emballer<\/figcaption><\/figure> <\/div>   <h2 class=\"wp-block-heading\" id=\"related-machine\"><strong>Machine associ\u00e9e<\/strong><strong><\/strong><\/h2>    <div class=\"wp-block-columns is-layout-flex wp-container-core-columns-is-layout-9d6595d7 wp-block-columns-is-layout-flex\"> <div class=\"wp-block-column is-layout-flow wp-block-column-is-layout-flow\"><div class=\"wp-block-image\"> <figure class=\"aligncenter size-full\"><a href=\"https:\/\/taizyagromachine.com\/fr\/product\/20tpd-rice-mill-plant\/\"><img loading=\"lazy\" decoding=\"async\" width=\"720\" height=\"540\" src=\"https:\/\/taizyagromachine.com\/wp-content\/uploads\/2022\/01\/20t-rice-milling-standard-1.jpg\" alt=\"Usine de rizerie 20tpj\" class=\"wp-image-1768\"\/><\/a><figcaption class=\"wp-element-caption\">Usine de rizerie 20tpj<\/figcaption><\/figure> <\/div><\/div>    <div class=\"wp-block-column is-layout-flow wp-block-column-is-layout-flow\"><div class=\"wp-block-image\"> <figure class=\"aligncenter size-full\"><img loading=\"lazy\" decoding=\"async\" width=\"720\" height=\"540\" src=\"https:\/\/taizyagromachine.com\/wp-content\/uploads\/2022\/01\/30tpd-rice-milling.jpg\" alt=\"Usine de rizerie 30tpj\" class=\"wp-image-1758\"\/><figcaption class=\"wp-element-caption\">Usine de rizerie 30tpj<\/figcaption><\/figure> <\/div><\/div> <\/div>","protected":false},"excerpt":{"rendered":"<p>25tpd integrated rice milling production line&nbsp;is special rice processing equipment for the production of 25t per day. It functions to turn paddy rice into white rice. This rice mill plant has the platform to work, only one layer. Besides, it has compact structure, low consumption, easy operation. We, as a reliable agricultural machine manufacturer and [&hellip;]<\/p>\n","protected":false},"author":1,"featured_media":2079,"parent":0,"template":"","tags":[59,49,60,35,56,37,38,57,48,61],"product-type":[27],"class_list":["post-1498","product","type-product","status-publish","has-post-thumbnail","hentry","tag-25tpd-rice-mill-producion-line","tag-complete-rice-milling-plant","tag-integrated-rice-milling-production-line","tag-rice-mill","tag-rice-mill-machine","tag-rice-mill-plant","tag-rice-mill-production-line","tag-rice-milling-machine","tag-rice-milling-plant-for-sale","tag-rice-milling-production-line","product-type-solutions"],"_links":{"self":[{"href":"https:\/\/taizyagromachine.com\/fr\/wp-json\/wp\/v2\/product\/1498","targetHints":{"allow":["GET"]}}],"collection":[{"href":"https:\/\/taizyagromachine.com\/fr\/wp-json\/wp\/v2\/product"}],"about":[{"href":"https:\/\/taizyagromachine.com\/fr\/wp-json\/wp\/v2\/types\/product"}],"author":[{"embeddable":true,"href":"https:\/\/taizyagromachine.com\/fr\/wp-json\/wp\/v2\/users\/1"}],"wp:featuredmedia":[{"embeddable":true,"href":"https:\/\/taizyagromachine.com\/fr\/wp-json\/wp\/v2\/media\/2079"}],"wp:attachment":[{"href":"https:\/\/taizyagromachine.com\/fr\/wp-json\/wp\/v2\/media?parent=1498"}],"wp:term":[{"taxonomy":"post_tag","embeddable":true,"href":"https:\/\/taizyagromachine.com\/fr\/wp-json\/wp\/v2\/tags?post=1498"},{"taxonomy":"product-type","embeddable":true,"href":"https:\/\/taizyagromachine.com\/fr\/wp-json\/wp\/v2\/product-type?post=1498"}],"curies":[{"name":"wp","href":"https:\/\/api.w.org\/{rel}","templated":true}]}}