{"id":1512,"date":"2021-12-13T07:19:45","date_gmt":"2021-12-13T07:19:45","guid":{"rendered":"https:\/\/taizyagromachine.com\/?p=1512"},"modified":"2024-02-06T10:28:46","modified_gmt":"2024-02-06T02:28:46","slug":"60tpd-rice-mill-plant","status":"publish","type":"product","link":"https:\/\/taizyagromachine.com\/fr\/product\/60tpd-rice-mill-plant\/","title":{"rendered":"Usine de transformation de rizerie 60TPD"},"content":{"rendered":"<p class=\"translation-block\"><strong>Installation de rizerie de 60 TPD<\/strong>\u00a0est un \u00e9quipement de traitement du riz d'une capacit\u00e9 de 60 tonnes par jour. Cette unit\u00e9 de rizerie est dot\u00e9e d'un taux \u00e9lev\u00e9 de riz fin et d'un faible taux de grains cass\u00e9s gr\u00e2ce \u00e0 une technologie avanc\u00e9e. Elle int\u00e8gre le d\u00e9pi\u00e8rage, le d\u00e9corticage, le blanchiment, le tri du riz, le tri des couleurs et l'emballage. <\/p>    <p>C'est donc une excellente usine de machines \u00e0 riz pour l'usine de rizerie et les propri\u00e9taires agricoles. En outre, nous pouvons fournir une usine de rizerie compl\u00e8te de 60 tpj selon vos demandes. En outre, cette fraiseuse \u00e0 riz commerciale est fournie directement par l'usine, la qualit\u00e9 peut donc \u00eatre garantie. <\/p>    <p>\u00cates-vous int\u00e9ress\u00e9 par les \u00e9quipements de mouture du riz\u00a0? Bienvenue \u00e0 nous contacter pour plus de d\u00e9tails\u00a0!<\/p>    <figure class=\"wp-block-embed is-type-video is-provider-youtube wp-block-embed-youtube wp-embed-aspect-16-9 wp-has-aspect-ratio\"><div class=\"wp-block-embed__wrapper\"> <iframe loading=\"lazy\" title=\"D\u00e9voilement de l&#039;excellence\u00a0: vitrine et d\u00e9monstration d&#039;une fraiseuse \u00e0 riz de 60 tonnes\u00a0! \ud83c\udf3e\u2728#ricemill #ricemilling\" width=\"500\" height=\"281\" src=\"https:\/\/www.youtube.com\/embed\/DFJ1pZxTMuU?feature=oembed\" frameborder=\"0\" allow=\"accelerometer; autoplay; clipboard-write; encrypted-media; gyroscope; picture-in-picture; web-share\" referrerpolicy=\"strict-origin-when-cross-origin\" allowfullscreen><\/iframe> <\/div><figcaption class=\"wp-element-caption\">pr\u00e9sentation du moulin \u00e0 riz et vid\u00e9o de travail <\/figcaption><\/figure>    <h2 class=\"wp-block-heading\"><strong>Quelle machine est utilis\u00e9e pour moudre le riz ?<\/strong><\/h2>    <p>Notre usine de transformation de rizerie de 60 t\/j est disponible dans diff\u00e9rentes configurations, avec diff\u00e9rentes configurations associ\u00e9es \u00e0 diff\u00e9rents nombres de machines, mais de mani\u00e8re g\u00e9n\u00e9rale, l'\u00e9quipement de l'unit\u00e9 de broyage est \u00e0 peu pr\u00e8s le m\u00eame. <\/p>    <figure class=\"wp-block-gallery aligncenter has-nested-images columns-default is-cropped wp-block-gallery-2 is-layout-flex wp-block-gallery-is-layout-flex\"> <figure class=\"wp-block-image size-large\"><img loading=\"lazy\" decoding=\"async\" width=\"720\" height=\"540\" data-id=\"6384\" src=\"https:\/\/taizyagromachine.com\/wp-content\/uploads\/2021\/12\/auto-rice-mill-plant-with-3-rice-millers.webp\" alt=\"Usine de moulin \u00e0 riz automatique avec 3 meuniers \u00e0 riz\" class=\"wp-image-6384\"\/><figcaption class=\"wp-element-caption\">Usine de moulin \u00e0 riz automatique avec 3 meuniers \u00e0 riz<\/figcaption><\/figure>    <figure class=\"wp-block-image size-large\"><img loading=\"lazy\" decoding=\"async\" width=\"720\" height=\"540\" data-id=\"6385\" src=\"https:\/\/taizyagromachine.com\/wp-content\/uploads\/2021\/12\/industrial-rice-milling-machine-with-2-rice-millers.webp\" alt=\"fraiseuse \u00e0 riz industrielle avec 2 meuniers \u00e0 riz\" class=\"wp-image-6385\"\/><figcaption class=\"wp-element-caption\">fraiseuse \u00e0 riz industrielle avec 2 meuniers \u00e0 riz<\/figcaption><\/figure> <\/figure>    <p>La liste des machines utilis\u00e9es dans le moulin \u00e0 riz est pr\u00e9sent\u00e9e ci-dessous\u00a0:<\/p>    <p class=\"translation-block\"><strong>Pr\u00e9d\u00e9nettoyeur et d\u00e9pi\u00e8tre<\/strong> : \u00c9limine les pierres, la terre, la paille, les graines d'herbes et autres impuret\u00e9s du paddy. En utilisant le criblage et le tri par le vent, il garantit que le paddy entrant dans le processus suivant est propre et exempt d'impuret\u00e9s.<\/p>    <p class=\"translation-block\"><strong>D\u00e9cortiqueur de riz<\/strong> : S\u00e9pare la coque ext\u00e9rieure (balles) du noyau int\u00e9rieur (riz brun) du paddy en utilisant la force m\u00e9canique pour r\u00e9aliser le processus de d\u00e9corticage.<\/p>    <p class=\"translation-block\"><strong>S\u00e9parateur de paddy par gravit\u00e9<\/strong> : S\u00e9pare efficacement le m\u00e9lange (riz brun et son) obtenu apr\u00e8s d\u00e9corticage, pour s\u00e9parer le riz brun du son et am\u00e9liorer la puret\u00e9 du riz brun.<\/p>    <p class=\"translation-block\"><strong>Machine \u00e0 blanchir le riz<\/strong> : Adopte le principe du blanchiment, la couche de son \u00e0 la surface du riz brun est progressivement \u00e9limin\u00e9e sans d\u00e9truire l'endosperme du riz, et le riz blanc est obtenu. Selon les exigences du processus, plusieurs processus de polissage peuvent \u00eatre n\u00e9cessaires pour garantir la qualit\u00e9.<\/p>    <p class=\"translation-block\"><strong>Polisseuse de riz<\/strong> : Polit le riz blanchi pour \u00e9liminer davantage le son r\u00e9siduel microscopique et donner au riz un aspect lisse et brillant pour am\u00e9liorer sa valeur commerciale.<\/p>    <p class=\"translation-block\"><strong>Trieuse de riz<\/strong> : Selon la taille, la forme et la qualit\u00e9 des grains de riz, le criblage et la classification sont effectu\u00e9s pour garantir que le produit final est de sp\u00e9cification uniforme et r\u00e9pond aux exigences des diff\u00e9rents march\u00e9s en mati\u00e8re de taille de grain de riz.<\/p>    <p class=\"translation-block\"><strong>Trieuse de couleurs<\/strong> : Identifie et rejette les produits d\u00e9fectueux tels que les grains de couleur diff\u00e9rente et les grains malades gr\u00e2ce \u00e0 des capteurs photo\u00e9lectriques, afin d'am\u00e9liorer la qualit\u00e9 globale et la s\u00e9curit\u00e9 alimentaire du riz fini.<\/p>    <p class=\"translation-block\"><strong>Machine d'emballage<\/strong> : Pesage, remplissage, scellage et marquage automatiques, compl\u00e9tant l'emballage standardis\u00e9 des produits, ce qui est pratique pour le transport, le stockage et la vente.<\/p>    <figure class=\"wp-block-gallery aligncenter has-nested-images columns-default is-cropped wp-block-gallery-3 is-layout-flex wp-block-gallery-is-layout-flex\"> <figure class=\"wp-block-image size-large\"><img loading=\"lazy\" decoding=\"async\" width=\"720\" height=\"540\" data-id=\"6391\" src=\"https:\/\/taizyagromachine.com\/wp-content\/uploads\/2021\/12\/complete-rice-milling-plant-machinery-in-the-rice-mill-factory.webp\" alt=\"machines compl\u00e8tes d&#039;usine de rizerie dans l&#039;usine de rizerie\" class=\"wp-image-6391\"\/><figcaption class=\"wp-element-caption\">machines compl\u00e8tes d'usine de rizerie dans l'usine de rizerie<\/figcaption><\/figure>    <figure class=\"wp-block-image size-large\"><img loading=\"lazy\" decoding=\"async\" width=\"720\" height=\"540\" data-id=\"6392\" src=\"https:\/\/taizyagromachine.com\/wp-content\/uploads\/2021\/12\/machine-for-rice-mill.webp\" alt=\"machine pour moulin \u00e0 riz\" class=\"wp-image-6392\"\/><figcaption class=\"wp-element-caption\">machine pour moulin \u00e0 riz<\/figcaption><\/figure> <\/figure>    <h2 class=\"wp-block-heading\"><strong>Param\u00e8tres techniques de l'usine de rizerie moderne<\/strong><\/h2>    <figure class=\"wp-block-table\"><table><tbody><tr><td>Marque<\/td><td>Taizy<\/td><\/tr><tr><td>Nom de la machine<\/td><td>Usine de rizerie 60TPD<\/td><\/tr><tr><td>Mod\u00e8le<\/td><td>MCTP60<\/td><\/tr><tr><td>Capacit\u00e9<\/td><td>2200-2600 kg\/heure<\/td><\/tr><tr><td>C\u00e9r\u00e9ales applicables<\/td><td>Rizi\u00e8re<\/td><\/tr><tr><td>Pouvoir<\/td><td>143kw<\/td><\/tr><tr><td>Taille<\/td><td>13500*2900*4500mm<\/td><\/tr><\/tbody><\/table><figcaption class=\"wp-element-caption\">param\u00e8tres techniques de l'usine de transformation de rizerie \u00e0 vendre<\/figcaption><\/figure>    <h2 class=\"wp-block-heading\"><strong>Structure de l'usine de transformation de rizerie automatique 60tpj \u00e0 vendre<\/strong><\/h2>    <p>Chez Taizy Machine Company, l'usine de rizerie moderne de 60 t\/j \u00e0 vendre comprend un nettoyeur, un \u00e9pierreur, une d\u00e9cortiqueuse de riz, trois machines de moulin \u00e0 riz et une niveleuse de riz blanc.<\/p>   <div class=\"wp-block-image\"> <figure class=\"aligncenter size-full\"><img loading=\"lazy\" decoding=\"async\" width=\"720\" height=\"540\" src=\"https:\/\/taizyagromachine.com\/wp-content\/uploads\/2022\/02\/structure-of-60t.jpg\" alt=\"structure d&#039;une usine de rizerie de 60 tpj\" class=\"wp-image-2034\" srcset=\"https:\/\/taizyagromachine.com\/wp-content\/uploads\/2022\/02\/structure-of-60t.jpg 720w, https:\/\/taizyagromachine.com\/wp-content\/uploads\/2022\/02\/structure-of-60t-300x225.jpg 300w\" sizes=\"auto, (max-width: 720px) 100vw, 720px\" \/><figcaption class=\"wp-element-caption\">structure d'une usine de transformation de rizerie de 60 tpj<\/figcaption><\/figure> <\/div>   <h2 class=\"wp-block-heading\" id=\"process-flow-chart\"><strong>Organigramme du processus de l'usine de transformation du riz<\/strong><\/h2>    <p>\u00c0 partir de cet organigramme, vous pouvez voir comment fonctionne l\u2019usine de rizerie. Cela vous aide consid\u00e9rablement \u00e0 comprendre le processus de travail et \u00e0 vous familiariser avec l'installation de machines.<\/p>   <div class=\"wp-block-image\"> <figure class=\"aligncenter size-full\"><img loading=\"lazy\" decoding=\"async\" width=\"720\" height=\"540\" src=\"https:\/\/taizyagromachine.com\/wp-content\/uploads\/2022\/02\/work-flow-38tpd.jpg\" alt=\"flux de travail de l&#039;usine de transformation du riz\" class=\"wp-image-1983\" srcset=\"https:\/\/taizyagromachine.com\/wp-content\/uploads\/2022\/02\/work-flow-38tpd.jpg 720w, https:\/\/taizyagromachine.com\/wp-content\/uploads\/2022\/02\/work-flow-38tpd-300x225.jpg 300w\" sizes=\"auto, (max-width: 720px) 100vw, 720px\" \/><figcaption class=\"wp-element-caption\">flux de travail de l'usine de transformation du riz<\/figcaption><\/figure> <\/div>   <h2 class=\"wp-block-heading\" id=\"advantages\"><strong>Avantages de la machine de moulin \u00e0 riz combin\u00e9e<\/strong><\/h2>    <ul class=\"wp-block-list\"> <li>Les machines individuelles de l'usine de rizerie de 60 tdp sont pr\u00e9sent\u00e9es sur une seule ligne, soign\u00e9es et belles.<\/li>    <li>La partie mouture du riz de l'\u00e9quipement adopte une technologie avanc\u00e9e de mouture du riz, une basse temp\u00e9rature du riz, peu de son et un faible taux de casse.<\/li>    <li>L'op\u00e9ration principale est concentr\u00e9e sur un c\u00f4t\u00e9, pratique \u00e0 utiliser.<\/li>    <li>\u00c9conomie d'\u00e9nergie, protection de l'environnement, fonctionnement simple, entretien pratique et durabilit\u00e9.<\/li>    <li>Grande capacit\u00e9, vitesse rapide, performances stables.<\/li>    <li>Collocation diff\u00e9rente. Nous pouvons vous recommander l'usine de rizerie de 60 tpj appropri\u00e9e pour r\u00e9pondre \u00e0 vos besoins.<\/li> <\/ul>    <h2 class=\"wp-block-heading\" id=\"machines-that-can-be-equipped\"><strong>Machines en option pour une unit\u00e9 compl\u00e8te de moulin \u00e0 riz<\/strong><\/h2>    <p>La machine d'usine de transformation de rizerie 60tpj a diff\u00e9rentes collocations pour atteindre votre objectif requis. Sur la base de cette usine de rizerie de 60 t\/j, nous avons \u00e9galement d'autres machines \u00e0 colocaliser.<\/p>    <p class=\"translation-block\"><strong>Polisseuse de riz<\/strong><\/p>    <p>Cette machine est utilis\u00e9e pour la ligne de production de moulins \u00e0 riz, fonctionnant pour rendre le riz plus blanc et plus lisse.<\/p>    <p class=\"translation-block\"><strong>Trieuse de couleur<\/strong><\/p>    <p>Le trieur de couleurs peut faire la diff\u00e9rence entre le bon riz blanc et le riz noir moisi. Pour le riz blanc de bonne qualit\u00e9, \u00e7a aide beaucoup.<\/p>    <p class=\"translation-block\"><strong>Machine d'emballage<\/strong><\/p>    <p>Parce que l\u2019objectif final est le riz blanc destin\u00e9 \u00e0 la vente, l\u2019emballage est une \u00e9tape n\u00e9cessaire. Cette machine d'emballage pour cette usine de rizerie varie de 5 kg \u00e0 50 kg. C\u2019est donc tr\u00e8s pratique.<\/p>    <p>D\u2019apr\u00e8s ce qui pr\u00e9c\u00e8de, nous pouvons constater qu\u2019une ligne de production compl\u00e8te de moulin \u00e0 riz \u00e0 vendre a une colocalisation diff\u00e9rente pour satisfaire les besoins de votre entreprise.<\/p>   <div class=\"wp-block-image\"> <figure class=\"aligncenter size-full\"><img loading=\"lazy\" decoding=\"async\" width=\"720\" height=\"540\" src=\"https:\/\/taizyagromachine.com\/wp-content\/uploads\/2022\/02\/60tpd-complete-rice-mill-production-line.jpg\" alt=\"Ligne de production compl\u00e8te de moulin \u00e0 riz 60tpj\" class=\"wp-image-2035\" srcset=\"https:\/\/taizyagromachine.com\/wp-content\/uploads\/2022\/02\/60tpd-complete-rice-mill-production-line.jpg 720w, https:\/\/taizyagromachine.com\/wp-content\/uploads\/2022\/02\/60tpd-complete-rice-mill-production-line-300x225.jpg 300w\" sizes=\"auto, (max-width: 720px) 100vw, 720px\" \/><figcaption class=\"wp-element-caption\">Ligne de production compl\u00e8te de moulin \u00e0 riz 60tpj<\/figcaption><\/figure> <\/div>   <h2 class=\"wp-block-heading\"><strong>Service offert sur la fraiseuse \u00e0 riz combin\u00e9e<\/strong><\/h2>    <p>Pour les unit\u00e9s de rizerie, la gamme de services suivante peut \u00eatre fournie\u00a0:<\/p>    <ul class=\"wp-block-list\"> <li><strong>Vente d'\u00e9quipement et personnalisation<\/strong>: Fournir des ensembles complets d'\u00e9quipements d'usine de transformation de rizerie avec diff\u00e9rentes \u00e9chelles de production, telles que <a href=\"https:\/\/taizyagromachine.com\/fr\/product\/15tpd-rice-mill-plant\/\">Unit\u00e9 de moulin \u00e0 riz 15TPD<\/a>, 25TPD, etc., et peut personnaliser les fraiseuses \u00e0 riz avec des sp\u00e9cifications et des configurations sp\u00e9ciales en fonction de vos besoins.<\/li>    <li><strong>Conseil technique et conception<\/strong>: En fonction de vos besoins sp\u00e9cifiques, des caract\u00e9ristiques des mati\u00e8res premi\u00e8res et des conditions du site, nous fournissons des services professionnels de conception de lignes de production de rizerie et de conseils techniques.<\/li>    <li><strong>Support apr\u00e8s-vente et maintenance<\/strong>: R\u00e9paration ou remplacement gratuit des pi\u00e8ces d\u00e9fectueuses pendant la p\u00e9riode de garantie de l'\u00e9quipement\u00a0; fournir une assistance technique en temps opportun et des services de maintenance payants en dehors de la p\u00e9riode de garantie.<\/li>    <li><strong>Fourniture de pi\u00e8ces<\/strong>: Fourniture \u00e0 long terme de toutes sortes de pi\u00e8ces de rechange d'origine requises par l'usine de transformation du riz, pour garantir la qualit\u00e9 et la compatibilit\u00e9 des pi\u00e8ces de rechange requises dans le processus d'utilisation de l'\u00e9quipement.<\/li> <\/ul>    <figure class=\"wp-block-gallery aligncenter has-nested-images columns-default is-cropped wp-block-gallery-4 is-layout-flex wp-block-gallery-is-layout-flex\"> <figure class=\"wp-block-image size-large\"><img loading=\"lazy\" decoding=\"async\" width=\"720\" height=\"540\" data-id=\"6394\" src=\"https:\/\/taizyagromachine.com\/wp-content\/uploads\/2021\/12\/industrial-rice-milling-machine-for-sale.webp\" alt=\"fraiseuse de riz industrielle \u00e0 vendre\" class=\"wp-image-6394\"\/><figcaption class=\"wp-element-caption\">fraiseuse de riz industrielle \u00e0 vendre<\/figcaption><\/figure>    <figure class=\"wp-block-image size-large\"><img loading=\"lazy\" decoding=\"async\" width=\"720\" height=\"540\" data-id=\"6395\" src=\"https:\/\/taizyagromachine.com\/wp-content\/uploads\/2021\/12\/rice-mill-processing-plant-for-sale.webp\" alt=\"usine de transformation de moulin \u00e0 riz \u00e0 vendre\" class=\"wp-image-6395\"\/><figcaption class=\"wp-element-caption\">usine de transformation de moulin \u00e0 riz \u00e0 vendre<\/figcaption><\/figure> <\/figure>    <h2 class=\"wp-block-heading\"><strong>D\u00e9marrez votre entreprise de mouture du riz maintenant\u00a0!<\/strong><\/h2>    <p class=\"translation-block\">Contactez-nous rapidement, nous concevrons une combinaison de machines raisonnable pour vous en fonction de vos besoins sp\u00e9cifiques, afin de r\u00e9pondre aux diff\u00e9rents besoins de <a href=\"https:\/\/en.wikipedia.org\/wiki\/Rice_mill\" target=\"_blank\" rel=\"noopener\">traitement du riz<\/a>.<\/p>","protected":false},"excerpt":{"rendered":"<p>L'usine de transformation du riz 60TPD doit produire du riz blanc comestible \u00e0 vendre, d'une capacit\u00e9 de 60 tonnes par jour, de la mouture du riz \u00e0 l'emballage du riz. nous pr\u00e9sentons toutes les machines utilis\u00e9es dans le moulin \u00e0 riz.<\/p>","protected":false},"author":1,"featured_media":2033,"parent":0,"template":"","tags":[],"product-type":[18],"class_list":["post-1512","product","type-product","status-publish","has-post-thumbnail","hentry","product-type-rice-mill"],"_links":{"self":[{"href":"https:\/\/taizyagromachine.com\/fr\/wp-json\/wp\/v2\/product\/1512","targetHints":{"allow":["GET"]}}],"collection":[{"href":"https:\/\/taizyagromachine.com\/fr\/wp-json\/wp\/v2\/product"}],"about":[{"href":"https:\/\/taizyagromachine.com\/fr\/wp-json\/wp\/v2\/types\/product"}],"author":[{"embeddable":true,"href":"https:\/\/taizyagromachine.com\/fr\/wp-json\/wp\/v2\/users\/1"}],"wp:featuredmedia":[{"embeddable":true,"href":"https:\/\/taizyagromachine.com\/fr\/wp-json\/wp\/v2\/media\/2033"}],"wp:attachment":[{"href":"https:\/\/taizyagromachine.com\/fr\/wp-json\/wp\/v2\/media?parent=1512"}],"wp:term":[{"taxonomy":"post_tag","embeddable":true,"href":"https:\/\/taizyagromachine.com\/fr\/wp-json\/wp\/v2\/tags?post=1512"},{"taxonomy":"product-type","embeddable":true,"href":"https:\/\/taizyagromachine.com\/fr\/wp-json\/wp\/v2\/product-type?post=1512"}],"curies":[{"name":"wp","href":"https:\/\/api.w.org\/{rel}","templated":true}]}}