{"id":1535,"date":"2021-12-14T06:35:13","date_gmt":"2021-12-14T06:35:13","guid":{"rendered":"https:\/\/taizyagromachine.com\/?p=1535"},"modified":"2022-09-29T11:16:10","modified_gmt":"2022-09-29T03:16:10","slug":"vibration-cleaner","status":"publish","type":"product","link":"https:\/\/taizyagromachine.com\/fr\/product\/vibration-cleaner\/","title":{"rendered":"Nettoyant vibrant"},"content":{"rendered":"<p class=\"translation-block\">Le <strong>nettoyeur vibrant<\/strong> nettoie les grosses, petites et l\u00e9g\u00e8res <a href=\"https:\/\/en.wikipedia.org\/wiki\/Impurity\" target=\"_blank\" rel=\"noreferrer noopener\">impuret\u00e9s<\/a> des grains. En particulier, dans les installations de d\u00e9corticage de riz compl\u00e8tes de grande capacit\u00e9, la machine de nettoyage vibrante du paddy est l'\u00e9tape initiale et n\u00e9cessaire. Elle convient non seulement au riz paddy, mais aussi au bl\u00e9, aux arachides, au s\u00e9same, au soja, etc. De plus, elle est \u00e9quip\u00e9e de deux moteurs vibrants. Parfois, elle est utilis\u00e9e pour le classement des produits semi-finis ou finis. En somme, la machine \u00e0 tamis vibrant est n\u00e9cessaire pour l'installation compl\u00e8te de d\u00e9corticage de riz. Si vous avez des questions, n'h\u00e9sitez pas \u00e0 <a href=\"https:\/\/taizyagromachine.com\/fr\/contact\/\" target=\"_blank\" rel=\"noreferrer noopener\">nous contacter<\/a> pour plus de d\u00e9tails !<\/p>    <h2 class=\"wp-block-heading\" id=\"structure-of-paddy-vibration-cleaner\"><strong>Structure du nettoyeur de vibrations Paddy<\/strong><\/h2>    <p>Notre machine comprend une entr\u00e9e, une sortie respectivement pour les impuret\u00e9s et le riz paddy, un moteur vibrant.<\/p>   <div class=\"wp-block-image\"> <figure class=\"aligncenter size-full\"><img loading=\"lazy\" decoding=\"async\" width=\"720\" height=\"540\" src=\"https:\/\/taizyagromachine.com\/wp-content\/uploads\/2022\/01\/structure-of-vibration-cleaner.jpg\" alt=\"structure du nettoyeur vibrant\" class=\"wp-image-1869\"\/><figcaption>structure du nettoyeur vibrant<\/figcaption><\/figure> <\/div>   <h2 class=\"wp-block-heading\" id=\"advantages-of-vibrating-sieve-cleaner\"><strong>Avantages du nettoyeur de tamis vibrant<\/strong><strong><\/strong><\/h2>    <ul class=\"wp-block-list\" type=\"1\"><li>Structure raisonnable, super qualit\u00e9, performances stables.<\/li><li>Haute efficacit\u00e9 de nettoyage et faible consommation d\u2019\u00e9nergie.<\/li><li>Petites machines, occupant un petit espace.<\/li><li>Marque connue sur les march\u00e9s internationaux.<\/li><li>Personnalisation. Vous pouvez assortir les tamis correspondants \u00e0 base de riz paddy.<\/li><\/ul>    <h2 class=\"wp-block-heading\" id=\"working-principle\"><strong>Principe de fonctionnement<\/strong><strong><\/strong><\/h2>    <p class=\"translation-block\">Le nettoyeur vibrant effectue son travail en fonction de la taille des trous du tamis. Par exemple, dans la <a href=\"https:\/\/taizyagromachine.com\/fr\/product\/solutions\/\" target=\"_blank\" rel=\"noreferrer noopener\">cha\u00eene de production de d\u00e9corticage de riz moderne \u00e0 vendre<\/a>, la machine de nettoyage vibrante adopte un tamis \u00e0 deux couches. G\u00e9n\u00e9ralement, elle a trois sorties. Une est pour les grosses impuret\u00e9s, une est pour les petites et l\u00e9g\u00e8res impuret\u00e9s, et l'autre est pour le riz paddy. C'est facile \u00e0 comprendre. Si vous avez des questions, veuillez nous contacter pour plus d'informations !<\/p>    <figure class=\"wp-block-embed is-type-video is-provider-youtube wp-block-embed-youtube wp-embed-aspect-16-9 wp-has-aspect-ratio\"><div class=\"wp-block-embed__wrapper\"> <iframe loading=\"lazy\" title=\"Le nettoyeur vibrant fonctionne pour nettoyer les impuret\u00e9s du riz paddy dans l&#039;usine de rizerie.\" width=\"500\" height=\"281\" src=\"https:\/\/www.youtube.com\/embed\/L9lQfmDcAsw?feature=oembed\" frameborder=\"0\" allow=\"accelerometer; autoplay; clipboard-write; encrypted-media; gyroscope; picture-in-picture; web-share\" referrerpolicy=\"strict-origin-when-cross-origin\" allowfullscreen><\/iframe> <\/div><\/figure>","protected":false},"excerpt":{"rendered":"<p>Vibration cleaner\u00a0is cleaning the large, small, and light impurities from grains. Especially, in the large capacity complete rice mill plant, the paddy vibrating cleaner machine is the initial and necessary step. It\u2019s suitable for not only paddy rice but also wheat, peanuts, sesame, soybeans, etc. Besides, it is equipped with two vibration motors. Sometimes, it [&hellip;]<\/p>\n","protected":false},"author":1,"featured_media":1867,"parent":0,"template":"","tags":[],"product-type":[18],"class_list":["post-1535","product","type-product","status-publish","has-post-thumbnail","hentry","product-type-rice-mill"],"_links":{"self":[{"href":"https:\/\/taizyagromachine.com\/fr\/wp-json\/wp\/v2\/product\/1535","targetHints":{"allow":["GET"]}}],"collection":[{"href":"https:\/\/taizyagromachine.com\/fr\/wp-json\/wp\/v2\/product"}],"about":[{"href":"https:\/\/taizyagromachine.com\/fr\/wp-json\/wp\/v2\/types\/product"}],"author":[{"embeddable":true,"href":"https:\/\/taizyagromachine.com\/fr\/wp-json\/wp\/v2\/users\/1"}],"wp:featuredmedia":[{"embeddable":true,"href":"https:\/\/taizyagromachine.com\/fr\/wp-json\/wp\/v2\/media\/1867"}],"wp:attachment":[{"href":"https:\/\/taizyagromachine.com\/fr\/wp-json\/wp\/v2\/media?parent=1535"}],"wp:term":[{"taxonomy":"post_tag","embeddable":true,"href":"https:\/\/taizyagromachine.com\/fr\/wp-json\/wp\/v2\/tags?post=1535"},{"taxonomy":"product-type","embeddable":true,"href":"https:\/\/taizyagromachine.com\/fr\/wp-json\/wp\/v2\/product-type?post=1535"}],"curies":[{"name":"wp","href":"https:\/\/api.w.org\/{rel}","templated":true}]}}