{"id":1560,"date":"2021-12-15T08:25:49","date_gmt":"2021-12-15T08:25:49","guid":{"rendered":"https:\/\/taizyagromachine.com\/?p=1560"},"modified":"2025-01-02T13:54:13","modified_gmt":"2025-01-02T05:54:13","slug":"rice-grader","status":"publish","type":"product","link":"https:\/\/taizyagromachine.com\/fr\/product\/rice-grader\/","title":{"rendered":"Niveleuse de riz"},"content":{"rendered":"<p class=\"translation-block\">Le <strong>trieur de riz<\/strong> s\u00e9pare le riz blanc entier et le riz blanc cass\u00e9 selon la taille. Il appartient \u00e0 la s\u00e9rie MMJP de trieurs de riz blanc, jouant un r\u00f4le important dans l'usine de traitement du riz. Il est souvent utilis\u00e9 dans la <a href=\"https:\/\/taizyagromachine.com\/fr\/product\/solutions\/\" target=\"_blank\" rel=\"noreferrer noopener\">ligne de production d'usine de riz enti\u00e8rement automatique<\/a>. En g\u00e9n\u00e9ral, il y a des diam\u00e8tres dans leurs apparences. De plus, il y a une balle en caoutchouc sur le tamis. C'est parce que la balle sert au nettoyage du <a href=\"https:\/\/en.wikipedia.org\/wiki\/Clog\" target=\"_blank\" rel=\"noreferrer noopener\">bouchage<\/a> du tamis. Dans diff\u00e9rentes usines de riz, vous pouvez appliquer des machines de tri de riz de diff\u00e9rentes capacit\u00e9s. De plus, le trieur de riz et le trieur de couleur peuvent changer de s\u00e9quence. Bienvenue \u00e0 nous contacter pour plus de d\u00e9tails !<\/p>    <h2 class=\"wp-block-heading\" id=\"advantages-of-rice-grading-machine\"><strong>Avantages de la niveleuse de riz<\/strong><\/h2>    <ul class=\"wp-block-list\" type=\"1\"><li>Structure raisonnable, fonctionnement stable, super qualit\u00e9.<\/li><li>Efficacit\u00e9 de travail \u00e9lev\u00e9e et faible consommation d'\u00e9nergie.<\/li><li>Pas facilement obstru\u00e9 pour les \u00e9crans, gr\u00e2ce \u00e0 l'\u00e9quipement de nettoyage automatique.<\/li><li>Longue dur\u00e9e de vie, facile \u00e0 utiliser et \u00e0 entretenir.<\/li><li>\u00c9cran multicouche disponible, applicable \u00e0 diff\u00e9rentes capacit\u00e9s de classement du riz.<\/li><li>Petit bruit, forte adaptabilit\u00e9, rendement \u00e9lev\u00e9.<\/li><\/ul>    <figure class=\"wp-block-gallery has-nested-images columns-default is-cropped wp-block-gallery-2 is-layout-flex wp-block-gallery-is-layout-flex\"> <figure class=\"wp-block-image size-large\"><img loading=\"lazy\" decoding=\"async\" width=\"720\" height=\"540\" data-id=\"1890\" src=\"https:\/\/taizyagromachine.com\/wp-content\/uploads\/2022\/02\/screen-rice-grader.jpg\" alt=\"\u00e9cran\" class=\"wp-image-1890\"\/><figcaption>\u00e9cran<\/figcaption><\/figure>    <figure class=\"wp-block-image size-large\"><img loading=\"lazy\" decoding=\"async\" width=\"720\" height=\"540\" data-id=\"1891\" src=\"https:\/\/taizyagromachine.com\/wp-content\/uploads\/2022\/02\/separating-rice.jpg\" alt=\"classement du riz\" class=\"wp-image-1891\"\/><figcaption>classement du riz<\/figcaption><\/figure> <\/figure>    <h2 class=\"wp-block-heading\" id=\"rice-grader-machine-price\"><strong>R.<\/strong><strong>glace <\/strong><strong>g<\/strong><strong>rader <\/strong><strong>M.<\/strong><strong>achine <\/strong><strong>P.<\/strong><strong>riz<\/strong><strong><\/strong><\/h2>    <p class=\"translation-block\">En tant que <a href=\"https:\/\/taizyagromachine.com\/fr\/\" target=\"_blank\" rel=\"noreferrer noopener\">fabricant et fournisseur professionnel de machines \u00e0 riz<\/a>, nous avons diverses usines de riz. L'usine de riz compl\u00e8te n\u00e9cessite un trieur de riz correspondant. Cependant, diff\u00e9rents d\u00e9bits n\u00e9cessitent un s\u00e9parateur de riz correspondant. Le prix de la machine de tri de riz varie. Vous pouvez donc nous faire part de vos besoins et nous vous recommanderons celui qui convient, et vous enverrons le meilleur prix d\u00e8s que possible !<\/p>   <div class=\"wp-block-image\"> <figure class=\"aligncenter size-full\"><img loading=\"lazy\" decoding=\"async\" width=\"720\" height=\"540\" src=\"https:\/\/taizyagromachine.com\/wp-content\/uploads\/2022\/02\/functions-in-the-complete-ric-emill-plant.jpg\" alt=\"fonctions dans l&#039;usine compl\u00e8te de rizerie\" class=\"wp-image-1893\"\/><figcaption>fonctions dans l'usine compl\u00e8te de rizerie<\/figcaption><\/figure> <\/div>","protected":false},"excerpt":{"rendered":"<p>Rice grader\u00a0is separating the whole white rice and broken white rice according to size. It belongs to MMJP series white rice grader, an important role in the rice processing plant. Often, it is used in the fully automatic rice mill plant production line. Generally speaking, there are diameters in their appearances. Besides, there is the [&hellip;]<\/p>\n","protected":false},"author":1,"featured_media":1889,"parent":0,"template":"","tags":[],"product-type":[18],"class_list":["post-1560","product","type-product","status-publish","has-post-thumbnail","hentry","product-type-rice-mill"],"_links":{"self":[{"href":"https:\/\/taizyagromachine.com\/fr\/wp-json\/wp\/v2\/product\/1560","targetHints":{"allow":["GET"]}}],"collection":[{"href":"https:\/\/taizyagromachine.com\/fr\/wp-json\/wp\/v2\/product"}],"about":[{"href":"https:\/\/taizyagromachine.com\/fr\/wp-json\/wp\/v2\/types\/product"}],"author":[{"embeddable":true,"href":"https:\/\/taizyagromachine.com\/fr\/wp-json\/wp\/v2\/users\/1"}],"wp:featuredmedia":[{"embeddable":true,"href":"https:\/\/taizyagromachine.com\/fr\/wp-json\/wp\/v2\/media\/1889"}],"wp:attachment":[{"href":"https:\/\/taizyagromachine.com\/fr\/wp-json\/wp\/v2\/media?parent=1560"}],"wp:term":[{"taxonomy":"post_tag","embeddable":true,"href":"https:\/\/taizyagromachine.com\/fr\/wp-json\/wp\/v2\/tags?post=1560"},{"taxonomy":"product-type","embeddable":true,"href":"https:\/\/taizyagromachine.com\/fr\/wp-json\/wp\/v2\/product-type?post=1560"}],"curies":[{"name":"wp","href":"https:\/\/api.w.org\/{rel}","templated":true}]}}