{"id":1601,"date":"2021-12-18T01:14:32","date_gmt":"2021-12-18T01:14:32","guid":{"rendered":"https:\/\/taizyagromachine.com\/?p=1601"},"modified":"2025-01-02T13:52:00","modified_gmt":"2025-01-02T05:52:00","slug":"emery-roller-rice-mill-machine","status":"publish","type":"product","link":"https:\/\/taizyagromachine.com\/fr\/product\/emery-roller-rice-mill-machine\/","title":{"rendered":"Machine de moulin \u00e0 riz \u00e0 rouleaux \u00e9meri"},"content":{"rendered":"<p class=\"translation-block\">Le <strong>d\u00e9cortiqueur de riz \u00e0 rouleau \u00e9meri<\/strong> est l'\u00e9quipement id\u00e9al pour transformer le riz brun en riz blanc. G\u00e9n\u00e9ralement, cet \u00e9quipement de d\u00e9corticage de riz \u00e0 rouleau \u00e9meri est appel\u00e9 s\u00e9rie MNMS. Cette machine \u00e0 d\u00e9cortiquer le riz a de nombreuses applications dans l'usine de d\u00e9corticage de riz et la <a href=\"https:\/\/taizyagromachine.com\/fr\/product\/solutions\/\" target=\"_blank\" rel=\"noreferrer noopener\">ligne de production de d\u00e9corticage de riz<\/a>. De plus, elle pr\u00e9sente les avantages d'une structure simple, d'un fonctionnement facile et d'une maintenance pratique. Plus important encore, elle convient mieux au riz de forme longue. Veuillez nous contacter pour plus de d\u00e9tails !<\/p>   <div class=\"wp-block-image\"> <figure class=\"aligncenter size-full\"><img loading=\"lazy\" decoding=\"async\" width=\"720\" height=\"540\" src=\"https:\/\/taizyagromachine.com\/wp-content\/uploads\/2022\/02\/emery-roller-rice-mill-machine.jpg\" alt=\"machine de moulin \u00e0 riz \u00e0 rouleaux \u00e9meri\" class=\"wp-image-1903\"\/><figcaption>machine de moulin \u00e0 riz \u00e0 rouleaux \u00e9meri<\/figcaption><\/figure> <\/div>   <h2 class=\"wp-block-heading\" id=\"structure-of-rice-milling-machine-for-sale\"><strong>Structure de la fraiseuse de riz \u00e0 vendre<\/strong><\/h2>   <div class=\"wp-block-image\"> <figure class=\"aligncenter size-full\"><img loading=\"lazy\" decoding=\"async\" width=\"720\" height=\"540\" src=\"https:\/\/taizyagromachine.com\/wp-content\/uploads\/2022\/02\/machine-structure-emery-roll-rice-mill-machine.jpg\" alt=\"structure de la machine\" class=\"wp-image-1905\"\/><figcaption>structure de la machine<\/figcaption><\/figure> <\/div>   <h2 class=\"wp-block-heading\" id=\"features\"><strong>Caract\u00e9ristiques de la machine de moulin \u00e0 riz \u00e0 rouleaux \u00e9meri<\/strong><\/h2>    <ul class=\"wp-block-list\" type=\"1\"><li>Structure raisonnable, bonne qualit\u00e9, performances stables.<\/li><li>Volume de production \u00e9lev\u00e9, moins de brisures de riz.<\/li><li>Facile \u00e0 contr\u00f4ler et \u00e0 ajuster pour un riz de haute qualit\u00e9 et pr\u00e9cis.<\/li><li>Technologie de pointe et grande praticit\u00e9.<\/li><li>Diff\u00e9rents mod\u00e8les pour r\u00e9pondre \u00e0 vos exigences.<\/li><\/ul>    <h2 class=\"wp-block-heading\" id=\"machine-details\"><strong>D\u00e9tails de la machine<\/strong><strong><\/strong><\/h2>    <h3 class=\"wp-block-heading\" id=\"emery-roller\">Rouleau \u00e9meri<\/h3>    <p>Ce rouleau \u00e9meri est utilis\u00e9 pour la machine \u00e0 riz pour broyer le riz brun. Il pr\u00e9sente les avantages d\u2019une faible consommation d\u2019\u00e9nergie, d\u2019un rendement de riz \u00e9lev\u00e9 et d\u2019une efficacit\u00e9 de production \u00e9lev\u00e9e.<\/p>   <div class=\"wp-block-image\"> <figure class=\"aligncenter size-full\"><img loading=\"lazy\" decoding=\"async\" width=\"720\" height=\"450\" src=\"https:\/\/taizyagromachine.com\/wp-content\/uploads\/2022\/02\/emery-roller.jpg\" alt=\"rouleau \u00e9meri\" class=\"wp-image-1908\"\/><figcaption>rouleau \u00e9meri<\/figcaption><\/figure> <\/div>   <h3 class=\"wp-block-heading\" id=\"feed-hopper\">Tr\u00e9mie d'alimentation<\/h3>    <p>Il dispose d'une fen\u00eatre visuelle, pratique pour observer la vitesse du riz brun. En plus, il dispose d'un tableau de bord. Depuis le tableau de bord, vous pouvez observer avec pr\u00e9cision la pression d'alimentation.<\/p>    <h3 class=\"wp-block-heading\" id=\"blower\">Ventilateur<\/h3>    <p>Le ventilateur adopte le mat\u00e9riau en aluminium, ayant une meilleure extension. Il pr\u00e9sente donc de bonnes performances m\u00e9caniques.<\/p>   <div class=\"wp-block-image\"> <figure class=\"aligncenter size-full\"><img loading=\"lazy\" decoding=\"async\" width=\"720\" height=\"450\" src=\"https:\/\/taizyagromachine.com\/wp-content\/uploads\/2022\/02\/air-cleaner.jpg\" alt=\"ventilateur\" class=\"wp-image-1907\"\/><figcaption>ventilateur<\/figcaption><\/figure> <\/div>   <h3 class=\"wp-block-heading\" id=\"outlet\">Sortie<\/h3>    <p class=\"translation-block\">Depuis la sortie, nous pouvons observer s'il y a un probl\u00e8me avec la qualit\u00e9 du riz, et c'est clair pour la s\u00e9paration du <a href=\"https:\/\/en.wikipedia.org\/wiki\/Bran\" target=\"_blank\" rel=\"noreferrer noopener\">son<\/a>.<\/p>    <h2 class=\"wp-block-heading\" id=\"functions-in-complete-rice-mill-plant\"><strong>Fonctions dans une usine compl\u00e8te de rizerie<\/strong><strong><\/strong><\/h2>    <p>La fraiseuse \u00e0 riz \u00e0 rouleaux \u00e9meri joue un r\u00f4le tr\u00e8s important dans l'unit\u00e9 de broyage de riz int\u00e9gr\u00e9e. Comme chacun le sait, la fraiseuse \u00e0 riz est une \u00e9tape essentielle du processus. Il sert principalement \u00e0 moudre le riz brun en riz blanc. Et la capacit\u00e9 varie en fonction des diff\u00e9rentes lignes de production de rizerie. Ainsi, le prix de l\u2019usine de rizerie est diff\u00e9rent. Si vous n'avez aucune id\u00e9e de la fraiseuse \u00e0 riz, veuillez nous contacter pour obtenir de l'aide\u00a0!<\/p>   <div class=\"wp-block-image\"> <figure class=\"aligncenter size-full\"><img loading=\"lazy\" decoding=\"async\" width=\"720\" height=\"540\" src=\"https:\/\/taizyagromachine.com\/wp-content\/uploads\/2022\/02\/functions-in-the-complete-ric-emill-plant.jpg\" alt=\"fonctions dans l&#039;usine compl\u00e8te de rizerie\" class=\"wp-image-1893\"\/><figcaption>fonctions dans l'usine compl\u00e8te de rizerie<\/figcaption><\/figure> <\/div>","protected":false},"excerpt":{"rendered":"<p>Emery roller rice mill machine&nbsp;is the ideal equipment for processing brown rice into white rice. Generally, this emery roller rice milling equipment is called as MNMS series. This rice milling machine has wide applications in the rice milling plant and rice mill production line. Besides, it has the advantages of simple structure, easy operation, and [&hellip;]<\/p>\n","protected":false},"author":1,"featured_media":1903,"parent":0,"template":"","tags":[],"product-type":[18],"class_list":["post-1601","product","type-product","status-publish","has-post-thumbnail","hentry","product-type-rice-mill"],"_links":{"self":[{"href":"https:\/\/taizyagromachine.com\/fr\/wp-json\/wp\/v2\/product\/1601","targetHints":{"allow":["GET"]}}],"collection":[{"href":"https:\/\/taizyagromachine.com\/fr\/wp-json\/wp\/v2\/product"}],"about":[{"href":"https:\/\/taizyagromachine.com\/fr\/wp-json\/wp\/v2\/types\/product"}],"author":[{"embeddable":true,"href":"https:\/\/taizyagromachine.com\/fr\/wp-json\/wp\/v2\/users\/1"}],"wp:featuredmedia":[{"embeddable":true,"href":"https:\/\/taizyagromachine.com\/fr\/wp-json\/wp\/v2\/media\/1903"}],"wp:attachment":[{"href":"https:\/\/taizyagromachine.com\/fr\/wp-json\/wp\/v2\/media?parent=1601"}],"wp:term":[{"taxonomy":"post_tag","embeddable":true,"href":"https:\/\/taizyagromachine.com\/fr\/wp-json\/wp\/v2\/tags?post=1601"},{"taxonomy":"product-type","embeddable":true,"href":"https:\/\/taizyagromachine.com\/fr\/wp-json\/wp\/v2\/product-type?post=1601"}],"curies":[{"name":"wp","href":"https:\/\/api.w.org\/{rel}","templated":true}]}}