{"id":1622,"date":"2021-12-18T01:14:22","date_gmt":"2021-12-18T01:14:22","guid":{"rendered":"https:\/\/taizyagromachine.com\/?p=1622"},"modified":"2025-01-02T13:52:32","modified_gmt":"2025-01-02T05:52:32","slug":"gravity-paddy-separator","status":"publish","type":"product","link":"https:\/\/taizyagromachine.com\/fr\/product\/gravity-paddy-separator\/","title":{"rendered":"S\u00e9parateur de paddy par gravit\u00e9"},"content":{"rendered":"<p class=\"translation-block\">Le <strong>s\u00e9parateur de paddy par gravit\u00e9<\/strong> sert \u00e0 s\u00e9parer le riz brun du riz paddy en fonction de la gravit\u00e9. G\u00e9n\u00e9ralement, nous l'appelons s\u00e9rie MGCZ. Dans l'usine de traitement du riz, il am\u00e9liore consid\u00e9rablement le rendement en riz complet et augmente \u00e9norm\u00e9ment le b\u00e9n\u00e9fice \u00e9conomique. Il existe divers mod\u00e8les de s\u00e9parateurs de paddy par gravit\u00e9 \u00e0 vendre. Pour les grandes installations de d\u00e9corticage de riz, ce s\u00e9parateur par gravit\u00e9 est plac\u00e9 individuellement. Compar\u00e9 aux grandes installations de d\u00e9corticage de riz, pour la configuration standard et la petite capacit\u00e9, le s\u00e9parateur par gravit\u00e9 est toujours situ\u00e9 au-dessus de la machine de d\u00e9corticage de riz. Contactez-nous pour plus de d\u00e9tails !<\/p>    <h2 class=\"wp-block-heading\" id=\"gravity-separator-design\"><strong>Conception du s\u00e9parateur par gravit\u00e9<\/strong><\/h2>    <p>Ce s\u00e9parateur de paddy par gravit\u00e9 a une conception unique et simple. Le moteur en cuivre fournit la puissance n\u00e9cessaire au fonctionnement de cette machine, et le tamis d\u00e9cide de s\u00e9parer le riz paddy et le riz brun. Ils se compl\u00e8tent et sont indispensables.<\/p>    <figure class=\"wp-block-gallery has-nested-images columns-default is-cropped wp-block-gallery-2 is-layout-flex wp-block-gallery-is-layout-flex\"> <figure class=\"wp-block-image size-large\"><img loading=\"lazy\" decoding=\"async\" width=\"720\" height=\"540\" data-id=\"1897\" src=\"https:\/\/taizyagromachine.com\/wp-content\/uploads\/2022\/02\/copper-motor-gravity-separator.jpg\" alt=\"moteur en cuivre\" class=\"wp-image-1897\"\/><figcaption>moteur en cuivre<\/figcaption><\/figure>    <figure class=\"wp-block-image size-large\"><img loading=\"lazy\" decoding=\"async\" width=\"720\" height=\"540\" data-id=\"1898\" src=\"https:\/\/taizyagromachine.com\/wp-content\/uploads\/2022\/02\/sieve-plate.jpg\" alt=\"plaque de tamis\" class=\"wp-image-1898\"\/><figcaption>plaque de tamis<\/figcaption><\/figure> <\/figure>    <h2 class=\"wp-block-heading\" id=\"features\"><strong>Caract\u00e9ristiques<\/strong><strong><\/strong><\/h2>    <ul class=\"wp-block-list\" type=\"1\"><li>Op\u00e9ration facile, construction compacte et performances stables.<\/li><li>Applications larges. Parce que cette machine peut s'appliquer au riz brun \u00e0 grains longs et \u00e0 grains ronds.<\/li><li>La conception unique de l'\u00e9quilibre permet d'obtenir de superbes performances du m\u00e9canisme.<\/li><li>Faible barycentre m\u00e9canique, propri\u00e9t\u00e9 de traitement rotative et stable raisonnable.<\/li><li>Diff\u00e9rents mod\u00e8les r\u00e9pondent aux diff\u00e9rentes exigences des clients.<\/li><\/ul>    <h2 class=\"wp-block-heading\" id=\"gravity-separator-working-principle\"><strong>Principe de fonctionnement du s\u00e9parateur par gravit\u00e9<\/strong><strong><\/strong><\/h2>    <p class=\"translation-block\">Dans l'installation int\u00e9gr\u00e9e enti\u00e8rement automatique de d\u00e9corticage de riz, le s\u00e9parateur de paddy par gravit\u00e9 est essentiel. En raison de la diff\u00e9rence de <a href=\"https:\/\/en.wikipedia.org\/wiki\/Gravity\" target=\"_blank\" rel=\"noreferrer noopener\">gravit\u00e9<\/a> et des coefficients de friction, le riz paddy et le riz brun se s\u00e9parent avec le mouvement alternatif des tamis.<\/p>    <h2 class=\"wp-block-heading\" id=\"conclusion\"><strong>Conclusion<\/strong><strong><\/strong><\/h2>    <p class=\"translation-block\">Chez Taizy Company, le s\u00e9parateur de paddy par gravit\u00e9 est toujours int\u00e9gr\u00e9 \u00e0 la <a href=\"https:\/\/taizyagromachine.com\/fr\/product\/solutions\/\" target=\"_blank\" rel=\"noreferrer noopener\">ligne de production de d\u00e9corticage de riz<\/a>. Diff\u00e9rentes lignes de d\u00e9corticage de riz compl\u00e8tes doivent correspondre au s\u00e9parateur par gravit\u00e9 correspondant. Ainsi, le prix du s\u00e9parateur par gravit\u00e9 varie en fonction des diff\u00e9rentes capacit\u00e9s des installations de d\u00e9corticage de riz. De plus, tout comme le trieur de riz, le <a href=\"https:\/\/taizyagromachine.com\/fr\/product\/vibration-cleaner\/\" target=\"_blank\" rel=\"noreferrer noopener\">nettoyeur vibrant<\/a>, etc. Comment configurer une installation de d\u00e9corticage de riz adapt\u00e9e \u00e0 votre entreprise ? Vous pouvez nous faire part de vos besoins d\u00e9taill\u00e9s, et notre responsable commercial professionnel vous fournira les solutions appropri\u00e9es pour vous satisfaire.<\/p>   <div class=\"wp-block-image\"> <figure class=\"aligncenter size-full\"><img loading=\"lazy\" decoding=\"async\" width=\"720\" height=\"540\" src=\"https:\/\/taizyagromachine.com\/wp-content\/uploads\/2022\/02\/functions-in-the-complete-ric-emill-plant.jpg\" alt=\"fonctions dans l&#039;usine compl\u00e8te de rizerie\" class=\"wp-image-1893\"\/><figcaption>fonctions dans l'usine compl\u00e8te de rizerie<\/figcaption><\/figure> <\/div>","protected":false},"excerpt":{"rendered":"<p>Gravity paddy separator&nbsp;is to divide brown rice from the paddy rice according to gravity.&nbsp;Generally, we call it MGCZ series. In the rice processing plant, it not only improves whole rice output greatly, also promotes economic benefit enormously. There are various models of gravity paddy rice separator for sale. For the large capacity rice mill plant, [&hellip;]<\/p>\n","protected":false},"author":1,"featured_media":1896,"parent":0,"template":"","tags":[],"product-type":[18],"class_list":["post-1622","product","type-product","status-publish","has-post-thumbnail","hentry","product-type-rice-mill"],"_links":{"self":[{"href":"https:\/\/taizyagromachine.com\/fr\/wp-json\/wp\/v2\/product\/1622","targetHints":{"allow":["GET"]}}],"collection":[{"href":"https:\/\/taizyagromachine.com\/fr\/wp-json\/wp\/v2\/product"}],"about":[{"href":"https:\/\/taizyagromachine.com\/fr\/wp-json\/wp\/v2\/types\/product"}],"author":[{"embeddable":true,"href":"https:\/\/taizyagromachine.com\/fr\/wp-json\/wp\/v2\/users\/1"}],"wp:featuredmedia":[{"embeddable":true,"href":"https:\/\/taizyagromachine.com\/fr\/wp-json\/wp\/v2\/media\/1896"}],"wp:attachment":[{"href":"https:\/\/taizyagromachine.com\/fr\/wp-json\/wp\/v2\/media?parent=1622"}],"wp:term":[{"taxonomy":"post_tag","embeddable":true,"href":"https:\/\/taizyagromachine.com\/fr\/wp-json\/wp\/v2\/tags?post=1622"},{"taxonomy":"product-type","embeddable":true,"href":"https:\/\/taizyagromachine.com\/fr\/wp-json\/wp\/v2\/product-type?post=1622"}],"curies":[{"name":"wp","href":"https:\/\/api.w.org\/{rel}","templated":true}]}}