{"id":1646,"date":"2022-01-20T08:04:29","date_gmt":"2022-01-20T08:04:29","guid":{"rendered":"https:\/\/taizyagromachine.com\/"},"modified":"2025-01-02T13:54:01","modified_gmt":"2025-01-02T05:54:01","slug":"paddy-wheat-thresher-for-sorghum-rice-beans-rapeseed","status":"publish","type":"product","link":"https:\/\/taizyagromachine.com\/fr\/product\/paddy-wheat-thresher-for-sorghum-rice-beans-rapeseed\/","title":{"rendered":"Batteuse de bl\u00e9 paddy pour le sorgho, le riz, les haricots et le colza"},"content":{"rendered":"<p class=\"translation-block\"><strong>Paddy wheat thresher<\/strong> est principalement utilis\u00e9 pour threshing le riz paddy et le bl\u00e9. De plus, il convient \u00e9galement pour <a href=\"https:\/\/en.wikipedia.org\/wiki\/Sorghum\" target=\"_blank\" rel=\"noreferrer noopener\">le sorgo<\/a> et les haricots. Une autre chose n\u00e9cessitant une attention est que nous devrions personnaliser la machine pour l\u2019\u00e9grenage des haricots. Cela est d\u00fb aux diff\u00e9rentes vitesses d\u2019al\u00e9soir. De plus, ce s\u00e9parateur de riz appartient \u00e0 la s\u00e9rie 5TD. Le mod\u00e8le pr\u00e9sent\u00e9 aujourd\u2019hui est le 5TD-125. Ce type d\u2019\u00e9grenage du bl\u00e9 adopte un double nettoyage \u00e0 air pour \u00e9liminer les impuret\u00e9s. En raison de la capacit\u00e9 plus \u00e9lev\u00e9e, nous pouvons \u00e9quiper le moteur \u00e9lectrique ou le moteur diesel comme syst\u00e8me d\u2019alimentation. Bien s\u00fbr, contactez-nous pour plus d\u2019informations ! Nous r\u00e9pondrons tr\u00e8s bient\u00f4t !\"<\/p>    <h2 class=\"wp-block-heading\" id=\"h-characteristics-of-paddy-wheat-thresher\"><strong>Caract\u00e9ristiques de la batteuse de bl\u00e9 paddy<\/strong><\/h2>    <ul class=\"wp-block-list\" type=\"1\"><li>Structure raisonnable, taux de battage \u00e9lev\u00e9, faible taux de perte.<\/li><li>Filtres \u00e0 air doubles. Mieux vaut \u00e9liminer les impuret\u00e9s pour rendre le riz paddy et le bl\u00e9 plus propres.<\/li><li>Configuration bas\u00e9e sur les demandes des clients. Comme <a href=\"https:\/\/taizyagromachine.com\/fr\/\" target=\"_blank\" rel=\"noreferrer noopener\">une entreprise exp\u00e9riment\u00e9e et professionnelle<\/a>, notre batteuse de bl\u00e9 peut colocaliser les roues, le ch\u00e2ssis, la prise de force, etc. Bien s\u00fbr, le prix de la batteuse de paddy diff\u00e8re.<\/li><li>Personnalisez la batteuse de paddy si les cultures sont des haricots. En raison de la vitesse diff\u00e9rente, la batteuse de riz et de bl\u00e9 peut \u00eatre personnalis\u00e9e.<\/li><li>Changement de tamis pour d\u00e9cortiquer le bl\u00e9, le riz correspondant.<\/li><\/ul>    <h2 class=\"wp-block-heading\" id=\"h-paddy-wheat-thresher-structure\"><strong>Structure de batteuse de bl\u00e9 paddy<\/strong><strong><\/strong><\/h2>    <p>Compar\u00e9 \u00e0 la petite batteuse de bl\u00e9, ce type a une grande capacit\u00e9. Il se compose d'une entr\u00e9e d'alimentation, d'une sortie d'impuret\u00e9s, d'un tamis, de ventilateurs et d'un support. Dans l\u2019ensemble, c\u2019est facile \u00e0 comprendre et \u00e0 utiliser.<\/p>    <figure class=\"wp-block-gallery aligncenter has-nested-images columns-default is-cropped wp-block-gallery-2 is-layout-flex wp-block-gallery-is-layout-flex\"> <figure class=\"wp-block-image size-large\"><img loading=\"lazy\" decoding=\"async\" width=\"720\" height=\"540\" data-id=\"1648\" src=\"https:\/\/taizyagromachine.com\/wp-content\/uploads\/2022\/01\/structure-125.jpg\" alt=\"structure de la batteuse de bl\u00e9 paddy\" class=\"wp-image-1648\"\/><figcaption>structure<\/figcaption><\/figure>    <figure class=\"wp-block-image size-large\"><img loading=\"lazy\" decoding=\"async\" width=\"720\" height=\"540\" data-id=\"1649\" src=\"https:\/\/taizyagromachine.com\/wp-content\/uploads\/2022\/01\/structure-side-125.jpg\" alt=\"structure avec prise de force\" class=\"wp-image-1649\"\/><figcaption>structure avec prise de force<\/figcaption><\/figure> <\/figure>    <h2 class=\"wp-block-heading\" id=\"h-applications-of-rice-thresher\"><strong>Applications de la batteuse de riz<\/strong><\/h2>    <p>D'une mani\u00e8re g\u00e9n\u00e9rale, la batteuse de bl\u00e9 paddy convient au riz, au bl\u00e9, au sorgho, aux haricots, au colza, etc. Sauf pour les haricots, pour les autres, il suffit de remplacer le tamis puis de battre les r\u00e9coltes.<\/p>    <figure class=\"wp-block-gallery aligncenter has-nested-images columns-default is-cropped wp-block-gallery-3 is-layout-flex wp-block-gallery-is-layout-flex\"> <figure class=\"wp-block-image size-large\"><img loading=\"lazy\" decoding=\"async\" width=\"720\" height=\"300\" data-id=\"1650\" src=\"https:\/\/taizyagromachine.com\/wp-content\/uploads\/2022\/01\/applications-125.jpg\" alt=\"applicable bl\u00e9, riz\" class=\"wp-image-1650\"\/><figcaption>applicable bl\u00e9, riz<\/figcaption><\/figure> <\/figure>    <figure class=\"wp-block-gallery aligncenter has-nested-images columns-default is-cropped wp-block-gallery-4 is-layout-flex wp-block-gallery-is-layout-flex\"> <figure class=\"wp-block-image size-large\"><img loading=\"lazy\" decoding=\"async\" width=\"720\" height=\"300\" data-id=\"1651\" src=\"https:\/\/taizyagromachine.com\/wp-content\/uploads\/2022\/01\/applications-beans-125.jpg\" alt=\"haricots applicables\" class=\"wp-image-1651\"\/><figcaption>haricots applicables<\/figcaption><\/figure>    <figure class=\"wp-block-image size-large\"><img loading=\"lazy\" decoding=\"async\" width=\"720\" height=\"300\" data-id=\"1653\" src=\"https:\/\/taizyagromachine.com\/wp-content\/uploads\/2022\/01\/applications-rapeseed-125-1.jpg\" alt=\"colza applicable\" class=\"wp-image-1653\"\/><figcaption>colza applicable<\/figcaption><\/figure> <\/figure>    <h2 class=\"wp-block-heading\" id=\"h-successful-case-5td-125-paddy-thresher-exported-to-zimbabwe\"><strong>Cas r\u00e9ussi\u00a0: batteuse de paddy 5TD-125 export\u00e9e au Zimbabwe<\/strong><strong><\/strong><\/h2>    <p>Un client du Zimbabwe s'est renseign\u00e9 sur la batteuse de bl\u00e9 pour ses fermes de bl\u00e9. Il lui fallait une grande capacit\u00e9 de 1 200 kg par heure selon l'\u00e9chelle de son exploitation. Notre responsable commerciale Lena lui a donc recommand\u00e9 le 5TD-125. Cette batteuse de bl\u00e9 paddy peut \u00eatre \u00e9quip\u00e9e de grandes roues, de supports, ainsi que d'une prise de force pour se connecter au tracteur. Client du Zimbabwe par rapport \u00e0 d'autres entreprises \u00e9galement. Finalement, il a command\u00e9 chez nous, Taizy Agro Machine Company. Et il a renvoy\u00e9 la photo de retour, r\u00e9pertori\u00e9e ci-dessous.<\/p>    <figure class=\"wp-block-gallery aligncenter has-nested-images columns-default is-cropped wp-block-gallery-5 is-layout-flex wp-block-gallery-is-layout-flex\"> <figure class=\"wp-block-image size-large\"><img loading=\"lazy\" decoding=\"async\" width=\"720\" height=\"300\" data-id=\"1654\" src=\"https:\/\/taizyagromachine.com\/wp-content\/uploads\/2022\/01\/check-scene.jpg\" alt=\"sc\u00e8ne de contr\u00f4le\" class=\"wp-image-1654\"\/><figcaption>v\u00e9rifier la sc\u00e8ne<\/figcaption><\/figure>    <figure class=\"wp-block-image size-large\"><img loading=\"lazy\" decoding=\"async\" width=\"720\" height=\"300\" data-id=\"1655\" src=\"https:\/\/taizyagromachine.com\/wp-content\/uploads\/2022\/01\/working-scene.jpg\" alt=\"sc\u00e8ne de travail\" class=\"wp-image-1655\"\/><figcaption>sc\u00e8ne de travail<\/figcaption><\/figure> <\/figure>    <figure class=\"wp-block-gallery aligncenter has-nested-images columns-default is-cropped wp-block-gallery-6 is-layout-flex wp-block-gallery-is-layout-flex\"> <figure class=\"wp-block-image size-large\"><img loading=\"lazy\" decoding=\"async\" width=\"720\" height=\"300\" data-id=\"1656\" src=\"https:\/\/taizyagromachine.com\/wp-content\/uploads\/2022\/01\/threshing-effect.jpg\" alt=\"effet de battage\" class=\"wp-image-1656\"\/><figcaption>effet de battage<\/figcaption><\/figure> <\/figure>","protected":false},"excerpt":{"rendered":"<p>Paddy wheat thresher\u00a0is mainly to thresh the paddy rice and wheat. Also, it\u2019s suitable for sorghum and beans. One more thing needing attention is that we should customize the machine of shelling beans. That\u2019s because of the different spindle speeds. What\u2019s more, this rice thresher belongs to the 5TD series. The model introduced today is [&hellip;]<\/p>\n","protected":false},"author":1,"featured_media":2144,"parent":0,"template":"","tags":[],"product-type":[20],"class_list":["post-1646","product","type-product","status-publish","has-post-thumbnail","hentry","product-type-rice-and-wheat-machine"],"_links":{"self":[{"href":"https:\/\/taizyagromachine.com\/fr\/wp-json\/wp\/v2\/product\/1646","targetHints":{"allow":["GET"]}}],"collection":[{"href":"https:\/\/taizyagromachine.com\/fr\/wp-json\/wp\/v2\/product"}],"about":[{"href":"https:\/\/taizyagromachine.com\/fr\/wp-json\/wp\/v2\/types\/product"}],"author":[{"embeddable":true,"href":"https:\/\/taizyagromachine.com\/fr\/wp-json\/wp\/v2\/users\/1"}],"wp:featuredmedia":[{"embeddable":true,"href":"https:\/\/taizyagromachine.com\/fr\/wp-json\/wp\/v2\/media\/2144"}],"wp:attachment":[{"href":"https:\/\/taizyagromachine.com\/fr\/wp-json\/wp\/v2\/media?parent=1646"}],"wp:term":[{"taxonomy":"post_tag","embeddable":true,"href":"https:\/\/taizyagromachine.com\/fr\/wp-json\/wp\/v2\/tags?post=1646"},{"taxonomy":"product-type","embeddable":true,"href":"https:\/\/taizyagromachine.com\/fr\/wp-json\/wp\/v2\/product-type?post=1646"}],"curies":[{"name":"wp","href":"https:\/\/api.w.org\/{rel}","templated":true}]}}