{"id":1671,"date":"2022-01-21T08:59:57","date_gmt":"2022-01-21T08:59:57","guid":{"rendered":"https:\/\/taizyagromachine.com\/"},"modified":"2025-01-02T13:52:52","modified_gmt":"2025-01-02T05:52:52","slug":"groundnut-sheller","status":"publish","type":"product","link":"https:\/\/taizyagromachine.com\/fr\/product\/groundnut-sheller\/","title":{"rendered":"D\u00e9cortiqueuse d'arachide"},"content":{"rendered":"<p class=\"translation-block\"><strong>D\u00e9cortiqueuse d'arachides<\/strong> : sp\u00e9cialement con\u00e7ue pour s\u00e9parer les coques et les amandes d'arachides, sans endommager les amandes. Ce type appartient \u00e0 la s\u00e9rie TBH, et le mod\u00e8le pr\u00e9sent\u00e9 aujourd'hui est le TBH-800. Cette d\u00e9cortiqueuse d'arachides peut utiliser un moteur \u00e9lectrique, un moteur \u00e0 essence ou un moteur diesel comme syst\u00e8me d'alimentation. De plus, cette machine \u00e0 d\u00e9cortiquer les arachides \u00e0 vendre installe deux tamis \u00e0 l'int\u00e9rieur. Ainsi, deux ventilateurs sont disponibles. De plus, cette machine \u00e0 enlever la coque d'arachide peut r\u00e9aliser un double d\u00e9corticage. Bien s\u00fbr, c'est tr\u00e8s pratique. Si vous avez des terres \u00e0 arachides, vous pouvez acheter une machine \u00e0 d\u00e9cortiquer les arachides pour la maison. Au plaisir de recevoir vos demandes !<\/p>   <div class=\"wp-block-image\"> <figure class=\"aligncenter size-full\"><img loading=\"lazy\" decoding=\"async\" width=\"720\" height=\"540\" src=\"https:\/\/taizyagromachine.com\/wp-content\/uploads\/2022\/01\/peanut-sheller.jpg\" alt=\"d\u00e9cortiqueuse d&#039;arachide-d\u00e9cortiqueuse d&#039;arachide\" class=\"wp-image-1672\"\/><figcaption class=\"wp-element-caption\">d\u00e9cortiqueuse d'arachide<\/figcaption><\/figure> <\/div>   <h2 class=\"wp-block-heading\" id=\"h-working-process-of-groundnut-sheller\"><strong>Processus de travail du d\u00e9cortiqueur d'arachide<\/strong><\/h2>    <ol class=\"wp-block-list\" type=\"1\"> <li>Introduisez les cacahu\u00e8tes dans le tambour avant \u00e0 travers la tr\u00e9mie d'alimentation.<\/li>    <li>Les cacahu\u00e8tes seront pel\u00e9es par la rotation du manchon de suspension et la force de frottement de la plaque concave.<\/li>    <li>Le noyau et la coque de l'arachide s\u00e9par\u00e9s tombent. Gr\u00e2ce au canal du vent, la coquille de cacahu\u00e8te est souffl\u00e9e par la force du vent, pour la s\u00e9lection primaire.<\/li>    <li>Le noyau d'arachide et l'arachide non d\u00e9cortiqu\u00e9e arrivent ensemble au s\u00e9parateur par gravit\u00e9 pour \u00eatre s\u00e9lectionn\u00e9s.<\/li>    <li>Le noyau d'arachide s\u00e9lectionn\u00e9 sortira de la sortie du noyau d'arachide. Pendant que les cacahu\u00e8tes non d\u00e9cortiqu\u00e9es reviennent au convoyeur \u00e9olien, pr\u00e9parez-vous \u00e0 commencer \u00e0 d\u00e9cortiquer deux fois.<\/li>    <li>Continuez l'\u00e9tape 3, la d\u00e9cortiqueuse d'arachide r\u00e9alise enfin le d\u00e9corticage complet.<\/li> <\/ol>    <h2 class=\"wp-block-heading\" id=\"h-advantages-of-peanut-sheller-for-sale\"><strong>Avantages du d\u00e9cortiqueur d'arachides \u00e0 vendre<\/strong><strong><\/strong><\/h2>    <ul class=\"wp-block-list\" type=\"1\"> <li>D\u00e9corticage et criblage automatique des arachides. Compl\u00e9tez automatiquement le d\u00e9corticage des arachides et le d\u00e9corticage deux fois. S\u00e9parez les mauvais noyaux de cacahu\u00e8tes. &nbsp;<\/li>    <li>Structure compacte, fonctionnement flexible, entretien facile.<\/li>    <li>Efficacit\u00e9 de bombardement \u00e9lev\u00e9e, haute performance, \u00e9conomie de travail.<\/li>    <li>L'ensemble du cadre du d\u00e9cortiqueur d'arachides est en acier de haute qualit\u00e9, durable.<\/li>    <li>Le taux de bombardement peut \u00eatre \u226595%, et le taux de rupture est \u00e9galement \u22645%.<\/li> <\/ul>   <div class=\"wp-block-image\"> <figure class=\"aligncenter size-full\"><img loading=\"lazy\" decoding=\"async\" width=\"720\" height=\"150\" src=\"https:\/\/taizyagromachine.com\/wp-content\/uploads\/2022\/01\/features-of-peanut-husk-removing-machine.jpg\" alt=\"rouleau, \u00e9cran et autres\" class=\"wp-image-1673\"\/><figcaption class=\"wp-element-caption\">rouleau, \u00e9cran et autres<\/figcaption><\/figure> <\/div>   <h2 class=\"wp-block-heading\" id=\"h-groundnut-peeling-machine-design\"><strong>Conception de la machine \u00e0 \u00e9plucher les arachides<\/strong><\/h2>    <p class=\"translation-block\">En tant que <a href=\"https:\/\/taizyagromachine.com\/fr\/\" target=\"_blank\" rel=\"noreferrer noopener\">fabricant professionnel de machines \u00e0 d\u00e9cortiquer les arachides<\/a>, nous, la soci\u00e9t\u00e9 Taizy, sommes dignes de confiance. La machine \u00e0 d\u00e9cortiquer les arachides comprend une tr\u00e9mie d'alimentation, une sortie pour les amandes d'arachide, une sortie pour les coques d'arachide.<\/p>   <div class=\"wp-block-image\"> <figure class=\"aligncenter size-full\"><img loading=\"lazy\" decoding=\"async\" width=\"720\" height=\"540\" src=\"https:\/\/taizyagromachine.com\/wp-content\/uploads\/2022\/01\/structure-of-peanut-shelling-machine.jpg\" alt=\"structure de la machine \u00e0 d\u00e9cortiquer les arachides\" class=\"wp-image-1674\"\/><figcaption class=\"wp-element-caption\">structure de la machine \u00e0 d\u00e9cortiquer les arachides<\/figcaption><\/figure> <\/div>   <h2 class=\"wp-block-heading\" id=\"h-conclusion\"><strong>Conclusion - Applications du d\u00e9cortiqueur d'arachide<\/strong><\/h2>    <p class=\"translation-block\">L'\u00e9quipement de traitement des arachides peut traiter les coques et les amandes d'arachides enti\u00e8res. Les amandes d'arachide peuvent servir de nourriture ou de mati\u00e8re premi\u00e8re pour les huileries. De plus, les coques d'arachide peuvent \u00eatre utilis\u00e9es pour <a href=\"https:\/\/cornmachines.com\/pellet-mill-machine\/\" target=\"_blank\" rel=\"noreferrer noopener\">fabriquer des granul\u00e9s de bois<\/a> ou des briquettes de charbon pour le combustible.<\/p>    <p>Dans l\u2019ensemble, la d\u00e9cortiqueuse d\u2019arachides est parfaitement adapt\u00e9e aux op\u00e9rations de d\u00e9corticage d\u2019arachides de\u00a0:<\/p>    <p class=\"translation-block\"><em><strong>m\u00e9nages individuels de traitement des arachides<\/strong><\/em><\/p>    <p class=\"translation-block\"><em><strong>d\u00e9p\u00f4ts de c\u00e9r\u00e9ales <\/strong><\/em><\/p>    <p class=\"translation-block\"><em><strong>usines de transformation d'huile et industries alimentaires<\/strong><\/em><\/p>    <p>C'est un bon \u00e9quipement de d\u00e9corticage d'arachides pour l'investissement dans les vastes zones de production d'arachides et les m\u00e9nages professionnels individuels.<\/p>   <div class=\"wp-block-image\"> <figure class=\"aligncenter size-full\"><img loading=\"lazy\" decoding=\"async\" width=\"720\" height=\"400\" src=\"https:\/\/taizyagromachine.com\/wp-content\/uploads\/2022\/01\/strength-machine-display.jpg\" alt=\"force d&#039;usine\" class=\"wp-image-1675\"\/><figcaption class=\"wp-element-caption\">force d'usine<\/figcaption><\/figure> <\/div>   <h2 class=\"wp-block-heading\"><strong>Vid\u00e9o de travail de la d\u00e9cortiqueuse d'arachide TBH-800<\/strong><\/h2>    <figure class=\"wp-block-embed is-type-video is-provider-youtube wp-block-embed-youtube wp-embed-aspect-16-9 wp-has-aspect-ratio\"><div class=\"wp-block-embed__wrapper\"> <iframe loading=\"lazy\" title=\"D\u00e9cortiqueuse d&#039;arachide \u00e0 haute efficacit\u00e9 - Machine de d\u00e9corticage d&#039;arachide populaire dans la culture d&#039;arachide #peanuts\" width=\"500\" height=\"281\" src=\"https:\/\/www.youtube.com\/embed\/3O-OeI0zGjE?feature=oembed\" frameborder=\"0\" allow=\"accelerometer; autoplay; clipboard-write; encrypted-media; gyroscope; picture-in-picture; web-share\" referrerpolicy=\"strict-origin-when-cross-origin\" allowfullscreen><\/iframe> <\/div><\/figure>","protected":false},"excerpt":{"rendered":"<p>Groundnut sheller&nbsp;is specially designed for separating peanut shells and kernels, without damage to kernels. This type belongs to TBH series, and today model introduced is TBH-800. This groundnut sheller can use the electric motor, gasoline engine, or diesel engine as the power system. Besides, this peanut shelling machine for sale installs two screens inside. Thus, [&hellip;]<\/p>\n","protected":false},"author":1,"featured_media":1672,"parent":0,"template":"","tags":[],"product-type":[21],"class_list":["post-1671","product","type-product","status-publish","has-post-thumbnail","hentry","product-type-peanut-machine"],"_links":{"self":[{"href":"https:\/\/taizyagromachine.com\/fr\/wp-json\/wp\/v2\/product\/1671","targetHints":{"allow":["GET"]}}],"collection":[{"href":"https:\/\/taizyagromachine.com\/fr\/wp-json\/wp\/v2\/product"}],"about":[{"href":"https:\/\/taizyagromachine.com\/fr\/wp-json\/wp\/v2\/types\/product"}],"author":[{"embeddable":true,"href":"https:\/\/taizyagromachine.com\/fr\/wp-json\/wp\/v2\/users\/1"}],"wp:featuredmedia":[{"embeddable":true,"href":"https:\/\/taizyagromachine.com\/fr\/wp-json\/wp\/v2\/media\/1672"}],"wp:attachment":[{"href":"https:\/\/taizyagromachine.com\/fr\/wp-json\/wp\/v2\/media?parent=1671"}],"wp:term":[{"taxonomy":"post_tag","embeddable":true,"href":"https:\/\/taizyagromachine.com\/fr\/wp-json\/wp\/v2\/tags?post=1671"},{"taxonomy":"product-type","embeddable":true,"href":"https:\/\/taizyagromachine.com\/fr\/wp-json\/wp\/v2\/product-type?post=1671"}],"curies":[{"name":"wp","href":"https:\/\/api.w.org\/{rel}","templated":true}]}}