{"id":1849,"date":"2022-01-25T07:19:19","date_gmt":"2022-01-25T07:19:19","guid":{"rendered":"https:\/\/taizyagromachine.com\/"},"modified":"2025-01-02T13:49:54","modified_gmt":"2025-01-02T05:49:54","slug":"combined-groundnut-sheller-and-cleaner-for-sale","status":"publish","type":"product","link":"https:\/\/taizyagromachine.com\/fr\/product\/combined-groundnut-sheller-and-cleaner-for-sale\/","title":{"rendered":"D\u00e9cortiqueur et nettoyant combin\u00e9s pour arachides \u00e0 vendre"},"content":{"rendered":"<p class=\"translation-block\"><strong>D\u00e9cortiqueuse et nettoyeuse d'arachides<\/strong> combin\u00e9e avec un \u00e9quipement de nettoyage et de battage, sp\u00e9cialement pour les arachides. Le 6BHX-3500 est pr\u00e9sent\u00e9 aujourd'hui. Cette <a href=\"https:\/\/taizyagromachine.com\/fr\/product\/combined-groundnut-shelling-and-cleaning-machine\/\" target=\"_blank\" rel=\"noreferrer noopener\">unit\u00e9 de d\u00e9corticage d'arachides<\/a> a la conception la plus r\u00e9cente. De plus, la d\u00e9cortiqueuse combin\u00e9e d'arachides \u00e0 vendre pr\u00e9sente les avantages de la vente directe d'usine, d'un taux de d\u00e9corticage \u00e9lev\u00e9 et d'une grande capacit\u00e9. De plus, cette d\u00e9cortiqueuse d'arachides appartient \u00e0 des mod\u00e8les respectueux de l'environnement. Chez Taizy Agro Machine Company, ce type de d\u00e9cortiqueuse d'arachides dispose de trois tamis pour un d\u00e9corticage d'arachides beaucoup plus propre. Bienvenue \u00e0 nous contacter pour plus de classifications !<\/p>    <h2 class=\"wp-block-heading\" id=\"h-why-using-combined-groundnut-shelling-and-cleaning-machine\"><strong>Pourquoi utiliser une machine combin\u00e9e de d\u00e9corticage et de nettoyage des arachides\u00a0?<\/strong><strong><\/strong><\/h2>    <p class=\"translation-block\">Lors de la <a href=\"https:\/\/taizyagromachine.com\/fr\/peanut-machine\/small-groundnut-harvester\/\" target=\"_blank\" rel=\"noreferrer noopener\">r\u00e9colte des arachides<\/a>, le fruit de l'arachide contient beaucoup de mottes, de pierres, de feuilles d'arachide, de poussi\u00e8re, etc. Si elles ne sont pas nettoy\u00e9es en temps voulu, cela entra\u00eene non seulement un grand nombre d'arachides cass\u00e9es, mais affecte \u00e9galement la couleur des arachides. Lorsque la d\u00e9cortiqueuse et la nettoyeuse d'arachides fonctionnent, les pi\u00e8ces de la machine subiront des dommages \u00e0 des degr\u00e9s divers.<\/p>   <div class=\"wp-block-image\"> <figure class=\"aligncenter size-full\"><img loading=\"lazy\" decoding=\"async\" width=\"720\" height=\"250\" src=\"https:\/\/taizyagromachine.com\/wp-content\/uploads\/2022\/01\/functions-3500.jpg\" alt=\"les fonctions\" class=\"wp-image-1857\"\/><figcaption class=\"wp-element-caption\">les fonctions<\/figcaption><\/figure> <\/div>   <h2 class=\"wp-block-heading\" id=\"h-features-of-groundnut-thresher-with-cleaner\"><strong>Caract\u00e9ristiques de la batteuse d'arachides avec nettoyant<\/strong><strong><\/strong><\/h2>    <ul class=\"wp-block-list\" type=\"1\"> <li>Taux de bombardement \u00e9lev\u00e9 et taux de nettoyage \u00e9lev\u00e9.<\/li>    <li>Fonctionnement simple et sortie efficace.<\/li>    <li>D\u00e9cortiqueuse d'arachides \u00e0 grand rendement, 1 500 \u00e0 2 200 kg par heure.<\/li>    <li>Faible taux de casse et faible taux de perte.<\/li>    <li>Trois tamis \u00e0 installer, s\u00e9lectionnez la taille de l'\u00e9cran en fonction de la taille de l'arachide.<\/li> <\/ul>    <h2 class=\"wp-block-heading\" id=\"h-structure-of-groundnut-sheller-and-cleaner\"><strong>Structure du d\u00e9cortiqueur et du nettoyeur d'arachide<\/strong><strong><\/strong><\/h2>    <p class=\"translation-block\">La conception et la <a href=\"https:\/\/en.wikipedia.org\/wiki\/Manufacturing\" target=\"_blank\" rel=\"noreferrer noopener\">fabrication<\/a> de la d\u00e9cortiqueuse d'arachides ont des id\u00e9es uniques. Cette machine dispose d'un syst\u00e8me de nettoyage et d'un syst\u00e8me de battage. Pour la partie nettoyage, le nettoyeur sert \u00e0 \u00e9liminer les impuret\u00e9s pr\u00e9sentes dans les arachides. Pour la partie battage, le d\u00e9cortiqueur d'arachides est le c\u0153ur. Il comprend une entr\u00e9e d'arachides, une sortie de noyaux d'arachides, une sortie d'impuret\u00e9s. De plus, entre le nettoyeur et la d\u00e9cortiqueuse d'arachides, il y a un \u00e9l\u00e9vateur de convoyage.<\/p>   <div class=\"wp-block-image\"> <figure class=\"aligncenter size-full\"><img loading=\"lazy\" decoding=\"async\" width=\"720\" height=\"540\" src=\"https:\/\/taizyagromachine.com\/wp-content\/uploads\/2022\/01\/structure-of-peanut-sheller-and-cleaner.jpg\" alt=\"structure du d\u00e9cortiqueur et du nettoyant pour arachides\" class=\"wp-image-1852\"\/><figcaption class=\"wp-element-caption\">structure du d\u00e9cortiqueur et du nettoyant pour arachides<\/figcaption><\/figure> <\/div>   <h2 class=\"wp-block-heading\" id=\"h-working-principle-of-groundnut-shelling-machine\"><strong>Principe de fonctionnement de la machine \u00e0 d\u00e9cortiquer les arachides<\/strong><strong><\/strong><\/h2>    <p>La d\u00e9cortiqueuse d'arachides \u00e0 vendre fonctionne conform\u00e9ment aux proc\u00e9dures et obtient finalement des noyaux d'arachides. Vous trouverez ci-dessous le processus de d\u00e9cortiqueur et de nettoyage des arachides\u00a0:<\/p>    <ol class=\"wp-block-list\" type=\"1\"> <li>Versez la cacahu\u00e8te dans l\u2019entr\u00e9e du nettoyant. La machine de nettoyage fonctionne pour \u00e9liminer la salet\u00e9, les roches, les feuilles d'arachide, la poussi\u00e8re et autres impuret\u00e9s.<\/li>    <li>Les cacahu\u00e8tes nettoy\u00e9es sont livr\u00e9es au casse-arachide par l'ascenseur.<\/li>    <li>La batteuse d'arachide adopte la combinaison d'une bo\u00eete \u00e0 tamis ferm\u00e9e et d'un ventilateur sp\u00e9cial pour r\u00e9aliser le tri et le d\u00e9corticage en suspension.<\/li>    <li>Apr\u00e8s avoir \u00e9t\u00e9 soigneusement s\u00e9lectionn\u00e9s et d\u00e9cortiqu\u00e9s, les grains d'arachide sortent du trou de d\u00e9charge \u00e0 l'aide d'un tamis.<\/li> <\/ol>   <div class=\"wp-block-image\"> <figure class=\"aligncenter size-full\"><img loading=\"lazy\" decoding=\"async\" width=\"720\" height=\"540\" src=\"https:\/\/taizyagromachine.com\/wp-content\/uploads\/2022\/01\/working-process-model-3500.jpg\" alt=\"processus de travail du d\u00e9cortiqueur et du nettoyeur d&#039;arachide\" class=\"wp-image-1856\"\/><figcaption class=\"wp-element-caption\">processus de travail<\/figcaption><\/figure> <\/div>   <h2 class=\"wp-block-heading\"><strong>Vid\u00e9o de la machine combin\u00e9e d\u00e9cortiqueuse et nettoyeur d'arachides<\/strong><\/h2>    <figure class=\"wp-block-embed is-type-video is-provider-youtube wp-block-embed-youtube wp-embed-aspect-16-9 wp-has-aspect-ratio\"><div class=\"wp-block-embed__wrapper\"> <iframe loading=\"lazy\" title=\"Machine combin\u00e9e de d\u00e9corticage d&#039;arachides - D\u00e9cortiqueuse d&#039;arachides \u00e0 haute efficacit\u00e9 avec machine de nettoyage #peanuts\" width=\"500\" height=\"281\" src=\"https:\/\/www.youtube.com\/embed\/6I6Itc8PI9o?feature=oembed\" frameborder=\"0\" allow=\"accelerometer; autoplay; clipboard-write; encrypted-media; gyroscope; picture-in-picture; web-share\" referrerpolicy=\"strict-origin-when-cross-origin\" allowfullscreen><\/iframe> <\/div><\/figure>","protected":false},"excerpt":{"rendered":"<p>Groundnut sheller and cleaner&nbsp;is combined with cleaning and&nbsp;threshing equipment, especially for peanuts. 6BHX- 3500&nbsp;is introduced today. This peanut shelling machine unit&nbsp;has the latest design. Besides, the combined groundnut sheller for sale&nbsp;has the advantages of factory direct sales, high shelling rate, and large capacity.&nbsp;Also, this peanut sheller machine belongs to environmentally-friendly models. In Taizy Agro Machine [&hellip;]<\/p>\n","protected":false},"author":1,"featured_media":2153,"parent":0,"template":"","tags":[],"product-type":[21],"class_list":["post-1849","product","type-product","status-publish","has-post-thumbnail","hentry","product-type-peanut-machine"],"_links":{"self":[{"href":"https:\/\/taizyagromachine.com\/fr\/wp-json\/wp\/v2\/product\/1849","targetHints":{"allow":["GET"]}}],"collection":[{"href":"https:\/\/taizyagromachine.com\/fr\/wp-json\/wp\/v2\/product"}],"about":[{"href":"https:\/\/taizyagromachine.com\/fr\/wp-json\/wp\/v2\/types\/product"}],"author":[{"embeddable":true,"href":"https:\/\/taizyagromachine.com\/fr\/wp-json\/wp\/v2\/users\/1"}],"wp:featuredmedia":[{"embeddable":true,"href":"https:\/\/taizyagromachine.com\/fr\/wp-json\/wp\/v2\/media\/2153"}],"wp:attachment":[{"href":"https:\/\/taizyagromachine.com\/fr\/wp-json\/wp\/v2\/media?parent=1849"}],"wp:term":[{"taxonomy":"post_tag","embeddable":true,"href":"https:\/\/taizyagromachine.com\/fr\/wp-json\/wp\/v2\/tags?post=1849"},{"taxonomy":"product-type","embeddable":true,"href":"https:\/\/taizyagromachine.com\/fr\/wp-json\/wp\/v2\/product-type?post=1849"}],"curies":[{"name":"wp","href":"https:\/\/api.w.org\/{rel}","templated":true}]}}