{"id":1858,"date":"2022-01-26T07:17:33","date_gmt":"2022-01-26T07:17:33","guid":{"rendered":"https:\/\/taizyagromachine.com\/"},"modified":"2023-12-12T17:46:13","modified_gmt":"2023-12-12T09:46:13","slug":"4-row-groundnut-sowing-machine","status":"publish","type":"product","link":"https:\/\/taizyagromachine.com\/fr\/product\/4-row-groundnut-sowing-machine\/","title":{"rendered":"Semoir d'arachide pour la plantation d'arachides"},"content":{"rendered":"<p class=\"translation-block\">La **semoir d'arachide** est con\u00e7ue pour la plantation d'arachides dans les terres sableuses, les chaumes de bl\u00e9 et les terres meubles (sans pierres). Le semoir d'arachide doit fonctionner avec un tracteur de 40-70CV, adoptant une suspension \u00e0 3 points. Parce que le semoir d'arachide n'a pas de puissance propre pour entra\u00eener. Le semoir d'arachide pr\u00e9sente les avantages d'un semis de pr\u00e9cision, d'une haute efficacit\u00e9 et d'une performance stable. Compar\u00e9 au <a href=\"https:\/\/taizyagromachine.com\/fr\/rice-and-wheat-machine\/wheat-planter\/\" target=\"_blank\" rel=\"noreferrer noopener\">semoir de bl\u00e9<\/a>, ce semoir d'arachide est disponible en 2, 6 et 8 rangs. Les rangs de plantation sont selon les demandes des clients. Nous attendons vos demandes avec impatience !<\/p>    <h2 class=\"wp-block-heading\"><strong>Types de machines de plantation d'arachides disponibles<\/strong><\/h2>    <p>Notre semoir \u00e0 arachides est disponible en diff\u00e9rents mod\u00e8les, notamment \u00e0 2 rangs, 4 rangs, 6 rangs et 8 rangs, etc. Ces diff\u00e9rents mod\u00e8les de semoirs d'arachide s'adressent aux exploitations de diff\u00e9rentes tailles, permettant aux producteurs d'arachides de choisir le plus mod\u00e8le appropri\u00e9 \u00e0 la taille et aux besoins de leur exploitation agricole.<\/p>    <div class=\"wp-block-columns is-layout-flex wp-container-core-columns-is-layout-9d6595d7 wp-block-columns-is-layout-flex\"> <div class=\"wp-block-column is-layout-flow wp-block-column-is-layout-flow\"> <figure class=\"wp-block-image size-full\"><img loading=\"lazy\" decoding=\"async\" width=\"720\" height=\"540\" src=\"https:\/\/taizyagromachine.com\/wp-content\/uploads\/2023\/12\/twin-row-peanut-planter.webp\" alt=\"planteur d&#039;arachides \u00e0 deux rang\u00e9es\" class=\"wp-image-6147\"\/><figcaption class=\"wp-element-caption\">planteur d'arachides \u00e0 deux rang\u00e9es<\/figcaption><\/figure> <\/div>    <div class=\"wp-block-column is-vertically-aligned-center is-layout-flow wp-block-column-is-layout-flow\"> <p class=\"has-text-align-center translation-block\">**Semoir d'arachide \u00e0 deux rangs**<\/p>    <p>La planteuse d'arachides \u00e0 2 rang\u00e9es convient aux petites exploitations et est capable de planter efficacement deux rang\u00e9es de graines d'arachide en m\u00eame temps, offrant une solution pratique et rentable pour la production agricole \u00e0 petite \u00e9chelle.<\/p> <\/div> <\/div>    <div class=\"wp-block-columns is-layout-flex wp-container-core-columns-is-layout-9d6595d7 wp-block-columns-is-layout-flex\"> <div class=\"wp-block-column is-vertically-aligned-center is-layout-flow wp-block-column-is-layout-flow\"> <p class=\"has-text-align-center translation-block\">**Semoir de pr\u00e9cision d'arachide \u00e0 4 rangs**<\/p>    <p>Notre planteuse d'arachides \u00e0 4 rang\u00e9es convient aux exploitations de taille moyenne et est capable de planter quatre rang\u00e9es de graines d'arachide \u00e0 la fois, am\u00e9liorant ainsi l'efficacit\u00e9 tout en maintenant une facilit\u00e9 de gestion.<\/p> <\/div>    <div class=\"wp-block-column is-layout-flow wp-block-column-is-layout-flow\"> <figure class=\"wp-block-image size-full\"><img loading=\"lazy\" decoding=\"async\" width=\"720\" height=\"540\" src=\"https:\/\/taizyagromachine.com\/wp-content\/uploads\/2023\/12\/4-row-peanut-precision-planter.webp\" alt=\"Planteuse de pr\u00e9cision arachides 4 rangs\" class=\"wp-image-6149\"\/><figcaption class=\"wp-element-caption\">Planteuse de pr\u00e9cision arachides 4 rangs<\/figcaption><\/figure> <\/div> <\/div>    <div class=\"wp-block-columns is-layout-flex wp-container-core-columns-is-layout-9d6595d7 wp-block-columns-is-layout-flex\"> <div class=\"wp-block-column is-layout-flow wp-block-column-is-layout-flow\"> <figure class=\"wp-block-image size-full\"><img loading=\"lazy\" decoding=\"async\" width=\"720\" height=\"540\" src=\"https:\/\/taizyagromachine.com\/wp-content\/uploads\/2023\/12\/6-row-groundnut-planter.webp\" alt=\"Planteuse d&#039;arachides 6 rangs\" class=\"wp-image-6153\"\/><figcaption class=\"wp-element-caption\">Planteuse d'arachides 6 rangs<\/figcaption><\/figure> <\/div>    <div class=\"wp-block-column is-vertically-aligned-center is-layout-flow wp-block-column-is-layout-flow\"> <p class=\"has-text-align-center translation-block\">**Machine de semis d'arachide \u00e0 6 rangs**<\/p>    <p>Con\u00e7u pour les op\u00e9rations agricoles \u00e0 plus grande \u00e9chelle, le semoir de graines d'arachide \u00e0 6 rangs permet la plantation simultan\u00e9e de six rang\u00e9es de graines d'arachide pour de vastes champs d'arachide, augmentant ainsi l'efficacit\u00e9 de la plantation et r\u00e9duisant le temps n\u00e9cessaire \u00e0 la culture de l'arachide.<\/p> <\/div> <\/div>    <div class=\"wp-block-columns is-layout-flex wp-container-core-columns-is-layout-9d6595d7 wp-block-columns-is-layout-flex\"> <div class=\"wp-block-column is-vertically-aligned-center is-layout-flow wp-block-column-is-layout-flow\"> <p class=\"has-text-align-center translation-block\">**Semoir d'arachide \u00e0 8 rangs**<\/p>    <p>Solution puissante con\u00e7ue pour la culture d'arachides \u00e0 grande \u00e9chelle, le semoir d'arachides \u00e0 8 rangs est capable de planter simultan\u00e9ment huit rang\u00e9es de graines d'arachide, maximisant ainsi l'efficacit\u00e9 et la productivit\u00e9, ce qui en fait un excellent choix pour les vastes champs d'arachides et les entreprises agroalimentaires commerciales.<\/p> <\/div>    <div class=\"wp-block-column is-layout-flow wp-block-column-is-layout-flow\"> <figure class=\"wp-block-image size-full\"><img loading=\"lazy\" decoding=\"async\" width=\"720\" height=\"540\" src=\"https:\/\/taizyagromachine.com\/wp-content\/uploads\/2023\/12\/8-row-groundnut-seed-sowing-machine.webp\" alt=\"Semoir de graines d&#039;arachide \u00e0 8 rangs\" class=\"wp-image-6155\"\/><figcaption class=\"wp-element-caption\">Semoir de graines d'arachide \u00e0 8 rangs<\/figcaption><\/figure> <\/div> <\/div>    <h2 class=\"wp-block-heading\"><strong>Quelles sont les fonctions du planteur d\u2019arachides\u00a0?<\/strong><\/h2>    <p>Le semoir d\u2019arachides est une machine agricole multifonctionnelle dot\u00e9e de plusieurs fonctions importantes.<\/p>    <ul class=\"wp-block-list\"> <li><strong>Fa\u00eetage<\/strong>: Il peut effectuer des op\u00e9rations de billonnage, nettoyer et niveler efficacement le sol et cr\u00e9er des conditions favorables \u00e0 la croissance des arachides.<\/li>    <li><strong>Paillage<\/strong>: Le planteur d'arachides est \u00e9galement \u00e9quip\u00e9 de la fonction de paillage, qui est capable de recouvrir le film pendant le processus de semis pour augmenter la temp\u00e9rature du sol, hydrater le sol et inhiber la croissance des mauvaises herbes, ce qui contribue \u00e0 am\u00e9liorer le rendement et la qualit\u00e9 des arachides. .<\/li>    <li><strong>Arrosage<\/strong>: Notre machine est \u00e9galement capable d'effectuer des op\u00e9rations d'arrosage pour assurer un enracinement et une germination en douceur des graines dans un sol humide, fournissant suffisamment d'eau pour la croissance des arachides.<\/li> <\/ul>    <figure class=\"wp-block-gallery aligncenter has-nested-images columns-default is-cropped wp-block-gallery-2 is-layout-flex wp-block-gallery-is-layout-flex\"> <figure class=\"wp-block-image size-large\"><img loading=\"lazy\" decoding=\"async\" width=\"720\" height=\"540\" data-id=\"6165\" src=\"https:\/\/taizyagromachine.com\/wp-content\/uploads\/2022\/01\/normal-type-mounted-peanut-planter-for-tractor.webp\" alt=\"Planteuse d&#039;arachides mont\u00e9e de type normal pour tracteur\" class=\"wp-image-6165\"\/><figcaption class=\"wp-element-caption\">Planteuse d'arachides mont\u00e9e de type normal pour tracteur<\/figcaption><\/figure>    <figure class=\"wp-block-image size-large\"><img loading=\"lazy\" decoding=\"async\" width=\"720\" height=\"540\" data-id=\"6166\" src=\"https:\/\/taizyagromachine.com\/wp-content\/uploads\/2022\/01\/peanut-seed-drill-planter-with-rigiding-function.webp\" alt=\"semoir pour arachides avec fonction de rigidification\" class=\"wp-image-6166\"\/><figcaption class=\"wp-element-caption\">semoir pour arachides avec fonction de rigidification<\/figcaption><\/figure> <\/figure>    <figure class=\"wp-block-gallery aligncenter has-nested-images columns-default is-cropped wp-block-gallery-3 is-layout-flex wp-block-gallery-is-layout-flex\"> <figure class=\"wp-block-image size-large\"><img loading=\"lazy\" decoding=\"async\" width=\"720\" height=\"540\" data-id=\"6167\" src=\"https:\/\/taizyagromachine.com\/wp-content\/uploads\/2022\/01\/groundnut-planter-with-watering-and-mulching.webp\" alt=\"planteuse d&#039;arachides avec arrosage et paillage\" class=\"wp-image-6167\"\/><figcaption class=\"wp-element-caption\">planteuse d'arachides avec arrosage et paillage<\/figcaption><\/figure>    <figure class=\"wp-block-image size-large\"><img loading=\"lazy\" decoding=\"async\" width=\"720\" height=\"540\" data-id=\"6168\" src=\"https:\/\/taizyagromachine.com\/wp-content\/uploads\/2022\/01\/groundnut-sowing-machine-with-rigiding-and-baffle.webp\" alt=\"semoir d&#039;arachide avec rigidificateur et chicane\" class=\"wp-image-6168\"\/><figcaption class=\"wp-element-caption\">semoir d'arachide avec rigidificateur et chicane<\/figcaption><\/figure> <\/figure>    <h2 class=\"wp-block-heading\" id=\"characteristics-pf-peanut-sowing-machine-for-sale\"><strong>Caract\u00e9ristiques du semoir d'arachide \u00e0 vendre <\/strong><\/h2>    <ul class=\"wp-block-list\"> <li>Grand espace de conception. Le semoir d'arachide est disponible avec des options de semis en cr\u00eate et \u00e0 plat. La machine de culture d'arachide peut \u00e9galement \u00eatre utilis\u00e9e dans les champs de chaume.<\/li>    <li>Fonctions ajout\u00e9es. Cette machine peut \u00e9galement ajouter la couverture avec un film\u00a0et un arrosage.<\/li>    <li>Ajustement de l'espace de l'usine. L'espace de l'usine\u00a0peut \u00eatre ajust\u00e9 en ajustant la vitesse du r\u00e9gulateur.<\/li>    <li>La planteuse d'arachides\u00a0doit \u00eatre reli\u00e9e au tracteur pour effectuer les travaux de semis d'arachides.<\/li>    <li>Fonctionnement fiable, moins de temps de maintenance, haute efficacit\u00e9 et longue dur\u00e9e de vie.<\/li> <\/ul>    <figure class=\"wp-block-gallery has-nested-images columns-default is-cropped wp-block-gallery-4 is-layout-flex wp-block-gallery-is-layout-flex\"> <figure class=\"wp-block-image size-full\"><img loading=\"lazy\" decoding=\"async\" width=\"720\" height=\"540\" data-id=\"1864\" src=\"https:\/\/taizyagromachine.com\/wp-content\/uploads\/2022\/01\/ridge.jpg\" alt=\"cr\u00eate de semoir d&#039;arachide\" class=\"wp-image-1864\"\/><figcaption class=\"wp-element-caption\">cr\u00eate<\/figcaption><\/figure>    <figure class=\"wp-block-image size-full\"><img loading=\"lazy\" decoding=\"async\" width=\"720\" height=\"540\" data-id=\"1865\" src=\"https:\/\/taizyagromachine.com\/wp-content\/uploads\/2022\/01\/governor.jpg\" alt=\"gouverneur\" class=\"wp-image-1865\"\/><figcaption class=\"wp-element-caption\">gouverneur<\/figcaption><\/figure> <\/figure>    <h2 class=\"wp-block-heading\" id=\"advantages-of-groundnut-seeder-machine\"><strong>Avantages du semoir d'arachide<\/strong><\/h2>    <ol class=\"wp-block-list\" style=\"list-style-type:1\"> <li>Le buttage en premier peut garantir une profondeur de graine constante et une germination rapide.<\/li>    <li>Par rapport aux mod\u00e8les traditionnels, le semoir d'arachide\u00a0peut garantir le taux de germination et augmenter le rendement moyen.<\/li>    <li>Adopter 65# <a href=\"https:\/\/en.wikipedia.org\/wiki\/Mangalloy\" target=\"_blank\" rel=\"noreferrer noopener\">acier au mangan\u00e8se<\/a>, qui a une duret\u00e9 \u00e9lev\u00e9e et une bonne r\u00e9sistance \u00e0 l'usure.<\/li>    <li>Le dispositif de semis est plus pr\u00e9cis pour le semis, des graines uniformes, moins de graines pourries et un espace de plantation garanti.&nbsp;<\/li> <\/ol>    <h2 class=\"wp-block-heading\" id=\"peanut-planter-design\"><strong>P.<\/strong><strong>cacahu\u00e8te <\/strong><strong>P.<\/strong><strong>lanterne <\/strong><strong>D<\/strong><strong>conception<\/strong><strong><\/strong><\/h2>    <p class=\"translation-block\">\u00c9tant <a href=\"https:\/\/taizyagromachine.com\/fr\/about-us\/\" target=\"_blank\" rel=\"noreferrer noopener\">l'une des principales entreprises de machines agricoles<\/a>, notre machine de semis d'arachide \u00e0 vendre a une structure raisonnable. Le semoir d'arachide est \u00e9quip\u00e9 d'une bo\u00eete d'engrais et d'une bo\u00eete de semences, permettant la fertilisation et le semis simultan\u00e9ment. Le dispositif de formation de billons sert \u00e0 cr\u00e9er des billons pour faciliter le semis des graines d'arachide.<\/p>   <div class=\"wp-block-image\"> <figure class=\"aligncenter size-full\"><img loading=\"lazy\" decoding=\"async\" width=\"720\" height=\"540\" src=\"https:\/\/taizyagromachine.com\/wp-content\/uploads\/2022\/01\/structure-of-4-row-peanut-planter.jpg\" alt=\"structure d&#039;un planteur d&#039;arachides \u00e0 4 rang\u00e9es\" class=\"wp-image-1863\"\/><figcaption class=\"wp-element-caption\">structure d'un planteur d'arachides \u00e0 4 rang\u00e9es<\/figcaption><\/figure> <\/div>   <h2 class=\"wp-block-heading\" id=\"working-process-of-peanut-sowing-machine\"><strong>Processus de travail de la machine \u00e0 semer les graines d'arachide<\/strong><\/h2>    <p>Apr\u00e8s avoir \u00e9t\u00e9 mont\u00e9e sur le tracteur, la planteuse d'arachides commence \u00e0 fonctionner. Le processus est tr\u00e8s simple : d\u2019abord la fertilisation, puis le semis des graines et le dernier billonnage.<\/p>    <p>Depuis la plantation des graines d'arachide jusqu'\u00e0 la r\u00e9colte, le semoir d'arachide fonctionne d'abord. Il est donc important d\u2019apprendre \u00e0 planter des graines d\u2019arachide.<\/p>   <div class=\"wp-block-image\"> <figure class=\"aligncenter size-full\"><img loading=\"lazy\" decoding=\"async\" width=\"720\" height=\"540\" src=\"https:\/\/taizyagromachine.com\/wp-content\/uploads\/2022\/01\/peanut-seedinggrowing-and-harvesting.jpg\" alt=\"semis, culture et r\u00e9colte d&#039;arachides\" class=\"wp-image-1861\"\/><figcaption class=\"wp-element-caption\">semis, culture et r\u00e9colte d'arachides<\/figcaption><\/figure> <\/div>   <h2 class=\"wp-block-heading\"><strong>Cas mondiaux du planteur de graines d'arachide Taizy <\/strong><\/h2>    <h3 class=\"wp-block-heading\" id=\"successful-case-4-row-peanut-planter-exported-to-myanmar\"><strong>Cas r\u00e9ussi\u00a0:\u00a0un planteur d'arachides \u00e0 4 rangs export\u00e9 au Myanmar<\/strong><\/h3>    <p class=\"translation-block\">Cette ann\u00e9e, notre responsable des ventes Coco a re\u00e7u une demande du <a href=\"https:\/\/en.wikipedia.org\/wiki\/Myanmar\" target=\"_blank\" rel=\"noreferrer noopener\">Myanmar<\/a> concernant le semoir d'arachide. Un client au Myanmar poss\u00e8de un terrain, il souhaitait donc acheter un semoir d'arachide pour l'agriculture. Apr\u00e8s s'\u00eatre renseign\u00e9e sur son budget et ses besoins agricoles, Coco lui a recommand\u00e9 le semoir d'arachide \u00e0 quatre rangs de billons. Le client birman a d\u00e9cid\u00e9 d'acheter aupr\u00e8s de notre soci\u00e9t\u00e9. Les deux parties ont confirm\u00e9 les machines une par une et finalis\u00e9 l'accord. Apr\u00e8s avoir re\u00e7u la machine, il nous a renvoy\u00e9 de bons commentaires et a fait l'\u00e9loge de nos machines.<\/p>   <div class=\"wp-block-image\"> <figure class=\"aligncenter size-full\"><img loading=\"lazy\" decoding=\"async\" width=\"720\" height=\"540\" src=\"https:\/\/taizyagromachine.com\/wp-content\/uploads\/2022\/01\/Myanmar-customized-4-row-geoundnut-seeder.jpg\" alt=\"Semoir d&#039;arachide personnalis\u00e9 \u00e0 4 rangs pour un client du Myanmar\" class=\"wp-image-1862\"\/><figcaption class=\"wp-element-caption\"> Semoir d'arachide personnalis\u00e9 \u00e0 4 rangs pour un client du Myanmar<\/figcaption><\/figure> <\/div>   <h3 class=\"wp-block-heading\"><strong>Stroy r\u00e9ussi\u00a0:\u00a0un planteur d'arachides \u00e0 6\u00a0rangs vendu au Danemark<\/strong><\/h3>    <p>Un semoir d'arachides \u00e0 6 rangs de pointe a r\u00e9cemment \u00e9t\u00e9 export\u00e9 avec succ\u00e8s au Danemark, apportant des solutions modernes \u00e0 la production agricole locale. Avec sa fonction efficace de plantation simultan\u00e9e sur 6 rangs, ce semoir offre une option plus rapide et plus pratique pour la plantation d'arachides au Danemark. Sa technologie de pointe am\u00e9liore non seulement l'efficacit\u00e9 des plantations, mais permet \u00e9galement aux agriculteurs danois de mieux s'adapter \u00e0 l'environnement de plantation local. <\/p>    <figure class=\"wp-block-gallery aligncenter has-nested-images columns-default is-cropped wp-block-gallery-5 is-layout-flex wp-block-gallery-is-layout-flex\"> <figure class=\"wp-block-image size-large\"><img loading=\"lazy\" decoding=\"async\" width=\"720\" height=\"540\" data-id=\"6160\" src=\"https:\/\/taizyagromachine.com\/wp-content\/uploads\/2022\/01\/6-row-groundnut-planter-for-sale.webp\" alt=\"Planteuse d&#039;arachides 6 rangs \u00e0 vendre\" class=\"wp-image-6160\"\/><figcaption class=\"wp-element-caption\">Planteuse d'arachides 6 rangs \u00e0 vendre<\/figcaption><\/figure>    <figure class=\"wp-block-image size-large\"><img loading=\"lazy\" decoding=\"async\" width=\"720\" height=\"540\" data-id=\"6161\" src=\"https:\/\/taizyagromachine.com\/wp-content\/uploads\/2022\/01\/customized-peanut-planter-equipment.webp\" alt=\"\u00e9quipement de plantation d&#039;arachides personnalis\u00e9\" class=\"wp-image-6161\"\/><figcaption class=\"wp-element-caption\">\u00e9quipement de plantation d'arachides personnalis\u00e9<\/figcaption><\/figure> <\/figure>    <figure class=\"wp-block-gallery aligncenter has-nested-images columns-default is-cropped wp-block-gallery-6 is-layout-flex wp-block-gallery-is-layout-flex\"> <figure class=\"wp-block-image size-large\"><img loading=\"lazy\" decoding=\"async\" width=\"720\" height=\"540\" data-id=\"6163\" src=\"https:\/\/taizyagromachine.com\/wp-content\/uploads\/2022\/01\/package-groundnut-sowing-machine-in-wooden-cases.webp\" alt=\"paquet de semoir d&#039;arachide dans des caisses en bois\" class=\"wp-image-6163\"\/><figcaption class=\"wp-element-caption\">paquet de semoir d'arachide dans des caisses en bois<\/figcaption><\/figure>    <figure class=\"wp-block-image size-large\"><img loading=\"lazy\" decoding=\"async\" width=\"720\" height=\"540\" data-id=\"6162\" src=\"https:\/\/taizyagromachine.com\/wp-content\/uploads\/2022\/01\/export-6-row-peanut-planter-to-Denmark.webp\" alt=\"exporter un planteur d&#039;arachides \u00e0 6 rangs vers le Danemark\" class=\"wp-image-6162\"\/><figcaption class=\"wp-element-caption\">exporter un planteur d'arachides \u00e0 6 rangs vers le Danemark<\/figcaption><\/figure> <\/figure>    <p>Cet \u00e9v\u00e9nement d'exportation n'est pas seulement un \u00e9change transfrontalier de technologie de machines agricoles, mais aussi une contribution positive \u00e0 la modernisation de l'agriculture danoise, ouvrant la voie \u00e0 des outils de semis plus avanc\u00e9s pour l'agriculture locale.<\/p>    <h2 class=\"wp-block-heading\"><strong>Vid\u00e9o du semoir d'arachide de Taizy<\/strong><\/h2>    <figure class=\"wp-block-embed is-type-video is-provider-youtube wp-block-embed-youtube wp-embed-aspect-16-9 wp-has-aspect-ratio\"><div class=\"wp-block-embed__wrapper\"> <iframe loading=\"lazy\" title=\"Planteuse d&#039;arachides multi-rang\u00e9es-Machine de plantation d&#039;arachides de Taizy 2023 #planter #peanut #agricultural\" width=\"500\" height=\"281\" src=\"https:\/\/www.youtube.com\/embed\/rTrY3IFrM9Y?feature=oembed\" frameborder=\"0\" allow=\"accelerometer; autoplay; clipboard-write; encrypted-media; gyroscope; picture-in-picture; web-share\" referrerpolicy=\"strict-origin-when-cross-origin\" allowfullscreen><\/iframe> <\/div><\/figure>","protected":false},"excerpt":{"rendered":"<p>Groundnut sowing machine&nbsp;is designed for groundnuts planting in the sandy land, wheat stubble land, and soft lands(no stones). The groundnut planter should work with the tractor of 40-70HP, adopting a 3-linkage suspension. Because the peanut planter itself has no power to drive. The peanut seeder has advantages of precision planting, high efficiency, and stable performance. [&hellip;]<\/p>\n","protected":false},"author":1,"featured_media":2164,"parent":0,"template":"","tags":[154,45,46,149,40,39,42,152,151,43,153,44,150],"product-type":[21],"class_list":["post-1858","product","type-product","status-publish","has-post-thumbnail","hentry","tag-2-row-peanut-planter","tag-4-row-groundnut-sowing-machine","tag-4-row-peanut-sowing-machine","tag-double-row-planter","tag-groundnut-planter","tag-groundnut-sowing-machine","tag-peanut-planter","tag-peanut-planter-equipment","tag-peanut-planter-machine","tag-peanut-planting-machine","tag-peanut-seed-planter","tag-peanut-sowing-machine","tag-twin-row-peanut-planter-for-sale","product-type-peanut-machine"],"_links":{"self":[{"href":"https:\/\/taizyagromachine.com\/fr\/wp-json\/wp\/v2\/product\/1858","targetHints":{"allow":["GET"]}}],"collection":[{"href":"https:\/\/taizyagromachine.com\/fr\/wp-json\/wp\/v2\/product"}],"about":[{"href":"https:\/\/taizyagromachine.com\/fr\/wp-json\/wp\/v2\/types\/product"}],"author":[{"embeddable":true,"href":"https:\/\/taizyagromachine.com\/fr\/wp-json\/wp\/v2\/users\/1"}],"wp:featuredmedia":[{"embeddable":true,"href":"https:\/\/taizyagromachine.com\/fr\/wp-json\/wp\/v2\/media\/2164"}],"wp:attachment":[{"href":"https:\/\/taizyagromachine.com\/fr\/wp-json\/wp\/v2\/media?parent=1858"}],"wp:term":[{"taxonomy":"post_tag","embeddable":true,"href":"https:\/\/taizyagromachine.com\/fr\/wp-json\/wp\/v2\/tags?post=1858"},{"taxonomy":"product-type","embeddable":true,"href":"https:\/\/taizyagromachine.com\/fr\/wp-json\/wp\/v2\/product-type?post=1858"}],"curies":[{"name":"wp","href":"https:\/\/api.w.org\/{rel}","templated":true}]}}