{"id":1974,"date":"2022-02-08T06:54:20","date_gmt":"2022-02-08T06:54:20","guid":{"rendered":"https:\/\/taizyagromachine.com\/"},"modified":"2025-02-26T10:27:05","modified_gmt":"2025-02-26T02:27:05","slug":"automatic-sesame-seed-peeling-and-hulling-machine","status":"publish","type":"product","link":"https:\/\/taizyagromachine.com\/fr\/product\/automatic-sesame-seed-peeling-and-hulling-machine\/","title":{"rendered":"Machine \u00e0 \u00e9plucher le s\u00e9same | Machine de d\u00e9corticage automatique de graines de s\u00e9same"},"content":{"rendered":"<p class=\"translation-block\">La <strong>machine \u00e0 d\u00e9cortiquer le s\u00e9same<\/strong> est sp\u00e9cialement con\u00e7ue pour d\u00e9cortiquer le s\u00e9same et les graines de citrouille pour divers usages, principalement dans l'industrie alimentaire. Cette machine \u00e0 d\u00e9cortiquer le s\u00e9same combine le nettoyage et le retrait de la peau du s\u00e9same, pour obtenir un s\u00e9same de haute qualit\u00e9. De plus, la machine \u00e0 d\u00e9cortiquer le s\u00e9same a un taux de d\u00e9corticage de 80\u00a0%-85\u00a0%. Par ailleurs, la machine automatique de lavage et de d\u00e9corticage des graines de s\u00e9same pr\u00e9sente les avantages d'un d\u00e9corticage complet, de grains parfaits, blancs et brillants. <\/p>    <p>De plus, cette machine \u00e0 laver et d\u00e9cortiquer le s\u00e9same \u00e0 vendre est certifi\u00e9e CE. Ainsi, les clients \u00e9trangers peuvent mieux et facilement l\u2019accepter. Ainsi, notre machine \u00e0 laver et \u00e0 \u00e9plucher le s\u00e9same est tr\u00e8s populaire parmi de nombreux pays et r\u00e9gions \u00e9trangers, comme le Nigeria, le Burkina Faso, le Ghana, la Tanzanie, le Y\u00e9men, etc. <\/p>    <p>Si vous \u00eates int\u00e9ress\u00e9 par l\u2019\u00e9pluchage des graines par voie humide, contactez-nous imm\u00e9diatement et nous vous r\u00e9pondrons tr\u00e8s bient\u00f4t !<\/p>    <figure class=\"wp-block-embed is-type-video is-provider-youtube wp-block-embed-youtube wp-embed-aspect-16-9 wp-has-aspect-ratio\"><div class=\"wp-block-embed__wrapper\"> <iframe loading=\"lazy\" title=\"Machine \u00e0 \u00e9plucher et \u00e0 laver les graines de citrouille - Fabricant et fournisseur de machine \u00e0 \u00e9plucher le s\u00e9same\" width=\"500\" height=\"281\" src=\"https:\/\/www.youtube.com\/embed\/z8xSX3G2aGU?feature=oembed\" frameborder=\"0\" allow=\"accelerometer; autoplay; clipboard-write; encrypted-media; gyroscope; picture-in-picture; web-share\" referrerpolicy=\"strict-origin-when-cross-origin\" allowfullscreen><\/iframe> <\/div><figcaption class=\"wp-element-caption\">vid\u00e9o d'une machine \u00e0 \u00e9plucher les graines de s\u00e9same par voie humide<\/figcaption><\/figure>    <h2 class=\"wp-block-heading\"><strong>Param\u00e8tres techniques de la machine \u00e0 \u00e9plucher le s\u00e9same<\/strong><\/h2>    <figure class=\"wp-block-table\"><table><tbody><tr><td>Nom de la machine<\/td><td>D\u00e9cortiqueuse de s\u00e9same<\/td><\/tr><tr><td>Pouvoir<\/td><td>Moteur de d\u00e9corticage 2,2 kW,<br>Moteur de s\u00e9paration 1,5 kW<\/td><\/tr><tr><td>Capacit\u00e9<\/td><td>400-500 kg\/heure<br>30-50kg\/baril<\/td><\/tr><tr><td>Taux de d\u00e9corticage<\/td><td>80%-85%<\/td><\/tr><tr><td>Poids<\/td><td>500 kg<\/td><\/tr><tr><td>Taille<\/td><td>1400*700*2000mm<\/td><\/tr><tr><td>Mat\u00e9riel de machine<\/td><td>Fabriqu\u00e9 en acier inoxydable<\/td><\/tr><\/tbody><\/table><figcaption class=\"wp-element-caption\">donn\u00e9es d\u00e9taill\u00e9es de la machine \u00e0 \u00e9plucher les graines de s\u00e9same<\/figcaption><\/figure>    <h2 class=\"wp-block-heading\" id=\"features-of-sesame-peeling-machine-for-sale\"><strong>Caract\u00e9ristiques de la machine \u00e0 \u00e9plucher le s\u00e9same \u00e0 vendre<\/strong><\/h2>    <ul class=\"wp-block-list\"> <li>Petite taille, structure simple, belle apparence, op\u00e9ration facile et faible taux de maintenance.<\/li>    <li>Mat\u00e9riaux en acier inoxydable, durables et inoffensifs pour l'environnement.<\/li>    <li>Bonnes propri\u00e9t\u00e9s m\u00e9caniques, longue dur\u00e9e de vie.<\/li>    <li>Bonne r\u00e9sistance \u00e0 la corrosion et r\u00e9sistance \u00e0 l'usure.<\/li>    <li>Cette machine \u00e0 \u00e9plucher le s\u00e9same est lumineuse et propre, de haute qualit\u00e9.<\/li> <\/ul>    <h2 class=\"wp-block-heading\" id=\"sesame-hulling-process\"><strong>Quel est le processus de d\u00e9corticage du s\u00e9same ?<\/strong><\/h2>   <div id=\"rank-math-howto\" class=\"rank-math-block\" > <div class=\"rank-math-howto-description\">  <p>En tant que fabricant et fournisseur professionnel de machines agricoles, la machine \u00e0 laver et \u00e0 \u00e9plucher le s\u00e9same suit une certaine proc\u00e9dure pour d\u00e9cortiquer le s\u00e9same. Le processus est le suivant\u00a0:<\/p>  <\/div>  <div class=\"rank-math-steps\"> <div id=\"howto-step-1704185703290\" class=\"rank-math-step\"> <h3 class=\"rank-math-step-title\"><strong>Pr\u00e9paration et processus de pelage initial<\/strong><\/h3> <div class=\"rank-math-step-content\"><p>Dans la phase initiale, en tant que fabricant professionnel de machines agricoles, commencez par m\u00e9langer des graines de s\u00e9same brutes avec environ 20% d'eau pour faciliter le processus de pelage. Une fois le m\u00e9lange bien pr\u00e9par\u00e9, allumez la machine \u00e0 \u00e9plucher le s\u00e9same.<\/p> <\/div> <\/div> <div id=\"howto-step-1704185761442\" class=\"rank-math-step\"> <h3 class=\"rank-math-step-title\"><strong>Peeling<\/strong><\/h3> <div class=\"rank-math-step-content\"><p>Apr\u00e8s la dur\u00e9e de pelage d\u00e9sign\u00e9e, l'\u00e9tape suivante consiste \u00e0 transf\u00e9rer les graines de s\u00e9same pel\u00e9es. Ouvrez la porte de d\u00e9charge de l'\u00e9plucheur et versez d\u00e9licatement les graines dans le composant s\u00e9parateur de la machine. Cette partie de la machinerie s\u00e9pare le s\u00e9same d\u00e9sormais pel\u00e9 de sa peau.<\/p> <\/div> <\/div> <div id=\"howto-step-1704185934488\" class=\"rank-math-step\"> <h3 class=\"rank-math-step-title\"><strong>S\u00e9parer<\/strong><\/h3> <div class=\"rank-math-step-content\"><p>Pendant le processus de s\u00e9paration, il est crucial de maintenir un rapport eau\/s\u00e9same optimal de 3:1. Cela garantit que le s\u00e9parateur peut fonctionner de mani\u00e8re optimale tout en s\u00e9parant les graines de s\u00e9same propres de leur coque. Parall\u00e8lement, ouvrez la vanne inf\u00e9rieure du s\u00e9parateur.<\/p> <\/div> <\/div> <\/div> <\/div>       <figure class=\"wp-block-embed is-type-video is-provider-youtube wp-block-embed-youtube wp-embed-aspect-16-9 wp-has-aspect-ratio\"><div class=\"wp-block-embed__wrapper\"> <iframe loading=\"lazy\" title=\"Guide du fonctionnement correct de la machine de pelage des graines de s\u00e9same | Lavage et \u00e9plucheur du s\u00e9same noir et blanc\" width=\"500\" height=\"281\" src=\"https:\/\/www.youtube.com\/embed\/23n8PzepCoA?feature=oembed\" frameborder=\"0\" allow=\"accelerometer; autoplay; clipboard-write; encrypted-media; gyroscope; picture-in-picture; web-share\" referrerpolicy=\"strict-origin-when-cross-origin\" allowfullscreen><\/iframe> <\/div><figcaption class=\"wp-element-caption\">Processus de lavage et de pelage des graines de s\u00e9same<\/figcaption><\/figure>    <h2 class=\"wp-block-heading\" id=\"wide-applications-of-sesames\"><strong>Applications larges de pel\u00e9<\/strong> <strong>S\u00e9sames<\/strong> <\/h2>    <p>Apr\u00e8s avoir d\u00e9cortiqu\u00e9 les s\u00e9sames, nous pouvons obtenir des graines de s\u00e9same de haute qualit\u00e9. Mais o\u00f9 sont-ils principalement utilis\u00e9s ? La r\u00e9ponse se trouve sans aucun doute dans l\u2019industrie alimentaire.<\/p>   <div class=\"wp-block-image\"> <figure class=\"aligncenter size-full\"><img loading=\"lazy\" decoding=\"async\" width=\"720\" height=\"540\" src=\"https:\/\/taizyagromachine.com\/wp-content\/uploads\/2022\/02\/wide-applications-sesame-dehulling-machine.jpg\" alt=\"d\u00e9cortiqueuse-de-s\u00e9same-applications-larges\" class=\"wp-image-1976\" srcset=\"https:\/\/taizyagromachine.com\/wp-content\/uploads\/2022\/02\/wide-applications-sesame-dehulling-machine.jpg 720w, https:\/\/taizyagromachine.com\/wp-content\/uploads\/2022\/02\/wide-applications-sesame-dehulling-machine-300x225.jpg 300w\" sizes=\"auto, (max-width: 720px) 100vw, 720px\" \/><figcaption class=\"wp-element-caption\">applications larges de la machine \u00e0 \u00e9plucher et \u00e0 d\u00e9cortiquer les graines de s\u00e9same<\/figcaption><\/figure> <\/div>   <ul class=\"wp-block-list\"> <li>Ajoutez des graines de s\u00e9same \u00e0 la boulangerie, aux biscuits et aux desserts pour les rendre plus attrayants et d\u00e9licieux.<\/li>    <li>En tant que mati\u00e8re premi\u00e8re, il est utilis\u00e9 pour fabriquer <a href=\"https:\/\/en.wikipedia.org\/wiki\/Tahini\" target=\"_blank\" rel=\"noreferrer noopener\">tahini<\/a>.<\/li>    <li>G\u00e9n\u00e9ralement, nous avons toujours de l\u2019huile de s\u00e9same comestible pour rendre les aliments plus parfum\u00e9s et plus d\u00e9licieux. De plus, l\u2019huile de s\u00e9same est bonne pour les humains.<\/li>    <li>L'huile de s\u00e9same est \u00e9galement destin\u00e9e aux massages corporels et aux soins de sant\u00e9.<\/li> <\/ul>    <p>Tout ce qui pr\u00e9c\u00e8de n\u00e9cessite la machine \u00e0 \u00e9plucher le s\u00e9same. Alors n\u2019h\u00e9sitez pas \u00e0 nous contacter pour plus d\u2019informations !<\/p>    <h2 class=\"wp-block-heading\" id=\"how-does-sesame-peeling-machine-work\"><strong>Comment fonctionne la machine automatique \u00e0 \u00e9plucher les graines de s\u00e9same\u00a0?<\/strong><\/h2>    <p>Cette vid\u00e9o d\u00e9taille les \u00e9tats de fonctionnement de la machine \u00e0 \u00e9plucher le s\u00e9same. D'apr\u00e8s la vid\u00e9o, vous pouvez clairement savoir que la d\u00e9cortiqueuse de s\u00e9same fonctionne pour obtenir du s\u00e9same comestible.<\/p>    <figure class=\"wp-block-embed is-type-video is-provider-youtube wp-block-embed-youtube\"><div class=\"wp-block-embed__wrapper\"> <iframe loading=\"lazy\" title=\"Machine \u00e0 \u00e9plucher le s\u00e9same | d\u00e9cortiqueuse de s\u00e9same | machine \u00e0 \u00e9plucher les graines de s\u00e9same | d\u00e9cortiqueur de s\u00e9same\" width=\"500\" height=\"281\" src=\"https:\/\/www.youtube.com\/embed\/3vg5t99RnuE?feature=oembed\" frameborder=\"0\" allow=\"accelerometer; autoplay; clipboard-write; encrypted-media; gyroscope; picture-in-picture; web-share\" referrerpolicy=\"strict-origin-when-cross-origin\" allowfullscreen><\/iframe> <\/div><figcaption class=\"wp-element-caption\">vid\u00e9o de travail de la machine \u00e0 \u00e9plucher les graines de s\u00e9same<\/figcaption><\/figure>    <h2 class=\"wp-block-heading\" id=\"attentions-during-operation\"><strong>Attention lors du fonctionnement de la machine \u00e0 \u00e9plucher et \u00e0 d\u00e9cortiquer les graines de s\u00e9same<\/strong><\/h2>    <p>Lorsque vous utilisez la machine \u00e0 \u00e9plucher le s\u00e9same, plusieurs \u00e9l\u00e9ments auxquels vous devez pr\u00eater attention sont les suivants\u00a0:<\/p>    <ul class=\"wp-block-list\"> <li>Si le s\u00e9same dans l'\u00e9plucheuse de s\u00e9same n'est pas compl\u00e8tement vid\u00e9, rincez-le avec de l'eau \u00e0 temp\u00e9rature normale.<\/li>    <li>Avant de mettre les graines de s\u00e9same pel\u00e9es dans le s\u00e9parateur, ajoutez 1\/3 d'eau pour \u00e9viter que la peau du s\u00e9same ne bloque les mailles.<\/li>    <li>Le montant de l\u2019afflux est \u00e9gal au montant du rejet. Il faut environ 5 \u00e0 10 minutes pour terminer la s\u00e9paration.<\/li> <\/ul>    <h2 class=\"wp-block-heading\" id=\"h-installation-maintenance\"><strong>Installation et entretien de la machine \u00e0 \u00e9plucher le s\u00e9same<\/strong><\/h2>    <ul class=\"wp-block-list\"> <li>Lors de l'installation de l'\u00e9plucheur de s\u00e9same pour la premi\u00e8re fois. r\u00e9parer le mat\u00e9riel. Il doit y avoir de l'eau, de l'\u00e9lectricit\u00e9 et de bonnes installations de drainage dans les environs.<\/li>    <li>Mettez sous tension et v\u00e9rifiez si l\u2019\u00e9quipement tourne correctement.<\/li>    <li>Le tuyau d'arriv\u00e9e doit \u00eatre connect\u00e9 \u00e0 la source d'eau. Si la pression de la source d'eau n'est pas suffisante, vous devez augmenter la pression de la pompe \u00e0 eau.<\/li>    <li>Apr\u00e8s utilisation, nettoyez quotidiennement les r\u00e9sidus d'\u00e9quipement. Rincez la surface du tamis de s\u00e9paration avec de l'eau. En cas de blocage, vous pouvez utiliser un pistolet \u00e0 eau haute pression.<\/li>    <li>Le r\u00e9ducteur doit \u00eatre remplac\u00e9 r\u00e9guli\u00e8rement avec de l'huile.<\/li> <\/ul>    <h2 class=\"wp-block-heading\" id=\"h-successful-case-4-sets-of-sesame-hulling-machine-exported-to-nigeria\"><strong>Cas r\u00e9ussi\u00a0: 4 ensembles de machines \u00e0 \u00e9plucher le s\u00e9same export\u00e9s au Nigeria  <\/strong><\/h2>    <p>En mars de cette ann\u00e9e, nous avons re\u00e7u une demande d'un client au Nigeria concernant une machine \u00e0 \u00e9plucher les graines de s\u00e9same. Il fournit principalement des graines de s\u00e9same de bonne qualit\u00e9 \u00e0 certaines usines de transformation alimentaire. Il a donc souhait\u00e9 acheter un \u00e9plucheur de graines de s\u00e9same pour am\u00e9liorer son efficacit\u00e9 et par la m\u00eame occasion garantir la qualit\u00e9 du s\u00e9same. <\/p>    <p>L'exigence \u00e9tant d\u00e9j\u00e0 claire, notre responsable commercial, Coco, lui a pr\u00e9sent\u00e9 les performances, les param\u00e8tres, la configuration et les fonctions de notre \u00e9plucheuse de s\u00e9same, et lui a \u00e9galement envoy\u00e9 des photos et des vid\u00e9os de travail. Le client nig\u00e9rian \u00e9tait satisfait et a imm\u00e9diatement command\u00e9 4 unit\u00e9s. Nous avons ensuite emball\u00e9 les machines dans des caisses en bois et les avons exp\u00e9di\u00e9es dans son pays.<\/p>    <figure class=\"wp-block-gallery aligncenter has-nested-images columns-default is-cropped wp-block-gallery-2 is-layout-flex wp-block-gallery-is-layout-flex\"> <figure class=\"wp-block-image size-full\"><img loading=\"lazy\" decoding=\"async\" width=\"720\" height=\"540\" data-id=\"2684\" src=\"https:\/\/taizyagromachine.com\/wp-content\/uploads\/2022\/05\/packing-sesame-seed-hulling-machine.jpg\" alt=\"machine \u00e0 d\u00e9cortiquer les graines de s\u00e9same\" class=\"wp-image-2684\"\/><figcaption class=\"wp-element-caption\">d\u00e9cortiqueuse de graines de s\u00e9same d'emballage<\/figcaption><\/figure>    <figure class=\"wp-block-image size-full\"><img loading=\"lazy\" decoding=\"async\" width=\"720\" height=\"540\" data-id=\"2683\" src=\"https:\/\/taizyagromachine.com\/wp-content\/uploads\/2022\/05\/package.jpg\" alt=\"emballer\" class=\"wp-image-2683\"\/><figcaption class=\"wp-element-caption\">emballer<\/figcaption><\/figure> <\/figure>    <h2 class=\"wp-block-heading\" id=\"h-\"><strong>Enqu\u00eate sur le prix de la machine \u00e0 \u00e9plucher le s\u00e9same\u00a0!<\/strong><\/h2>    <p class=\"translation-block\">Vous voulez une \u00e9plucheuse de graines rapide et s\u00fbre ? C'est diff\u00e9rent de la <a href=\"https:\/\/taizyagromachine.com\/fr\/product\/multifunctional-thresher\/\">machine \u00e0 battre multifonctionnelle<\/a>, si vous souhaitez plus de d\u00e9tails, veuillez nous contacter et nous vous recommanderons la machine \u00e0 d\u00e9cortiquer le s\u00e9same la plus adapt\u00e9e et la meilleure offre pour vos besoins.<\/p>","protected":false},"excerpt":{"rendered":"<p>La machine \u00e0 \u00e9plucher le s\u00e9same est sp\u00e9cialement con\u00e7ue pour d\u00e9cortiquer le s\u00e9same et les graines de citrouille avec un taux de d\u00e9corticage de 80%-85%. Cet article d\u00e9crit en d\u00e9tail les param\u00e8tres de la machine, l'application et comment utiliser l'\u00e9plucheur de s\u00e9same.<\/p>","protected":false},"author":1,"featured_media":2161,"parent":0,"template":"","tags":[215],"product-type":[22],"class_list":["post-1974","product","type-product","status-publish","has-post-thumbnail","hentry","tag-sesame-peeling-machine","product-type-others"],"_links":{"self":[{"href":"https:\/\/taizyagromachine.com\/fr\/wp-json\/wp\/v2\/product\/1974","targetHints":{"allow":["GET"]}}],"collection":[{"href":"https:\/\/taizyagromachine.com\/fr\/wp-json\/wp\/v2\/product"}],"about":[{"href":"https:\/\/taizyagromachine.com\/fr\/wp-json\/wp\/v2\/types\/product"}],"author":[{"embeddable":true,"href":"https:\/\/taizyagromachine.com\/fr\/wp-json\/wp\/v2\/users\/1"}],"wp:featuredmedia":[{"embeddable":true,"href":"https:\/\/taizyagromachine.com\/fr\/wp-json\/wp\/v2\/media\/2161"}],"wp:attachment":[{"href":"https:\/\/taizyagromachine.com\/fr\/wp-json\/wp\/v2\/media?parent=1974"}],"wp:term":[{"taxonomy":"post_tag","embeddable":true,"href":"https:\/\/taizyagromachine.com\/fr\/wp-json\/wp\/v2\/tags?post=1974"},{"taxonomy":"product-type","embeddable":true,"href":"https:\/\/taizyagromachine.com\/fr\/wp-json\/wp\/v2\/product-type?post=1974"}],"curies":[{"name":"wp","href":"https:\/\/api.w.org\/{rel}","templated":true}]}}