{"id":1989,"date":"2022-02-09T06:55:47","date_gmt":"2022-02-09T06:55:47","guid":{"rendered":"https:\/\/taizyagromachine.com\/"},"modified":"2025-01-02T13:55:56","modified_gmt":"2025-01-02T05:55:56","slug":"watermelon-and-pumpkin-seed-harvester","status":"publish","type":"product","link":"https:\/\/taizyagromachine.com\/fr\/product\/watermelon-and-pumpkin-seed-harvester\/","title":{"rendered":"R\u00e9colteuse de past\u00e8ques et de graines de citrouille"},"content":{"rendered":"<p class=\"translation-block\">Le <strong>r\u00e9colteur de graines de citrouille<\/strong> est principalement utilis\u00e9 pour la r\u00e9colte et le d\u00e9pulpage des citrouilles. Cet extracteur de graines de citrouille a trois options de puissance, respectivement prise de force (PTO), moteur \u00e9lectrique et moteur diesel. Les clients peuvent choisir celui qui convient en fonction de la situation r\u00e9elle. De plus, la machine de r\u00e9colte de citrouilles peut r\u00e9colter les graines de cantaloup, les graines de courge, les graines de melon, etc. De plus, notre machine de s\u00e9paration de graines de citrouille est bien accueillie dans de nombreux pays et r\u00e9gions. Par exemple, le Mexique, les \u00c9tats-Unis, la France, l'Australie, les Philippines, le Maroc, Isra\u00ebl, l'Afrique du Sud, le Canada, etc. Et nous avons des cas de r\u00e9ussite concernant le collecteur de graines de citrouille dans ces pays. N'h\u00e9sitez pas \u00e0 venir nous contacter !<\/p>    <h2 class=\"wp-block-heading\" id=\"h-type-1-small-size-melon-and-pumpkin-seed-extractor\"><strong>Type 1\u00a0: Extracteur de graines de melon et de citrouille de petite taille<\/strong><\/h2>    <p>Cette petite machine d'extraction de graines de citrouille est entra\u00een\u00e9e par un tracteur de 30 \u00e0 50 ch, et le crible s\u00e9lectionn\u00e9 varie, tout comme le nombre de melons pouvant \u00eatre trait\u00e9s. La machine dispose d'un certificat CE. En outre, la machine traite une vari\u00e9t\u00e9 de melons avec une propret\u00e9 de 85% et un broyage inf\u00e9rieur \u00e0 5%. Si vous \u00eates int\u00e9ress\u00e9, n'h\u00e9sitez pas \u00e0 nous contacter.<\/p>   <div class=\"wp-block-image\"> <figure class=\"aligncenter size-full\"><img loading=\"lazy\" decoding=\"async\" width=\"720\" height=\"540\" src=\"https:\/\/taizyagromachine.com\/wp-content\/uploads\/2022\/02\/pumpkin-seed-picker-machine.jpg\" alt=\"machine de ramassage de graines de citrouille\" class=\"wp-image-2160\" srcset=\"https:\/\/taizyagromachine.com\/wp-content\/uploads\/2022\/02\/pumpkin-seed-picker-machine.jpg 720w, https:\/\/taizyagromachine.com\/wp-content\/uploads\/2022\/02\/pumpkin-seed-picker-machine-300x225.jpg 300w\" sizes=\"auto, (max-width: 720px) 100vw, 720px\" \/><figcaption>machine de ramassage de graines de citrouille<\/figcaption><\/figure> <\/div>   <h3 class=\"wp-block-heading\"><strong>Structure de la machine de cueillette de graines de citrouille<\/strong><\/h3>    <p class=\"translation-block\">Chez <a href=\"https:\/\/taizyagromachine.com\/fr\/\" target=\"_blank\" rel=\"noreferrer noopener\">Taizy Agro Machine Co.<\/a>, notre machine de r\u00e9colte de citrouilles a une structure tr\u00e8s simple, comprenant une entr\u00e9e, des sorties pour les graines de citrouilles, et la peau de citrouille. Ainsi, elle est facile \u00e0 comprendre et \u00e0 utiliser.<\/p>   <div class=\"wp-block-image\"> <figure class=\"aligncenter size-full\"><img loading=\"lazy\" decoding=\"async\" width=\"720\" height=\"540\" src=\"https:\/\/taizyagromachine.com\/wp-content\/uploads\/2022\/02\/structure-of-pumpkin-seed-harvester.jpg\" alt=\"structure de la r\u00e9colteuse de graines de citrouille\" class=\"wp-image-1996\" srcset=\"https:\/\/taizyagromachine.com\/wp-content\/uploads\/2022\/02\/structure-of-pumpkin-seed-harvester.jpg 720w, https:\/\/taizyagromachine.com\/wp-content\/uploads\/2022\/02\/structure-of-pumpkin-seed-harvester-300x225.jpg 300w\" sizes=\"auto, (max-width: 720px) 100vw, 720px\" \/><figcaption>structure de la r\u00e9colteuse de graines de citrouille<\/figcaption><\/figure> <\/div>   <h3 class=\"wp-block-heading\"><strong>Param\u00e8tres de la r\u00e9colteuse de graines de melon <\/strong><\/h3>    <figure class=\"wp-block-table\"><table><tbody><tr><td>Mod\u00e8le<strong><\/strong><\/td><td>5TZ-500<\/td><\/tr><tr><td>Dimension<\/td><td>2500*2000*1800mm<\/td><\/tr><tr><td>Poids<\/td><td>400 kg<\/td><\/tr><tr><td>Vitesse de travail<\/td><td>4-6 km\/h<\/td><\/tr><tr><td>Capacit\u00e9<\/td><td>300-500 kg\/heure<\/td><\/tr><tr><td>Tarif nettoyage<\/td><td>\u226585%<\/td><\/tr><tr><td>Taux de rupture<\/td><td>\u22645%<\/td><\/tr><tr><td>Puissance minimale<\/td><td>30 ch<\/td><\/tr><tr><td>maximum d'\u00e9nergie<\/td><td>50 ch<\/td><\/tr><tr><td>RPM<\/td><td>40<\/td><\/tr><tr><td>M\u00e9thode de connexion<\/td><td>attelage \u00e0 trois points<\/td><\/tr><\/tbody><\/table><\/figure>    <h2 class=\"wp-block-heading\"><strong>Type 2\u00a0: Extracteur de graines de citrouille de grande taille<\/strong><\/h2>    <p>La r\u00e9colteuse de graines de citrouille a pour fonctions de cueillir, de broyer, de presser, de s\u00e9parer, de nettoyer, de stocker et de d\u00e9charger. Et diff\u00e9rents filets de s\u00e9paration peuvent \u00eatre s\u00e9lectionn\u00e9s pour r\u00e9colter les graines de past\u00e8que et de citrouille. En outre, la machine est entra\u00een\u00e9e par un tracteur via prise de force, ce qui est particuli\u00e8rement adapt\u00e9 aux op\u00e9rations agricoles simples. Il convient de noter que la machine d'extraction de graines ne peut \u00eatre utilis\u00e9e que pour r\u00e9colter des past\u00e8ques et des citrouilles m\u00fbres, et ses performances ne seront pas id\u00e9ales si elles ne sont pas m\u00fbres ou pourries.<\/p>    <p>Il s'agit d'une machine \u00e0 r\u00e9colter les graines enti\u00e8rement automatique, chargeant automatiquement les melons, \u00e9quivalente \u00e0 deux petites r\u00e9colteuses de graines de citrouille.<\/p>    <div class=\"wp-block-columns is-layout-flex wp-container-core-columns-is-layout-9d6595d7 wp-block-columns-is-layout-flex\"> <div class=\"wp-block-column is-layout-flow wp-block-column-is-layout-flow\"><div class=\"wp-block-image\"> <figure class=\"aligncenter size-full\"><img loading=\"lazy\" decoding=\"async\" width=\"720\" height=\"540\" src=\"https:\/\/taizyagromachine.com\/wp-content\/uploads\/2022\/05\/pumkin-seeds-extractor.jpg\" alt=\"extracteur de graines de citrouille\" class=\"wp-image-2811\"\/><figcaption>extracteur de graines de citrouille<\/figcaption><\/figure> <\/div><\/div>    <div class=\"wp-block-column is-layout-flow wp-block-column-is-layout-flow\"><div class=\"wp-block-image\"> <figure class=\"aligncenter size-full\"><img loading=\"lazy\" decoding=\"async\" width=\"720\" height=\"540\" src=\"https:\/\/taizyagromachine.com\/wp-content\/uploads\/2022\/05\/pumpkin-harvester.jpg\" alt=\"r\u00e9colteuse de citrouilles\" class=\"wp-image-2812\"\/><figcaption>r\u00e9colteuse de citrouilles<\/figcaption><\/figure> <\/div><\/div> <\/div>    <h3 class=\"wp-block-heading\"><strong>Structure de la machine de r\u00e9colte de citrouilles \u00e0 vendre<\/strong><\/h3>    <p>La r\u00e9colteuse et l'extracteur de graines de past\u00e8que se composent d'un cadre, d'un baril de cueillette de past\u00e8ques, d'un extracteur de graines, d'un r\u00e9cipient de concassage, d'un baril de nettoyage, d'un \u00e9l\u00e9vateur, d'un bac de stockage de graines, d'une bo\u00eete de vitesses, d'un pneu et d'un tube hydraulique.<\/p>    <figure class=\"wp-block-gallery aligncenter has-nested-images columns-default is-cropped wp-block-gallery-2 is-layout-flex wp-block-gallery-is-layout-flex\"> <figure class=\"wp-block-image size-large\"><img loading=\"lazy\" decoding=\"async\" width=\"720\" height=\"540\" data-id=\"2814\" src=\"https:\/\/taizyagromachine.com\/wp-content\/uploads\/2022\/05\/watermelon-seed-picker-structure.jpg\" alt=\"structure-de-cueilleur-de-graines-de-past\u00e8que\" class=\"wp-image-2814\"\/><figcaption>structure du cueilleur de graines de past\u00e8que<\/figcaption><\/figure>    <figure class=\"wp-block-image size-large\"><img loading=\"lazy\" decoding=\"async\" width=\"720\" height=\"540\" data-id=\"2815\" src=\"https:\/\/taizyagromachine.com\/wp-content\/uploads\/2022\/05\/pumpkin-seed-pikcer-structure.jpg\" alt=\"structure-pikcer-graines de citrouille\" class=\"wp-image-2815\"\/><figcaption>Structure du cueilleur de graines de citrouille<\/figcaption><\/figure>    <figure class=\"wp-block-image size-large\"><img loading=\"lazy\" decoding=\"async\" width=\"720\" height=\"540\" data-id=\"2816\" src=\"https:\/\/taizyagromachine.com\/wp-content\/uploads\/2022\/05\/seed-extraxtor-structure.jpg\" alt=\"structure-extracteur-de-graines\" class=\"wp-image-2816\"\/><figcaption>structure d'extraction de graines<\/figcaption><\/figure> <\/figure>    <h3 class=\"wp-block-heading\"><strong>Quels sont les param\u00e8tres du cueilleur de graines de citrouille\u00a0?<\/strong><\/h3>    <figure class=\"wp-block-table\"><table><tbody><tr><td>Mod\u00e8le<strong><\/strong><\/td><td>5TZ-1500<\/td><\/tr><tr><td>Poids<\/td><td>3388 kg<\/td><\/tr><tr><td>Vitesse de travail<\/td><td>2-5\u00a0km\/h\u00a0\u00a0(6\u00a0600\u00a0m<sup>2<\/sup>\/h)<\/td><\/tr><tr><td>Conteneur de mat\u00e9riel<\/td><td>1.288m\u00b3<\/td><\/tr><tr><td>Tarif nettoyage<\/td><td>\u226585%<\/td><\/tr><tr><td>Taux de rupture<\/td><td>\u22640,3%<\/td><\/tr><tr><td>Pouvoir<\/td><td>60-90 kW<\/td><\/tr><tr><td>Vitesse d'entr\u00e9e<\/td><td>540-720 tr\/min<\/td><\/tr><tr><td>M\u00e9thode de connexion<\/td><td>attelage \u00e0 trois points<\/td><\/tr><\/tbody><\/table><\/figure>    <h2 class=\"wp-block-heading\" id=\"characteristics-of-pumpkin-seed-collecting-machine\"><strong>Caract\u00e9ristiques de la machine de collecte de graines de citrouille<\/strong><\/h2>    <ul class=\"wp-block-list\" type=\"1\"><li>Simple \u00e0 utiliser, facile \u00e0 utiliser, fonctionnement s\u00fbr et fiable.<\/li><li>Structure raisonnable, performances stables, super qualit\u00e9.<\/li><li>Trois syst\u00e8mes d'alimentation. Cette r\u00e9colteuse de graines de citrouille peut utiliser une prise de force, un moteur ou un moteur diesel.<\/li><li>Forte flexibilit\u00e9. \u00c9tant donn\u00e9 que l\u2019extracteur de graines de past\u00e8que peut utiliser trois sources d\u2019\u00e9nergie, il convient aux op\u00e9rations sur le terrain ou \u00e0 des occasions fixes dans des zones de plaine.<\/li><li>Certificat CE. La r\u00e9colteuse de citrouilles \u00e0 vendre poss\u00e8de le certificat CE, conforme aux exigences du march\u00e9.&nbsp;<\/li><\/ul>    <figure class=\"wp-block-gallery has-nested-images columns-default is-cropped wp-block-gallery-3 is-layout-flex wp-block-gallery-is-layout-flex\"> <figure class=\"wp-block-image size-full\"><img loading=\"lazy\" decoding=\"async\" width=\"720\" height=\"540\" data-id=\"1993\" src=\"https:\/\/taizyagromachine.com\/wp-content\/uploads\/2022\/02\/PTO-pumpkin-harvester.jpg\" alt=\"\" class=\"wp-image-1993\" srcset=\"https:\/\/taizyagromachine.com\/wp-content\/uploads\/2022\/02\/PTO-pumpkin-harvester.jpg 720w, https:\/\/taizyagromachine.com\/wp-content\/uploads\/2022\/02\/PTO-pumpkin-harvester-300x225.jpg 300w\" sizes=\"auto, (max-width: 720px) 100vw, 720px\" \/><figcaption>PDF<\/figcaption><\/figure>    <figure class=\"wp-block-image size-large\"><img loading=\"lazy\" decoding=\"async\" width=\"720\" height=\"540\" data-id=\"1995\" src=\"https:\/\/taizyagromachine.com\/wp-content\/uploads\/2022\/02\/motor-pumpkin-harvester.jpg\" alt=\"moteur\" class=\"wp-image-1995\" srcset=\"https:\/\/taizyagromachine.com\/wp-content\/uploads\/2022\/02\/motor-pumpkin-harvester.jpg 720w, https:\/\/taizyagromachine.com\/wp-content\/uploads\/2022\/02\/motor-pumpkin-harvester-300x225.jpg 300w\" sizes=\"auto, (max-width: 720px) 100vw, 720px\" \/><figcaption>moteur<\/figcaption><\/figure>    <figure class=\"wp-block-image size-full\"><img loading=\"lazy\" decoding=\"async\" width=\"720\" height=\"540\" data-id=\"1994\" src=\"https:\/\/taizyagromachine.com\/wp-content\/uploads\/2022\/02\/diesel-pumpkin-aeed-harvester.jpg\" alt=\"moteur diesel\" class=\"wp-image-1994\" srcset=\"https:\/\/taizyagromachine.com\/wp-content\/uploads\/2022\/02\/diesel-pumpkin-aeed-harvester.jpg 720w, https:\/\/taizyagromachine.com\/wp-content\/uploads\/2022\/02\/diesel-pumpkin-aeed-harvester-300x225.jpg 300w\" sizes=\"auto, (max-width: 720px) 100vw, 720px\" \/><figcaption>moteur diesel<\/figcaption><\/figure> <\/figure>    <h2 class=\"wp-block-heading\" id=\"wide-applications-of-watermelon-and-pumpkin-seeds-harvester\"><strong>Applications larges de la r\u00e9colteuse de past\u00e8ques et de graines de citrouille<\/strong><\/h2>    <p>D\u2019une mani\u00e8re g\u00e9n\u00e9rale, cette machine \u00e0 \u00e9p\u00e9piner les citrouilles a un large \u00e9ventail d\u2019applications. Il peut obtenir diverses graines de fruits, telles que des graines de past\u00e8que, des graines de cantaloup, des graines de courge et autres. Ainsi, cette r\u00e9colteuse de graines de citrouille a un march\u00e9 potentiel important. En cas de doute, veuillez nous contacter \u00e0 tout moment pour obtenir des \u00e9claircissements\uff01<\/p>   <div class=\"wp-block-image\"> <figure class=\"aligncenter size-full\"><img loading=\"lazy\" decoding=\"async\" width=\"720\" height=\"540\" src=\"https:\/\/taizyagromachine.com\/wp-content\/uploads\/2022\/02\/applications-pumpkin-harvester.jpg\" alt=\"r\u00e9colteuse de graines de citrouille \u00e0 applications larges\" class=\"wp-image-1997\" srcset=\"https:\/\/taizyagromachine.com\/wp-content\/uploads\/2022\/02\/applications-pumpkin-harvester.jpg 720w, https:\/\/taizyagromachine.com\/wp-content\/uploads\/2022\/02\/applications-pumpkin-harvester-300x225.jpg 300w\" sizes=\"auto, (max-width: 720px) 100vw, 720px\" \/><figcaption>applications \u00e9tendues<\/figcaption><\/figure> <\/div>   <h2 class=\"wp-block-heading\" id=\"usage-of-pumpkin-seeds\"><strong>Utilisation des graines de citrouille<\/strong><strong><\/strong><\/h2>    <p>Comme chacun le sait, nous pouvons obtenir les graines de citrouille aupr\u00e8s de l\u2019extracteur de graines de citrouille. Mais quel genre de fonctions les graines de citrouille, m\u00eame de past\u00e8que, et autres graines ? En fait, ces graines sont largement utilis\u00e9es pour les produits de sant\u00e9 et de soins de la peau. De plus, nous r\u00e9coltons les graines de citrouille pour les manger, les planter, etc. Bien entendu, les autres graines sont les m\u00eames.<\/p>    <h2 class=\"wp-block-heading\" id=\"h-how-are-pumpkin-seeds-shelled\"><strong>Comment les graines de citrouille sont-elles d\u00e9cortiqu\u00e9es ?<\/strong><\/h2>    <p>La machine \u00e0 r\u00e9colter les past\u00e8ques et les citrouilles peut se connecter au petit tracteur lorsqu'elle travaille. Le tracteur entra\u00eene la machine fonctionnant par prise de force.<\/p>    <p>1.\u00a0La r\u00e9colteuse de past\u00e8ques et de citrouilles peut ramasser des past\u00e8ques ou des citrouilles dans la tr\u00e9mie\u00a0(la r\u00e9colteuse de graines de citrouille de grande taille cueille automatiquement tandis que celle de petite taille le cueille manuellement). &nbsp;<\/p>    <p>2. La machine \u00e9crase la past\u00e8que ou la citrouille avec un arbre de broyeur.<\/p>    <p>3.\u00a0La past\u00e8que ou la citrouille \u00e9cras\u00e9e est plac\u00e9e dans le tambour de s\u00e9paration.<\/p>    <p>4.\u00a0Avec l'arbre en marche,\u00a0la peau et la viande de past\u00e8que ou de citrouille sont \u00e9vacu\u00e9es du tambour de s\u00e9paration, et les graines de past\u00e8que ou de citrouille sont aspir\u00e9es dans le tambour de nettoyage.<\/p>    <p>5. Pendant que l'arbre de nettoyage fonctionne, les graines de past\u00e8que ou de citrouille sont nettoy\u00e9es et s\u00e9par\u00e9es \u00e0 nouveau.<\/p>    <p>6.\u00a0Les graines sont \u00e9vacu\u00e9es avec une rotation de l'arbre de nettoyage.<\/p>    <h2 class=\"wp-block-heading\" id=\"equipment-used-with-pumpkin-seed-harvesting-machine\"><strong>\u00c9quipement utilis\u00e9 avec la machine de r\u00e9colte de graines de citrouille<\/strong><strong><\/strong><\/h2>    <p>C'est \u00e9galement une machine \u00e0 r\u00e9colter les citrouilles et les past\u00e8ques. Il peut casser les tiges de citrouille ou de past\u00e8que, collecter la citrouille ou la past\u00e8que et les d\u00e9poser d'un c\u00f4t\u00e9. Ainsi, cet \u00e9quipement permet aux exploitations agricoles de gagner du temps. De plus, il fonctionne g\u00e9n\u00e9ralement avec la machine \u00e0 r\u00e9colter les graines de citrouille. Au plaisir de votre enqu\u00eate!<\/p>   <div class=\"wp-block-image\"> <figure class=\"aligncenter size-full\"><img loading=\"lazy\" decoding=\"async\" width=\"720\" height=\"500\" src=\"https:\/\/taizyagromachine.com\/wp-content\/uploads\/2022\/02\/harvesting-machine-for-pumpkin.jpg\" alt=\"machine \u00e0 r\u00e9colter pour citrouille, past\u00e8que, etc.\" class=\"wp-image-1998\" srcset=\"https:\/\/taizyagromachine.com\/wp-content\/uploads\/2022\/02\/harvesting-machine-for-pumpkin.jpg 720w, https:\/\/taizyagromachine.com\/wp-content\/uploads\/2022\/02\/harvesting-machine-for-pumpkin-300x208.jpg 300w\" sizes=\"auto, (max-width: 720px) 100vw, 720px\" \/><figcaption>machine \u00e0 r\u00e9colter pour citrouille, past\u00e8que, etc.<\/figcaption><\/figure> <\/div>   <h2 class=\"wp-block-heading\" id=\"successful-case-pumpkin-seed-collector-sold-to-france\"><strong>Cas r\u00e9ussi\u00a0: une r\u00e9colteuse de graines de citrouille vendue \u00e0 la France<\/strong><\/h2>    <p>Notre responsable commercial Winnie a re\u00e7u une demande concernant une r\u00e9colteuse de semences d'un client fran\u00e7ais. Il se consacre \u00e0 la plantation depuis de nombreuses ann\u00e9es. Et il a cultiv\u00e9 de vastes superficies de champs de citrouilles, vendant principalement des graines de citrouille pour fabriquer des produits de sant\u00e9. Il a vu notre extracteur de graines de citrouille sur le site Internet et a pens\u00e9 que cela lui \u00e9tait tr\u00e8s utile, il a donc pris l'initiative de nous contacter pour une demande de renseignements sur le prix de l'extracteur de graines de citrouille. Notre directeur commercial Winnie a envoy\u00e9 la photo et la vid\u00e9o de travail, il a \u00e9t\u00e9 tr\u00e8s satisfait. Les deux parties ont sign\u00e9 le contrat. <\/p>    <p class=\"translation-block\">Plus tard, lors de la s\u00e9lection du baril de nettoyage, les graines de citrouille \u00e0 collecter par le client fran\u00e7ais ont \u00e9t\u00e9 mesur\u00e9es et associ\u00e9es au tamis appropri\u00e9. Finalement, il a \u00e9t\u00e9 exp\u00e9di\u00e9 avec succ\u00e8s en France par voie maritime. Nous fournissons \u00e9galement la <a href=\"https:\/\/taizyagromachine.com\/fr\/product\/automatic-sesame-seed-peeling-and-hulling-machine\/\" target=\"_blank\" rel=\"noreferrer noopener\">machine \u00e0 d\u00e9cortiquer le s\u00e9same<\/a>, la presse \u00e0 huile et d'autres machines agricoles diverses. <\/p>    <figure class=\"wp-block-gallery has-nested-images columns-default is-cropped wp-block-gallery-4 is-layout-flex wp-block-gallery-is-layout-flex\"> <figure class=\"wp-block-image size-large\"><img loading=\"lazy\" decoding=\"async\" width=\"720\" height=\"540\" data-id=\"1999\" src=\"https:\/\/taizyagromachine.com\/wp-content\/uploads\/2022\/02\/machien-parts-to-pack.jpg\" alt=\"pi\u00e8ces de machine \u00e0 emballer\" class=\"wp-image-1999\" srcset=\"https:\/\/taizyagromachine.com\/wp-content\/uploads\/2022\/02\/machien-parts-to-pack.jpg 720w, https:\/\/taizyagromachine.com\/wp-content\/uploads\/2022\/02\/machien-parts-to-pack-300x225.jpg 300w\" sizes=\"auto, (max-width: 720px) 100vw, 720px\" \/><figcaption>pi\u00e8ces de machine \u00e0 emballer<\/figcaption><\/figure>    <figure class=\"wp-block-image size-large\"><img loading=\"lazy\" decoding=\"async\" width=\"1024\" height=\"768\" data-id=\"2000\" src=\"https:\/\/taizyagromachine.com\/wp-content\/uploads\/2022\/02\/measure-seed-size-1024x768.jpg\" alt=\"mesurer la taille des graines\" class=\"wp-image-2000\" srcset=\"https:\/\/taizyagromachine.com\/wp-content\/uploads\/2022\/02\/measure-seed-size-1024x768.jpg 1024w, https:\/\/taizyagromachine.com\/wp-content\/uploads\/2022\/02\/measure-seed-size-300x225.jpg 300w, https:\/\/taizyagromachine.com\/wp-content\/uploads\/2022\/02\/measure-seed-size-768x576.jpg 768w, https:\/\/taizyagromachine.com\/wp-content\/uploads\/2022\/02\/measure-seed-size.jpg 1080w\" sizes=\"auto, (max-width: 1024px) 100vw, 1024px\" \/><figcaption>mesurer la taille des graines<\/figcaption><\/figure> <\/figure>    <h2 class=\"wp-block-heading\" id=\"h-faq\"><strong>FAQ sur la r\u00e9colteuse de past\u00e8ques et de graines de citrouille<\/strong><\/h2>   <div id=\"rank-math-faq\" class=\"rank-math-block\"> <div class=\"rank-math-list\"> <div id=\"faq-question-1665562690660\" class=\"rank-math-list-item\"> <h3 class=\"rank-math-question\"><strong>Q : Comment confirmer la taille des graines de melon ?<\/strong><\/h3> <div class=\"rank-math-answer\">  <p>R : Mesurez la longueur et la largeur des graines de melon.<\/p>  <\/div> <\/div> <div id=\"faq-question-1665562695862\" class=\"rank-math-list-item\"> <h3 class=\"rank-math-question\"><strong>Q\u00a0: Qu'en est-il de l'arbre d'interflux du tracteur\u00a0?<\/strong><\/h3> <div class=\"rank-math-answer\">  <p>R\u00a0: 6 ou 8.<\/p>  <\/div> <\/div> <div id=\"faq-question-1665562704903\" class=\"rank-math-list-item\"> <h3 class=\"rank-math-question\"><strong>Q : Quels types de graines conviennent ?<\/strong><\/h3> <div class=\"rank-math-answer\">  <p class=\"translation-block\">R : Courgette, past\u00e8que, citrouille, concombre, melon (Australie).<\/p>  <\/div> <\/div> <\/div> <\/div>","protected":false},"excerpt":{"rendered":"<p>Pumpkin seed harvester&nbsp;is mainly used for harvesting and deseeding pumpkins. This pumpkin seed extractor has three options for power, respectively POT, motor, and diesel engine. Customers can choose the suitable one based on the actual situation. Besides, the pumpkin harvester machine can harvest the cantaloupe seed, gourd seed, melon seed, etc. Also, our pumpkin seed [&hellip;]<\/p>\n","protected":false},"author":1,"featured_media":2813,"parent":0,"template":"","tags":[112,114,109,113,111,110,115],"product-type":[22],"class_list":["post-1989","product","type-product","status-publish","has-post-thumbnail","hentry","tag-melon-seed-harvester","tag-pumpkin-seed-collector","tag-pumpkin-seed-harvester","tag-pumpkin-seed-picker","tag-seed-extractor","tag-watermelon-seed-harvester","tag-watermelon-seed-picker-machine","product-type-others"],"_links":{"self":[{"href":"https:\/\/taizyagromachine.com\/fr\/wp-json\/wp\/v2\/product\/1989","targetHints":{"allow":["GET"]}}],"collection":[{"href":"https:\/\/taizyagromachine.com\/fr\/wp-json\/wp\/v2\/product"}],"about":[{"href":"https:\/\/taizyagromachine.com\/fr\/wp-json\/wp\/v2\/types\/product"}],"author":[{"embeddable":true,"href":"https:\/\/taizyagromachine.com\/fr\/wp-json\/wp\/v2\/users\/1"}],"wp:featuredmedia":[{"embeddable":true,"href":"https:\/\/taizyagromachine.com\/fr\/wp-json\/wp\/v2\/media\/2813"}],"wp:attachment":[{"href":"https:\/\/taizyagromachine.com\/fr\/wp-json\/wp\/v2\/media?parent=1989"}],"wp:term":[{"taxonomy":"post_tag","embeddable":true,"href":"https:\/\/taizyagromachine.com\/fr\/wp-json\/wp\/v2\/tags?post=1989"},{"taxonomy":"product-type","embeddable":true,"href":"https:\/\/taizyagromachine.com\/fr\/wp-json\/wp\/v2\/product-type?post=1989"}],"curies":[{"name":"wp","href":"https:\/\/api.w.org\/{rel}","templated":true}]}}