{"id":2002,"date":"2022-02-10T08:13:22","date_gmt":"2022-02-10T08:13:22","guid":{"rendered":"https:\/\/taizyagromachine.com\/"},"modified":"2025-04-27T14:16:30","modified_gmt":"2025-04-27T06:16:30","slug":"two-wheel-drive-walking-type-tractor","status":"publish","type":"product","link":"https:\/\/taizyagromachine.com\/fr\/product\/two-wheel-drive-walking-type-tractor\/","title":{"rendered":"Tracteur \u00e0 marche \u00e0 deux roues motrices"},"content":{"rendered":"<p class=\"translation-block\">Le <strong>tracteur \u00e0 main<\/strong> est un tracteur agricole essentiel \u00e0 2 roues, capable d'utiliser de nombreux outils diff\u00e9rents. Le tracteur \u00e0 main fournit la source de puissance, largement utilis\u00e9e dans le monde entier. Le tracteur \u00e0 main pr\u00e9sente des avantages de multifonctionnalit\u00e9, de facilit\u00e9 d'utilisation et de structure compacte. De plus, ce tracteur \u00e0 main peut \u00eatre associ\u00e9 \u00e0 diff\u00e9rents \u00e9quipements, tels que la charrue, la houe, le <a href=\"https:\/\/cornmachines.com\/corn-planter-machine\/\" target=\"_blank\" rel=\"noreferrer noopener\">semoir<\/a>, la pompe \u00e0 eau, etc. Les accessoires du tracteur \u00e0 main peuvent \u00eatre vari\u00e9s. En raison de son prix \u00e9conomique, le tracteur \u00e0 deux roues est bien accueilli en Afrique du Sud, \u00e0 Maurice, en Am\u00e9rique, au Zimbabwe, en Ouganda, etc. Si vous \u00eates int\u00e9ress\u00e9, veuillez nous contacter \u00e0 tout moment.<\/p>    <h2 class=\"wp-block-heading\" id=\"features-of-walking-type-tractor\"><strong>Caract\u00e9ristiques du tracteur \u00e0 marche<\/strong><strong><\/strong><\/h2>    <ul class=\"wp-block-list\"> <li>Structure simple, bonne qualit\u00e9, performances stables.<\/li>    <li>Prix \u200b\u200bcomp\u00e9titif sur le march\u00e9. Le prix du tracteur ambulant est abordable pour les habitants de la plupart des pays, comme le Kenya.<\/li>    <li>Fonctions multiples. Ce tracteur \u00e0 deux roues peut travailler avec les diff\u00e9rents types de machines pour r\u00e9aliser des foss\u00e9s, des semis, des billons, des r\u00e9coltes, etc.<\/li>    <li>Export\u00e9 vers de nombreux pays et r\u00e9gions. En raison de la solidit\u00e9 de ses prix, ce tracteur manuel ambulant a \u00e9t\u00e9 fr\u00e9quemment export\u00e9 vers l'Afrique. Comme le Lesotho, le Ghana, l'Afrique du Sud, le Kenya, le Zimbabwe, le Nigeria, le Y\u00e9men, la Somalie, le Botswana, etc.<\/li>    <li>Forte praticabilit\u00e9. Ce tracteur agricole manuel cr\u00e9e des conditions beaucoup plus pratiques pour les personnes en mauvaise situation.<\/li> <\/ul>    <h2 class=\"wp-block-heading\" id=\"working-video-of-walking-type-tractor-implements\"><strong>Vid\u00e9o de travail des outils de tracteur \u00e0 marche<\/strong><\/h2>    <p>Ce tracteur marcheur petit et simple offre de nombreuses possibilit\u00e9s en fonction des demandes des clients. La vid\u00e9o ci-dessous montre suffisamment plusieurs possibilit\u00e9s et fonctions.<\/p>    <figure class=\"wp-block-embed is-type-video is-provider-youtube wp-block-embed-youtube\"><div class=\"wp-block-embed__wrapper\"> <iframe loading=\"lazy\" title=\"Tracteur marcheur | tracteur \u00e0 main | motoculteur \u00e0 deux roues | tracteur \u00e0 conducteur marchant avec dispositif diesel\" width=\"500\" height=\"281\" src=\"https:\/\/www.youtube.com\/embed\/TQMlzGjxFTs?feature=oembed\" frameborder=\"0\" allow=\"accelerometer; autoplay; clipboard-write; encrypted-media; gyroscope; picture-in-picture; web-share\" referrerpolicy=\"strict-origin-when-cross-origin\" allowfullscreen><\/iframe> <\/div><\/figure>    <h2 class=\"wp-block-heading\" id=\"functional-diversification-of-walking-tractor\"><strong>Diversification fonctionnelle du tracteur ambulant<\/strong><strong><\/strong><\/h2>    <p class=\"translation-block\">\u00c9tant donn\u00e9 que ce tracteur \u00e0 deux roues ne fournit que la source d'alimentation, il peut \u00eatre associ\u00e9 \u00e0 de nombreuses machines agricoles pour r\u00e9aliser diff\u00e9rentes fonctions. Par exemple, le tracteur \u00e0 main avec une charrue peut labourer le sol pour la culture suivante. Le tracteur \u00e0 main avec un semoir, tel qu'un semoir de ma\u00efs, un <a href=\"https:\/\/taizyagromachine.com\/fr\/product\/wheat-planter\/\" target=\"_blank\" rel=\"noreferrer noopener\">semoir de bl\u00e9<\/a>, peut semer et fertiliser en m\u00eame temps. De plus, le tracteur \u00e0 main avec une remorque peut transporter des objets. De plus, il peut remplacer les roues ordinaires par des roues pour rizi\u00e8res. Dans l'ensemble, ce tracteur \u00e0 2 roues motrices peut accomplir de multiples fonctions avec les nombreuses machines. Au plaisir de recevoir votre demande !<\/p>    <figure class=\"wp-block-gallery has-nested-images columns-default is-cropped wp-block-gallery-2 is-layout-flex wp-block-gallery-is-layout-flex\"> <figure class=\"wp-block-image size-large\"><img loading=\"lazy\" decoding=\"async\" width=\"720\" height=\"540\" data-id=\"2008\" src=\"https:\/\/taizyagromachine.com\/wp-content\/uploads\/2022\/02\/2-wheel-tractor-with-corn-planter.jpg\" alt=\"Tracteur 2 roues avec semoir \u00e0 ma\u00efs\" class=\"wp-image-2008\" srcset=\"https:\/\/taizyagromachine.com\/wp-content\/uploads\/2022\/02\/2-wheel-tractor-with-corn-planter.jpg 720w, https:\/\/taizyagromachine.com\/wp-content\/uploads\/2022\/02\/2-wheel-tractor-with-corn-planter-300x225.jpg 300w\" sizes=\"auto, (max-width: 720px) 100vw, 720px\" \/><figcaption class=\"wp-element-caption\">Tracteur 2 roues avec semoir \u00e0 ma\u00efs<\/figcaption><\/figure>    <figure class=\"wp-block-image size-large\"><img loading=\"lazy\" decoding=\"async\" width=\"720\" height=\"540\" data-id=\"2011\" src=\"https:\/\/taizyagromachine.com\/wp-content\/uploads\/2022\/02\/walk-behind-tractor-with-wheat-planter.jpg\" alt=\"tracteur \u00e0 conducteur marchant avec semoir \u00e0 bl\u00e9\" class=\"wp-image-2011\" srcset=\"https:\/\/taizyagromachine.com\/wp-content\/uploads\/2022\/02\/walk-behind-tractor-with-wheat-planter.jpg 720w, https:\/\/taizyagromachine.com\/wp-content\/uploads\/2022\/02\/walk-behind-tractor-with-wheat-planter-300x225.jpg 300w\" sizes=\"auto, (max-width: 720px) 100vw, 720px\" \/><figcaption class=\"wp-element-caption\">tracteur \u00e0 conducteur marchant avec semoir \u00e0 bl\u00e9<\/figcaption><\/figure>    <figure class=\"wp-block-image size-large\"><img loading=\"lazy\" decoding=\"async\" width=\"720\" height=\"540\" data-id=\"2013\" src=\"https:\/\/taizyagromachine.com\/wp-content\/uploads\/2022\/02\/walking-trator-trailer.jpg\" alt=\"remorque-trator-\u00e0 pied\" class=\"wp-image-2013\" srcset=\"https:\/\/taizyagromachine.com\/wp-content\/uploads\/2022\/02\/walking-trator-trailer.jpg 720w, https:\/\/taizyagromachine.com\/wp-content\/uploads\/2022\/02\/walking-trator-trailer-300x225.jpg 300w\" sizes=\"auto, (max-width: 720px) 100vw, 720px\" \/><figcaption class=\"wp-element-caption\">bande-annonce<\/figcaption><\/figure> <\/figure>    <figure class=\"wp-block-gallery has-nested-images columns-default is-cropped wp-block-gallery-3 is-layout-flex wp-block-gallery-is-layout-flex\"> <figure class=\"wp-block-image size-large\"><img loading=\"lazy\" decoding=\"async\" width=\"720\" height=\"540\" data-id=\"2014\" src=\"https:\/\/taizyagromachine.com\/wp-content\/uploads\/2022\/02\/electric-start-device-walking-tractor.jpg\" alt=\"dispositif de d\u00e9marrage \u00e9lectrique-tracteur ambulant\" class=\"wp-image-2014\" srcset=\"https:\/\/taizyagromachine.com\/wp-content\/uploads\/2022\/02\/electric-start-device-walking-tractor.jpg 720w, https:\/\/taizyagromachine.com\/wp-content\/uploads\/2022\/02\/electric-start-device-walking-tractor-300x225.jpg 300w\" sizes=\"auto, (max-width: 720px) 100vw, 720px\" \/><figcaption class=\"wp-element-caption\">dispositif de d\u00e9marrage \u00e9lectrique-tracteur ambulant<\/figcaption><\/figure>    <figure class=\"wp-block-image size-large\"><img loading=\"lazy\" decoding=\"async\" width=\"720\" height=\"540\" data-id=\"2012\" src=\"https:\/\/taizyagromachine.com\/wp-content\/uploads\/2022\/02\/water-pump-hand-tractor.jpg\" alt=\"pompe \u00e0 eau\" class=\"wp-image-2012\" srcset=\"https:\/\/taizyagromachine.com\/wp-content\/uploads\/2022\/02\/water-pump-hand-tractor.jpg 720w, https:\/\/taizyagromachine.com\/wp-content\/uploads\/2022\/02\/water-pump-hand-tractor-300x225.jpg 300w\" sizes=\"auto, (max-width: 720px) 100vw, 720px\" \/><figcaption class=\"wp-element-caption\">pompe \u00e0 eau<\/figcaption><\/figure> <\/figure>    <h2 class=\"wp-block-heading\" id=\"walking-tractor-attachments\">Accessoires pour tracteurs marcheurs<\/h2>    <p>En tant que fabricant et fournisseur professionnel de machines agricoles, nous avons diff\u00e9rentes collocations \u00e0 vous montrer.<\/p>    <h3 class=\"wp-block-heading\" id=\"walking-type-tractor-with-rovatator\">Tracteur ambulant avec rotovator<\/h3>    <p>Lorsque ces deux \u00e9l\u00e9ments fonctionnent ensemble, cela convient aux champs aquatiques et aux terres arides. De plus, sur la photo, nous pouvons clairement voir que le si\u00e8ge est con\u00e7u pour cr\u00e9er des conditions pratiques pour les utilisateurs.<\/p>   <div class=\"wp-block-image\"> <figure class=\"aligncenter size-full\"><img loading=\"lazy\" decoding=\"async\" width=\"720\" height=\"540\" src=\"https:\/\/taizyagromachine.com\/wp-content\/uploads\/2022\/02\/walking-type-tractor-with-rotavator.jpg\" alt=\"tracteur \u00e0 marche avec rotovator\" class=\"wp-image-2006\" srcset=\"https:\/\/taizyagromachine.com\/wp-content\/uploads\/2022\/02\/walking-type-tractor-with-rotavator.jpg 720w, https:\/\/taizyagromachine.com\/wp-content\/uploads\/2022\/02\/walking-type-tractor-with-rotavator-300x225.jpg 300w\" sizes=\"auto, (max-width: 720px) 100vw, 720px\" \/><figcaption class=\"wp-element-caption\">tracteur \u00e0 marche avec rotovator<\/figcaption><\/figure> <\/div>   <h3 class=\"wp-block-heading\" id=\"2-wheel-drive-tractor-with-double-disc-plough\">Tracteur 2 roues motrices avec charrue double disque<\/h3>    <p>La charrue \u00e0 double disque sert principalement \u00e0 labourer les zones arides. Cette combinaison pr\u00e9sente les avantages d\u2019une utilisation facile, d\u2019une vitesse rapide et d\u2019un rendement \u00e9lev\u00e9.<\/p>   <div class=\"wp-block-image\"> <figure class=\"aligncenter size-full\"><img loading=\"lazy\" decoding=\"async\" width=\"720\" height=\"540\" src=\"https:\/\/taizyagromachine.com\/wp-content\/uploads\/2022\/02\/2-wheel-rive-tractor-with-double-disc-plough.jpg\" alt=\"Tracteur 2 roues motrices avec charrue double disque\" class=\"wp-image-2007\" srcset=\"https:\/\/taizyagromachine.com\/wp-content\/uploads\/2022\/02\/2-wheel-rive-tractor-with-double-disc-plough.jpg 720w, https:\/\/taizyagromachine.com\/wp-content\/uploads\/2022\/02\/2-wheel-rive-tractor-with-double-disc-plough-300x225.jpg 300w\" sizes=\"auto, (max-width: 720px) 100vw, 720px\" \/><figcaption class=\"wp-element-caption\">Tracteur 2 roues motrices avec charrue double disque<\/figcaption><\/figure> <\/div>   <h3 class=\"wp-block-heading\" id=\"hand-tractor-with-double-plough\">Tracteur manuel avec double charrue<\/h3>    <p>Le tracteur \u00e0 main avec double charrue est couramment utilis\u00e9 dans les champs secs pour retourner le sol et ameublir le sol.<\/p>   <div class=\"wp-block-image\"> <figure class=\"aligncenter size-full\"><img loading=\"lazy\" decoding=\"async\" width=\"720\" height=\"540\" src=\"https:\/\/taizyagromachine.com\/wp-content\/uploads\/2022\/02\/hand-tractor-with-double-plough.jpg\" alt=\"tracteur \u00e0 main avec double charrue\" class=\"wp-image-2009\" srcset=\"https:\/\/taizyagromachine.com\/wp-content\/uploads\/2022\/02\/hand-tractor-with-double-plough.jpg 720w, https:\/\/taizyagromachine.com\/wp-content\/uploads\/2022\/02\/hand-tractor-with-double-plough-300x225.jpg 300w\" sizes=\"auto, (max-width: 720px) 100vw, 720px\" \/><figcaption class=\"wp-element-caption\">tracteur \u00e0 main avec double charrue<\/figcaption><\/figure> <\/div>   <h3 class=\"wp-block-heading\" id=\"two-wheel-drive-tractor-with-paddy-wheel\">Tracteur \u00e0 deux roues motrices avec roue paddy<\/h3>    <p>Ce type de motoculteur avec roue \u00e0 riz est principalement destin\u00e9 aux rizi\u00e8res aqueuses. Cette roue \u00e0 riz est b\u00e9n\u00e9fique pour marcher dans les champs aquatiques, pas coinc\u00e9e dans les terres.<\/p>   <div class=\"wp-block-image\"> <figure class=\"aligncenter size-full\"><img loading=\"lazy\" decoding=\"async\" width=\"720\" height=\"540\" src=\"https:\/\/taizyagromachine.com\/wp-content\/uploads\/2022\/02\/two-whell-drive-tractor-with-paddy-wheel.jpg\" alt=\"tracteur \u00e0 deux roues motrices avec roue de paddy\" class=\"wp-image-2010\" srcset=\"https:\/\/taizyagromachine.com\/wp-content\/uploads\/2022\/02\/two-whell-drive-tractor-with-paddy-wheel.jpg 720w, https:\/\/taizyagromachine.com\/wp-content\/uploads\/2022\/02\/two-whell-drive-tractor-with-paddy-wheel-300x225.jpg 300w\" sizes=\"auto, (max-width: 720px) 100vw, 720px\" \/><figcaption class=\"wp-element-caption\">tracteur \u00e0 deux roues motrices avec roue de paddy<\/figcaption><\/figure> <\/div>   <h2 class=\"wp-block-heading\" id=\"successful-case-hand-tractor-exported-to-mauritius-and-south-africa\"><strong>Cas r\u00e9ussi\u00a0: un tracteur \u00e0 main export\u00e9 \u00e0 Maurice et en Afrique du Sud<\/strong><strong><\/strong><\/h2>    <p>En fait, ce tracteur \u00e0 conducteur marchant est tr\u00e8s populaire dans le monde. En raison de sa simplicit\u00e9, le tracteur \u00e0 deux roues a un prix avantageux. De plus, il dispose de multiples fonctions avec diff\u00e9rentes machines. Ses march\u00e9s sont donc vastes. Notre responsable commerciale Coco a re\u00e7u des invitations pour des devis respectivement de l'\u00eele Maurice et de l'Afrique du Sud. \u00c9tant donn\u00e9 que les tracteurs \u00e0 pied peuvent \u00eatre utilis\u00e9s comme source d'\u00e9nergie et fonctionner avec diff\u00e9rentes machines, les clients de l'\u00eele Maurice et de l'Afrique du Sud ont command\u00e9 non seulement des tracteurs manuels, mais \u00e9galement des pompes \u00e0 eau, des charrues, des butteuses, des roues de rizi\u00e8re, des allume-feu \u00e9lectriques, etc. Nous avons emball\u00e9 les machines dans caisses en bois, les a charg\u00e9es dans le conteneur et les ont export\u00e9es vers l'\u00eele Maurice et l'Afrique du Sud par voie maritime. Bienvenue \u00e0 nous contacter pour plus d'informations!<\/p>   <div class=\"wp-block-image\"> <figure class=\"aligncenter size-full\"><img loading=\"lazy\" decoding=\"async\" width=\"720\" height=\"540\" src=\"https:\/\/taizyagromachine.com\/wp-content\/uploads\/2022\/02\/pack-walking-tractor-into-wooden-cases.jpg\" alt=\"emballer le tracteur \u00e0 main dans des caisses en bois\" class=\"wp-image-2004\" srcset=\"https:\/\/taizyagromachine.com\/wp-content\/uploads\/2022\/02\/pack-walking-tractor-into-wooden-cases.jpg 720w, https:\/\/taizyagromachine.com\/wp-content\/uploads\/2022\/02\/pack-walking-tractor-into-wooden-cases-300x225.jpg 300w\" sizes=\"auto, (max-width: 720px) 100vw, 720px\" \/><figcaption class=\"wp-element-caption\">charger le tracteur \u00e0 main dans des caisses en bois jusqu'au conteneur<\/figcaption><\/figure> <\/div>   <figure class=\"wp-block-embed is-type-video is-provider-youtube wp-block-embed-youtube wp-embed-aspect-16-9 wp-has-aspect-ratio\"><div class=\"wp-block-embed__wrapper\"> <iframe loading=\"lazy\" title=\"Tracteur \u00e0 main avec moissonneuse pour la r\u00e9colte des arachides et des pommes de terre | \u00c9quipement de r\u00e9colte des arachides\" width=\"500\" height=\"281\" src=\"https:\/\/www.youtube.com\/embed\/DzLEq9Kn4m4?feature=oembed\" frameborder=\"0\" allow=\"accelerometer; autoplay; clipboard-write; encrypted-media; gyroscope; picture-in-picture; web-share\" referrerpolicy=\"strict-origin-when-cross-origin\" allowfullscreen><\/iframe> <\/div><figcaption class=\"wp-element-caption\">vid\u00e9o de tracteur \u00e0 main avec moissonneuse<\/figcaption><\/figure>","protected":false},"excerpt":{"rendered":"<p>Walking type tractor&nbsp;is an essential 2 wheel farm walking tractor, capable of operating many different implements. Walk-behind tractor supplies the power sources, widely used worldwide. The hand tractor has advantages of multi functions, easy operation, compact structure. Besides, this walking tractor can match with the different equipment, like plough, ridger, planter, water pump, etc. The [&hellip;]<\/p>\n","protected":false},"author":1,"featured_media":2159,"parent":0,"template":"","tags":[],"product-type":[22],"class_list":["post-2002","product","type-product","status-publish","has-post-thumbnail","hentry","product-type-others"],"_links":{"self":[{"href":"https:\/\/taizyagromachine.com\/fr\/wp-json\/wp\/v2\/product\/2002","targetHints":{"allow":["GET"]}}],"collection":[{"href":"https:\/\/taizyagromachine.com\/fr\/wp-json\/wp\/v2\/product"}],"about":[{"href":"https:\/\/taizyagromachine.com\/fr\/wp-json\/wp\/v2\/types\/product"}],"author":[{"embeddable":true,"href":"https:\/\/taizyagromachine.com\/fr\/wp-json\/wp\/v2\/users\/1"}],"wp:featuredmedia":[{"embeddable":true,"href":"https:\/\/taizyagromachine.com\/fr\/wp-json\/wp\/v2\/media\/2159"}],"wp:attachment":[{"href":"https:\/\/taizyagromachine.com\/fr\/wp-json\/wp\/v2\/media?parent=2002"}],"wp:term":[{"taxonomy":"post_tag","embeddable":true,"href":"https:\/\/taizyagromachine.com\/fr\/wp-json\/wp\/v2\/tags?post=2002"},{"taxonomy":"product-type","embeddable":true,"href":"https:\/\/taizyagromachine.com\/fr\/wp-json\/wp\/v2\/product-type?post=2002"}],"curies":[{"name":"wp","href":"https:\/\/api.w.org\/{rel}","templated":true}]}}