{"id":2019,"date":"2022-02-11T06:41:24","date_gmt":"2022-02-11T06:41:24","guid":{"rendered":"https:\/\/taizyagromachine.com\/"},"modified":"2025-01-02T13:52:41","modified_gmt":"2025-01-02T05:52:41","slug":"small-groundnut-harvester","status":"publish","type":"product","link":"https:\/\/taizyagromachine.com\/fr\/product\/small-groundnut-harvester\/","title":{"rendered":"R\u00e9colteuse d'arachides | \u00c9quipement de r\u00e9colte d'arachide"},"content":{"rendered":"<p class=\"translation-block\">La <strong>broyeuse d'arachide<\/strong> est l'\u00e9quipement id\u00e9al pour s\u00e9parer le fruit de l'arachide du sol. G\u00e9n\u00e9ralement, la r\u00e9colteuse d'arachide est mont\u00e9e sur un tracteur et travaille dans les champs. De plus, cette machine de r\u00e9colte d'arachide a une bonne capacit\u00e9 de 0,3 \u00e0 0,5 acre par heure. De plus, le taux de ramassage de la machine de r\u00e9colte d'arachide est de \u226598%, tandis que le taux de rupture est de \u22641%. Nous savons tous que l'arachide souterraine contient de la terre. Et l'\u00e9quipement de r\u00e9colte d'arachide a un taux de nettoyage sup\u00e9rieur \u00e0 95%. Ainsi, cette arracheuse d'arachide est populaire sur le march\u00e9 des machines \u00e0 arachide. Nous attendons votre demande avec impatience !<\/p>    <h2 class=\"wp-block-heading\" id=\"characteristics-of-peanut-harvester-for-sale\"><strong>Caract\u00e9ristiques des \u00e9quipements de r\u00e9colte d'arachides \u00e0 vendre<\/strong><\/h2>    <ul class=\"wp-block-list\" type=\"1\"> <li>Structure simple, op\u00e9ration facile, haute efficacit\u00e9.<\/li>    <li>Le rouleau emp\u00eache les plants d'arachide de s'enfoncer dans le sol et facilite le creusement.<\/li>    <li>L'angle de biseau peut promettre que les cacahu\u00e8tes soient pos\u00e9es sur un c\u00f4t\u00e9.<\/li>    <li>L'arbre d'entra\u00eenement universel de la r\u00e9colteuse d'arachides est fix\u00e9 au tracteur avec la tringlerie de suspension, en ajustant la direction pour entra\u00eener les dents de scie.<\/li>    <li>L'arbre de transmission sert \u00e0 transf\u00e9rer les fruits d'arachide.<\/li> <\/ul>    <figure class=\"wp-block-gallery has-nested-images columns-default is-cropped wp-block-gallery-2 is-layout-flex wp-block-gallery-is-layout-flex\"> <figure class=\"wp-block-image size-full\"><img loading=\"lazy\" decoding=\"async\" width=\"720\" height=\"540\" data-id=\"2025\" src=\"https:\/\/taizyagromachine.com\/wp-content\/uploads\/2022\/02\/transmission-shaft-ground-nut-harvesting-machine.jpg\" alt=\"arbre de transmission\" class=\"wp-image-2025\" srcset=\"https:\/\/taizyagromachine.com\/wp-content\/uploads\/2022\/02\/transmission-shaft-ground-nut-harvesting-machine.jpg 720w, https:\/\/taizyagromachine.com\/wp-content\/uploads\/2022\/02\/transmission-shaft-ground-nut-harvesting-machine-300x225.jpg 300w\" sizes=\"auto, (max-width: 720px) 100vw, 720px\" \/><figcaption class=\"wp-element-caption\">arbre de transmission<\/figcaption><\/figure>    <figure class=\"wp-block-image size-large\"><img loading=\"lazy\" decoding=\"async\" width=\"720\" height=\"540\" data-id=\"2023\" src=\"https:\/\/taizyagromachine.com\/wp-content\/uploads\/2022\/02\/vebel-angle-and-roller-peanut-harvest.jpg\" alt=\"angle de biseau et rouleau\" class=\"wp-image-2023\" srcset=\"https:\/\/taizyagromachine.com\/wp-content\/uploads\/2022\/02\/vebel-angle-and-roller-peanut-harvest.jpg 720w, https:\/\/taizyagromachine.com\/wp-content\/uploads\/2022\/02\/vebel-angle-and-roller-peanut-harvest-300x225.jpg 300w\" sizes=\"auto, (max-width: 720px) 100vw, 720px\" \/><figcaption class=\"wp-element-caption\">angle de biseau et rouleau<\/figcaption><\/figure> <\/figure>    <h2 class=\"wp-block-heading\" id=\"principle-of-groundnut-harvesting-machine\"><strong>Principe de la machine \u00e0 r\u00e9colter les arachides<\/strong><\/h2>    <p>Ce nouveau type de machine de r\u00e9colte d'arachides adopte le principe du tamis vibrant, secouant le sol proprement et pla\u00e7ant soigneusement l'arachide sur un c\u00f4t\u00e9. Ainsi, cette r\u00e9colteuse d'arachides atteint l'objectif de s\u00e9parer l'arachide du sol, en pla\u00e7ant soigneusement les plants d'arachide d'un c\u00f4t\u00e9. &nbsp;<\/p>   <div class=\"wp-block-image\"> <figure class=\"aligncenter size-full\"><img loading=\"lazy\" decoding=\"async\" width=\"720\" height=\"540\" src=\"https:\/\/taizyagromachine.com\/wp-content\/uploads\/2022\/02\/vibratimg-screen-peanut-harvester.jpg\" alt=\"tamis vibrant\" class=\"wp-image-2021\" srcset=\"https:\/\/taizyagromachine.com\/wp-content\/uploads\/2022\/02\/vibratimg-screen-peanut-harvester.jpg 720w, https:\/\/taizyagromachine.com\/wp-content\/uploads\/2022\/02\/vibratimg-screen-peanut-harvester-300x225.jpg 300w\" sizes=\"auto, (max-width: 720px) 100vw, 720px\" \/><figcaption class=\"wp-element-caption\">tamis vibrant<\/figcaption><\/figure> <\/div>   <h2 class=\"wp-block-heading\" id=\"advantages-of-groundnut-harvester\"><strong>Avantages de la machine de r\u00e9colte d'arachide<\/strong><\/h2>    <ol class=\"wp-block-list\" type=\"1\"> <li>Cette r\u00e9colteuse automatique d'arachides a un taux de cueillette \u00e9lev\u00e9 de \u226598%, elle a donc une efficacit\u00e9 \u00e9lev\u00e9e.<\/li>    <li>Notre petite r\u00e9colteuse d'arachides poss\u00e8de deux brevets, un\u00a0mod\u00e8le\u00a0d'utilit\u00e9\u00a0et\u00a0un\u00a0design\u00a0ext\u00e9rieur\u00a0approuv\u00e9 par le\u00a0National&nbsp;<a href=\"https:\/\/en.wikipedia.org\/wiki\/Patent_office\" target=\"_blank\" rel=\"noreferrer noopener\">Office des brevets<\/a>.<\/li>    <li>La r\u00e9colteuse d'arachides entra\u00een\u00e9e par tracteur\u00a0a le tracteur, qui fonctionne plus vite que lui-m\u00eame sans\u00a0tremblement,\u00a0un empilage et un d\u00e9chargement rapides,\u00a0et\u00a0aucun\u00a0blocage\u00a0par\u00a0l'herbe.<\/li> <\/ol>    <h2 class=\"wp-block-heading\" id=\"successful-case-hanging-peanut-harvest-equipment-to-botswana\"><strong>Cas r\u00e9ussi\u00a0:\u00a0un \u00e9quipement suspendu pour la r\u00e9colte d'arachides exp\u00e9di\u00e9 au Botswana<\/strong> <\/h2>    <p class=\"translation-block\">Un client du Botswana nous a contact\u00e9s en lisant un article sur notre site Web Taizy Agro Machine. Notre responsable des ventes professionnelles, Emily, lui a r\u00e9pondu. Gr\u00e2ce \u00e0 la communication, nous avons appris qu'il avait plant\u00e9 un grand champ d'arachides et compris que sa demande \u00e9tait une r\u00e9colteuse d'arachides tract\u00e9e par un tracteur agricole. Emily lui a donc recommand\u00e9 cette petite machine de r\u00e9colte d'arachides qui peut r\u00e9colter 0,3 \u00e0 0,5 acre par heure. Il a command\u00e9 imm\u00e9diatement apr\u00e8s avoir regard\u00e9 la vid\u00e9o et les photos de la r\u00e9colteuse d'arachides en action. De plus, nous avons une semeuse d'arachide, une ramasseuse d'arachide, une <a href=\"https:\/\/taizyagromachine.com\/fr\/peanut-machine\/peanut-sheller\/\" target=\"_blank\" rel=\"noreferrer noopener\">d\u00e9cortiqueuse d'arachide<\/a> \u00e0 vendre. Il peut choisir en fonction de ses besoins. Enfin, nous avons emball\u00e9 la machine et elle est arriv\u00e9e \u00e0 destination par voie maritime.<\/p>   <div class=\"wp-block-image\"> <figure class=\"aligncenter size-full\"><img loading=\"lazy\" decoding=\"async\" width=\"720\" height=\"220\" src=\"https:\/\/taizyagromachine.com\/wp-content\/uploads\/2022\/02\/packing-loading-shipping-groundnut-harvester.jpg\" alt=\"emballage, chargement, exp\u00e9dition-r\u00e9colteuse d&#039;arachides\" class=\"wp-image-2022\" srcset=\"https:\/\/taizyagromachine.com\/wp-content\/uploads\/2022\/02\/packing-loading-shipping-groundnut-harvester.jpg 720w, https:\/\/taizyagromachine.com\/wp-content\/uploads\/2022\/02\/packing-loading-shipping-groundnut-harvester-300x92.jpg 300w\" sizes=\"auto, (max-width: 720px) 100vw, 720px\" \/><figcaption class=\"wp-element-caption\">emballage, chargement, exp\u00e9dition <\/figcaption><\/figure> <\/div>   <h2 class=\"wp-block-heading\"><strong>Vid\u00e9o de la machine de r\u00e9colte d'arachides et d'arachides<\/strong><\/h2>    <figure class=\"wp-block-embed is-type-video is-provider-youtube wp-block-embed-youtube wp-embed-aspect-16-9 wp-has-aspect-ratio\"><div class=\"wp-block-embed__wrapper\"> <iframe loading=\"lazy\" title=\"R\u00e9colteuse d&#039;arachides - \u00c9quipement de r\u00e9colte d&#039;arachides \u00e0 vendre, 2023 #peanut\" width=\"500\" height=\"281\" src=\"https:\/\/www.youtube.com\/embed\/SPkTTtFYb6k?feature=oembed\" frameborder=\"0\" allow=\"accelerometer; autoplay; clipboard-write; encrypted-media; gyroscope; picture-in-picture; web-share\" referrerpolicy=\"strict-origin-when-cross-origin\" allowfullscreen><\/iframe> <\/div><\/figure>","protected":false},"excerpt":{"rendered":"<p>Groundnut harvester&nbsp;is the ideal equipment for the purpose of separating peanut fruit from the soil. Commonly, the peanut harvester is mounted with the tractor, working the fields. Besides, this peanut harvesting machine has a good capacity of 0.3-0.5 acres per hour. Also, the picking rate of the groundnut harvesting machine is \u226598%, while the breaking [&hellip;]<\/p>\n","protected":false},"author":1,"featured_media":2151,"parent":0,"template":"","tags":[],"product-type":[21],"class_list":["post-2019","product","type-product","status-publish","has-post-thumbnail","hentry","product-type-peanut-machine"],"_links":{"self":[{"href":"https:\/\/taizyagromachine.com\/fr\/wp-json\/wp\/v2\/product\/2019","targetHints":{"allow":["GET"]}}],"collection":[{"href":"https:\/\/taizyagromachine.com\/fr\/wp-json\/wp\/v2\/product"}],"about":[{"href":"https:\/\/taizyagromachine.com\/fr\/wp-json\/wp\/v2\/types\/product"}],"author":[{"embeddable":true,"href":"https:\/\/taizyagromachine.com\/fr\/wp-json\/wp\/v2\/users\/1"}],"wp:featuredmedia":[{"embeddable":true,"href":"https:\/\/taizyagromachine.com\/fr\/wp-json\/wp\/v2\/media\/2151"}],"wp:attachment":[{"href":"https:\/\/taizyagromachine.com\/fr\/wp-json\/wp\/v2\/media?parent=2019"}],"wp:term":[{"taxonomy":"post_tag","embeddable":true,"href":"https:\/\/taizyagromachine.com\/fr\/wp-json\/wp\/v2\/tags?post=2019"},{"taxonomy":"product-type","embeddable":true,"href":"https:\/\/taizyagromachine.com\/fr\/wp-json\/wp\/v2\/product-type?post=2019"}],"curies":[{"name":"wp","href":"https:\/\/api.w.org\/{rel}","templated":true}]}}