{"id":2028,"date":"2022-02-14T07:07:09","date_gmt":"2022-02-14T07:07:09","guid":{"rendered":"https:\/\/taizyagromachine.com\/"},"modified":"2024-01-03T17:49:47","modified_gmt":"2024-01-03T09:49:47","slug":"animal-feed-pellet-machine","status":"publish","type":"product","link":"https:\/\/taizyagromachine.com\/fr\/product\/animal-feed-pellet-machine\/","title":{"rendered":"Machine \u00e0 granul\u00e9s d'alimentation animale pour le b\u00e9tail, le b\u00e9tail de poulet"},"content":{"rendered":"<p class=\"translation-block\"><strong>Machine \u00e0 granul\u00e9s pour aliments pour animaux<\/strong> produit sp\u00e9cialement des aliments pour animaux destin\u00e9s aux bovins, ch\u00e8vres et volailles, comme les poules et les canards. Cette machine \u00e0 granul\u00e9s a une structure simple, des performances stables et une utilisation facile. De plus, les mati\u00e8res premi\u00e8res de la machine \u00e0 granul\u00e9s pour aliments pour animaux sont de l'herbe et des grains, comme le ma\u00efs, le soja, les coques de riz, et d'autres. <\/p>    <p>De plus, notre usine de granul\u00e9s alimentaires\u00a0a \u00e9t\u00e9 export\u00e9e dans de nombreux pays et r\u00e9gions et a gagn\u00e9 en popularit\u00e9 aupr\u00e8s de nos clients. En raison de la petite machine \u00e0 granul\u00e9s alimentaires, les pays populaires sont les Philippines, le Nigeria, le Pakistan, la Malaisie, le N\u00e9pal, l'Australie, le Ghana, etc. Dans l'attente de vos demandes !<\/p>    <figure class=\"wp-block-embed is-type-video is-provider-youtube wp-block-embed-youtube wp-embed-aspect-16-9 wp-has-aspect-ratio\"><div class=\"wp-block-embed__wrapper\"> <iframe loading=\"lazy\" title=\"Moulin \u00e0 granul\u00e9s pour aliments pour animaux - Comment utiliser l&#039;herbe s\u00e8che pour fabriquer des granul\u00e9s comme aliment pour animaux ? #aliments pour animaux #granul\u00e9s\" width=\"500\" height=\"281\" src=\"https:\/\/www.youtube.com\/embed\/0ziMguB0ahU?feature=oembed\" frameborder=\"0\" allow=\"accelerometer; autoplay; clipboard-write; encrypted-media; gyroscope; picture-in-picture; web-share\" referrerpolicy=\"strict-origin-when-cross-origin\" allowfullscreen><\/iframe> <\/div><figcaption class=\"wp-element-caption\">vid\u00e9o de fonctionnement de la machine de fabrication d'aliments pour animaux<\/figcaption><\/figure>    <h2 class=\"wp-block-heading\" id=\"technical-specifications-of-animal-feed-pellet-machine\"><strong>Sp\u00e9cifications techniques de la machine \u00e0 granul\u00e9s alimentaires<\/strong><\/h2>    <p>Le prix de la machine de fabrication d'aliments pour animaux\u00a0diff\u00e8re en fonction des diff\u00e9rentes configurations. Nous classons le mod\u00e8le de machine en fonction du diam\u00e8tre de l'usine de moulage. Avec une plaque de moule plus grande, la capacit\u00e9 augmente. <\/p>    <p>De plus, plus la capacit\u00e9 est \u00e9lev\u00e9e, plus nous recommandons le moteur \u00e9lectrique ou le moteur diesel. Vous pouvez nous contacter pour plus de d\u00e9tails. Nous vous r\u00e9pondrons tr\u00e8s bient\u00f4t.<\/p>    <figure class=\"wp-block-table is-style-stripes\"><table><tbody><tr><td>Mod\u00e8le&nbsp;<\/td><td>Capacit\u00e9<\/td><td>Pouvoir<\/td><td>Diam\u00e8tre de la plaque de moule<\/td><td>Taille<\/td><td>Poids<\/td><\/tr><tr><td>KL-120<\/td><td>120kg\/heure<\/td><td>3 kW<\/td><td>120mm<\/td><td>750*320*610mm<\/td><td>100 kg<\/td><\/tr><tr><td>KL-150<\/td><td>150kg\/h<\/td><td>3 kW<\/td><td>150mm<\/td><td>750*350*650mm<\/td><td>190 kg<\/td><\/tr><tr><td>KL-210<\/td><td>400kg\/h<\/td><td>7,5 kW<\/td><td>210mm<\/td><td>1000*450*960mm<\/td><td>230 kg<\/td><\/tr><tr><td>KBL-260<\/td><td>800kg\/heure<\/td><td>15 kW<\/td><td>260mm<\/td><td>1460*460*1150mm<\/td><td>360 kg<\/td><\/tr><tr><td>KBL-300<\/td><td>1000-1200kg\/heure<\/td><td>22 kW<\/td><td>300mm<\/td><td>1360*570*1150mm<\/td><td>450 kg<\/td><\/tr><\/tbody><\/table><figcaption class=\"wp-element-caption\">Param\u00e8tres techniques de la machine de fabrication d'aliments pour animaux<\/figcaption><\/figure>    <figure class=\"wp-block-embed is-type-video is-provider-youtube wp-block-embed-youtube wp-embed-aspect-16-9 wp-has-aspect-ratio\"><div class=\"wp-block-embed__wrapper\"> <iframe loading=\"lazy\" title=\"Moulin \u00e0 granul\u00e9s d&#039;alimentation de vente chaude pour l&#039;alimentation des volailles, l&#039;alimentation du b\u00e9tail, l&#039;alimentation des lapins\u00a0: machine de fabrication d&#039;aliments pour animaux\" width=\"500\" height=\"281\" src=\"https:\/\/www.youtube.com\/embed\/9AQQHeaSnsM?start=11&#038;feature=oembed\" frameborder=\"0\" allow=\"accelerometer; autoplay; clipboard-write; encrypted-media; gyroscope; picture-in-picture; web-share\" referrerpolicy=\"strict-origin-when-cross-origin\" allowfullscreen><\/iframe> <\/div><figcaption class=\"wp-element-caption\">vid\u00e9o de travail de la machine \u00e0 granul\u00e9s pour l'alimentation animale<\/figcaption><\/figure>    <h2 class=\"wp-block-heading\" id=\"reasonable-structure-of-feed-pelleting-machine\"><strong>Structure raisonnable de la machine de granulation des aliments<\/strong><\/h2>    <p>En tant que fabricant et fournisseur professionnel de machines \u00e0 granul\u00e9s d'aliments pour animaux, les techniciens con\u00e7oivent la machine \u00e0 granul\u00e9s d'aliments adapt\u00e9e au march\u00e9. Il se compose d'une tr\u00e9mie d'alimentation, d'une chambre de travail, d'un syst\u00e8me d'alimentation et d'une bo\u00eete de vitesses.<\/p>    <p>Dans la chambre de travail, le rouleau et la plaque de moule sont les pi\u00e8ces consommables.<\/p>   <div class=\"wp-block-image\"> <figure class=\"aligncenter size-full\"><img loading=\"lazy\" decoding=\"async\" width=\"720\" height=\"540\" src=\"https:\/\/taizyagromachine.com\/wp-content\/uploads\/2022\/02\/structure-animal-feed-pellet-mill.jpg\" alt=\"moulin \u00e0 granul\u00e9s pour aliments pour poulets \u00e0 structure \u00e0 vendre\" class=\"wp-image-2051\" srcset=\"https:\/\/taizyagromachine.com\/wp-content\/uploads\/2022\/02\/structure-animal-feed-pellet-mill.jpg 720w, https:\/\/taizyagromachine.com\/wp-content\/uploads\/2022\/02\/structure-animal-feed-pellet-mill-300x225.jpg 300w\" sizes=\"auto, (max-width: 720px) 100vw, 720px\" \/><figcaption class=\"wp-element-caption\">structure du moulin \u00e0 granul\u00e9s d'aliments pour animaux \u00e0 vendre<\/figcaption><\/figure> <\/div>   <h2 class=\"wp-block-heading\" id=\"working-principle-of-animal-feed-pellet-machine\"><strong>Principe de fonctionnement de la machine \u00e0 granul\u00e9s d'alimentation animale<\/strong><strong><\/strong><\/h2>    <p>La chambre de travail est l\u2019esprit du granulateur d\u2019aliments pour animaux. Il est dot\u00e9 d'un rouleau presseur, d'une plaque de moule et d'un couteau. L'avance de fraisage et la longueur des pellets peuvent \u00eatre ajust\u00e9es.<\/p>   <div class=\"wp-block-image\"> <figure class=\"aligncenter size-full\"><img loading=\"lazy\" decoding=\"async\" width=\"720\" height=\"540\" src=\"https:\/\/taizyagromachine.com\/wp-content\/uploads\/2022\/02\/roller-and-mill-plate-of-animal-feed-pelllet-machine.jpg\" alt=\"rouleau-et-moulin-plaque-de-machine-\u00e0-granul\u00e9s-d&#039;alimentation-animale\" class=\"wp-image-2056\" srcset=\"https:\/\/taizyagromachine.com\/wp-content\/uploads\/2022\/02\/roller-and-mill-plate-of-animal-feed-pelllet-machine.jpg 720w, https:\/\/taizyagromachine.com\/wp-content\/uploads\/2022\/02\/roller-and-mill-plate-of-animal-feed-pelllet-machine-300x225.jpg 300w\" sizes=\"auto, (max-width: 720px) 100vw, 720px\" \/><figcaption class=\"wp-element-caption\">plaque de rouleau et de broyeur<\/figcaption><\/figure> <\/div>   <p>Tout d\u2019abord, mettez les mati\u00e8res premi\u00e8res dans le bac d\u2019alimentation. Ils tomberont sur un ensemble de rouleaux rotatifs au-dessus de la plaque de moule.<\/p>    <p>Ensuite, les mat\u00e9riaux seront press\u00e9s entre la surface de la plaque de moule et les rouleaux rotatifs. Les pellets sortiront de la fili\u00e8re et seront coup\u00e9s en longueurs sp\u00e9cifi\u00e9es par un couteau bien aiguis\u00e9. &nbsp;<\/p>    <figure class=\"wp-block-embed is-type-video is-provider-youtube wp-block-embed-youtube wp-embed-aspect-16-9 wp-has-aspect-ratio\"><div class=\"wp-block-embed__wrapper\"> <iframe loading=\"lazy\" title=\"Transformer les grains de ma\u00efs en granul\u00e9s d&#039;alimentation animale de qualit\u00e9 sup\u00e9rieure\u00a0! \ud83c\udf3d\ud83d\udc13 Machine \u00e0 granul\u00e9s d&#039;alimentation animale \u00e0 vendre\" width=\"500\" height=\"281\" src=\"https:\/\/www.youtube.com\/embed\/F8roiuXcgoc?feature=oembed\" frameborder=\"0\" allow=\"accelerometer; autoplay; clipboard-write; encrypted-media; gyroscope; picture-in-picture; web-share\" referrerpolicy=\"strict-origin-when-cross-origin\" allowfullscreen><\/iframe> <\/div><figcaption class=\"wp-element-caption\">fabriquer de l'alimentation animale \u00e0 base de ma\u00efs<\/figcaption><\/figure>    <h2 class=\"wp-block-heading\" id=\"features-of-animal-feed-pellet-machine\"><strong>Caract\u00e9ristiques de la machine \u00e0 granul\u00e9s d'alimentation animale \u00e0 vendre<\/strong><\/h2>    <ul class=\"wp-block-list\"> <li><strong>Trois sources d'alimentation<\/strong>. Un moteur \u00e9lectrique, un moteur diesel et un moteur \u00e0 essence sont disponibles. Ce broyeur \u00e0 granul\u00e9s \u00e0 fili\u00e8re plate peut \u00eatre utilis\u00e9 partout dans le monde, particuli\u00e8rement\u00a0populaire\u00a0pour\u00a0les\u00a0zones\u00a0en\u00a0p\u00e9nurie\u00a0d'approvisionnement\u00a0en\u00a0\u00e9lectricit\u00e9.<\/li>    <li><strong>Simple \u00e0 utiliser et \u00e0 nettoyer<\/strong>. Seulement\u00a01\u00a0ou\u00a02\u00a0travailleurs\u00a0suffisent.<\/li>    <li>Les\u00a0pi\u00e8ces\u00a0de rechange\u00a0sont\u00a0faciles\u00a0\u00e0\u00a0changer,\u00a0moins\u00a0co\u00fbt\u00a0pour\u00a0les\u00a0rouleaux\u00a0et\u00a0les\u00a0matrices.<\/li>    <li>Structure compacte\u00a0et\u00a0l\u00e9g\u00e8re, pratique \u00e0 d\u00e9placer et adapt\u00e9e \u00e0 la production de petits granul\u00e9s.<\/li>    <li>Composition uniforme des granul\u00e9s et forme soign\u00e9e. Le diam\u00e8tre des particules peut \u00eatre divis\u00e9 en : \u03c62, \u03c62,5, \u03c63, \u03c63,5, \u03c64, \u03c65, \u03c66, \u03c67, \u03c68 et ainsi de suite.<\/li> <\/ul>    <figure class=\"wp-block-gallery has-nested-images columns-default is-cropped wp-block-gallery-2 is-layout-flex wp-block-gallery-is-layout-flex\"> <figure class=\"wp-block-image size-large\"><img loading=\"lazy\" decoding=\"async\" width=\"720\" height=\"540\" data-id=\"2052\" src=\"https:\/\/taizyagromachine.com\/wp-content\/uploads\/2022\/02\/animal-feed-pellet-machine-with-motor.jpg\" alt=\"moulin \u00e0 granul\u00e9s d&#039;alimentation avec moteur\" class=\"wp-image-2052\" srcset=\"https:\/\/taizyagromachine.com\/wp-content\/uploads\/2022\/02\/animal-feed-pellet-machine-with-motor.jpg 720w, https:\/\/taizyagromachine.com\/wp-content\/uploads\/2022\/02\/animal-feed-pellet-machine-with-motor-300x225.jpg 300w\" sizes=\"auto, (max-width: 720px) 100vw, 720px\" \/><figcaption class=\"wp-element-caption\">moulin \u00e0 granul\u00e9s d'alimentation avec moteur<\/figcaption><\/figure>    <figure class=\"wp-block-image size-large\"><img loading=\"lazy\" decoding=\"async\" width=\"720\" height=\"540\" data-id=\"2053\" src=\"https:\/\/taizyagromachine.com\/wp-content\/uploads\/2022\/02\/feed-pellet-mill-with-diesel.jpg\" alt=\"broyeur \u00e0 granul\u00e9s alimentaires avec moteur diesel\" class=\"wp-image-2053\" srcset=\"https:\/\/taizyagromachine.com\/wp-content\/uploads\/2022\/02\/feed-pellet-mill-with-diesel.jpg 720w, https:\/\/taizyagromachine.com\/wp-content\/uploads\/2022\/02\/feed-pellet-mill-with-diesel-300x225.jpg 300w\" sizes=\"auto, (max-width: 720px) 100vw, 720px\" \/><figcaption class=\"wp-element-caption\">broyeur \u00e0 granul\u00e9s alimentaires avec moteur diesel<\/figcaption><\/figure> <\/figure>    <h2 class=\"wp-block-heading\" id=\"applications-of-animal-feed-pelleting-machine\"><strong>Applications de la machine de granulation d'aliments pour animaux<\/strong><strong><\/strong><\/h2>    <p>Cette machine de fabrication de granul\u00e9s alimentaires peut utiliser des cors, des balles de riz, des tiges de coton, des peaux de graines de coton, du son de bl\u00e9 et toutes sortes de poudre de c\u00e9r\u00e9ales, etc. Apr\u00e8s traitement par cette machine \u00e0 granul\u00e9s d'aliments pour animaux, elle peut \u00e9lever des bovins, des ch\u00e8vres, des porcs, du poulet, canard, etc. <\/p>    <p>Par exemple, reportez-vous \u00e0 la formule des granul\u00e9s d\u2019aliments pour b\u00e9tail, vous pourrez alors clairement savoir comment m\u00e9langer les mati\u00e8res premi\u00e8res. Et puis utiliser cette machine pour produire les pellets requis.<\/p>   <div class=\"wp-block-image\"> <figure class=\"aligncenter size-full\"><img loading=\"lazy\" decoding=\"async\" width=\"720\" height=\"400\" src=\"https:\/\/taizyagromachine.com\/wp-content\/uploads\/2022\/02\/applications-of-animal-feed-mill.jpg\" alt=\"applications-de-l&#039;usine-d&#039;aliments-pour-animaux\" class=\"wp-image-2054\" srcset=\"https:\/\/taizyagromachine.com\/wp-content\/uploads\/2022\/02\/applications-of-animal-feed-mill.jpg 720w, https:\/\/taizyagromachine.com\/wp-content\/uploads\/2022\/02\/applications-of-animal-feed-mill-300x167.jpg 300w\" sizes=\"auto, (max-width: 720px) 100vw, 720px\" \/><figcaption class=\"wp-element-caption\">applications de l'usine d'aliments pour animaux<\/figcaption><\/figure> <\/div>   <h2 class=\"wp-block-heading\" id=\"working-principle-of-animal-feed-pellet-machine\"><strong>Principe de fonctionnement de la machine \u00e0 granul\u00e9s d'alimentation animale<\/strong><strong><\/strong><\/h2>    <p>La chambre de travail est l\u2019esprit du granulateur d\u2019aliments pour animaux. Il est dot\u00e9 d'un rouleau presseur, d'une plaque de moule et d'un couteau. L'avance de fraisage et la longueur des pellets peuvent \u00eatre ajust\u00e9es.<\/p>   <div class=\"wp-block-image\"> <figure class=\"aligncenter size-full\"><img loading=\"lazy\" decoding=\"async\" width=\"720\" height=\"540\" src=\"https:\/\/taizyagromachine.com\/wp-content\/uploads\/2022\/02\/roller-and-mill-plate-of-animal-feed-pelllet-machine.jpg\" alt=\"rouleau-et-moulin-plaque-de-machine-\u00e0-granul\u00e9s-d&#039;alimentation-animale\" class=\"wp-image-2056\" srcset=\"https:\/\/taizyagromachine.com\/wp-content\/uploads\/2022\/02\/roller-and-mill-plate-of-animal-feed-pelllet-machine.jpg 720w, https:\/\/taizyagromachine.com\/wp-content\/uploads\/2022\/02\/roller-and-mill-plate-of-animal-feed-pelllet-machine-300x225.jpg 300w\" sizes=\"auto, (max-width: 720px) 100vw, 720px\" \/><figcaption class=\"wp-element-caption\">plaque de rouleau et de broyeur<\/figcaption><\/figure> <\/div>   <p>Tout d\u2019abord, mettez les mati\u00e8res premi\u00e8res dans le bac d\u2019alimentation. Ils tomberont sur un ensemble de rouleaux rotatifs au-dessus de la plaque de moule.<\/p>    <p>Ensuite, les mat\u00e9riaux seront press\u00e9s entre la surface de la plaque de moule et les rouleaux rotatifs. Les pellets sortiront de la fili\u00e8re et seront coup\u00e9s en longueurs sp\u00e9cifi\u00e9es par un couteau bien aiguis\u00e9. &nbsp;<\/p>    <h2 class=\"wp-block-heading\" id=\"advantages-of-pellets-processed-by-feed-pellet-mill\"><strong>Avantages des granul\u00e9s trait\u00e9s par le moulin \u00e0 granul\u00e9s alimentaires<\/strong><strong><\/strong><\/h2>    <p>Pendant le traitement, la temp\u00e9rature est d'environ 70\u00b0C, la prot\u00e9ine g\u00e8le donc. La valeur nutritionnelle augmente et pour les animaux, elle est facile \u00e0 absorber. Pour les granul\u00e9s fabriqu\u00e9s par la machine \u00e0 granul\u00e9s d'alimentation animale, son int\u00e9rieur m\u00fbrit, son ext\u00e9rieur est suffisamment rigide. Gr\u00e2ce \u00e0 ces caract\u00e9ristiques, il est adapt\u00e9 au stockage \u00e0 long terme.<\/p>    <h2 class=\"wp-block-heading\"><strong>Usine de granul\u00e9s alimentaires pour la production de masse d\u2019aliments pour animaux<\/strong><\/h2>    <p>Nous fournissons des ensembles complets de broyeurs \u00e0 fili\u00e8re plate pour la production de granul\u00e9s d'aliments pour animaux, offrant des solutions compl\u00e8tes pour diff\u00e9rents niveaux de production de 500 kg, 1 000 kg et 2 000 kg. <\/p>    <figure class=\"wp-block-gallery aligncenter has-nested-images columns-default is-cropped wp-block-gallery-3 is-layout-flex wp-block-gallery-is-layout-flex\"> <figure class=\"wp-block-image size-large\"><img loading=\"lazy\" decoding=\"async\" width=\"720\" height=\"540\" data-id=\"6374\" src=\"https:\/\/taizyagromachine.com\/wp-content\/uploads\/2022\/02\/small-animal-feed-pellet-machine-plant.webp\" alt=\"Usine de machines \u00e0 granul\u00e9s d&#039;aliments pour petits animaux\" class=\"wp-image-6374\"\/><figcaption class=\"wp-element-caption\">Usine de machines \u00e0 granul\u00e9s d'aliments pour petits animaux<\/figcaption><\/figure>    <figure class=\"wp-block-image size-large\"><img loading=\"lazy\" decoding=\"async\" width=\"720\" height=\"540\" data-id=\"6373\" src=\"https:\/\/taizyagromachine.com\/wp-content\/uploads\/2022\/02\/animal-feed-pellet-processing-line.webp\" alt=\"ligne de traitement de granul\u00e9s d&#039;aliments pour animaux\" class=\"wp-image-6373\"\/><figcaption class=\"wp-element-caption\">ligne de traitement de granul\u00e9s d'aliments pour animaux<\/figcaption><\/figure> <\/figure>    <p>Du concassage des mati\u00e8res premi\u00e8res au m\u00e9lange en passant par le pressage et le refroidissement des granul\u00e9s, il r\u00e9alise une production automatis\u00e9e \u00e0 haut rendement et r\u00e9pond aux besoins de tous types d'exploitations agricoles.<\/p>    <figure class=\"wp-block-gallery aligncenter has-nested-images columns-default is-cropped wp-block-gallery-4 is-layout-flex wp-block-gallery-is-layout-flex\"> <figure class=\"wp-block-image size-large\"><img loading=\"lazy\" decoding=\"async\" width=\"720\" height=\"540\" data-id=\"6376\" src=\"https:\/\/taizyagromachine.com\/wp-content\/uploads\/2022\/02\/large-feed-pellet-machine-plant.webp\" alt=\"grande usine de machines \u00e0 granul\u00e9s alimentaires\" class=\"wp-image-6376\"\/><figcaption class=\"wp-element-caption\">grande usine de machines \u00e0 granul\u00e9s alimentaires<\/figcaption><\/figure>    <figure class=\"wp-block-image size-large\"><img loading=\"lazy\" decoding=\"async\" width=\"720\" height=\"540\" data-id=\"6375\" src=\"https:\/\/taizyagromachine.com\/wp-content\/uploads\/2022\/02\/feed-pellet-mill-for-mass-animal-feed-production.webp\" alt=\"broyeur \u00e0 granul\u00e9s pour la production de masse d&#039;aliments pour animaux\" class=\"wp-image-6375\"\/><figcaption class=\"wp-element-caption\">broyeur \u00e0 granul\u00e9s pour la production de masse d'aliments pour animaux<\/figcaption><\/figure> <\/figure>    <h2 class=\"wp-block-heading\"><strong>Service offert \u00e0 l'usine de granul\u00e9s d'aliments pour animaux de b\u00e9tail<\/strong><\/h2>    <p class=\"translation-block\">En tant que fabricant bien connu de machines \u00e0 granul\u00e9s pour aliments pour animaux,<strong> <\/strong>nous vous proposons une gamme compl\u00e8te de services de production de granul\u00e9s pour aliments pour animaux, comprenant principalement les \u00e9l\u00e9ments suivants :<\/p>    <ul class=\"wp-block-list\"> <li><strong>Fourniture d'\u00e9quipement<\/strong>: Nous fournissons des broyeurs \u00e0 granul\u00e9s \u00e0 fili\u00e8re plate de diverses sp\u00e9cifications et capacit\u00e9s (120-1 200 kg\/h), y compris des ensembles complets d'\u00e9quipements de production d'aliments pour animaux \u00e0 diff\u00e9rents niveaux de production, tels que 500 kg, 1 000 kg et 2 000 kg.<\/li>    <li><strong>Assurance qualit\u00e9<\/strong>: Tous les produits ont pass\u00e9 des tests de qualit\u00e9 stricts pour garantir que le moulin \u00e0 granul\u00e9s alimentaires pr\u00e9sente des performances, une durabilit\u00e9 et une fiabilit\u00e9 sup\u00e9rieures, afin d'aider les clients \u00e0 am\u00e9liorer leur efficacit\u00e9 \u00e9conomique.<\/li>    <li><strong>Solutions personnalis\u00e9es<\/strong>: Solutions de conception de machines ou de lignes de production de granul\u00e9s d'aliments pour animaux sur mesure en fonction de vos besoins sp\u00e9cifiques et de votre \u00e9chelle agricole pour garantir un processus de production de granul\u00e9s d'aliments pour le b\u00e9tail efficace et stable.<\/li>    <li><strong>Soutien technique<\/strong>: \u00c9quip\u00e9s d'une \u00e9quipe technique professionnelle, nous fournissons l'installation et la mise en service des \u00e9quipements, la formation au fonctionnement, la maintenance et d'autres services d'assistance technique complets.<\/li>    <li><strong>Conseils sur la formule des mati\u00e8res premi\u00e8res<\/strong>: Nous coop\u00e9rons avec des experts de l'industrie, recherchons et d\u00e9veloppons des formules alimentaires qui r\u00e9pondent pour vous aux besoins nutritionnels des animaux et donnons des conseils professionnels sur la s\u00e9lection des mati\u00e8res premi\u00e8res.<\/li>    <li><strong>Service apr\u00e8s-vente<\/strong>: Taizy a mis en place un syst\u00e8me de service apr\u00e8s-vente parfait pour assurer une r\u00e9ponse rapide \u00e0 vos besoins et r\u00e9soudre rapidement toutes sortes de probl\u00e8mes lors du fonctionnement de l'\u00e9quipement.<\/li> <\/ul>    <h2 class=\"wp-block-heading\" id=\"related-machines\"><strong>Machines associ\u00e9es<\/strong><\/h2>    <p class=\"translation-block\">Une autre chose \u00e0 mentionner, nous avons la machine pour aliments pour poissons, appel\u00e9e <a href=\"https:\/\/taizyagromachine.com\/fr\/product\/fish-feed-extruder\/\" target=\"_blank\" rel=\"noreferrer noopener\">machine \u00e0 granul\u00e9s pour aliments pour poissons<\/a>. De plus, nous fournissons la ligne de production de granul\u00e9s pour aliments, comprenant la coupeuse de paille, le broyeur, le m\u00e9langeur et la machine \u00e0 granul\u00e9s pour aliments pour animaux. Lorsque vous allez acheter la machine, veuillez nous contacter. Nous vous recommanderons celle qui convient le mieux en fonction de vos besoins r\u00e9els.<\/p>    <h2 class=\"wp-block-heading\"><strong>Enqu\u00eate sur la machine \u00e0 granul\u00e9s d'alimentation animale\u00a0!<\/strong><\/h2>    <p class=\"translation-block\">Vous souhaitez produire toutes sortes de <a href=\"https:\/\/en.wikipedia.org\/wiki\/Animal_feed\" target=\"_blank\" rel=\"noopener\">aliments pour animaux<\/a> ? Nous avons une large gamme de types de moulins \u00e0 granul\u00e9s \u00e0 matrice plate pour r\u00e9pondre \u00e0 vos besoins. Contactez-nous, nous concevrons la meilleure solution pour vous et fournirons le meilleur devis.<\/p>","protected":false},"excerpt":{"rendered":"<p>La machine \u00e0 granul\u00e9s d'alimentation animale est sp\u00e9cialement con\u00e7ue pour produire des aliments pour animaux de b\u00e9tail pour les bovins, les ch\u00e8vres, les volailles, les lapins, etc., avec une capacit\u00e9 de 120 \u00e0 1 200 kg\/h. Cet article pr\u00e9sente les diff\u00e9rents mod\u00e8les de broyeur \u00e0 granul\u00e9s \u00e0 fili\u00e8re plate et les diff\u00e9rents services que nous pouvons fournir, bienvenue \u00e0 consulter.<\/p>","protected":false},"author":1,"featured_media":2157,"parent":0,"template":"","tags":[72,68,63,64,71,70,67,69,62,65,74,66,73],"product-type":[29],"class_list":["post-2028","product","type-product","status-publish","has-post-thumbnail","hentry","tag-animal-feed-granulator","tag-animal-feed-making-machine-price","tag-animal-feed-pellet-machine","tag-animal-feed-pellet-mill","tag-applications-of-animal-feed-pelleting-machine","tag-cattle-feed-pellet-formula","tag-feed-pellet-machine","tag-feed-pellet-making-machine","tag-feed-pellet-mill","tag-feed-pellet-mill-machine","tag-feed-pellet-mill-production-line","tag-feed-pelleting-machine","tag-fish-feed-pellet-machine","product-type-feed-pellet-machine"],"_links":{"self":[{"href":"https:\/\/taizyagromachine.com\/fr\/wp-json\/wp\/v2\/product\/2028","targetHints":{"allow":["GET"]}}],"collection":[{"href":"https:\/\/taizyagromachine.com\/fr\/wp-json\/wp\/v2\/product"}],"about":[{"href":"https:\/\/taizyagromachine.com\/fr\/wp-json\/wp\/v2\/types\/product"}],"author":[{"embeddable":true,"href":"https:\/\/taizyagromachine.com\/fr\/wp-json\/wp\/v2\/users\/1"}],"wp:featuredmedia":[{"embeddable":true,"href":"https:\/\/taizyagromachine.com\/fr\/wp-json\/wp\/v2\/media\/2157"}],"wp:attachment":[{"href":"https:\/\/taizyagromachine.com\/fr\/wp-json\/wp\/v2\/media?parent=2028"}],"wp:term":[{"taxonomy":"post_tag","embeddable":true,"href":"https:\/\/taizyagromachine.com\/fr\/wp-json\/wp\/v2\/tags?post=2028"},{"taxonomy":"product-type","embeddable":true,"href":"https:\/\/taizyagromachine.com\/fr\/wp-json\/wp\/v2\/product-type?post=2028"}],"curies":[{"name":"wp","href":"https:\/\/api.w.org\/{rel}","templated":true}]}}