{"id":2029,"date":"2022-02-14T05:56:23","date_gmt":"2022-02-14T05:56:23","guid":{"rendered":"https:\/\/taizyagromachine.com\/"},"modified":"2025-01-02T13:53:53","modified_gmt":"2025-01-02T05:53:53","slug":"paddy-dryer","status":"publish","type":"product","link":"https:\/\/taizyagromachine.com\/fr\/product\/paddy-dryer\/","title":{"rendered":"S\u00e9choir \u00e0 paddy pour c\u00e9r\u00e9ales, ma\u00efs, riz et bl\u00e9"},"content":{"rendered":"<p class=\"translation-block\">Le <strong>s\u00e9choir \u00e0 paddy<\/strong> est un \u00e9quipement id\u00e9al qui sert principalement \u00e0 s\u00e9cher divers grains, tels que le ma\u00efs, le riz, le bl\u00e9, le soja, etc. Le s\u00e9choir \u00e0 grains appartient \u00e0 la cat\u00e9gorie des s\u00e9choirs \u00e0 circulation par lots, basse temp\u00e9rature et \u00e9conomes en \u00e9nergie. Sa structure est raisonnable, son fonctionnement est facile et le bruit est faible. <\/p>    <p>D'une mani\u00e8re g\u00e9n\u00e9rale, les s\u00e9choirs \u00e0 grains en vente par Taizy Company proposent 5H-15 et 5H-32. De plus, la m\u00e9thode de chauffage est facultative. Le s\u00e9choir \u00e0 tour est courant pour un usage commercial. <\/p>    <p>Par exemple, dans l'usine de rizerie, cette machine est utilis\u00e9e comme s\u00e9choir \u00e0 riz pour obtenir du riz paddy satisfaisant. Selon la m\u00eame th\u00e9orie, il peut \u00e9galement \u00eatre utilis\u00e9 comme s\u00e9choir \u00e0 ma\u00efs. Bienvenue \u00e0 nous contacter pour plus de d\u00e9tails\u00a0!<\/p>    <figure class=\"wp-block-embed is-type-video is-provider-youtube wp-block-embed-youtube wp-embed-aspect-16-9 wp-has-aspect-ratio\"><div class=\"wp-block-embed__wrapper\"> <iframe loading=\"lazy\" title=\"S\u00e9choir \u00e0 grains vertical industriel utilis\u00e9 pour le riz paddy, le bl\u00e9, le ma\u00efs, le soja, le sorgho, le colza, etc.\" width=\"500\" height=\"281\" src=\"https:\/\/www.youtube.com\/embed\/7hceHg7rS_k?feature=oembed\" frameborder=\"0\" allow=\"accelerometer; autoplay; clipboard-write; encrypted-media; gyroscope; picture-in-picture; web-share\" referrerpolicy=\"strict-origin-when-cross-origin\" allowfullscreen><\/iframe> <\/div><figcaption class=\"wp-element-caption\">vid\u00e9o de travail du s\u00e9choir \u00e0 paddy<\/figcaption><\/figure>    <h2 class=\"wp-block-heading\"><strong>Param\u00e8tres techniques du s\u00e9choir \u00e0 paddy \u00e0 vendre<\/strong><\/h2>    <figure class=\"wp-block-table\"><table><tbody><tr><td>Mod\u00e8le<\/td><td>5H-15<\/td><td>5H-32<\/td><\/tr><tr><td>Capacit\u00e9 de s\u00e9chage<\/td><td>15-20t\u00b7%\/h<\/td><td>25-35t\u00b7%\/h<\/td><\/tr><tr><td>Temps d'alimentation<\/td><td>Environ 63 minutes<\/td><td>Environ 58min<\/td><\/tr><tr><td>Temps de d\u00e9charge<\/td><td>Environ 69 minutes<\/td><td>Environ 64 minutes<\/td><\/tr><tr><td>Pouvoir<\/td><td>6,5 kW (82\/3 CV)<\/td><td>12,65 kW<\/td><\/tr><tr><td>Poids total<\/td><td>3200 kg<\/td><td>7500kg<\/td><\/tr><\/tbody><\/table><figcaption class=\"wp-element-caption\">donn\u00e9es techniques du s\u00e9choir \u00e0 grains<\/figcaption><\/figure>    <figure class=\"wp-block-gallery aligncenter has-nested-images columns-default is-cropped wp-block-gallery-2 is-layout-flex wp-block-gallery-is-layout-flex\"> <figure class=\"wp-block-image size-large\"><img loading=\"lazy\" decoding=\"async\" width=\"640\" height=\"640\" data-id=\"6420\" src=\"https:\/\/taizyagromachine.com\/wp-content\/uploads\/2022\/02\/corn-dryer-for-sale.webp\" alt=\"s\u00e9choir \u00e0 ma\u00efs \u00e0 vendre\" class=\"wp-image-6420\"\/><figcaption class=\"wp-element-caption\">s\u00e9choir \u00e0 ma\u00efs \u00e0 vendre<\/figcaption><\/figure>    <figure class=\"wp-block-image size-large\"><img loading=\"lazy\" decoding=\"async\" width=\"640\" height=\"640\" data-id=\"6421\" src=\"https:\/\/taizyagromachine.com\/wp-content\/uploads\/2022\/02\/grain-dryer-for-sale.webp\" alt=\"s\u00e9choir \u00e0 grains \u00e0 vendre\" class=\"wp-image-6421\"\/><figcaption class=\"wp-element-caption\">s\u00e9choir \u00e0 grains \u00e0 vendre<\/figcaption><\/figure>    <figure class=\"wp-block-image size-large\"><img loading=\"lazy\" decoding=\"async\" width=\"640\" height=\"640\" data-id=\"6422\" src=\"https:\/\/taizyagromachine.com\/wp-content\/uploads\/2022\/02\/paddy-dryer-in-batches.webp\" alt=\"s\u00e9choir \u00e0 paddy par lots\" class=\"wp-image-6422\"\/><figcaption class=\"wp-element-caption\">s\u00e9choir \u00e0 paddy par lots<\/figcaption><\/figure> <\/figure>    <h2 class=\"wp-block-heading\" id=\"machine-details\"><strong>Conception de s\u00e9choir \u00e0 paddy circulaire \u00e0 basse temp\u00e9rature<\/strong><\/h2>    <div class=\"wp-block-columns is-layout-flex wp-container-core-columns-is-layout-9d6595d7 wp-block-columns-is-layout-flex\"> <div class=\"wp-block-column is-layout-flow wp-block-column-is-layout-flow\"> <figure class=\"wp-block-image size-full\"><img loading=\"lazy\" decoding=\"async\" width=\"720\" height=\"540\" src=\"https:\/\/taizyagromachine.com\/wp-content\/uploads\/2022\/02\/PLC-tower-grain-dryer.jpg\" alt=\"Armoire de commande automate\" class=\"wp-image-2042\" srcset=\"https:\/\/taizyagromachine.com\/wp-content\/uploads\/2022\/02\/PLC-tower-grain-dryer.jpg 720w, https:\/\/taizyagromachine.com\/wp-content\/uploads\/2022\/02\/PLC-tower-grain-dryer-300x225.jpg 300w\" sizes=\"auto, (max-width: 720px) 100vw, 720px\" \/><figcaption class=\"wp-element-caption\">Armoire de commande automate<\/figcaption><\/figure> <\/div>    <div class=\"wp-block-column is-vertically-aligned-center is-layout-flow wp-block-column-is-layout-flow\"> <p class=\"has-text-align-center translation-block\"><strong>Armoire de commande PLC<\/strong><\/p>    <p>Siemens electric, fonctionnement par \u00e9cran tactile, affichage pr\u00e9cis des d\u00e9fauts<\/p> <\/div> <\/div>    <div class=\"wp-block-columns is-layout-flex wp-container-core-columns-is-layout-9d6595d7 wp-block-columns-is-layout-flex\"> <div class=\"wp-block-column is-vertically-aligned-center is-layout-flow wp-block-column-is-layout-flow\"> <p class=\"has-text-align-center translation-block\"><strong>M\u00e9thodes de chauffage<\/strong><\/p>    <p>Diff\u00e9rentes sources de chaleur sont \u00e0 votre choix : po\u00eale \u00e0 air chaud biomasse, po\u00eale diesel, gaz naturel, br\u00fbleur \u00e9lectrique. En choisir un maximise vos avantages.&nbsp;&nbsp;<\/p> <\/div>    <div class=\"wp-block-column is-layout-flow wp-block-column-is-layout-flow\"> <figure class=\"wp-block-image size-full\"><img loading=\"lazy\" decoding=\"async\" width=\"720\" height=\"540\" src=\"https:\/\/taizyagromachine.com\/wp-content\/uploads\/2022\/02\/heating-method-grain-dryer.jpg\" alt=\"m\u00e9thodes de chauffage du s\u00e9choir \u00e0 grains\" class=\"wp-image-2043\" srcset=\"https:\/\/taizyagromachine.com\/wp-content\/uploads\/2022\/02\/heating-method-grain-dryer.jpg 720w, https:\/\/taizyagromachine.com\/wp-content\/uploads\/2022\/02\/heating-method-grain-dryer-300x225.jpg 300w\" sizes=\"auto, (max-width: 720px) 100vw, 720px\" \/><figcaption class=\"wp-element-caption\">m\u00e9thodes de chauffage du s\u00e9choir \u00e0 grains<\/figcaption><\/figure> <\/div> <\/div>    <div class=\"wp-block-columns is-layout-flex wp-container-core-columns-is-layout-9d6595d7 wp-block-columns-is-layout-flex\"> <div class=\"wp-block-column is-layout-flow wp-block-column-is-layout-flow\"> <figure class=\"wp-block-image size-full\"><img loading=\"lazy\" decoding=\"async\" width=\"720\" height=\"540\" src=\"https:\/\/taizyagromachine.com\/wp-content\/uploads\/2022\/02\/elevator-corn-dryer.jpg\" alt=\"ascenseur de s\u00e9choir \u00e0 ma\u00efs\" class=\"wp-image-2044\" srcset=\"https:\/\/taizyagromachine.com\/wp-content\/uploads\/2022\/02\/elevator-corn-dryer.jpg 720w, https:\/\/taizyagromachine.com\/wp-content\/uploads\/2022\/02\/elevator-corn-dryer-300x225.jpg 300w\" sizes=\"auto, (max-width: 720px) 100vw, 720px\" \/><figcaption class=\"wp-element-caption\">ascenseur de s\u00e9choir \u00e0 ma\u00efs<\/figcaption><\/figure> <\/div>    <div class=\"wp-block-column is-vertically-aligned-center is-layout-flow wp-block-column-is-layout-flow\"> <p class=\"has-text-align-center translation-block\"><strong>\u00c9l\u00e9vateur<\/strong><\/p>    <p>La ceinture est faite de toile de nylon pur, le seau utilise du plastique en nylon vierge avec une bonne t\u00e9nacit\u00e9 et aucune fragilit\u00e9.<\/p> <\/div> <\/div>    <div class=\"wp-block-columns is-layout-flex wp-container-core-columns-is-layout-9d6595d7 wp-block-columns-is-layout-flex\"> <div class=\"wp-block-column is-vertically-aligned-center is-layout-flow wp-block-column-is-layout-flow\"> <p class=\"has-text-align-center translation-block\"><strong>Calcul de conception du s\u00e9choir \u00e0 paddy<\/strong><\/p>    <p>Prise d'angle, facilitant le s\u00e9chage des grains. &nbsp;&nbsp;<\/p> <\/div>    <div class=\"wp-block-column is-layout-flow wp-block-column-is-layout-flow\"> <figure class=\"wp-block-image size-full\"><img loading=\"lazy\" decoding=\"async\" width=\"750\" height=\"416\" src=\"https:\/\/taizyagromachine.com\/wp-content\/uploads\/2022\/02\/circulation-drying-dryer.jpg\" alt=\"s\u00e9chage par circulation du s\u00e9choir \u00e0 grains\" class=\"wp-image-2045\" srcset=\"https:\/\/taizyagromachine.com\/wp-content\/uploads\/2022\/02\/circulation-drying-dryer.jpg 750w, https:\/\/taizyagromachine.com\/wp-content\/uploads\/2022\/02\/circulation-drying-dryer-300x166.jpg 300w\" sizes=\"auto, (max-width: 750px) 100vw, 750px\" \/><figcaption class=\"wp-element-caption\">s\u00e9chage par circulation du s\u00e9choir \u00e0 grains<\/figcaption><\/figure> <\/div> <\/div>    <p><\/p>    <h2 class=\"wp-block-heading\" id=\"advantages-of-rice-dryer-for-sale\"><strong>Avantages du s\u00e9choir \u00e0 riz \u00e0 vendre<\/strong><\/h2>    <ul class=\"wp-block-list\"> <li><strong>Utilisation pratique<\/strong>. Parce que ce s\u00e9choir \u00e0 paddy n'a besoin de remplacer aucune pi\u00e8ce, s'adaptant directement au ma\u00efs sec, au riz, au bl\u00e9, au colza, au soja, etc.<\/li>    <li><strong>Technologie avanc\u00e9e de s\u00e9chage des grains<\/strong>. Cette technologie chauffe les grains uniform\u00e9ment, avec un taux de d\u00e9shydratation rapide et un faible co\u00fbt de s\u00e9chage.<\/li>    <li><strong>Mat\u00e9riau en acier inoxydable<\/strong>. Les \u00e9l\u00e9ments cl\u00e9s du s\u00e9choir \u00e0 grains \u00e0 l'int\u00e9rieur adoptent des mat\u00e9riaux en acier inoxydable, prolongeant ainsi efficacement la dur\u00e9e de vie de l'\u00e9quipement.<\/li>    <li>Le s\u00e9choir \u00e0 ma\u00efs a son <strong>propre syst\u00e8me de distribution d'air de refroidissement<\/strong>, ce qui peut garantir efficacement la qualit\u00e9 du grain s\u00e9ch\u00e9 et faciliter la conservation du grain.<\/li>    <li>Op\u00e9ration facile, efficacit\u00e9 de s\u00e9chage \u00e9lev\u00e9e, sans pollution.<\/li>    <li><strong>M\u00e9thodes de chauffage optionnelles<\/strong>. Un po\u00eale \u00e0 air chaud \u00e0 biomasse, un po\u00eale diesel, du gaz naturel et un br\u00fbleur \u00e9lectrique sont disponibles.<\/li> <\/ul>    <h2 class=\"wp-block-heading\" id=\"wide-applications-of-vertical-grain-dryer\"><strong>Applications larges du s\u00e9choir \u00e0 grains vertical<\/strong><\/h2>    <p class=\"translation-block\">Ce s\u00e9choir \u00e0 grains vertical a une large gamme d'applications. Il peut s\u00e9cher les grains, tels que le <strong>riz, le bl\u00e9, le ma\u00efs, le soja, le sorgho, le millet, le colza, la graine de tournesol<\/strong>, etc. en type par lots. <\/p>   <div class=\"wp-block-image\"> <figure class=\"aligncenter size-full\"><img loading=\"lazy\" decoding=\"async\" width=\"720\" height=\"540\" src=\"https:\/\/taizyagromachine.com\/wp-content\/uploads\/2022\/02\/applications-tower-grain-dryer.jpg\" alt=\"application du s\u00e9choir \u00e0 paddy\" class=\"wp-image-2046\" srcset=\"https:\/\/taizyagromachine.com\/wp-content\/uploads\/2022\/02\/applications-tower-grain-dryer.jpg 720w, https:\/\/taizyagromachine.com\/wp-content\/uploads\/2022\/02\/applications-tower-grain-dryer-300x225.jpg 300w\" sizes=\"auto, (max-width: 720px) 100vw, 720px\" \/><figcaption class=\"wp-element-caption\">application du s\u00e9choir \u00e0 paddy<\/figcaption><\/figure> <\/div>   <h2 class=\"wp-block-heading\" id=\"how-does-a-paddy-dryer-work\"><strong>Comment fonctionne un s\u00e9choir \u00e0 paddy brut\u00a0?<\/strong><\/h2>   <div id=\"rank-math-howto\" class=\"rank-math-block\" > <div class=\"rank-math-howto-description\">  <\/div>  <div class=\"rank-math-steps\"> <div id=\"howto-step-1704706129384\" class=\"rank-math-step\"> <h3 class=\"rank-math-step-title\"><strong>\u00c9tape d'alimentation<\/strong><\/h3> <div class=\"rank-math-step-content\"><p>Avant de commencer le processus de s\u00e9chage du paddy, le paddy humide r\u00e9colt\u00e9 est d'abord achemin\u00e9 depuis la zone de transit jusqu'\u00e0 l'entr\u00e9e du s\u00e9choir \u00e0 paddy via l'\u00e9quipement de levage (par exemple, un \u00e9l\u00e9vateur \u00e0 godets ou un convoyeur \u00e0 bande) pour terminer le chargement initial du grain.<\/p> <\/div> <\/div> <div id=\"howto-step-1704706148500\" class=\"rank-math-step\"> <h3 class=\"rank-math-step-title\"><strong>Pr\u00e9paration du pr\u00e9chauffage<\/strong><\/h3> <div class=\"rank-math-step-content\"><p>Avant que le s\u00e9choir ne soit compl\u00e8tement rempli de paddy, l'op\u00e9rateur doit allumer le br\u00fbleur \u00e0 l'int\u00e9rieur du s\u00e9choir. Selon le type d'\u00e9quipement, du fioul, du gaz, de la biomasse ou d'autres formes d'\u00e9nergie peuvent \u00eatre utilis\u00e9s pour garantir que le br\u00fbleur br\u00fble de mani\u00e8re constante et g\u00e9n\u00e8re suffisamment de chaleur pour fournir une source de chaleur pour l'op\u00e9ration de s\u00e9chage.<\/p> <\/div> <\/div> <div id=\"howto-step-1704706186044\" class=\"rank-math-step\"> <h3 class=\"rank-math-step-title\"><strong>Processus de s\u00e9chage circulaire<\/strong><\/h3> <div class=\"rank-math-step-content\"><p>Lorsque le four \u00e0 combustion atteint une temp\u00e9rature pr\u00e9d\u00e9termin\u00e9e et commence \u00e0 fournir de la chaleur de mani\u00e8re constante, le syst\u00e8me de circulation du s\u00e9choir d\u00e9marre. <br \/>Il repose principalement sur la chaleur g\u00e9n\u00e9r\u00e9e dans la chambre du four pour \u00e9changer de la chaleur avec le paddy. L'air chaud circule \u00e0 l'int\u00e9rieur du s\u00e9choir et chauffe le paddy uniform\u00e9ment \u00e0 travers les plaques de s\u00e9chage multicouches ou les canaux de s\u00e9chage sp\u00e9cialement con\u00e7us pour en \u00e9liminer l'humidit\u00e9.<\/p> <\/div> <\/div> <div id=\"howto-step-1704706222538\" class=\"rank-math-step\"> <h3 class=\"rank-math-step-title\"><strong>Fin du s\u00e9chage et d\u00e9chargement<\/strong><\/h3> <div class=\"rank-math-step-content\"><p>L'op\u00e9ration de s\u00e9chage est termin\u00e9e lorsque l'humidit\u00e9 du paddy est r\u00e9duite \u00e0 un niveau appropri\u00e9 pour le stockage. \u00c9teignez le four \u00e0 combustion, r\u00e9glez le dispositif de d\u00e9charge du s\u00e9choir, contr\u00f4lez que le paddy soit d\u00e9charg\u00e9 de mani\u00e8re ordonn\u00e9e depuis le bas du s\u00e9choir ou depuis la sortie sp\u00e9cifique en fonction de la vitesse r\u00e9gl\u00e9e. <br \/>Apr\u00e8s s\u00e9chage, le paddy est refroidi et pr\u00eat pour la prochaine \u00e9tape de stockage ou de transformation.<\/p> <\/div> <\/div> <\/div> <\/div>       <figure class=\"wp-block-gallery aligncenter has-nested-images columns-default is-cropped wp-block-gallery-3 is-layout-flex wp-block-gallery-is-layout-flex\"> <figure class=\"wp-block-image size-large\"><img loading=\"lazy\" decoding=\"async\" width=\"640\" height=\"640\" data-id=\"6424\" src=\"https:\/\/taizyagromachine.com\/wp-content\/uploads\/2022\/02\/paddy-dryer-machine-for-corn.webp\" alt=\"Machine de s\u00e9chage de paddy pour le ma\u00efs\" class=\"wp-image-6424\"\/><figcaption class=\"wp-element-caption\">Machine de s\u00e9chage de paddy pour le ma\u00efs<\/figcaption><\/figure>    <figure class=\"wp-block-image size-large\"><img loading=\"lazy\" decoding=\"async\" width=\"640\" height=\"640\" data-id=\"6425\" src=\"https:\/\/taizyagromachine.com\/wp-content\/uploads\/2022\/02\/rice-dryer-on-site.webp\" alt=\"s\u00e9choir \u00e0 riz sur place\" class=\"wp-image-6425\"\/><figcaption class=\"wp-element-caption\">s\u00e9choir \u00e0 riz sur place<\/figcaption><\/figure> <\/figure>    <h2 class=\"wp-block-heading\" id=\"four-questions-we-should-confirm\"><strong>FAQ lors de l\u2019achat d\u2019un s\u00e9choir \u00e0 grains<\/strong><\/h2>   <div id=\"rank-math-faq\" class=\"rank-math-block\"> <div class=\"rank-math-list\"> <div id=\"faq-question-1704705433446\" class=\"rank-math-list-item\"> <h3 class=\"rank-math-question\"><strong>Quel type de grains souhaitez-vous s\u00e9cher\u00a0? Riz, ma\u00efs, sorgho, bl\u00e9 ou autres c\u00e9r\u00e9ales ?<\/strong><\/h3> <div class=\"rank-math-answer\">  <p>Notre s\u00e9choir \u00e0 grains peut s\u00e9cher tout ce qui pr\u00e9c\u00e8de.<\/p>  <\/div> <\/div> <div id=\"faq-question-1704705476297\" class=\"rank-math-list-item\"> <h3 class=\"rank-math-question\"><strong>Combien de tonnes souhaitez-vous s\u00e9cher par lot ou par jour\u00a0?<\/strong><\/h3> <div class=\"rank-math-answer\">  <p>Notre machine de s\u00e9chage de grains fonctionne par lots, g\u00e9n\u00e9ralement 15 tonnes\/lot ou 32 tonnes\/lot. Si vous avez besoin d\u2019une plus grande capacit\u00e9, nous pouvons \u00e9galement l\u2019\u00e9quiper pour vous.<\/p>  <\/div> <\/div> <div id=\"faq-question-1704705577780\" class=\"rank-math-list-item\"> <h3 class=\"rank-math-question\"><strong>Quelle est l\u2019humidit\u00e9 avant s\u00e9chage ? Quelle humidit\u00e9 souhaitez-vous obtenir apr\u00e8s s\u00e9chage ?<\/strong><\/h3> <div class=\"rank-math-answer\">  <p>Habituellement, avant s\u00e9chage, l'humidit\u00e9 est\u00a040%\u00a0; apr\u00e8s s\u00e9chage,\u00a0vous voulez que ce soit 20%.<\/p>  <\/div> <\/div> <div id=\"faq-question-1704705597446\" class=\"rank-math-list-item\"> <h3 class=\"rank-math-question\"><strong>Pour le four \u00e0 combustion, vous pouvez choisir le charbon, le diesel et la biomasse comme combustible. lequel pr\u00e9f\u00e8res-tu?\u00a0<\/strong><\/h3> <div class=\"rank-math-answer\">  <p>Notre s\u00e9choir \u00e0 ma\u00efs peut utiliser tout cela.<\/p>  <\/div> <\/div> <\/div> <\/div>   <p>Les quatre questions ci-dessus sont des informations de base pour nous aider \u00e0 mieux comprendre vos besoins. Nous pouvons vous recommander un s\u00e9choir \u00e0 paddy commercial adapt\u00e9 \u00e0 votre entreprise. Contactez-nous et nous vous r\u00e9pondrons dans les plus brefs d\u00e9lais !<\/p>    <figure class=\"wp-block-gallery aligncenter has-nested-images columns-default is-cropped wp-block-gallery-4 is-layout-flex wp-block-gallery-is-layout-flex\"> <figure class=\"wp-block-image size-large\"><img loading=\"lazy\" decoding=\"async\" width=\"3000\" height=\"4000\" data-id=\"6427\" src=\"https:\/\/taizyagromachine.com\/wp-content\/uploads\/2022\/02\/grain-drying-machine-in-stock.webp\" alt=\"machine de s\u00e9chage de grains en stock\" class=\"wp-image-6427\"\/><figcaption class=\"wp-element-caption\">machine de s\u00e9chage de grains en stock<\/figcaption><\/figure>    <figure class=\"wp-block-image size-large\"><img loading=\"lazy\" decoding=\"async\" width=\"3000\" height=\"4000\" data-id=\"6428\" src=\"https:\/\/taizyagromachine.com\/wp-content\/uploads\/2022\/02\/paddy-grain-dryer.webp\" alt=\"s\u00e9choir \u00e0 grains de paddy\" class=\"wp-image-6428\"\/><figcaption class=\"wp-element-caption\">s\u00e9choir \u00e0 grains de paddy<\/figcaption><\/figure>    <figure class=\"wp-block-image size-large\"><img loading=\"lazy\" decoding=\"async\" width=\"3000\" height=\"4000\" data-id=\"6429\" src=\"https:\/\/taizyagromachine.com\/wp-content\/uploads\/2022\/02\/paddy-rice-dryer-factory.webp\" alt=\"usine de s\u00e9chage de riz paddy\" class=\"wp-image-6429\"\/><figcaption class=\"wp-element-caption\">usine de s\u00e9chage de riz paddy<\/figcaption><\/figure> <\/figure>    <h2 class=\"wp-block-heading\"><strong>Contactez-nous pour conna\u00eetre le prix du s\u00e9choir \u00e0 grains\u00a0!<\/strong><\/h2>    <p class=\"translation-block\">Venez nous contacter pour le s\u00e9choir \u00e0 <a href=\"https:\/\/en.wikipedia.org\/wiki\/Maize\" target=\"_blank\" rel=\"noopener\">ma\u00efs<\/a>, riz, bl\u00e9 et soja ! Notre machine de s\u00e9chage de ma\u00efs peut vous aider \u00e0 s\u00e9cher vos grains rapidement et par lots. Et notre machine a un prix comp\u00e9titif, qui vous attire ! <\/p>","protected":false},"excerpt":{"rendered":"<p>Paddy dryer&nbsp;is ideal equipment that mainly functions to dry various grains, such as corn, rice, wheat, soybean, etc. The grain dryer belongs to batch circulation dryer, low temperature, and energy saving. It has a reasonable structure, easy operation, and low noise. Generally speaking, grain dryers for sale from Taizy Company have 5H-15 and 5H-32 available. [&hellip;]<\/p>\n","protected":false},"author":1,"featured_media":2158,"parent":0,"template":"","tags":[223],"product-type":[30],"class_list":["post-2029","product","type-product","status-publish","has-post-thumbnail","hentry","tag-grain-drying","product-type-grain-dryer"],"_links":{"self":[{"href":"https:\/\/taizyagromachine.com\/fr\/wp-json\/wp\/v2\/product\/2029","targetHints":{"allow":["GET"]}}],"collection":[{"href":"https:\/\/taizyagromachine.com\/fr\/wp-json\/wp\/v2\/product"}],"about":[{"href":"https:\/\/taizyagromachine.com\/fr\/wp-json\/wp\/v2\/types\/product"}],"author":[{"embeddable":true,"href":"https:\/\/taizyagromachine.com\/fr\/wp-json\/wp\/v2\/users\/1"}],"wp:featuredmedia":[{"embeddable":true,"href":"https:\/\/taizyagromachine.com\/fr\/wp-json\/wp\/v2\/media\/2158"}],"wp:attachment":[{"href":"https:\/\/taizyagromachine.com\/fr\/wp-json\/wp\/v2\/media?parent=2029"}],"wp:term":[{"taxonomy":"post_tag","embeddable":true,"href":"https:\/\/taizyagromachine.com\/fr\/wp-json\/wp\/v2\/tags?post=2029"},{"taxonomy":"product-type","embeddable":true,"href":"https:\/\/taizyagromachine.com\/fr\/wp-json\/wp\/v2\/product-type?post=2029"}],"curies":[{"name":"wp","href":"https:\/\/api.w.org\/{rel}","templated":true}]}}