{"id":2030,"date":"2022-02-14T03:22:31","date_gmt":"2022-02-14T03:22:31","guid":{"rendered":"https:\/\/taizyagromachine.com\/"},"modified":"2025-12-18T15:04:00","modified_gmt":"2025-12-18T07:04:00","slug":"single-row-corn-harvester","status":"publish","type":"product","link":"https:\/\/taizyagromachine.com\/fr\/product\/single-row-corn-harvester\/","title":{"rendered":"R\u00e9colteuse de ma\u00efs \u00e0 une rang\u00e9e"},"content":{"rendered":"<p class=\"translation-block\">La <strong>moissonneuse de ma\u00efs \u00e0 rang\u00e9e unique<\/strong> est un \u00e9quipement de r\u00e9colte de ma\u00efs automoteur, principalement utilis\u00e9 dans les petits champs de ma\u00efs sur de petites parcelles, les r\u00e9gions montagneuses et les terrains vallonn\u00e9s. C'est une petite moissonneuse de ma\u00efs, aliment\u00e9e par un moteur diesel ou un moteur \u00e0 essence. De plus, la cueilleuse de ma\u00efs \u00e0 une rang\u00e9e a les fonctions de cueillette de ma\u00efs et d'\u00e9crasement des tiges. Les tiges broy\u00e9es retournent au champ. <\/p>    <p class=\"translation-block\">De plus, la hauteur de la souche des tiges de ma\u00efs est r\u00e9glable selon vos exigences. De plus, la partie de r\u00e9colte de cette machine est con\u00e7ue ind\u00e9pendamment, ce qui peut \u00eatre retir\u00e9. Et la partie restante peut \u00eatre utilis\u00e9e comme une micro-machine de labour. Apr\u00e8s la r\u00e9colte du ma\u00efs, vous pouvez utiliser un <a href=\"https:\/\/taizyagromachine.com\/fr\/corn-machine\/maize-thresher\/\" target=\"_blank\" rel=\"noreferrer noopener\">\u00e9greneuse de ma\u00efs<\/a> pour obtenir des grains de ma\u00efs. \u00cates-vous int\u00e9ress\u00e9 par cette moissonneuse de ma\u00efs? Veuillez nous contacter d\u00e8s que possible!<\/p>    <h2 class=\"wp-block-heading\" id=\"structure-of-one-row-maize-harvester-for-sale\"><strong>Structure de la r\u00e9colteuse de ma\u00efs \u00e0 une rang\u00e9e \u00e0 vendre<\/strong><\/h2>    <p>Pour \u00eatre honn\u00eate, cette r\u00e9colteuse de ma\u00efs \u00e0 une rang\u00e9e a une structure simple et compacte. Il dispose d'un accoudoir pour contr\u00f4ler la machine. De plus, de par sa structure, nous pouvons savoir qu\u2019il est facile \u00e0 utiliser et tr\u00e8s convivial pour les utilisateurs.<\/p>   <div class=\"wp-block-image\"> <figure class=\"aligncenter size-full\"><img loading=\"lazy\" decoding=\"async\" width=\"720\" height=\"540\" src=\"https:\/\/taizyagromachine.com\/wp-content\/uploads\/2022\/02\/structure-1-row-corn-harvester.jpg\" alt=\"r\u00e9colteuse de ma\u00efs \u00e0 structure simple\" class=\"wp-image-2037\" srcset=\"https:\/\/taizyagromachine.com\/wp-content\/uploads\/2022\/02\/structure-1-row-corn-harvester.jpg 720w, https:\/\/taizyagromachine.com\/wp-content\/uploads\/2022\/02\/structure-1-row-corn-harvester-300x225.jpg 300w\" sizes=\"auto, (max-width: 720px) 100vw, 720px\" \/><figcaption class=\"wp-element-caption\">structure<\/figcaption><\/figure> <\/div>   <h2 class=\"wp-block-heading\" id=\"features-of-corn-reaper\"><strong>Caract\u00e9ristiques de la r\u00e9colteuse de ma\u00efs \u00e0 une rang\u00e9e \u00e0 vendre<\/strong><\/h2>    <ul class=\"wp-block-list\"> <li>Fonctions multiples. Ce cueilleur de ma\u00efs \u00e0 1 rang peut terminer la cueillette du ma\u00efs et le broyage des tiges vers les champs en m\u00eame temps.<\/li>    <li>Forte adaptabilit\u00e9. La r\u00e9colteuse de ma\u00efs \u00e0 une rang\u00e9e peut effectuer des travaux dans les r\u00e9gions montagneuses et vallonn\u00e9es, dans les petits champs.<\/li>    <li>Haute efficacit\u00e9. Un op\u00e9rateur qualifi\u00e9 peut atteindre 0,03 \u00e0 0,06\u00a0hectares par heure.<\/li>    <li>Op\u00e9ration facile. Les gens n\u2019ont pas besoin d\u2019expertise et se forment trop.<\/li>    <li>Op\u00e9ration flexible, petite r\u00e9colteuse de ma\u00efs, structure simple.<\/li>    <li>Faible consommation d'huile, rentable, donc faible co\u00fbt.<\/li> <\/ul>    <h2 class=\"wp-block-heading\" id=\"working-principles-of-single-row-corn-picker\"><strong>Principes de fonctionnement du cueilleur de ma\u00efs \u00e0 une rang\u00e9e<\/strong><\/h2>    <p>Cette r\u00e9colteuse de ma\u00efs automotrice est \u00e9quip\u00e9e du moteur correspondant, fournissant de la puissance via la bo\u00eete de vitesses. Les pneus de marche fonctionnent gr\u00e2ce \u00e0 la puissance fournie par une seule bo\u00eete de vitesses. Pour une autre bo\u00eete de vitesses, elle entra\u00eene deux roues de r\u00e9colte et un jeu de lames de concassage. Lorsque la faucheuse \u00e0 ma\u00efs \u00e0 1 rang avance, tirez la tige de ma\u00efs dans l'entr\u00e9e de r\u00e9colte. Et puis la roue de r\u00e9colte tire la tige de ma\u00efs vers le bas. Mais pendant la descente, en raison de la grande taille des cors, ceux-ci peuvent \u00eatre aspir\u00e9s dans le hangar de la moissonneuse. Les tiges de ma\u00efs seront \u00e9cras\u00e9es par le jeu de lames de broyage.<\/p>    <h2 class=\"wp-block-heading\" id=\"successful-cases-of-single-row-corn-harvesting-machine\"><strong>Cas r\u00e9ussis de r\u00e9colteuse de ma\u00efs \u00e0 une rang\u00e9e<\/strong><\/h2>    <p>Cette ann\u00e9e, notre responsable des ventes Winne a re\u00e7u une demande concernant un ensileuse de ma\u00efs \u00e0 1 rang\u00e9e en provenance du Nigeria. Il l'a achet\u00e9 pour ses exploitations de ma\u00efs. Mais ses exploitations \u00e9taient situ\u00e9es dans les r\u00e9gions vallonn\u00e9es. Par cons\u00e9quent, Winne lui a recommand\u00e9 ce type d'ensileuse de ma\u00efs autopropuls\u00e9e. Bien s\u00fbr, il a consult\u00e9 d'autres fabricants et fournisseurs. Compar\u00e9 \u00e0 ces entreprises, il a trouv\u00e9 que nous sommes une soci\u00e9t\u00e9 professionnelle et fiable. Donc, il a command\u00e9 30 ensembles d'ensileuses de ma\u00efs \u00e0 1 rang\u00e9e aupr\u00e8s de notre soci\u00e9t\u00e9 Taizy. Apr\u00e8s avoir re\u00e7u les machines, il nous a envoy\u00e9 un bon retour et esp\u00e8re que nous pourrons collaborer \u00e0 nouveau.<\/p>    <figure class=\"wp-block-gallery has-nested-images columns-default is-cropped wp-block-gallery-2 is-layout-flex wp-block-gallery-is-layout-flex\"> <figure class=\"wp-block-image size-full\"><img loading=\"lazy\" decoding=\"async\" width=\"720\" height=\"540\" data-id=\"2040\" src=\"https:\/\/taizyagromachine.com\/wp-content\/uploads\/2022\/02\/pack-in-the-woooden-case-1-row-corn-harvester.jpg\" alt=\"emballer dans la caisse en bois\" class=\"wp-image-2040\" srcset=\"https:\/\/taizyagromachine.com\/wp-content\/uploads\/2022\/02\/pack-in-the-woooden-case-1-row-corn-harvester.jpg 720w, https:\/\/taizyagromachine.com\/wp-content\/uploads\/2022\/02\/pack-in-the-woooden-case-1-row-corn-harvester-300x225.jpg 300w\" sizes=\"auto, (max-width: 720px) 100vw, 720px\" \/><figcaption class=\"wp-element-caption\">emballer dans la caisse en bois<\/figcaption><\/figure>    <figure class=\"wp-block-image size-full\"><img loading=\"lazy\" decoding=\"async\" width=\"720\" height=\"540\" data-id=\"2039\" src=\"https:\/\/taizyagromachine.com\/wp-content\/uploads\/2022\/02\/load-into-the-container-1-rowcorn-harvester.jpg\" alt=\"charger dans le conteneur\" class=\"wp-image-2039\" srcset=\"https:\/\/taizyagromachine.com\/wp-content\/uploads\/2022\/02\/load-into-the-container-1-rowcorn-harvester.jpg 720w, https:\/\/taizyagromachine.com\/wp-content\/uploads\/2022\/02\/load-into-the-container-1-rowcorn-harvester-300x225.jpg 300w\" sizes=\"auto, (max-width: 720px) 100vw, 720px\" \/><figcaption class=\"wp-element-caption\">charger dans le conteneur<\/figcaption><\/figure> <\/figure>    <h2 class=\"wp-block-heading\" id=\"faq\"><strong>FAQ de la r\u00e9colteuse de ma\u00efs \u00e0 une rang\u00e9e<\/strong><\/h2>   <div id=\"rank-math-faq\" class=\"rank-math-block\"> <div class=\"rank-math-list\"> <div id=\"faq-question-1663830814557\" class=\"rank-math-list-item\"> <h3 class=\"rank-math-question\"><strong>Q\u00a0: Cette r\u00e9colteuse peut-elle peler la peau du ma\u00efs\u00a0?<\/strong><\/h3> <div class=\"rank-math-answer\">  <p>R : Non, ce n\u2019est pas possible.<\/p>  <\/div> <\/div> <div id=\"faq-question-1663830821594\" class=\"rank-math-list-item\"> <h3 class=\"rank-math-question\"><strong>Q : O\u00f9 sont les tiges de ma\u00efs apr\u00e8s la r\u00e9colte ?<\/strong><\/h3> <div class=\"rank-math-answer\">  <p>R : Les tiges de ma\u00efs sont de retour dans les champs apr\u00e8s avoir \u00e9t\u00e9 broy\u00e9es \u00e0 travers les 10 lames situ\u00e9es au bas de la machine.<\/p>  <\/div> <\/div> <div id=\"faq-question-1663830840907\" class=\"rank-math-list-item\"> <h3 class=\"rank-math-question\"><strong>Q\u00a0: Qu\u2019en est-il de la hauteur du chaume\u00a0?<\/strong><\/h3> <div class=\"rank-math-answer\">  <p>R : Il est r\u00e9glable, mais la hauteur minimale est de 10 cm.<\/p>  <\/div> <\/div> <div id=\"faq-question-1663830861138\" class=\"rank-math-list-item\"> <h3 class=\"rank-math-question\"><strong>Q : La lame est-elle facilement endommag\u00e9e ? Combien de temps puis-je l'utiliser ?<\/strong><\/h3> <div class=\"rank-math-answer\">  <p>R : Oui, les lames se brisent facilement, surtout lorsqu'elles rencontrent de grosses pierres ou d'autres obstacles tr\u00e8s durs. Habituellement, sa dur\u00e9e de vie est d'un an. Nous vous envoyons gratuitement 1 unit\u00e9 suppl\u00e9mentaire (10 pi\u00e8ces) avec la r\u00e9colteuse de ma\u00efs lors de la livraison.<\/p>  <\/div> <\/div> <div id=\"faq-question-1663830876948\" class=\"rank-math-list-item\"> <h3 class=\"rank-math-question\"><strong>Q\u00a0: Quelle puissance cette r\u00e9colteuse de ma\u00efs utilise-t-elle\u00a0?<\/strong><\/h3> <div class=\"rank-math-answer\">  <p>R\u00a0:\u00a0moteur \u00e0 essence 188F ou moteur diesel \u00e0 refroidissement par air 188F.<\/p>  <\/div> <\/div> <div id=\"faq-question-1663830896543\" class=\"rank-math-list-item\"> <h3 class=\"rank-math-question\"><strong>Q\u00a0: Y aura-t-il du ma\u00efs\u00a0qui ne pourra pas \u00eatre r\u00e9colt\u00e9\u00a0?<\/strong><\/h3> <div class=\"rank-math-answer\">  <p>R\u00a0: Avec l\u2019exp\u00e9rience pratique, le taux de r\u00e9colte du ma\u00efs est sup\u00e9rieur \u00e0 98%.<\/p>  <\/div> <\/div> <div id=\"faq-question-1663830913428\" class=\"rank-math-list-item\"> <h3 class=\"rank-math-question\">Q : Combien de cors peuvent \u00eatre collect\u00e9s dans la grange \u00e0 c\u00f4t\u00e9 de la machine ?<\/h3> <div class=\"rank-math-answer\">  <p>R : Cela d\u00e9pend de la taille du ma\u00efs, il peut g\u00e9n\u00e9ralement collecter 30 \u00e0 50 pi\u00e8ces.<\/p>  <\/div> <\/div> <\/div> <\/div>   <h2 class=\"wp-block-heading\"><strong>Vid\u00e9o de la r\u00e9colteuse de ma\u00efs \u00e0 une rang\u00e9e<\/strong><\/h2>    <figure class=\"wp-block-embed is-type-video is-provider-youtube wp-block-embed-youtube wp-embed-aspect-16-9 wp-has-aspect-ratio\"><div class=\"wp-block-embed__wrapper\"> <iframe loading=\"lazy\" title=\"R\u00e9colteuse de ma\u00efs \u00e0 une rang\u00e9e pouss\u00e9e \u00e0 la main | Cueilleur de ma\u00efs en gros \u00e0 1 rang\u00e9e \u00e0 vendre #corn\" width=\"500\" height=\"281\" src=\"https:\/\/www.youtube.com\/embed\/oWVc9HTAemk?feature=oembed\" frameborder=\"0\" allow=\"accelerometer; autoplay; clipboard-write; encrypted-media; gyroscope; picture-in-picture; web-share\" referrerpolicy=\"strict-origin-when-cross-origin\" allowfullscreen><\/iframe> <\/div><\/figure>","protected":false},"excerpt":{"rendered":"<p>Single row corn harvester&nbsp;is self-propelled maize reaping equipment, mostly used in the small cornfields in small land blocks, mountainous regions, hilly grounds. It\u2019s small maize harvester, powered by diesel engine or gasoline engine. Besides, the one-row corn picker has functions of corn picking and stalks crushing. The crushed stalks get back to the field. Also, [&hellip;]<\/p>\n","protected":false},"author":1,"featured_media":2143,"parent":0,"template":"","tags":[],"product-type":[17],"class_list":["post-2030","product","type-product","status-publish","has-post-thumbnail","hentry","product-type-corn-machine"],"_links":{"self":[{"href":"https:\/\/taizyagromachine.com\/fr\/wp-json\/wp\/v2\/product\/2030","targetHints":{"allow":["GET"]}}],"collection":[{"href":"https:\/\/taizyagromachine.com\/fr\/wp-json\/wp\/v2\/product"}],"about":[{"href":"https:\/\/taizyagromachine.com\/fr\/wp-json\/wp\/v2\/types\/product"}],"author":[{"embeddable":true,"href":"https:\/\/taizyagromachine.com\/fr\/wp-json\/wp\/v2\/users\/1"}],"wp:featuredmedia":[{"embeddable":true,"href":"https:\/\/taizyagromachine.com\/fr\/wp-json\/wp\/v2\/media\/2143"}],"wp:attachment":[{"href":"https:\/\/taizyagromachine.com\/fr\/wp-json\/wp\/v2\/media?parent=2030"}],"wp:term":[{"taxonomy":"post_tag","embeddable":true,"href":"https:\/\/taizyagromachine.com\/fr\/wp-json\/wp\/v2\/tags?post=2030"},{"taxonomy":"product-type","embeddable":true,"href":"https:\/\/taizyagromachine.com\/fr\/wp-json\/wp\/v2\/product-type?post=2030"}],"curies":[{"name":"wp","href":"https:\/\/api.w.org\/{rel}","templated":true}]}}