{"id":2057,"date":"2022-02-14T08:10:31","date_gmt":"2022-02-14T08:10:31","guid":{"rendered":"https:\/\/taizyagromachine.com\/"},"modified":"2025-01-02T13:53:35","modified_gmt":"2025-01-02T05:53:35","slug":"multifunctional-thresher","status":"publish","type":"product","link":"https:\/\/taizyagromachine.com\/fr\/product\/multifunctional-thresher\/","title":{"rendered":"Batteuse multifonctionnelle"},"content":{"rendered":"<p>La batteuse multifonctionnelle est un \u00e9quipement am\u00e9lior\u00e9 bas\u00e9 sur la batteuse de ma\u00efs, adapt\u00e9e aux ma\u00efs, au sorgho, au soja et au mil. Il peut \u00eatre associ\u00e9 au moteur diesel, au moteur \u00e0 essence ou au moteur \u00e9lectrique comme dispositif d'alimentation. Par ailleurs, vous devez choisir les diff\u00e9rents \u00e9crans pour les cultures correspondantes. Nos batteuses multifonctionnelles sont tr\u00e8s connues \u00e0 l\u2019\u00e9tranger et appr\u00e9ci\u00e9es par les habitants d\u2019Indon\u00e9sie, du Zimbabwe, du B\u00e9nin, du Nigeria, du Botswana et de nombreux autres pays.<\/p>    <h2 class=\"wp-block-heading\" id=\"why-call-it-multipurpose-thresher\"><strong>Pourquoi l'appeler <a href=\"https:\/\/cornmachines.com\/multifunctional-thresher-machine\/\" target=\"_blank\" rel=\"noreferrer noopener\">Batteuse polyvalente<\/a>?<\/strong>&nbsp;<\/h2>    <p>Les raisons sont les suivantes:<\/p>    <ol class=\"wp-block-list\" type=\"1\"> <li><strong>Applications plus larges<\/strong>. Compar\u00e9e \u00e0 la batteuse de ma\u00efs, la batteuse de ma\u00efs multifonctionnelle peut \u00e9galement d\u00e9cortiquer le sorgho, le soja et le mil.<\/li>    <li><strong>Plus de fonctions<\/strong>. Cette batteuse de sorgho multifonction peut \u00e9plucher et battre en m\u00eame temps.<\/li> <\/ol>    <h2 class=\"wp-block-heading\" id=\"h-hot-sell-multi-corn-threshing-machine-for-sale\"><strong>Batteuse de ma\u00efs multi-vente chaude \u00e0 vendre<\/strong><\/h2>    <p class=\"translation-block\">En tant qu'<a href=\"https:\/\/taizyagromachine.com\/fr\/\" target=\"_blank\" rel=\"noreferrer noopener\">entreprise sp\u00e9cialis\u00e9e dans les machines agricoles<\/a>, nous avons une large gamme de marques de machines. En ce qui concerne la batteuse multifonctionnelle, nous avons deux mod\u00e8les, le MT-860 et le MT-1200, qui sont rentables, faciles \u00e0 utiliser et ont une large gamme de fonctions. La machine de battage polyvalente est plus puissante que la batteuse de ma\u00efs. Par cons\u00e9quent, cette machine est \u00e9galement plus populaire sur le march\u00e9 des machines agricoles.<\/p>    <figure class=\"wp-block-gallery aligncenter has-nested-images columns-default is-cropped wp-block-gallery-2 is-layout-flex wp-block-gallery-is-layout-flex\"> <figure class=\"wp-block-image size-large\"><img loading=\"lazy\" decoding=\"async\" width=\"720\" height=\"540\" data-id=\"2489\" src=\"https:\/\/taizyagromachine.com\/wp-content\/uploads\/2022\/04\/multi-crop-thresher-machine.jpg\" alt=\"batteuse multi-r\u00e9coltes\" class=\"wp-image-2489\" srcset=\"https:\/\/taizyagromachine.com\/wp-content\/uploads\/2022\/04\/multi-crop-thresher-machine.jpg 720w, https:\/\/taizyagromachine.com\/wp-content\/uploads\/2022\/04\/multi-crop-thresher-machine-300x225.jpg 300w\" sizes=\"auto, (max-width: 720px) 100vw, 720px\" \/><figcaption class=\"wp-element-caption\">batteuse multi-r\u00e9coltes<\/figcaption><\/figure>    <figure class=\"wp-block-image size-full\"><img loading=\"lazy\" decoding=\"async\" width=\"720\" height=\"540\" data-id=\"2615\" src=\"https:\/\/taizyagromachine.com\/wp-content\/uploads\/2022\/05\/multifunctional-corn-thresher-machine.jpg\" alt=\"batteuse-de-mais-multifonctionnelle\" class=\"wp-image-2615\"\/><figcaption class=\"wp-element-caption\">batteuse de ma\u00efs multifonctionnelle<\/figcaption><\/figure> <\/figure>    <h2 class=\"wp-block-heading\" id=\"structure-of-multi-purpose-maize-sheller\"><strong>Structure du d\u00e9cortiqueur de ma\u00efs polyvalent<\/strong><strong><\/strong><\/h2>    <p>R\u00e9pondant \u00e0 la tendance du march\u00e9, la batteuse multifonctionnelle a une conception simple. Cette batteuse est compos\u00e9e d'une entr\u00e9e, d'une sortie de grains de ma\u00efs, d'une sortie d'impuret\u00e9s et d'un ventilateur de tirage. Une chose \u00e0 laquelle il faut faire attention est le ventilateur \u00e0 simple tirage et les ventilateurs \u00e0 double tirage pour cette batteuse \u00e0 petits grains. Pour la machine \u00e9quip\u00e9e de ventilateurs \u00e0 double tirage, les semences sont beaucoup plus propres. &nbsp;<\/p>   <div class=\"wp-block-image\"> <figure class=\"aligncenter size-full\"><img loading=\"lazy\" decoding=\"async\" width=\"720\" height=\"350\" src=\"https:\/\/taizyagromachine.com\/wp-content\/uploads\/2022\/02\/structure-multi-thresher-MT860.jpg\" alt=\"structure-multi-batteuse-MT860\" class=\"wp-image-2059\" srcset=\"https:\/\/taizyagromachine.com\/wp-content\/uploads\/2022\/02\/structure-multi-thresher-MT860.jpg 720w, https:\/\/taizyagromachine.com\/wp-content\/uploads\/2022\/02\/structure-multi-thresher-MT860-300x146.jpg 300w\" sizes=\"auto, (max-width: 720px) 100vw, 720px\" \/><figcaption class=\"wp-element-caption\">structure<\/figcaption><\/figure> <\/div>   <h2 class=\"wp-block-heading\" id=\"h-technical-parameters\"><strong>Param\u00e8tres techniques de la batteuse multifonctionnelle<\/strong><\/h2>    <p>Comme vous pouvez le voir sur le tableau des param\u00e8tres, la batteuse multifonctionnelle MT-860 a une capacit\u00e9 de 1,5 \u00e0 2 tonnes par heure, tandis que la capacit\u00e9 de la MT-1200 varie en fonction de la culture. De plus, les premiers peuvent \u00eatre propuls\u00e9s par un moteur diesel, \u00e9lectrique ou essence, tandis que les seconds sont g\u00e9n\u00e9ralement \u00e9quip\u00e9s d\u2019un moteur diesel. N\u00e9anmoins, la gamme d\u2019applications est la m\u00eame pour les deux, le sorgho, le soja, le ma\u00efs et le mil \u00e9tant battus.<\/p>    <figure class=\"wp-block-table\"><table><tbody><tr><td>Mod\u00e8le<\/td><td>Pouvoir<\/td><td>Capacit\u00e9<\/td><td>Poids<\/td><td>Taille<\/td><td>Application<\/td><\/tr><tr><td>MT-860<\/td><td>Moteur diesel, moteur \u00e0 essence, moteur \u00e9lectrique<\/td><td>1,5-2 t\/heure<\/td><td>112 kg<\/td><td>1150*860<em>*<\/em>1160 mm<\/td><td>Sorgho, millet, ma\u00efs, soja<\/td><\/tr><tr><td>MT-1200<\/td><td>Moteur diesel 10-12HP<\/td><td>ma\u00efs 3t\/h,<br>Soja 2t\/h<br>Sorgho, Millets, Bl\u00e9, Riz 1,5t\/h<\/td><td>200 kg<\/td><td>2100*1700*1400mm<\/td><td>Sorgho, millet, ma\u00efs, soja<\/td><\/tr><\/tbody><\/table><\/figure>    <h2 class=\"wp-block-heading\" id=\"characteristics-of-combined-peeler-and-thresher-machine\"><strong>Caract\u00e9ristiques de la machine combin\u00e9e \u00e9plucheuse et batteuse<\/strong><strong><\/strong><\/h2>    <ul class=\"wp-block-list\" type=\"1\"> <li>Il pr\u00e9sente l\u2019avantage d\u2019un rendement \u00e9lev\u00e9, d\u2019une faible casse et d\u2019une faible impuret\u00e9.<\/li>    <li>Trois appareils d'alimentation sont disponibles. Le moteur diesel, le moteur \u00e0 essence et le moteur \u00e9lectrique conviennent tous pour transporter une petite batteuse multifonctionnelle au travail.<\/li>    <li>\u00c9crans. Cette machine peut \u00e9plucher et d\u00e9cortiquer le ma\u00efs, le sorgho, le mil et les haricots. La taille de ces cultures est diff\u00e9rente, les \u00e9crans doivent donc correspondre aux cultures.<\/li>    <li>Conception humanis\u00e9e. De petites roues sont \u00e9quip\u00e9es et faciles \u00e0 d\u00e9placer. Et la hauteur de la machine est adapt\u00e9e \u00e0 la taille humaine, pratique pour mettre des grains.<\/li>    <li>Rentable. Les agriculteurs pauvres peuvent se permettre d\u2019acheter la machine et \u00e9conomiser de l\u2019argent. De plus, la machine est multifonctions.<\/li> <\/ul>   <div class=\"wp-block-image\"> <figure class=\"aligncenter size-full\"><img loading=\"lazy\" decoding=\"async\" width=\"720\" height=\"250\" src=\"https:\/\/taizyagromachine.com\/wp-content\/uploads\/2022\/02\/three-engines-MT860.jpg\" alt=\"trois moteurs\" class=\"wp-image-2061\" srcset=\"https:\/\/taizyagromachine.com\/wp-content\/uploads\/2022\/02\/three-engines-MT860.jpg 720w, https:\/\/taizyagromachine.com\/wp-content\/uploads\/2022\/02\/three-engines-MT860-300x104.jpg 300w\" sizes=\"auto, (max-width: 720px) 100vw, 720px\" \/><figcaption class=\"wp-element-caption\">trois moteurs<\/figcaption><\/figure> <\/div>   <h2 class=\"wp-block-heading\" id=\"what-screens-are-suitable\"><strong>Quels \u00e9crans sont adapt\u00e9s ?<\/strong><\/h2>    <p>Pour la batteuse multifonctionnelle, vous devez utiliser les tamis adapt\u00e9s pour battre les r\u00e9coltes.<\/p>    <p>Battage du ma\u00efs, installer un tamis \u00d820 et un marteau, le tamis inf\u00e9rieur utilise\u00a0\u00d8 6.&nbsp;<\/p>    <p>D\u00e9cortiquer le sorgho, installer un tamis \u00d88 et une griffe de battage, le tamis inf\u00e9rieur utilise\u00a0\u00d8 6.<\/p>    <p>Battage du mil, installer un \u00e9cran \u00d85, l'\u00e9cran inf\u00e9rieur utilise 1,5*1,5.<\/p>   <div class=\"wp-block-image\"> <figure class=\"aligncenter size-full\"><img loading=\"lazy\" decoding=\"async\" width=\"720\" height=\"540\" src=\"https:\/\/taizyagromachine.com\/wp-content\/uploads\/2022\/02\/matched-screen-multi-thresher.jpg\" alt=\"batteuse multi-\u00e9crans assortis\" class=\"wp-image-2060\" srcset=\"https:\/\/taizyagromachine.com\/wp-content\/uploads\/2022\/02\/matched-screen-multi-thresher.jpg 720w, https:\/\/taizyagromachine.com\/wp-content\/uploads\/2022\/02\/matched-screen-multi-thresher-300x225.jpg 300w\" sizes=\"auto, (max-width: 720px) 100vw, 720px\" \/><figcaption class=\"wp-element-caption\">\u00e9cran assorti<\/figcaption><\/figure> <\/div>   <h2 class=\"wp-block-heading\" id=\"comparison-of-maize-thresher-and-multifunctional-thresher\"><strong>Comparaison de la batteuse de ma\u00efs et de la batteuse multifonctionnelle<\/strong><strong><\/strong><\/h2>    <ol class=\"wp-block-list\" type=\"1\"> <li>Gamme d'application. Le <a href=\"https:\/\/taizyagromachine.com\/fr\/corn-machine\/maize-thresher\/\" target=\"_blank\" rel=\"noreferrer noopener\">batteuse de ma\u00efs<\/a> c'est seulement pour les cors. Alors que cette batteuse de grains \u00e0 petite \u00e9chelle\u00a0convient au ma\u00efs, au sorgho, au mil et au soja.<\/li>    <li>Diff\u00e9rentes fonctions. La d\u00e9cortiqueuse de ma\u00efs peut battre le ma\u00efs sans aucune peau. Mais la batteuse multifonctionnelle peut \u00e9plucher et d\u00e9cortiquer les r\u00e9coltes.<\/li>    <li>Capacit\u00e9. La d\u00e9cortiqueuse de ma\u00efs est de 6 tonnes par heure, de grande capacit\u00e9. La batteuse pour le ma\u00efs, le soja, le mil et le sorgho ne dispose que de 1,5 \u00e0 2 tonnes par heure.<\/li> <\/ol>    <figure class=\"wp-block-gallery has-nested-images columns-default is-cropped wp-block-gallery-3 is-layout-flex wp-block-gallery-is-layout-flex\"> <figure class=\"wp-block-image size-large\"><img loading=\"lazy\" decoding=\"async\" width=\"720\" height=\"500\" data-id=\"2062\" src=\"https:\/\/taizyagromachine.com\/wp-content\/uploads\/2022\/02\/applications-multi-function-thresher.jpg\" alt=\"ma\u00efs et sorgho\" class=\"wp-image-2062\" srcset=\"https:\/\/taizyagromachine.com\/wp-content\/uploads\/2022\/02\/applications-multi-function-thresher.jpg 720w, https:\/\/taizyagromachine.com\/wp-content\/uploads\/2022\/02\/applications-multi-function-thresher-300x208.jpg 300w\" sizes=\"auto, (max-width: 720px) 100vw, 720px\" \/><figcaption class=\"wp-element-caption\">ma\u00efs et sorgho<\/figcaption><\/figure>    <figure class=\"wp-block-image size-large\"><img loading=\"lazy\" decoding=\"async\" width=\"720\" height=\"500\" data-id=\"2063\" src=\"https:\/\/taizyagromachine.com\/wp-content\/uploads\/2022\/02\/applications-multifunctional-thresher.jpg\" alt=\"haricots et millet\" class=\"wp-image-2063\" srcset=\"https:\/\/taizyagromachine.com\/wp-content\/uploads\/2022\/02\/applications-multifunctional-thresher.jpg 720w, https:\/\/taizyagromachine.com\/wp-content\/uploads\/2022\/02\/applications-multifunctional-thresher-300x208.jpg 300w\" sizes=\"auto, (max-width: 720px) 100vw, 720px\" \/><figcaption class=\"wp-element-caption\">haricots et millet<\/figcaption><\/figure> <\/figure>    <h2 class=\"wp-block-heading\" id=\"h-successful-case-multi-corn-thresher-machine-exported-to-zimbabwe\"><strong>Cas r\u00e9ussi\u00a0: batteuse multi-ma\u00efs export\u00e9e au Zimbabwe<\/strong><\/h2>    <p id=\"h-zimbabwe-is-a-large-agricultural-country-with-vast-plains-where-maize-can-be-grown-and-where-the-local-people-eat-three-meals-a-day-based-on-maize-flour-our-sales-manager-grace-received-an-enquiry-from-a-customer-in-zimbabwe-he-wanted-to-buy-a-maize-threshing-machine-for-threshing-maize-after-understanding-his-needs-grace-recommended-this-multifunctional-thresher-as-it-was-more-versatile-and-cost-effective-than-the-others-the-zimbabwean-customer-was-so-pleased-with-the-parameters-and-the-video-that-he-placed-an-order-immediately\" class=\"translation-block\">Le Zimbabwe est un grand pays agricole avec de vastes plaines o\u00f9 le ma\u00efs peut \u00eatre cultiv\u00e9 et o\u00f9 la population locale mange trois repas par jour \u00e0 base de farine de ma\u00efs. Notre responsable des ventes, Grace, a re\u00e7u une demande d'un client au Zimbabwe. Il souhaitait acheter une machine \u00e0 battre le ma\u00efs pour battre le ma\u00efs. Apr\u00e8s avoir compris ses besoins, Grace a recommand\u00e9 cette batteuse multifonctionnelle car elle \u00e9tait plus polyvalente et plus rentable que les autres. Le client zimbabw\u00e9en a \u00e9t\u00e9 tellement satisfait des param\u00e8tres et de la vid\u00e9o qu'il a pass\u00e9 commande imm\u00e9diatement.<\/p>    <h2 class=\"wp-block-heading\" id=\"faq\"><strong>FAQ de la batteuse multifonctionnelle<\/strong><\/h2>   <div id=\"rank-math-faq\" class=\"rank-math-block\"> <div class=\"rank-math-list\"> <div id=\"faq-question-1663830468690\" class=\"rank-math-list-item\"> <h3 class=\"rank-math-question\"><strong>Q : Comment d\u00e9cortiquer diff\u00e9rentes cultures ?<\/strong><\/h3> <div class=\"rank-math-answer\">  <p>R : Ouvrez le couvercle, puis changez l'\u00e9cran. Lors du battage des cors, retirez les quatre rouleaux \u00e0 l\u2019int\u00e9rieur.<\/p>  <\/div> <\/div> <div id=\"faq-question-1663830506354\" class=\"rank-math-list-item\"> <h3 class=\"rank-math-question\"><strong>Q\u00a0: Si je n\u2019ai aucune id\u00e9e de l\u2019utilisation de la machine, que dois-je faire\u00a0?<\/strong><\/h3> <div class=\"rank-math-answer\">  <p>R : Ne vous inqui\u00e9tez pas. Avec la machine, nous fournissons des manuels et des vid\u00e9os sur l'installation, le fonctionnement, le changement d'\u00e9cran, etc.<\/p>  <\/div> <\/div> <div id=\"faq-question-1663830517291\" class=\"rank-math-list-item\"> <h3 class=\"rank-math-question\"><strong>Q\u00a0: Est-il pratique de d\u00e9m\u00e9nager\u00a0?<\/strong><\/h3> <div class=\"rank-math-answer\">  <p>R : Bien s\u00fbr, la batteuse de ma\u00efs multifonctionnelle est \u00e9quip\u00e9e de roues et de barres de remorquage, faciles \u00e0 d\u00e9placer.<\/p>  <\/div> <\/div> <div id=\"faq-question-1663830529940\" class=\"rank-math-list-item\"> <h3 class=\"rank-math-question\"><strong>Q : Quelles cultures peuvent utiliser cette batteuse multifonctionnelle ?<\/strong><\/h3> <div class=\"rank-math-answer\">  <p>R\u00a0: Ma\u00efs, sorgho, millet, soja.<\/p>  <\/div> <\/div> <div id=\"faq-question-1663830545523\" class=\"rank-math-list-item\"> <h3 class=\"rank-math-question\"><strong>Q : Qu\u2019en est-il de la puissance du MT-860 ?<\/strong><\/h3> <div class=\"rank-math-answer\">  <p>R\u00a0: moteur \u00e9lectrique de 2,2 \u00e0 3\u00a0kW, moteur diesel de 6 \u00e0 8 CV, moteur \u00e0 essence de 170\u00a0F.<\/p>  <\/div> <\/div> <div id=\"faq-question-1663830561860\" class=\"rank-math-list-item\"> <h3 class=\"rank-math-question\"><strong>Q : Quelle est la capacit\u00e9 de cette batteuse \u00e0 grains MT-860 ? Taux de battage ?<\/strong><\/h3> <div class=\"rank-math-answer\">  <p>A : Respectivement 1,5-2t par heure, \u226595%.\u00a0<\/p>  <\/div> <\/div> <\/div> <\/div>   <h2 class=\"wp-block-heading\"><strong>Vid\u00e9o de la batteuse multifonctionnelle pour le battage du ma\u00efs, des haricots, du sorgho et du millet<\/strong><\/h2>    <figure class=\"wp-block-embed is-type-video is-provider-youtube wp-block-embed-youtube wp-embed-aspect-16-9 wp-has-aspect-ratio\"><div class=\"wp-block-embed__wrapper\"> <iframe loading=\"lazy\" title=\"Batteuse multifonctionnelle | Battage des Ma\u00efs, Millet, Benas, Sorgho #ma\u00efs #millet\" width=\"500\" height=\"281\" src=\"https:\/\/www.youtube.com\/embed\/Nz2M6Ba3iqo?feature=oembed\" frameborder=\"0\" allow=\"accelerometer; autoplay; clipboard-write; encrypted-media; gyroscope; picture-in-picture; web-share\" referrerpolicy=\"strict-origin-when-cross-origin\" allowfullscreen><\/iframe> <\/div><\/figure>    <p><\/p>    <p><\/p>","protected":false},"excerpt":{"rendered":"<p>The multifunctional&nbsp;thresher is upgraded equipment based on the maize thresher, suitable for corns, sorghum, soybeans, millet.&nbsp;It can collocate with the diesel engine, gasoline engine, or electric motor as the power device. Besides, you should choose the different screens for the corresponding crops. Our multifunctional threshing machines are very well known abroad and loved by people [&hellip;]<\/p>\n","protected":false},"author":1,"featured_media":2142,"parent":0,"template":"","tags":[],"product-type":[17],"class_list":["post-2057","product","type-product","status-publish","has-post-thumbnail","hentry","product-type-corn-machine"],"_links":{"self":[{"href":"https:\/\/taizyagromachine.com\/fr\/wp-json\/wp\/v2\/product\/2057","targetHints":{"allow":["GET"]}}],"collection":[{"href":"https:\/\/taizyagromachine.com\/fr\/wp-json\/wp\/v2\/product"}],"about":[{"href":"https:\/\/taizyagromachine.com\/fr\/wp-json\/wp\/v2\/types\/product"}],"author":[{"embeddable":true,"href":"https:\/\/taizyagromachine.com\/fr\/wp-json\/wp\/v2\/users\/1"}],"wp:featuredmedia":[{"embeddable":true,"href":"https:\/\/taizyagromachine.com\/fr\/wp-json\/wp\/v2\/media\/2142"}],"wp:attachment":[{"href":"https:\/\/taizyagromachine.com\/fr\/wp-json\/wp\/v2\/media?parent=2057"}],"wp:term":[{"taxonomy":"post_tag","embeddable":true,"href":"https:\/\/taizyagromachine.com\/fr\/wp-json\/wp\/v2\/tags?post=2057"},{"taxonomy":"product-type","embeddable":true,"href":"https:\/\/taizyagromachine.com\/fr\/wp-json\/wp\/v2\/product-type?post=2057"}],"curies":[{"name":"wp","href":"https:\/\/api.w.org\/{rel}","templated":true}]}}