{"id":2064,"date":"2022-02-14T09:37:14","date_gmt":"2022-02-14T09:37:14","guid":{"rendered":"https:\/\/taizyagromachine.com\/"},"modified":"2025-04-14T16:20:07","modified_gmt":"2025-04-14T08:20:07","slug":"maize-thresher","status":"publish","type":"product","link":"https:\/\/taizyagromachine.com\/fr\/product\/maize-thresher\/","title":{"rendered":"Batteuse de ma\u00efs commerciale pour le d\u00e9corticage du ma\u00efs"},"content":{"rendered":"<p class=\"translation-block\"><strong>La d\u00e9cortiqueuse de ma\u00efs<\/strong> est con\u00e7ue professionnellement pour le ma\u00efs, \u00e9pluchant le ma\u00efs des \u00e9pis et des grains de ma\u00efs avec une capacit\u00e9 de 6t par heure. Les \u00e9pis de ma\u00efs et les grains restent intacts sans se briser. De plus, c'est une d\u00e9cortiqueuse de ma\u00efs automatique de grande capacit\u00e9. <\/p>    <p>La batteuse de ma\u00efs peut \u00eatre aliment\u00e9e par un moteur diesel ou un moteur \u00e9lectrique. D\u00e9sormais, ce type de d\u00e9cortiqueuse de ma\u00efs a progress\u00e9 en fonction des exigences des clients. Il est beaucoup plus populaire parmi les propri\u00e9taires agricoles de moyenne et grande taille. Dans l\u2019attente de vos demandes !<\/p>    <figure class=\"wp-block-embed is-type-video is-provider-youtube wp-block-embed-youtube wp-embed-aspect-16-9 wp-has-aspect-ratio\"><div class=\"wp-block-embed__wrapper\"> <iframe loading=\"lazy\" title=\"Batteuse de ma\u00efs de grande capacit\u00e9 | Batteuse de ma\u00efs ma\u00efs de Taizy 2022 #corn #maize\" width=\"500\" height=\"281\" src=\"https:\/\/www.youtube.com\/embed\/do6M5uIGU_U?feature=oembed\" frameborder=\"0\" allow=\"accelerometer; autoplay; clipboard-write; encrypted-media; gyroscope; picture-in-picture; web-share\" referrerpolicy=\"strict-origin-when-cross-origin\" allowfullscreen><\/iframe> <\/div><figcaption class=\"wp-element-caption\">vid\u00e9o de travail de la grande batteuse de ma\u00efs<\/figcaption><\/figure>    <h2 class=\"wp-block-heading\"><strong>Types de d\u00e9cortiqueurs de ma\u00efs \u00e0 vendre<\/strong><\/h2>    <p>Nous fournissons deux types de grandes d\u00e9cortiqueuses de ma\u00efs pour r\u00e9pondre \u00e0 vos besoins changeants, toutes deux caract\u00e9ris\u00e9es par leurs excellentes performances de battage et leur stabilit\u00e9\u00a0: <\/p>    <ul class=\"wp-block-list\"> <li>L'un est un mod\u00e8le enti\u00e8rement automatique \u00e0 haut rendement, \u00e9quip\u00e9 d'un syst\u00e8me d'alimentation intelligent, adapt\u00e9 \u00e0 un fonctionnement continu \u00e0 grande \u00e9chelle\u00a0; <\/li>    <li>L'autre est un mod\u00e8le portable flexible, dot\u00e9 d'une conception pliante innovante, facile \u00e0 installer et \u00e0 transporter, ainsi qu'\u00e0 fonctionner dans plusieurs endroits.<\/li> <\/ul>    <h3 class=\"wp-block-heading\"><strong>Grand type de batteuse de ma\u00efs<\/strong><\/h3>    <p>Cette d\u00e9cortiqueuse de ma\u00efs est une sorte de machinerie et d'\u00e9quipement agricole \u00e0 haut rendement, principalement utilis\u00e9e pour le traitement par lots d'\u00e9pis de ma\u00efs apr\u00e8s s\u00e9chage pendant un certain temps.<\/p>    <figure class=\"wp-block-gallery aligncenter has-nested-images columns-default is-cropped wp-block-gallery-2 is-layout-flex wp-block-gallery-is-layout-flex\"> <figure class=\"wp-block-image size-large\"><img loading=\"lazy\" decoding=\"async\" width=\"720\" height=\"540\" data-id=\"6328\" src=\"https:\/\/taizyagromachine.com\/wp-content\/uploads\/2022\/02\/big-size-corn-sheller.webp\" alt=\"d\u00e9cortiqueuse de ma\u00efs de grande taille\" class=\"wp-image-6328\"\/><figcaption class=\"wp-element-caption\">d\u00e9cortiqueuse de ma\u00efs de grande taille<\/figcaption><\/figure>    <figure class=\"wp-block-image size-large\"><img loading=\"lazy\" decoding=\"async\" width=\"720\" height=\"540\" data-id=\"6329\" src=\"https:\/\/taizyagromachine.com\/wp-content\/uploads\/2022\/02\/large-maize-shelling-machine.webp\" alt=\"grande d\u00e9cortiqueuse de ma\u00efs\" class=\"wp-image-6329\"\/><figcaption class=\"wp-element-caption\">grande d\u00e9cortiqueuse de ma\u00efs<\/figcaption><\/figure> <\/figure>    <p>Il s\u00e9pare les grains de ma\u00efs des \u00e9pis gr\u00e2ce \u00e0 la structure d'un rouleau axial ou d'un disque de battage vertical, et est \u00e9quip\u00e9 d'un syst\u00e8me de chargement automatique ou semi-automatique, qui peut rapidement terminer l'op\u00e9ration de battage de grandes quantit\u00e9s de ma\u00efs. Parall\u00e8lement, il pr\u00e9sente les caract\u00e9ristiques d'une faible consommation d'\u00e9nergie, d'un fonctionnement stable et d'un entretien facile, ce qui am\u00e9liore consid\u00e9rablement l'efficacit\u00e9 de la r\u00e9colte et du traitement du ma\u00efs.<\/p>    <figure class=\"wp-block-gallery aligncenter has-nested-images columns-default is-cropped wp-block-gallery-3 is-layout-flex wp-block-gallery-is-layout-flex\"> <figure class=\"wp-block-image size-large\"><img loading=\"lazy\" decoding=\"async\" width=\"720\" height=\"540\" data-id=\"6330\" src=\"https:\/\/taizyagromachine.com\/wp-content\/uploads\/2022\/02\/industrial-corn-thresher-machine.webp\" alt=\"batteuse de ma\u00efs industrielle\" class=\"wp-image-6330\"\/><figcaption class=\"wp-element-caption\">batteuse de ma\u00efs industrielle<\/figcaption><\/figure>    <figure class=\"wp-block-image size-large\"><img loading=\"lazy\" decoding=\"async\" width=\"720\" height=\"540\" data-id=\"6331\" src=\"https:\/\/taizyagromachine.com\/wp-content\/uploads\/2022\/02\/Taizy-maize-thresher-for-sale.webp\" alt=\"Batteuse de ma\u00efs Taizy \u00e0 vendre\" class=\"wp-image-6331\"\/><figcaption class=\"wp-element-caption\">Batteuse de ma\u00efs Taizy \u00e0 vendre<\/figcaption><\/figure> <\/figure>    <p class=\"translation-block\"><strong>Conception de la d\u00e9cortiqueuse de ma\u00efs<\/strong><\/p>    <p>La d\u00e9cortiqueuse de ma\u00efs a une structure simple. Il se compose d'une entr\u00e9e de ma\u00efs, d'une sortie d'\u00e9pis de ma\u00efs, d'une sortie de grains de ma\u00efs, d'une sortie de poussi\u00e8re, d'une bande transporteuse et de tuyaux.<\/p>   <div class=\"wp-block-image\"> <figure class=\"aligncenter size-full\"><img loading=\"lazy\" decoding=\"async\" width=\"720\" height=\"400\" src=\"https:\/\/taizyagromachine.com\/wp-content\/uploads\/2022\/02\/structure-maize-thresher.jpg\" alt=\"structure-batteuse-de-ma\u00efs\" class=\"wp-image-2066\" srcset=\"https:\/\/taizyagromachine.com\/wp-content\/uploads\/2022\/02\/structure-maize-thresher.jpg 720w, https:\/\/taizyagromachine.com\/wp-content\/uploads\/2022\/02\/structure-maize-thresher-300x167.jpg 300w\" sizes=\"auto, (max-width: 720px) 100vw, 720px\" \/><figcaption class=\"wp-element-caption\">structure<\/figcaption><\/figure> <\/div>   <h3 class=\"wp-block-heading\"><strong>Nouveau type de batteuse de ma\u00efs<\/strong><\/h3>    <figure class=\"wp-block-embed is-type-video is-provider-youtube wp-block-embed-youtube wp-embed-aspect-16-9 wp-has-aspect-ratio\"><div class=\"wp-block-embed__wrapper\"> <iframe loading=\"lazy\" title=\"Battage du ma\u00efs r\u00e9volutionnaire\u00a0: d\u00e9cortiqueuse de ma\u00efs nouvelle g\u00e9n\u00e9ration en action\u00a0! Batteuse de ma\u00efs \u00e0 vendre \u00e0 bon prix\" width=\"500\" height=\"281\" src=\"https:\/\/www.youtube.com\/embed\/8jyFGYTMc4U?feature=oembed\" frameborder=\"0\" allow=\"accelerometer; autoplay; clipboard-write; encrypted-media; gyroscope; picture-in-picture; web-share\" referrerpolicy=\"strict-origin-when-cross-origin\" allowfullscreen><\/iframe> <\/div><figcaption class=\"wp-element-caption\">vid\u00e9o de nouvelle batteuse de ma\u00efs<\/figcaption><\/figure>    <p>La derni\u00e8re d\u00e9cortiqueuse de ma\u00efs de Taizy est une conception pliante innovante, compacte et facile \u00e0 installer et \u00e0 transporter. La machine maintient des performances de battage \u00e9lev\u00e9es tout en optimisant l\u2019espace et la flexibilit\u00e9. <\/p>    <figure class=\"wp-block-gallery aligncenter has-nested-images columns-default is-cropped wp-block-gallery-4 is-layout-flex wp-block-gallery-is-layout-flex\"> <figure class=\"wp-block-image size-large\"><img loading=\"lazy\" decoding=\"async\" width=\"720\" height=\"540\" data-id=\"6321\" src=\"https:\/\/taizyagromachine.com\/wp-content\/uploads\/2022\/02\/diesel-powered-corn-shelling-machine.webp\" alt=\"d\u00e9cortiqueuse de ma\u00efs \u00e0 moteur diesel\" class=\"wp-image-6321\"\/><figcaption class=\"wp-element-caption\">d\u00e9cortiqueuse de ma\u00efs \u00e0 moteur diesel<\/figcaption><\/figure>    <figure class=\"wp-block-image size-large\"><img loading=\"lazy\" decoding=\"async\" width=\"720\" height=\"540\" data-id=\"6322\" src=\"https:\/\/taizyagromachine.com\/wp-content\/uploads\/2022\/02\/maize-thresher-machine-with-folded-conveyor.webp\" alt=\"batteuse de ma\u00efs avec convoyeur pli\u00e9\" class=\"wp-image-6322\"\/><figcaption class=\"wp-element-caption\">batteuse de ma\u00efs avec convoyeur pli\u00e9<\/figcaption><\/figure>    <figure class=\"wp-block-image size-large\"><img loading=\"lazy\" decoding=\"async\" width=\"720\" height=\"540\" data-id=\"6323\" src=\"https:\/\/taizyagromachine.com\/wp-content\/uploads\/2022\/02\/totally-display-of-Taizy-corn-sheller-machine.webp\" alt=\"affichage total de la d\u00e9cortiqueuse de ma\u00efs Taizy\" class=\"wp-image-6323\"\/><figcaption class=\"wp-element-caption\">affichage total de la d\u00e9cortiqueuse de ma\u00efs Taizy<\/figcaption><\/figure> <\/figure>    <p>En tant qu'utilisateur, vous pouvez facilement d\u00e9monter, transporter et stocker la machine, simplifiant consid\u00e9rablement le traitement du ma\u00efs apr\u00e8s la r\u00e9colte et d\u00e9montrant une excellente commodit\u00e9 et praticit\u00e9.<\/p>    <figure class=\"wp-block-gallery aligncenter has-nested-images columns-default is-cropped wp-block-gallery-5 is-layout-flex wp-block-gallery-is-layout-flex\"> <figure class=\"wp-block-image size-large\"><img loading=\"lazy\" decoding=\"async\" width=\"720\" height=\"540\" data-id=\"6324\" src=\"https:\/\/taizyagromachine.com\/wp-content\/uploads\/2022\/02\/maize-shelling-machine-in-stock.webp\" alt=\"d\u00e9cortiqueuse de ma\u00efs en stock\" class=\"wp-image-6324\"\/><figcaption class=\"wp-element-caption\">d\u00e9cortiqueuse de ma\u00efs en stock<\/figcaption><\/figure>    <figure class=\"wp-block-image size-large\"><img loading=\"lazy\" decoding=\"async\" width=\"720\" height=\"540\" data-id=\"6325\" src=\"https:\/\/taizyagromachine.com\/wp-content\/uploads\/2022\/02\/maize-thresher-machine-for-sale.webp\" alt=\"batteuse de ma\u00efs \u00e0 vendre\" class=\"wp-image-6325\"\/><figcaption class=\"wp-element-caption\">batteuse de ma\u00efs \u00e0 vendre<\/figcaption><\/figure> <\/figure>    <h2 class=\"wp-block-heading\" id=\"advantages-of-maize-sheller\"><strong>Avantages du d\u00e9cortiqueur de ma\u00efs \u00e0 vendre<\/strong><\/h2>    <ul class=\"wp-block-list\"> <li>Le pourcentage de d\u00e9corticage du ma\u00efs peut atteindre jusqu'\u00e0 99,51 TP3T, d\u00e9cortiquant efficacement le ma\u00efs.<\/li>    <li>Bande transporteuse pour transporter le ma\u00efs, \u00e9conomisant du travail.<\/li>    <li>Efficacit\u00e9 de travail \u00e9lev\u00e9e,\u00a0la capacit\u00e9 est d'environ 6\u00a0t\/h.<\/li>    <li>Le ventilateur\u00a0\u00e9limine les impuret\u00e9s, garantissant que les graines de ma\u00efs sont tr\u00e8s propres.<\/li>    <li>Les moteurs diesel ou les moteurs \u00e9lectriques sont de bons choix pour les zones o\u00f9 il y a un manque d'\u00e9lectricit\u00e9.<\/li>    <li>Facile \u00e0 d\u00e9placer gr\u00e2ce aux barres de remorquage et aux roues.<\/li> <\/ul>    <h2 class=\"wp-block-heading\" id=\"working-process-of-maize-thresher\"><strong>Processus de travail de la batteuse de ma\u00efs Taizy<\/strong><\/h2>   <div id=\"rank-math-howto\" class=\"rank-math-block\" > <div class=\"rank-math-howto-description\">  <p class=\"translation-block\">En tant qu'entreprise agricole professionnelle, cette machine \u00e0 \u00e9plucher le ma\u00efs est une <a href=\"https:\/\/taizyagromachine.com\/fr\/product\/corn-threshing-machine\/\">d\u00e9cortiqueuse de ma\u00efs<\/a> commerciale. Apprenons mieux le processus de la machine \u00e0 d\u00e9cortiquer le ma\u00efs.<\/p>  <\/div>  <div class=\"rank-math-steps\"> <div id=\"howto-step-1704181461787\" class=\"rank-math-step\"> <h3 class=\"rank-math-step-title\">Chargement et transport du ma\u00efs par tapis roulant<\/h3> <div class=\"rank-math-step-content\"><p>Alimentez le ma\u00efs \u00e0 travers le tapis roulant jusqu'\u00e0 ce qu'il atteigne la chambre de battage.<\/p> <\/div> <\/div> <div id=\"howto-step-1704181510328\" class=\"rank-math-step\"> <h3 class=\"rank-math-step-title\">Op\u00e9ration de battage et d\u2019\u00e9limination des impuret\u00e9s<\/h3> <div class=\"rank-math-step-content\"><p>Apr\u00e8s le battage et la s\u00e9paration, les impuret\u00e9s l\u00e9g\u00e8res seront \u00e9vacu\u00e9es de la sortie de poussi\u00e8re.<\/p> <\/div> <\/div> <div id=\"howto-step-1704181531183\" class=\"rank-math-step\"> <h3 class=\"rank-math-step-title\">D\u00e9charge des \u00e9pis de ma\u00efs et collecte des graines de ma\u00efs<\/h3> <div class=\"rank-math-step-content\"><img loading=\"lazy\" decoding=\"async\" width=\"720\" height=\"540\" src=\"https:\/\/taizyagromachine.com\/wp-content\/uploads\/2022\/02\/working-screne-of-corn-thresher.jpg\" class=\"attachment-full size-full\" alt=\"\u00e9cran-de-travail-de-batteuse-de-ma\u00efs\" srcset=\"https:\/\/taizyagromachine.com\/wp-content\/uploads\/2022\/02\/working-screne-of-corn-thresher.jpg 720w, https:\/\/taizyagromachine.com\/wp-content\/uploads\/2022\/02\/working-screne-of-corn-thresher-300x225.jpg 300w\" sizes=\"auto, (max-width: 720px) 100vw, 720px\" \/><p>L'\u00e9pi de ma\u00efs entier sort de la sortie de l'\u00e9pi de ma\u00efs, en m\u00eame temps, les graines de ma\u00efs sont \u00e9vacu\u00e9es de la sortie correspondante.<\/p> <\/div> <\/div> <\/div> <\/div>       <h2 class=\"wp-block-heading\" id=\"optional-equipment\"><strong>\u00c9quipement en option pour grande batteuse de ma\u00efs<\/strong><\/h2>    <p id=\"optional-equipment\" class=\"translation-block\"><strong>1. Convoyeur<\/strong><\/p>    <p>Cette bande transporteuse est destin\u00e9e au transport du ma\u00efs. Il est utilis\u00e9 pour la batteuse de ma\u00efs pour une \u00e9conomie de travail et une efficacit\u00e9 \u00e9lev\u00e9e.<\/p>    <p class=\"translation-block\"><strong>2. Tuyau pour transporter les graines de ma\u00efs<\/strong><\/p>    <p>L'appareil profite aux agriculteurs car il peut arriver directement au grand conteneur pour stocker les graines de ma\u00efs.<\/p>    <p>Attention, le prix de la batteuse \u00e0 ma\u00efs varie en fonction des diff\u00e9rentes collocations.<\/p>   <div class=\"wp-block-image\"> <figure class=\"aligncenter size-full\"><img loading=\"lazy\" decoding=\"async\" width=\"720\" height=\"540\" src=\"https:\/\/taizyagromachine.com\/wp-content\/uploads\/2022\/02\/optional-conveyor-and-pipe-corn-thresher.jpg\" alt=\"batteuse-\u00e0-ma\u00efs-\u00e0-convoyeur-et-tuyau en option\" class=\"wp-image-2068\" srcset=\"https:\/\/taizyagromachine.com\/wp-content\/uploads\/2022\/02\/optional-conveyor-and-pipe-corn-thresher.jpg 720w, https:\/\/taizyagromachine.com\/wp-content\/uploads\/2022\/02\/optional-conveyor-and-pipe-corn-thresher-300x225.jpg 300w\" sizes=\"auto, (max-width: 720px) 100vw, 720px\" \/><figcaption class=\"wp-element-caption\">convoyeur et tuyau en option<\/figcaption><\/figure> <\/div>   <h2 class=\"wp-block-heading\"><strong>Facteurs affectant le prix de la batteuse de ma\u00efs<\/strong><\/h2>    <p>De nombreux facteurs affectent le prix de la batteuse de ma\u00efs. Nous \u00e9num\u00e9rons simplement plusieurs facteurs pour votre r\u00e9f\u00e9rence.<\/p>    <ul class=\"wp-block-list\"> <li><strong>\u00c9quipement optionel<\/strong>. Comme mentionn\u00e9 ci-dessus, pour cette grande batteuse de ma\u00efs, diff\u00e9rentes configurations sont disponibles. Sans tuyau ni bande transporteuse et avec tuyau et bande transporteuse, les prix sont compl\u00e8tement diff\u00e9rents.<\/li>    <li><strong>Puissance de la machine<\/strong>. La batteuse de ma\u00efs peut \u00eatre propuls\u00e9e par un moteur diesel ou par un moteur \u00e9lectrique. Le prix est diff\u00e9rent avec le moteur diesel ou le moteur \u00e9lectrique. <\/li>    <li><strong>Qualit\u00e9 de la machine<\/strong>. Les fabricants et fournisseurs de batteuses \u00e0 ma\u00efs sont nombreux sur le march\u00e9. Peut-\u00eatre que certains fournisseurs proposent la machine \u00e0 un prix moins cher que notre batteuse de ma\u00efs, mais vous devez \u00e9galement faire attention \u00e0 la qualit\u00e9 de la machine. <\/li> <\/ul>    <h2 class=\"wp-block-heading\"><strong>Points forts de Taizy \u2013 les fabricants et fournisseurs fiables de batteuses de ma\u00efs<\/strong><\/h2>    <ol class=\"wp-block-list\"> <li><strong>Prix \u200b\u200bcomp\u00e9titif<\/strong>. Nous sommes \u00e0 la fois fabricant et producteur, nous b\u00e9n\u00e9ficions donc d\u2019un avantage de prix sans ajouter de co\u00fbt suppl\u00e9mentaire au prix de la machine.<\/li>    <li><strong>Certificat CE<\/strong>. Nos batteuses de ma\u00efs sont certifi\u00e9es par l'autorit\u00e9 comp\u00e9tente, la qualit\u00e9 de la machine est garantie et la dur\u00e9e de vie est longue.<\/li>    <li><strong>Service apr\u00e8s-vente<\/strong>. Notre personnel vous fournira un service apr\u00e8s-vente professionnel, sp\u00e9cialement pour que vous puissiez r\u00e9pondre \u00e0 toutes les questions que vous pourriez rencontrer lors du processus d'utilisation de la batteuse de ma\u00efs.<\/li>    <li><strong>Service en ligne, guidage vid\u00e9o, etc.<\/strong>. Au moment de recevoir la machine, vous ne connaissez forc\u00e9ment pas la machine. \u00c0 ce stade, nous fournirons des conseils en ligne, ou une vid\u00e9o pourra aider les clients \u00e0 se familiariser avec l'utilisation de la machine d\u00e8s que possible.<\/li> <\/ol>   <div class=\"wp-block-image\"> <figure class=\"aligncenter size-full\"><img loading=\"lazy\" decoding=\"async\" width=\"720\" height=\"540\" src=\"https:\/\/taizyagromachine.com\/wp-content\/uploads\/2022\/04\/strong-strength-Taizy-Argo-Machine.jpg\" alt=\"forte force-Taizy Argo Machine\" class=\"wp-image-2452\" srcset=\"https:\/\/taizyagromachine.com\/wp-content\/uploads\/2022\/04\/strong-strength-Taizy-Argo-Machine.jpg 720w, https:\/\/taizyagromachine.com\/wp-content\/uploads\/2022\/04\/strong-strength-Taizy-Argo-Machine-300x225.jpg 300w\" sizes=\"auto, (max-width: 720px) 100vw, 720px\" \/><figcaption class=\"wp-element-caption\">forte force-Taizy Argo Machine<\/figcaption><\/figure> <\/div>   <h2 class=\"wp-block-heading\" id=\"several-things-to-clarify\"><strong>Plusieurs choses \u00e0 clarifier pour la machine \u00e0 d\u00e9cortiquer le ma\u00efs<\/strong><\/h2>   <div id=\"rank-math-faq\" class=\"rank-math-block\"> <div class=\"rank-math-list\"> <div id=\"faq-question-1668158967005\" class=\"rank-math-list-item\"> <h3 class=\"rank-math-question\"><strong><strong>Cette machine est-elle uniquement destin\u00e9e au ma\u00efs<\/strong><\/strong>? Si d'autres cultures, comme le mil, et <strong><strong>sorgho, cette machine est-elle applicable ?<\/strong><\/strong><\/h3> <div class=\"rank-math-answer\">  <p>Cette batteuse \u00e0 ma\u00efs ne peut \u00eatre utilis\u00e9e que pour d\u00e9cortiquer du ma\u00efs sec. D'autres cultures peuvent choisir d'autres batteuses. Par exemple, le sorgho peut utiliser la batteuse multifonctionnelle.<\/p>  <\/div> <\/div> <div id=\"faq-question-1668158977898\" class=\"rank-math-list-item\"> <h3 class=\"rank-math-question\"><strong><strong>La batteuse de ma\u00efs peut-elle peler la balle de ma\u00efs ?<\/strong><\/strong><\/h3> <div class=\"rank-math-answer\">  <p>Non, cette batteuse \u00e0 ma\u00efs convient au ma\u00efs sans coque.<\/p>  <\/div> <\/div> <div id=\"faq-question-1668158995127\" class=\"rank-math-list-item\"> <h3 class=\"rank-math-question\"><strong><strong>Le ma\u00efs sucr\u00e9 peut-il utiliser cette d\u00e9cortiqueuse de ma\u00efs pour battre\u00a0?<\/strong><\/strong><\/h3> <div class=\"rank-math-answer\">  <p>La d\u00e9cortiqueuse de ma\u00efs \u00e0 vendre est diff\u00e9rente de la batteuse de ma\u00efs sucr\u00e9. Cette machine bat du ma\u00efs sec. Si vous souhaitez battre le ma\u00efs sucr\u00e9, la d\u00e9cortiqueuse de ma\u00efs sucr\u00e9 est le meilleur choix.<\/p>  <\/div> <\/div> <\/div> <\/div>   <h2 class=\"wp-block-heading\"><strong>Param\u00e8tres techniques de la batteuse de ma\u00efs Big Taizy<\/strong><\/h2>    <figure class=\"wp-block-table\"><table><tbody><tr><td>Mod\u00e8le<\/td><td>5TY-80D<\/td><\/tr><tr><td>Pouvoir<\/td><td>Moteur diesel 15 CV ou moteur 7,5 kW<\/td><\/tr><tr><td>Capacit\u00e9<\/td><td>6t\/h (graines de ma\u00efs)<\/td><\/tr><tr><td>Taux de battage<\/td><td>\u226599,5%<\/td><\/tr><tr><td>Taux de perte<\/td><td>\u22642,0%<\/td><\/tr><tr><td>Taux de casse<\/td><td>\u22641,5%<\/td><\/tr><tr><td>Taux d'impuret\u00e9s<\/td><td>\u22641,0%<\/td><\/tr><tr><td>Poids<\/td><td>350 kg<\/td><\/tr><tr><td>Taille<\/td><td>3860*1360*2480\u00a0mm<\/td><\/tr><\/tbody><\/table><figcaption class=\"wp-element-caption\">Param\u00e8tres de la batteuse de ma\u00efs<\/figcaption><\/figure>    <h2 class=\"wp-block-heading\"><strong>Commencez votre battage de ma\u00efs d\u00e8s maintenant\u00a0!<\/strong><\/h2>    <p class=\"translation-block\">Commencez imm\u00e9diatement votre <a href=\"https:\/\/en.wikipedia.org\/wiki\/Maize\" target=\"_blank\" rel=\"noopener\">r\u00e9colte de ma\u00efs<\/a> ! Choisissez notre grande d\u00e9cortiqueuse de ma\u00efs, efficace et pratique, un bouton pour ouvrir le mode de d\u00e9corticage en lot. Contactez-nous imm\u00e9diatement pour plus de d\u00e9tails sur la d\u00e9cortiqueuse de ma\u00efs et le meilleur prix!<\/p>    <figure class=\"wp-block-embed is-type-video is-provider-youtube wp-block-embed-youtube wp-embed-aspect-16-9 wp-has-aspect-ratio\"><div class=\"wp-block-embed__wrapper\"> <iframe loading=\"lazy\" title=\"Machine de sheller de ma\u00efs \u00e0 haut volume pour le battage de ma\u00efs | Chauffe de ma\u00efs pour bombardement de ma\u00efs avec 6t \/ h\" width=\"500\" height=\"281\" src=\"https:\/\/www.youtube.com\/embed\/ZE9BoK5BwqM?feature=oembed\" frameborder=\"0\" allow=\"accelerometer; autoplay; clipboard-write; encrypted-media; gyroscope; picture-in-picture; web-share\" referrerpolicy=\"strict-origin-when-cross-origin\" allowfullscreen><\/iframe> <\/div><figcaption class=\"wp-element-caption\">Vid\u00e9o de la batteuse de ma\u00efs<\/figcaption><\/figure>","protected":false},"excerpt":{"rendered":"<p>La batteuse de ma\u00efs est sp\u00e9cialement con\u00e7ue pour s\u00e9parer le ma\u00efs en grains de ma\u00efs et en \u00e9pis de ma\u00efs, avec une grande capacit\u00e9 de 6 tonnes par heure, dont le type est dot\u00e9 d'un convoyeur pli\u00e9\u00a0! Nous d\u00e9crivons les derniers types de batteuses de ma\u00efs, ainsi que les param\u00e8tres de la machine, pour votre r\u00e9f\u00e9rence lors du choix.<\/p>","protected":false},"author":1,"featured_media":2141,"parent":0,"template":"","tags":[],"product-type":[17],"class_list":["post-2064","product","type-product","status-publish","has-post-thumbnail","hentry","product-type-corn-machine"],"_links":{"self":[{"href":"https:\/\/taizyagromachine.com\/fr\/wp-json\/wp\/v2\/product\/2064","targetHints":{"allow":["GET"]}}],"collection":[{"href":"https:\/\/taizyagromachine.com\/fr\/wp-json\/wp\/v2\/product"}],"about":[{"href":"https:\/\/taizyagromachine.com\/fr\/wp-json\/wp\/v2\/types\/product"}],"author":[{"embeddable":true,"href":"https:\/\/taizyagromachine.com\/fr\/wp-json\/wp\/v2\/users\/1"}],"wp:featuredmedia":[{"embeddable":true,"href":"https:\/\/taizyagromachine.com\/fr\/wp-json\/wp\/v2\/media\/2141"}],"wp:attachment":[{"href":"https:\/\/taizyagromachine.com\/fr\/wp-json\/wp\/v2\/media?parent=2064"}],"wp:term":[{"taxonomy":"post_tag","embeddable":true,"href":"https:\/\/taizyagromachine.com\/fr\/wp-json\/wp\/v2\/tags?post=2064"},{"taxonomy":"product-type","embeddable":true,"href":"https:\/\/taizyagromachine.com\/fr\/wp-json\/wp\/v2\/product-type?post=2064"}],"curies":[{"name":"wp","href":"https:\/\/api.w.org\/{rel}","templated":true}]}}