{"id":2092,"date":"2022-02-17T09:56:31","date_gmt":"2022-02-17T09:56:31","guid":{"rendered":"https:\/\/taizyagromachine.com\/"},"modified":"2025-05-07T11:30:30","modified_gmt":"2025-05-07T03:30:30","slug":"automatic-groundnut-oil-sunflower-oil-making-machine","status":"publish","type":"product","link":"https:\/\/taizyagromachine.com\/fr\/product\/automatic-groundnut-oil-sunflower-oil-making-machine\/","title":{"rendered":"Machine de fabrication d'huile d'arachide | Presse \u00e0 huile d'arachide"},"content":{"rendered":"<p class=\"translation-block\">La machine \u00e0 huile de cacahu\u00e8te <strong>Taizy<\/strong> se sp\u00e9cialise dans l'extraction d'huile et de graisse \u00e0 partir des graines de cacahu\u00e8te ou avec coques par pression \u00e0 vis avec pressage \u00e0 chaud. C'est une presse \u00e0 huile \u00e0 vis, \u00e9galement adapt\u00e9e pour les graines de tournesol, les f\u00e8ves de soja, etc. Sa production est de 40-600 kg\/h.<\/p>    <p>Cette presse \u00e0 huile d'arachide a un taux d'extraction d'huile de 43-54%. La temp\u00e9rature de l\u2019arachide press\u00e9e atteint 100-200\u2103 et la temp\u00e9rature de la machine est d\u2019environ 180\u2103.<\/p>    <p>Il se caract\u00e9rise par une structure simple, une op\u00e9ration facile et un rendement en huile \u00e9lev\u00e9, et est largement utilis\u00e9 dans les petites huileries et les ateliers familiaux. Si vous souhaitez plus d'informations, veuillez me contacter pour plus de d\u00e9tails sur la machine\u00a0!<\/p>    <figure class=\"wp-block-embed is-type-video is-provider-youtube wp-block-embed-youtube wp-embed-aspect-16-9 wp-has-aspect-ratio\"><div class=\"wp-block-embed__wrapper\"> <iframe loading=\"lazy\" title=\"Comment extraire l\u2019huile d\u2019arachide par presse \u00e0 huile froide et chaude\u00a0? Machine d&#039;extraction d&#039;huile pour coquille de graines d&#039;arachide\" width=\"500\" height=\"281\" src=\"https:\/\/www.youtube.com\/embed\/drwu4FR4itc?feature=oembed\" frameborder=\"0\" allow=\"accelerometer; autoplay; clipboard-write; encrypted-media; gyroscope; picture-in-picture; web-share\" referrerpolicy=\"strict-origin-when-cross-origin\" allowfullscreen><\/iframe> <\/div><figcaption class=\"wp-element-caption\">vid\u00e9o de la presse \u00e0 huile \u00e0 vis<\/figcaption><\/figure>    <h2 class=\"wp-block-heading\" id=\"features-of-groundnut-oil-processing-machine\"><strong>Caract\u00e9ristiques de la machine d'extraction d'huile d'arachide Taizy<\/strong>&nbsp;<\/h2>    <ul class=\"wp-block-list\"> <li>Cette machine dispose d'une large gamme de <strong>capacit\u00e9 de 40-600kg\/h<\/strong>, ce qui est tr\u00e8s efficace.<\/li>    <li>Il a un <strong>rendement en huile \u00e9lev\u00e9 de 43-54%<\/strong>, au profit de votre entreprise.<\/li>    <li>L'\u00e9quipement n'est pas seulement applicable \u00e0 <strong>cacahu\u00e8tes<\/strong>, mais peut \u00e9galement \u00eatre utilis\u00e9 pour <strong>graines de tournesol, soja<\/strong> et d'autres cultures ol\u00e9agineuses.<\/li>    <li>La machine de traitement de l'huile d'arachide peut \u00eatre <strong>\u00e9quip\u00e9 de filtres \u00e0 vide<\/strong>, obtenant une huile comestible de plus haute qualit\u00e9.<\/li>    <li>La vis est un <strong>presse \u00e0 trois niveaux<\/strong>, en mettant les mat\u00e9riaux une fois et en obtenant l'huile comestible finale.<\/li>    <li>Il a une structure simple, <strong>facile \u00e0 utiliser<\/strong>.<\/li>    <li>Cette presse \u00e0 huile d'arachide est <strong>fait de mat\u00e9riaux de haute qualit\u00e9<\/strong>, et a des performances stables et une longue dur\u00e9e de vie.<\/li> <\/ul>    <figure class=\"wp-block-gallery aligncenter has-nested-images columns-default is-cropped wp-block-gallery-2 is-layout-flex wp-block-gallery-is-layout-flex\"> <figure class=\"wp-block-image size-large\"><img loading=\"lazy\" decoding=\"async\" width=\"950\" height=\"540\" data-id=\"7116\" src=\"https:\/\/taizyagromachine.com\/wp-content\/uploads\/2022\/02\/peanut-oil-expeller-machine-for-groundnut-oil.webp\" alt=\"Machine d&#039;extraction d&#039;huile d&#039;arachide pour l&#039;huile d&#039;arachide\" class=\"wp-image-7116\" srcset=\"https:\/\/taizyagromachine.com\/wp-content\/uploads\/2022\/02\/peanut-oil-expeller-machine-for-groundnut-oil.webp 950w, https:\/\/taizyagromachine.com\/wp-content\/uploads\/2022\/02\/peanut-oil-expeller-machine-for-groundnut-oil-18x10.webp 18w\" sizes=\"auto, (max-width: 950px) 100vw, 950px\" \/><figcaption class=\"wp-element-caption\">Machine d'extraction d'huile d'arachide pour l'huile d'arachide<\/figcaption><\/figure> <\/figure>    <h2 class=\"wp-block-heading\"><strong>Param\u00e8tres techniques de la machine de fabrication d'huile d'arachide<\/strong><\/h2>    <figure class=\"wp-block-table\"><table class=\"has-fixed-layout\"><tbody><tr><td>Mod\u00e8le<\/td><td>6YL-60<\/td><td>6YL-70<\/td><td>6YL-100<\/td><td>6YL-125<\/td><td>6YL-150<\/td><\/tr><tr><td>Capacit\u00e9 (kg\/h)<\/td><td>40-60<\/td><td>45-70<\/td><td>150-230<\/td><td>300-400<\/td><td>500-600<\/td><\/tr><tr><td>Diam\u00e8tre de vis (mm)<\/td><td>\u03a660<\/td><td>\u03c670<\/td><td>\u03a6100<\/td><td>\u03a6125<\/td><td>\u03a6150<\/td><\/tr><tr><td>Vitesse de vis (r\/min)<\/td><td>64<\/td><td>37<\/td><td>37<\/td><td>35<\/td><td>35<\/td><\/tr><tr><td>Puissance du moteur (kw)<\/td><td>2.5<\/td><td>3<\/td><td>7.5<\/td><td>15<\/td><td>30<\/td><\/tr><tr><td>Poids (kg)<\/td><td>240<\/td><td>320<\/td><td>1100<\/td><td>1320<\/td><td>1420<\/td><\/tr><tr><td>Taille (mm)<\/td><td>1020*780*1100<\/td><td>1450*870*1180<\/td><td>1800*1200*1550<\/td><td>2100*1400*1700<\/td><td>2300*1400*1700<\/td><\/tr><\/tbody><\/table><figcaption class=\"wp-element-caption\">donn\u00e9es techniques de la machine d'extraction d'huile d'arachide<\/figcaption><\/figure>    <h2 class=\"wp-block-heading\" id=\"structure-of-groundnut-oil-extraction\"><strong>Structure de la machine de fabrication d'huile d'arachide<\/strong><\/h2>    <p>Dans l'ensemble, la structure est simple. Il se compose principalement de cinq parties\u00a0: une partie de commande \u00e9lectrique, une partie de chauffage et de pressage, une partie de r\u00e9glage, une partie de transmission et un filtre \u00e0 huile sous vide. <\/p>    <ul class=\"wp-block-list\"> <li>Pour une machine de fabrication d'huile d'arachide, la partie de commande \u00e9lectrique contr\u00f4le le circuit de l'ensemble de la machine. <\/li>    <li>La partie chauffante et pressante est le noyau, qui transforme principalement le mat\u00e9riau en huile comestible. <\/li>    <li>La partie r\u00e9glage et transmission est \u00e9galement une pi\u00e8ce indispensable. <\/li>    <li>La partie filtre \u00e0 huile sous vide filtre principalement l'huile comestible \u00e0 travers le vide.<\/li> <\/ul>   <div class=\"wp-block-image\"> <figure class=\"aligncenter size-full\"><img loading=\"lazy\" decoding=\"async\" width=\"720\" height=\"540\" src=\"https:\/\/taizyagromachine.com\/wp-content\/uploads\/2022\/02\/structure-of-groundnut-oil-processing-machine.jpg\" alt=\"structure de la machine de traitement de l&#039;huile d&#039;arachide\" class=\"wp-image-2094\" srcset=\"https:\/\/taizyagromachine.com\/wp-content\/uploads\/2022\/02\/structure-of-groundnut-oil-processing-machine.jpg 720w, https:\/\/taizyagromachine.com\/wp-content\/uploads\/2022\/02\/structure-of-groundnut-oil-processing-machine-300x225.jpg 300w\" sizes=\"auto, (max-width: 720px) 100vw, 720px\" \/><figcaption class=\"wp-element-caption\">structure de la machine de traitement de l'huile d'arachide<\/figcaption><\/figure> <\/div>   <figure class=\"wp-block-table is-style-stripes\"><table><tbody><tr><td>1. r\u00e9gulateur de temp\u00e9rature<\/td><td>7. entr\u00e9e d'alimentation<\/td><\/tr><tr><td>2. \u00e9vent de fum\u00e9e<\/td><td>8. section de r\u00e9glage<\/td><\/tr><tr><td>3. armoire de distribution d'\u00e9nergie<\/td><td>9. \u00e9l\u00e9ment chauffant<\/td><\/tr><tr><td>4. position de huilage<\/td><td>10. pi\u00e8ce de vidange d'huile<\/td><\/tr><tr><td>5. r\u00e9ducteur<\/td><td>11. appuyez sur la partie<\/td><\/tr><tr><td>6. moteur<\/td><td>12. filtre \u00e0 huile sous vide<\/td><\/tr><\/tbody><\/table><figcaption class=\"wp-element-caption\">Liste des noms de la presse \u00e0 huile d'arachide<\/figcaption><\/figure>    <h2 class=\"wp-block-heading\" id=\"how-to-do-extraction-of-oil-from-groundnut-seed\"><strong>Comment extraire l\u2019huile d\u2019arachide des cacahu\u00e8tes ?<\/strong><\/h2>   <div class=\"wp-block-image\"> <figure class=\"aligncenter size-full\"><img loading=\"lazy\" decoding=\"async\" width=\"720\" height=\"540\" src=\"https:\/\/taizyagromachine.com\/wp-content\/uploads\/2022\/02\/screw-sunflower-oil-press.jpg\" alt=\"vis\" class=\"wp-image-2100\" srcset=\"https:\/\/taizyagromachine.com\/wp-content\/uploads\/2022\/02\/screw-sunflower-oil-press.jpg 720w, https:\/\/taizyagromachine.com\/wp-content\/uploads\/2022\/02\/screw-sunflower-oil-press-300x225.jpg 300w\" sizes=\"auto, (max-width: 720px) 100vw, 720px\" \/><figcaption class=\"wp-element-caption\">vis<\/figcaption><\/figure> <\/div>   <p class=\"translation-block\">Cette machine de fabrication d'huile d'arachide est une <a href=\"https:\/\/taizyagromachine.com\/fr\/product\/oil-press-machine-cold-oil-press-hot-oil-press-machine\/\">presse \u00e0 huile \u00e0 vis<\/a>, dot\u00e9e d'un arbre \u00e0 vis pour le pressage de l'huile. Alors, comment fabriquer de l'huile d'arachide ? Regardez les \u00e9tapes ci-dessous.<\/p>    <ol class=\"wp-block-list\"> <li><strong>Pr\u00e9paration des mati\u00e8res premi\u00e8res<\/strong> <ul class=\"wp-block-list\"> <li>Nettoyer et \u00e9liminer les impuret\u00e9s : nettoyer les cacahu\u00e8tes, enlever la terre, les cailloux, les impuret\u00e9s, etc.<\/li>    <li>Torr\u00e9faction : pour augmenter le rendement en huile, torr\u00e9fiez les cacahu\u00e8tes nettoy\u00e9es. La temp\u00e9rature atteint 100-120\u2103, ce qui est pr\u00e9f\u00e9rable pour un pressage ult\u00e9rieur de l'huile chaude. <\/li> <\/ul> <\/li>    <li><strong>Pr\u00e9chauffer la presse \u00e0 huile<\/strong> <ul class=\"wp-block-list\"> <li>D\u00e9marrer la machine : avant l'extraction formelle de l'huile, d\u00e9marrer la presse \u00e0 huile \u00e0 vis et effectuer l'op\u00e9ration de pr\u00e9chauffage appropri\u00e9e. Assurez-vous que la machine \u00e0 huile d'arachide atteint la temp\u00e9rature de fonctionnement afin que l'huile d'arachide puisse s'\u00e9couler plus facilement.<\/li>    <li>V\u00e9rifiez le port d'alimentation\u00a0: assurez-vous que le port d'alimentation est d\u00e9gag\u00e9 et exempt de blocage, pr\u00eat \u00e0 commencer l'alimentation.<\/li> <\/ul> <\/li>    <li><strong>Alimentation et extraction d\u2019huile<\/strong> <ul class=\"wp-block-list\"> <li>Alimentation uniforme : placez les cacahu\u00e8tes dans le port d'alimentation de la presse \u00e0 vis lentement et uniform\u00e9ment.<\/li>    <li>Pressage de vis : la machine d'extraction d'huile \u00e0 vis exerce une pression sur les cacahu\u00e8tes gr\u00e2ce \u00e0 la rotation de l'arbre de la vis. Les cacahu\u00e8tes sont progressivement broy\u00e9es, pressuris\u00e9es et lib\u00e9r\u00e9es avec de l'huile.<\/li>    <li>S\u00e9paration huile-bourbe : l\u2019huile et la lie sont s\u00e9par\u00e9es lors du processus de pressage. L'huile d'arachide s'\u00e9coule par la sortie, tandis que les r\u00e9sidus (tourteau d'arachide) sont \u00e9vacu\u00e9s par l'autre extr\u00e9mit\u00e9.<\/li> <\/ul> <\/li>    <li><strong>Filtration d'huile et de graisse<\/strong> <ul class=\"wp-block-list\"> <li>Filtration\u00a0: l'huile d'arachide press\u00e9e \u00e0 chaud contiendra certains r\u00e9sidus, qui peuvent \u00eatre s\u00e9par\u00e9s de la plupart des r\u00e9sidus d'huile par filtration.<\/li> <\/ul> <\/li>    <li><strong>Collecte et stockage du p\u00e9trole<\/strong> <ul class=\"wp-block-list\"> <li>Collecte d'huile d'arachide : r\u00e9cup\u00e9rez l'huile d'arachide filtr\u00e9e dans un r\u00e9cipient propre, \u00e9vitez tout contact avec les impuret\u00e9s ou l'humidit\u00e9 pour maintenir la puret\u00e9 de l'huile.<\/li>    <li>Stockage : l\u2019huile d\u2019arachide doit \u00eatre conserv\u00e9e dans un r\u00e9cipient herm\u00e9tique dans un endroit frais et sec pour prolonger la dur\u00e9e de conservation.<\/li> <\/ul> <\/li>    <li><strong>Traitement des r\u00e9sidus<\/strong> <ul class=\"wp-block-list\"> <li>\u00c9limination des tourteaux de cacahu\u00e8tes : apr\u00e8s pressage, les tourteaux de cacahu\u00e8tes peuvent \u00eatre utilis\u00e9s comme aliments pour animaux ou \u00e0 d'autres fins industrielles sans gaspiller aucune mati\u00e8re premi\u00e8re.<\/li> <\/ul> <\/li> <\/ol>    <figure class=\"wp-block-embed is-type-video is-provider-youtube wp-block-embed-youtube wp-embed-aspect-16-9 wp-has-aspect-ratio\"><div class=\"wp-block-embed__wrapper\"> <iframe loading=\"lazy\" title=\"Presse \u00e0 huile \u00e0 vis pour arachide, graines de tournesol et s\u00e9same | Comment fonctionne la machine d\u2019extraction d\u2019huile ?\" width=\"500\" height=\"281\" src=\"https:\/\/www.youtube.com\/embed\/Z-tnbuRlQzc?feature=oembed\" frameborder=\"0\" allow=\"accelerometer; autoplay; clipboard-write; encrypted-media; gyroscope; picture-in-picture; web-share\" referrerpolicy=\"strict-origin-when-cross-origin\" allowfullscreen><\/iframe> <\/div><figcaption class=\"wp-element-caption\">vid\u00e9o sur la fa\u00e7on d'extraire le p\u00e9trole<\/figcaption><\/figure>    <h2 class=\"wp-block-heading\"><strong>Comment obtenir de l\u2019huile d\u2019arachide comestible de haute qualit\u00e9 lors du processus d\u2019extraction\u00a0?<\/strong><\/h2>    <p>Pour l\u2019extraction d\u2019huile comestible, les clients sont plus pr\u00e9occup\u00e9s par la qualit\u00e9 de l\u2019huile. Alors, comment obtenir une huile comestible de haute qualit\u00e9 ?<\/p>    <p>L'utilisation de la technologie de filtration de l'huile peut am\u00e9liorer efficacement la qualit\u00e9 des huiles comestibles en \u00e9liminant les impuret\u00e9s et les ar\u00f4mes d\u00e9sagr\u00e9ables, ce qui donne des huiles plus claires et plus pures. Par cons\u00e9quent, notre machine de fabrication d\u2019huile d\u2019arachide est g\u00e9n\u00e9ralement \u00e9quip\u00e9e de tambours filtrants \u00e0 huile, ce qui peut bien aider les clients \u00e0 atteindre cet objectif.<\/p>    <figure class=\"wp-block-gallery has-nested-images columns-default is-cropped wp-block-gallery-3 is-layout-flex wp-block-gallery-is-layout-flex\"> <figure class=\"wp-block-image size-large\"><img loading=\"lazy\" decoding=\"async\" width=\"720\" height=\"540\" data-id=\"7109\" src=\"https:\/\/taizyagromachine.com\/wp-content\/uploads\/2022\/02\/new-groundnut-oil-making-machine-with-oil-filter.webp\" alt=\"Nouvelle machine de fabrication d&#039;huile d&#039;arachide avec filtre \u00e0 huile\" class=\"wp-image-7109\" srcset=\"https:\/\/taizyagromachine.com\/wp-content\/uploads\/2022\/02\/new-groundnut-oil-making-machine-with-oil-filter.webp 720w, https:\/\/taizyagromachine.com\/wp-content\/uploads\/2022\/02\/new-groundnut-oil-making-machine-with-oil-filter-16x12.webp 16w\" sizes=\"auto, (max-width: 720px) 100vw, 720px\" \/><figcaption class=\"wp-element-caption\">Nouvelle machine de fabrication d'huile d'arachide avec filtre \u00e0 huile<\/figcaption><\/figure>    <figure class=\"wp-block-image size-large\"><img loading=\"lazy\" decoding=\"async\" width=\"720\" height=\"540\" data-id=\"7110\" src=\"https:\/\/taizyagromachine.com\/wp-content\/uploads\/2022\/02\/oil-filtering-drum.webp\" alt=\"tambour de filtrage d&#039;huile\" class=\"wp-image-7110\" srcset=\"https:\/\/taizyagromachine.com\/wp-content\/uploads\/2022\/02\/oil-filtering-drum.webp 720w, https:\/\/taizyagromachine.com\/wp-content\/uploads\/2022\/02\/oil-filtering-drum-16x12.webp 16w\" sizes=\"auto, (max-width: 720px) 100vw, 720px\" \/><figcaption class=\"wp-element-caption\">tambour de filtrage d'huile<\/figcaption><\/figure> <\/figure>    <h2 class=\"wp-block-heading\" id=\"what-materials-is-suitable-for-peanut-oil-press-machine\"><strong>Mati\u00e8res premi\u00e8res adapt\u00e9es \u00e0 la machine de fabrication d'huile d'arachide<\/strong><\/h2>    <p>Cette machine industrielle de fabrication d\u2019huile d\u2019arachide convient pour\u00a0:<\/p>    <p class=\"translation-block\"><strong>Soja, arachide, coton, <a href=\"https:\/\/en.wikipedia.org\/wiki\/Rapeseed\" target=\"_blank\" rel=\"noopener\">colza<\/a>, graine de tournesol, graine de poivre<\/strong>, etc.<\/p>    <p>Nous l\u2019appelons donc \u00e9galement machine de fabrication d\u2019huile de tournesol, presse \u00e0 huile de coton. Pour plus de d\u00e9tails, veuillez nous contacter pour consultation.<\/p>   <div class=\"wp-block-image\"> <figure class=\"aligncenter size-full\"><img loading=\"lazy\" decoding=\"async\" width=\"720\" height=\"540\" src=\"https:\/\/taizyagromachine.com\/wp-content\/uploads\/2022\/02\/application-of-screw-groudnut-oil-extraction.jpg\" alt=\"application-de-l&#039;extraction-d&#039;huile-d&#039;arachide-\u00e0-vis\" class=\"wp-image-2135\" srcset=\"https:\/\/taizyagromachine.com\/wp-content\/uploads\/2022\/02\/application-of-screw-groudnut-oil-extraction.jpg 720w, https:\/\/taizyagromachine.com\/wp-content\/uploads\/2022\/02\/application-of-screw-groudnut-oil-extraction-300x225.jpg 300w\" sizes=\"auto, (max-width: 720px) 100vw, 720px\" \/><figcaption class=\"wp-element-caption\">application de l'extraction de l'huile d'arachide \u00e0 vis<\/figcaption><\/figure> <\/div>   <p>En raison de la teneur en huile diff\u00e9rente des vari\u00e9t\u00e9s d'huile, ainsi que de la diff\u00e9rence dans la technologie de fonctionnement et le pr\u00e9traitement de l'huile, les donn\u00e9es du tableau ci-dessous sont donn\u00e9es \u00e0 titre de r\u00e9f\u00e9rence.<\/p>    <figure class=\"wp-block-table is-style-stripes\"><table><tbody><tr><td>Mati\u00e8res premi\u00e8res<\/td><td>Taux d'extraction de p\u00e9trole<\/td><td>Taux d\u2019huile r\u00e9siduelle dans les tourteaux<\/td><\/tr><tr><td>S\u00e9same<\/td><td>45-55%<\/td><td>\u22646%<\/td><\/tr><tr><td>Arachide<\/td><td>43-54%<\/td><td>\u22647%<\/td><\/tr><tr><td>colza<\/td><td>32-44%<\/td><td>\u22647%<\/td><\/tr><tr><td>Tournesol<\/td><td>32-43%<\/td><td>\u22647%<\/td><\/tr><tr><td>Soja<\/td><td>12-18%<\/td><td>\u22646%<\/td><\/tr><\/tbody><\/table><figcaption class=\"wp-element-caption\">tableau des taux de rendement en huile<\/figcaption><\/figure>   <div class=\"wp-block-image\"> <figure class=\"aligncenter size-large\"><img loading=\"lazy\" decoding=\"async\" width=\"803\" height=\"450\" src=\"https:\/\/taizyagromachine.com\/wp-content\/uploads\/2022\/02\/high-quality-edible-oil.webp\" alt=\"huile comestible de haute qualit\u00e9\" class=\"wp-image-7115\" srcset=\"https:\/\/taizyagromachine.com\/wp-content\/uploads\/2022\/02\/high-quality-edible-oil.webp 803w, https:\/\/taizyagromachine.com\/wp-content\/uploads\/2022\/02\/high-quality-edible-oil-18x10.webp 18w\" sizes=\"auto, (max-width: 803px) 100vw, 803px\" \/><figcaption class=\"wp-element-caption\">huile comestible de haute qualit\u00e9<\/figcaption><\/figure> <\/div>   <h2 class=\"wp-block-heading\"><strong>\u00c9quipement assorti pour la machine de fabrication d'huile d'arachide<\/strong><\/h2>    <p class=\"translation-block\"><strong>Presse \u00e0 huile d'arachide avec torr\u00e9facteur<\/strong><\/p>    <p>Cette machine de fabrication d'huile d'arachide adopte un pressage \u00e0 chaud pour les arachides, de sorte que la machine \u00e0 r\u00f4tir est appliqu\u00e9e avant d'arriver \u00e0 l'expulseur.<\/p>    <figure class=\"wp-block-gallery aligncenter has-nested-images columns-default is-cropped wp-block-gallery-4 is-layout-flex wp-block-gallery-is-layout-flex\"> <figure class=\"wp-block-image size-full\"><img loading=\"lazy\" decoding=\"async\" width=\"720\" height=\"540\" data-id=\"2097\" src=\"https:\/\/taizyagromachine.com\/wp-content\/uploads\/2022\/02\/peanut-oil-extraction-with-the-roaster-machine.jpg\" alt=\"extraction de l&#039;huile avec la machine \u00e0 r\u00f4tir\" class=\"wp-image-2097\" srcset=\"https:\/\/taizyagromachine.com\/wp-content\/uploads\/2022\/02\/peanut-oil-extraction-with-the-roaster-machine.jpg 720w, https:\/\/taizyagromachine.com\/wp-content\/uploads\/2022\/02\/peanut-oil-extraction-with-the-roaster-machine-300x225.jpg 300w\" sizes=\"auto, (max-width: 720px) 100vw, 720px\" \/><figcaption class=\"wp-element-caption\"> extraction de l'huile avec la machine \u00e0 r\u00f4tir<\/figcaption><\/figure>    <figure class=\"wp-block-image size-full\"><img loading=\"lazy\" decoding=\"async\" width=\"720\" height=\"540\" data-id=\"7118\" src=\"https:\/\/taizyagromachine.com\/wp-content\/uploads\/2022\/02\/roaster-machine.webp\" alt=\"r\u00f4tissoire\" class=\"wp-image-7118\" srcset=\"https:\/\/taizyagromachine.com\/wp-content\/uploads\/2022\/02\/roaster-machine.webp 720w, https:\/\/taizyagromachine.com\/wp-content\/uploads\/2022\/02\/roaster-machine-16x12.webp 16w\" sizes=\"auto, (max-width: 720px) 100vw, 720px\" \/><figcaption class=\"wp-element-caption\">r\u00f4tissoire<\/figcaption><\/figure> <\/figure>    <p>Si vous souhaitez en savoir plus sur ce type de presse \u00e0 huile, contactez-nous \u00e0 tout moment ! Nous vous fournirons la solution la plus adapt\u00e9e au b\u00e9n\u00e9fice de votre activit\u00e9 p\u00e9troli\u00e8re\u00a0!<\/p>","protected":false},"excerpt":{"rendered":"<p>La machine de fabrication d'huile d'arachide Taizy est sp\u00e9cialis\u00e9e dans l'extraction de l'huile et de la graisse des arachides par compression \u00e0 vis avec pressage \u00e0 chaud. Son rendement est de 40 \u00e0 600 kg\/h.<\/p>","protected":false},"author":1,"featured_media":2156,"parent":0,"template":"","tags":[163,166,158,159,161,157,165,167,162,164],"product-type":[21],"class_list":["post-2092","product","type-product","status-publish","has-post-thumbnail","hentry","tag-groundnut-oil-making-machine","tag-groundnut-oil-rxtraction","tag-oil-expeller","tag-oil-extraction-machine","tag-oil-press","tag-oil-press-machine","tag-oil-pressing-machine","tag-peanut-oil-extraction","tag-peanut-oil-making-machine","tag-sunflower-oil-making-machine","product-type-peanut-machine"],"_links":{"self":[{"href":"https:\/\/taizyagromachine.com\/fr\/wp-json\/wp\/v2\/product\/2092","targetHints":{"allow":["GET"]}}],"collection":[{"href":"https:\/\/taizyagromachine.com\/fr\/wp-json\/wp\/v2\/product"}],"about":[{"href":"https:\/\/taizyagromachine.com\/fr\/wp-json\/wp\/v2\/types\/product"}],"author":[{"embeddable":true,"href":"https:\/\/taizyagromachine.com\/fr\/wp-json\/wp\/v2\/users\/1"}],"wp:featuredmedia":[{"embeddable":true,"href":"https:\/\/taizyagromachine.com\/fr\/wp-json\/wp\/v2\/media\/2156"}],"wp:attachment":[{"href":"https:\/\/taizyagromachine.com\/fr\/wp-json\/wp\/v2\/media?parent=2092"}],"wp:term":[{"taxonomy":"post_tag","embeddable":true,"href":"https:\/\/taizyagromachine.com\/fr\/wp-json\/wp\/v2\/tags?post=2092"},{"taxonomy":"product-type","embeddable":true,"href":"https:\/\/taizyagromachine.com\/fr\/wp-json\/wp\/v2\/product-type?post=2092"}],"curies":[{"name":"wp","href":"https:\/\/api.w.org\/{rel}","templated":true}]}}