{"id":2242,"date":"2022-03-18T08:12:32","date_gmt":"2022-03-18T08:12:32","guid":{"rendered":"https:\/\/taizyagromachine.com\/"},"modified":"2023-12-29T16:37:07","modified_gmt":"2023-12-29T08:37:07","slug":"wheat-thresher","status":"publish","type":"product","link":"https:\/\/taizyagromachine.com\/fr\/product\/wheat-thresher\/","title":{"rendered":"Batteuse de bl\u00e9 multifonctionnelle pour le riz paddy, le bl\u00e9, l'orge et le soja"},"content":{"rendered":"<p class=\"translation-block\">Le <strong>s\u00e9parateur de c\u00e9r\u00e9ales<\/strong> est principalement utilis\u00e9 pour threshing l\u2019orge, le bl\u00e9, le riz et d\u2019autres c\u00e9r\u00e9ales (comme le sorgho, le grain, le soja, etc.). Il a une capacit\u00e9 de 500-1200kg\/h et un taux de perte et de dommages \u22641,5%.<\/p>    <p>Cette batteuse pour le riz et le bl\u00e9 est principalement utilis\u00e9e pour r\u00e9aliser l'op\u00e9ration de battage des cultures, particuli\u00e8rement adapt\u00e9e au battage post-r\u00e9colte \u00e0 grande \u00e9chelle sur les terres agricoles. Ainsi, pour les usines de transformation de la farine ou les hommes d\u2019affaires d\u2019investissement, c\u2019est un bon choix pour r\u00e9aliser des b\u00e9n\u00e9fices.<\/p>    <p>Notre batteuse de riz et de bl\u00e9 a \u00e9t\u00e9 tr\u00e8s populaire dans de nombreux pays. Des pays comme le P\u00e9rou, le Nigeria, les \u00c9tats-Unis, la Sierra Leone, Oman, le Ghana, la Gambie, Trinit\u00e9 et Tobago. Alors, si vous \u00eates int\u00e9ress\u00e9, n'h\u00e9sitez pas \u00e0 me contacter \u00e0 tout moment !<\/p>    <figure class=\"wp-block-embed is-type-video is-provider-youtube wp-block-embed-youtube wp-embed-aspect-16-9 wp-has-aspect-ratio\"><div class=\"wp-block-embed__wrapper\"> <iframe loading=\"lazy\" title=\"Batteuse de bl\u00e9 pour riz paddy pour riz, bl\u00e9, sorgho, millet, haricots, colza #batteuse\" width=\"500\" height=\"281\" src=\"https:\/\/www.youtube.com\/embed\/VCyiJiKC3Fo?feature=oembed\" frameborder=\"0\" allow=\"accelerometer; autoplay; clipboard-write; encrypted-media; gyroscope; picture-in-picture; web-share\" referrerpolicy=\"strict-origin-when-cross-origin\" allowfullscreen><\/iframe> <\/div><figcaption class=\"wp-element-caption\">batteuse de riz et de bl\u00e9 pour diverses c\u00e9r\u00e9ales<\/figcaption><\/figure>    <h2 class=\"wp-block-heading\"><strong>Batteuse de bl\u00e9 disponible \u00e0 vendre<\/strong><\/h2>    <p>Les fonctions de notre batteuse de bl\u00e9 sont\u00a0:<\/p>    <ul class=\"wp-block-list\"> <li><strong>Battage<\/strong>: S\u00e9parez les grains de la paille des \u00e9pis de riz et de bl\u00e9 par des moyens m\u00e9caniques.<\/li>    <li><strong>Nettoyage<\/strong>: Nettoyage synchronis\u00e9 dans le processus de battage, \u00e9liminant les d\u00e9bris, les grains d\u00e9gonfl\u00e9s, les fragments de paille, etc., pour garantir la puret\u00e9 des graines.<\/li>    <li><strong>Anti-m\u00e9lange<\/strong>: avec de bonnes performances anti-m\u00e9lange, assurez-vous que les graines de diff\u00e9rentes vari\u00e9t\u00e9s ne se m\u00e9langent pas.<\/li> <\/ul>    <p>Il existe quatre mod\u00e8les de batteuses \u00e0 grains disponibles et les param\u00e8tres techniques sont r\u00e9pertori\u00e9s ci-dessous pour votre r\u00e9f\u00e9rence.<\/p>    <figure class=\"wp-block-table\"><table><tbody><tr><td>Mod\u00e8le<\/td><td>Hors dimension<\/td><td>Une puissance adapt\u00e9e<br>(<strong>moteur \u00e9lectrique<\/strong>)<\/td><td>Une puissance adapt\u00e9e<br><strong>(moteur diesel<\/strong>)<\/td><td>Poids total<\/td><td>Efficacit\u00e9 du travail<\/td><td>Vitesse de rotation des rouleaux<\/td><td>Vitesse de rotation du ventilateur<\/td><td>Fr\u00e9quence de&nbsp;<br>\u00e9cran vibrant<\/td><td>Taux de perte total<\/td><td>Taux de d\u00e9g\u00e2ts total<\/td><\/tr><tr><td>5TD-50<\/td><td>1400\u00d7900\u00d71050mm<\/td><td>2,2-3 kW<\/td><td>6-8 CV<\/td><td>150 kg<\/td><td>500-800kg\/heure<\/td><td>1400 tr\/min<\/td><td>2500 tr\/min<\/td><td>580 fois\/min<\/td><td>\u22643,0%<\/td><td>\u22641,5%<\/td><\/tr><tr><td>5TD-75<\/td><td>1070\u00d72060\u00d71340mm<\/td><td>7,5 kW<\/td><td>12-15 CV<\/td><td>260 kg<\/td><td>700-1000kg\/heure<\/td><td>1200 tr\/min<\/td><td>2400 tr\/min<\/td><td>320 fois\/min<\/td><td>\u22643,0%<\/td><td>\u22641,5%<\/td><\/tr><tr><td>5TD-90<\/td><td>2300\u00d72000\u00d71500mm<\/td><td>7,5-11 kW<\/td><td>18-20 CV<\/td><td>420 kg<\/td><td>1000-1500kg\/heure<\/td><td>1060 tr\/min<\/td><td>2500 tr\/min<\/td><td>320 fois\/min<\/td><td>\u22641,5%<\/td><td>\u22641,5%<\/td><\/tr><tr><td>5TD-125<\/td><td>2400\u00d72490\u00d71530mm<\/td><td>11-13 kW<\/td><td>24-25 CV<\/td><td>450 kg<\/td><td>1500-2000kg\/heure<\/td><td>1000 tr\/min<\/td><td>2500 tr\/min<\/td><td>&nbsp;240 fois\/min<\/td><td>\u22641,5%<\/td><td>\u22641,5%<\/td><\/tr><\/tbody><\/table><figcaption class=\"wp-element-caption\">4 types de param\u00e8tres de batteuse de riz de bl\u00e9<\/figcaption><\/figure>    <figure class=\"wp-block-gallery aligncenter has-nested-images columns-2 is-cropped wp-block-gallery-2 is-layout-flex wp-block-gallery-is-layout-flex\"> <figure class=\"wp-block-image size-full\"><img loading=\"lazy\" decoding=\"async\" width=\"720\" height=\"540\" data-id=\"2254\" src=\"https:\/\/taizyagromachine.com\/wp-content\/uploads\/2022\/03\/soybean-thresher-5TD-50.jpg\" alt=\"batteuse-de-soja-5TD-50\" class=\"wp-image-2254\" srcset=\"https:\/\/taizyagromachine.com\/wp-content\/uploads\/2022\/03\/soybean-thresher-5TD-50.jpg 720w, https:\/\/taizyagromachine.com\/wp-content\/uploads\/2022\/03\/soybean-thresher-5TD-50-300x225.jpg 300w\" sizes=\"auto, (max-width: 720px) 100vw, 720px\" \/><figcaption class=\"wp-element-caption\">batteuse de soja-5TD-50<\/figcaption><\/figure>    <figure class=\"wp-block-image size-large\"><img loading=\"lazy\" decoding=\"async\" width=\"720\" height=\"540\" data-id=\"2255\" src=\"https:\/\/taizyagromachine.com\/wp-content\/uploads\/2022\/03\/sorghum-thresher-5TD-75.jpg\" alt=\"batteuse-de-sorgho-5TD-75\" class=\"wp-image-2255\" srcset=\"https:\/\/taizyagromachine.com\/wp-content\/uploads\/2022\/03\/sorghum-thresher-5TD-75.jpg 720w, https:\/\/taizyagromachine.com\/wp-content\/uploads\/2022\/03\/sorghum-thresher-5TD-75-300x225.jpg 300w\" sizes=\"auto, (max-width: 720px) 100vw, 720px\" \/><figcaption class=\"wp-element-caption\">batteuse de sorgho-5TD-75<\/figcaption><\/figure>    <figure class=\"wp-block-image size-full\"><img loading=\"lazy\" decoding=\"async\" width=\"720\" height=\"540\" data-id=\"2257\" src=\"https:\/\/taizyagromachine.com\/wp-content\/uploads\/2022\/03\/rice-thresher-5TD-90.jpg\" alt=\"batteuse-riz-5TD-90\" class=\"wp-image-2257\" srcset=\"https:\/\/taizyagromachine.com\/wp-content\/uploads\/2022\/03\/rice-thresher-5TD-90.jpg 720w, https:\/\/taizyagromachine.com\/wp-content\/uploads\/2022\/03\/rice-thresher-5TD-90-300x225.jpg 300w\" sizes=\"auto, (max-width: 720px) 100vw, 720px\" \/><figcaption class=\"wp-element-caption\">batteuse de riz-5TD-90<\/figcaption><\/figure>    <figure class=\"wp-block-image size-large\"><img loading=\"lazy\" decoding=\"async\" width=\"720\" height=\"540\" data-id=\"2258\" src=\"https:\/\/taizyagromachine.com\/wp-content\/uploads\/2022\/03\/wehat-thresher-5TD-125.jpg\" alt=\"batteuse-wehat-5TD-125\" class=\"wp-image-2258\" srcset=\"https:\/\/taizyagromachine.com\/wp-content\/uploads\/2022\/03\/wehat-thresher-5TD-125.jpg 720w, https:\/\/taizyagromachine.com\/wp-content\/uploads\/2022\/03\/wehat-thresher-5TD-125-300x225.jpg 300w\" sizes=\"auto, (max-width: 720px) 100vw, 720px\" \/><figcaption class=\"wp-element-caption\">batteuse de bl\u00e9-5TD-125<\/figcaption><\/figure> <\/figure>    <h2 class=\"wp-block-heading\" id=\"h-what-materials-are-threshed-by-soybean-thresher\"><strong>Quels mat\u00e9riaux sont battus par la batteuse de soja\u00a0?<\/strong><\/h2>    <p>Le riz et la farine sont tr\u00e8s courants dans la vie quotidienne. Ils sont tr\u00e8s fr\u00e9quemment consomm\u00e9s dans la vie quotidienne et dans la famille de chacun. Ainsi, la batteuse est n\u00e9cessaire pour battre le bl\u00e9 et le riz paddy.<\/p>    <p>En outre, le sorgho et le soja peuvent \u00eatre d\u00e9cortiqu\u00e9s. Ils sont riches en nutriments pour la sant\u00e9 humaine. Le soja et le sorgho ont pour fonction de favoriser la digestion, de r\u00e9duire la glyc\u00e9mie et les lipides, de blanchir les soins de la peau et de renforcer l'immunit\u00e9. <\/p>    <figure class=\"wp-block-gallery has-nested-images columns-default is-cropped wp-block-gallery-3 is-layout-flex wp-block-gallery-is-layout-flex\"> <figure class=\"wp-block-image size-full\"><img loading=\"lazy\" decoding=\"async\" width=\"540\" height=\"720\" data-id=\"2261\" src=\"https:\/\/taizyagromachine.com\/wp-content\/uploads\/2022\/03\/applicable-materials.jpg\" alt=\"mat\u00e9riaux-applicables\" class=\"wp-image-2261\" srcset=\"https:\/\/taizyagromachine.com\/wp-content\/uploads\/2022\/03\/applicable-materials.jpg 540w, https:\/\/taizyagromachine.com\/wp-content\/uploads\/2022\/03\/applicable-materials-225x300.jpg 225w\" sizes=\"auto, (max-width: 540px) 100vw, 540px\" \/><figcaption class=\"wp-element-caption\">mat\u00e9riaux applicables<\/figcaption><\/figure>    <figure class=\"wp-block-image size-full\"><img loading=\"lazy\" decoding=\"async\" width=\"540\" height=\"720\" data-id=\"2260\" src=\"https:\/\/taizyagromachine.com\/wp-content\/uploads\/2022\/03\/threshed-materials.jpg\" alt=\"mat\u00e9riaux-batt\u00e9s\" class=\"wp-image-2260\" srcset=\"https:\/\/taizyagromachine.com\/wp-content\/uploads\/2022\/03\/threshed-materials.jpg 540w, https:\/\/taizyagromachine.com\/wp-content\/uploads\/2022\/03\/threshed-materials-225x300.jpg 225w\" sizes=\"auto, (max-width: 540px) 100vw, 540px\" \/><figcaption class=\"wp-element-caption\">mat\u00e9riaux battus<\/figcaption><\/figure> <\/figure>    <h2 class=\"wp-block-heading\" id=\"h-advantages-of-sorghum-thresher\"><strong>Avantages de la structure de la batteuse \u00e0 grains pour le bl\u00e9 et le riz<\/strong><\/h2>    <ul class=\"wp-block-list\"> <li><strong>Forte praticit\u00e9<\/strong>. Diff\u00e9rentes cultures utilisent diff\u00e9rents cribles et de nombreux grains peuvent \u00eatre battus.<\/li>    <li><strong>Grandes roues et supports<\/strong>. Cette batteuse est facile \u00e0 d\u00e9placer et sa construction est tr\u00e8s appr\u00e9ci\u00e9e des clients africains.<\/li>    <li><strong>Syst\u00e8me du pouvoir<\/strong>. Elle peut \u00eatre \u00e9quip\u00e9e d'un moteur diesel et d'un moteur, et la batteuse de riz 5TD-50 peut \u00e9galement utiliser un moteur \u00e0 essence, ce qui r\u00e9sout le probl\u00e8me de puissance insuffisante.<\/li>    <li><strong>Service personnalis\u00e9<\/strong>. Pour cette petite batteuse de bl\u00e9, diff\u00e9rents mod\u00e8les que nous proposons s'adressent aux machines en fonction de vos besoins pour r\u00e9pondre \u00e0 vos besoins.<\/li> <\/ul>    <h2 class=\"wp-block-heading\"><strong>Projecteurs de batteuse de paddy<\/strong><\/h2>    <ul class=\"wp-block-list\"> <li><strong>Haute efficacit\u00e9 et stabilit\u00e9<\/strong>: Cette batteuse multiculture de paddy\u00a0peut effectuer la t\u00e2che de battage rapidement et efficacement, et elle a une forte adaptabilit\u00e9 \u00e0 l'\u00e9tat sec et humide des cultures, maintenant un effet de battage stable.<\/li>    <li><strong>Faible taux de perte<\/strong>: Moins de perte de grains pendant le battage, am\u00e9liore l'efficacit\u00e9 de la r\u00e9colte et les avantages \u00e9conomiques.<\/li>    <li><strong>Fonctionnement pratique<\/strong>: Structure simple, facile \u00e0 utiliser, une partie du mod\u00e8le peut \u00eatre appliqu\u00e9e \u00e0 diff\u00e9rents types de battage de grains en rempla\u00e7ant le tamis.<\/li>    <li><strong>Large gamme d'applications<\/strong>: Non seulement pour le riz et le bl\u00e9, mais peut \u00e9galement \u00eatre appliqu\u00e9 \u00e0 une vari\u00e9t\u00e9 de travaux de battage de c\u00e9r\u00e9ales.<\/li>    <li><strong>Forte flexibilit\u00e9<\/strong>: Pour une petite batteuse \u00e9lectrique de laboratoire, elle peut \u00eatre utilis\u00e9e pour un seul pic \u00e0 un certain nombre d'\u00e9chantillons de pics pour un traitement de battage fin.<\/li>    <li><strong>Bonne durabilit\u00e9<\/strong>: le corps de la batteuse de riz paddy est fait de mat\u00e9riaux r\u00e9sistants \u00e0 la corrosion, durables et capables de r\u00e9pondre aux besoins des activit\u00e9s agricoles \u00e0 long terme.<\/li> <\/ul>    <h2 class=\"wp-block-heading\" id=\"h-wheat-thresher-machine-benefits-and-price-analysis\"><strong>Avantages de la batteuse de bl\u00e9 et analyse des prix<\/strong><\/h2>    <p class=\"translation-block\"><strong>Analyse des avantages du batteur de bl\u00e9 \u00e0 vendre<\/strong><\/p>    <p class=\"translation-block\">Il y a une grande population dans le monde, et presque tous d\u00e9pendent du riz et de la farine, que ce soit dans l\u2019alimentation occidentale ou chinoise. Donc globalement, le march\u00e9 du riz et de la farine est tr\u00e8s vaste. Le batteur de bl\u00e9 peut battre une vari\u00e9t\u00e9 de c\u00e9r\u00e9ales, ce qui montre qu\u2019il est tr\u00e8s pratique. Prenez le battage du riz comme exemple, apr\u00e8s utilisation du batteur \u00e0 riz, vous pouvez obtenir du riz paddy, puis vous pouvez utiliser la <a href=\"https:\/\/taizyagromachine.com\/fr\/product\/rice-mill\/\" target=\"_blank\" rel=\"noreferrer noopener\">usine de moulin \u00e0 riz<\/a>, et enfin obtenir du riz comestible. <\/p>    <p>Aussi, cette batteuse pour bl\u00e9 et riz, mil, sorgho, haricots est fabriqu\u00e9e avec de grandes roues et plateaux. Ce type de batteuse est tr\u00e8s populaire en Afrique. <\/p>    <p class=\"translation-block\"><strong>Analyse du prix du batteur de bl\u00e9<\/strong><\/p>    <p>Nous avons quatre mod\u00e8les disponibles. Et chaque mod\u00e8le a la capacit\u00e9 correspondante, la puissance correspondante, etc. De plus, le prix de la batteuse de paddy est influenc\u00e9 par le co\u00fbt du temps, le co\u00fbt de la main-d'\u0153uvre, la production, etc. Vous pouvez nous envoyer vos demandes d\u00e9taill\u00e9es, nous pouvons vous offrir des conseils professionnels sur la batteuse de paddy pour votre r\u00e9f\u00e9rence.<\/p>    <h2 class=\"wp-block-heading\" id=\"h-how-to-choose-proper-place-to-put-wheat-thresher\"><strong>Comment choisir le bon endroit pour installer la batteuse de bl\u00e9\u00a0?<\/strong><\/h2>    <ol class=\"wp-block-list\"> <li>D\u00e9terminez un sol durci relativement spacieux en fonction de la quantit\u00e9 de travail dont vous avez besoin pour s\u00e9cher.<\/li>    <li>La distance doit \u00eatre maintenue relativement sans obstacles.<\/li>    <li>Dans la mesure du possible, \u00e0 l'\u00e9cart des zones r\u00e9sidentielles, il ne doit pas se trouver sous la ligne de transport d'\u00e9lectricit\u00e9.<\/li>    <li>Des installations appropri\u00e9es de pr\u00e9vention des incendies doivent \u00eatre pr\u00e9vues, telles que des tas de sable et des r\u00e9servoirs d'eau remplis d'eau ou des extincteurs.<\/li>    <li>Lors d'un travail de nuit, il doit \u00eatre \u00e9quip\u00e9 d'un \u00e9clairage appropri\u00e9.<\/li>    <li>La direction de la sortie d\u2019\u00e9jection de l\u2019herbe doit \u00eatre aussi coh\u00e9rente que possible avec la direction du vent.<\/li>    <li>Lorsque le moteur est utilis\u00e9 comme source d'\u00e9nergie, l'\u00e9quipement et les lignes \u00e9lectriques utilis\u00e9s sur le site doivent \u00eatre conformes aux dispositions de la norme nationale sur l'\u00e9nergie \u00e9lectrique, et le couteau doit \u00eatre install\u00e9 dans un endroit o\u00f9 l'op\u00e9rateur peut atteindre imm\u00e9diatement, afin que la machine puisse \u00eatre arr\u00eat\u00e9 \u00e0 temps.<\/li>    <li>Lors de l'utilisation du moteur diesel comme source d'\u00e9nergie, l'utilisateur doit connecter la chemin\u00e9e au tuyau d'\u00e9chappement diesel et diriger le feu vers le sol pour r\u00e9pondre aux exigences d'absence de risque d'incendie.<\/li> <\/ol>    <h2 class=\"wp-block-heading\" id=\"h-maintennace-of-commercial-thresher\"><strong>Entretien de la batteuse de bl\u00e9 commerciale<\/strong><\/h2>    <ol class=\"wp-block-list\"> <li>Toutes les 40 heures de travail, v\u00e9rifiez les roulements des rouleaux et du ventilateur et ajoutez une quantit\u00e9 appropri\u00e9e de beurre.<\/li>    <li>\u00c0 la fin de chaque utilisation, la batteuse doit fonctionner \u00e0 vide pendant 5 minutes pour \u00e9liminer les aliments restants dans la machine.<\/li>    <li>A la fin des travaux, v\u00e9rifier l'\u00e9tat des pi\u00e8ces de la machine et effectuer la maintenance.<\/li> <\/ol>    <h2 class=\"wp-block-heading\" id=\"h-successful-case-rice-wheat-thresher-exported-to-pakistan\"><strong>Cas r\u00e9ussi\u00a0: une batteuse de riz et de bl\u00e9 export\u00e9e au Pakistan<\/strong><\/h2>    <p>En janvier de cette ann\u00e9e, notre responsable commerciale Coco a re\u00e7u une demande du Pakistan. Ce client pakistanais a demand\u00e9 une batteuse. Apr\u00e8s avoir appris qu'il souhaitait battre le sorgho, Coco lui a recommand\u00e9 cette batteuse. Coco lui a \u00e9galement envoy\u00e9 des vid\u00e9os et des photos de travail. <\/p>    <p>Par rapport au prix de la batteuse de bl\u00e9 au Pakistan, les clients pakistanais d\u00e9cident d'acheter chez nous. Les deux parties ont confirm\u00e9 les d\u00e9tails de la machine un par un, puis ont sign\u00e9 le contrat. Et la machine a \u00e9t\u00e9 exp\u00e9di\u00e9e avec succ\u00e8s au Pakistan en mars de cette ann\u00e9e.<\/p>   <div class=\"wp-block-image\"> <figure class=\"aligncenter size-full\"><img loading=\"lazy\" decoding=\"async\" width=\"720\" height=\"540\" src=\"https:\/\/taizyagromachine.com\/wp-content\/uploads\/2022\/03\/package-wheat-thresher-machine.jpg\" alt=\"batteuse-de-bl\u00e9-emballage\" class=\"wp-image-2263\" srcset=\"https:\/\/taizyagromachine.com\/wp-content\/uploads\/2022\/03\/package-wheat-thresher-machine.jpg 720w, https:\/\/taizyagromachine.com\/wp-content\/uploads\/2022\/03\/package-wheat-thresher-machine-300x225.jpg 300w\" sizes=\"auto, (max-width: 720px) 100vw, 720px\" \/><figcaption class=\"wp-element-caption\">batteuse de bl\u00e9 en paquet<\/figcaption><\/figure> <\/div>   <h2 class=\"wp-block-heading\"><strong>Commentaires des clients sur la batteuse pour le riz et le bl\u00e9<\/strong><\/h2>    <p class=\"translation-block\"><strong>Retour sur le batteur de bl\u00e9 par des clients africains<\/strong><\/p>    <p>Apr\u00e8s avoir utilis\u00e9 la batteuse pour le bl\u00e9, les utilisateurs africains ont partag\u00e9 leur exp\u00e9rience pratique \u00e0 travers des vid\u00e9os. Ils ont lou\u00e9 la machine \u00e0 riz paddy pour sa haute efficacit\u00e9 et sa durabilit\u00e9, ses excellentes performances dans des conditions m\u00e9t\u00e9orologiques changeantes, am\u00e9liorant consid\u00e9rablement l'efficacit\u00e9 de la r\u00e9colte des terres agricoles locales, r\u00e9duisant consid\u00e9rablement l'intensit\u00e9 de travail des agriculteurs et \u00e9tant bien accueillie par la majorit\u00e9 des agriculteurs.<\/p>    <figure class=\"wp-block-embed is-type-video is-provider-youtube wp-block-embed-youtube wp-embed-aspect-16-9 wp-has-aspect-ratio\"><div class=\"wp-block-embed__wrapper\"> <iframe loading=\"lazy\" title=\"Batteuse de riz et de bl\u00e9 \u00e0 haute efficacit\u00e9\u00a0: battage de millet africain, de riz, de bl\u00e9 et de colza\" width=\"500\" height=\"281\" src=\"https:\/\/www.youtube.com\/embed\/cN2OVH9_M58?feature=oembed\" frameborder=\"0\" allow=\"accelerometer; autoplay; clipboard-write; encrypted-media; gyroscope; picture-in-picture; web-share\" referrerpolicy=\"strict-origin-when-cross-origin\" allowfullscreen><\/iframe> <\/div><figcaption class=\"wp-element-caption\">Commentaires sur une batteuse de bl\u00e9 paddy en provenance d'Afrique<\/figcaption><\/figure>    <p class=\"translation-block\"><strong>Retour sur le batteur de bl\u00e9 au Ghana<\/strong><\/p>    <p>Des clients du Ghana ont montr\u00e9 l'effet r\u00e9el de l'application de la batteuse de bl\u00e9 sur le march\u00e9 local gr\u00e2ce \u00e0 un retour vid\u00e9o. Ils ont fait l\u2019\u00e9loge des excellentes performances de battage, de la facilit\u00e9 d\u2019utilisation et de la bonne adaptabilit\u00e9 de l\u2019\u00e9quipement, et ont estim\u00e9 qu\u2019il r\u00e9solvait efficacement le probl\u00e8me de la r\u00e9colte du riz et du bl\u00e9 au Ghana, am\u00e9liorait consid\u00e9rablement la productivit\u00e9 agricole et attendaient avec impatience une coop\u00e9ration et une promotion plus pouss\u00e9es.<\/p>    <figure class=\"wp-block-embed is-type-video is-provider-youtube wp-block-embed-youtube wp-embed-aspect-16-9 wp-has-aspect-ratio\"><div class=\"wp-block-embed__wrapper\"> <iframe loading=\"lazy\" title=\"Excellent effet de battage de la batteuse de bl\u00e9 Commentaires du Ghana\u00a0: batteuse pour le riz, le bl\u00e9 et le ma\u00efs\" width=\"500\" height=\"281\" src=\"https:\/\/www.youtube.com\/embed\/tgtGHWs_AUM?feature=oembed\" frameborder=\"0\" allow=\"accelerometer; autoplay; clipboard-write; encrypted-media; gyroscope; picture-in-picture; web-share\" referrerpolicy=\"strict-origin-when-cross-origin\" allowfullscreen><\/iframe> <\/div><figcaption class=\"wp-element-caption\">Retour d\u2019exp\u00e9rience d\u2019une batteuse de bl\u00e9 du Ghana<\/figcaption><\/figure>    <h2 class=\"wp-block-heading\"><strong>Commencez votre battage de c\u00e9r\u00e9ales maintenant\u00a0!<\/strong><\/h2>    <p class=\"translation-block\">Vous souhaitez d\u00e9marrer facilement avec <a href=\"https:\/\/en.wikipedia.org\/wiki\/Grain\" target=\"_blank\" rel=\"noopener\">grain<\/a> battage ? Pour obtenir le meilleur prix pour la machine de battage du riz et du bl\u00e9, contactez-nous maintenant. Nous pouvons proposer la meilleure solution pour vous aider \u00e0 atteindre facilement la m\u00e9canisation des r\u00e9coltes de c\u00e9r\u00e9ales.<\/p>","protected":false},"excerpt":{"rendered":"<p>La batteuse de bl\u00e9 est destin\u00e9e au battage de l'orge, du bl\u00e9, du riz, du sorgho, des c\u00e9r\u00e9ales, du soja et du mil. Nous indiquons les types de batteuse \u00e0 grains, les avantages, les commentaires des clients, etc. Si vous souhaitez cette machine, contactez-nous \u00e0 temps.<\/p>","protected":false},"author":1,"featured_media":2265,"parent":0,"template":"","tags":[205,204],"product-type":[20],"class_list":["post-2242","product","type-product","status-publish","has-post-thumbnail","hentry","tag-rice-wheat-thresher","tag-wheat-thresher","product-type-rice-and-wheat-machine"],"_links":{"self":[{"href":"https:\/\/taizyagromachine.com\/fr\/wp-json\/wp\/v2\/product\/2242","targetHints":{"allow":["GET"]}}],"collection":[{"href":"https:\/\/taizyagromachine.com\/fr\/wp-json\/wp\/v2\/product"}],"about":[{"href":"https:\/\/taizyagromachine.com\/fr\/wp-json\/wp\/v2\/types\/product"}],"author":[{"embeddable":true,"href":"https:\/\/taizyagromachine.com\/fr\/wp-json\/wp\/v2\/users\/1"}],"wp:featuredmedia":[{"embeddable":true,"href":"https:\/\/taizyagromachine.com\/fr\/wp-json\/wp\/v2\/media\/2265"}],"wp:attachment":[{"href":"https:\/\/taizyagromachine.com\/fr\/wp-json\/wp\/v2\/media?parent=2242"}],"wp:term":[{"taxonomy":"post_tag","embeddable":true,"href":"https:\/\/taizyagromachine.com\/fr\/wp-json\/wp\/v2\/tags?post=2242"},{"taxonomy":"product-type","embeddable":true,"href":"https:\/\/taizyagromachine.com\/fr\/wp-json\/wp\/v2\/product-type?post=2242"}],"curies":[{"name":"wp","href":"https:\/\/api.w.org\/{rel}","templated":true}]}}