{"id":2280,"date":"2022-03-24T07:51:15","date_gmt":"2022-03-24T07:51:15","guid":{"rendered":"https:\/\/taizyagromachine.com\/?post_type=product&#038;p=2280"},"modified":"2024-10-16T13:46:28","modified_gmt":"2024-10-16T05:46:28","slug":"fish-feed-extruder","status":"publish","type":"product","link":"https:\/\/taizyagromachine.com\/fr\/product\/fish-feed-extruder\/","title":{"rendered":"Machine flottante d'extrudeuse d'aliments pour poissons pour aquarium"},"content":{"rendered":"<p class=\"translation-block\">Notre <strong>extrudeuse d'aliments pour poissons<\/strong>, \u00e9galement appel\u00e9e machine \u00e0 granul\u00e9s flottants pour poissons, peut produire des granul\u00e9s d'aliments pour poissons en chauffant et en extrudant avec une proportion appropri\u00e9e de diverses sortes de farine de ma\u00efs, de farine de poisson, de farine et d'autres m\u00e9langes. Cette machine de fabrication de granul\u00e9s d'aliments pour poissons peut non seulement produire des aliments pour les aquatiques comme les poissons, mais aussi des aliments pour animaux de compagnie comme les chiens et les chats. <\/p>    <p>De plus, cette machine de granulation d'aliments pour poissons peut utiliser un moteur \u00e9lectrique ou un moteur diesel pour produire des mat\u00e9riaux flottants et coulants, il suffit de remplacer le manchon \u00e0 vis. Il a une capacit\u00e9 de 40 \u00e0 450 kg par heure. La taille des granul\u00e9s alimentaires varie de 1 \u00e0 13 mm, et nous pouvons personnaliser la taille et la forme pour vous.<\/p>    <p>Notre machine \u00e0 granul\u00e9s d'aliments pour poissons se vend bien au pays et \u00e0 l'\u00e9tranger, comme au P\u00e9rou, au Ghana, au Niger, en Angola, en Malaisie, en Belgique, etc. Si vous souhaitez produire des granul\u00e9s d'aliments pour poissons, n'h\u00e9sitez pas \u00e0 nous contacter \u00e0 tout moment.<\/p>    <figure class=\"wp-block-embed is-type-video is-provider-youtube wp-block-embed-youtube wp-embed-aspect-16-9 wp-has-aspect-ratio\"><div class=\"wp-block-embed__wrapper\"> <iframe loading=\"lazy\" title=\"Machine de fabrication de granul\u00e9s d&#039;aliments pour poissons pour une production efficace de granul\u00e9s d&#039;aliments pour poissons flottants\ud83d\udc1f\ud83c\udf1f#fishfeedmachine\" width=\"500\" height=\"281\" src=\"https:\/\/www.youtube.com\/embed\/rAkP9XOblyA?feature=oembed\" frameborder=\"0\" allow=\"accelerometer; autoplay; clipboard-write; encrypted-media; gyroscope; picture-in-picture; web-share\" referrerpolicy=\"strict-origin-when-cross-origin\" allowfullscreen><\/iframe> <\/div><figcaption class=\"wp-element-caption\">vid\u00e9o de travail de la machine flottante \u00e0 granul\u00e9s d'aliments pour poissons<\/figcaption><\/figure>    <h2 class=\"wp-block-heading\"><strong><strong>Quels sont les param\u00e8tres de la machine \u00e0 granul\u00e9s d\u2019aliments pour poissons\u00a0?<\/strong><\/strong><\/h2>    <p>Dans le tableau ci-dessous, vous pouvez trouver diff\u00e9rents types. Lorsque vous avez besoin de cette extrudeuse d'aliments pour poissons, veuillez nous indiquer vos besoins, la capacit\u00e9 de la machine, la configuration de la machine, la puissance de la machine, etc., notre directeur commercial vous fournira le plan le plus appropri\u00e9 avec des connaissances professionnelles.<\/p>    <figure class=\"wp-block-table\"><table><tbody><tr><td>Mod\u00e8le<\/td><td>Capacit\u00e9<\/td><td>Alimentation principale<\/td><td>Puissance de coupe<\/td><td>Alimentation \u00e9lectrique<\/td><td>Diam\u00e8tre de la vis<\/td><td>Taille<\/td><td>Poids<\/td><\/tr><tr><td>DGP-40<\/td><td>40-50kg\/heure<\/td><td>7,5 kW<\/td><td>0,4 kW<\/td><td>0,4 kW<\/td><td>40mm<\/td><td>1260*860*1250mm<\/td><td>290 kg<\/td><\/tr><tr><td>DGP-60<\/td><td>150kg\/h<\/td><td>15 kW<\/td><td>0,4 kW<\/td><td>0,4 kW<\/td><td>60mm<\/td><td>1450*950*1430mm<\/td><td>480 kg<\/td><\/tr><tr><td>DGP-70<\/td><td>180-250kg\/h<\/td><td>18,5 kW<\/td><td>0,4 kW<\/td><td>0,4 kW<\/td><td>70mm<\/td><td>1600*1400*1450mm<\/td><td>600 kg<\/td><\/tr><tr><td>DGP-80<\/td><td>300-350 kg\/heure<\/td><td>22 kW<\/td><td>0,4 kW<\/td><td>0,4 kW<\/td><td>80mm<\/td><td>1850*1470*1500mm<\/td><td>800 kg<\/td><\/tr><tr><td>DGP-100<\/td><td>400-450 kg\/heure<\/td><td>37 kW<\/td><td>1,1 kW<\/td><td>1,5 kW<\/td><td>100mm<\/td><td>2000*1600*1600mm<\/td><td>1500 kg<\/td><\/tr><\/tbody><\/table><figcaption class=\"wp-element-caption\">param\u00e8tres techniques de la machine flottante d'extrudeuse d'aliments pour poissons<\/figcaption><\/figure>    <h2 class=\"wp-block-heading\" id=\"h-floating-fish-feed-extruder-machine-for-sale\"><strong>Machine flottante d'extrudeuse d'aliments pour poissons \u00e0 vendre<\/strong><\/h2>    <p>En tant qu'entreprise professionnelle de machines agricoles, nous proposons \u00e0 la vente diverses machines flottantes pour la nourriture pour poissons. De mani\u00e8re g\u00e9n\u00e9rale, nous avons le PIB-40, le PIB-60, le PIB-70, le PIB-80, le PIB-100, le PIB-100. Si vous avez besoin d\u2019une plus grande capacit\u00e9, nous disposons d\u2019une ligne de production d\u2019aliments pour poissons. Bienvenue \u00e0 nous contacter pour plus de pr\u00e9cisions\u00a0!<\/p>    <figure class=\"wp-block-gallery aligncenter has-nested-images columns-default is-cropped wp-block-gallery-2 is-layout-flex wp-block-gallery-is-layout-flex\"> <figure class=\"wp-block-image size-full\"><img loading=\"lazy\" decoding=\"async\" width=\"720\" height=\"540\" data-id=\"3925\" src=\"https:\/\/taizyagromachine.com\/wp-content\/uploads\/2022\/11\/electric-motor-fish-feed-extruder-machine.webp\" alt=\"Machine-extrudeuse-d&#039;aliments-pour-poissons-\u00e0-moteur-\u00e9lectrique\" class=\"wp-image-3925\"\/><figcaption class=\"wp-element-caption\">Machine d'extrudeuse d'aliments pour poissons \u00e0 moteur \u00e9lectrique<\/figcaption><\/figure>    <figure class=\"wp-block-image size-full\"><img loading=\"lazy\" decoding=\"async\" width=\"720\" height=\"540\" data-id=\"3929\" src=\"https:\/\/taizyagromachine.com\/wp-content\/uploads\/2022\/11\/diesel-engine-fish-feed-extruder-machinel.webp\" alt=\"Extrudeuse d&#039;aliments pour poissons \u00e0 moteur diesel\" class=\"wp-image-3929\"\/><figcaption class=\"wp-element-caption\">Machine d'extrudeuse d'aliments pour poissons \u00e0 moteur diesel<\/figcaption><\/figure> <\/figure>    <h2 class=\"wp-block-heading\" id=\"h-progress-video-for-producing-floating-fish-feed\"><strong>Vid\u00e9o de progression pour la production d'aliments flottants pour poissons<\/strong><\/h2>    <p>Du m\u00e9lange des mati\u00e8res premi\u00e8res \u00e0 la production de l'aliment pour animaux, chaque \u00e9tape est d\u00e9crite tr\u00e8s clairement. Et \u00e0 la fin, une fois la production termin\u00e9e, la vid\u00e9o explique comment nettoyer la machine. Gr\u00e2ce \u00e0 cette vid\u00e9o, vous pourrez comprendre comment utiliser l'extrudeuse d'aliments pour poissons pour produire les granul\u00e9s alimentaires que vous souhaitez.<\/p>    <figure class=\"wp-block-embed aligncenter is-type-video is-provider-youtube wp-block-embed-youtube wp-embed-aspect-16-9 wp-has-aspect-ratio\"><div class=\"wp-block-embed__wrapper\"> <iframe loading=\"lazy\" title=\"aliments pour poissons faisant une machine \u00e0 granul\u00e9s flottants | machine \u00e0 granul\u00e9s d&#039;alimentation animale pour bovins, poisson-chat, ch\u00e8vre...\" width=\"500\" height=\"281\" src=\"https:\/\/www.youtube.com\/embed\/5P-SJe4C0-I?feature=oembed\" frameborder=\"0\" allow=\"accelerometer; autoplay; clipboard-write; encrypted-media; gyroscope; picture-in-picture; web-share\" referrerpolicy=\"strict-origin-when-cross-origin\" allowfullscreen><\/iframe> <\/div><figcaption class=\"wp-element-caption\">processus de production d'aliments pour poissons flottants<\/figcaption><\/figure>    <p>Apr\u00e8s avoir produit une certaine quantit\u00e9 de granul\u00e9s de nourriture pour poissons, la moisissure peut se boucher avec des ingr\u00e9dients. \u00c0 ce stade, vous devez nettoyer le moule de la machine de fabrication de granul\u00e9s d'aliments pour poissons, le processus de nettoyage exact est montr\u00e9 dans la vid\u00e9o\u00a0:<\/p>    <figure class=\"wp-block-embed is-type-video is-provider-youtube wp-block-embed-youtube wp-embed-aspect-16-9 wp-has-aspect-ratio\"><div class=\"wp-block-embed__wrapper\"> <iframe loading=\"lazy\" title=\"Nettoyage efficace des moisissures apr\u00e8s avoir utilis\u00e9 la machine \u00e0 granul\u00e9s d&#039;aliments pour poissons\u00a0! Machine flottante de granul\u00e9s d&#039;alimentation pour poissons\" width=\"500\" height=\"281\" src=\"https:\/\/www.youtube.com\/embed\/ulpNlVMb1d0?feature=oembed\" frameborder=\"0\" allow=\"accelerometer; autoplay; clipboard-write; encrypted-media; gyroscope; picture-in-picture; web-share\" referrerpolicy=\"strict-origin-when-cross-origin\" allowfullscreen><\/iframe> <\/div><figcaption class=\"wp-element-caption\">processus de nettoyage des moules d'alimentation pour poissons<\/figcaption><\/figure>    <h2 class=\"wp-block-heading\" id=\"h-what-are-the-parameters-of-the-fish-feed-machine\"><strong>Applications de l'extrudeuse d'aliments pour poissons<\/strong><\/h2>    <p>La machine \u00e0 granul\u00e9s d'aliments flottants pour poissons Taizy peut produire divers granul\u00e9s d'aliments, utilis\u00e9s dans divers domaines. Cette machine peut produire divers granul\u00e9s alimentaires pour animaux, des aliments aquatiques, des aliments pour animaux de compagnie, etc. Par exemple, toutes sortes de poissons, tortues, oiseaux, chiens et chats de compagnie, etc. Si vous \u00eates int\u00e9ress\u00e9, n'h\u00e9sitez pas \u00e0 nous contacter !<\/p>    <figure class=\"wp-block-gallery aligncenter has-nested-images columns-default is-cropped wp-block-gallery-3 is-layout-flex wp-block-gallery-is-layout-flex\"> <figure class=\"wp-block-image size-full\"><img loading=\"lazy\" decoding=\"async\" width=\"720\" height=\"540\" data-id=\"6258\" src=\"https:\/\/taizyagromachine.com\/wp-content\/uploads\/2023\/12\/applications-of-small-floating-fish-feed-machine.webp\" alt=\"applications de la petite machine flottante d&#039;alimentation pour poissons\" class=\"wp-image-6258\"\/><figcaption class=\"wp-element-caption\">applications de la petite machine flottante d'alimentation pour poissons<\/figcaption><\/figure>    <figure class=\"wp-block-image size-large\"><img loading=\"lazy\" decoding=\"async\" width=\"720\" height=\"450\" data-id=\"2303\" src=\"https:\/\/taizyagromachine.com\/wp-content\/uploads\/2022\/03\/wide-applications-fish-feed-extruder.jpg\" alt=\"extrudeuse d&#039;aliments pour poissons \u00e0 applications larges\" class=\"wp-image-2303\" srcset=\"https:\/\/taizyagromachine.com\/wp-content\/uploads\/2022\/03\/wide-applications-fish-feed-extruder.jpg 720w, https:\/\/taizyagromachine.com\/wp-content\/uploads\/2022\/03\/wide-applications-fish-feed-extruder-300x188.jpg 300w\" sizes=\"auto, (max-width: 720px) 100vw, 720px\" \/><figcaption class=\"wp-element-caption\">extrudeuse d'aliments pour poissons \u00e0 applications larges<\/figcaption><\/figure> <\/figure>    <h2 class=\"wp-block-heading\" id=\"h-fish-feed-extruder-design-and-parts\"><strong>Conception et pi\u00e8ces d'extrudeuse d'aliments pour poissons<\/strong><\/h2>    <p>Pour \u00eatre honn\u00eate, les machines de fabrication d\u2019aliments pour poissons comportent trois parties, respectivement l\u2019alimentateur, le dispositif d\u2019extrusion et le syst\u00e8me de contr\u00f4le \u00e9lectronique. <\/p>    <p>Parmi eux, le dispositif d'extrusion-gonflage est la partie centrale de l'extrudeuse. La combinaison correspondante est s\u00e9lectionn\u00e9e en fonction de diff\u00e9rentes utilisations. C'est-\u00e0-dire extruder diff\u00e9rents mat\u00e9riaux et diff\u00e9rentes m\u00e9thodes de d\u00e9charge.<\/p>    <p>Le syst\u00e8me de contr\u00f4le \u00e9lectronique est fix\u00e9 s\u00e9par\u00e9ment. Selon la puissance de l'h\u00f4te et la forme d'alimentation, la configuration est \u00e9galement diff\u00e9rente.<\/p>   <div class=\"wp-block-image\"> <figure class=\"aligncenter size-full\"><img loading=\"lazy\" decoding=\"async\" width=\"720\" height=\"450\" src=\"https:\/\/taizyagromachine.com\/wp-content\/uploads\/2022\/03\/structure-of-fish-feed-pellet-mill.jpg\" alt=\"structure du moulin \u00e0 granul\u00e9s d&#039;aliments pour poissons\" class=\"wp-image-2301\" srcset=\"https:\/\/taizyagromachine.com\/wp-content\/uploads\/2022\/03\/structure-of-fish-feed-pellet-mill.jpg 720w, https:\/\/taizyagromachine.com\/wp-content\/uploads\/2022\/03\/structure-of-fish-feed-pellet-mill-300x188.jpg 300w\" sizes=\"auto, (max-width: 720px) 100vw, 720px\" \/><figcaption class=\"wp-element-caption\">structure du moulin \u00e0 granul\u00e9s d'aliments pour poissons<\/figcaption><\/figure> <\/div>   <h2 class=\"wp-block-heading\" id=\"h-spotlights-of-floating-fish-feed-machine\"><strong>Projecteurs de la machine flottante d'alimentation pour poissons<\/strong><\/h2>    <ol class=\"wp-block-list\"> <li><strong>Forte adaptabilit\u00e9<\/strong>. Cette extrudeuse d'aliments secs et humides pour poissons peut s'adapter \u00e0 diff\u00e9rents besoins de production, de la petite extrudeuse \u00e9lectrique d'aliments pour poissons \u00e0 la grande production d'aliments. L'extrudeuse d'aliments flottants de grande et moyenne taille peut utiliser la machine pour le traitement des mati\u00e8res premi\u00e8res ou la production d'aliments sp\u00e9ciaux.<\/li>    <li><strong>Large gamme d'applications<\/strong>. Comme la d\u00e9toxification du soja entier souffl\u00e9, du ma\u00efs souffl\u00e9, de la farine de coton (ou de la farine de colza) ou des aliments souffl\u00e9s pour animaux de compagnie, des aliments aquatiques, des aliments pour renards ou d'autres aliments sp\u00e9ciaux.<\/li>    <li><strong>Applicable \u00e0 diff\u00e9rents mat\u00e9riaux<\/strong>. Cette machine est \u00e9quip\u00e9e d'un alimentateur \u00e0 r\u00e9glage automatique de la vitesse et la quantit\u00e9 d'alimentation peut \u00eatre modifi\u00e9e en fonction de la situation.<\/li>    <li>Structure simple, grande praticabilit\u00e9, apparence exquise.<\/li>    <li>Op\u00e9ration facile, pratique \u00e0 entretenir.<\/li> <\/ol>   <div class=\"wp-block-image\"> <figure class=\"aligncenter size-full\"><img loading=\"lazy\" decoding=\"async\" width=\"720\" height=\"540\" src=\"https:\/\/taizyagromachine.com\/wp-content\/uploads\/2022\/03\/dry-type-fish-feed-extruder-DGP-80.jpg\" alt=\"extrudeuse d&#039;aliments pour poissons de type sec-DGP-80\" class=\"wp-image-2291\" srcset=\"https:\/\/taizyagromachine.com\/wp-content\/uploads\/2022\/03\/dry-type-fish-feed-extruder-DGP-80.jpg 720w, https:\/\/taizyagromachine.com\/wp-content\/uploads\/2022\/03\/dry-type-fish-feed-extruder-DGP-80-300x225.jpg 300w\" sizes=\"auto, (max-width: 720px) 100vw, 720px\" \/><figcaption class=\"wp-element-caption\">extrudeuse d'aliments pour poissons de type sec-DGP-80<\/figcaption><\/figure> <\/div>   <h2 class=\"wp-block-heading\" id=\"h-what-affects-fish-feed-extruder-machine-price\"><strong>Qu'est-ce qui affecte le prix de la machine d'extrudeuse d'aliments pour poissons\u00a0?<\/strong><\/h2>    <p class=\"translation-block\"><strong>Configurations<\/strong>. Parce que la configuration de la machine \u00e0 granul\u00e9s varie. La sortie, la puissance, etc. peuvent affecter la configuration de la machine \u00e0 granul\u00e9s de poisson. Par exemple, une petite machine extrudeuse \u00e9lectrique pour aliments pour poissons est moins ch\u00e8re qu'une grande.<\/p>    <p class=\"translation-block\"><strong>Fonctions<\/strong>. Cette machine de fabrication de granul\u00e9s flottants pour aliments pour poissons est enti\u00e8rement fonctionnelle et peut produire diff\u00e9rents granul\u00e9s d'aliments. La production de diff\u00e9rentes particules n\u00e9cessite des moules correspondants. C'est aussi un facteur qui affecte le prix.<\/p>    <figure class=\"wp-block-gallery aligncenter has-nested-images columns-default is-cropped wp-block-gallery-4 is-layout-flex wp-block-gallery-is-layout-flex\"> <figure class=\"wp-block-image size-large\"><img loading=\"lazy\" decoding=\"async\" width=\"715\" height=\"954\" data-id=\"2298\" src=\"https:\/\/taizyagromachine.com\/wp-content\/uploads\/2022\/03\/nolds-of-floating-fish-feed-extruder-machine.jpg\" alt=\"moules-de-machine-extrudeuse-d&#039;aliments-pour-poissons-flottants\" class=\"wp-image-2298\" srcset=\"https:\/\/taizyagromachine.com\/wp-content\/uploads\/2022\/03\/nolds-of-floating-fish-feed-extruder-machine.jpg 715w, https:\/\/taizyagromachine.com\/wp-content\/uploads\/2022\/03\/nolds-of-floating-fish-feed-extruder-machine-225x300.jpg 225w\" sizes=\"auto, (max-width: 715px) 100vw, 715px\" \/><figcaption class=\"wp-element-caption\">moules<\/figcaption><\/figure>    <figure class=\"wp-block-image size-large\"><img loading=\"lazy\" decoding=\"async\" width=\"540\" height=\"720\" data-id=\"2299\" src=\"https:\/\/taizyagromachine.com\/wp-content\/uploads\/2022\/03\/various-types-of-animal-feed.jpg\" alt=\"divers-types-d&#039;aliments-pour-animaux\" class=\"wp-image-2299\" srcset=\"https:\/\/taizyagromachine.com\/wp-content\/uploads\/2022\/03\/various-types-of-animal-feed.jpg 540w, https:\/\/taizyagromachine.com\/wp-content\/uploads\/2022\/03\/various-types-of-animal-feed-225x300.jpg 225w\" sizes=\"auto, (max-width: 540px) 100vw, 540px\" \/><figcaption class=\"wp-element-caption\">divers types d'aliments pour animaux<\/figcaption><\/figure> <\/figure>    <p class=\"translation-block\"><strong>Mat\u00e9riaux<\/strong>. Cette machine utilise des mat\u00e9riaux de haute qualit\u00e9, par cons\u00e9quent la machine a une haute qualit\u00e9 et une longue dur\u00e9e de vie, et le prix sera relativement \u00e9lev\u00e9.<\/p>    <h2 class=\"wp-block-heading\" id=\"h-why-is-taizy-agro-the-top-choice\"><strong>Pourquoi Taizy Agro est-il le premier choix pour l\u2019extrudeuse flottante d\u2019aliments pour poissons\u00a0? <\/strong><\/h2>    <ul class=\"wp-block-list\"> <li><strong>Certificat CE<\/strong>. Notre usine flottante d'aliments pour poissons poss\u00e8de le certificat CE, qui indique que la machine est de bonne qualit\u00e9. Et il est conforme aux r\u00e9glementations et r\u00e8gles en vigueur.<\/li>    <li><strong>Personnel professionnel<\/strong>. Les personnes travaillant dans notre entreprise poss\u00e8dent des connaissances professionnelles et peuvent proposer les meilleures solutions. Nos responsables commerciaux peuvent toujours trouver la solution la plus adapt\u00e9e pour faciliter votre activit\u00e9.<\/li>    <li><strong>Service apr\u00e8s-vente<\/strong>. En fait, apr\u00e8s r\u00e9ception de la machine, le service apr\u00e8s-vente est \u00e9galement tr\u00e8s important. Nous fournissons un service 24 heures sur 24 afin que vous puissiez nous trouver \u00e0 tout moment.<\/li> <\/ul>   <div class=\"wp-block-image\"> <figure class=\"aligncenter size-full\"><img loading=\"lazy\" decoding=\"async\" width=\"720\" height=\"540\" src=\"https:\/\/taizyagromachine.com\/wp-content\/uploads\/2022\/03\/professional-team.jpg\" alt=\"Equipe professionelle\" class=\"wp-image-2304\" srcset=\"https:\/\/taizyagromachine.com\/wp-content\/uploads\/2022\/03\/professional-team.jpg 720w, https:\/\/taizyagromachine.com\/wp-content\/uploads\/2022\/03\/professional-team-300x225.jpg 300w\" sizes=\"auto, (max-width: 720px) 100vw, 720px\" \/><figcaption class=\"wp-element-caption\">Equipe professionelle<\/figcaption><\/figure> <\/div>   <h2 class=\"wp-block-heading\" id=\"h-operation-precautions\"><strong>Pr\u00e9cautions de fonctionnement de la machine d'extrudeuse d'aliments pour poissons de type sec<\/strong><\/h2>    <ol class=\"wp-block-list\"> <li>Pendant la production, il est interdit de se tenir devant l'orifice de d\u00e9charge de l'extrudeuse.<\/li>    <li>Les op\u00e9rateurs doivent porter des gants r\u00e9sistants aux temp\u00e9ratures \u00e9lev\u00e9es pour \u00e9viter les br\u00fblures.<\/li>    <li>Avant de d\u00e9marrer l'\u00e9quipement, il convient de confirmer que les outils et autres \u00e9l\u00e9ments sont retir\u00e9s de l'extrudeuse.<\/li>    <li>Pendant le fonctionnement de l'\u00e9quipement, l'op\u00e9rateur doit fr\u00e9quemment inspecter le fonctionnement de l'ensemble de l'unit\u00e9 et l'ajuster \u00e0 temps si une anomalie est d\u00e9tect\u00e9e.<\/li>    <li>Une fois la machine arr\u00eat\u00e9e, lors du d\u00e9montage de la bo\u00eete de d\u00e9charge, veillez \u00e0 ce que personne ne se trouve devant la t\u00eate de la machine, afin d'\u00e9viter d'\u00eatre br\u00fbl\u00e9 par la vapeur pr\u00e9sente dans la machine.<\/li> <\/ol>    <h2 class=\"wp-block-heading\"><strong>Cas r\u00e9ussi\u00a0: Machine flottante de fabrication d'aliments pour poissons pour le march\u00e9 mondial<\/strong><\/h2>    <p class=\"translation-block\"><strong>Machine \u00e0 granul\u00e9s de poisson export\u00e9e vers le Nigeria <\/strong><\/p>    <p id=\"h-\">Cette ann\u00e9e, notre responsable commerciale Grace a re\u00e7u une demande de client concernant le prix d'une extrudeuse d'aliments pour poissons au Nigeria. Il dirige une petite usine d\u2019aliments pour poissons et souhaite acheter une extrudeuse pour les aliments pour poissons. Grace a donc envoy\u00e9 des vid\u00e9os et des photos de travail pertinentes. <\/p>    <p id=\"h-\">En fait, il \u00e9tait tr\u00e8s pr\u00e9occup\u00e9 par la taille des granul\u00e9s d\u2019aliments pour poissons. Grace lui a expliqu\u00e9. Nos s\u00e9ries de diam\u00e8tres de trous de d\u00e9charge de machine sont \u03c61 mm, \u03c61,5 mm, \u03c62 mm, \u03c63 mm, \u03c63,5 mm, \u03c64 mm, \u03c65 mm, \u03c66,8 mm. Les utilisateurs peuvent choisir parmi eux. Apr\u00e8s cela, le client nig\u00e9rian a sign\u00e9 un contrat avec nous et a pay\u00e9 un acompte. Il \u00e9tait \u00e9galement tr\u00e8s satisfait apr\u00e8s avoir re\u00e7u la machine.<\/p>   <div class=\"wp-block-image\"> <figure class=\"aligncenter size-full\"><img loading=\"lazy\" decoding=\"async\" width=\"720\" height=\"540\" src=\"https:\/\/taizyagromachine.com\/wp-content\/uploads\/2022\/03\/packaging-and-shipping-fish-pellet-making-machine.jpg\" alt=\"machine d&#039;emballage et d&#039;exp\u00e9dition de granul\u00e9s de poisson\" class=\"wp-image-2307\" srcset=\"https:\/\/taizyagromachine.com\/wp-content\/uploads\/2022\/03\/packaging-and-shipping-fish-pellet-making-machine.jpg 720w, https:\/\/taizyagromachine.com\/wp-content\/uploads\/2022\/03\/packaging-and-shipping-fish-pellet-making-machine-300x225.jpg 300w\" sizes=\"auto, (max-width: 720px) 100vw, 720px\" \/><figcaption class=\"wp-element-caption\">machine d'emballage et d'exp\u00e9dition de granul\u00e9s de poisson<\/figcaption><\/figure> <\/div>   <p class=\"translation-block\"><strong>Petite machine \u00e0 aliments flottants pour poissons pour le Cameroun<\/strong><\/p>    <p>La machine \u00e0 granul\u00e9s d'aliments pour poissons aliment\u00e9e au diesel que nous avons lanc\u00e9e a \u00e9t\u00e9 vendue avec succ\u00e8s au Cameroun. Cette machine a gagn\u00e9 la faveur des agriculteurs locaux gr\u00e2ce \u00e0 sa puissance puissante et ses performances de production efficaces. Il peut convertir toutes sortes d\u2019ingr\u00e9dients alimentaires pour poissons en granul\u00e9s nutritifs, contribuant ainsi au d\u00e9veloppement de l\u2019industrie de la p\u00eache du Cameroun et am\u00e9liorant les avantages de l\u2019agriculture.<\/p>    <figure class=\"wp-block-gallery aligncenter has-nested-images columns-default is-cropped wp-block-gallery-5 is-layout-flex wp-block-gallery-is-layout-flex\"> <figure class=\"wp-block-image size-large\"><img loading=\"lazy\" decoding=\"async\" width=\"720\" height=\"540\" data-id=\"6263\" src=\"https:\/\/taizyagromachine.com\/wp-content\/uploads\/2022\/03\/diesel-engined-fish-feed-pellet-machine.webp\" alt=\"machine \u00e0 granul\u00e9s d&#039;aliments pour poissons \u00e0 moteur diesel\" class=\"wp-image-6263\"\/><figcaption class=\"wp-element-caption\">machine \u00e0 granul\u00e9s d'aliments pour poissons \u00e0 moteur diesel<\/figcaption><\/figure>    <figure class=\"wp-block-image size-large\"><img loading=\"lazy\" decoding=\"async\" width=\"720\" height=\"540\" data-id=\"6264\" src=\"https:\/\/taizyagromachine.com\/wp-content\/uploads\/2022\/03\/floating-feed-making-machine-for-sale.webp\" alt=\"machine de fabrication d&#039;aliments flottants \u00e0 vendre\" class=\"wp-image-6264\"\/><figcaption class=\"wp-element-caption\">machine de fabrication d'aliments flottants \u00e0 vendre<\/figcaption><\/figure> <\/figure>    <p>Nous avons de nombreux cas de r\u00e9ussite, \u00e9num\u00e9rez-en quelques-uns ci-dessous\u00a0:<\/p>    <p><strong><a href=\"https:\/\/taizyagromachine.com\/fr\/info\/fish-pellet-machine-mozambique\/\">Machine de granulation d'aliments pour poissons vendue \u00e0 chaud au Mozambique&nbsp;<\/a><\/strong><\/p>    <p><a href=\"https:\/\/taizyagromachine.com\/fr\/info\/fish-feed-extruder-machine-bukifaso\/\"><strong>Machine flottante \u00e0 granul\u00e9s d'aliments pour poissons, nouveau type, pour le Burkina Faso<\/strong><\/a><\/p>    <h2 class=\"wp-block-heading\"><strong>Enqu\u00eate sur la machine flottante d\u2019extrudeuse d\u2019aliments pour poissons\u00a0!<\/strong><\/h2>    <p class=\"translation-block\">Savez-vous comment produire des <a href=\"https:\/\/en.wikipedia.org\/wiki\/Aquarium_fish_feed\" target=\"_blank\" rel=\"noopener\">aliments pour poissons d'aquarium<\/a> de haute qualit\u00e9 ? D\u00e9p\u00eachez-vous et contactez-nous ! Nous vous fournirons la solution la plus adapt\u00e9e et la meilleure offre.<\/p>","protected":false},"excerpt":{"rendered":"<p>Notre extrudeuse d'aliments pour poissons peut r\u00e9aliser une production de granul\u00e9s d'aliments pour poissons de 1 \u00e0 13 mm avec un rendement de 40 \u00e0 450 kg\/h, en plus de cela, nous pouvons \u00e9galement la personnaliser. Cet article d\u00e9crit principalement le type de machine \u00e0 granul\u00e9s de nourriture pour poissons \u00e0 vendre, le processus de production, les aliments pour poissons qui peuvent \u00eatre produits et les cas r\u00e9ussis pour votre r\u00e9f\u00e9rence.<\/p>","protected":false},"author":1,"featured_media":3923,"parent":0,"template":"","tags":[147,139,148,143,135,137,142,138,140,146,144,136,145,141],"product-type":[29],"class_list":["post-2280","product","type-product","status-publish","has-post-thumbnail","hentry","tag-animal-feed-extruder","tag-extruder-fish-feed-machine","tag-feed-pellets","tag-fish-feed-extruder","tag-fish-feed-machine","tag-fish-feed-machine-price","tag-fish-feed-pelleting-machine","tag-fish-feeding-machine-for-aquarium","tag-fish-floating-feed-machine","tag-fish-pellet-making-machine","tag-floating-fish-feed","tag-floating-fish-feed-machine","tag-floating-fish-feed-mill","tag-sinking-fish-feed-machine","product-type-feed-pellet-machine"],"_links":{"self":[{"href":"https:\/\/taizyagromachine.com\/fr\/wp-json\/wp\/v2\/product\/2280","targetHints":{"allow":["GET"]}}],"collection":[{"href":"https:\/\/taizyagromachine.com\/fr\/wp-json\/wp\/v2\/product"}],"about":[{"href":"https:\/\/taizyagromachine.com\/fr\/wp-json\/wp\/v2\/types\/product"}],"author":[{"embeddable":true,"href":"https:\/\/taizyagromachine.com\/fr\/wp-json\/wp\/v2\/users\/1"}],"wp:featuredmedia":[{"embeddable":true,"href":"https:\/\/taizyagromachine.com\/fr\/wp-json\/wp\/v2\/media\/3923"}],"wp:attachment":[{"href":"https:\/\/taizyagromachine.com\/fr\/wp-json\/wp\/v2\/media?parent=2280"}],"wp:term":[{"taxonomy":"post_tag","embeddable":true,"href":"https:\/\/taizyagromachine.com\/fr\/wp-json\/wp\/v2\/tags?post=2280"},{"taxonomy":"product-type","embeddable":true,"href":"https:\/\/taizyagromachine.com\/fr\/wp-json\/wp\/v2\/product-type?post=2280"}],"curies":[{"name":"wp","href":"https:\/\/api.w.org\/{rel}","templated":true}]}}