{"id":2333,"date":"2022-03-31T01:53:37","date_gmt":"2022-03-31T01:53:37","guid":{"rendered":"https:\/\/taizyagromachine.com\/?post_type=product&#038;p=2333"},"modified":"2022-11-16T10:28:06","modified_gmt":"2022-11-16T02:28:06","slug":"hand-corn-planter-walk-behind-corn-planter-1-row-corn-planter","status":"publish","type":"product","link":"https:\/\/taizyagromachine.com\/fr\/product\/hand-corn-planter-walk-behind-corn-planter-1-row-corn-planter\/","title":{"rendered":"Planteur de ma\u00efs \u00e0 la main | Marchez derri\u00e8re le planteur de ma\u00efs | Planteur de ma\u00efs \u00e0 1 rang\u00e9e"},"content":{"rendered":"<p class=\"translation-block\">Le ma\u00efs est l'une des cultures les plus importantes au monde. Par cons\u00e9quent, du d\u00e9but de la plantation jusqu\u2019\u00e0 la r\u00e9colte, il est indissociable des machines agricoles associ\u00e9es au ma\u00efs. Le <strong>planter \u00e0 main de ma\u00efs<\/strong> qui sera pr\u00e9sent\u00e9 aujourd\u2019hui est sp\u00e9cialement con\u00e7u pour le semis du ma\u00efs. Bien s\u00fbr, il peut \u00e9galement semer du bl\u00e9, des arachides, des haricots, du sorgho, du colza, du coton, etc. Cette machine de semis manuelle du ma\u00efs convient pour les semis en couvertures, montagnes, etc. Notre planteuse manuelle est tr\u00e8s populaire au Nigeria, au Kenya, et dans d\u2019autres r\u00e9gions. Bienvenue pour consulter \u00e0 tout moment.<\/p>    <h2 class=\"wp-block-heading\" id=\"h-type-one-walk-behind-corn-planter\"><strong>Type un\u00a0:\u00a0marcher derri\u00e8re le planteur de ma\u00efs<\/strong><\/h2>    <p class=\"translation-block\">Ce type de planter de ma\u00efs \u00e0 main a une structure tr\u00e8s simple et une manipulation facile. En r\u00e9alit\u00e9, ce <a href=\"https:\/\/cornmachines.com\/manual-seed-planter\/\" target=\"_blank\" rel=\"noreferrer noopener\">planter \u00e0 une rang\u00e9e<\/a> n\u00e9cessite deux personnes pour travailler ensemble. Une personne doit tirer la corde puis avancer, et l\u2019autre tient le planter de ma\u00efs pour le d\u00e9placer. De par sa structure, on peut clairement voir que le semoir manuel peut fertiliser et semer, mais ne peut pas faire les deux en m\u00eame temps. Ce petit planteur de ma\u00efs n\u2019utilise aucune \u00e9nergie, seulement de la main-d\u2019\u0153uvre. Par cons\u00e9quent, il est particuli\u00e8rement adapt\u00e9 pour des projets d\u2019aide dans certains pays, apportant une commodit\u00e9 aux personnes dans les zones pauvres.<\/p>   <div class=\"wp-block-image\"> <figure class=\"aligncenter size-full\"><img loading=\"lazy\" decoding=\"async\" width=\"720\" height=\"540\" src=\"https:\/\/taizyagromachine.com\/wp-content\/uploads\/2022\/03\/walk-behind-corn-planter.jpg\" alt=\"marcher derri\u00e8re le planteur de ma\u00efs\" class=\"wp-image-2369\" srcset=\"https:\/\/taizyagromachine.com\/wp-content\/uploads\/2022\/03\/walk-behind-corn-planter.jpg 720w, https:\/\/taizyagromachine.com\/wp-content\/uploads\/2022\/03\/walk-behind-corn-planter-300x225.jpg 300w\" sizes=\"auto, (max-width: 720px) 100vw, 720px\" \/><figcaption class=\"wp-element-caption\">marcher derri\u00e8re le planteur de ma\u00efs<\/figcaption><\/figure> <\/div>   <h3 class=\"wp-block-heading\"><strong>Vid\u00e9o de travail de planteurs de ma\u00efs manuels \u00e0 vendre<\/strong><\/h3>    <figure class=\"wp-block-embed aligncenter is-type-video is-provider-youtube wp-block-embed-youtube wp-embed-aspect-16-9 wp-has-aspect-ratio\"><div class=\"wp-block-embed__wrapper\"> <iframe loading=\"lazy\" title=\"Semoir de ma\u00efs manuel, planteur de graines de ma\u00efs, arachide, bl\u00e9, haricots, sorgho, colza\" width=\"500\" height=\"281\" src=\"https:\/\/www.youtube.com\/embed\/1PT06n0p09I?feature=oembed\" frameborder=\"0\" allow=\"accelerometer; autoplay; clipboard-write; encrypted-media; gyroscope; picture-in-picture; web-share\" referrerpolicy=\"strict-origin-when-cross-origin\" allowfullscreen><\/iframe> <\/div><\/figure>    <h3 class=\"wp-block-heading\"><strong>Sp\u00e9cifications techniques<\/strong><\/h3>    <figure class=\"wp-block-table\"><table><tbody><tr><td>Mod\u00e8le<\/td><td>TZY-100<\/td><\/tr><tr><td>Capacit\u00e9<\/td><td>0,5 acre\/h<\/td><\/tr><tr><td>Taille<\/td><td>1370*420*900mm<\/td><\/tr><tr><td>Poids<\/td><td>12 kg<\/td><\/tr><\/tbody><\/table><\/figure>    <h2 class=\"wp-block-heading\"><strong>Type deux\u00a0: semoir \u00e0 ma\u00efs \u00e0 1 rang avec moteur \u00e0 essence<\/strong><\/h2>    <p>Ce semoir \u00e0 ma\u00efs manuel est une mise \u00e0 niveau bas\u00e9e sur l'ancien semoir \u00e0 graines, \u00e9quip\u00e9 d'un moteur \u00e0 essence. Ce planteur de ma\u00efs manuel peut semer des graines par une seule personne et dispose du moteur \u00e0 essence comme puissance, ce qui peut consid\u00e9rablement \u00e9conomiser de la main d'\u0153uvre et am\u00e9liorer l'efficacit\u00e9. <\/p>   <div class=\"wp-block-image\"> <figure class=\"aligncenter size-full\"><img loading=\"lazy\" decoding=\"async\" width=\"720\" height=\"540\" src=\"https:\/\/taizyagromachine.com\/wp-content\/uploads\/2022\/03\/gasoline-engine-equipped-walk-behind-planter.jpg\" alt=\"planteur de ma\u00efs manuel \u00e0 moteur \u00e0 essence\" class=\"wp-image-2371\" srcset=\"https:\/\/taizyagromachine.com\/wp-content\/uploads\/2022\/03\/gasoline-engine-equipped-walk-behind-planter.jpg 720w, https:\/\/taizyagromachine.com\/wp-content\/uploads\/2022\/03\/gasoline-engine-equipped-walk-behind-planter-300x225.jpg 300w\" sizes=\"auto, (max-width: 720px) 100vw, 720px\" \/><figcaption class=\"wp-element-caption\">planteur de ma\u00efs manuel \u00e0 moteur \u00e0 essence<\/figcaption><\/figure> <\/div>   <p>Par rapport \u00e0 la machine de type 1, \u00e0 l'exception du moteur \u00e0 essence, le reste est fondamentalement le m\u00eame. Si vous avez des questions, vous pouvez nous contacter \u00e0 tout moment.<\/p>    <h3 class=\"wp-block-heading\"><strong>Equip\u00e9 d'un moteur \u00e0 essence<\/strong><\/h3>    <p>Dans notre usine, il existe deux types de moteurs \u00e0 essence. L'un est un moteur \u00e0 essence 170F et l'autre est un moteur \u00e0 essence 152F. La forme sp\u00e9cifique de la machine est illustr\u00e9e dans la figure ci-dessous.<\/p>   <div class=\"wp-block-image\"> <figure class=\"aligncenter size-full\"><img loading=\"lazy\" decoding=\"async\" width=\"720\" height=\"540\" src=\"https:\/\/taizyagromachine.com\/wp-content\/uploads\/2022\/03\/1-row-corn-planter-with-the-gasoline-engine.jpg\" alt=\"semoir \u00e0 conducteur marchant avec moteur \u00e0 essence\" class=\"wp-image-2373\" srcset=\"https:\/\/taizyagromachine.com\/wp-content\/uploads\/2022\/03\/1-row-corn-planter-with-the-gasoline-engine.jpg 720w, https:\/\/taizyagromachine.com\/wp-content\/uploads\/2022\/03\/1-row-corn-planter-with-the-gasoline-engine-300x225.jpg 300w\" sizes=\"auto, (max-width: 720px) 100vw, 720px\" \/><figcaption class=\"wp-element-caption\">deux moteurs \u00e0 essence diff\u00e9rents<\/figcaption><\/figure> <\/div>   <h2 class=\"wp-block-heading\"><strong>Type trois\u00a0: planteur de ma\u00efs \u00e0 une rang\u00e9e<\/strong><\/h2>    <p>Le semoir \u00e0 ma\u00efs manuel est dot\u00e9 d'un bec de canard qui peut \u00eatre utilis\u00e9 pour les cultures correspondantes en changeant la roue distributrice. Il existe au total 8 types de roues distributrices. De plus, le nombre de becs de canard d\u00e9termine la taille de l\u2019espacement des plantes. Plus il y a de becs de canard, plus l\u2019espacement des plantes est petit. Et il y a 12 becs de canard au maximum. Sa profondeur de semis est de 3,5 \u00e0 7,8 cm. Nous exportons une petite armoire de cette machine vers la Zambie.<\/p>   <div class=\"wp-block-image\"> <figure class=\"aligncenter size-large\"><img loading=\"lazy\" decoding=\"async\" width=\"1024\" height=\"384\" src=\"https:\/\/taizyagromachine.com\/wp-content\/uploads\/2022\/03\/different-colors-of-1-row-hand-corn-planter-1024x384.jpg\" alt=\"Diff\u00e9rentes couleurs de planteur de ma\u00efs manuel \u00e0 1 rang\u00e9e\" class=\"wp-image-2376\" srcset=\"https:\/\/taizyagromachine.com\/wp-content\/uploads\/2022\/03\/different-colors-of-1-row-hand-corn-planter-1024x384.jpg 1024w, https:\/\/taizyagromachine.com\/wp-content\/uploads\/2022\/03\/different-colors-of-1-row-hand-corn-planter-300x113.jpg 300w, https:\/\/taizyagromachine.com\/wp-content\/uploads\/2022\/03\/different-colors-of-1-row-hand-corn-planter-768x288.jpg 768w, https:\/\/taizyagromachine.com\/wp-content\/uploads\/2022\/03\/different-colors-of-1-row-hand-corn-planter.jpg 1440w\" sizes=\"auto, (max-width: 1024px) 100vw, 1024px\" \/><figcaption class=\"wp-element-caption\">Diff\u00e9rentes couleurs de planteur de ma\u00efs manuel \u00e0 1 rang\u00e9e<\/figcaption><\/figure> <\/div>   <h3 class=\"wp-block-heading\"><strong>Structure du semoir en rangs de ma\u00efs<\/strong><\/h3>    <p>En fait, il y a un accoudoir pour avancer. La tr\u00e9mie doit contenir les graines puis les semer \u00e0 travers le bec de canard. La roue doit couvrir le sol. En outre, nous avons diff\u00e9rentes couleurs pour ce planteur de ma\u00efs manuel. Vous pouvez choisir ce que vous pr\u00e9f\u00e9rez.<\/p>   <div class=\"wp-block-image\"> <figure class=\"aligncenter size-full\"><img loading=\"lazy\" decoding=\"async\" width=\"720\" height=\"540\" src=\"https:\/\/taizyagromachine.com\/wp-content\/uploads\/2022\/03\/structure-of-hand-pushed-corn-seeder.jpg\" alt=\"structure du semoir de ma\u00efs pouss\u00e9 \u00e0 la main\" class=\"wp-image-2379\" srcset=\"https:\/\/taizyagromachine.com\/wp-content\/uploads\/2022\/03\/structure-of-hand-pushed-corn-seeder.jpg 720w, https:\/\/taizyagromachine.com\/wp-content\/uploads\/2022\/03\/structure-of-hand-pushed-corn-seeder-300x225.jpg 300w\" sizes=\"auto, (max-width: 720px) 100vw, 720px\" \/><figcaption class=\"wp-element-caption\">structure du semoir de ma\u00efs pouss\u00e9 \u00e0 la main<\/figcaption><\/figure> <\/div>   <h3 class=\"wp-block-heading\"><strong>Param\u00e8tres techniques<\/strong><\/h3>    <figure class=\"wp-block-table\"><table><tbody><tr><td>Profondeur de semis<\/td><td>3,5-7,8 cm<\/td><\/tr><tr><td>Quantit\u00e9 de semis<\/td><td>1-3 pi\u00e8ces, r\u00e9glables<\/td><\/tr><tr><td>Bec de canard<\/td><td>Max. 12 pi\u00e8ces<\/td><\/tr><tr><td>Poids<\/td><td>11 kg<\/td><\/tr><tr><td>Taille d'emballage<\/td><td>58*58*25\u00a0mm<\/td><\/tr><\/tbody><\/table><\/figure>    <h2 class=\"wp-block-heading\" id=\"h-highlights-of-single-row-walk-behind-corn-planter\"><strong>Points forts du planteur de ma\u00efs \u00e0 une rang\u00e9e<\/strong> <\/h2>    <ol class=\"wp-block-list\"> <li>Op\u00e9ration facile, structure simple, bonne qualit\u00e9.<\/li>    <li>L\u00e9ger, facile \u00e0 d\u00e9placer.<\/li>    <li>Convient aux zones vallonn\u00e9es et montagneuses.<\/li>    <li>Pratique pour semer diverses cultures, telles que le bl\u00e9, le coton, le sorgho, le bl\u00e9, les haricots, les ma\u00efs, le colza, etc.<\/li>    <li>Protection de l'environnement. Fonctionnement manuel, respectueux de l'environnement.<\/li> <\/ol>    <h2 class=\"wp-block-heading\" id=\"h-why-choose-taizy-as-top-choice\"><strong>Pourquoi choisir Taizy comme premier choix\u00a0?<\/strong><\/h2>    <p class=\"translation-block\"><strong>Certificat ISO<\/strong>. Notre planter de ma\u00efs \u00e0 main poss\u00e8de le certificat ISO, conforme aux r\u00e8gles et r\u00e8glements pertinents. Ainsi, les machines sont de bonne qualit\u00e9 et atteignent les normes nationales. <\/p>    <p class=\"translation-block\"><strong>Exp\u00e9rience riche dans l\u2019exportation.<\/strong> Nous avons export\u00e9 nos diff\u00e9rentes machines agro, comme la moissonneuse de ma\u00efs, <a href=\"https:\/\/taizyagromachine.com\/fr\/product\/maize-thresher\/\" target=\"_blank\" rel=\"noreferrer noopener\">s\u00e9parateur de ma\u00efs<\/a> vers de nombreux pays et r\u00e9gions. Tels que la Zambie, l\u2019Afrique, l\u2019Am\u00e9rique du Sud, le Nigeria, le P\u00e9rou, etc. Par cons\u00e9quent, nous avons beaucoup d\u2019exp\u00e9rience en exportation. <\/p>    <p class=\"translation-block\"><strong>Service apr\u00e8s-vente attentionn\u00e9.<\/strong> Apr\u00e8s r\u00e9ception des machines, nous suivons toujours la situation de nos clients. De plus, nous fournissons un service en ligne 24h\/24 pour r\u00e9pondre \u00e0 toutes les demandes des clients. <\/p>   <div class=\"wp-block-image\"> <figure class=\"aligncenter size-full\"><img loading=\"lazy\" decoding=\"async\" width=\"720\" height=\"540\" src=\"https:\/\/taizyagromachine.com\/wp-content\/uploads\/2022\/03\/professional-team.jpg\" alt=\"Equipe professionelle\" class=\"wp-image-2304\" srcset=\"https:\/\/taizyagromachine.com\/wp-content\/uploads\/2022\/03\/professional-team.jpg 720w, https:\/\/taizyagromachine.com\/wp-content\/uploads\/2022\/03\/professional-team-300x225.jpg 300w\" sizes=\"auto, (max-width: 720px) 100vw, 720px\" \/><figcaption class=\"wp-element-caption\">Equipe professionelle<\/figcaption><\/figure> <\/div>   <h2 class=\"wp-block-heading\"><strong>Cas r\u00e9ussi\u00a0: un planteur de ma\u00efs manuel export\u00e9 au P\u00e9rou<\/strong><\/h2>    <p>Nous avons re\u00e7u le commentaire de notre site Web Google. Notre client p\u00e9ruvien a d\u00e9clar\u00e9 qu'il souhaitait 20 semoirs de ma\u00efs \u00e0 1 rang avec moteur \u00e0 essence. Parce qu'il est un grand propri\u00e9taire agricole, il voulait acheter pour son travail. Notre responsable commerciale Coco lui a rendu service. Le client p\u00e9ruvien a command\u00e9 20 pi\u00e8ces une fois et s'est inqui\u00e9t\u00e9 du d\u00e9lai de livraison. Coco lui a expliqu\u00e9 que notre usine produirait la machine \u00e0 temps et lui a \u00e9labor\u00e9 un plan de progr\u00e8s. De plus, Coco lui enverrait les progr\u00e8s. Apr\u00e8s avoir lu ceci, le client p\u00e9ruvien s'est senti \u00e0 l'aise et a sign\u00e9 un contrat et a pay\u00e9 rapidement le paiement int\u00e9gral.<\/p>    <h2 class=\"wp-block-heading\"><strong>FAQ du planteur de ma\u00efs manuel<\/strong><\/h2>   <div id=\"rank-math-faq\" class=\"rank-math-block\"> <div class=\"rank-math-list\"> <div id=\"faq-question-1668565608199\" class=\"rank-math-list-item\"> <h3 class=\"rank-math-question\"><strong>Q : Combien de pi\u00e8ces doivent \u00eatre command\u00e9es une fois ?<\/strong><\/h3> <div class=\"rank-math-answer\">  <p>R : La commande minimum est de 20 pi\u00e8ces.<\/p>  <\/div> <\/div> <div id=\"faq-question-1668565613558\" class=\"rank-math-list-item\"> <h3 class=\"rank-math-question\"><strong>Q : Quelles cultures peuvent \u00eatre plant\u00e9es par ce planteur ?<\/strong><\/h3> <div class=\"rank-math-answer\">  <p>R : De nombreuses cultures sont disponibles. Par exemple, le bl\u00e9, le coton, le sorgho, l\u2019arachide, les haricots, le colza, etc.<\/p>  <\/div> <\/div> <div id=\"faq-question-1668565623984\" class=\"rank-math-list-item\"> <h3 class=\"rank-math-question\"><strong>Q : Comment garantissez-vous la production si vous commandez 100 pi\u00e8ces une fois ?<\/strong><\/h3> <div class=\"rank-math-answer\">  <p>R\u00a0:\u00a0Nous sommes une entreprise int\u00e9gr\u00e9e de fabrication et de commerce. Par cons\u00e9quent, nous avons la force de produire les produits dont vous avez besoin \u00e0 temps. Aussi, nous \u00e9laborerons un plan de progr\u00e8s pour garantir vos droits.<\/p>  <\/div> <\/div> <div id=\"faq-question-1668565639991\" class=\"rank-math-list-item\"> <h3 class=\"rank-math-question\"><strong>Q : Combien de temps pouvez-vous livrer des machines ?<\/strong><\/h3> <div class=\"rank-math-answer\">  <p>R : D\u2019une mani\u00e8re g\u00e9n\u00e9rale, apr\u00e8s r\u00e9ception du d\u00e9p\u00f4t, nous avons besoin d\u2019une semaine pour organiser les marchandises. Ainsi, si tout se passe bien, nous commen\u00e7ons \u00e0 livrer les machines au bout d\u2019une semaine.<\/p>  <\/div> <\/div> <div id=\"faq-question-1668565653725\" class=\"rank-math-list-item\"> <h3 class=\"rank-math-question\"><strong>Q : Quel mode de transport utilisez-vous ?<\/strong><\/h3> <div class=\"rank-math-answer\">  <p>R : G\u00e9n\u00e9ralement, par voie maritime. Si vous avez d'autres exigences, veuillez nous en informer. Et nous organiserons le mode de transport le plus appropri\u00e9.<\/p>  <\/div> <\/div> <\/div> <\/div>   <p><\/p>","protected":false},"excerpt":{"rendered":"<p>Corn is one of the most important crops in the world. Therefore, from the beginning of planting to harvesting, it is inseparable from the relevant corn machinery. The hand corn planter to be introduced today is specially designed for corn sowing. Of course, it can also sow wheat, peanuts, beans, sorghum, rape, cotton, etc. This [&hellip;]<\/p>\n","protected":false},"author":1,"featured_media":2368,"parent":0,"template":"","tags":[],"product-type":[17],"class_list":["post-2333","product","type-product","status-publish","has-post-thumbnail","hentry","product-type-corn-machine"],"_links":{"self":[{"href":"https:\/\/taizyagromachine.com\/fr\/wp-json\/wp\/v2\/product\/2333","targetHints":{"allow":["GET"]}}],"collection":[{"href":"https:\/\/taizyagromachine.com\/fr\/wp-json\/wp\/v2\/product"}],"about":[{"href":"https:\/\/taizyagromachine.com\/fr\/wp-json\/wp\/v2\/types\/product"}],"author":[{"embeddable":true,"href":"https:\/\/taizyagromachine.com\/fr\/wp-json\/wp\/v2\/users\/1"}],"wp:featuredmedia":[{"embeddable":true,"href":"https:\/\/taizyagromachine.com\/fr\/wp-json\/wp\/v2\/media\/2368"}],"wp:attachment":[{"href":"https:\/\/taizyagromachine.com\/fr\/wp-json\/wp\/v2\/media?parent=2333"}],"wp:term":[{"taxonomy":"post_tag","embeddable":true,"href":"https:\/\/taizyagromachine.com\/fr\/wp-json\/wp\/v2\/tags?post=2333"},{"taxonomy":"product-type","embeddable":true,"href":"https:\/\/taizyagromachine.com\/fr\/wp-json\/wp\/v2\/product-type?post=2333"}],"curies":[{"name":"wp","href":"https:\/\/api.w.org\/{rel}","templated":true}]}}